{"id":27858,"date":"2023-09-12T14:32:06","date_gmt":"2023-09-12T12:32:06","guid":{"rendered":"https:\/\/www.schramas.com\/winkel\/malus-domestica-charles-ross-appel\/"},"modified":"2025-07-10T12:18:17","modified_gmt":"2025-07-10T10:18:17","slug":"malus-domestica-charles-ross-aeble","status":"publish","type":"product","link":"https:\/\/www.schramas.com\/dk\/butik\/malus-domestica-charles-ross-aeble\/","title":{"rendered":"Malus domestica 'Charles Ross' \u00e6ble"},"content":{"rendered":"<p>&#039;Charles Ross&#039; er en popul\u00e6r variant af \u00e6bletr\u00e6er, kendt for sine saftige, s\u00f8de og sure frugter. Denne kultivar producerer \u00e6bler med en r\u00f8d r\u00f8dme og en forfriskende smag. \u00c6blerne er velegnede til frisk brug og kan ogs\u00e5 bruges i forskellige retter. &#039;Charles Ross&#039; er et popul\u00e6rt valg blandt \u00e6bleavlere.<\/p>","protected":false},"excerpt":{"rendered":"<p>&#039;Charles Ross&#039; er en popul\u00e6r variant af \u00e6bletr\u00e6er, kendt for sine saftige, s\u00f8de og sure frugter. Denne kultivar producerer \u00e6bler med en r\u00f8d r\u00f8dme og en forfriskende smag. \u00c6blerne er velegnede til frisk brug og kan ogs\u00e5 bruges i forskellige retter. &#039;Charles Ross&#039; er et popul\u00e6rt valg blandt \u00e6bleavlere.<\/p>","protected":false},"featured_media":0,"template":"","meta":{"_joinchat":[]},"product_brand":[],"product_cat":[],"product_tag":[569,1125,1023,1128],"class_list":{"0":"post-27858","1":"product","2":"type-product","3":"status-publish","5":"product_tag-appel","6":"product_tag-rode-blos","7":"product_tag-sappig","8":"product_tag-zoetzure-smaak","10":"first","11":"outofstock","12":"taxable","13":"shipping-taxable","14":"purchasable","15":"product-type-simple"},"yoast_head":"<!-- This site is optimized with the Yoast SEO plugin v24.2 - https:\/\/yoast.com\/wordpress\/plugins\/seo\/ -->\n<title>Malus domestica &#039;Charles Ross&#039; Appel kopen | Planten eenvoudig online bestellen | Schramas.com<\/title>\n<meta name=\"robots\" content=\"index, follow, max-snippet:-1, max-image-preview:large, max-video-preview:-1\" \/>\n<link rel=\"canonical\" href=\"https:\/\/www.schramas.com\/dk\/butik\/malus-domestica-charles-ross-aeble\/\" \/>\n<meta property=\"og:locale\" content=\"da_DK\" \/>\n<meta property=\"og:type\" content=\"article\" \/>\n<meta property=\"og:title\" content=\"Malus domestica &#039;Charles Ross&#039; Appel kopen | Planten eenvoudig online bestellen | Schramas.com\" \/>\n<meta property=\"og:description\" content=\"&#8216;Charles Ross&#8217; is een populaire vari?teit van de appelboom, bekend om zijn sappige, zoetzure vruchten. Deze cultivar produceert appels met een rode blos en een verfrissende smaak. De appels zijn geschikt voor vers gebruik en kunnen ook worden verwerkt in diverse gerechten. &#8216;Charles Ross&#8217; is een geliefde keuze onder appelkwekers.\" \/>\n<meta property=\"og:url\" content=\"https:\/\/www.schramas.com\/dk\/butik\/malus-domestica-charles-ross-aeble\/\" \/>\n<meta property=\"og:site_name\" content=\"Planten eenvoudig online bestellen | Schramas.com\" \/>\n<meta property=\"article:publisher\" content=\"https:\/\/www.facebook.com\/Schramascom-106872874153195\/\" \/>\n<meta property=\"article:modified_time\" content=\"2025-07-10T10:18:17+00:00\" \/>\n<meta property=\"og:image\" content=\"https:\/\/www.schramas.com\/wp-content\/uploads\/2020\/11\/210913-Logo-ontwerp-versie-2-amazon-grijs.png\" \/>\n\t<meta property=\"og:image:width\" content=\"1446\" \/>\n\t<meta property=\"og:image:height\" content=\"700\" \/>\n\t<meta property=\"og:image:type\" content=\"image\/png\" \/>\n<meta name=\"twitter:card\" content=\"summary_large_image\" \/>\n<script type=\"application\/ld+json\" class=\"yoast-schema-graph\">{\"@context\":\"https:\/\/schema.org\",\"@graph\":[{\"@type\":[\"WebPage\",\"ItemPage\"],\"@id\":\"https:\/\/www.schramas.com\/winkel\/malus-domestica-charles-ross-appel\/\",\"url\":\"https:\/\/www.schramas.com\/winkel\/malus-domestica-charles-ross-appel\/\",\"name\":\"Malus domestica 'Charles Ross' Appel kopen | Planten eenvoudig online bestellen | Schramas.com\",\"isPartOf\":{\"@id\":\"https:\/\/www.schramas.com\/#website\"},\"datePublished\":\"2023-09-12T12:32:06+00:00\",\"dateModified\":\"2025-07-10T10:18:17+00:00\",\"breadcrumb\":{\"@id\":\"https:\/\/www.schramas.com\/winkel\/malus-domestica-charles-ross-appel\/#breadcrumb\"},\"inLanguage\":\"da-DK\",\"potentialAction\":[{\"@type\":\"ReadAction\",\"target\":[\"https:\/\/www.schramas.com\/winkel\/malus-domestica-charles-ross-appel\/\"]}]},{\"@type\":\"BreadcrumbList\",\"@id\":\"https:\/\/www.schramas.com\/winkel\/malus-domestica-charles-ross-appel\/#breadcrumb\",\"itemListElement\":[{\"@type\":\"ListItem\",\"position\":1,\"name\":\"Product\",\"item\":\"https:\/\/www.schramas.com\/assortiment\/\"},{\"@type\":\"ListItem\",\"position\":2,\"name\":\"Offerte aanvragen\",\"item\":\"https:\/\/www.schramas.com\/product-category\/offerte-aanvragen\/\"},{\"@type\":\"ListItem\",\"position\":3,\"name\":\"Malus domestica &#8216;Charles Ross&#8217; Appel\"}]},{\"@type\":\"WebSite\",\"@id\":\"https:\/\/www.schramas.com\/#website\",\"url\":\"https:\/\/www.schramas.com\/\",\"name\":\"Schramas.com | Tuinplanten eenvoudig online bestellen | Direct van onze Kwekerij\",\"description\":\"\",\"alternateName\":\"Schramas.com - Alle planten direct van de kweker\",\"potentialAction\":[{\"@type\":\"SearchAction\",\"target\":{\"@type\":\"EntryPoint\",\"urlTemplate\":\"https:\/\/www.schramas.com\/?s={search_term_string}\"},\"query-input\":{\"@type\":\"PropertyValueSpecification\",\"valueRequired\":true,\"valueName\":\"search_term_string\"}}],\"inLanguage\":\"da-DK\"}]}<\/script>\n<!-- \/ Yoast SEO plugin. -->","yoast_head_json":{"title":"K\u00f8b Malus domestica &#039;Charles Ross&#039; Apple | Bestil nemt planter online | Schramas.com","robots":{"index":"index","follow":"follow","max-snippet":"max-snippet:-1","max-image-preview":"max-image-preview:large","max-video-preview":"max-video-preview:-1"},"canonical":"https:\/\/www.schramas.com\/dk\/butik\/malus-domestica-charles-ross-aeble\/","og_locale":"da_DK","og_type":"article","og_title":"Malus domestica 'Charles Ross' Appel kopen | Planten eenvoudig online bestellen | Schramas.com","og_description":"&#8216;Charles Ross&#8217; is een populaire vari?teit van de appelboom, bekend om zijn sappige, zoetzure vruchten. Deze cultivar produceert appels met een rode blos en een verfrissende smaak. De appels zijn geschikt voor vers gebruik en kunnen ook worden verwerkt in diverse gerechten. &#8216;Charles Ross&#8217; is een geliefde keuze onder appelkwekers.","og_url":"https:\/\/www.schramas.com\/dk\/butik\/malus-domestica-charles-ross-aeble\/","og_site_name":"Planten eenvoudig online bestellen | Schramas.com","article_publisher":"https:\/\/www.facebook.com\/Schramascom-106872874153195\/","article_modified_time":"2025-07-10T10:18:17+00:00","og_image":[{"width":1446,"height":700,"url":"https:\/\/www.schramas.com\/wp-content\/uploads\/2020\/11\/210913-Logo-ontwerp-versie-2-amazon-grijs.png","type":"image\/png"}],"twitter_card":"summary_large_image","schema":{"@context":"https:\/\/schema.org","@graph":[{"@type":["WebPage","ItemPage"],"@id":"https:\/\/www.schramas.com\/winkel\/malus-domestica-charles-ross-appel\/","url":"https:\/\/www.schramas.com\/winkel\/malus-domestica-charles-ross-appel\/","name":"K\u00f8b Malus domestica &#039;Charles Ross&#039; Apple | Bestil nemt planter online | Schramas.com","isPartOf":{"@id":"https:\/\/www.schramas.com\/#website"},"datePublished":"2023-09-12T12:32:06+00:00","dateModified":"2025-07-10T10:18:17+00:00","breadcrumb":{"@id":"https:\/\/www.schramas.com\/winkel\/malus-domestica-charles-ross-appel\/#breadcrumb"},"inLanguage":"da-DK","potentialAction":[{"@type":"ReadAction","target":["https:\/\/www.schramas.com\/winkel\/malus-domestica-charles-ross-appel\/"]}]},{"@type":"BreadcrumbList","@id":"https:\/\/www.schramas.com\/winkel\/malus-domestica-charles-ross-appel\/#breadcrumb","itemListElement":[{"@type":"ListItem","position":1,"name":"Product","item":"https:\/\/www.schramas.com\/assortiment\/"},{"@type":"ListItem","position":2,"name":"Offerte aanvragen","item":"https:\/\/www.schramas.com\/product-category\/offerte-aanvragen\/"},{"@type":"ListItem","position":3,"name":"Malus domestica &#8216;Charles Ross&#8217; Appel"}]},{"@type":"WebSite","@id":"https:\/\/www.schramas.com\/#website","url":"https:\/\/www.schramas.com\/","name":"Schramas.com | Haveplanter bestilles nemt online | Direkte fra vores gartneri","description":"","alternateName":"Schramas.com - Alle planten direct van de kweker","potentialAction":[{"@type":"SearchAction","target":{"@type":"EntryPoint","urlTemplate":"https:\/\/www.schramas.com\/?s={search_term_string}"},"query-input":{"@type":"PropertyValueSpecification","valueRequired":true,"valueName":"search_term_string"}}],"inLanguage":"da-DK"}]}},"_links":{"self":[{"href":"https:\/\/www.schramas.com\/dk\/wp-json\/wp\/v2\/product\/27858","targetHints":{"allow":["GET"]}}],"collection":[{"href":"https:\/\/www.schramas.com\/dk\/wp-json\/wp\/v2\/product"}],"about":[{"href":"https:\/\/www.schramas.com\/dk\/wp-json\/wp\/v2\/types\/product"}],"version-history":[{"count":0,"href":"https:\/\/www.schramas.com\/dk\/wp-json\/wp\/v2\/product\/27858\/revisions"}],"wp:attachment":[{"href":"https:\/\/www.schramas.com\/dk\/wp-json\/wp\/v2\/media?parent=27858"}],"wp:term":[{"taxonomy":"product_brand","embeddable":true,"href":"https:\/\/www.schramas.com\/dk\/wp-json\/wp\/v2\/product_brand?post=27858"},{"taxonomy":"product_cat","embeddable":true,"href":"https:\/\/www.schramas.com\/dk\/wp-json\/wp\/v2\/product_cat?post=27858"},{"taxonomy":"product_tag","embeddable":true,"href":"https:\/\/www.schramas.com\/dk\/wp-json\/wp\/v2\/product_tag?post=27858"}],"curies":[{"name":"wp","href":"https:\/\/api.w.org\/{rel}","templated":true}]}}