{"id":27905,"date":"2023-09-12T14:32:14","date_gmt":"2023-09-12T12:32:14","guid":{"rendered":"https:\/\/www.schramas.com\/winkel\/prunus-armeniaca-antonio-errani-abrikoos\/"},"modified":"2025-07-10T12:18:24","modified_gmt":"2025-07-10T10:18:24","slug":"prunus-armeniaca-antonio-errani-abrikos","status":"publish","type":"product","link":"https:\/\/www.schramas.com\/dk\/butik\/prunus-armeniaca-antonio-errani-abrikos\/","title":{"rendered":"Prunus armeniaca 'Antonio errani' Abrikos"},"content":{"rendered":"<p>&#039;Antonio errani&#039; er en sort af abrikostr\u00e6et, kendt for sine s\u00f8de, saftige frugter og smukke blomster. Denne kultivar producerer mellemstore abrikoser med en orange-r\u00f8d farve. Abrikoserne er velegnede til frisk brug og kan bruges i syltet\u00f8j og desserter. &#039;Antonio errani&#039; tilf\u00f8jer b\u00e5de smag og sk\u00f8nhed til haven.<\/p>","protected":false},"excerpt":{"rendered":"<p>&#039;Antonio errani&#039; er en sort af abrikostr\u00e6et, kendt for sine s\u00f8de, saftige frugter og smukke blomster. Denne kultivar producerer mellemstore abrikoser med en orange-r\u00f8d farve. Abrikoserne er velegnede til frisk brug og kan bruges i syltet\u00f8j og desserter. &#039;Antonio errani&#039; tilf\u00f8jer b\u00e5de smag og sk\u00f8nhed til haven.<\/p>","protected":false},"featured_media":0,"template":"","meta":{"_joinchat":[]},"product_brand":[],"product_cat":[],"product_tag":[309,609,1023,328],"class_list":{"0":"post-27905","1":"product","2":"type-product","3":"status-publish","5":"product_tag-abrikoos","6":"product_tag-oranje-rood","7":"product_tag-sappig","8":"product_tag-zoet","10":"first","11":"outofstock","12":"taxable","13":"shipping-taxable","14":"purchasable","15":"product-type-simple"},"yoast_head":"<!-- This site is optimized with the Yoast SEO plugin v24.2 - https:\/\/yoast.com\/wordpress\/plugins\/seo\/ -->\n<title>Prunus armeniaca &#039;Antonio errani&#039; Abrikoos kopen | Planten eenvoudig online bestellen | Schramas.com<\/title>\n<meta name=\"robots\" content=\"index, follow, max-snippet:-1, max-image-preview:large, max-video-preview:-1\" \/>\n<link rel=\"canonical\" href=\"https:\/\/www.schramas.com\/dk\/butik\/prunus-armeniaca-antonio-errani-abrikos\/\" \/>\n<meta property=\"og:locale\" content=\"da_DK\" \/>\n<meta property=\"og:type\" content=\"article\" \/>\n<meta property=\"og:title\" content=\"Prunus armeniaca &#039;Antonio errani&#039; Abrikoos kopen | Planten eenvoudig online bestellen | Schramas.com\" \/>\n<meta property=\"og:description\" content=\"&#8216;Antonio errani&#8217; is een vari?teit van de abrikozenboom, bekend om zijn zoete, sappige vruchten en prachtige bloesems. Deze cultivar produceert middelgrote abrikozen met een oranje-rode kleur. De abrikozen zijn geschikt voor vers gebruik en kunnen worden verwerkt in jams en desserts. &#8216;Antonio errani&#8217; voegt zowel smaak als schoonheid toe aan de tuin.\" \/>\n<meta property=\"og:url\" content=\"https:\/\/www.schramas.com\/dk\/butik\/prunus-armeniaca-antonio-errani-abrikos\/\" \/>\n<meta property=\"og:site_name\" content=\"Planten eenvoudig online bestellen | Schramas.com\" \/>\n<meta property=\"article:publisher\" content=\"https:\/\/www.facebook.com\/Schramascom-106872874153195\/\" \/>\n<meta property=\"article:modified_time\" content=\"2025-07-10T10:18:24+00:00\" \/>\n<meta property=\"og:image\" content=\"https:\/\/www.schramas.com\/wp-content\/uploads\/2020\/11\/210913-Logo-ontwerp-versie-2-amazon-grijs.png\" \/>\n\t<meta property=\"og:image:width\" content=\"1446\" \/>\n\t<meta property=\"og:image:height\" content=\"700\" \/>\n\t<meta property=\"og:image:type\" content=\"image\/png\" \/>\n<meta name=\"twitter:card\" content=\"summary_large_image\" \/>\n<script type=\"application\/ld+json\" class=\"yoast-schema-graph\">{\"@context\":\"https:\/\/schema.org\",\"@graph\":[{\"@type\":[\"WebPage\",\"ItemPage\"],\"@id\":\"https:\/\/www.schramas.com\/de\/shop\/prunus-armeniaca-antonio-errani-aprikose\/\",\"url\":\"https:\/\/www.schramas.com\/de\/shop\/prunus-armeniaca-antonio-errani-aprikose\/\",\"name\":\"Prunus armeniaca 'Antonio errani' Abrikoos kopen | Planten eenvoudig online bestellen | Schramas.com\",\"isPartOf\":{\"@id\":\"https:\/\/www.schramas.com\/#website\"},\"datePublished\":\"2023-09-12T12:32:14+00:00\",\"dateModified\":\"2025-07-10T10:18:24+00:00\",\"breadcrumb\":{\"@id\":\"https:\/\/www.schramas.com\/de\/shop\/prunus-armeniaca-antonio-errani-aprikose\/#breadcrumb\"},\"inLanguage\":\"da-DK\",\"potentialAction\":[{\"@type\":\"ReadAction\",\"target\":[\"https:\/\/www.schramas.com\/de\/shop\/prunus-armeniaca-antonio-errani-aprikose\/\"]}]},{\"@type\":\"BreadcrumbList\",\"@id\":\"https:\/\/www.schramas.com\/de\/shop\/prunus-armeniaca-antonio-errani-aprikose\/#breadcrumb\",\"itemListElement\":[{\"@type\":\"ListItem\",\"position\":1,\"name\":\"Product\",\"item\":\"https:\/\/www.schramas.com\/assortiment\/\"},{\"@type\":\"ListItem\",\"position\":2,\"name\":\"Prunus armeniaca &#8216;Antonio errani&#8217; Abrikoos\"}]},{\"@type\":\"WebSite\",\"@id\":\"https:\/\/www.schramas.com\/#website\",\"url\":\"https:\/\/www.schramas.com\/\",\"name\":\"Schramas.com | Tuinplanten eenvoudig online bestellen | Direct van onze Kwekerij\",\"description\":\"\",\"alternateName\":\"Schramas.com - Alle planten direct van de kweker\",\"potentialAction\":[{\"@type\":\"SearchAction\",\"target\":{\"@type\":\"EntryPoint\",\"urlTemplate\":\"https:\/\/www.schramas.com\/?s={search_term_string}\"},\"query-input\":{\"@type\":\"PropertyValueSpecification\",\"valueRequired\":true,\"valueName\":\"search_term_string\"}}],\"inLanguage\":\"da-DK\"}]}<\/script>\n<!-- \/ Yoast SEO plugin. -->","yoast_head_json":{"title":"Prunus Armeniaca &#039;Antonio errani&#039; K\u00f8b Abrikos | Bestil nemt planter online | Schramas.com","robots":{"index":"index","follow":"follow","max-snippet":"max-snippet:-1","max-image-preview":"max-image-preview:large","max-video-preview":"max-video-preview:-1"},"canonical":"https:\/\/www.schramas.com\/dk\/butik\/prunus-armeniaca-antonio-errani-abrikos\/","og_locale":"da_DK","og_type":"article","og_title":"Prunus armeniaca 'Antonio errani' Abrikoos kopen | Planten eenvoudig online bestellen | Schramas.com","og_description":"&#8216;Antonio errani&#8217; is een vari?teit van de abrikozenboom, bekend om zijn zoete, sappige vruchten en prachtige bloesems. Deze cultivar produceert middelgrote abrikozen met een oranje-rode kleur. De abrikozen zijn geschikt voor vers gebruik en kunnen worden verwerkt in jams en desserts. &#8216;Antonio errani&#8217; voegt zowel smaak als schoonheid toe aan de tuin.","og_url":"https:\/\/www.schramas.com\/dk\/butik\/prunus-armeniaca-antonio-errani-abrikos\/","og_site_name":"Planten eenvoudig online bestellen | Schramas.com","article_publisher":"https:\/\/www.facebook.com\/Schramascom-106872874153195\/","article_modified_time":"2025-07-10T10:18:24+00:00","og_image":[{"width":1446,"height":700,"url":"https:\/\/www.schramas.com\/wp-content\/uploads\/2020\/11\/210913-Logo-ontwerp-versie-2-amazon-grijs.png","type":"image\/png"}],"twitter_card":"summary_large_image","schema":{"@context":"https:\/\/schema.org","@graph":[{"@type":["WebPage","ItemPage"],"@id":"https:\/\/www.schramas.com\/de\/shop\/prunus-armeniaca-antonio-errani-aprikose\/","url":"https:\/\/www.schramas.com\/de\/shop\/prunus-armeniaca-antonio-errani-aprikose\/","name":"Prunus Armeniaca &#039;Antonio errani&#039; K\u00f8b Abrikos | Bestil nemt planter online | Schramas.com","isPartOf":{"@id":"https:\/\/www.schramas.com\/#website"},"datePublished":"2023-09-12T12:32:14+00:00","dateModified":"2025-07-10T10:18:24+00:00","breadcrumb":{"@id":"https:\/\/www.schramas.com\/de\/shop\/prunus-armeniaca-antonio-errani-aprikose\/#breadcrumb"},"inLanguage":"da-DK","potentialAction":[{"@type":"ReadAction","target":["https:\/\/www.schramas.com\/de\/shop\/prunus-armeniaca-antonio-errani-aprikose\/"]}]},{"@type":"BreadcrumbList","@id":"https:\/\/www.schramas.com\/de\/shop\/prunus-armeniaca-antonio-errani-aprikose\/#breadcrumb","itemListElement":[{"@type":"ListItem","position":1,"name":"Product","item":"https:\/\/www.schramas.com\/assortiment\/"},{"@type":"ListItem","position":2,"name":"Prunus armeniaca &#8216;Antonio errani&#8217; Abrikoos"}]},{"@type":"WebSite","@id":"https:\/\/www.schramas.com\/#website","url":"https:\/\/www.schramas.com\/","name":"Schramas.com | Haveplanter bestilles nemt online | Direkte fra vores gartneri","description":"","alternateName":"Schramas.com - Alle planten direct van de kweker","potentialAction":[{"@type":"SearchAction","target":{"@type":"EntryPoint","urlTemplate":"https:\/\/www.schramas.com\/?s={search_term_string}"},"query-input":{"@type":"PropertyValueSpecification","valueRequired":true,"valueName":"search_term_string"}}],"inLanguage":"da-DK"}]}},"_links":{"self":[{"href":"https:\/\/www.schramas.com\/dk\/wp-json\/wp\/v2\/product\/27905","targetHints":{"allow":["GET"]}}],"collection":[{"href":"https:\/\/www.schramas.com\/dk\/wp-json\/wp\/v2\/product"}],"about":[{"href":"https:\/\/www.schramas.com\/dk\/wp-json\/wp\/v2\/types\/product"}],"version-history":[{"count":0,"href":"https:\/\/www.schramas.com\/dk\/wp-json\/wp\/v2\/product\/27905\/revisions"}],"wp:attachment":[{"href":"https:\/\/www.schramas.com\/dk\/wp-json\/wp\/v2\/media?parent=27905"}],"wp:term":[{"taxonomy":"product_brand","embeddable":true,"href":"https:\/\/www.schramas.com\/dk\/wp-json\/wp\/v2\/product_brand?post=27905"},{"taxonomy":"product_cat","embeddable":true,"href":"https:\/\/www.schramas.com\/dk\/wp-json\/wp\/v2\/product_cat?post=27905"},{"taxonomy":"product_tag","embeddable":true,"href":"https:\/\/www.schramas.com\/dk\/wp-json\/wp\/v2\/product_tag?post=27905"}],"curies":[{"name":"wp","href":"https:\/\/api.w.org\/{rel}","templated":true}]}}