{"id":27966,"date":"2023-09-12T14:32:25","date_gmt":"2023-09-12T12:32:25","guid":{"rendered":"https:\/\/www.schramas.com\/winkel\/rubus-phoenicolasius\/"},"modified":"2025-07-10T12:18:35","modified_gmt":"2025-07-10T10:18:35","slug":"rubus-phoenicolasius","status":"publish","type":"product","link":"https:\/\/www.schramas.com\/dk\/butik\/rubus-phoenicolasius\/","title":{"rendered":"Rubus phoenicolasius (japansk vinb\u00e6r)"},"content":{"rendered":"<p>Den japanske vinb\u00e6r er en busk kendt for sine s\u00f8de og sure, r\u00f8de frugter, der let frig\u00f8res fra busken. De er velegnede til frisk brug og kan bruges i syltet\u00f8j og desserter. Den japanske vinb\u00e6r tilf\u00f8jer en eksotisk smag til haven.<\/p>","protected":false},"excerpt":{"rendered":"<p>Den japanske vinb\u00e6r er en busk kendt for sine s\u00f8de og sure, r\u00f8de frugter, der let frig\u00f8res fra busken. De er velegnede til frisk brug og kan bruges i syltet\u00f8j og desserter. Den japanske vinb\u00e6r tilf\u00f8jer en eksotisk smag til haven.<\/p>","protected":false},"featured_media":0,"template":"","meta":{"_joinchat":[]},"product_brand":[],"product_cat":[],"product_tag":[1196,1195,1193,1194],"class_list":{"0":"post-27966","1":"product","2":"type-product","3":"status-publish","5":"product_tag-exotische-smaak","6":"product_tag-gemakkelijk-te-plukken","7":"product_tag-japanse-wijnbes","8":"product_tag-zoetzure-vruchten","10":"first","11":"outofstock","12":"taxable","13":"shipping-taxable","14":"purchasable","15":"product-type-simple"},"yoast_head":"<!-- This site is optimized with the Yoast SEO plugin v24.2 - https:\/\/yoast.com\/wordpress\/plugins\/seo\/ -->\n<title>Rubus phoenicolasius (Japanse Wijnbes) kopen | Planten eenvoudig online bestellen | Schramas.com<\/title>\n<meta name=\"robots\" content=\"index, follow, max-snippet:-1, max-image-preview:large, max-video-preview:-1\" \/>\n<link rel=\"canonical\" href=\"https:\/\/www.schramas.com\/dk\/butik\/rubus-phoenicolasius\/\" \/>\n<meta property=\"og:locale\" content=\"da_DK\" \/>\n<meta property=\"og:type\" content=\"article\" \/>\n<meta property=\"og:title\" content=\"Rubus phoenicolasius (Japanse Wijnbes) kopen | Planten eenvoudig online bestellen | Schramas.com\" \/>\n<meta property=\"og:description\" content=\"De Japanse Wijnbes is een struik die bekend staat om zijn zoetzure, rode vruchten die gemakkelijk van de struik loslaten. Ze zijn geschikt voor vers gebruik en kunnen worden verwerkt in jams en desserts. De Japanse Wijnbes voegt een exotische smaak toe aan de tuin.\" \/>\n<meta property=\"og:url\" content=\"https:\/\/www.schramas.com\/dk\/butik\/rubus-phoenicolasius\/\" \/>\n<meta property=\"og:site_name\" content=\"Planten eenvoudig online bestellen | Schramas.com\" \/>\n<meta property=\"article:publisher\" content=\"https:\/\/www.facebook.com\/Schramascom-106872874153195\/\" \/>\n<meta property=\"article:modified_time\" content=\"2025-07-10T10:18:35+00:00\" \/>\n<meta property=\"og:image\" content=\"https:\/\/www.schramas.com\/wp-content\/uploads\/2020\/11\/210913-Logo-ontwerp-versie-2-amazon-grijs.png\" \/>\n\t<meta property=\"og:image:width\" content=\"1446\" \/>\n\t<meta property=\"og:image:height\" content=\"700\" \/>\n\t<meta property=\"og:image:type\" content=\"image\/png\" \/>\n<meta name=\"twitter:card\" content=\"summary_large_image\" \/>\n<script type=\"application\/ld+json\" class=\"yoast-schema-graph\">{\"@context\":\"https:\/\/schema.org\",\"@graph\":[{\"@type\":[\"WebPage\",\"ItemPage\"],\"@id\":\"https:\/\/www.schramas.com\/winkel\/rubus-phoenicolasius\/\",\"url\":\"https:\/\/www.schramas.com\/winkel\/rubus-phoenicolasius\/\",\"name\":\"Rubus phoenicolasius (Japanse Wijnbes) kopen | Planten eenvoudig online bestellen | Schramas.com\",\"isPartOf\":{\"@id\":\"https:\/\/www.schramas.com\/#website\"},\"datePublished\":\"2023-09-12T12:32:25+00:00\",\"dateModified\":\"2025-07-10T10:18:35+00:00\",\"breadcrumb\":{\"@id\":\"https:\/\/www.schramas.com\/winkel\/rubus-phoenicolasius\/#breadcrumb\"},\"inLanguage\":\"da-DK\",\"potentialAction\":[{\"@type\":\"ReadAction\",\"target\":[\"https:\/\/www.schramas.com\/winkel\/rubus-phoenicolasius\/\"]}]},{\"@type\":\"BreadcrumbList\",\"@id\":\"https:\/\/www.schramas.com\/winkel\/rubus-phoenicolasius\/#breadcrumb\",\"itemListElement\":[{\"@type\":\"ListItem\",\"position\":1,\"name\":\"Product\",\"item\":\"https:\/\/www.schramas.com\/assortiment\/\"},{\"@type\":\"ListItem\",\"position\":2,\"name\":\"Rubus phoenicolasius (Japanse Wijnbes)\"}]},{\"@type\":\"WebSite\",\"@id\":\"https:\/\/www.schramas.com\/#website\",\"url\":\"https:\/\/www.schramas.com\/\",\"name\":\"Schramas.com | Tuinplanten eenvoudig online bestellen | Direct van onze Kwekerij\",\"description\":\"\",\"alternateName\":\"Schramas.com - Alle planten direct van de kweker\",\"potentialAction\":[{\"@type\":\"SearchAction\",\"target\":{\"@type\":\"EntryPoint\",\"urlTemplate\":\"https:\/\/www.schramas.com\/?s={search_term_string}\"},\"query-input\":{\"@type\":\"PropertyValueSpecification\",\"valueRequired\":true,\"valueName\":\"search_term_string\"}}],\"inLanguage\":\"da-DK\"}]}<\/script>\n<!-- \/ Yoast SEO plugin. -->","yoast_head_json":{"title":"K\u00f8b Rubus phoenicolasius (japansk vinb\u00e6r) | Bestil nemt planter online | Schramas.com","robots":{"index":"index","follow":"follow","max-snippet":"max-snippet:-1","max-image-preview":"max-image-preview:large","max-video-preview":"max-video-preview:-1"},"canonical":"https:\/\/www.schramas.com\/dk\/butik\/rubus-phoenicolasius\/","og_locale":"da_DK","og_type":"article","og_title":"Rubus phoenicolasius (Japanse Wijnbes) kopen | Planten eenvoudig online bestellen | Schramas.com","og_description":"De Japanse Wijnbes is een struik die bekend staat om zijn zoetzure, rode vruchten die gemakkelijk van de struik loslaten. Ze zijn geschikt voor vers gebruik en kunnen worden verwerkt in jams en desserts. De Japanse Wijnbes voegt een exotische smaak toe aan de tuin.","og_url":"https:\/\/www.schramas.com\/dk\/butik\/rubus-phoenicolasius\/","og_site_name":"Planten eenvoudig online bestellen | Schramas.com","article_publisher":"https:\/\/www.facebook.com\/Schramascom-106872874153195\/","article_modified_time":"2025-07-10T10:18:35+00:00","og_image":[{"width":1446,"height":700,"url":"https:\/\/www.schramas.com\/wp-content\/uploads\/2020\/11\/210913-Logo-ontwerp-versie-2-amazon-grijs.png","type":"image\/png"}],"twitter_card":"summary_large_image","schema":{"@context":"https:\/\/schema.org","@graph":[{"@type":["WebPage","ItemPage"],"@id":"https:\/\/www.schramas.com\/winkel\/rubus-phoenicolasius\/","url":"https:\/\/www.schramas.com\/winkel\/rubus-phoenicolasius\/","name":"K\u00f8b Rubus phoenicolasius (japansk vinb\u00e6r) | Bestil nemt planter online | Schramas.com","isPartOf":{"@id":"https:\/\/www.schramas.com\/#website"},"datePublished":"2023-09-12T12:32:25+00:00","dateModified":"2025-07-10T10:18:35+00:00","breadcrumb":{"@id":"https:\/\/www.schramas.com\/winkel\/rubus-phoenicolasius\/#breadcrumb"},"inLanguage":"da-DK","potentialAction":[{"@type":"ReadAction","target":["https:\/\/www.schramas.com\/winkel\/rubus-phoenicolasius\/"]}]},{"@type":"BreadcrumbList","@id":"https:\/\/www.schramas.com\/winkel\/rubus-phoenicolasius\/#breadcrumb","itemListElement":[{"@type":"ListItem","position":1,"name":"Product","item":"https:\/\/www.schramas.com\/assortiment\/"},{"@type":"ListItem","position":2,"name":"Rubus phoenicolasius (Japanse Wijnbes)"}]},{"@type":"WebSite","@id":"https:\/\/www.schramas.com\/#website","url":"https:\/\/www.schramas.com\/","name":"Schramas.com | Haveplanter bestilles nemt online | Direkte fra vores gartneri","description":"","alternateName":"Schramas.com - Alle planten direct van de kweker","potentialAction":[{"@type":"SearchAction","target":{"@type":"EntryPoint","urlTemplate":"https:\/\/www.schramas.com\/?s={search_term_string}"},"query-input":{"@type":"PropertyValueSpecification","valueRequired":true,"valueName":"search_term_string"}}],"inLanguage":"da-DK"}]}},"_links":{"self":[{"href":"https:\/\/www.schramas.com\/dk\/wp-json\/wp\/v2\/product\/27966","targetHints":{"allow":["GET"]}}],"collection":[{"href":"https:\/\/www.schramas.com\/dk\/wp-json\/wp\/v2\/product"}],"about":[{"href":"https:\/\/www.schramas.com\/dk\/wp-json\/wp\/v2\/types\/product"}],"version-history":[{"count":0,"href":"https:\/\/www.schramas.com\/dk\/wp-json\/wp\/v2\/product\/27966\/revisions"}],"wp:attachment":[{"href":"https:\/\/www.schramas.com\/dk\/wp-json\/wp\/v2\/media?parent=27966"}],"wp:term":[{"taxonomy":"product_brand","embeddable":true,"href":"https:\/\/www.schramas.com\/dk\/wp-json\/wp\/v2\/product_brand?post=27966"},{"taxonomy":"product_cat","embeddable":true,"href":"https:\/\/www.schramas.com\/dk\/wp-json\/wp\/v2\/product_cat?post=27966"},{"taxonomy":"product_tag","embeddable":true,"href":"https:\/\/www.schramas.com\/dk\/wp-json\/wp\/v2\/product_tag?post=27966"}],"curies":[{"name":"wp","href":"https:\/\/api.w.org\/{rel}","templated":true}]}}