{"id":28529,"date":"2023-09-26T15:03:27","date_gmt":"2023-09-26T13:03:27","guid":{"rendered":"https:\/\/www.schramas.com\/?post_type=product&#038;p=28529"},"modified":"2026-04-29T18:46:02","modified_gmt":"2026-04-29T16:46:02","slug":"rhododendron-catawbiense-grandiflorum-lyserode-blomster-hojde-40-50-cm-15-liter-potte","status":"publish","type":"product","link":"https:\/\/www.schramas.com\/dk\/butik\/rhododendron-catawbiense-grandiflorum-lyserode-blomster-hojde-40-50-cm-15-liter-potte\/","title":{"rendered":"Rhododendron 'Catawbiense Grandiflorum' Pink blomster - H\u00f8jde 60 cm - 1,5 liter potte"},"content":{"rendered":"<p>Denne stedsegr\u00f8nne sk\u00f8nhed, Rhododendron &#039;Catawbiense Grandiflorum&#039;, tilf\u00f8jer alsidig sk\u00f8nhed til din have. Med en h\u00f8jde og bredde p\u00e5 op til 2 meter giver den en robust tilf\u00f8jelse til dit udend\u00f8rsrum.<\/p>\n<p>Blomstringsperioden i maj til begyndelsen af juni fortryller med en overflod af syrenfarvede blomster, der pryder haven. Denne Rhododendron trives bedst i halvskygge til solrige steder og f\u00f8ler sig hjemme langs skovbryn. Den opn\u00e5r sine bedste blomstringsresultater i humusrig, sur (skov)jord.<\/p>\n<p>Vedligeholdelse er enkel: Besk\u00e6ring er sj\u00e6ldent n\u00f8dvendig, blot fjernelse af brugte blomster for at bevare plantens energi. Hvis det bliver for stort, kan du besk\u00e6re tilbage til det gamle tr\u00e6. Forvent ikke blomster det f\u00f8rste \u00e5r, men derefter vil Rhododendronen blomstre voldsomt igen.<\/p>","protected":false},"excerpt":{"rendered":"<p>Rhododendron &#039;Catawbiense Grandiflorum&#039; Pink<\/p>\n<p>Velegnet til b\u00e5de terrasse og \u00e5bent terr\u00e6n.<\/p>\n<p>Blomsterstand: Lyser\u00f8de blomstersk\u00e6rme<\/p>\n<p>Blomstringstid: Maj-juni<\/p>\n<p>Leveringsh\u00f8jde inkl. potte: 40+ cm<\/p>\n<p>Maks. h\u00f8jde: ca. 150 cm<\/p>","protected":false},"featured_media":28532,"template":"","meta":{"_joinchat":[]},"product_brand":[],"product_cat":[262,303,300,229,305],"product_tag":[499,1043,1041,536,495,1044,351,1042],"class_list":{"0":"post-28529","1":"product","2":"type-product","3":"status-publish","4":"has-post-thumbnail","6":"product_cat-bomen-struiken","7":"product_cat-groenblijvende-heesters","8":"product_cat-heesters","9":"product_cat-sierheesters","10":"product_cat-planten-heesters","11":"product_tag-groenblijvend","12":"product_tag-heidefamillie","13":"product_tag-rhododendron","14":"product_tag-roze","15":"product_tag-sierheester","16":"product_tag-wintergroen","17":"product_tag-winterhard","18":"product_tag-zure-grond","19":"pa_bloeimaanden-april","20":"pa_bloeimaanden-mei","21":"pa_ewd_uwcf_colors-groen-2","22":"pa_ewd_uwcf_colors-roze","23":"pa_ewd_uwcf_colors-wit","24":"pa_groeihoogte-150-200-cm","25":"pa_pot-zonder-pot","27":"first","28":"instock","29":"taxable","30":"shipping-taxable","31":"purchasable","32":"product-type-simple"},"yoast_head":"<!-- This site is optimized with the Yoast SEO plugin v24.2 - https:\/\/yoast.com\/wordpress\/plugins\/seo\/ -->\n<title>Rhododendron &#039;Catawbiense Grandiflorum&#039; Roze bloemen - Hoogte 60cm - 1,5 liter pot kopen | Planten eenvoudig online bestellen | Schramas.com<\/title>\n<meta name=\"robots\" content=\"index, follow, max-snippet:-1, max-image-preview:large, max-video-preview:-1\" \/>\n<link rel=\"canonical\" href=\"https:\/\/www.schramas.com\/dk\/butik\/rhododendron-catawbiense-grandiflorum-lyserode-blomster-hojde-40-50-cm-15-liter-potte\/\" \/>\n<meta property=\"og:locale\" content=\"da_DK\" \/>\n<meta property=\"og:type\" content=\"article\" \/>\n<meta property=\"og:title\" content=\"Rhododendron &#039;Catawbiense Grandiflorum&#039; Roze bloemen - Hoogte 60cm - 1,5 liter pot kopen | Planten eenvoudig online bestellen | Schramas.com\" \/>\n<meta property=\"og:description\" content=\"Rhododendron &#039;Catawbiense Grandiflorum&#039; Roze  Geschikt voor zowel patio als volle grond.  Bloeiwijze: Roze bloemtuilen  Bloeitijd: mei-juni  Leverhoogte incl. pot: 40+ cm  Max. hoogte: circa 150 cm\" \/>\n<meta property=\"og:url\" content=\"https:\/\/www.schramas.com\/dk\/butik\/rhododendron-catawbiense-grandiflorum-lyserode-blomster-hojde-40-50-cm-15-liter-potte\/\" \/>\n<meta property=\"og:site_name\" content=\"Planten eenvoudig online bestellen | Schramas.com\" \/>\n<meta property=\"article:publisher\" content=\"https:\/\/www.facebook.com\/Schramascom-106872874153195\/\" \/>\n<meta property=\"article:modified_time\" content=\"2026-04-29T16:46:02+00:00\" \/>\n<meta property=\"og:image\" content=\"http:\/\/www.schramas.com\/wp-content\/uploads\/2023\/09\/Rhododendron-Catawbiense-Grandiflorum-sfeer.jpg\" \/>\n\t<meta property=\"og:image:width\" content=\"1600\" \/>\n\t<meta property=\"og:image:height\" content=\"1600\" \/>\n\t<meta property=\"og:image:type\" content=\"image\/jpeg\" \/>\n<meta name=\"twitter:card\" content=\"summary_large_image\" \/>\n<meta name=\"twitter:label1\" content=\"Estimeret l\u00e6setid\" \/>\n\t<meta name=\"twitter:data1\" content=\"1 minut\" \/>\n<script type=\"application\/ld+json\" class=\"yoast-schema-graph\">{\"@context\":\"https:\/\/schema.org\",\"@graph\":[{\"@type\":[\"WebPage\",\"ItemPage\"],\"@id\":\"https:\/\/www.schramas.com\/winkel\/rhododendron-catawbiense-grandiflorum-roze-bloemen-hoogte-40-50cm-15-liter-pot\/\",\"url\":\"https:\/\/www.schramas.com\/winkel\/rhododendron-catawbiense-grandiflorum-roze-bloemen-hoogte-40-50cm-15-liter-pot\/\",\"name\":\"Rhododendron 'Catawbiense Grandiflorum' Roze bloemen - Hoogte 60cm - 1,5 liter pot kopen | Planten eenvoudig online bestellen | Schramas.com\",\"isPartOf\":{\"@id\":\"https:\/\/www.schramas.com\/#website\"},\"primaryImageOfPage\":{\"@id\":\"https:\/\/www.schramas.com\/winkel\/rhododendron-catawbiense-grandiflorum-roze-bloemen-hoogte-40-50cm-15-liter-pot\/#primaryimage\"},\"image\":{\"@id\":\"https:\/\/www.schramas.com\/winkel\/rhododendron-catawbiense-grandiflorum-roze-bloemen-hoogte-40-50cm-15-liter-pot\/#primaryimage\"},\"thumbnailUrl\":\"https:\/\/www.schramas.com\/wp-content\/uploads\/2023\/09\/Rhododendron-Catawbiense-Grandiflorum-sfeer.jpg\",\"datePublished\":\"2023-09-26T13:03:27+00:00\",\"dateModified\":\"2026-04-29T16:46:02+00:00\",\"breadcrumb\":{\"@id\":\"https:\/\/www.schramas.com\/winkel\/rhododendron-catawbiense-grandiflorum-roze-bloemen-hoogte-40-50cm-15-liter-pot\/#breadcrumb\"},\"inLanguage\":\"da-DK\",\"potentialAction\":[{\"@type\":\"ReadAction\",\"target\":[\"https:\/\/www.schramas.com\/winkel\/rhododendron-catawbiense-grandiflorum-roze-bloemen-hoogte-40-50cm-15-liter-pot\/\"]}]},{\"@type\":\"ImageObject\",\"inLanguage\":\"da-DK\",\"@id\":\"https:\/\/www.schramas.com\/winkel\/rhododendron-catawbiense-grandiflorum-roze-bloemen-hoogte-40-50cm-15-liter-pot\/#primaryimage\",\"url\":\"https:\/\/www.schramas.com\/wp-content\/uploads\/2023\/09\/Rhododendron-Catawbiense-Grandiflorum-sfeer.jpg\",\"contentUrl\":\"https:\/\/www.schramas.com\/wp-content\/uploads\/2023\/09\/Rhododendron-Catawbiense-Grandiflorum-sfeer.jpg\",\"width\":1600,\"height\":1600},{\"@type\":\"BreadcrumbList\",\"@id\":\"https:\/\/www.schramas.com\/winkel\/rhododendron-catawbiense-grandiflorum-roze-bloemen-hoogte-40-50cm-15-liter-pot\/#breadcrumb\",\"itemListElement\":[{\"@type\":\"ListItem\",\"position\":1,\"name\":\"Product\",\"item\":\"https:\/\/www.schramas.com\/assortiment\/\"},{\"@type\":\"ListItem\",\"position\":2,\"name\":\"Bomen &amp; Struiken\",\"item\":\"https:\/\/www.schramas.com\/product-category\/bomen-struiken\/\"},{\"@type\":\"ListItem\",\"position\":3,\"name\":\"Rhododendron &#8216;Catawbiense Grandiflorum&#8217; Roze bloemen &#8211; Hoogte 60cm &#8211; 1,5 liter pot\"}]},{\"@type\":\"WebSite\",\"@id\":\"https:\/\/www.schramas.com\/#website\",\"url\":\"https:\/\/www.schramas.com\/\",\"name\":\"Schramas.com | Tuinplanten eenvoudig online bestellen | Direct van onze Kwekerij\",\"description\":\"\",\"alternateName\":\"Schramas.com - Alle planten direct van de kweker\",\"potentialAction\":[{\"@type\":\"SearchAction\",\"target\":{\"@type\":\"EntryPoint\",\"urlTemplate\":\"https:\/\/www.schramas.com\/?s={search_term_string}\"},\"query-input\":{\"@type\":\"PropertyValueSpecification\",\"valueRequired\":true,\"valueName\":\"search_term_string\"}}],\"inLanguage\":\"da-DK\"}]}<\/script>\n<!-- \/ Yoast SEO plugin. -->","yoast_head_json":{"title":"K\u00f8b Rhododendron &#039;Catawbiense Grandiflorum&#039; Pink blomster - H\u00f8jde 60cm - 1,5 liter potte | Bestil nemt planter online | Schramas.com","robots":{"index":"index","follow":"follow","max-snippet":"max-snippet:-1","max-image-preview":"max-image-preview:large","max-video-preview":"max-video-preview:-1"},"canonical":"https:\/\/www.schramas.com\/dk\/butik\/rhododendron-catawbiense-grandiflorum-lyserode-blomster-hojde-40-50-cm-15-liter-potte\/","og_locale":"da_DK","og_type":"article","og_title":"Rhododendron 'Catawbiense Grandiflorum' Roze bloemen - Hoogte 60cm - 1,5 liter pot kopen | Planten eenvoudig online bestellen | Schramas.com","og_description":"Rhododendron 'Catawbiense Grandiflorum' Roze  Geschikt voor zowel patio als volle grond.  Bloeiwijze: Roze bloemtuilen  Bloeitijd: mei-juni  Leverhoogte incl. pot: 40+ cm  Max. hoogte: circa 150 cm","og_url":"https:\/\/www.schramas.com\/dk\/butik\/rhododendron-catawbiense-grandiflorum-lyserode-blomster-hojde-40-50-cm-15-liter-potte\/","og_site_name":"Planten eenvoudig online bestellen | Schramas.com","article_publisher":"https:\/\/www.facebook.com\/Schramascom-106872874153195\/","article_modified_time":"2026-04-29T16:46:02+00:00","og_image":[{"width":1600,"height":1600,"url":"http:\/\/www.schramas.com\/wp-content\/uploads\/2023\/09\/Rhododendron-Catawbiense-Grandiflorum-sfeer.jpg","type":"image\/jpeg"}],"twitter_card":"summary_large_image","twitter_misc":{"Estimeret l\u00e6setid":"1 minut"},"schema":{"@context":"https:\/\/schema.org","@graph":[{"@type":["WebPage","ItemPage"],"@id":"https:\/\/www.schramas.com\/winkel\/rhododendron-catawbiense-grandiflorum-roze-bloemen-hoogte-40-50cm-15-liter-pot\/","url":"https:\/\/www.schramas.com\/winkel\/rhododendron-catawbiense-grandiflorum-roze-bloemen-hoogte-40-50cm-15-liter-pot\/","name":"K\u00f8b Rhododendron &#039;Catawbiense Grandiflorum&#039; Pink blomster - H\u00f8jde 60cm - 1,5 liter potte | Bestil nemt planter online | Schramas.com","isPartOf":{"@id":"https:\/\/www.schramas.com\/#website"},"primaryImageOfPage":{"@id":"https:\/\/www.schramas.com\/winkel\/rhododendron-catawbiense-grandiflorum-roze-bloemen-hoogte-40-50cm-15-liter-pot\/#primaryimage"},"image":{"@id":"https:\/\/www.schramas.com\/winkel\/rhododendron-catawbiense-grandiflorum-roze-bloemen-hoogte-40-50cm-15-liter-pot\/#primaryimage"},"thumbnailUrl":"https:\/\/www.schramas.com\/wp-content\/uploads\/2023\/09\/Rhododendron-Catawbiense-Grandiflorum-sfeer.jpg","datePublished":"2023-09-26T13:03:27+00:00","dateModified":"2026-04-29T16:46:02+00:00","breadcrumb":{"@id":"https:\/\/www.schramas.com\/winkel\/rhododendron-catawbiense-grandiflorum-roze-bloemen-hoogte-40-50cm-15-liter-pot\/#breadcrumb"},"inLanguage":"da-DK","potentialAction":[{"@type":"ReadAction","target":["https:\/\/www.schramas.com\/winkel\/rhododendron-catawbiense-grandiflorum-roze-bloemen-hoogte-40-50cm-15-liter-pot\/"]}]},{"@type":"ImageObject","inLanguage":"da-DK","@id":"https:\/\/www.schramas.com\/winkel\/rhododendron-catawbiense-grandiflorum-roze-bloemen-hoogte-40-50cm-15-liter-pot\/#primaryimage","url":"https:\/\/www.schramas.com\/wp-content\/uploads\/2023\/09\/Rhododendron-Catawbiense-Grandiflorum-sfeer.jpg","contentUrl":"https:\/\/www.schramas.com\/wp-content\/uploads\/2023\/09\/Rhododendron-Catawbiense-Grandiflorum-sfeer.jpg","width":1600,"height":1600},{"@type":"BreadcrumbList","@id":"https:\/\/www.schramas.com\/winkel\/rhododendron-catawbiense-grandiflorum-roze-bloemen-hoogte-40-50cm-15-liter-pot\/#breadcrumb","itemListElement":[{"@type":"ListItem","position":1,"name":"Product","item":"https:\/\/www.schramas.com\/assortiment\/"},{"@type":"ListItem","position":2,"name":"Bomen &amp; Struiken","item":"https:\/\/www.schramas.com\/product-category\/bomen-struiken\/"},{"@type":"ListItem","position":3,"name":"Rhododendron &#8216;Catawbiense Grandiflorum&#8217; Roze bloemen &#8211; Hoogte 60cm &#8211; 1,5 liter pot"}]},{"@type":"WebSite","@id":"https:\/\/www.schramas.com\/#website","url":"https:\/\/www.schramas.com\/","name":"Schramas.com | Haveplanter bestilles nemt online | Direkte fra vores gartneri","description":"","alternateName":"Schramas.com - Alle planten direct van de kweker","potentialAction":[{"@type":"SearchAction","target":{"@type":"EntryPoint","urlTemplate":"https:\/\/www.schramas.com\/?s={search_term_string}"},"query-input":{"@type":"PropertyValueSpecification","valueRequired":true,"valueName":"search_term_string"}}],"inLanguage":"da-DK"}]}},"_links":{"self":[{"href":"https:\/\/www.schramas.com\/dk\/wp-json\/wp\/v2\/product\/28529","targetHints":{"allow":["GET"]}}],"collection":[{"href":"https:\/\/www.schramas.com\/dk\/wp-json\/wp\/v2\/product"}],"about":[{"href":"https:\/\/www.schramas.com\/dk\/wp-json\/wp\/v2\/types\/product"}],"version-history":[{"count":1,"href":"https:\/\/www.schramas.com\/dk\/wp-json\/wp\/v2\/product\/28529\/revisions"}],"predecessor-version":[{"id":40916,"href":"https:\/\/www.schramas.com\/dk\/wp-json\/wp\/v2\/product\/28529\/revisions\/40916"}],"wp:featuredmedia":[{"embeddable":true,"href":"https:\/\/www.schramas.com\/dk\/wp-json\/wp\/v2\/media\/28532"}],"wp:attachment":[{"href":"https:\/\/www.schramas.com\/dk\/wp-json\/wp\/v2\/media?parent=28529"}],"wp:term":[{"taxonomy":"product_brand","embeddable":true,"href":"https:\/\/www.schramas.com\/dk\/wp-json\/wp\/v2\/product_brand?post=28529"},{"taxonomy":"product_cat","embeddable":true,"href":"https:\/\/www.schramas.com\/dk\/wp-json\/wp\/v2\/product_cat?post=28529"},{"taxonomy":"product_tag","embeddable":true,"href":"https:\/\/www.schramas.com\/dk\/wp-json\/wp\/v2\/product_tag?post=28529"}],"curies":[{"name":"wp","href":"https:\/\/api.w.org\/{rel}","templated":true}]}}