{"id":28597,"date":"2023-09-27T14:02:06","date_gmt":"2023-09-27T12:02:06","guid":{"rendered":"https:\/\/www.schramas.com\/?post_type=product&#038;p=28597"},"modified":"2026-05-10T10:52:27","modified_gmt":"2026-05-10T08:52:27","slug":"saet-med-4-brombaer-rubus-fruticosus-sort-satin-tornfri-stedsegron-triple-crown-tayberry-hojde-25cm-9cm-potte","status":"publish","type":"product","link":"https:\/\/www.schramas.com\/dk\/butik\/saet-med-4-brombaer-rubus-fruticosus-sort-satin-tornfri-stedsegron-triple-crown-tayberry-hojde-25cm-9cm-potte\/","title":{"rendered":"S\u00e6t med 4 bromb\u00e6r - Rubus fruticosus - Black Satin, Thornless Evergreen, Triple Crown, Tayberry - H\u00f8jde 25 cm - 9 cm potte"},"content":{"rendered":"<div class=\"flex-1 overflow-hidden\">\n<div class=\"react-scroll-to-bottom--css-kbcqf-79elbk h-full dark:bg-gray-800\">\n<div class=\"react-scroll-to-bottom--css-kbcqf-1n7m0yu\">\n<div class=\"flex flex-col text-sm dark:bg-gray-800\">\n<div class=\"group w-full text-token-text-primary border-b border-black\/10 gizmo:border-0 dark:border-gray-900\/50 gizmo:dark:border-0 bg-gray-50 gizmo:bg-transparent dark:bg-[#444654] gizmo:dark:bg-transparent\" data-testid=\"conversation-turn-107\">\n<div class=\"p-4 justify-center text-base md:gap-6 md:py-6 m-auto\">\n<div class=\"flex flex-1 gap-4 text-base mx-auto md:gap-6 md:max-w-2xl lg:max-w-[38rem] xl:max-w-3xl }\">\n<div class=\"relative flex w-[calc(100%-50px)] flex-col gap-1 md:gap-3 lg:w-[calc(100%-115px)]\">\n<div class=\"flex flex-grow flex-col gap-3 max-w-full\">\n<div class=\"min-h-[20px] flex flex-col items-start gap-3 overflow-x-auto whitespace-pre-wrap break-words\">\n<div class=\"markdown prose w-full break-words dark:prose-invert light\">\n<p>Dette s\u00e6t indeholder fire forskellige bromb\u00e6rvarianter: &#039;Black Satin&#039;, &#039;Thornless Evergreen&#039;, &#039;Triple Crown&#039; og &#039;Tayberry&#039;. Hver bromb\u00e6r har en h\u00f8jde p\u00e5 25 cm og leveres i en 9 cm potte.<\/p>\n<p><strong>Rubus fruticosus &#039;Black Satin&#039;<\/strong>: En tornfri bromb\u00e6r, der producerer l\u00e6kre saftige frugter. Disse sorte frugter er store og har en fremragende smag. De er velegnede til direkte indtagelse og kan ogs\u00e5 bruges i kager. Denne bromb\u00e6r trives p\u00e5 et solrigt sted og kan ogs\u00e5 vokse i delvis skygge. Blomstringen sker i maj-juni, efterfulgt af frugts\u00e6tning fra juli til september. Med ordentlig pleje og \u00e5rlig besk\u00e6ring kan der forventes en god h\u00f8st. Denne bromb\u00e6r er meget h\u00e5rdf\u00f8r og kan modst\u00e5 temperaturer ned til -28 grader Celsius. Det er ikke modtageligt for sygdomme og kr\u00e6ver kun lidt befrugtning.<\/p>\n<p><strong>Rubus fruticosus &#039;Thornless Evergreen&#039;<\/strong>: Denne tornl\u00f8se bromb\u00e6r b\u00e6rer frugt fra juli til oktober. Frugterne har brug for meget sol og tid for at modne. Om efter\u00e5ret kan de h\u00f8stes og bruges til marmelade, lik\u00f8r eller juice. Denne bromb\u00e6r vokser bedst p\u00e5 muldjord og f\u00f8ler sig hjemme p\u00e5 et beskyttet sted. I tilf\u00e6lde af frost er det tilr\u00e5deligt at d\u00e6kke planterne.<\/p>\n<p><strong>Rubus fruticosus &#039;Triple Crown&#039;<\/strong>: Denne relativt nye, tornl\u00f8se bromb\u00e6rsort udm\u00e6rker sig p\u00e5 flere fronter. Den er meget produktiv med store, velsmagende frugter. De st\u00e6rke st\u00e6ngler er modstandsdygtige over for sygdomme og frost. Frugterne er ret store og har en smuk farve. De er nemme at plukke og kan spises friske eller forarbejdes til for eksempel marmelade, vin og desserter. Denne bromb\u00e6r er ikke modtagelig for sygdomme og kr\u00e6ver lidt befrugtning.<\/p>\n<p><strong>Rubus &#039;Tayberry&#039;<\/strong>: En krydsning mellem bromb\u00e6r og hindb\u00e6r. Lidt tornet med store, dybr\u00f8de frugter, der er dobbelt s\u00e5 store som hindb\u00e6r. De har en s\u00f8d og sur smag og kan bruges til juice, pynt eller direkte indtagelse. H\u00f8sttidspunktet er i juli-august. Denne plante trives bedst i en solrig position, og gamle grene b\u00f8r besk\u00e6res regelm\u00e6ssigt.<\/p>\n<\/div>\n<\/div>\n<\/div>\n<\/div>\n<\/div>\n<\/div>\n<\/div>\n<p>&nbsp;<\/p>\n<\/div>\n<\/div>\n<\/div>\n<\/div>","protected":false},"excerpt":{"rendered":"<p>4x Rubus bromb\u00e6r<\/p>\n<p>&#039;Black Satin&#039;, &#039;Thornless Evergreen&#039;, &#039;Triple Crown&#039; og &#039;Tayberry&#039;<\/p>\n<p>Maks. h\u00f8jde ca. 300-400 cm<\/p>\n<p>L\u00f8vf\u00e6ldende<\/p>\n<p>Hardy<\/p>\n<p>Leveres i en 9 cm potte<\/p>","protected":false},"featured_media":28598,"template":"","meta":{"_joinchat":[]},"product_brand":[],"product_cat":[262,44,1011,234,867],"product_tag":[731,1244,1245,597],"class_list":{"0":"post-28597","1":"product","2":"type-product","3":"status-publish","4":"has-post-thumbnail","6":"product_cat-bomen-struiken","7":"product_cat-bramen","8":"product_cat-fruit-deals","9":"product_cat-fruitstruiken","10":"product_cat-pakket-deals","11":"product_tag-braam","12":"product_tag-bramen-mix","13":"product_tag-bramenplant","14":"product_tag-framboos","15":"pa_ewd_uwcf_colors-mixed","16":"pa_ewd_uwcf_colors-rood-2","17":"pa_groeihoogte-300-cm","18":"pa_pot-9-cm-pot","20":"first","21":"instock","22":"taxable","23":"shipping-taxable","24":"purchasable","25":"product-type-simple"},"yoast_head":"<!-- This site is optimized with the Yoast SEO plugin v24.2 - https:\/\/yoast.com\/wordpress\/plugins\/seo\/ -->\n<title>Set Van 4 Bramen - Rubus fruticosus -Black Satin, Thornless Evergreen, Triple Crown, Tayberry - Hoogte 25cm - 9cm pot kopen | Planten eenvoudig online bestellen | Schramas.com<\/title>\n<meta name=\"robots\" content=\"index, follow, max-snippet:-1, max-image-preview:large, max-video-preview:-1\" \/>\n<link rel=\"canonical\" href=\"https:\/\/www.schramas.com\/dk\/butik\/saet-med-4-brombaer-rubus-fruticosus-sort-satin-tornfri-stedsegron-triple-crown-tayberry-hojde-25cm-9cm-potte\/\" \/>\n<meta property=\"og:locale\" content=\"da_DK\" \/>\n<meta property=\"og:type\" content=\"article\" \/>\n<meta property=\"og:title\" content=\"Set Van 4 Bramen - Rubus fruticosus -Black Satin, Thornless Evergreen, Triple Crown, Tayberry - Hoogte 25cm - 9cm pot kopen | Planten eenvoudig online bestellen | Schramas.com\" \/>\n<meta property=\"og:description\" content=\"4x Rubus braam  &#039;Black Satin&#039;, &#039;Thornless Evergreen&#039;, \u2018Triple Crown\u2019 en &#039;Tayberry&#039;  Max. hoogte ca. 300-400 cm  Bladverliezend  Winterhard  Geleverd in een 9cm pot\" \/>\n<meta property=\"og:url\" content=\"https:\/\/www.schramas.com\/dk\/butik\/saet-med-4-brombaer-rubus-fruticosus-sort-satin-tornfri-stedsegron-triple-crown-tayberry-hojde-25cm-9cm-potte\/\" \/>\n<meta property=\"og:site_name\" content=\"Planten eenvoudig online bestellen | Schramas.com\" \/>\n<meta property=\"article:publisher\" content=\"https:\/\/www.facebook.com\/Schramascom-106872874153195\/\" \/>\n<meta property=\"article:modified_time\" content=\"2026-05-10T08:52:27+00:00\" \/>\n<meta property=\"og:image\" content=\"http:\/\/www.schramas.com\/wp-content\/uploads\/2023\/09\/rubus-bramen-p9-pakketdeal-sfeer.jpg\" \/>\n\t<meta property=\"og:image:width\" content=\"1600\" \/>\n\t<meta property=\"og:image:height\" content=\"1600\" \/>\n\t<meta property=\"og:image:type\" content=\"image\/jpeg\" \/>\n<meta name=\"twitter:card\" content=\"summary_large_image\" \/>\n<meta name=\"twitter:label1\" content=\"Estimeret l\u00e6setid\" \/>\n\t<meta name=\"twitter:data1\" content=\"1 minut\" \/>\n<script type=\"application\/ld+json\" class=\"yoast-schema-graph\">{\"@context\":\"https:\/\/schema.org\",\"@graph\":[{\"@type\":[\"WebPage\",\"ItemPage\"],\"@id\":\"https:\/\/www.schramas.com\/winkel\/set-van-4-bramen-rubus-fruticosus-black-satin-thornless-evergreen-triple-crown-tayberry-hoogte-25cm-9cm-pot\/\",\"url\":\"https:\/\/www.schramas.com\/winkel\/set-van-4-bramen-rubus-fruticosus-black-satin-thornless-evergreen-triple-crown-tayberry-hoogte-25cm-9cm-pot\/\",\"name\":\"Set Van 4 Bramen - Rubus fruticosus -Black Satin, Thornless Evergreen, Triple Crown, Tayberry - Hoogte 25cm - 9cm pot kopen | Planten eenvoudig online bestellen | Schramas.com\",\"isPartOf\":{\"@id\":\"https:\/\/www.schramas.com\/#website\"},\"primaryImageOfPage\":{\"@id\":\"https:\/\/www.schramas.com\/winkel\/set-van-4-bramen-rubus-fruticosus-black-satin-thornless-evergreen-triple-crown-tayberry-hoogte-25cm-9cm-pot\/#primaryimage\"},\"image\":{\"@id\":\"https:\/\/www.schramas.com\/winkel\/set-van-4-bramen-rubus-fruticosus-black-satin-thornless-evergreen-triple-crown-tayberry-hoogte-25cm-9cm-pot\/#primaryimage\"},\"thumbnailUrl\":\"https:\/\/www.schramas.com\/wp-content\/uploads\/2023\/09\/rubus-bramen-p9-pakketdeal-sfeer.jpg\",\"datePublished\":\"2023-09-27T12:02:06+00:00\",\"dateModified\":\"2026-05-10T08:52:27+00:00\",\"breadcrumb\":{\"@id\":\"https:\/\/www.schramas.com\/winkel\/set-van-4-bramen-rubus-fruticosus-black-satin-thornless-evergreen-triple-crown-tayberry-hoogte-25cm-9cm-pot\/#breadcrumb\"},\"inLanguage\":\"da-DK\",\"potentialAction\":[{\"@type\":\"ReadAction\",\"target\":[\"https:\/\/www.schramas.com\/winkel\/set-van-4-bramen-rubus-fruticosus-black-satin-thornless-evergreen-triple-crown-tayberry-hoogte-25cm-9cm-pot\/\"]}]},{\"@type\":\"ImageObject\",\"inLanguage\":\"da-DK\",\"@id\":\"https:\/\/www.schramas.com\/winkel\/set-van-4-bramen-rubus-fruticosus-black-satin-thornless-evergreen-triple-crown-tayberry-hoogte-25cm-9cm-pot\/#primaryimage\",\"url\":\"https:\/\/www.schramas.com\/wp-content\/uploads\/2023\/09\/rubus-bramen-p9-pakketdeal-sfeer.jpg\",\"contentUrl\":\"https:\/\/www.schramas.com\/wp-content\/uploads\/2023\/09\/rubus-bramen-p9-pakketdeal-sfeer.jpg\",\"width\":1600,\"height\":1600},{\"@type\":\"BreadcrumbList\",\"@id\":\"https:\/\/www.schramas.com\/winkel\/set-van-4-bramen-rubus-fruticosus-black-satin-thornless-evergreen-triple-crown-tayberry-hoogte-25cm-9cm-pot\/#breadcrumb\",\"itemListElement\":[{\"@type\":\"ListItem\",\"position\":1,\"name\":\"Product\",\"item\":\"https:\/\/www.schramas.com\/assortiment\/\"},{\"@type\":\"ListItem\",\"position\":2,\"name\":\"Bomen &amp; Struiken\",\"item\":\"https:\/\/www.schramas.com\/product-category\/bomen-struiken\/\"},{\"@type\":\"ListItem\",\"position\":3,\"name\":\"Fruitstruiken\",\"item\":\"https:\/\/www.schramas.com\/de\/produktkategorie\/baume-und-straucher\/obststraucher\/\"},{\"@type\":\"ListItem\",\"position\":4,\"name\":\"Bramen\",\"item\":\"https:\/\/www.schramas.com\/product-category\/bomen-struiken\/fruitstruiken\/bramen\/\"},{\"@type\":\"ListItem\",\"position\":5,\"name\":\"Set Van 4 Bramen &#8211; Rubus fruticosus -Black Satin, Thornless Evergreen, Triple Crown, Tayberry &#8211; Hoogte 25cm &#8211; 9cm pot\"}]},{\"@type\":\"WebSite\",\"@id\":\"https:\/\/www.schramas.com\/#website\",\"url\":\"https:\/\/www.schramas.com\/\",\"name\":\"Schramas.com | Tuinplanten eenvoudig online bestellen | Direct van onze Kwekerij\",\"description\":\"\",\"alternateName\":\"Schramas.com - Alle planten direct van de kweker\",\"potentialAction\":[{\"@type\":\"SearchAction\",\"target\":{\"@type\":\"EntryPoint\",\"urlTemplate\":\"https:\/\/www.schramas.com\/?s={search_term_string}\"},\"query-input\":{\"@type\":\"PropertyValueSpecification\",\"valueRequired\":true,\"valueName\":\"search_term_string\"}}],\"inLanguage\":\"da-DK\"}]}<\/script>\n<!-- \/ Yoast SEO plugin. -->","yoast_head_json":{"title":"K\u00f8b S\u00e6t med 4 bromb\u00e6r - Rubus fruticosus -Sort satin, Thornless Evergreen, Triple Crown, Tayberry - H\u00f8jde 25cm - 9cm potte | Bestil nemt planter online | Schramas.com","robots":{"index":"index","follow":"follow","max-snippet":"max-snippet:-1","max-image-preview":"max-image-preview:large","max-video-preview":"max-video-preview:-1"},"canonical":"https:\/\/www.schramas.com\/dk\/butik\/saet-med-4-brombaer-rubus-fruticosus-sort-satin-tornfri-stedsegron-triple-crown-tayberry-hojde-25cm-9cm-potte\/","og_locale":"da_DK","og_type":"article","og_title":"Set Van 4 Bramen - Rubus fruticosus -Black Satin, Thornless Evergreen, Triple Crown, Tayberry - Hoogte 25cm - 9cm pot kopen | Planten eenvoudig online bestellen | Schramas.com","og_description":"4x Rubus braam  'Black Satin', 'Thornless Evergreen', \u2018Triple Crown\u2019 en 'Tayberry'  Max. hoogte ca. 300-400 cm  Bladverliezend  Winterhard  Geleverd in een 9cm pot","og_url":"https:\/\/www.schramas.com\/dk\/butik\/saet-med-4-brombaer-rubus-fruticosus-sort-satin-tornfri-stedsegron-triple-crown-tayberry-hojde-25cm-9cm-potte\/","og_site_name":"Planten eenvoudig online bestellen | Schramas.com","article_publisher":"https:\/\/www.facebook.com\/Schramascom-106872874153195\/","article_modified_time":"2026-05-10T08:52:27+00:00","og_image":[{"width":1600,"height":1600,"url":"http:\/\/www.schramas.com\/wp-content\/uploads\/2023\/09\/rubus-bramen-p9-pakketdeal-sfeer.jpg","type":"image\/jpeg"}],"twitter_card":"summary_large_image","twitter_misc":{"Estimeret l\u00e6setid":"1 minut"},"schema":{"@context":"https:\/\/schema.org","@graph":[{"@type":["WebPage","ItemPage"],"@id":"https:\/\/www.schramas.com\/winkel\/set-van-4-bramen-rubus-fruticosus-black-satin-thornless-evergreen-triple-crown-tayberry-hoogte-25cm-9cm-pot\/","url":"https:\/\/www.schramas.com\/winkel\/set-van-4-bramen-rubus-fruticosus-black-satin-thornless-evergreen-triple-crown-tayberry-hoogte-25cm-9cm-pot\/","name":"K\u00f8b S\u00e6t med 4 bromb\u00e6r - Rubus fruticosus -Sort satin, Thornless Evergreen, Triple Crown, Tayberry - H\u00f8jde 25cm - 9cm potte | Bestil nemt planter online | Schramas.com","isPartOf":{"@id":"https:\/\/www.schramas.com\/#website"},"primaryImageOfPage":{"@id":"https:\/\/www.schramas.com\/winkel\/set-van-4-bramen-rubus-fruticosus-black-satin-thornless-evergreen-triple-crown-tayberry-hoogte-25cm-9cm-pot\/#primaryimage"},"image":{"@id":"https:\/\/www.schramas.com\/winkel\/set-van-4-bramen-rubus-fruticosus-black-satin-thornless-evergreen-triple-crown-tayberry-hoogte-25cm-9cm-pot\/#primaryimage"},"thumbnailUrl":"https:\/\/www.schramas.com\/wp-content\/uploads\/2023\/09\/rubus-bramen-p9-pakketdeal-sfeer.jpg","datePublished":"2023-09-27T12:02:06+00:00","dateModified":"2026-05-10T08:52:27+00:00","breadcrumb":{"@id":"https:\/\/www.schramas.com\/winkel\/set-van-4-bramen-rubus-fruticosus-black-satin-thornless-evergreen-triple-crown-tayberry-hoogte-25cm-9cm-pot\/#breadcrumb"},"inLanguage":"da-DK","potentialAction":[{"@type":"ReadAction","target":["https:\/\/www.schramas.com\/winkel\/set-van-4-bramen-rubus-fruticosus-black-satin-thornless-evergreen-triple-crown-tayberry-hoogte-25cm-9cm-pot\/"]}]},{"@type":"ImageObject","inLanguage":"da-DK","@id":"https:\/\/www.schramas.com\/winkel\/set-van-4-bramen-rubus-fruticosus-black-satin-thornless-evergreen-triple-crown-tayberry-hoogte-25cm-9cm-pot\/#primaryimage","url":"https:\/\/www.schramas.com\/wp-content\/uploads\/2023\/09\/rubus-bramen-p9-pakketdeal-sfeer.jpg","contentUrl":"https:\/\/www.schramas.com\/wp-content\/uploads\/2023\/09\/rubus-bramen-p9-pakketdeal-sfeer.jpg","width":1600,"height":1600},{"@type":"BreadcrumbList","@id":"https:\/\/www.schramas.com\/winkel\/set-van-4-bramen-rubus-fruticosus-black-satin-thornless-evergreen-triple-crown-tayberry-hoogte-25cm-9cm-pot\/#breadcrumb","itemListElement":[{"@type":"ListItem","position":1,"name":"Product","item":"https:\/\/www.schramas.com\/assortiment\/"},{"@type":"ListItem","position":2,"name":"Bomen &amp; Struiken","item":"https:\/\/www.schramas.com\/product-category\/bomen-struiken\/"},{"@type":"ListItem","position":3,"name":"Fruitstruiken","item":"https:\/\/www.schramas.com\/de\/produktkategorie\/baume-und-straucher\/obststraucher\/"},{"@type":"ListItem","position":4,"name":"Bramen","item":"https:\/\/www.schramas.com\/product-category\/bomen-struiken\/fruitstruiken\/bramen\/"},{"@type":"ListItem","position":5,"name":"Set Van 4 Bramen &#8211; Rubus fruticosus -Black Satin, Thornless Evergreen, Triple Crown, Tayberry &#8211; Hoogte 25cm &#8211; 9cm pot"}]},{"@type":"WebSite","@id":"https:\/\/www.schramas.com\/#website","url":"https:\/\/www.schramas.com\/","name":"Schramas.com | Haveplanter bestilles nemt online | Direkte fra vores gartneri","description":"","alternateName":"Schramas.com - Alle planten direct van de kweker","potentialAction":[{"@type":"SearchAction","target":{"@type":"EntryPoint","urlTemplate":"https:\/\/www.schramas.com\/?s={search_term_string}"},"query-input":{"@type":"PropertyValueSpecification","valueRequired":true,"valueName":"search_term_string"}}],"inLanguage":"da-DK"}]}},"_links":{"self":[{"href":"https:\/\/www.schramas.com\/dk\/wp-json\/wp\/v2\/product\/28597","targetHints":{"allow":["GET"]}}],"collection":[{"href":"https:\/\/www.schramas.com\/dk\/wp-json\/wp\/v2\/product"}],"about":[{"href":"https:\/\/www.schramas.com\/dk\/wp-json\/wp\/v2\/types\/product"}],"version-history":[{"count":1,"href":"https:\/\/www.schramas.com\/dk\/wp-json\/wp\/v2\/product\/28597\/revisions"}],"predecessor-version":[{"id":50646,"href":"https:\/\/www.schramas.com\/dk\/wp-json\/wp\/v2\/product\/28597\/revisions\/50646"}],"wp:featuredmedia":[{"embeddable":true,"href":"https:\/\/www.schramas.com\/dk\/wp-json\/wp\/v2\/media\/28598"}],"wp:attachment":[{"href":"https:\/\/www.schramas.com\/dk\/wp-json\/wp\/v2\/media?parent=28597"}],"wp:term":[{"taxonomy":"product_brand","embeddable":true,"href":"https:\/\/www.schramas.com\/dk\/wp-json\/wp\/v2\/product_brand?post=28597"},{"taxonomy":"product_cat","embeddable":true,"href":"https:\/\/www.schramas.com\/dk\/wp-json\/wp\/v2\/product_cat?post=28597"},{"taxonomy":"product_tag","embeddable":true,"href":"https:\/\/www.schramas.com\/dk\/wp-json\/wp\/v2\/product_tag?post=28597"}],"curies":[{"name":"wp","href":"https:\/\/api.w.org\/{rel}","templated":true}]}}