{"id":28660,"date":"2023-09-28T16:48:12","date_gmt":"2023-09-28T14:48:12","guid":{"rendered":"https:\/\/www.schramas.com\/?post_type=product&#038;p=28660"},"modified":"2026-03-26T16:35:54","modified_gmt":"2026-03-26T15:35:54","slug":"saet-af-2-akebia-akebia-quinata-alba-kvaede-klatrebaer-hojde-25cm-9cm-potte","status":"publish","type":"product","link":"https:\/\/www.schramas.com\/dk\/butik\/saet-af-2-akebia-akebia-quinata-alba-kvaede-klatrebaer-hojde-25cm-9cm-potte\/","title":{"rendered":"S\u00e6t med 2 Akebia - Akebia quinata 'Alba' - Spotteagurk\/klatreb\u00e6r - H\u00f8jde 25 cm - 9 cm potte"},"content":{"rendered":"<p>Oplev Akebia quinata 'Alba', en l\u00f8vf\u00e6ldende klatreplante, der bevarer nogle af sine blade selv i milde vintre. Mellem april og juni pryder denne sk\u00f8nhed din have med lange klaser af hvide blomster. Hunblomsterne sidder i bunden af klasen, mens hanblomsterne sidder i toppen. Med et mildt for\u00e5r kan du forvente en endnu rigere blomstring.<\/p>\n<p>Efter blomstringen og en varm sommer kommer de s\u00e6rlige spiselige frugter, som ligner sm\u00e5 asier og bliver ca. 5 til 10 cm store. Placer Akebia quinata p\u00e5 et beskyttet sted med sollys til halvskygge, men beskyt undersiden mod for meget st\u00e6rk sol. Selv om denne vinplante ogs\u00e5 kan trives i skyggen, vil blomstringen v\u00e6re mindre voldsom.<\/p>\n<p>N\u00e5r du planter, skal du v\u00e6lge det rigtige sted med det samme, da omplantning ikke er noget, Akebia quinata bryder sig om. Det f\u00f8rste \u00e5r er det tilr\u00e5deligt at beskytte den mod frost. Ellers er denne plante ikke kr\u00e6vende, men den foretr\u00e6kker fugtig, veldr\u00e6net og n\u00e6ringsrig jord.<\/p>\n<p>Akebia quinata er en sand pryd for din have, b\u00e5de p\u00e5 grund af sine duftende blomster, frugter og blade. Selv ranken er dekorativ og kan bruges i blomsterarrangementer. Denne smukke plante kan formeres ved lagdeling eller ved at tage stiklinger af halvt tr\u00e6.<\/p>","protected":false},"excerpt":{"rendered":"<p>2x Akebia quinata 'Alba'<\/p>\n<p>Spotteagurk\/klatreplante\/klatreplante<\/p>\n<p>Maks. h\u00f8jde: ca. 4 meter<\/p>\n<p>Leveringsh\u00f8jde inkl. potte: ca. 25 cm<\/p>\n<p>Pottest\u00f8rrelse: 9 cm<\/p>\n<p>Velegnet til b\u00e5de altan, terrasse og \u00e5bent terr\u00e6n<\/p>","protected":false},"featured_media":28667,"template":"","meta":{"_joinchat":[]},"product_brand":[],"product_cat":[262,480,1011,234,304,867,305],"product_tag":[1261,529,1262],"class_list":{"0":"post-28660","1":"product","2":"type-product","3":"status-publish","4":"has-post-thumbnail","6":"product_cat-bomen-struiken","7":"product_cat-diversen-struiken","8":"product_cat-fruit-deals","9":"product_cat-fruitstruiken","10":"product_cat-klimplanten","11":"product_cat-pakket-deals","12":"product_cat-planten-heesters","13":"product_tag-augurk","14":"product_tag-klimplant","15":"product_tag-schijnaugurk","16":"pa_ewd_uwcf_colors-groen-2","17":"pa_ewd_uwcf_colors-mixed","18":"pa_groeihoogte-300-cm","19":"pa_pot-9-cm-pot","21":"first","22":"outofstock","23":"taxable","24":"shipping-taxable","25":"purchasable","26":"product-type-simple"},"yoast_head":"<!-- This site is optimized with the Yoast SEO plugin v24.2 - https:\/\/yoast.com\/wordpress\/plugins\/seo\/ -->\n<title>Set van 2 Akebia - Akebia quinata &#039;Alba&#039; - Schijnaugurk\/klimbes - Hoogte 25cm - 9cm pot kopen | Planten eenvoudig online bestellen | Schramas.com<\/title>\n<meta name=\"robots\" content=\"index, follow, max-snippet:-1, max-image-preview:large, max-video-preview:-1\" \/>\n<link rel=\"canonical\" href=\"https:\/\/www.schramas.com\/dk\/butik\/saet-af-2-akebia-akebia-quinata-alba-kvaede-klatrebaer-hojde-25cm-9cm-potte\/\" \/>\n<meta property=\"og:locale\" content=\"da_DK\" \/>\n<meta property=\"og:type\" content=\"article\" \/>\n<meta property=\"og:title\" content=\"Set van 2 Akebia - Akebia quinata &#039;Alba&#039; - Schijnaugurk\/klimbes - Hoogte 25cm - 9cm pot kopen | Planten eenvoudig online bestellen | Schramas.com\" \/>\n<meta property=\"og:description\" content=\"2x Akebia quinata &#039;Alba&#039;  Schijnaugurk\/klimbes\/klimplant  Hoogte max.: ca. 4 meter  Leverhoogte incl. pot: ca. 25 cm  Potmaat: 9cm  Geschikt voor zowel balkon, patio als volle grond\" \/>\n<meta property=\"og:url\" content=\"https:\/\/www.schramas.com\/dk\/butik\/saet-af-2-akebia-akebia-quinata-alba-kvaede-klatrebaer-hojde-25cm-9cm-potte\/\" \/>\n<meta property=\"og:site_name\" content=\"Planten eenvoudig online bestellen | Schramas.com\" \/>\n<meta property=\"article:publisher\" content=\"https:\/\/www.facebook.com\/Schramascom-106872874153195\/\" \/>\n<meta property=\"article:modified_time\" content=\"2026-03-26T15:35:54+00:00\" \/>\n<meta property=\"og:image\" content=\"http:\/\/www.schramas.com\/wp-content\/uploads\/2023\/09\/Akebia-quintata-sfeer.jpg\" \/>\n\t<meta property=\"og:image:width\" content=\"793\" \/>\n\t<meta property=\"og:image:height\" content=\"790\" \/>\n\t<meta property=\"og:image:type\" content=\"image\/jpeg\" \/>\n<meta name=\"twitter:card\" content=\"summary_large_image\" \/>\n<meta name=\"twitter:label1\" content=\"Estimeret l\u00e6setid\" \/>\n\t<meta name=\"twitter:data1\" content=\"1 minut\" \/>\n<script type=\"application\/ld+json\" class=\"yoast-schema-graph\">{\"@context\":\"https:\/\/schema.org\",\"@graph\":[{\"@type\":[\"WebPage\",\"ItemPage\"],\"@id\":\"https:\/\/www.schramas.com\/winkel\/set-van-2-akebia-akebia-quinata-alba-schijnaugurk-klimbes-hoogte-25cm-9cm-pot\/\",\"url\":\"https:\/\/www.schramas.com\/winkel\/set-van-2-akebia-akebia-quinata-alba-schijnaugurk-klimbes-hoogte-25cm-9cm-pot\/\",\"name\":\"Set van 2 Akebia - Akebia quinata 'Alba' - Schijnaugurk\/klimbes - Hoogte 25cm - 9cm pot kopen | Planten eenvoudig online bestellen | Schramas.com\",\"isPartOf\":{\"@id\":\"https:\/\/www.schramas.com\/#website\"},\"primaryImageOfPage\":{\"@id\":\"https:\/\/www.schramas.com\/winkel\/set-van-2-akebia-akebia-quinata-alba-schijnaugurk-klimbes-hoogte-25cm-9cm-pot\/#primaryimage\"},\"image\":{\"@id\":\"https:\/\/www.schramas.com\/winkel\/set-van-2-akebia-akebia-quinata-alba-schijnaugurk-klimbes-hoogte-25cm-9cm-pot\/#primaryimage\"},\"thumbnailUrl\":\"https:\/\/www.schramas.com\/wp-content\/uploads\/2023\/09\/Akebia-quintata-sfeer.jpg\",\"datePublished\":\"2023-09-28T14:48:12+00:00\",\"dateModified\":\"2026-03-26T15:35:54+00:00\",\"breadcrumb\":{\"@id\":\"https:\/\/www.schramas.com\/winkel\/set-van-2-akebia-akebia-quinata-alba-schijnaugurk-klimbes-hoogte-25cm-9cm-pot\/#breadcrumb\"},\"inLanguage\":\"da-DK\",\"potentialAction\":[{\"@type\":\"ReadAction\",\"target\":[\"https:\/\/www.schramas.com\/winkel\/set-van-2-akebia-akebia-quinata-alba-schijnaugurk-klimbes-hoogte-25cm-9cm-pot\/\"]}]},{\"@type\":\"ImageObject\",\"inLanguage\":\"da-DK\",\"@id\":\"https:\/\/www.schramas.com\/winkel\/set-van-2-akebia-akebia-quinata-alba-schijnaugurk-klimbes-hoogte-25cm-9cm-pot\/#primaryimage\",\"url\":\"https:\/\/www.schramas.com\/wp-content\/uploads\/2023\/09\/Akebia-quintata-sfeer.jpg\",\"contentUrl\":\"https:\/\/www.schramas.com\/wp-content\/uploads\/2023\/09\/Akebia-quintata-sfeer.jpg\",\"width\":793,\"height\":790},{\"@type\":\"BreadcrumbList\",\"@id\":\"https:\/\/www.schramas.com\/winkel\/set-van-2-akebia-akebia-quinata-alba-schijnaugurk-klimbes-hoogte-25cm-9cm-pot\/#breadcrumb\",\"itemListElement\":[{\"@type\":\"ListItem\",\"position\":1,\"name\":\"Product\",\"item\":\"https:\/\/www.schramas.com\/assortiment\/\"},{\"@type\":\"ListItem\",\"position\":2,\"name\":\"Bomen &amp; Struiken\",\"item\":\"https:\/\/www.schramas.com\/product-category\/bomen-struiken\/\"},{\"@type\":\"ListItem\",\"position\":3,\"name\":\"Set van 2 Akebia &#8211; Akebia quinata &#8216;Alba&#8217; &#8211; Schijnaugurk\/klimbes &#8211; Hoogte 25cm &#8211; 9cm pot\"}]},{\"@type\":\"WebSite\",\"@id\":\"https:\/\/www.schramas.com\/#website\",\"url\":\"https:\/\/www.schramas.com\/\",\"name\":\"Schramas.com | Tuinplanten eenvoudig online bestellen | Direct van onze Kwekerij\",\"description\":\"\",\"alternateName\":\"Schramas.com - Alle planten direct van de kweker\",\"potentialAction\":[{\"@type\":\"SearchAction\",\"target\":{\"@type\":\"EntryPoint\",\"urlTemplate\":\"https:\/\/www.schramas.com\/?s={search_term_string}\"},\"query-input\":{\"@type\":\"PropertyValueSpecification\",\"valueRequired\":true,\"valueName\":\"search_term_string\"}}],\"inLanguage\":\"da-DK\"}]}<\/script>\n<!-- \/ Yoast SEO plugin. -->","yoast_head_json":{"title":"S\u00e6t med 2 Akebia - Akebia quinata 'Alba' - Spotteagurk\/klatreb\u00e6r - H\u00f8jde 25cm - 9cm potte k\u00f8b | K\u00f8b planter nemt online | Schramas.com","robots":{"index":"index","follow":"follow","max-snippet":"max-snippet:-1","max-image-preview":"max-image-preview:large","max-video-preview":"max-video-preview:-1"},"canonical":"https:\/\/www.schramas.com\/dk\/butik\/saet-af-2-akebia-akebia-quinata-alba-kvaede-klatrebaer-hojde-25cm-9cm-potte\/","og_locale":"da_DK","og_type":"article","og_title":"Set van 2 Akebia - Akebia quinata 'Alba' - Schijnaugurk\/klimbes - Hoogte 25cm - 9cm pot kopen | Planten eenvoudig online bestellen | Schramas.com","og_description":"2x Akebia quinata 'Alba'  Schijnaugurk\/klimbes\/klimplant  Hoogte max.: ca. 4 meter  Leverhoogte incl. pot: ca. 25 cm  Potmaat: 9cm  Geschikt voor zowel balkon, patio als volle grond","og_url":"https:\/\/www.schramas.com\/dk\/butik\/saet-af-2-akebia-akebia-quinata-alba-kvaede-klatrebaer-hojde-25cm-9cm-potte\/","og_site_name":"Planten eenvoudig online bestellen | Schramas.com","article_publisher":"https:\/\/www.facebook.com\/Schramascom-106872874153195\/","article_modified_time":"2026-03-26T15:35:54+00:00","og_image":[{"width":793,"height":790,"url":"http:\/\/www.schramas.com\/wp-content\/uploads\/2023\/09\/Akebia-quintata-sfeer.jpg","type":"image\/jpeg"}],"twitter_card":"summary_large_image","twitter_misc":{"Estimeret l\u00e6setid":"1 minut"},"schema":{"@context":"https:\/\/schema.org","@graph":[{"@type":["WebPage","ItemPage"],"@id":"https:\/\/www.schramas.com\/winkel\/set-van-2-akebia-akebia-quinata-alba-schijnaugurk-klimbes-hoogte-25cm-9cm-pot\/","url":"https:\/\/www.schramas.com\/winkel\/set-van-2-akebia-akebia-quinata-alba-schijnaugurk-klimbes-hoogte-25cm-9cm-pot\/","name":"S\u00e6t med 2 Akebia - Akebia quinata 'Alba' - Spotteagurk\/klatreb\u00e6r - H\u00f8jde 25cm - 9cm potte k\u00f8b | K\u00f8b planter nemt online | Schramas.com","isPartOf":{"@id":"https:\/\/www.schramas.com\/#website"},"primaryImageOfPage":{"@id":"https:\/\/www.schramas.com\/winkel\/set-van-2-akebia-akebia-quinata-alba-schijnaugurk-klimbes-hoogte-25cm-9cm-pot\/#primaryimage"},"image":{"@id":"https:\/\/www.schramas.com\/winkel\/set-van-2-akebia-akebia-quinata-alba-schijnaugurk-klimbes-hoogte-25cm-9cm-pot\/#primaryimage"},"thumbnailUrl":"https:\/\/www.schramas.com\/wp-content\/uploads\/2023\/09\/Akebia-quintata-sfeer.jpg","datePublished":"2023-09-28T14:48:12+00:00","dateModified":"2026-03-26T15:35:54+00:00","breadcrumb":{"@id":"https:\/\/www.schramas.com\/winkel\/set-van-2-akebia-akebia-quinata-alba-schijnaugurk-klimbes-hoogte-25cm-9cm-pot\/#breadcrumb"},"inLanguage":"da-DK","potentialAction":[{"@type":"ReadAction","target":["https:\/\/www.schramas.com\/winkel\/set-van-2-akebia-akebia-quinata-alba-schijnaugurk-klimbes-hoogte-25cm-9cm-pot\/"]}]},{"@type":"ImageObject","inLanguage":"da-DK","@id":"https:\/\/www.schramas.com\/winkel\/set-van-2-akebia-akebia-quinata-alba-schijnaugurk-klimbes-hoogte-25cm-9cm-pot\/#primaryimage","url":"https:\/\/www.schramas.com\/wp-content\/uploads\/2023\/09\/Akebia-quintata-sfeer.jpg","contentUrl":"https:\/\/www.schramas.com\/wp-content\/uploads\/2023\/09\/Akebia-quintata-sfeer.jpg","width":793,"height":790},{"@type":"BreadcrumbList","@id":"https:\/\/www.schramas.com\/winkel\/set-van-2-akebia-akebia-quinata-alba-schijnaugurk-klimbes-hoogte-25cm-9cm-pot\/#breadcrumb","itemListElement":[{"@type":"ListItem","position":1,"name":"Product","item":"https:\/\/www.schramas.com\/assortiment\/"},{"@type":"ListItem","position":2,"name":"Bomen &amp; Struiken","item":"https:\/\/www.schramas.com\/product-category\/bomen-struiken\/"},{"@type":"ListItem","position":3,"name":"Set van 2 Akebia &#8211; Akebia quinata &#8216;Alba&#8217; &#8211; Schijnaugurk\/klimbes &#8211; Hoogte 25cm &#8211; 9cm pot"}]},{"@type":"WebSite","@id":"https:\/\/www.schramas.com\/#website","url":"https:\/\/www.schramas.com\/","name":"Schramas.com | Haveplanter bestilles nemt online | Direkte fra vores gartneri","description":"","alternateName":"Schramas.com - Alle planten direct van de kweker","potentialAction":[{"@type":"SearchAction","target":{"@type":"EntryPoint","urlTemplate":"https:\/\/www.schramas.com\/?s={search_term_string}"},"query-input":{"@type":"PropertyValueSpecification","valueRequired":true,"valueName":"search_term_string"}}],"inLanguage":"da-DK"}]}},"_links":{"self":[{"href":"https:\/\/www.schramas.com\/dk\/wp-json\/wp\/v2\/product\/28660","targetHints":{"allow":["GET"]}}],"collection":[{"href":"https:\/\/www.schramas.com\/dk\/wp-json\/wp\/v2\/product"}],"about":[{"href":"https:\/\/www.schramas.com\/dk\/wp-json\/wp\/v2\/types\/product"}],"version-history":[{"count":1,"href":"https:\/\/www.schramas.com\/dk\/wp-json\/wp\/v2\/product\/28660\/revisions"}],"predecessor-version":[{"id":46796,"href":"https:\/\/www.schramas.com\/dk\/wp-json\/wp\/v2\/product\/28660\/revisions\/46796"}],"wp:featuredmedia":[{"embeddable":true,"href":"https:\/\/www.schramas.com\/dk\/wp-json\/wp\/v2\/media\/28667"}],"wp:attachment":[{"href":"https:\/\/www.schramas.com\/dk\/wp-json\/wp\/v2\/media?parent=28660"}],"wp:term":[{"taxonomy":"product_brand","embeddable":true,"href":"https:\/\/www.schramas.com\/dk\/wp-json\/wp\/v2\/product_brand?post=28660"},{"taxonomy":"product_cat","embeddable":true,"href":"https:\/\/www.schramas.com\/dk\/wp-json\/wp\/v2\/product_cat?post=28660"},{"taxonomy":"product_tag","embeddable":true,"href":"https:\/\/www.schramas.com\/dk\/wp-json\/wp\/v2\/product_tag?post=28660"}],"curies":[{"name":"wp","href":"https:\/\/api.w.org\/{rel}","templated":true}]}}