{"id":28665,"date":"2023-09-28T17:01:38","date_gmt":"2023-09-28T15:01:38","guid":{"rendered":"https:\/\/www.schramas.com\/?post_type=product&#038;p=28665"},"modified":"2026-04-04T12:55:51","modified_gmt":"2026-04-04T10:55:51","slug":"saet-af-2-druer-vitis-vinifera-cabernet-cortis-hojde-40cm-9cm-potte","status":"publish","type":"product","link":"https:\/\/www.schramas.com\/dk\/butik\/saet-af-2-druer-vitis-vinifera-cabernet-cortis-hojde-40cm-9cm-potte\/","title":{"rendered":"S\u00e6t med 2 druer - Vitis vinifera 'Cabernet Cortis' - H\u00f8jde 40 cm - 9 cm potte"},"content":{"rendered":"<p>Oplev den unikke Vitis vinifera 'Cabernet Cortis', en bl\u00e5 druesort med en historie, der g\u00e5r helt tilbage til 1982. Denne s\u00e6rlige sort, som blev udviklet af Norbert Becker p\u00e5 det prestigefyldte forskningsinstitut i Freiburg i Sydtyskland, kombinerer Cabernet Sauvignons kraft med Solaris' alsidighed. F\u00f8rst i 2003 fik denne topper sin officielle registrering i det tyske druesortsregister, og overraskende nok fulgte Italien f\u00f8rst efter i 2011.<\/p>\n<p><strong>Funktioner:<\/strong><\/p>\n<ul>\n<li><em>Rig h\u00f8st:<\/em> Cabernet Cortis trives i svagt lys. Dens blade, der ligner Cabernet Sauvignons, er dybt indsk\u00e5rne og femfingrede med en kraftig gr\u00f8n farve. I oktober viser den h\u00f8stmodne drue sine ranker.<\/li>\n<li><em>Robust modstandsdygtighed:<\/em> Denne sort trodser meldug, pulveriseret meldug og botrytis. Den resulterende dybr\u00f8de vin er rig p\u00e5 tanniner og kr\u00e6ver lidt tid til at mildne sin styrke og opn\u00e5 fuld smag.<\/li>\n<\/ul>\n<p><strong>Information:<\/strong><\/p>\n<ul>\n<li><em>Oprindelse fra:<\/em> Tyskland<\/li>\n<li><em>H\u00f8jde:<\/em> 40 cm<\/li>\n<li><em>Pottest\u00f8rrelse:<\/em> 9 cm<\/li>\n<\/ul>","protected":false},"excerpt":{"rendered":"<p>2x Vitis vinifera 'Cabernet Cortis'<\/p>\n<p>Bl\u00e5 drue<\/p>\n<p>Maks. h\u00f8jde: ca. 4 meter<\/p>\n<p>Leveringsh\u00f8jde inkl. potte: ca. 40 cm<\/p>\n<p>Pottest\u00f8rrelse: 9 cm<\/p>\n<p>Velegnet til b\u00e5de altan, terrasse og \u00e5bent terr\u00e6n<\/p>","protected":false},"featured_media":28677,"template":"","meta":{"_joinchat":[]},"product_brand":[],"product_cat":[262,39,1011,234,867],"product_tag":[745,969,1263,1264],"class_list":{"0":"post-28665","1":"product","2":"type-product","3":"status-publish","4":"has-post-thumbnail","6":"product_cat-bomen-struiken","7":"product_cat-druiven","8":"product_cat-fruit-deals","9":"product_cat-fruitstruiken","10":"product_cat-pakket-deals","11":"product_tag-blauwe-druif","12":"product_tag-cabernet","13":"product_tag-cortis","14":"product_tag-nieuw-ras","15":"pa_groeihoogte-300-cm","16":"pa_pot-9-cm-pot","18":"first","19":"outofstock","20":"taxable","21":"shipping-taxable","22":"purchasable","23":"product-type-simple"},"yoast_head":"<!-- This site is optimized with the Yoast SEO plugin v24.2 - https:\/\/yoast.com\/wordpress\/plugins\/seo\/ -->\n<title>Set van 2 Druiven - Vitis vinifera &#039;Cabernet Cortis&#039; - Hoogte 40cm - 9cm pot kopen | Planten eenvoudig online bestellen | Schramas.com<\/title>\n<meta name=\"robots\" content=\"index, follow, max-snippet:-1, max-image-preview:large, max-video-preview:-1\" \/>\n<link rel=\"canonical\" href=\"https:\/\/www.schramas.com\/dk\/butik\/saet-af-2-druer-vitis-vinifera-cabernet-cortis-hojde-40cm-9cm-potte\/\" \/>\n<meta property=\"og:locale\" content=\"da_DK\" \/>\n<meta property=\"og:type\" content=\"article\" \/>\n<meta property=\"og:title\" content=\"Set van 2 Druiven - Vitis vinifera &#039;Cabernet Cortis&#039; - Hoogte 40cm - 9cm pot kopen | Planten eenvoudig online bestellen | Schramas.com\" \/>\n<meta property=\"og:description\" content=\"2x Vitis vinifera &#039;Cabernet Cortis&#039;  Blauwe druif  Hoogte max.: ca. 4 meter  Leverhoogte incl. pot: ca. 40 cm  Potmaat: 9cm  Geschikt voor zowel balkon, patio als volle grond\" \/>\n<meta property=\"og:url\" content=\"https:\/\/www.schramas.com\/dk\/butik\/saet-af-2-druer-vitis-vinifera-cabernet-cortis-hojde-40cm-9cm-potte\/\" \/>\n<meta property=\"og:site_name\" content=\"Planten eenvoudig online bestellen | Schramas.com\" \/>\n<meta property=\"article:publisher\" content=\"https:\/\/www.facebook.com\/Schramascom-106872874153195\/\" \/>\n<meta property=\"article:modified_time\" content=\"2026-04-04T10:55:51+00:00\" \/>\n<meta property=\"og:image\" content=\"http:\/\/www.schramas.com\/wp-content\/uploads\/2023\/09\/Vitis-vinifera-Cabernet-Cortis-sfeer.jpg\" \/>\n\t<meta property=\"og:image:width\" content=\"817\" \/>\n\t<meta property=\"og:image:height\" content=\"819\" \/>\n\t<meta property=\"og:image:type\" content=\"image\/jpeg\" \/>\n<meta name=\"twitter:card\" content=\"summary_large_image\" \/>\n<meta name=\"twitter:label1\" content=\"Estimeret l\u00e6setid\" \/>\n\t<meta name=\"twitter:data1\" content=\"1 minut\" \/>\n<script type=\"application\/ld+json\" class=\"yoast-schema-graph\">{\"@context\":\"https:\/\/schema.org\",\"@graph\":[{\"@type\":[\"WebPage\",\"ItemPage\"],\"@id\":\"https:\/\/www.schramas.com\/winkel\/set-van-2-druiven-vitis-vinifera-cabernet-cortis-hoogte-40cm-9cm-pot\/\",\"url\":\"https:\/\/www.schramas.com\/winkel\/set-van-2-druiven-vitis-vinifera-cabernet-cortis-hoogte-40cm-9cm-pot\/\",\"name\":\"Set van 2 Druiven - Vitis vinifera 'Cabernet Cortis' - Hoogte 40cm - 9cm pot kopen | Planten eenvoudig online bestellen | Schramas.com\",\"isPartOf\":{\"@id\":\"https:\/\/www.schramas.com\/#website\"},\"primaryImageOfPage\":{\"@id\":\"https:\/\/www.schramas.com\/winkel\/set-van-2-druiven-vitis-vinifera-cabernet-cortis-hoogte-40cm-9cm-pot\/#primaryimage\"},\"image\":{\"@id\":\"https:\/\/www.schramas.com\/winkel\/set-van-2-druiven-vitis-vinifera-cabernet-cortis-hoogte-40cm-9cm-pot\/#primaryimage\"},\"thumbnailUrl\":\"https:\/\/www.schramas.com\/wp-content\/uploads\/2023\/09\/Vitis-vinifera-Cabernet-Cortis-sfeer.jpg\",\"datePublished\":\"2023-09-28T15:01:38+00:00\",\"dateModified\":\"2026-04-04T10:55:51+00:00\",\"breadcrumb\":{\"@id\":\"https:\/\/www.schramas.com\/winkel\/set-van-2-druiven-vitis-vinifera-cabernet-cortis-hoogte-40cm-9cm-pot\/#breadcrumb\"},\"inLanguage\":\"da-DK\",\"potentialAction\":[{\"@type\":\"ReadAction\",\"target\":[\"https:\/\/www.schramas.com\/winkel\/set-van-2-druiven-vitis-vinifera-cabernet-cortis-hoogte-40cm-9cm-pot\/\"]}]},{\"@type\":\"ImageObject\",\"inLanguage\":\"da-DK\",\"@id\":\"https:\/\/www.schramas.com\/winkel\/set-van-2-druiven-vitis-vinifera-cabernet-cortis-hoogte-40cm-9cm-pot\/#primaryimage\",\"url\":\"https:\/\/www.schramas.com\/wp-content\/uploads\/2023\/09\/Vitis-vinifera-Cabernet-Cortis-sfeer.jpg\",\"contentUrl\":\"https:\/\/www.schramas.com\/wp-content\/uploads\/2023\/09\/Vitis-vinifera-Cabernet-Cortis-sfeer.jpg\",\"width\":817,\"height\":819},{\"@type\":\"BreadcrumbList\",\"@id\":\"https:\/\/www.schramas.com\/winkel\/set-van-2-druiven-vitis-vinifera-cabernet-cortis-hoogte-40cm-9cm-pot\/#breadcrumb\",\"itemListElement\":[{\"@type\":\"ListItem\",\"position\":1,\"name\":\"Product\",\"item\":\"https:\/\/www.schramas.com\/assortiment\/\"},{\"@type\":\"ListItem\",\"position\":2,\"name\":\"Bomen &amp; Struiken\",\"item\":\"https:\/\/www.schramas.com\/product-category\/bomen-struiken\/\"},{\"@type\":\"ListItem\",\"position\":3,\"name\":\"Set van 2 Druiven &#8211; Vitis vinifera &#8216;Cabernet Cortis&#8217; &#8211; Hoogte 40cm &#8211; 9cm pot\"}]},{\"@type\":\"WebSite\",\"@id\":\"https:\/\/www.schramas.com\/#website\",\"url\":\"https:\/\/www.schramas.com\/\",\"name\":\"Schramas.com | Tuinplanten eenvoudig online bestellen | Direct van onze Kwekerij\",\"description\":\"\",\"alternateName\":\"Schramas.com - Alle planten direct van de kweker\",\"potentialAction\":[{\"@type\":\"SearchAction\",\"target\":{\"@type\":\"EntryPoint\",\"urlTemplate\":\"https:\/\/www.schramas.com\/?s={search_term_string}\"},\"query-input\":{\"@type\":\"PropertyValueSpecification\",\"valueRequired\":true,\"valueName\":\"search_term_string\"}}],\"inLanguage\":\"da-DK\"}]}<\/script>\n<!-- \/ Yoast SEO plugin. -->","yoast_head_json":{"title":"S\u00e6t med 2 druer - Vitis vinifera 'Cabernet Cortis' - K\u00f8b h\u00f8jde 40cm - 9cm potte | K\u00f8b planter nemt online | Schramas.com","robots":{"index":"index","follow":"follow","max-snippet":"max-snippet:-1","max-image-preview":"max-image-preview:large","max-video-preview":"max-video-preview:-1"},"canonical":"https:\/\/www.schramas.com\/dk\/butik\/saet-af-2-druer-vitis-vinifera-cabernet-cortis-hojde-40cm-9cm-potte\/","og_locale":"da_DK","og_type":"article","og_title":"Set van 2 Druiven - Vitis vinifera 'Cabernet Cortis' - Hoogte 40cm - 9cm pot kopen | Planten eenvoudig online bestellen | Schramas.com","og_description":"2x Vitis vinifera 'Cabernet Cortis'  Blauwe druif  Hoogte max.: ca. 4 meter  Leverhoogte incl. pot: ca. 40 cm  Potmaat: 9cm  Geschikt voor zowel balkon, patio als volle grond","og_url":"https:\/\/www.schramas.com\/dk\/butik\/saet-af-2-druer-vitis-vinifera-cabernet-cortis-hojde-40cm-9cm-potte\/","og_site_name":"Planten eenvoudig online bestellen | Schramas.com","article_publisher":"https:\/\/www.facebook.com\/Schramascom-106872874153195\/","article_modified_time":"2026-04-04T10:55:51+00:00","og_image":[{"width":817,"height":819,"url":"http:\/\/www.schramas.com\/wp-content\/uploads\/2023\/09\/Vitis-vinifera-Cabernet-Cortis-sfeer.jpg","type":"image\/jpeg"}],"twitter_card":"summary_large_image","twitter_misc":{"Estimeret l\u00e6setid":"1 minut"},"schema":{"@context":"https:\/\/schema.org","@graph":[{"@type":["WebPage","ItemPage"],"@id":"https:\/\/www.schramas.com\/winkel\/set-van-2-druiven-vitis-vinifera-cabernet-cortis-hoogte-40cm-9cm-pot\/","url":"https:\/\/www.schramas.com\/winkel\/set-van-2-druiven-vitis-vinifera-cabernet-cortis-hoogte-40cm-9cm-pot\/","name":"S\u00e6t med 2 druer - Vitis vinifera 'Cabernet Cortis' - K\u00f8b h\u00f8jde 40cm - 9cm potte | K\u00f8b planter nemt online | Schramas.com","isPartOf":{"@id":"https:\/\/www.schramas.com\/#website"},"primaryImageOfPage":{"@id":"https:\/\/www.schramas.com\/winkel\/set-van-2-druiven-vitis-vinifera-cabernet-cortis-hoogte-40cm-9cm-pot\/#primaryimage"},"image":{"@id":"https:\/\/www.schramas.com\/winkel\/set-van-2-druiven-vitis-vinifera-cabernet-cortis-hoogte-40cm-9cm-pot\/#primaryimage"},"thumbnailUrl":"https:\/\/www.schramas.com\/wp-content\/uploads\/2023\/09\/Vitis-vinifera-Cabernet-Cortis-sfeer.jpg","datePublished":"2023-09-28T15:01:38+00:00","dateModified":"2026-04-04T10:55:51+00:00","breadcrumb":{"@id":"https:\/\/www.schramas.com\/winkel\/set-van-2-druiven-vitis-vinifera-cabernet-cortis-hoogte-40cm-9cm-pot\/#breadcrumb"},"inLanguage":"da-DK","potentialAction":[{"@type":"ReadAction","target":["https:\/\/www.schramas.com\/winkel\/set-van-2-druiven-vitis-vinifera-cabernet-cortis-hoogte-40cm-9cm-pot\/"]}]},{"@type":"ImageObject","inLanguage":"da-DK","@id":"https:\/\/www.schramas.com\/winkel\/set-van-2-druiven-vitis-vinifera-cabernet-cortis-hoogte-40cm-9cm-pot\/#primaryimage","url":"https:\/\/www.schramas.com\/wp-content\/uploads\/2023\/09\/Vitis-vinifera-Cabernet-Cortis-sfeer.jpg","contentUrl":"https:\/\/www.schramas.com\/wp-content\/uploads\/2023\/09\/Vitis-vinifera-Cabernet-Cortis-sfeer.jpg","width":817,"height":819},{"@type":"BreadcrumbList","@id":"https:\/\/www.schramas.com\/winkel\/set-van-2-druiven-vitis-vinifera-cabernet-cortis-hoogte-40cm-9cm-pot\/#breadcrumb","itemListElement":[{"@type":"ListItem","position":1,"name":"Product","item":"https:\/\/www.schramas.com\/assortiment\/"},{"@type":"ListItem","position":2,"name":"Bomen &amp; Struiken","item":"https:\/\/www.schramas.com\/product-category\/bomen-struiken\/"},{"@type":"ListItem","position":3,"name":"Set van 2 Druiven &#8211; Vitis vinifera &#8216;Cabernet Cortis&#8217; &#8211; Hoogte 40cm &#8211; 9cm pot"}]},{"@type":"WebSite","@id":"https:\/\/www.schramas.com\/#website","url":"https:\/\/www.schramas.com\/","name":"Schramas.com | Haveplanter bestilles nemt online | Direkte fra vores gartneri","description":"","alternateName":"Schramas.com - Alle planten direct van de kweker","potentialAction":[{"@type":"SearchAction","target":{"@type":"EntryPoint","urlTemplate":"https:\/\/www.schramas.com\/?s={search_term_string}"},"query-input":{"@type":"PropertyValueSpecification","valueRequired":true,"valueName":"search_term_string"}}],"inLanguage":"da-DK"}]}},"_links":{"self":[{"href":"https:\/\/www.schramas.com\/dk\/wp-json\/wp\/v2\/product\/28665","targetHints":{"allow":["GET"]}}],"collection":[{"href":"https:\/\/www.schramas.com\/dk\/wp-json\/wp\/v2\/product"}],"about":[{"href":"https:\/\/www.schramas.com\/dk\/wp-json\/wp\/v2\/types\/product"}],"version-history":[{"count":1,"href":"https:\/\/www.schramas.com\/dk\/wp-json\/wp\/v2\/product\/28665\/revisions"}],"predecessor-version":[{"id":52821,"href":"https:\/\/www.schramas.com\/dk\/wp-json\/wp\/v2\/product\/28665\/revisions\/52821"}],"wp:featuredmedia":[{"embeddable":true,"href":"https:\/\/www.schramas.com\/dk\/wp-json\/wp\/v2\/media\/28677"}],"wp:attachment":[{"href":"https:\/\/www.schramas.com\/dk\/wp-json\/wp\/v2\/media?parent=28665"}],"wp:term":[{"taxonomy":"product_brand","embeddable":true,"href":"https:\/\/www.schramas.com\/dk\/wp-json\/wp\/v2\/product_brand?post=28665"},{"taxonomy":"product_cat","embeddable":true,"href":"https:\/\/www.schramas.com\/dk\/wp-json\/wp\/v2\/product_cat?post=28665"},{"taxonomy":"product_tag","embeddable":true,"href":"https:\/\/www.schramas.com\/dk\/wp-json\/wp\/v2\/product_tag?post=28665"}],"curies":[{"name":"wp","href":"https:\/\/api.w.org\/{rel}","templated":true}]}}