{"id":28997,"date":"2023-10-19T11:30:09","date_gmt":"2023-10-19T09:30:09","guid":{"rendered":"https:\/\/www.schramas.com\/?post_type=product&#038;p=28997"},"modified":"2026-03-26T16:35:57","modified_gmt":"2026-03-26T15:35:57","slug":"saet-af-4-gule-hyld-sambucus-nigra-golden-tower-hojde-25cm-9cm-potte","status":"publish","type":"product","link":"https:\/\/www.schramas.com\/dk\/butik\/saet-af-4-gule-hyld-sambucus-nigra-golden-tower-hojde-25cm-9cm-potte\/","title":{"rendered":"S\u00e6t med 4 gule hyld - Sambucus nigra 'Golden Tower' - H\u00f8jde 25 cm - 9 cm potte"},"content":{"rendered":"<p>Sambucus nigra 'Golden Tower' er en bem\u00e6rkelsesv\u00e6rdig tilf\u00f8jelse til enhver have. Denne kompakte busk tiltr\u00e6kker sig opm\u00e6rksomhed med sine str\u00e5lende lysegule blade. De unge skud skinner i en levende gul farve og forvandles gradvist til en smuk gr\u00f8nlig gul farve.<\/p>\n<p>I juni viser 'Golden Tower' mange vidunderligt duftende hvide blomster, som senere giver plads til dekorative b\u00e6r. Selve navnet, 'Golden Tower', afsl\u00f8rer alt det s\u00e6rlige ved denne Sambucus nigra. Planten har en elegant, slank og opret v\u00e6kstform. Dens gr\u00f8ngule blade ser ud til at glitre som guld i sollyset og har ogs\u00e5 en fortryllende dybt indsk\u00e5ret form.<\/p>\n<p>Det, der g\u00f8r denne busk ekstra attraktiv, er, at den er nem at passe. Placer den i fugtig, humusrig jord p\u00e5 et sted i halvskygge. Med en h\u00e5rdf\u00f8rhed p\u00e5 -22 \u00b0C kan 'Golden Tower' godt t\u00e5le kulde. Til sidst n\u00e5r denne busk en h\u00f8jde p\u00e5 3 meter og en bredde p\u00e5 70 cm. Takket v\u00e6re sin slanke form passer den perfekt i b\u00e5de store og sm\u00e5 haver.<\/p>\n<p>Uanset om du v\u00e6lger en solit\u00e6r plads i en krukke, en kombination med andre planter eller i et buskads, f\u00f8ler 'Golden Tower' sig hjemme overalt. Den er ogs\u00e5 s\u00e6rdeles velegnet til strukturerede bede. Med sin imponerende h\u00f8jde og markante farve tilf\u00f8rer 'Golden Tower' et strejf af magi til din have!<\/p>","protected":false},"excerpt":{"rendered":"<p>4x Sambucus nigra 'Golden Tower'<\/p>\n<p>Gul hyld<\/p>\n<p>Maks. h\u00f8jde ca. 300-400 cm<\/p>\n<p>L\u00f8vf\u00e6ldende<\/p>\n<p>Hardy<\/p>\n<p>Leveres i en 9 cm potte<\/p>","protected":false},"featured_media":28999,"template":"","meta":{"_joinchat":[]},"product_brand":[],"product_cat":[302,262,1011,234,300,867,1012,229,305],"product_tag":[1296,1299,1295,1294,1298,1300,1297,766],"class_list":{"0":"post-28997","1":"product","2":"type-product","3":"status-publish","4":"has-post-thumbnail","6":"product_cat-bladverliezende-heesters","7":"product_cat-bomen-struiken","8":"product_cat-fruit-deals","9":"product_cat-fruitstruiken","10":"product_cat-heesters","11":"product_cat-pakket-deals","12":"product_cat-overige-deals","13":"product_cat-sierheesters","14":"product_cat-planten-heesters","15":"product_tag-compacteheester","16":"product_tag-elegantegroei","17":"product_tag-heldergelebladeren","18":"product_tag-sambucusnigragoldentower","19":"product_tag-vlierbessen","20":"product_tag-winterhardheid","21":"product_tag-wittebloemen","22":"product_tag-bladverliezend","23":"pa_groeihoogte-300-cm","24":"pa_pot-9-cm-pot","26":"first","27":"outofstock","28":"taxable","29":"shipping-taxable","30":"purchasable","31":"product-type-simple"},"yoast_head":"<!-- This site is optimized with the Yoast SEO plugin v24.2 - https:\/\/yoast.com\/wordpress\/plugins\/seo\/ -->\n<title>Set Van 4 Gele vlier - Sambucus nigra &#039;Golden Tower&#039; \u2013 Hoogte 25cm - 9cm pot kopen | Planten eenvoudig online bestellen | Schramas.com<\/title>\n<meta name=\"robots\" content=\"index, follow, max-snippet:-1, max-image-preview:large, max-video-preview:-1\" \/>\n<link rel=\"canonical\" href=\"https:\/\/www.schramas.com\/dk\/butik\/saet-af-4-gule-hyld-sambucus-nigra-golden-tower-hojde-25cm-9cm-potte\/\" \/>\n<meta property=\"og:locale\" content=\"da_DK\" \/>\n<meta property=\"og:type\" content=\"article\" \/>\n<meta property=\"og:title\" content=\"Set Van 4 Gele vlier - Sambucus nigra &#039;Golden Tower&#039; \u2013 Hoogte 25cm - 9cm pot kopen | Planten eenvoudig online bestellen | Schramas.com\" \/>\n<meta property=\"og:description\" content=\"4x Sambucus nigra &#039;Golden Tower&#039;  Gele vlier  Max. hoogte ca. 300-400 cm  Bladverliezend  Winterhard  Geleverd in een 9cm pot\" \/>\n<meta property=\"og:url\" content=\"https:\/\/www.schramas.com\/dk\/butik\/saet-af-4-gule-hyld-sambucus-nigra-golden-tower-hojde-25cm-9cm-potte\/\" \/>\n<meta property=\"og:site_name\" content=\"Planten eenvoudig online bestellen | Schramas.com\" \/>\n<meta property=\"article:publisher\" content=\"https:\/\/www.facebook.com\/Schramascom-106872874153195\/\" \/>\n<meta property=\"article:modified_time\" content=\"2026-03-26T15:35:57+00:00\" \/>\n<meta property=\"og:image\" content=\"http:\/\/www.schramas.com\/wp-content\/uploads\/2023\/10\/Sambucus-nigra-Golden-Tower-sfeer.jpg\" \/>\n\t<meta property=\"og:image:width\" content=\"1600\" \/>\n\t<meta property=\"og:image:height\" content=\"1600\" \/>\n\t<meta property=\"og:image:type\" content=\"image\/jpeg\" \/>\n<meta name=\"twitter:card\" content=\"summary_large_image\" \/>\n<meta name=\"twitter:label1\" content=\"Estimeret l\u00e6setid\" \/>\n\t<meta name=\"twitter:data1\" content=\"1 minut\" \/>\n<script type=\"application\/ld+json\" class=\"yoast-schema-graph\">{\"@context\":\"https:\/\/schema.org\",\"@graph\":[{\"@type\":[\"WebPage\",\"ItemPage\"],\"@id\":\"https:\/\/www.schramas.com\/winkel\/set-van-4-gele-vlier-sambucus-nigra-golden-tower-hoogte-25cm-9cm-pot\/\",\"url\":\"https:\/\/www.schramas.com\/winkel\/set-van-4-gele-vlier-sambucus-nigra-golden-tower-hoogte-25cm-9cm-pot\/\",\"name\":\"Set Van 4 Gele vlier - Sambucus nigra 'Golden Tower' \u2013 Hoogte 25cm - 9cm pot kopen | Planten eenvoudig online bestellen | Schramas.com\",\"isPartOf\":{\"@id\":\"https:\/\/www.schramas.com\/#website\"},\"primaryImageOfPage\":{\"@id\":\"https:\/\/www.schramas.com\/winkel\/set-van-4-gele-vlier-sambucus-nigra-golden-tower-hoogte-25cm-9cm-pot\/#primaryimage\"},\"image\":{\"@id\":\"https:\/\/www.schramas.com\/winkel\/set-van-4-gele-vlier-sambucus-nigra-golden-tower-hoogte-25cm-9cm-pot\/#primaryimage\"},\"thumbnailUrl\":\"https:\/\/www.schramas.com\/wp-content\/uploads\/2023\/10\/Sambucus-nigra-Golden-Tower-sfeer.jpg\",\"datePublished\":\"2023-10-19T09:30:09+00:00\",\"dateModified\":\"2026-03-26T15:35:57+00:00\",\"breadcrumb\":{\"@id\":\"https:\/\/www.schramas.com\/winkel\/set-van-4-gele-vlier-sambucus-nigra-golden-tower-hoogte-25cm-9cm-pot\/#breadcrumb\"},\"inLanguage\":\"da-DK\",\"potentialAction\":[{\"@type\":\"ReadAction\",\"target\":[\"https:\/\/www.schramas.com\/winkel\/set-van-4-gele-vlier-sambucus-nigra-golden-tower-hoogte-25cm-9cm-pot\/\"]}]},{\"@type\":\"ImageObject\",\"inLanguage\":\"da-DK\",\"@id\":\"https:\/\/www.schramas.com\/winkel\/set-van-4-gele-vlier-sambucus-nigra-golden-tower-hoogte-25cm-9cm-pot\/#primaryimage\",\"url\":\"https:\/\/www.schramas.com\/wp-content\/uploads\/2023\/10\/Sambucus-nigra-Golden-Tower-sfeer.jpg\",\"contentUrl\":\"https:\/\/www.schramas.com\/wp-content\/uploads\/2023\/10\/Sambucus-nigra-Golden-Tower-sfeer.jpg\",\"width\":1600,\"height\":1600},{\"@type\":\"BreadcrumbList\",\"@id\":\"https:\/\/www.schramas.com\/winkel\/set-van-4-gele-vlier-sambucus-nigra-golden-tower-hoogte-25cm-9cm-pot\/#breadcrumb\",\"itemListElement\":[{\"@type\":\"ListItem\",\"position\":1,\"name\":\"Product\",\"item\":\"https:\/\/www.schramas.com\/assortiment\/\"},{\"@type\":\"ListItem\",\"position\":2,\"name\":\"Bomen &amp; Struiken\",\"item\":\"https:\/\/www.schramas.com\/product-category\/bomen-struiken\/\"},{\"@type\":\"ListItem\",\"position\":3,\"name\":\"Set Van 4 Gele vlier &#8211; Sambucus nigra &#8216;Golden Tower&#8217; \u2013 Hoogte 25cm &#8211; 9cm pot\"}]},{\"@type\":\"WebSite\",\"@id\":\"https:\/\/www.schramas.com\/#website\",\"url\":\"https:\/\/www.schramas.com\/\",\"name\":\"Schramas.com | Tuinplanten eenvoudig online bestellen | Direct van onze Kwekerij\",\"description\":\"\",\"alternateName\":\"Schramas.com - Alle planten direct van de kweker\",\"potentialAction\":[{\"@type\":\"SearchAction\",\"target\":{\"@type\":\"EntryPoint\",\"urlTemplate\":\"https:\/\/www.schramas.com\/?s={search_term_string}\"},\"query-input\":{\"@type\":\"PropertyValueSpecification\",\"valueRequired\":true,\"valueName\":\"search_term_string\"}}],\"inLanguage\":\"da-DK\"}]}<\/script>\n<!-- \/ Yoast SEO plugin. -->","yoast_head_json":{"title":"S\u00e6t med 4 gule hyld - Sambucus nigra 'Golden Tower' - K\u00f8b H\u00f8jde 25cm - 9cm potte | K\u00f8b planter nemt online | Schramas.com","robots":{"index":"index","follow":"follow","max-snippet":"max-snippet:-1","max-image-preview":"max-image-preview:large","max-video-preview":"max-video-preview:-1"},"canonical":"https:\/\/www.schramas.com\/dk\/butik\/saet-af-4-gule-hyld-sambucus-nigra-golden-tower-hojde-25cm-9cm-potte\/","og_locale":"da_DK","og_type":"article","og_title":"Set Van 4 Gele vlier - Sambucus nigra 'Golden Tower' \u2013 Hoogte 25cm - 9cm pot kopen | Planten eenvoudig online bestellen | Schramas.com","og_description":"4x Sambucus nigra 'Golden Tower'  Gele vlier  Max. hoogte ca. 300-400 cm  Bladverliezend  Winterhard  Geleverd in een 9cm pot","og_url":"https:\/\/www.schramas.com\/dk\/butik\/saet-af-4-gule-hyld-sambucus-nigra-golden-tower-hojde-25cm-9cm-potte\/","og_site_name":"Planten eenvoudig online bestellen | Schramas.com","article_publisher":"https:\/\/www.facebook.com\/Schramascom-106872874153195\/","article_modified_time":"2026-03-26T15:35:57+00:00","og_image":[{"width":1600,"height":1600,"url":"http:\/\/www.schramas.com\/wp-content\/uploads\/2023\/10\/Sambucus-nigra-Golden-Tower-sfeer.jpg","type":"image\/jpeg"}],"twitter_card":"summary_large_image","twitter_misc":{"Estimeret l\u00e6setid":"1 minut"},"schema":{"@context":"https:\/\/schema.org","@graph":[{"@type":["WebPage","ItemPage"],"@id":"https:\/\/www.schramas.com\/winkel\/set-van-4-gele-vlier-sambucus-nigra-golden-tower-hoogte-25cm-9cm-pot\/","url":"https:\/\/www.schramas.com\/winkel\/set-van-4-gele-vlier-sambucus-nigra-golden-tower-hoogte-25cm-9cm-pot\/","name":"S\u00e6t med 4 gule hyld - Sambucus nigra 'Golden Tower' - K\u00f8b H\u00f8jde 25cm - 9cm potte | K\u00f8b planter nemt online | Schramas.com","isPartOf":{"@id":"https:\/\/www.schramas.com\/#website"},"primaryImageOfPage":{"@id":"https:\/\/www.schramas.com\/winkel\/set-van-4-gele-vlier-sambucus-nigra-golden-tower-hoogte-25cm-9cm-pot\/#primaryimage"},"image":{"@id":"https:\/\/www.schramas.com\/winkel\/set-van-4-gele-vlier-sambucus-nigra-golden-tower-hoogte-25cm-9cm-pot\/#primaryimage"},"thumbnailUrl":"https:\/\/www.schramas.com\/wp-content\/uploads\/2023\/10\/Sambucus-nigra-Golden-Tower-sfeer.jpg","datePublished":"2023-10-19T09:30:09+00:00","dateModified":"2026-03-26T15:35:57+00:00","breadcrumb":{"@id":"https:\/\/www.schramas.com\/winkel\/set-van-4-gele-vlier-sambucus-nigra-golden-tower-hoogte-25cm-9cm-pot\/#breadcrumb"},"inLanguage":"da-DK","potentialAction":[{"@type":"ReadAction","target":["https:\/\/www.schramas.com\/winkel\/set-van-4-gele-vlier-sambucus-nigra-golden-tower-hoogte-25cm-9cm-pot\/"]}]},{"@type":"ImageObject","inLanguage":"da-DK","@id":"https:\/\/www.schramas.com\/winkel\/set-van-4-gele-vlier-sambucus-nigra-golden-tower-hoogte-25cm-9cm-pot\/#primaryimage","url":"https:\/\/www.schramas.com\/wp-content\/uploads\/2023\/10\/Sambucus-nigra-Golden-Tower-sfeer.jpg","contentUrl":"https:\/\/www.schramas.com\/wp-content\/uploads\/2023\/10\/Sambucus-nigra-Golden-Tower-sfeer.jpg","width":1600,"height":1600},{"@type":"BreadcrumbList","@id":"https:\/\/www.schramas.com\/winkel\/set-van-4-gele-vlier-sambucus-nigra-golden-tower-hoogte-25cm-9cm-pot\/#breadcrumb","itemListElement":[{"@type":"ListItem","position":1,"name":"Product","item":"https:\/\/www.schramas.com\/assortiment\/"},{"@type":"ListItem","position":2,"name":"Bomen &amp; Struiken","item":"https:\/\/www.schramas.com\/product-category\/bomen-struiken\/"},{"@type":"ListItem","position":3,"name":"Set Van 4 Gele vlier &#8211; Sambucus nigra &#8216;Golden Tower&#8217; \u2013 Hoogte 25cm &#8211; 9cm pot"}]},{"@type":"WebSite","@id":"https:\/\/www.schramas.com\/#website","url":"https:\/\/www.schramas.com\/","name":"Schramas.com | Haveplanter bestilles nemt online | Direkte fra vores gartneri","description":"","alternateName":"Schramas.com - Alle planten direct van de kweker","potentialAction":[{"@type":"SearchAction","target":{"@type":"EntryPoint","urlTemplate":"https:\/\/www.schramas.com\/?s={search_term_string}"},"query-input":{"@type":"PropertyValueSpecification","valueRequired":true,"valueName":"search_term_string"}}],"inLanguage":"da-DK"}]}},"_links":{"self":[{"href":"https:\/\/www.schramas.com\/dk\/wp-json\/wp\/v2\/product\/28997","targetHints":{"allow":["GET"]}}],"collection":[{"href":"https:\/\/www.schramas.com\/dk\/wp-json\/wp\/v2\/product"}],"about":[{"href":"https:\/\/www.schramas.com\/dk\/wp-json\/wp\/v2\/types\/product"}],"version-history":[{"count":1,"href":"https:\/\/www.schramas.com\/dk\/wp-json\/wp\/v2\/product\/28997\/revisions"}],"predecessor-version":[{"id":60937,"href":"https:\/\/www.schramas.com\/dk\/wp-json\/wp\/v2\/product\/28997\/revisions\/60937"}],"wp:featuredmedia":[{"embeddable":true,"href":"https:\/\/www.schramas.com\/dk\/wp-json\/wp\/v2\/media\/28999"}],"wp:attachment":[{"href":"https:\/\/www.schramas.com\/dk\/wp-json\/wp\/v2\/media?parent=28997"}],"wp:term":[{"taxonomy":"product_brand","embeddable":true,"href":"https:\/\/www.schramas.com\/dk\/wp-json\/wp\/v2\/product_brand?post=28997"},{"taxonomy":"product_cat","embeddable":true,"href":"https:\/\/www.schramas.com\/dk\/wp-json\/wp\/v2\/product_cat?post=28997"},{"taxonomy":"product_tag","embeddable":true,"href":"https:\/\/www.schramas.com\/dk\/wp-json\/wp\/v2\/product_tag?post=28997"}],"curies":[{"name":"wp","href":"https:\/\/api.w.org\/{rel}","templated":true}]}}