{"id":29021,"date":"2023-10-19T14:16:26","date_gmt":"2023-10-19T12:16:26","guid":{"rendered":"https:\/\/www.schramas.com\/?post_type=product&#038;p=29021"},"modified":"2026-05-05T16:28:47","modified_gmt":"2026-05-05T14:28:47","slug":"saet-med-4-kiwibaer-actinidia-arguta-ananasnaya-kiwibaer-hojde-25cm-9cm-potte","status":"publish","type":"product","link":"https:\/\/www.schramas.com\/dk\/butik\/saet-med-4-kiwibaer-actinidia-arguta-ananasnaya-kiwibaer-hojde-25cm-9cm-potte\/","title":{"rendered":"S\u00e6t med 4 kiwib\u00e6r - Actinidia arguta 'Ananasnaya' - Kiwib\u00e6r - H\u00f8jde 25 cm - 9 cm potte"},"content":{"rendered":"<p data-start=\"444\" data-end=\"705\">Deze set van 4 Actinidia arguta \u2018Ananasnaya\u2019 bestaat uit een productieve kiwibesvari\u00ebteit die kleine, gladde kiwi\u2019s produceert. In tegenstelling tot de bekende kiwi hebben kiwibessen een dunne, gladde schil en kunnen ze direct gegeten worden zonder te schillen.<\/p>\n<p data-start=\"707\" data-end=\"943\">De vruchten van \u2018Ananasnaya\u2019 staan bekend om hun zoete en aromatische smaak, die vaak wordt vergeleken met een lichte ananastoon. Door meerdere planten samen aan te planten ontstaat een sterke basis voor een productieve kiwibesaanplant.<\/p>\n<p data-start=\"945\" data-end=\"1049\"><strong>Indhold i dette s\u00e6t<\/strong><br data-start=\"964\" data-end=\"967\" \/>\u2022 4 x Actinidia arguta \u2018Ananasnaya\u2019 \u2013 kiwibes<br data-start=\"1012\" data-end=\"1015\" \/>- Samlet antal planter: 4 stykker<\/p>\n<p data-start=\"1051\" data-end=\"1098\"><strong>Over de Actinidia arguta \u2018Ananasnaya\u2019 (kiwibes)<\/strong><\/p>\n<p data-start=\"1100\" data-end=\"1390\">\u2018Ananasnaya\u2019 is een vrouwelijke kiwibesvari\u00ebteit die in het voorjaar bloeit met roomwitte bloemen. Na de bloei ontwikkelen zich kleine, langwerpige vruchten die in het najaar rijpen. De vruchten zijn groen met soms een lichte roodtint aan de zonzijde en hebben een sappig, zoet vruchtvlees.<\/p>\n<p data-start=\"1392\" data-end=\"1603\">Deze vari\u00ebteit staat bekend om zijn hoge productiviteit en sterke winterhardheid. Voor een goede bestuiving is een mannelijke <strong><a href=\"https:\/\/www.schramas.com\/dk\/butik\/set-van-4-kiwibessen-actinidia-arguta-weiki-mannelijke-kiwibes-hoogte-25cm-9cm-pot\/\">kiwibes &#8216;Weiki&#8217;<\/a><\/strong> of een zelfbestuivende vari\u00ebteit zoals <strong><a href=\"https:\/\/www.schramas.com\/dk\/butik\/saet-med-4-kiwibaer-actinidia-arguta-issai-kiwibaer-hojde-25cm-9cm-potte\/\">Actinidia arguta \u2018Issai\u2019<\/a><\/strong> aan te raden. Zie onze dus ook onze andere kiwibessen!<\/p>\n<p data-start=\"1605\" data-end=\"1630\"><strong>Beliggenhed og pleje<\/strong><\/p>\n<p data-start=\"1632\" data-end=\"1942\">Actinidia arguta groeit als klimplant en heeft ondersteuning nodig, bijvoorbeeld langs een pergola, rek of schutting. De plant groeit het best op een zonnige tot licht beschaduwde plek in goed doorlatende grond. Jaarlijkse snoei kan in het voorjaar worden uitgevoerd om de groei en vruchtvorming te stimuleren.<\/p>\n<p data-start=\"1944\" data-end=\"1959\"><strong>Specifikationer<\/strong><\/p>\n<p data-start=\"1961\" data-end=\"2458\">- Pottest\u00f8rrelse: 9 cm<br data-start=\"1976\" data-end=\"1979\" \/>- Vejledende h\u00f8jde ved levering: ca. 25 cm<br data-start=\"2020\" data-end=\"2023\" \/>- Antal planter: 4<br data-start=\"2042\" data-end=\"2045\" \/>- Voksenh\u00f8jde: ca. 3 til 4 meter<br data-start=\"2082\" data-end=\"2085\" \/>\u2022 Groeiwijze: klimmend<br data-start=\"2107\" data-end=\"2110\" \/>- Placering: sol til halvskygge<br data-start=\"2144\" data-end=\"2147\" \/>- Jordtype: gennemtr\u00e6ngelig, n\u00e6ringsrig<br data-start=\"2186\" data-end=\"2189\" \/>- Blomstringstid: Maj-juni<br data-start=\"2210\" data-end=\"2213\" \/>\u2022 Bloemkleur: roomwit<br data-start=\"2234\" data-end=\"2237\" \/>\u2022 Vruchten: kleine kiwi\u2019s met gladde schil<br data-start=\"2279\" data-end=\"2282\" \/>\u2022 Oogstperiode: september\u2013oktober<br data-start=\"2315\" data-end=\"2318\" \/>- Vinterudseende: l\u00f8vf\u00e6ldende<br data-start=\"2347\" data-end=\"2350\" \/>\u2022 Winterhardheid: zeer winterhard (tot ca. \u201328 \u00b0C)<br data-start=\"2400\" data-end=\"2403\" \/>\u2022 Bestuiving: vrouwelijke plant, bestuiver aanbevolen<\/p>\n<p data-start=\"2460\" data-end=\"2723\">Met deze set van 4 Actinidia arguta \u2018Ananasnaya\u2019 haal je een sterke en productieve kiwibes in huis die kleine, aromatische kiwi\u2019s produceert. Door de goede winterhardheid en krachtige groei is deze plant geschikt voor tuinen waar een eetbare klimplant gewenst is.<\/p>","protected":false},"excerpt":{"rendered":"<p>\u2022 Set van 4 Actinidia arguta \u2018Ananasnaya\u2019<br data-start=\"89\" data-end=\"92\" \/>\u2022 Nederlandse naam: kiwibes<br data-start=\"119\" data-end=\"122\" \/>\u2022 Bijzonder door kleine kiwi\u2019s met zoete smaak en gladde eetbare schil<br data-start=\"192\" data-end=\"195\" \/>- Voksenh\u00f8jde ca. 300-400 cm<br data-start=\"228\" data-end=\"231\" \/>- Placering: sol til halvskygge<br data-start=\"265\" data-end=\"268\" \/>- H\u00e5rdf\u00f8rhed: Meget h\u00e5rdf\u00f8r<\/p>","protected":false},"featured_media":29022,"template":"","meta":{"_joinchat":[]},"product_brand":[],"product_cat":[262,1011,234,36,867],"product_tag":[1332,1333,1334,1335,650,4963,4968,1281,754,4964,4965,4967,4971,4970,4966,4972,4969,316],"class_list":{"0":"post-29021","1":"product","2":"type-product","3":"status-publish","4":"has-post-thumbnail","6":"product_cat-bomen-struiken","7":"product_cat-fruit-deals","8":"product_cat-fruitstruiken","9":"product_cat-kiwis","10":"product_cat-pakket-deals","11":"product_tag-actinidiaarguta","12":"product_tag-ananasnaya","13":"product_tag-ananassmaak","14":"product_tag-sappigfruit","15":"product_tag-actinidia","16":"product_tag-actinidia-arguta-ananasnaya","17":"product_tag-actinidia-arguta-kopen","18":"product_tag-eetbaretuin","19":"product_tag-kiwibes","20":"product_tag-kiwibes-ananasnaya","21":"product_tag-kiwibes-kopen","22":"product_tag-kiwibes-plant","23":"product_tag-kiwibes-tuin","24":"product_tag-klimplant-eetbaar-fruit","25":"product_tag-mini-kiwi-plant","26":"product_tag-mini-kiwi-plant-kopen","27":"product_tag-winterharde-kiwi","28":"product_tag-zelfbestuivend","29":"pa_ewd_uwcf_colors-groen-2","30":"pa_groeihoogte-300-cm","31":"pa_pot-9-cm-pot","33":"first","34":"instock","35":"taxable","36":"shipping-taxable","37":"purchasable","38":"product-type-simple"},"yoast_head":"<!-- This site is optimized with the Yoast SEO plugin v24.2 - https:\/\/yoast.com\/wordpress\/plugins\/seo\/ -->\n<title>Set van 4 kiwibessen- Actinidia arguta &#039;Ananasnaya&#039; - Kiwibes- Hoogte 25cm - 9cm pot kopen | Planten eenvoudig online bestellen | Schramas.com<\/title>\n<meta name=\"robots\" content=\"index, follow, max-snippet:-1, max-image-preview:large, max-video-preview:-1\" \/>\n<link rel=\"canonical\" href=\"https:\/\/www.schramas.com\/dk\/butik\/saet-med-4-kiwibaer-actinidia-arguta-ananasnaya-kiwibaer-hojde-25cm-9cm-potte\/\" \/>\n<meta property=\"og:locale\" content=\"da_DK\" \/>\n<meta property=\"og:type\" content=\"article\" \/>\n<meta property=\"og:title\" content=\"Set van 4 kiwibessen- Actinidia arguta &#039;Ananasnaya&#039; - Kiwibes- Hoogte 25cm - 9cm pot kopen | Planten eenvoudig online bestellen | Schramas.com\" \/>\n<meta property=\"og:description\" content=\"\u2022 Set van 4 Actinidia arguta \u2018Ananasnaya\u2019\u2022 Nederlandse naam: kiwibes\u2022 Bijzonder door kleine kiwi\u2019s met zoete smaak en gladde eetbare schil\u2022 Volwassen hoogte ca. 300\u2013400 cm\u2022 Standplaats: zon tot halfschaduw\u2022 Winterhardheid: Zeer winterhard\" \/>\n<meta property=\"og:url\" content=\"https:\/\/www.schramas.com\/dk\/butik\/saet-med-4-kiwibaer-actinidia-arguta-ananasnaya-kiwibaer-hojde-25cm-9cm-potte\/\" \/>\n<meta property=\"og:site_name\" content=\"Planten eenvoudig online bestellen | Schramas.com\" \/>\n<meta property=\"article:publisher\" content=\"https:\/\/www.facebook.com\/Schramascom-106872874153195\/\" \/>\n<meta property=\"article:modified_time\" content=\"2026-05-05T14:28:47+00:00\" \/>\n<meta property=\"og:image\" content=\"http:\/\/www.schramas.com\/wp-content\/uploads\/2023\/10\/Actinidia-arguta-Ananasnaya-sfeer.jpg\" \/>\n\t<meta property=\"og:image:width\" content=\"833\" \/>\n\t<meta property=\"og:image:height\" content=\"834\" \/>\n\t<meta property=\"og:image:type\" content=\"image\/jpeg\" \/>\n<meta name=\"twitter:card\" content=\"summary_large_image\" \/>\n<meta name=\"twitter:label1\" content=\"Estimeret l\u00e6setid\" \/>\n\t<meta name=\"twitter:data1\" content=\"1 minut\" \/>\n<script type=\"application\/ld+json\" class=\"yoast-schema-graph\">{\"@context\":\"https:\/\/schema.org\",\"@graph\":[{\"@type\":[\"WebPage\",\"ItemPage\"],\"@id\":\"https:\/\/www.schramas.com\/winkel\/set-van-4-kiwibessen-actinidia-arguta-ananasnaya-kiwibes-hoogte-25cm-9cm-pot\/\",\"url\":\"https:\/\/www.schramas.com\/winkel\/set-van-4-kiwibessen-actinidia-arguta-ananasnaya-kiwibes-hoogte-25cm-9cm-pot\/\",\"name\":\"Set van 4 kiwibessen- Actinidia arguta 'Ananasnaya' - Kiwibes- Hoogte 25cm - 9cm pot kopen | Planten eenvoudig online bestellen | Schramas.com\",\"isPartOf\":{\"@id\":\"https:\/\/www.schramas.com\/#website\"},\"primaryImageOfPage\":{\"@id\":\"https:\/\/www.schramas.com\/winkel\/set-van-4-kiwibessen-actinidia-arguta-ananasnaya-kiwibes-hoogte-25cm-9cm-pot\/#primaryimage\"},\"image\":{\"@id\":\"https:\/\/www.schramas.com\/winkel\/set-van-4-kiwibessen-actinidia-arguta-ananasnaya-kiwibes-hoogte-25cm-9cm-pot\/#primaryimage\"},\"thumbnailUrl\":\"https:\/\/www.schramas.com\/wp-content\/uploads\/2023\/10\/Actinidia-arguta-Ananasnaya-sfeer.jpg\",\"datePublished\":\"2023-10-19T12:16:26+00:00\",\"dateModified\":\"2026-05-05T14:28:47+00:00\",\"breadcrumb\":{\"@id\":\"https:\/\/www.schramas.com\/winkel\/set-van-4-kiwibessen-actinidia-arguta-ananasnaya-kiwibes-hoogte-25cm-9cm-pot\/#breadcrumb\"},\"inLanguage\":\"da-DK\",\"potentialAction\":[{\"@type\":\"ReadAction\",\"target\":[\"https:\/\/www.schramas.com\/winkel\/set-van-4-kiwibessen-actinidia-arguta-ananasnaya-kiwibes-hoogte-25cm-9cm-pot\/\"]}]},{\"@type\":\"ImageObject\",\"inLanguage\":\"da-DK\",\"@id\":\"https:\/\/www.schramas.com\/winkel\/set-van-4-kiwibessen-actinidia-arguta-ananasnaya-kiwibes-hoogte-25cm-9cm-pot\/#primaryimage\",\"url\":\"https:\/\/www.schramas.com\/wp-content\/uploads\/2023\/10\/Actinidia-arguta-Ananasnaya-sfeer.jpg\",\"contentUrl\":\"https:\/\/www.schramas.com\/wp-content\/uploads\/2023\/10\/Actinidia-arguta-Ananasnaya-sfeer.jpg\",\"width\":833,\"height\":834},{\"@type\":\"BreadcrumbList\",\"@id\":\"https:\/\/www.schramas.com\/winkel\/set-van-4-kiwibessen-actinidia-arguta-ananasnaya-kiwibes-hoogte-25cm-9cm-pot\/#breadcrumb\",\"itemListElement\":[{\"@type\":\"ListItem\",\"position\":1,\"name\":\"Product\",\"item\":\"https:\/\/www.schramas.com\/assortiment\/\"},{\"@type\":\"ListItem\",\"position\":2,\"name\":\"Bomen &amp; Struiken\",\"item\":\"https:\/\/www.schramas.com\/product-category\/bomen-struiken\/\"},{\"@type\":\"ListItem\",\"position\":3,\"name\":\"Set van 4 kiwibessen- Actinidia arguta &#8216;Ananasnaya&#8217; &#8211; Kiwibes- Hoogte 25cm &#8211; 9cm pot\"}]},{\"@type\":\"WebSite\",\"@id\":\"https:\/\/www.schramas.com\/#website\",\"url\":\"https:\/\/www.schramas.com\/\",\"name\":\"Schramas.com | Tuinplanten eenvoudig online bestellen | Direct van onze Kwekerij\",\"description\":\"\",\"alternateName\":\"Schramas.com - Alle planten direct van de kweker\",\"potentialAction\":[{\"@type\":\"SearchAction\",\"target\":{\"@type\":\"EntryPoint\",\"urlTemplate\":\"https:\/\/www.schramas.com\/?s={search_term_string}\"},\"query-input\":{\"@type\":\"PropertyValueSpecification\",\"valueRequired\":true,\"valueName\":\"search_term_string\"}}],\"inLanguage\":\"da-DK\"}]}<\/script>\n<!-- \/ Yoast SEO plugin. -->","yoast_head_json":{"title":"K\u00f8b s\u00e6t med 4 kiwib\u00e6r - Actinidia arguta &#039;Ananasnaya&#039; - Kiwib\u00e6r - H\u00f8jde 25cm - 9cm potte | Bestil nemt planter online | Schramas.com","robots":{"index":"index","follow":"follow","max-snippet":"max-snippet:-1","max-image-preview":"max-image-preview:large","max-video-preview":"max-video-preview:-1"},"canonical":"https:\/\/www.schramas.com\/dk\/butik\/saet-med-4-kiwibaer-actinidia-arguta-ananasnaya-kiwibaer-hojde-25cm-9cm-potte\/","og_locale":"da_DK","og_type":"article","og_title":"Set van 4 kiwibessen- Actinidia arguta 'Ananasnaya' - Kiwibes- Hoogte 25cm - 9cm pot kopen | Planten eenvoudig online bestellen | Schramas.com","og_description":"\u2022 Set van 4 Actinidia arguta \u2018Ananasnaya\u2019\u2022 Nederlandse naam: kiwibes\u2022 Bijzonder door kleine kiwi\u2019s met zoete smaak en gladde eetbare schil\u2022 Volwassen hoogte ca. 300\u2013400 cm\u2022 Standplaats: zon tot halfschaduw\u2022 Winterhardheid: Zeer winterhard","og_url":"https:\/\/www.schramas.com\/dk\/butik\/saet-med-4-kiwibaer-actinidia-arguta-ananasnaya-kiwibaer-hojde-25cm-9cm-potte\/","og_site_name":"Planten eenvoudig online bestellen | Schramas.com","article_publisher":"https:\/\/www.facebook.com\/Schramascom-106872874153195\/","article_modified_time":"2026-05-05T14:28:47+00:00","og_image":[{"width":833,"height":834,"url":"http:\/\/www.schramas.com\/wp-content\/uploads\/2023\/10\/Actinidia-arguta-Ananasnaya-sfeer.jpg","type":"image\/jpeg"}],"twitter_card":"summary_large_image","twitter_misc":{"Estimeret l\u00e6setid":"1 minut"},"schema":{"@context":"https:\/\/schema.org","@graph":[{"@type":["WebPage","ItemPage"],"@id":"https:\/\/www.schramas.com\/winkel\/set-van-4-kiwibessen-actinidia-arguta-ananasnaya-kiwibes-hoogte-25cm-9cm-pot\/","url":"https:\/\/www.schramas.com\/winkel\/set-van-4-kiwibessen-actinidia-arguta-ananasnaya-kiwibes-hoogte-25cm-9cm-pot\/","name":"K\u00f8b s\u00e6t med 4 kiwib\u00e6r - Actinidia arguta &#039;Ananasnaya&#039; - Kiwib\u00e6r - H\u00f8jde 25cm - 9cm potte | Bestil nemt planter online | Schramas.com","isPartOf":{"@id":"https:\/\/www.schramas.com\/#website"},"primaryImageOfPage":{"@id":"https:\/\/www.schramas.com\/winkel\/set-van-4-kiwibessen-actinidia-arguta-ananasnaya-kiwibes-hoogte-25cm-9cm-pot\/#primaryimage"},"image":{"@id":"https:\/\/www.schramas.com\/winkel\/set-van-4-kiwibessen-actinidia-arguta-ananasnaya-kiwibes-hoogte-25cm-9cm-pot\/#primaryimage"},"thumbnailUrl":"https:\/\/www.schramas.com\/wp-content\/uploads\/2023\/10\/Actinidia-arguta-Ananasnaya-sfeer.jpg","datePublished":"2023-10-19T12:16:26+00:00","dateModified":"2026-05-05T14:28:47+00:00","breadcrumb":{"@id":"https:\/\/www.schramas.com\/winkel\/set-van-4-kiwibessen-actinidia-arguta-ananasnaya-kiwibes-hoogte-25cm-9cm-pot\/#breadcrumb"},"inLanguage":"da-DK","potentialAction":[{"@type":"ReadAction","target":["https:\/\/www.schramas.com\/winkel\/set-van-4-kiwibessen-actinidia-arguta-ananasnaya-kiwibes-hoogte-25cm-9cm-pot\/"]}]},{"@type":"ImageObject","inLanguage":"da-DK","@id":"https:\/\/www.schramas.com\/winkel\/set-van-4-kiwibessen-actinidia-arguta-ananasnaya-kiwibes-hoogte-25cm-9cm-pot\/#primaryimage","url":"https:\/\/www.schramas.com\/wp-content\/uploads\/2023\/10\/Actinidia-arguta-Ananasnaya-sfeer.jpg","contentUrl":"https:\/\/www.schramas.com\/wp-content\/uploads\/2023\/10\/Actinidia-arguta-Ananasnaya-sfeer.jpg","width":833,"height":834},{"@type":"BreadcrumbList","@id":"https:\/\/www.schramas.com\/winkel\/set-van-4-kiwibessen-actinidia-arguta-ananasnaya-kiwibes-hoogte-25cm-9cm-pot\/#breadcrumb","itemListElement":[{"@type":"ListItem","position":1,"name":"Product","item":"https:\/\/www.schramas.com\/assortiment\/"},{"@type":"ListItem","position":2,"name":"Bomen &amp; Struiken","item":"https:\/\/www.schramas.com\/product-category\/bomen-struiken\/"},{"@type":"ListItem","position":3,"name":"Set van 4 kiwibessen- Actinidia arguta &#8216;Ananasnaya&#8217; &#8211; Kiwibes- Hoogte 25cm &#8211; 9cm pot"}]},{"@type":"WebSite","@id":"https:\/\/www.schramas.com\/#website","url":"https:\/\/www.schramas.com\/","name":"Schramas.com | Haveplanter bestilles nemt online | Direkte fra vores gartneri","description":"","alternateName":"Schramas.com - Alle planten direct van de kweker","potentialAction":[{"@type":"SearchAction","target":{"@type":"EntryPoint","urlTemplate":"https:\/\/www.schramas.com\/?s={search_term_string}"},"query-input":{"@type":"PropertyValueSpecification","valueRequired":true,"valueName":"search_term_string"}}],"inLanguage":"da-DK"}]}},"_links":{"self":[{"href":"https:\/\/www.schramas.com\/dk\/wp-json\/wp\/v2\/product\/29021","targetHints":{"allow":["GET"]}}],"collection":[{"href":"https:\/\/www.schramas.com\/dk\/wp-json\/wp\/v2\/product"}],"about":[{"href":"https:\/\/www.schramas.com\/dk\/wp-json\/wp\/v2\/types\/product"}],"version-history":[{"count":2,"href":"https:\/\/www.schramas.com\/dk\/wp-json\/wp\/v2\/product\/29021\/revisions"}],"predecessor-version":[{"id":68542,"href":"https:\/\/www.schramas.com\/dk\/wp-json\/wp\/v2\/product\/29021\/revisions\/68542"}],"wp:featuredmedia":[{"embeddable":true,"href":"https:\/\/www.schramas.com\/dk\/wp-json\/wp\/v2\/media\/29022"}],"wp:attachment":[{"href":"https:\/\/www.schramas.com\/dk\/wp-json\/wp\/v2\/media?parent=29021"}],"wp:term":[{"taxonomy":"product_brand","embeddable":true,"href":"https:\/\/www.schramas.com\/dk\/wp-json\/wp\/v2\/product_brand?post=29021"},{"taxonomy":"product_cat","embeddable":true,"href":"https:\/\/www.schramas.com\/dk\/wp-json\/wp\/v2\/product_cat?post=29021"},{"taxonomy":"product_tag","embeddable":true,"href":"https:\/\/www.schramas.com\/dk\/wp-json\/wp\/v2\/product_tag?post=29021"}],"curies":[{"name":"wp","href":"https:\/\/api.w.org\/{rel}","templated":true}]}}