{"id":29262,"date":"2023-10-27T17:50:19","date_gmt":"2023-10-27T15:50:19","guid":{"rendered":"https:\/\/www.schramas.com\/?post_type=product&#038;p=29262"},"modified":"2026-03-26T16:36:09","modified_gmt":"2026-03-26T15:36:09","slug":"magnolia-kobus-nordjapansk-magnolia-hojde-100cm-14cm-potte","status":"publish","type":"product","link":"https:\/\/www.schramas.com\/dk\/butik\/magnolia-kobus-nordjapansk-magnolia-hojde-100cm-14cm-potte\/","title":{"rendered":"Magnolia kobus - Nordjapansk magnolia - H\u00f8jde 100 cm - 14 cm potte"},"content":{"rendered":"<div class=\"group final-completion w-full text-token-text-primary border-b border-black\/10 gizmo:border-0 dark:border-gray-900\/50 gizmo:dark:border-0 bg-gray-50 gizmo:bg-transparent dark:bg-[#444654] gizmo:dark:bg-transparent\" data-testid=\"conversation-turn-292\">\n<div class=\"p-4 gizmo:py-2 justify-center text-base md:gap-6 md:py-6 m-auto\">\n<div class=\"flex flex-1 gap-4 text-base mx-auto md:gap-6 gizmo:gap-3 gizmo:md:px-5 gizmo:lg:px-1 gizmo:xl:px-5 md:max-w-2xl lg:max-w-[38rem] gizmo:md:max-w-3xl gizmo:lg:max-w-[40rem] gizmo:xl:max-w-[48rem] xl:max-w-3xl }\">\n<div class=\"relative flex w-[calc(100%-50px)] flex-col gizmo:w-full lg:w-[calc(100%-115px)] agent-turn\">\n<div class=\"flex-col gap-1 md:gap-3\">\n<div class=\"flex flex-grow flex-col gap-3 max-w-full\">\n<div class=\"min-h-[20px] flex flex-col items-start gap-3 whitespace-pre-wrap break-words overflow-x-auto\">\n<div class=\"markdown prose w-full break-words dark:prose-invert light\">\n<p>Magnolia kobus, ogs\u00e5 kendt som b\u00e6vertr\u00e6et eller falsk tulipantr\u00e6, fortryller med et frodigt flor af store, rent hvide blomster omkring april m\u00e5ned. Efterh\u00e5nden som tr\u00e6et \u00e6ldes, bliver denne blomstring endnu rigere og mere rigelig. De dybgr\u00f8nne blade f\u00e5r som regel en smuk gul efter\u00e5rsfarve. R\u00f8de frugter kan ogs\u00e5 dukke op efter blomstring. Denne magnolia vokser st\u00f8t og er derfor ogs\u00e5 velegnet til mindre haver.<\/p>\n<p>Selvom Magnolia kobus efterh\u00e5nden kan n\u00e5 en h\u00f8jde p\u00e5 8 til 10 meter, er v\u00e6ksten langsom og hovedsageligt opret i begyndelsen. F\u00f8rst i en senere alder vil kronen udvide sig til en bred \u00e6gformet form. De glatte grene har uldh\u00e5rede knopper. Bladene, kortspidsede og ovale i formen, bliver smukt gule om efter\u00e5ret. Blomsterne, helt \u00e5bne, vises f\u00f8r bladene kommer frem og har en diameter p\u00e5 omkring 10 cm. Pas p\u00e5 sen nattefrost, som kan skade blomsterne. Selvom unge M. kobus-eksemplarer ikke blomstrer voldsomt, udvikler de sig til frodige blomstrende med \u00e5rene. Fr\u00f8planter skal muligvis vente lidt l\u00e6ngere p\u00e5 blomstring. Efter blomstringen opst\u00e5r m\u00f8rker\u00f8de fr\u00f8stande, hvorfra det pink-r\u00f8de fr\u00f8 kommer frem. R\u00f8dderne af dette tr\u00e6 vokser b\u00e5de overfladisk og dybt ned i jorden.<\/p>\n<p>Magnolia kobus er meget h\u00e5rdf\u00f8r og trives bedst i en solrig position.<\/p>\n<\/div>\n<\/div>\n<\/div>\n<div class=\"flex justify-between empty:hidden gizmo:justify-start gizmo:gap-3 lg:block gizmo:lg:flex\">\n<div class=\"text-gray-400 flex self-end lg:self-center justify-center gizmo:lg:justify-start mt-2 gizmo:mt-0 visible lg:gap-1 lg:absolute lg:top-0 lg:translate-x-full lg:right-0 lg:mt-0 lg:pl-2 gap-2 md:gap-3\">\n<p>&nbsp;<\/p>\n<div class=\"flex gap-1 gizmo:gap-3\"><\/div>\n<\/div>\n<\/div>\n<\/div>\n<\/div>\n<\/div>\n<\/div>\n<\/div>","protected":false},"excerpt":{"rendered":"<p>Magnolia kobus<\/p>\n<p>Nordjapansk magnolia eller b\u00e6vertr\u00e6<\/p>\n<p>Max h\u00f8jde: 8 meter<\/p>\n<p>Leveringsh\u00f8jde inkl. potte: ca. 100 cm<\/p>\n<p>Pottest\u00f8rrelse: 14 cm potte<\/p>","protected":false},"featured_media":29259,"template":"","meta":{"_joinchat":[]},"product_brand":[],"product_cat":[262,867,1012,3193,290,229],"product_tag":[1328,1563,1566,1562,1519,1564,1518,1565,876],"class_list":{"0":"post-29262","1":"product","2":"type-product","3":"status-publish","4":"has-post-thumbnail","6":"product_cat-bomen-struiken","7":"product_cat-pakket-deals","8":"product_cat-overige-deals","9":"product_cat-sierbomen","10":"product_cat-sierheester","11":"product_cat-sierheesters","12":"product_tag-tuinbeplanting","13":"product_tag-bevallige-bloesems","14":"product_tag-bladverliezende-bomen","15":"product_tag-bloeiende-bomen","16":"product_tag-landschapsarchitectuur","17":"product_tag-sierbomen","18":"product_tag-tuinontwerp","19":"product_tag-voorjaarsbloei","20":"product_tag-witte-bloemen","21":"pa_ewd_uwcf_colors-rood-2","22":"pa_groeihoogte-200-300-cm","23":"pa_pot-zonder-pot","25":"first","26":"instock","27":"taxable","28":"shipping-taxable","29":"purchasable","30":"product-type-simple"},"yoast_head":"<!-- This site is optimized with the Yoast SEO plugin v24.2 - https:\/\/yoast.com\/wordpress\/plugins\/seo\/ -->\n<title>Magnolia kobus - Noordelijke Japanse magnolia - Hoogte 100cm - 14cm pot kopen | Planten eenvoudig online bestellen | Schramas.com<\/title>\n<meta name=\"robots\" content=\"index, follow, max-snippet:-1, max-image-preview:large, max-video-preview:-1\" \/>\n<link rel=\"canonical\" href=\"https:\/\/www.schramas.com\/dk\/butik\/magnolia-kobus-nordjapansk-magnolia-hojde-100cm-14cm-potte\/\" \/>\n<meta property=\"og:locale\" content=\"da_DK\" \/>\n<meta property=\"og:type\" content=\"article\" \/>\n<meta property=\"og:title\" content=\"Magnolia kobus - Noordelijke Japanse magnolia - Hoogte 100cm - 14cm pot kopen | Planten eenvoudig online bestellen | Schramas.com\" \/>\n<meta property=\"og:description\" content=\"Magnolia kobus  Noordelijke Japanse magnolia of Beverboom  Hoogte max: 8 meter  Leverhoogte incl. pot: circa 100 cm  Potmaat: 14cm pot\" \/>\n<meta property=\"og:url\" content=\"https:\/\/www.schramas.com\/dk\/butik\/magnolia-kobus-nordjapansk-magnolia-hojde-100cm-14cm-potte\/\" \/>\n<meta property=\"og:site_name\" content=\"Planten eenvoudig online bestellen | Schramas.com\" \/>\n<meta property=\"article:publisher\" content=\"https:\/\/www.facebook.com\/Schramascom-106872874153195\/\" \/>\n<meta property=\"article:modified_time\" content=\"2026-03-26T15:36:09+00:00\" \/>\n<meta property=\"og:image\" content=\"http:\/\/www.schramas.com\/wp-content\/uploads\/2023\/10\/Mangolia-kobus-sfeer.jpg\" \/>\n\t<meta property=\"og:image:width\" content=\"855\" \/>\n\t<meta property=\"og:image:height\" content=\"858\" \/>\n\t<meta property=\"og:image:type\" content=\"image\/jpeg\" \/>\n<meta name=\"twitter:card\" content=\"summary_large_image\" \/>\n<meta name=\"twitter:label1\" content=\"Estimeret l\u00e6setid\" \/>\n\t<meta name=\"twitter:data1\" content=\"1 minut\" \/>\n<script type=\"application\/ld+json\" class=\"yoast-schema-graph\">{\"@context\":\"https:\/\/schema.org\",\"@graph\":[{\"@type\":[\"WebPage\",\"ItemPage\"],\"@id\":\"https:\/\/www.schramas.com\/winkel\/magnolia-kobus-noordelijke-japanse-magnolia-hoogte-100cm-14cm-pot\/\",\"url\":\"https:\/\/www.schramas.com\/winkel\/magnolia-kobus-noordelijke-japanse-magnolia-hoogte-100cm-14cm-pot\/\",\"name\":\"Magnolia kobus - Noordelijke Japanse magnolia - Hoogte 100cm - 14cm pot kopen | Planten eenvoudig online bestellen | Schramas.com\",\"isPartOf\":{\"@id\":\"https:\/\/www.schramas.com\/#website\"},\"primaryImageOfPage\":{\"@id\":\"https:\/\/www.schramas.com\/winkel\/magnolia-kobus-noordelijke-japanse-magnolia-hoogte-100cm-14cm-pot\/#primaryimage\"},\"image\":{\"@id\":\"https:\/\/www.schramas.com\/winkel\/magnolia-kobus-noordelijke-japanse-magnolia-hoogte-100cm-14cm-pot\/#primaryimage\"},\"thumbnailUrl\":\"https:\/\/www.schramas.com\/wp-content\/uploads\/2023\/10\/Mangolia-kobus-sfeer.jpg\",\"datePublished\":\"2023-10-27T15:50:19+00:00\",\"dateModified\":\"2026-03-26T15:36:09+00:00\",\"breadcrumb\":{\"@id\":\"https:\/\/www.schramas.com\/winkel\/magnolia-kobus-noordelijke-japanse-magnolia-hoogte-100cm-14cm-pot\/#breadcrumb\"},\"inLanguage\":\"da-DK\",\"potentialAction\":[{\"@type\":\"ReadAction\",\"target\":[\"https:\/\/www.schramas.com\/winkel\/magnolia-kobus-noordelijke-japanse-magnolia-hoogte-100cm-14cm-pot\/\"]}]},{\"@type\":\"ImageObject\",\"inLanguage\":\"da-DK\",\"@id\":\"https:\/\/www.schramas.com\/winkel\/magnolia-kobus-noordelijke-japanse-magnolia-hoogte-100cm-14cm-pot\/#primaryimage\",\"url\":\"https:\/\/www.schramas.com\/wp-content\/uploads\/2023\/10\/Mangolia-kobus-sfeer.jpg\",\"contentUrl\":\"https:\/\/www.schramas.com\/wp-content\/uploads\/2023\/10\/Mangolia-kobus-sfeer.jpg\",\"width\":855,\"height\":858},{\"@type\":\"BreadcrumbList\",\"@id\":\"https:\/\/www.schramas.com\/winkel\/magnolia-kobus-noordelijke-japanse-magnolia-hoogte-100cm-14cm-pot\/#breadcrumb\",\"itemListElement\":[{\"@type\":\"ListItem\",\"position\":1,\"name\":\"Product\",\"item\":\"https:\/\/www.schramas.com\/assortiment\/\"},{\"@type\":\"ListItem\",\"position\":2,\"name\":\"Bomen &amp; Struiken\",\"item\":\"https:\/\/www.schramas.com\/product-category\/bomen-struiken\/\"},{\"@type\":\"ListItem\",\"position\":3,\"name\":\"Magnolia kobus &#8211; Noordelijke Japanse magnolia &#8211; Hoogte 100cm &#8211; 14cm pot\"}]},{\"@type\":\"WebSite\",\"@id\":\"https:\/\/www.schramas.com\/#website\",\"url\":\"https:\/\/www.schramas.com\/\",\"name\":\"Schramas.com | Tuinplanten eenvoudig online bestellen | Direct van onze Kwekerij\",\"description\":\"\",\"alternateName\":\"Schramas.com - Alle planten direct van de kweker\",\"potentialAction\":[{\"@type\":\"SearchAction\",\"target\":{\"@type\":\"EntryPoint\",\"urlTemplate\":\"https:\/\/www.schramas.com\/?s={search_term_string}\"},\"query-input\":{\"@type\":\"PropertyValueSpecification\",\"valueRequired\":true,\"valueName\":\"search_term_string\"}}],\"inLanguage\":\"da-DK\"}]}<\/script>\n<!-- \/ Yoast SEO plugin. -->","yoast_head_json":{"title":"K\u00f8b Magnolia kobus - Nordjapansk magnolia - H\u00f8jde 100cm - 14cm potte | Bestil nemt planter online | Schramas.com","robots":{"index":"index","follow":"follow","max-snippet":"max-snippet:-1","max-image-preview":"max-image-preview:large","max-video-preview":"max-video-preview:-1"},"canonical":"https:\/\/www.schramas.com\/dk\/butik\/magnolia-kobus-nordjapansk-magnolia-hojde-100cm-14cm-potte\/","og_locale":"da_DK","og_type":"article","og_title":"Magnolia kobus - Noordelijke Japanse magnolia - Hoogte 100cm - 14cm pot kopen | Planten eenvoudig online bestellen | Schramas.com","og_description":"Magnolia kobus  Noordelijke Japanse magnolia of Beverboom  Hoogte max: 8 meter  Leverhoogte incl. pot: circa 100 cm  Potmaat: 14cm pot","og_url":"https:\/\/www.schramas.com\/dk\/butik\/magnolia-kobus-nordjapansk-magnolia-hojde-100cm-14cm-potte\/","og_site_name":"Planten eenvoudig online bestellen | Schramas.com","article_publisher":"https:\/\/www.facebook.com\/Schramascom-106872874153195\/","article_modified_time":"2026-03-26T15:36:09+00:00","og_image":[{"width":855,"height":858,"url":"http:\/\/www.schramas.com\/wp-content\/uploads\/2023\/10\/Mangolia-kobus-sfeer.jpg","type":"image\/jpeg"}],"twitter_card":"summary_large_image","twitter_misc":{"Estimeret l\u00e6setid":"1 minut"},"schema":{"@context":"https:\/\/schema.org","@graph":[{"@type":["WebPage","ItemPage"],"@id":"https:\/\/www.schramas.com\/winkel\/magnolia-kobus-noordelijke-japanse-magnolia-hoogte-100cm-14cm-pot\/","url":"https:\/\/www.schramas.com\/winkel\/magnolia-kobus-noordelijke-japanse-magnolia-hoogte-100cm-14cm-pot\/","name":"K\u00f8b Magnolia kobus - Nordjapansk magnolia - H\u00f8jde 100cm - 14cm potte | Bestil nemt planter online | Schramas.com","isPartOf":{"@id":"https:\/\/www.schramas.com\/#website"},"primaryImageOfPage":{"@id":"https:\/\/www.schramas.com\/winkel\/magnolia-kobus-noordelijke-japanse-magnolia-hoogte-100cm-14cm-pot\/#primaryimage"},"image":{"@id":"https:\/\/www.schramas.com\/winkel\/magnolia-kobus-noordelijke-japanse-magnolia-hoogte-100cm-14cm-pot\/#primaryimage"},"thumbnailUrl":"https:\/\/www.schramas.com\/wp-content\/uploads\/2023\/10\/Mangolia-kobus-sfeer.jpg","datePublished":"2023-10-27T15:50:19+00:00","dateModified":"2026-03-26T15:36:09+00:00","breadcrumb":{"@id":"https:\/\/www.schramas.com\/winkel\/magnolia-kobus-noordelijke-japanse-magnolia-hoogte-100cm-14cm-pot\/#breadcrumb"},"inLanguage":"da-DK","potentialAction":[{"@type":"ReadAction","target":["https:\/\/www.schramas.com\/winkel\/magnolia-kobus-noordelijke-japanse-magnolia-hoogte-100cm-14cm-pot\/"]}]},{"@type":"ImageObject","inLanguage":"da-DK","@id":"https:\/\/www.schramas.com\/winkel\/magnolia-kobus-noordelijke-japanse-magnolia-hoogte-100cm-14cm-pot\/#primaryimage","url":"https:\/\/www.schramas.com\/wp-content\/uploads\/2023\/10\/Mangolia-kobus-sfeer.jpg","contentUrl":"https:\/\/www.schramas.com\/wp-content\/uploads\/2023\/10\/Mangolia-kobus-sfeer.jpg","width":855,"height":858},{"@type":"BreadcrumbList","@id":"https:\/\/www.schramas.com\/winkel\/magnolia-kobus-noordelijke-japanse-magnolia-hoogte-100cm-14cm-pot\/#breadcrumb","itemListElement":[{"@type":"ListItem","position":1,"name":"Product","item":"https:\/\/www.schramas.com\/assortiment\/"},{"@type":"ListItem","position":2,"name":"Bomen &amp; Struiken","item":"https:\/\/www.schramas.com\/product-category\/bomen-struiken\/"},{"@type":"ListItem","position":3,"name":"Magnolia kobus &#8211; Noordelijke Japanse magnolia &#8211; Hoogte 100cm &#8211; 14cm pot"}]},{"@type":"WebSite","@id":"https:\/\/www.schramas.com\/#website","url":"https:\/\/www.schramas.com\/","name":"Schramas.com | Haveplanter bestilles nemt online | Direkte fra vores gartneri","description":"","alternateName":"Schramas.com - Alle planten direct van de kweker","potentialAction":[{"@type":"SearchAction","target":{"@type":"EntryPoint","urlTemplate":"https:\/\/www.schramas.com\/?s={search_term_string}"},"query-input":{"@type":"PropertyValueSpecification","valueRequired":true,"valueName":"search_term_string"}}],"inLanguage":"da-DK"}]}},"_links":{"self":[{"href":"https:\/\/www.schramas.com\/dk\/wp-json\/wp\/v2\/product\/29262","targetHints":{"allow":["GET"]}}],"collection":[{"href":"https:\/\/www.schramas.com\/dk\/wp-json\/wp\/v2\/product"}],"about":[{"href":"https:\/\/www.schramas.com\/dk\/wp-json\/wp\/v2\/types\/product"}],"version-history":[{"count":1,"href":"https:\/\/www.schramas.com\/dk\/wp-json\/wp\/v2\/product\/29262\/revisions"}],"predecessor-version":[{"id":54307,"href":"https:\/\/www.schramas.com\/dk\/wp-json\/wp\/v2\/product\/29262\/revisions\/54307"}],"wp:featuredmedia":[{"embeddable":true,"href":"https:\/\/www.schramas.com\/dk\/wp-json\/wp\/v2\/media\/29259"}],"wp:attachment":[{"href":"https:\/\/www.schramas.com\/dk\/wp-json\/wp\/v2\/media?parent=29262"}],"wp:term":[{"taxonomy":"product_brand","embeddable":true,"href":"https:\/\/www.schramas.com\/dk\/wp-json\/wp\/v2\/product_brand?post=29262"},{"taxonomy":"product_cat","embeddable":true,"href":"https:\/\/www.schramas.com\/dk\/wp-json\/wp\/v2\/product_cat?post=29262"},{"taxonomy":"product_tag","embeddable":true,"href":"https:\/\/www.schramas.com\/dk\/wp-json\/wp\/v2\/product_tag?post=29262"}],"curies":[{"name":"wp","href":"https:\/\/api.w.org\/{rel}","templated":true}]}}