{"id":36457,"date":"2023-12-29T14:03:41","date_gmt":"2023-12-29T13:03:41","guid":{"rendered":"https:\/\/www.schramas.com\/?post_type=product&#038;p=36457"},"modified":"2025-07-10T12:19:08","modified_gmt":"2025-07-10T10:19:08","slug":"elstar-aebletrae-gave-ekstras","status":"publish","type":"product","link":"https:\/\/www.schramas.com\/dk\/butik\/elstar-aebletrae-gave-ekstras\/","title":{"rendered":"Elstar \u00e6bletr\u00e6 gave + ekstraudstyr"},"content":{"rendered":"<p>En smuk gr\u00f8n gave: Selvf\u00f8lgelig kender vi alle &#039;Elstar&#039;! Det er stadig en af de bedst s\u00e6lgende \u00e6blesorter i butikkerne. Det er et saftigt, spr\u00f8dt \u00e6ble med cremet hvidt frugtk\u00f8d. Dens aroma og smag: frisk og vidunderlig s\u00f8d. De fleste Elstar \u00e6bler er gr\u00f8n-gule med en lys r\u00f8d r\u00f8dme. Dette \u00e6ble tilbydes dig af schramas.com i en 5 liters potte med en planteh\u00f8jde p\u00e5 80-100 cm.<\/p>\n<p>&nbsp;<\/p>\n<p>Gave \u2013 Ekstra:<\/p>\n<ul>\n<li style=\"list-style-type: none\">\n<ul>\n<li><strong>Bambusr\u00f8r:<\/strong> St\u00f8t dit \u00e6bletr\u00e6s v\u00e6kst og giv det den styrke, det har brug for til en sund udvikling.<\/li>\n<li><strong>Plantekort med opskrift<\/strong><\/li>\n<li><strong>Jutepose (gavepapir)<\/strong><\/li>\n<li><strong>En pose med g\u00f8dning:<\/strong> Giv dit \u00e6bletr\u00e6 en sund start med den medf\u00f8lgende pose g\u00f8dning.<\/li>\n<li><strong>Gavekort p\u00e5 5,5 euro:<\/strong> Modtag et gavekort til en v\u00e6rdi af 5,5 \u20ac, som du kan bruge p\u00e5 vores hjemmeside.<\/li>\n<\/ul>\n<\/li>\n<\/ul>","protected":false},"excerpt":{"rendered":"<p>Malus domestica &#039;Elstar&#039; \u2013 En smuk gr\u00f8n gave<\/p>\n<p>Meget popul\u00e6r \u00e6blesort.<\/p>\n<p>Maks. h\u00f8jde: 2,5 til 3 meter<\/p>\n<p>velegnet til b\u00e5de terrasse og \u00e5bent terr\u00e6n<\/p>\n<p>Pottest\u00f8rrelse: 5 liter.<\/p>\n<p>&nbsp;<\/p>\n<p>PLUS EKSTRA<\/p>","protected":false},"featured_media":36459,"template":"","meta":{"_joinchat":[]},"product_brand":[],"product_cat":[1713],"product_tag":[569,582,584,352,1014,583,351,316],"class_list":{"0":"post-36457","1":"product","2":"type-product","3":"status-publish","4":"has-post-thumbnail","6":"product_cat-cadeau-producten","7":"product_tag-appel","8":"product_tag-elstar","9":"product_tag-fris-zoet","10":"product_tag-geent","11":"product_tag-plantensteun","12":"product_tag-rood-geel","13":"product_tag-winterhard","14":"product_tag-zelfbestuivend","15":"pa_bloeimaanden-maart","16":"pa_bloeimaanden-april","17":"pa_groeihoogte-200-300-cm","18":"pa_pot-met-pot","20":"first","21":"outofstock","22":"taxable","23":"shipping-taxable","24":"purchasable","25":"product-type-simple"},"yoast_head":"<!-- This site is optimized with the Yoast SEO plugin v24.2 - https:\/\/yoast.com\/wordpress\/plugins\/seo\/ -->\n<title>Elstar Appelboom Geschenk + Extra&#039;s kopen | Planten eenvoudig online bestellen | Schramas.com<\/title>\n<meta name=\"robots\" content=\"index, follow, max-snippet:-1, max-image-preview:large, max-video-preview:-1\" \/>\n<link rel=\"canonical\" href=\"https:\/\/www.schramas.com\/dk\/butik\/elstar-aebletrae-gave-ekstras\/\" \/>\n<meta property=\"og:locale\" content=\"da_DK\" \/>\n<meta property=\"og:type\" content=\"article\" \/>\n<meta property=\"og:title\" content=\"Elstar Appelboom Geschenk + Extra&#039;s kopen | Planten eenvoudig online bestellen | Schramas.com\" \/>\n<meta property=\"og:description\" content=\"Malus domestica &#039;Elstar&#039; - Een Prachtig Groen Cadeau  Zeer populaire appelsoort.  Hoogte max: 2,5 tot 3 meter  geschikt voor zowel patio als volle grond  Pot maat: 5 liter.  &nbsp;  PLUS EXTRA&#039;S\" \/>\n<meta property=\"og:url\" content=\"https:\/\/www.schramas.com\/dk\/butik\/elstar-aebletrae-gave-ekstras\/\" \/>\n<meta property=\"og:site_name\" content=\"Planten eenvoudig online bestellen | Schramas.com\" \/>\n<meta property=\"article:publisher\" content=\"https:\/\/www.facebook.com\/Schramascom-106872874153195\/\" \/>\n<meta property=\"article:modified_time\" content=\"2025-07-10T10:19:08+00:00\" \/>\n<meta property=\"og:image\" content=\"https:\/\/www.schramas.com\/wp-content\/uploads\/2023\/12\/Elstar-gift-1.jpg\" \/>\n\t<meta property=\"og:image:width\" content=\"1200\" \/>\n\t<meta property=\"og:image:height\" content=\"1200\" \/>\n\t<meta property=\"og:image:type\" content=\"image\/jpeg\" \/>\n<meta name=\"twitter:card\" content=\"summary_large_image\" \/>\n<meta name=\"twitter:label1\" content=\"Estimeret l\u00e6setid\" \/>\n\t<meta name=\"twitter:data1\" content=\"1 minut\" \/>\n<script type=\"application\/ld+json\" class=\"yoast-schema-graph\">{\"@context\":\"https:\/\/schema.org\",\"@graph\":[{\"@type\":[\"WebPage\",\"ItemPage\"],\"@id\":\"https:\/\/www.schramas.com\/winkel\/elstar-appelboom-geschenk-extras\/\",\"url\":\"https:\/\/www.schramas.com\/winkel\/elstar-appelboom-geschenk-extras\/\",\"name\":\"Elstar Appelboom Geschenk + Extra's kopen | Planten eenvoudig online bestellen | Schramas.com\",\"isPartOf\":{\"@id\":\"https:\/\/www.schramas.com\/#website\"},\"primaryImageOfPage\":{\"@id\":\"https:\/\/www.schramas.com\/winkel\/elstar-appelboom-geschenk-extras\/#primaryimage\"},\"image\":{\"@id\":\"https:\/\/www.schramas.com\/winkel\/elstar-appelboom-geschenk-extras\/#primaryimage\"},\"thumbnailUrl\":\"https:\/\/www.schramas.com\/wp-content\/uploads\/2023\/12\/Elstar-gift-1.jpg\",\"datePublished\":\"2023-12-29T13:03:41+00:00\",\"dateModified\":\"2025-07-10T10:19:08+00:00\",\"breadcrumb\":{\"@id\":\"https:\/\/www.schramas.com\/winkel\/elstar-appelboom-geschenk-extras\/#breadcrumb\"},\"inLanguage\":\"da-DK\",\"potentialAction\":[{\"@type\":\"ReadAction\",\"target\":[\"https:\/\/www.schramas.com\/winkel\/elstar-appelboom-geschenk-extras\/\"]}]},{\"@type\":\"ImageObject\",\"inLanguage\":\"da-DK\",\"@id\":\"https:\/\/www.schramas.com\/winkel\/elstar-appelboom-geschenk-extras\/#primaryimage\",\"url\":\"https:\/\/www.schramas.com\/wp-content\/uploads\/2023\/12\/Elstar-gift-1.jpg\",\"contentUrl\":\"https:\/\/www.schramas.com\/wp-content\/uploads\/2023\/12\/Elstar-gift-1.jpg\",\"width\":1200,\"height\":1200},{\"@type\":\"BreadcrumbList\",\"@id\":\"https:\/\/www.schramas.com\/winkel\/elstar-appelboom-geschenk-extras\/#breadcrumb\",\"itemListElement\":[{\"@type\":\"ListItem\",\"position\":1,\"name\":\"Product\",\"item\":\"https:\/\/www.schramas.com\/assortiment\/\"},{\"@type\":\"ListItem\",\"position\":2,\"name\":\"Cadeau producten\",\"item\":\"https:\/\/www.schramas.com\/product-category\/cadeau-producten\/\"},{\"@type\":\"ListItem\",\"position\":3,\"name\":\"Elstar Appelboom Geschenk + Extra&#8217;s\"}]},{\"@type\":\"WebSite\",\"@id\":\"https:\/\/www.schramas.com\/#website\",\"url\":\"https:\/\/www.schramas.com\/\",\"name\":\"Schramas.com | Tuinplanten eenvoudig online bestellen | Direct van onze Kwekerij\",\"description\":\"\",\"alternateName\":\"Schramas.com - Alle planten direct van de kweker\",\"potentialAction\":[{\"@type\":\"SearchAction\",\"target\":{\"@type\":\"EntryPoint\",\"urlTemplate\":\"https:\/\/www.schramas.com\/?s={search_term_string}\"},\"query-input\":{\"@type\":\"PropertyValueSpecification\",\"valueRequired\":true,\"valueName\":\"search_term_string\"}}],\"inLanguage\":\"da-DK\"}]}<\/script>\n<!-- \/ Yoast SEO plugin. -->","yoast_head_json":{"title":"K\u00f8b Elstar \u00c6bletr\u00e6 Gave + Tilbeh\u00f8r | Bestil nemt planter online | Schramas.com","robots":{"index":"index","follow":"follow","max-snippet":"max-snippet:-1","max-image-preview":"max-image-preview:large","max-video-preview":"max-video-preview:-1"},"canonical":"https:\/\/www.schramas.com\/dk\/butik\/elstar-aebletrae-gave-ekstras\/","og_locale":"da_DK","og_type":"article","og_title":"Elstar Appelboom Geschenk + Extra's kopen | Planten eenvoudig online bestellen | Schramas.com","og_description":"Malus domestica 'Elstar' - Een Prachtig Groen Cadeau  Zeer populaire appelsoort.  Hoogte max: 2,5 tot 3 meter  geschikt voor zowel patio als volle grond  Pot maat: 5 liter.  &nbsp;  PLUS EXTRA'S","og_url":"https:\/\/www.schramas.com\/dk\/butik\/elstar-aebletrae-gave-ekstras\/","og_site_name":"Planten eenvoudig online bestellen | Schramas.com","article_publisher":"https:\/\/www.facebook.com\/Schramascom-106872874153195\/","article_modified_time":"2025-07-10T10:19:08+00:00","og_image":[{"width":1200,"height":1200,"url":"https:\/\/www.schramas.com\/wp-content\/uploads\/2023\/12\/Elstar-gift-1.jpg","type":"image\/jpeg"}],"twitter_card":"summary_large_image","twitter_misc":{"Estimeret l\u00e6setid":"1 minut"},"schema":{"@context":"https:\/\/schema.org","@graph":[{"@type":["WebPage","ItemPage"],"@id":"https:\/\/www.schramas.com\/winkel\/elstar-appelboom-geschenk-extras\/","url":"https:\/\/www.schramas.com\/winkel\/elstar-appelboom-geschenk-extras\/","name":"K\u00f8b Elstar \u00c6bletr\u00e6 Gave + Tilbeh\u00f8r | Bestil nemt planter online | Schramas.com","isPartOf":{"@id":"https:\/\/www.schramas.com\/#website"},"primaryImageOfPage":{"@id":"https:\/\/www.schramas.com\/winkel\/elstar-appelboom-geschenk-extras\/#primaryimage"},"image":{"@id":"https:\/\/www.schramas.com\/winkel\/elstar-appelboom-geschenk-extras\/#primaryimage"},"thumbnailUrl":"https:\/\/www.schramas.com\/wp-content\/uploads\/2023\/12\/Elstar-gift-1.jpg","datePublished":"2023-12-29T13:03:41+00:00","dateModified":"2025-07-10T10:19:08+00:00","breadcrumb":{"@id":"https:\/\/www.schramas.com\/winkel\/elstar-appelboom-geschenk-extras\/#breadcrumb"},"inLanguage":"da-DK","potentialAction":[{"@type":"ReadAction","target":["https:\/\/www.schramas.com\/winkel\/elstar-appelboom-geschenk-extras\/"]}]},{"@type":"ImageObject","inLanguage":"da-DK","@id":"https:\/\/www.schramas.com\/winkel\/elstar-appelboom-geschenk-extras\/#primaryimage","url":"https:\/\/www.schramas.com\/wp-content\/uploads\/2023\/12\/Elstar-gift-1.jpg","contentUrl":"https:\/\/www.schramas.com\/wp-content\/uploads\/2023\/12\/Elstar-gift-1.jpg","width":1200,"height":1200},{"@type":"BreadcrumbList","@id":"https:\/\/www.schramas.com\/winkel\/elstar-appelboom-geschenk-extras\/#breadcrumb","itemListElement":[{"@type":"ListItem","position":1,"name":"Product","item":"https:\/\/www.schramas.com\/assortiment\/"},{"@type":"ListItem","position":2,"name":"Cadeau producten","item":"https:\/\/www.schramas.com\/product-category\/cadeau-producten\/"},{"@type":"ListItem","position":3,"name":"Elstar Appelboom Geschenk + Extra&#8217;s"}]},{"@type":"WebSite","@id":"https:\/\/www.schramas.com\/#website","url":"https:\/\/www.schramas.com\/","name":"Schramas.com | Haveplanter bestilles nemt online | Direkte fra vores gartneri","description":"","alternateName":"Schramas.com - Alle planten direct van de kweker","potentialAction":[{"@type":"SearchAction","target":{"@type":"EntryPoint","urlTemplate":"https:\/\/www.schramas.com\/?s={search_term_string}"},"query-input":{"@type":"PropertyValueSpecification","valueRequired":true,"valueName":"search_term_string"}}],"inLanguage":"da-DK"}]}},"_links":{"self":[{"href":"https:\/\/www.schramas.com\/dk\/wp-json\/wp\/v2\/product\/36457","targetHints":{"allow":["GET"]}}],"collection":[{"href":"https:\/\/www.schramas.com\/dk\/wp-json\/wp\/v2\/product"}],"about":[{"href":"https:\/\/www.schramas.com\/dk\/wp-json\/wp\/v2\/types\/product"}],"version-history":[{"count":1,"href":"https:\/\/www.schramas.com\/dk\/wp-json\/wp\/v2\/product\/36457\/revisions"}],"predecessor-version":[{"id":42718,"href":"https:\/\/www.schramas.com\/dk\/wp-json\/wp\/v2\/product\/36457\/revisions\/42718"}],"wp:featuredmedia":[{"embeddable":true,"href":"https:\/\/www.schramas.com\/dk\/wp-json\/wp\/v2\/media\/36459"}],"wp:attachment":[{"href":"https:\/\/www.schramas.com\/dk\/wp-json\/wp\/v2\/media?parent=36457"}],"wp:term":[{"taxonomy":"product_brand","embeddable":true,"href":"https:\/\/www.schramas.com\/dk\/wp-json\/wp\/v2\/product_brand?post=36457"},{"taxonomy":"product_cat","embeddable":true,"href":"https:\/\/www.schramas.com\/dk\/wp-json\/wp\/v2\/product_cat?post=36457"},{"taxonomy":"product_tag","embeddable":true,"href":"https:\/\/www.schramas.com\/dk\/wp-json\/wp\/v2\/product_tag?post=36457"}],"curies":[{"name":"wp","href":"https:\/\/api.w.org\/{rel}","templated":true}]}}