{"id":36501,"date":"2024-01-02T15:19:11","date_gmt":"2024-01-02T14:19:11","guid":{"rendered":"https:\/\/www.schramas.com\/?post_type=product&#038;p=36501"},"modified":"2025-07-10T12:19:08","modified_gmt":"2025-07-10T10:19:08","slug":"duo-paere-gave-ekstramateriale","status":"publish","type":"product","link":"https:\/\/www.schramas.com\/dk\/butik\/duo-paere-gave-ekstramateriale\/","title":{"rendered":"Duo P\u00e6retr\u00e6-gave + ekstraudstyr"},"content":{"rendered":"<p>Pyrus Communis 'Duo' er et unikt p\u00e6retr\u00e6, der kombinerer to fremragende sorter i \u00e9t tr\u00e6: den ber\u00f8mte 'Conference' og den delikate 'Doyenne du Comice'.<\/p>\n<p>'Conference'-p\u00e6ren er kendt for sin spr\u00f8de konsistens og s\u00f8de smag. Frugten har en karakteristisk p\u00e6reform og er dejligt saftig. I mods\u00e6tning hertil fortryller 'Doyenne du Comice' med sit us\u00e6dvanligt bl\u00f8de og cremede frugtk\u00f8d. Dens s\u00f8de smag og subtile aroma g\u00f8r den til en perle blandt p\u00e6rer.<\/p>\n<p>Dette s\u00e6rlige p\u00e6retr\u00e6 trives bedst p\u00e5 friland og kan blive omkring 3 til 3,5 meter h\u00f8jt. Begge sorter er selvbest\u00f8vende, hvilket betyder, at du kan regne med en god h\u00f8st, selv n\u00e5r der ikke er andre p\u00e6retr\u00e6er i n\u00e6rheden.<\/p>\n<p>Ved levering, inklusive potte, har tr\u00e6et en h\u00f8jde p\u00e5 ca. 100 cm. Med sin kompakte st\u00f8rrelse og 5-liters potte er Pyrus Communis 'Duo' velegnet til b\u00e5de terrasse og udend\u00f8rs placering. Fork\u00e6l dig selv med den alsidighed og l\u00e6kre smag, som dette s\u00e6rlige p\u00e6retr\u00e6 har at byde p\u00e5!<\/p>\n<p>&nbsp;<\/p>\n<p>Gave - Ekstraudstyr:<\/p>\n<ul>\n<li style=\"list-style-type: none;\">\n<ul>\n<li><strong>2x bambuspind:<\/strong>\u00a0St\u00f8t dit \u00e6bletr\u00e6s v\u00e6kst og giv det den styrke, det har brug for til en sund udvikling.<\/li>\n<li><strong>Jutepose (gavepapir)<\/strong><\/li>\n<li><strong>En pose med g\u00f8dning:<\/strong>\u00a0Giv dit \u00e6bletr\u00e6 en sund start med den medf\u00f8lgende pose g\u00f8dning.<\/li>\n<li><strong>Gavekort p\u00e5 5,5 euro:<\/strong>\u00a0Modtag et gavekort til en v\u00e6rdi af 5,5 \u20ac, som du kan bruge p\u00e5 vores hjemmeside.<\/li>\n<\/ul>\n<\/li>\n<\/ul>","protected":false},"excerpt":{"rendered":"<p>Pyrus communis 'Conference' + 'doyenne du comice'<\/p>\n<p>Maksimal h\u00f8jde: ca. 3-3,5 meter i \u00e5bent terr\u00e6n<\/p>\n<p>Leveringsh\u00f8jde inkl. potte: ca. 100 cm<\/p>\n<p>Pottest\u00f8rrelse: 5 liter<\/p>\n<p>&nbsp;<\/p>\n<p>PLUS EKSTRA'S<\/p>","protected":false},"featured_media":36503,"template":"","meta":{"_joinchat":[]},"product_brand":[],"product_cat":[1713],"product_tag":[588,1599,638,697,572,351,316,328],"class_list":{"0":"post-36501","1":"product","2":"type-product","3":"status-publish","4":"has-post-thumbnail","6":"product_cat-cadeau-producten","7":"product_tag-conference","8":"product_tag-doyenne-du-comice","9":"product_tag-duo","10":"product_tag-duofruit","11":"product_tag-peer","12":"product_tag-winterhard","13":"product_tag-zelfbestuivend","14":"product_tag-zoet","15":"pa_bloeimaanden-maart","16":"pa_bloeimaanden-april","17":"pa_groeihoogte-300-cm","18":"pa_pot-met-pot","20":"first","21":"outofstock","22":"taxable","23":"shipping-taxable","24":"purchasable","25":"product-type-simple"},"yoast_head":"<!-- This site is optimized with the Yoast SEO plugin v24.2 - https:\/\/yoast.com\/wordpress\/plugins\/seo\/ -->\n<title>Duo-peer Perenboom Geschenk + Extra\u2019s kopen | Planten eenvoudig online bestellen | Schramas.com<\/title>\n<meta name=\"robots\" content=\"index, follow, max-snippet:-1, max-image-preview:large, max-video-preview:-1\" \/>\n<link rel=\"canonical\" href=\"https:\/\/www.schramas.com\/dk\/butik\/duo-paere-gave-ekstramateriale\/\" \/>\n<meta property=\"og:locale\" content=\"da_DK\" \/>\n<meta property=\"og:type\" content=\"article\" \/>\n<meta property=\"og:title\" content=\"Duo-peer Perenboom Geschenk + Extra\u2019s kopen | Planten eenvoudig online bestellen | Schramas.com\" \/>\n<meta property=\"og:description\" content=\"Pyrus communis &#039;Conference&#039; + &#039;doyenne du comice&#039;  Hoogte maximaal: ca. 3-3,5 meter in de volle grond  Leverhoogte incl. pot: ca. 100 cm  Potmaat: 5 liter  &nbsp;  PLUS EXTRA\u2019S\" \/>\n<meta property=\"og:url\" content=\"https:\/\/www.schramas.com\/dk\/butik\/duo-paere-gave-ekstramateriale\/\" \/>\n<meta property=\"og:site_name\" content=\"Planten eenvoudig online bestellen | Schramas.com\" \/>\n<meta property=\"article:publisher\" content=\"https:\/\/www.facebook.com\/Schramascom-106872874153195\/\" \/>\n<meta property=\"article:modified_time\" content=\"2025-07-10T10:19:08+00:00\" \/>\n<meta property=\"og:image\" content=\"https:\/\/www.schramas.com\/wp-content\/uploads\/2024\/01\/duo-peer-cadeau.jpg\" \/>\n\t<meta property=\"og:image:width\" content=\"1600\" \/>\n\t<meta property=\"og:image:height\" content=\"1605\" \/>\n\t<meta property=\"og:image:type\" content=\"image\/jpeg\" \/>\n<meta name=\"twitter:card\" content=\"summary_large_image\" \/>\n<meta name=\"twitter:label1\" content=\"Estimeret l\u00e6setid\" \/>\n\t<meta name=\"twitter:data1\" content=\"1 minut\" \/>\n<script type=\"application\/ld+json\" class=\"yoast-schema-graph\">{\"@context\":\"https:\/\/schema.org\",\"@graph\":[{\"@type\":[\"WebPage\",\"ItemPage\"],\"@id\":\"https:\/\/www.schramas.com\/winkel\/duo-peer-perenboom-geschenk-extras\/\",\"url\":\"https:\/\/www.schramas.com\/winkel\/duo-peer-perenboom-geschenk-extras\/\",\"name\":\"Duo-peer Perenboom Geschenk + Extra\u2019s kopen | Planten eenvoudig online bestellen | Schramas.com\",\"isPartOf\":{\"@id\":\"https:\/\/www.schramas.com\/#website\"},\"primaryImageOfPage\":{\"@id\":\"https:\/\/www.schramas.com\/winkel\/duo-peer-perenboom-geschenk-extras\/#primaryimage\"},\"image\":{\"@id\":\"https:\/\/www.schramas.com\/winkel\/duo-peer-perenboom-geschenk-extras\/#primaryimage\"},\"thumbnailUrl\":\"https:\/\/www.schramas.com\/wp-content\/uploads\/2024\/01\/duo-peer-cadeau.jpg\",\"datePublished\":\"2024-01-02T14:19:11+00:00\",\"dateModified\":\"2025-07-10T10:19:08+00:00\",\"breadcrumb\":{\"@id\":\"https:\/\/www.schramas.com\/winkel\/duo-peer-perenboom-geschenk-extras\/#breadcrumb\"},\"inLanguage\":\"da-DK\",\"potentialAction\":[{\"@type\":\"ReadAction\",\"target\":[\"https:\/\/www.schramas.com\/winkel\/duo-peer-perenboom-geschenk-extras\/\"]}]},{\"@type\":\"ImageObject\",\"inLanguage\":\"da-DK\",\"@id\":\"https:\/\/www.schramas.com\/winkel\/duo-peer-perenboom-geschenk-extras\/#primaryimage\",\"url\":\"https:\/\/www.schramas.com\/wp-content\/uploads\/2024\/01\/duo-peer-cadeau.jpg\",\"contentUrl\":\"https:\/\/www.schramas.com\/wp-content\/uploads\/2024\/01\/duo-peer-cadeau.jpg\",\"width\":1600,\"height\":1605},{\"@type\":\"BreadcrumbList\",\"@id\":\"https:\/\/www.schramas.com\/winkel\/duo-peer-perenboom-geschenk-extras\/#breadcrumb\",\"itemListElement\":[{\"@type\":\"ListItem\",\"position\":1,\"name\":\"Product\",\"item\":\"https:\/\/www.schramas.com\/assortiment\/\"},{\"@type\":\"ListItem\",\"position\":2,\"name\":\"Cadeau producten\",\"item\":\"https:\/\/www.schramas.com\/product-category\/cadeau-producten\/\"},{\"@type\":\"ListItem\",\"position\":3,\"name\":\"Duo-peer Perenboom Geschenk + Extra\u2019s\"}]},{\"@type\":\"WebSite\",\"@id\":\"https:\/\/www.schramas.com\/#website\",\"url\":\"https:\/\/www.schramas.com\/\",\"name\":\"Schramas.com | Tuinplanten eenvoudig online bestellen | Direct van onze Kwekerij\",\"description\":\"\",\"alternateName\":\"Schramas.com - Alle planten direct van de kweker\",\"potentialAction\":[{\"@type\":\"SearchAction\",\"target\":{\"@type\":\"EntryPoint\",\"urlTemplate\":\"https:\/\/www.schramas.com\/?s={search_term_string}\"},\"query-input\":{\"@type\":\"PropertyValueSpecification\",\"valueRequired\":true,\"valueName\":\"search_term_string\"}}],\"inLanguage\":\"da-DK\"}]}<\/script>\n<!-- \/ Yoast SEO plugin. -->","yoast_head_json":{"title":"K\u00f8b Duo Pear Tree Gift + Extras | Planter nem online bestilling | Schramas.com","robots":{"index":"index","follow":"follow","max-snippet":"max-snippet:-1","max-image-preview":"max-image-preview:large","max-video-preview":"max-video-preview:-1"},"canonical":"https:\/\/www.schramas.com\/dk\/butik\/duo-paere-gave-ekstramateriale\/","og_locale":"da_DK","og_type":"article","og_title":"Duo-peer Perenboom Geschenk + Extra\u2019s kopen | Planten eenvoudig online bestellen | Schramas.com","og_description":"Pyrus communis 'Conference' + 'doyenne du comice'  Hoogte maximaal: ca. 3-3,5 meter in de volle grond  Leverhoogte incl. pot: ca. 100 cm  Potmaat: 5 liter  &nbsp;  PLUS EXTRA\u2019S","og_url":"https:\/\/www.schramas.com\/dk\/butik\/duo-paere-gave-ekstramateriale\/","og_site_name":"Planten eenvoudig online bestellen | Schramas.com","article_publisher":"https:\/\/www.facebook.com\/Schramascom-106872874153195\/","article_modified_time":"2025-07-10T10:19:08+00:00","og_image":[{"width":1600,"height":1605,"url":"https:\/\/www.schramas.com\/wp-content\/uploads\/2024\/01\/duo-peer-cadeau.jpg","type":"image\/jpeg"}],"twitter_card":"summary_large_image","twitter_misc":{"Estimeret l\u00e6setid":"1 minut"},"schema":{"@context":"https:\/\/schema.org","@graph":[{"@type":["WebPage","ItemPage"],"@id":"https:\/\/www.schramas.com\/winkel\/duo-peer-perenboom-geschenk-extras\/","url":"https:\/\/www.schramas.com\/winkel\/duo-peer-perenboom-geschenk-extras\/","name":"K\u00f8b Duo Pear Tree Gift + Extras | Planter nem online bestilling | Schramas.com","isPartOf":{"@id":"https:\/\/www.schramas.com\/#website"},"primaryImageOfPage":{"@id":"https:\/\/www.schramas.com\/winkel\/duo-peer-perenboom-geschenk-extras\/#primaryimage"},"image":{"@id":"https:\/\/www.schramas.com\/winkel\/duo-peer-perenboom-geschenk-extras\/#primaryimage"},"thumbnailUrl":"https:\/\/www.schramas.com\/wp-content\/uploads\/2024\/01\/duo-peer-cadeau.jpg","datePublished":"2024-01-02T14:19:11+00:00","dateModified":"2025-07-10T10:19:08+00:00","breadcrumb":{"@id":"https:\/\/www.schramas.com\/winkel\/duo-peer-perenboom-geschenk-extras\/#breadcrumb"},"inLanguage":"da-DK","potentialAction":[{"@type":"ReadAction","target":["https:\/\/www.schramas.com\/winkel\/duo-peer-perenboom-geschenk-extras\/"]}]},{"@type":"ImageObject","inLanguage":"da-DK","@id":"https:\/\/www.schramas.com\/winkel\/duo-peer-perenboom-geschenk-extras\/#primaryimage","url":"https:\/\/www.schramas.com\/wp-content\/uploads\/2024\/01\/duo-peer-cadeau.jpg","contentUrl":"https:\/\/www.schramas.com\/wp-content\/uploads\/2024\/01\/duo-peer-cadeau.jpg","width":1600,"height":1605},{"@type":"BreadcrumbList","@id":"https:\/\/www.schramas.com\/winkel\/duo-peer-perenboom-geschenk-extras\/#breadcrumb","itemListElement":[{"@type":"ListItem","position":1,"name":"Product","item":"https:\/\/www.schramas.com\/assortiment\/"},{"@type":"ListItem","position":2,"name":"Cadeau producten","item":"https:\/\/www.schramas.com\/product-category\/cadeau-producten\/"},{"@type":"ListItem","position":3,"name":"Duo-peer Perenboom Geschenk + Extra\u2019s"}]},{"@type":"WebSite","@id":"https:\/\/www.schramas.com\/#website","url":"https:\/\/www.schramas.com\/","name":"Schramas.com | Haveplanter bestilles nemt online | Direkte fra vores gartneri","description":"","alternateName":"Schramas.com - Alle planten direct van de kweker","potentialAction":[{"@type":"SearchAction","target":{"@type":"EntryPoint","urlTemplate":"https:\/\/www.schramas.com\/?s={search_term_string}"},"query-input":{"@type":"PropertyValueSpecification","valueRequired":true,"valueName":"search_term_string"}}],"inLanguage":"da-DK"}]}},"_links":{"self":[{"href":"https:\/\/www.schramas.com\/dk\/wp-json\/wp\/v2\/product\/36501","targetHints":{"allow":["GET"]}}],"collection":[{"href":"https:\/\/www.schramas.com\/dk\/wp-json\/wp\/v2\/product"}],"about":[{"href":"https:\/\/www.schramas.com\/dk\/wp-json\/wp\/v2\/types\/product"}],"version-history":[{"count":0,"href":"https:\/\/www.schramas.com\/dk\/wp-json\/wp\/v2\/product\/36501\/revisions"}],"wp:featuredmedia":[{"embeddable":true,"href":"https:\/\/www.schramas.com\/dk\/wp-json\/wp\/v2\/media\/36503"}],"wp:attachment":[{"href":"https:\/\/www.schramas.com\/dk\/wp-json\/wp\/v2\/media?parent=36501"}],"wp:term":[{"taxonomy":"product_brand","embeddable":true,"href":"https:\/\/www.schramas.com\/dk\/wp-json\/wp\/v2\/product_brand?post=36501"},{"taxonomy":"product_cat","embeddable":true,"href":"https:\/\/www.schramas.com\/dk\/wp-json\/wp\/v2\/product_cat?post=36501"},{"taxonomy":"product_tag","embeddable":true,"href":"https:\/\/www.schramas.com\/dk\/wp-json\/wp\/v2\/product_tag?post=36501"}],"curies":[{"name":"wp","href":"https:\/\/api.w.org\/{rel}","templated":true}]}}