{"id":40458,"date":"2024-05-14T10:25:27","date_gmt":"2024-05-14T08:25:27","guid":{"rendered":"https:\/\/www.schramas.com\/?post_type=product&#038;p=40458"},"modified":"2026-03-26T16:36:19","modified_gmt":"2026-03-26T15:36:19","slug":"cucumis-metuliferus-kiwano-hornet-melon-arlig-hojde-70cm-2-liters-potte","status":"publish","type":"product","link":"https:\/\/www.schramas.com\/dk\/butik\/cucumis-metuliferus-kiwano-hornet-melon-arlig-hojde-70cm-2-liters-potte\/","title":{"rendered":"Cucumis metuliferus Kiwano - hornmelon - En\u00e5rig - H\u00f8jde 70 cm - 2 liter potte"},"content":{"rendered":"<p>Oplev den hornede melons eksotiske verden, ogs\u00e5 kendt som kiwano (Cucumis metuliferus). Denne specielle plante tilh\u00f8rer agurkefamilien (Cucurbitaceae) og er kendt for sin unikke aflange, ovale frugt med karakteristiske horn. Den hornede melon stammer oprindeligt fra Kalahari i Afrika og har spredt sig over hele verden takket v\u00e6re dens sp\u00e6ndende smag og sl\u00e5ende udseende.<\/p>\n<p>Introduceret til markedet i begyndelsen af 1980&#039;erne fra New Zealand, er kiwano en sand opdagelse for elskere af eksotisk frugt. Selvom navnet minder om kiwi, er den hornede melon ikke en sl\u00e6gtning til denne frugt. Ikke desto mindre deler de scenen som eksotiske delikatesser fra New Zealand.<\/p>\n<p>Den faste skorpe p\u00e5 den hornede melon sp\u00e6nder fra gr\u00f8n-orange til lys orange, mens det saftige k\u00f8d er lysegr\u00f8nt, besat med fr\u00f8. Smagen af kiwano er forfriskende og vandig med en subtil kombination af banan, melon og agurk. I mods\u00e6tning til agurker spises den hornede melon moden. Med en fremragende holdbarhed p\u00e5 seks m\u00e5neder.<\/p>\n<p>Denne et\u00e5rige urteagtige plante trives i haver eller drivhuse og tilf\u00f8jer et eksotisk pr\u00e6g. K\u00f8det af de spidse frugter, gr\u00f8nt og saftigt, byder p\u00e5 en l\u00e6kker smagsoplevelse, der passer perfekt til b\u00e5de salte og s\u00f8de retter.<\/p>\n<div class=\"flex flex-grow flex-col max-w-full\">\n<div class=\"min-h-[20px] text-message flex flex-col items-start whitespace-pre-wrap break-words [.text-message+&amp;]:mt-5 juice:w-full juice:items-end overflow-x-auto gap-3\" dir=\"auto\" data-message-author-role=\"assistant\" data-message-id=\"c1f363df-43c3-460f-81e8-eb7712492206\">\n<div class=\"markdown prose w-full break-words dark:prose-invert light\">\n<p>S\u00f8rg for best\u00f8vning i drivhuse ved at holde d\u00f8re og vinduer \u00e5bne i l\u00f8bet af dagen. H\u00f8stbar fra juni til hele sommeren.<\/p>\n<\/div>\n<\/div>\n<\/div>\n<p>Med sin unikke smag, sl\u00e5ende udseende og alsidighed i k\u00f8kkenet er den hornede melon et must-have for elskere af specielle frugter.<\/p>","protected":false},"excerpt":{"rendered":"<p>Cucumis metuliferus Kiwano<\/p>\n<p>Hornet melon<\/p>\n<p>Smag: frisk smag.<\/p>\n<p>Frugtfarve: orange<\/p>\n<p>H\u00f8jde max: 1,5 meter<\/p>\n<p>Leveringsh\u00f8jde inkl. gryde: ca<\/p>\n<p>Gryde st\u00f8rrelse: 2 liter<\/p>","protected":false},"featured_media":40462,"template":"","meta":{"_joinchat":[]},"product_brand":[],"product_cat":[262,234,2391,294],"product_tag":[1763,1756,1762,1759,1758,1757,1760,1761,1275],"class_list":{"0":"post-40458","1":"product","2":"type-product","3":"status-publish","4":"has-post-thumbnail","6":"product_cat-bomen-struiken","7":"product_cat-fruitstruiken","8":"product_cat-mediterrane-en-exotische-fruitplanten","9":"product_cat-specials","10":"product_tag-afrikaanse-oorsprong","11":"product_tag-cucumis-metuliferus","12":"product_tag-eenjarige-plant","13":"product_tag-exotisch-fruit","14":"product_tag-gehoornde-meloen","15":"product_tag-kiwano","16":"product_tag-komkommerfamilie","17":"product_tag-smaakervaring","18":"product_tag-tuinieren","19":"pa_ewd_uwcf_colors-oranje","20":"pa_groeihoogte-60-150-cm","21":"pa_pot-zonder-pot","23":"first","24":"outofstock","25":"taxable","26":"shipping-taxable","27":"purchasable","28":"product-type-simple"},"yoast_head":"<!-- This site is optimized with the Yoast SEO plugin v24.2 - https:\/\/yoast.com\/wordpress\/plugins\/seo\/ -->\n<title>Cucumis metuliferus Kiwano - gehoornde meloen - Eenjarig - Hoogte 70cm - 2 liter pot kopen | Planten eenvoudig online bestellen | Schramas.com<\/title>\n<meta name=\"robots\" content=\"index, follow, max-snippet:-1, max-image-preview:large, max-video-preview:-1\" \/>\n<link rel=\"canonical\" href=\"https:\/\/www.schramas.com\/dk\/butik\/cucumis-metuliferus-kiwano-hornet-melon-arlig-hojde-70cm-2-liters-potte\/\" \/>\n<meta property=\"og:locale\" content=\"da_DK\" \/>\n<meta property=\"og:type\" content=\"article\" \/>\n<meta property=\"og:title\" content=\"Cucumis metuliferus Kiwano - gehoornde meloen - Eenjarig - Hoogte 70cm - 2 liter pot kopen | Planten eenvoudig online bestellen | Schramas.com\" \/>\n<meta property=\"og:description\" content=\"Cucumis metuliferus Kiwano  Gehoornde meloen  Smaak: frisse smaak.  Kleur vrucht: oranje  Hoogte max: 1,5 meter  Leverhoogte incl. pot: ca. 70cm  Pot maat: 2 liter\" \/>\n<meta property=\"og:url\" content=\"https:\/\/www.schramas.com\/dk\/butik\/cucumis-metuliferus-kiwano-hornet-melon-arlig-hojde-70cm-2-liters-potte\/\" \/>\n<meta property=\"og:site_name\" content=\"Planten eenvoudig online bestellen | Schramas.com\" \/>\n<meta property=\"article:publisher\" content=\"https:\/\/www.facebook.com\/Schramascom-106872874153195\/\" \/>\n<meta property=\"article:modified_time\" content=\"2026-03-26T15:36:19+00:00\" \/>\n<meta property=\"og:image\" content=\"http:\/\/www.schramas.com\/wp-content\/uploads\/2024\/05\/Kiwano-sfeer.jpg\" \/>\n\t<meta property=\"og:image:width\" content=\"1200\" \/>\n\t<meta property=\"og:image:height\" content=\"1200\" \/>\n\t<meta property=\"og:image:type\" content=\"image\/jpeg\" \/>\n<meta name=\"twitter:card\" content=\"summary_large_image\" \/>\n<meta name=\"twitter:label1\" content=\"Estimeret l\u00e6setid\" \/>\n\t<meta name=\"twitter:data1\" content=\"1 minut\" \/>\n<script type=\"application\/ld+json\" class=\"yoast-schema-graph\">{\"@context\":\"https:\/\/schema.org\",\"@graph\":[{\"@type\":[\"WebPage\",\"ItemPage\"],\"@id\":\"https:\/\/www.schramas.com\/winkel\/cucumis-metuliferus-kiwano-gehoornde-meloen-eenjarig-hoogte-70cm-2-liter-pot\/\",\"url\":\"https:\/\/www.schramas.com\/winkel\/cucumis-metuliferus-kiwano-gehoornde-meloen-eenjarig-hoogte-70cm-2-liter-pot\/\",\"name\":\"Cucumis metuliferus Kiwano - gehoornde meloen - Eenjarig - Hoogte 70cm - 2 liter pot kopen | Planten eenvoudig online bestellen | Schramas.com\",\"isPartOf\":{\"@id\":\"https:\/\/www.schramas.com\/#website\"},\"primaryImageOfPage\":{\"@id\":\"https:\/\/www.schramas.com\/winkel\/cucumis-metuliferus-kiwano-gehoornde-meloen-eenjarig-hoogte-70cm-2-liter-pot\/#primaryimage\"},\"image\":{\"@id\":\"https:\/\/www.schramas.com\/winkel\/cucumis-metuliferus-kiwano-gehoornde-meloen-eenjarig-hoogte-70cm-2-liter-pot\/#primaryimage\"},\"thumbnailUrl\":\"https:\/\/www.schramas.com\/wp-content\/uploads\/2024\/05\/Kiwano-sfeer.jpg\",\"datePublished\":\"2024-05-14T08:25:27+00:00\",\"dateModified\":\"2026-03-26T15:36:19+00:00\",\"breadcrumb\":{\"@id\":\"https:\/\/www.schramas.com\/winkel\/cucumis-metuliferus-kiwano-gehoornde-meloen-eenjarig-hoogte-70cm-2-liter-pot\/#breadcrumb\"},\"inLanguage\":\"da-DK\",\"potentialAction\":[{\"@type\":\"ReadAction\",\"target\":[\"https:\/\/www.schramas.com\/winkel\/cucumis-metuliferus-kiwano-gehoornde-meloen-eenjarig-hoogte-70cm-2-liter-pot\/\"]}]},{\"@type\":\"ImageObject\",\"inLanguage\":\"da-DK\",\"@id\":\"https:\/\/www.schramas.com\/winkel\/cucumis-metuliferus-kiwano-gehoornde-meloen-eenjarig-hoogte-70cm-2-liter-pot\/#primaryimage\",\"url\":\"https:\/\/www.schramas.com\/wp-content\/uploads\/2024\/05\/Kiwano-sfeer.jpg\",\"contentUrl\":\"https:\/\/www.schramas.com\/wp-content\/uploads\/2024\/05\/Kiwano-sfeer.jpg\",\"width\":1200,\"height\":1200},{\"@type\":\"BreadcrumbList\",\"@id\":\"https:\/\/www.schramas.com\/winkel\/cucumis-metuliferus-kiwano-gehoornde-meloen-eenjarig-hoogte-70cm-2-liter-pot\/#breadcrumb\",\"itemListElement\":[{\"@type\":\"ListItem\",\"position\":1,\"name\":\"Product\",\"item\":\"https:\/\/www.schramas.com\/assortiment\/\"},{\"@type\":\"ListItem\",\"position\":2,\"name\":\"Bomen &amp; Struiken\",\"item\":\"https:\/\/www.schramas.com\/product-category\/bomen-struiken\/\"},{\"@type\":\"ListItem\",\"position\":3,\"name\":\"Specials\",\"item\":\"https:\/\/www.schramas.com\/product-category\/bomen-struiken\/specials\/\"},{\"@type\":\"ListItem\",\"position\":4,\"name\":\"Mediterrane en Exotische Fruitplanten\",\"item\":\"https:\/\/www.schramas.com\/product-category\/bomen-struiken\/specials\/mediterrane-en-exotische-fruitplanten\/\"},{\"@type\":\"ListItem\",\"position\":5,\"name\":\"Cucumis metuliferus Kiwano &#8211; gehoornde meloen &#8211; Eenjarig &#8211; Hoogte 70cm &#8211; 2 liter pot\"}]},{\"@type\":\"WebSite\",\"@id\":\"https:\/\/www.schramas.com\/#website\",\"url\":\"https:\/\/www.schramas.com\/\",\"name\":\"Schramas.com | Tuinplanten eenvoudig online bestellen | Direct van onze Kwekerij\",\"description\":\"\",\"alternateName\":\"Schramas.com - Alle planten direct van de kweker\",\"potentialAction\":[{\"@type\":\"SearchAction\",\"target\":{\"@type\":\"EntryPoint\",\"urlTemplate\":\"https:\/\/www.schramas.com\/?s={search_term_string}\"},\"query-input\":{\"@type\":\"PropertyValueSpecification\",\"valueRequired\":true,\"valueName\":\"search_term_string\"}}],\"inLanguage\":\"da-DK\"}]}<\/script>\n<!-- \/ Yoast SEO plugin. -->","yoast_head_json":{"title":"K\u00f8b Cucumis metuliferus Kiwano - hornet melon - En\u00e5rig - H\u00f8jde 70cm - 2 liters gryde | Bestil nemt planter online | Schramas.com","robots":{"index":"index","follow":"follow","max-snippet":"max-snippet:-1","max-image-preview":"max-image-preview:large","max-video-preview":"max-video-preview:-1"},"canonical":"https:\/\/www.schramas.com\/dk\/butik\/cucumis-metuliferus-kiwano-hornet-melon-arlig-hojde-70cm-2-liters-potte\/","og_locale":"da_DK","og_type":"article","og_title":"Cucumis metuliferus Kiwano - gehoornde meloen - Eenjarig - Hoogte 70cm - 2 liter pot kopen | Planten eenvoudig online bestellen | Schramas.com","og_description":"Cucumis metuliferus Kiwano  Gehoornde meloen  Smaak: frisse smaak.  Kleur vrucht: oranje  Hoogte max: 1,5 meter  Leverhoogte incl. pot: ca. 70cm  Pot maat: 2 liter","og_url":"https:\/\/www.schramas.com\/dk\/butik\/cucumis-metuliferus-kiwano-hornet-melon-arlig-hojde-70cm-2-liters-potte\/","og_site_name":"Planten eenvoudig online bestellen | Schramas.com","article_publisher":"https:\/\/www.facebook.com\/Schramascom-106872874153195\/","article_modified_time":"2026-03-26T15:36:19+00:00","og_image":[{"width":1200,"height":1200,"url":"http:\/\/www.schramas.com\/wp-content\/uploads\/2024\/05\/Kiwano-sfeer.jpg","type":"image\/jpeg"}],"twitter_card":"summary_large_image","twitter_misc":{"Estimeret l\u00e6setid":"1 minut"},"schema":{"@context":"https:\/\/schema.org","@graph":[{"@type":["WebPage","ItemPage"],"@id":"https:\/\/www.schramas.com\/winkel\/cucumis-metuliferus-kiwano-gehoornde-meloen-eenjarig-hoogte-70cm-2-liter-pot\/","url":"https:\/\/www.schramas.com\/winkel\/cucumis-metuliferus-kiwano-gehoornde-meloen-eenjarig-hoogte-70cm-2-liter-pot\/","name":"K\u00f8b Cucumis metuliferus Kiwano - hornet melon - En\u00e5rig - H\u00f8jde 70cm - 2 liters gryde | Bestil nemt planter online | Schramas.com","isPartOf":{"@id":"https:\/\/www.schramas.com\/#website"},"primaryImageOfPage":{"@id":"https:\/\/www.schramas.com\/winkel\/cucumis-metuliferus-kiwano-gehoornde-meloen-eenjarig-hoogte-70cm-2-liter-pot\/#primaryimage"},"image":{"@id":"https:\/\/www.schramas.com\/winkel\/cucumis-metuliferus-kiwano-gehoornde-meloen-eenjarig-hoogte-70cm-2-liter-pot\/#primaryimage"},"thumbnailUrl":"https:\/\/www.schramas.com\/wp-content\/uploads\/2024\/05\/Kiwano-sfeer.jpg","datePublished":"2024-05-14T08:25:27+00:00","dateModified":"2026-03-26T15:36:19+00:00","breadcrumb":{"@id":"https:\/\/www.schramas.com\/winkel\/cucumis-metuliferus-kiwano-gehoornde-meloen-eenjarig-hoogte-70cm-2-liter-pot\/#breadcrumb"},"inLanguage":"da-DK","potentialAction":[{"@type":"ReadAction","target":["https:\/\/www.schramas.com\/winkel\/cucumis-metuliferus-kiwano-gehoornde-meloen-eenjarig-hoogte-70cm-2-liter-pot\/"]}]},{"@type":"ImageObject","inLanguage":"da-DK","@id":"https:\/\/www.schramas.com\/winkel\/cucumis-metuliferus-kiwano-gehoornde-meloen-eenjarig-hoogte-70cm-2-liter-pot\/#primaryimage","url":"https:\/\/www.schramas.com\/wp-content\/uploads\/2024\/05\/Kiwano-sfeer.jpg","contentUrl":"https:\/\/www.schramas.com\/wp-content\/uploads\/2024\/05\/Kiwano-sfeer.jpg","width":1200,"height":1200},{"@type":"BreadcrumbList","@id":"https:\/\/www.schramas.com\/winkel\/cucumis-metuliferus-kiwano-gehoornde-meloen-eenjarig-hoogte-70cm-2-liter-pot\/#breadcrumb","itemListElement":[{"@type":"ListItem","position":1,"name":"Product","item":"https:\/\/www.schramas.com\/assortiment\/"},{"@type":"ListItem","position":2,"name":"Bomen &amp; Struiken","item":"https:\/\/www.schramas.com\/product-category\/bomen-struiken\/"},{"@type":"ListItem","position":3,"name":"Specials","item":"https:\/\/www.schramas.com\/product-category\/bomen-struiken\/specials\/"},{"@type":"ListItem","position":4,"name":"Mediterrane en Exotische Fruitplanten","item":"https:\/\/www.schramas.com\/product-category\/bomen-struiken\/specials\/mediterrane-en-exotische-fruitplanten\/"},{"@type":"ListItem","position":5,"name":"Cucumis metuliferus Kiwano &#8211; gehoornde meloen &#8211; Eenjarig &#8211; Hoogte 70cm &#8211; 2 liter pot"}]},{"@type":"WebSite","@id":"https:\/\/www.schramas.com\/#website","url":"https:\/\/www.schramas.com\/","name":"Schramas.com | Haveplanter bestilles nemt online | Direkte fra vores gartneri","description":"","alternateName":"Schramas.com - Alle planten direct van de kweker","potentialAction":[{"@type":"SearchAction","target":{"@type":"EntryPoint","urlTemplate":"https:\/\/www.schramas.com\/?s={search_term_string}"},"query-input":{"@type":"PropertyValueSpecification","valueRequired":true,"valueName":"search_term_string"}}],"inLanguage":"da-DK"}]}},"_links":{"self":[{"href":"https:\/\/www.schramas.com\/dk\/wp-json\/wp\/v2\/product\/40458","targetHints":{"allow":["GET"]}}],"collection":[{"href":"https:\/\/www.schramas.com\/dk\/wp-json\/wp\/v2\/product"}],"about":[{"href":"https:\/\/www.schramas.com\/dk\/wp-json\/wp\/v2\/types\/product"}],"version-history":[{"count":3,"href":"https:\/\/www.schramas.com\/dk\/wp-json\/wp\/v2\/product\/40458\/revisions"}],"predecessor-version":[{"id":40464,"href":"https:\/\/www.schramas.com\/dk\/wp-json\/wp\/v2\/product\/40458\/revisions\/40464"}],"wp:featuredmedia":[{"embeddable":true,"href":"https:\/\/www.schramas.com\/dk\/wp-json\/wp\/v2\/media\/40462"}],"wp:attachment":[{"href":"https:\/\/www.schramas.com\/dk\/wp-json\/wp\/v2\/media?parent=40458"}],"wp:term":[{"taxonomy":"product_brand","embeddable":true,"href":"https:\/\/www.schramas.com\/dk\/wp-json\/wp\/v2\/product_brand?post=40458"},{"taxonomy":"product_cat","embeddable":true,"href":"https:\/\/www.schramas.com\/dk\/wp-json\/wp\/v2\/product_cat?post=40458"},{"taxonomy":"product_tag","embeddable":true,"href":"https:\/\/www.schramas.com\/dk\/wp-json\/wp\/v2\/product_tag?post=40458"}],"curies":[{"name":"wp","href":"https:\/\/api.w.org\/{rel}","templated":true}]}}