{"id":41414,"date":"2024-06-04T15:02:35","date_gmt":"2024-06-04T13:02:35","guid":{"rendered":"https:\/\/www.schramas.com\/?post_type=product&#038;p=41414"},"modified":"2026-04-26T15:07:18","modified_gmt":"2026-04-26T13:07:18","slug":"saet-med-3-lamprey-graes-pennisetum-alopecuroides-goldstrich-hojde-40cm-2-liter-potte","status":"publish","type":"product","link":"https:\/\/www.schramas.com\/dk\/butik\/saet-med-3-lamprey-graes-pennisetum-alopecuroides-goldstrich-hojde-40cm-2-liter-potte\/","title":{"rendered":"S\u00e6t med 3 Lampe julestjerne-gr\u00e6sser - Pennisetum alopecuroides 'Goldstrich' - H\u00f8jde 40 cm - 2-liters potte"},"content":{"rendered":"<p>Dette s\u00e6t med 3 Lampepoetsers gr\u00e6s er et smukt prydgr\u00e6s med guldfarvede st\u00e6ngler og beige \u00f8rer. Planterne er medlemmer af Poaceae-familien og er kendetegnet ved deres smukke tykke \u00f8rer og l\u00f8vf\u00e6ldende blade. Disse planter er attraktive fra for\u00e5r til efter\u00e5r og danner et smukt springvand af fint l\u00f8v prydet med smukke efter\u00e5rsfarver. De minder uundg\u00e5eligt om store, silkebl\u00f8de, yndefuldt buede larver.<\/p>\n<p><strong>Funktioner:<\/strong><\/p>\n<ul>\n<li>H\u00f8jde: ca. 40 cm<\/li>\n<li>Guldfarvede stilke med beige \u00f8rer<\/li>\n<li>L\u00f8vf\u00e6ldende blade<\/li>\n<li>Vokser kompakt og kan bruges i beplantninger, border og border<\/li>\n<li>Kan lide en veldr\u00e6net jord og varme<\/li>\n<li>Sk\u00e6r f\u00f8rst ned efter vinteren<\/li>\n<li>Dejlig font\u00e6ne af feuillage om sommeren<\/li>\n<\/ul>\n<p><strong>Pakke:<\/strong><\/p>\n<ul>\n<li>3 x lampreygr\u00e6s (Pennisetum alopecuroides &#039;Goldstrich&#039;) i 17 cm potter<\/li>\n<li>H\u00f8jde: ca. 40 cm<\/li>\n<li>Blomstrende m\u00e5neder: Juli, august og september<\/li>\n<\/ul>\n<p><strong>Pleje og vedligeholdelse:<\/strong><\/p>\n<ul>\n<li>Giv planterne veldr\u00e6net jord og lidt vand<\/li>\n<li>Besk\u00e6r planterne tilbage efter vinteren for at fremme ny v\u00e6kst<\/li>\n<li>\u00d8g luftfugtigheden om sommeren for at forhindre dehydrering<\/li>\n<li>Besk\u00e6r planterne om efter\u00e5ret for at bevare vintersilhuetten<\/li>\n<\/ul>","protected":false},"excerpt":{"rendered":"<p>3x Pennisetum alopecuroides &#039;Goldstrich&#039;<\/p>\n<p>Lampe polish gr\u00e6s<\/p>\n<p>H\u00f8jde max: 75 cm<\/p>\n<p>Leveringsh\u00f8jde inkl. potte: ca. 30-40 cm<\/p>\n<p>Pottest\u00f8rrelse: 17 cm<\/p>","protected":false},"featured_media":41418,"template":"","meta":{"_joinchat":[]},"product_brand":[],"product_cat":[867,1012,226,305],"product_tag":[1998,1434,1994,2011,1719,2000,2002,1995,1991,2010,1996,1997,627,1993,1914,1999,351,2012,1917],"class_list":{"0":"post-41414","1":"product","2":"type-product","3":"status-publish","4":"has-post-thumbnail","6":"product_cat-pakket-deals","7":"product_cat-overige-deals","8":"product_cat-siergrassen","9":"product_cat-planten-heesters","10":"product_tag-bladverliezende-plant","11":"product_tag-bloeiende-plant","12":"product_tag-border","13":"product_tag-goudgele-bloemstelen","14":"product_tag-gras","15":"product_tag-heesters","16":"product_tag-herfstbloei","17":"product_tag-inrichten","18":"product_tag-lampepoetsersgras","19":"product_tag-pennisetum-alopecuroides-goldstrich","20":"product_tag-plantenbak","21":"product_tag-potten","22":"product_tag-siergras","23":"product_tag-siergrassen","24":"product_tag-tuin","25":"product_tag-vaste-planten","26":"product_tag-winterhard","27":"product_tag-witte-bloeiwijzen-met-bruine-reflecties","28":"product_tag-zomerbloei","29":"pa_ewd_uwcf_colors-groen-2","30":"pa_groeihoogte-50-100-cm","31":"pa_pot-zonder-pot","33":"first","34":"instock","35":"taxable","36":"shipping-taxable","37":"purchasable","38":"product-type-simple"},"yoast_head":"<!-- This site is optimized with the Yoast SEO plugin v24.2 - https:\/\/yoast.com\/wordpress\/plugins\/seo\/ -->\n<title>Set van 3 Lampepoetsersgras - Pennisetum alopecuroides &#039;Goldstrich&#039; \u2013 Hoogte 40cm \u2013 2 liter pot kopen | Planten eenvoudig online bestellen | Schramas.com<\/title>\n<meta name=\"robots\" content=\"index, follow, max-snippet:-1, max-image-preview:large, max-video-preview:-1\" \/>\n<link rel=\"canonical\" href=\"https:\/\/www.schramas.com\/dk\/butik\/saet-med-3-lamprey-graes-pennisetum-alopecuroides-goldstrich-hojde-40cm-2-liter-potte\/\" \/>\n<meta property=\"og:locale\" content=\"da_DK\" \/>\n<meta property=\"og:type\" content=\"article\" \/>\n<meta property=\"og:title\" content=\"Set van 3 Lampepoetsersgras - Pennisetum alopecuroides &#039;Goldstrich&#039; \u2013 Hoogte 40cm \u2013 2 liter pot kopen | Planten eenvoudig online bestellen | Schramas.com\" \/>\n<meta property=\"og:description\" content=\"3x Pennisetum alopecuroides &#039;Goldstrich&#039;  Lampepoetsersgras  Hoogte max: 75cm  Leverhoogte incl. pot: circa 30-40 cm  Potmaat: 17cm\" \/>\n<meta property=\"og:url\" content=\"https:\/\/www.schramas.com\/dk\/butik\/saet-med-3-lamprey-graes-pennisetum-alopecuroides-goldstrich-hojde-40cm-2-liter-potte\/\" \/>\n<meta property=\"og:site_name\" content=\"Planten eenvoudig online bestellen | Schramas.com\" \/>\n<meta property=\"article:publisher\" content=\"https:\/\/www.facebook.com\/Schramascom-106872874153195\/\" \/>\n<meta property=\"article:modified_time\" content=\"2026-04-26T13:07:18+00:00\" \/>\n<meta property=\"og:image\" content=\"https:\/\/www.schramas.com\/wp-content\/uploads\/2024\/06\/Pennisetium-Goldstrich-sfeer.jpg\" \/>\n\t<meta property=\"og:image:width\" content=\"1200\" \/>\n\t<meta property=\"og:image:height\" content=\"1200\" \/>\n\t<meta property=\"og:image:type\" content=\"image\/jpeg\" \/>\n<meta name=\"twitter:card\" content=\"summary_large_image\" \/>\n<meta name=\"twitter:label1\" content=\"Estimeret l\u00e6setid\" \/>\n\t<meta name=\"twitter:data1\" content=\"1 minut\" \/>\n<script type=\"application\/ld+json\" class=\"yoast-schema-graph\">{\"@context\":\"https:\/\/schema.org\",\"@graph\":[{\"@type\":[\"WebPage\",\"ItemPage\"],\"@id\":\"https:\/\/www.schramas.com\/winkel\/set-van-3-lampepoetsersgras-pennisetum-alopecuroides-goldstrich-hoogte-40cm-2-liter-pot\/\",\"url\":\"https:\/\/www.schramas.com\/winkel\/set-van-3-lampepoetsersgras-pennisetum-alopecuroides-goldstrich-hoogte-40cm-2-liter-pot\/\",\"name\":\"Set van 3 Lampepoetsersgras - Pennisetum alopecuroides 'Goldstrich' \u2013 Hoogte 40cm \u2013 2 liter pot kopen | Planten eenvoudig online bestellen | Schramas.com\",\"isPartOf\":{\"@id\":\"https:\/\/www.schramas.com\/#website\"},\"primaryImageOfPage\":{\"@id\":\"https:\/\/www.schramas.com\/winkel\/set-van-3-lampepoetsersgras-pennisetum-alopecuroides-goldstrich-hoogte-40cm-2-liter-pot\/#primaryimage\"},\"image\":{\"@id\":\"https:\/\/www.schramas.com\/winkel\/set-van-3-lampepoetsersgras-pennisetum-alopecuroides-goldstrich-hoogte-40cm-2-liter-pot\/#primaryimage\"},\"thumbnailUrl\":\"https:\/\/www.schramas.com\/wp-content\/uploads\/2024\/06\/Pennisetium-Goldstrich-sfeer.jpg\",\"datePublished\":\"2024-06-04T13:02:35+00:00\",\"dateModified\":\"2026-04-26T13:07:18+00:00\",\"breadcrumb\":{\"@id\":\"https:\/\/www.schramas.com\/winkel\/set-van-3-lampepoetsersgras-pennisetum-alopecuroides-goldstrich-hoogte-40cm-2-liter-pot\/#breadcrumb\"},\"inLanguage\":\"da-DK\",\"potentialAction\":[{\"@type\":\"ReadAction\",\"target\":[\"https:\/\/www.schramas.com\/winkel\/set-van-3-lampepoetsersgras-pennisetum-alopecuroides-goldstrich-hoogte-40cm-2-liter-pot\/\"]}]},{\"@type\":\"ImageObject\",\"inLanguage\":\"da-DK\",\"@id\":\"https:\/\/www.schramas.com\/winkel\/set-van-3-lampepoetsersgras-pennisetum-alopecuroides-goldstrich-hoogte-40cm-2-liter-pot\/#primaryimage\",\"url\":\"https:\/\/www.schramas.com\/wp-content\/uploads\/2024\/06\/Pennisetium-Goldstrich-sfeer.jpg\",\"contentUrl\":\"https:\/\/www.schramas.com\/wp-content\/uploads\/2024\/06\/Pennisetium-Goldstrich-sfeer.jpg\",\"width\":1200,\"height\":1200},{\"@type\":\"BreadcrumbList\",\"@id\":\"https:\/\/www.schramas.com\/winkel\/set-van-3-lampepoetsersgras-pennisetum-alopecuroides-goldstrich-hoogte-40cm-2-liter-pot\/#breadcrumb\",\"itemListElement\":[{\"@type\":\"ListItem\",\"position\":1,\"name\":\"Product\",\"item\":\"https:\/\/www.schramas.com\/assortiment\/\"},{\"@type\":\"ListItem\",\"position\":2,\"name\":\"Tuinplanten\",\"item\":\"https:\/\/www.schramas.com\/product-category\/planten-heesters\/\"},{\"@type\":\"ListItem\",\"position\":3,\"name\":\"Set van 3 Lampepoetsersgras &#8211; Pennisetum alopecuroides &#8216;Goldstrich&#8217; \u2013 Hoogte 40cm \u2013 2 liter pot\"}]},{\"@type\":\"WebSite\",\"@id\":\"https:\/\/www.schramas.com\/#website\",\"url\":\"https:\/\/www.schramas.com\/\",\"name\":\"Schramas.com | Tuinplanten eenvoudig online bestellen | Direct van onze Kwekerij\",\"description\":\"\",\"alternateName\":\"Schramas.com - Alle planten direct van de kweker\",\"potentialAction\":[{\"@type\":\"SearchAction\",\"target\":{\"@type\":\"EntryPoint\",\"urlTemplate\":\"https:\/\/www.schramas.com\/?s={search_term_string}\"},\"query-input\":{\"@type\":\"PropertyValueSpecification\",\"valueRequired\":true,\"valueName\":\"search_term_string\"}}],\"inLanguage\":\"da-DK\"}]}<\/script>\n<!-- \/ Yoast SEO plugin. -->","yoast_head_json":{"title":"K\u00f8b s\u00e6t med 3 Lampoon Grass - Pennisetum alopecuroides &#039;Goldstrich&#039; \u2013 H\u00f8jde 40cm \u2013 2 liters potte | Bestil nemt planter online | Schramas.com","robots":{"index":"index","follow":"follow","max-snippet":"max-snippet:-1","max-image-preview":"max-image-preview:large","max-video-preview":"max-video-preview:-1"},"canonical":"https:\/\/www.schramas.com\/dk\/butik\/saet-med-3-lamprey-graes-pennisetum-alopecuroides-goldstrich-hojde-40cm-2-liter-potte\/","og_locale":"da_DK","og_type":"article","og_title":"Set van 3 Lampepoetsersgras - Pennisetum alopecuroides 'Goldstrich' \u2013 Hoogte 40cm \u2013 2 liter pot kopen | Planten eenvoudig online bestellen | Schramas.com","og_description":"3x Pennisetum alopecuroides 'Goldstrich'  Lampepoetsersgras  Hoogte max: 75cm  Leverhoogte incl. pot: circa 30-40 cm  Potmaat: 17cm","og_url":"https:\/\/www.schramas.com\/dk\/butik\/saet-med-3-lamprey-graes-pennisetum-alopecuroides-goldstrich-hojde-40cm-2-liter-potte\/","og_site_name":"Planten eenvoudig online bestellen | Schramas.com","article_publisher":"https:\/\/www.facebook.com\/Schramascom-106872874153195\/","article_modified_time":"2026-04-26T13:07:18+00:00","og_image":[{"width":1200,"height":1200,"url":"https:\/\/www.schramas.com\/wp-content\/uploads\/2024\/06\/Pennisetium-Goldstrich-sfeer.jpg","type":"image\/jpeg"}],"twitter_card":"summary_large_image","twitter_misc":{"Estimeret l\u00e6setid":"1 minut"},"schema":{"@context":"https:\/\/schema.org","@graph":[{"@type":["WebPage","ItemPage"],"@id":"https:\/\/www.schramas.com\/winkel\/set-van-3-lampepoetsersgras-pennisetum-alopecuroides-goldstrich-hoogte-40cm-2-liter-pot\/","url":"https:\/\/www.schramas.com\/winkel\/set-van-3-lampepoetsersgras-pennisetum-alopecuroides-goldstrich-hoogte-40cm-2-liter-pot\/","name":"K\u00f8b s\u00e6t med 3 Lampoon Grass - Pennisetum alopecuroides &#039;Goldstrich&#039; \u2013 H\u00f8jde 40cm \u2013 2 liters potte | Bestil nemt planter online | Schramas.com","isPartOf":{"@id":"https:\/\/www.schramas.com\/#website"},"primaryImageOfPage":{"@id":"https:\/\/www.schramas.com\/winkel\/set-van-3-lampepoetsersgras-pennisetum-alopecuroides-goldstrich-hoogte-40cm-2-liter-pot\/#primaryimage"},"image":{"@id":"https:\/\/www.schramas.com\/winkel\/set-van-3-lampepoetsersgras-pennisetum-alopecuroides-goldstrich-hoogte-40cm-2-liter-pot\/#primaryimage"},"thumbnailUrl":"https:\/\/www.schramas.com\/wp-content\/uploads\/2024\/06\/Pennisetium-Goldstrich-sfeer.jpg","datePublished":"2024-06-04T13:02:35+00:00","dateModified":"2026-04-26T13:07:18+00:00","breadcrumb":{"@id":"https:\/\/www.schramas.com\/winkel\/set-van-3-lampepoetsersgras-pennisetum-alopecuroides-goldstrich-hoogte-40cm-2-liter-pot\/#breadcrumb"},"inLanguage":"da-DK","potentialAction":[{"@type":"ReadAction","target":["https:\/\/www.schramas.com\/winkel\/set-van-3-lampepoetsersgras-pennisetum-alopecuroides-goldstrich-hoogte-40cm-2-liter-pot\/"]}]},{"@type":"ImageObject","inLanguage":"da-DK","@id":"https:\/\/www.schramas.com\/winkel\/set-van-3-lampepoetsersgras-pennisetum-alopecuroides-goldstrich-hoogte-40cm-2-liter-pot\/#primaryimage","url":"https:\/\/www.schramas.com\/wp-content\/uploads\/2024\/06\/Pennisetium-Goldstrich-sfeer.jpg","contentUrl":"https:\/\/www.schramas.com\/wp-content\/uploads\/2024\/06\/Pennisetium-Goldstrich-sfeer.jpg","width":1200,"height":1200},{"@type":"BreadcrumbList","@id":"https:\/\/www.schramas.com\/winkel\/set-van-3-lampepoetsersgras-pennisetum-alopecuroides-goldstrich-hoogte-40cm-2-liter-pot\/#breadcrumb","itemListElement":[{"@type":"ListItem","position":1,"name":"Product","item":"https:\/\/www.schramas.com\/assortiment\/"},{"@type":"ListItem","position":2,"name":"Tuinplanten","item":"https:\/\/www.schramas.com\/product-category\/planten-heesters\/"},{"@type":"ListItem","position":3,"name":"Set van 3 Lampepoetsersgras &#8211; Pennisetum alopecuroides &#8216;Goldstrich&#8217; \u2013 Hoogte 40cm \u2013 2 liter pot"}]},{"@type":"WebSite","@id":"https:\/\/www.schramas.com\/#website","url":"https:\/\/www.schramas.com\/","name":"Schramas.com | Haveplanter bestilles nemt online | Direkte fra vores gartneri","description":"","alternateName":"Schramas.com - Alle planten direct van de kweker","potentialAction":[{"@type":"SearchAction","target":{"@type":"EntryPoint","urlTemplate":"https:\/\/www.schramas.com\/?s={search_term_string}"},"query-input":{"@type":"PropertyValueSpecification","valueRequired":true,"valueName":"search_term_string"}}],"inLanguage":"da-DK"}]}},"_links":{"self":[{"href":"https:\/\/www.schramas.com\/dk\/wp-json\/wp\/v2\/product\/41414","targetHints":{"allow":["GET"]}}],"collection":[{"href":"https:\/\/www.schramas.com\/dk\/wp-json\/wp\/v2\/product"}],"about":[{"href":"https:\/\/www.schramas.com\/dk\/wp-json\/wp\/v2\/types\/product"}],"version-history":[{"count":3,"href":"https:\/\/www.schramas.com\/dk\/wp-json\/wp\/v2\/product\/41414\/revisions"}],"predecessor-version":[{"id":41420,"href":"https:\/\/www.schramas.com\/dk\/wp-json\/wp\/v2\/product\/41414\/revisions\/41420"}],"wp:featuredmedia":[{"embeddable":true,"href":"https:\/\/www.schramas.com\/dk\/wp-json\/wp\/v2\/media\/41418"}],"wp:attachment":[{"href":"https:\/\/www.schramas.com\/dk\/wp-json\/wp\/v2\/media?parent=41414"}],"wp:term":[{"taxonomy":"product_brand","embeddable":true,"href":"https:\/\/www.schramas.com\/dk\/wp-json\/wp\/v2\/product_brand?post=41414"},{"taxonomy":"product_cat","embeddable":true,"href":"https:\/\/www.schramas.com\/dk\/wp-json\/wp\/v2\/product_cat?post=41414"},{"taxonomy":"product_tag","embeddable":true,"href":"https:\/\/www.schramas.com\/dk\/wp-json\/wp\/v2\/product_tag?post=41414"}],"curies":[{"name":"wp","href":"https:\/\/api.w.org\/{rel}","templated":true}]}}