{"id":42649,"date":"2024-07-25T10:47:20","date_gmt":"2024-07-25T08:47:20","guid":{"rendered":"https:\/\/www.schramas.com\/?post_type=product&#038;p=42649"},"modified":"2026-04-15T08:06:14","modified_gmt":"2026-04-15T06:06:14","slug":"saet-med-2-himmelske-bambus-nandina-domestica-firepower-hojde-35cm-12cm-gryde","status":"publish","type":"product","link":"https:\/\/www.schramas.com\/dk\/butik\/saet-med-2-himmelske-bambus-nandina-domestica-firepower-hojde-35cm-12cm-gryde\/","title":{"rendered":"S\u00e6t med 2 himmelbambus - Nandina domestica 'Firepower' - H\u00f8jde 35 cm - 12 cm potte"},"content":{"rendered":"<p>Nandina domestica &#039;Firepower&#039;, ogs\u00e5 kendt som Heavenly Bamboo, er en sl\u00e5ende og alsidig stedsegr\u00f8n busk. Selvom navnet antyder, at det er en bambusart, er det ikke tilf\u00e6ldet, og denne plante vil ikke formere sig. S\u00e6ttet indeholder to planter, hver i en 12 cm potte og med en h\u00f8jde p\u00e5 cirka 35 cm.<\/p>\n<p><strong>Funktioner:<\/strong><\/p>\n<ul>\n<li><strong>Farverigt blad:<\/strong> L\u00f8vet p\u00e5 &#039;Firepower&#039; varierer gennem s\u00e6sonerne, hvor farverne skifter fra levende r\u00f8d og pink om for\u00e5ret til gul og gr\u00f8n om sommeren og endelig en blanding af r\u00f8d, orange og gr\u00f8n om efter\u00e5ret og vinteren. Disse dynamiske farvenuancer g\u00f8r planten til et rigtigt blikfang.<\/li>\n<li><strong>Blomstring og frugter:<\/strong> Om sommeren producerer Nandina domestica &#039;Firepower&#039; sarte hvide blomster, som senere p\u00e5 s\u00e6sonen efterf\u00f8lges af dekorative r\u00f8de b\u00e6r. Disse b\u00e6r forbliver ofte synlige langt ind i vinteren, hvilket giver en varig dekorativ effekt.<\/li>\n<li><strong>V\u00e6kst og vedligeholdelse:<\/strong> Denne plante vokser opretst\u00e5ende til busket og n\u00e5r en sluth\u00f8jde p\u00e5 cirka 50 cm. Nandina &#039;Firepower&#039; er t\u00f8rkebestandig og kan plantes i fuld sol eller delvis skygge. Busken formerer sig ikke, hvilket betyder, at den bliver p\u00e6nt p\u00e5 plads uden at overtage haven.<\/li>\n<li><strong>Anvendelse:<\/strong> Heavenly Bamboo er meget alsidig og kan bruges som pr\u00f8veplante i en potte p\u00e5 terrassen eller balkonen, i border som en accentplante eller i gruppeplantninger. Den er ogs\u00e5 velegnet til at lave lave h\u00e6kke.<\/li>\n<\/ul>\n<p><strong>Pas p\u00e5 dig selv:<\/strong><\/p>\n<p>Nandina domestica &#039;Firepower&#039; kr\u00e6ver lidt vedligeholdelse og skal kun besk\u00e6res sporadisk for at bevare en attraktiv form. Det er en ideel plante for b\u00e5de nybegyndere og erfarne gartnere p\u00e5 udkig efter lav vedligeholdelse, men h\u00f8j visuel effekt.<\/p>","protected":false},"excerpt":{"rendered":"<div class=\"elementor-element elementor-element-22a0eea elementor-widget elementor-widget-woocommerce-product-short-description\" data-id=\"22a0eea\" data-element_type=\"widget\" data-widget_type=\"woocommerce-product-short-description.default\">\n<div class=\"elementor-widget-container\">\n<div class=\"woocommerce-product-details__short-description\">\n<p>Nandina domestica &#039;Firepower&#039;<\/p>\n<p>Falsk bambus, himmelsk bambus<\/p>\n<p>Blomsterstand: r\u00f8dfarvede blade<\/p>\n<p>Maks. h\u00f8jde 50-60 cm<\/p>\n<p>Bliv ved med at v\u00e6re gr\u00f8n.<\/p>\n<p>Hardy<\/p>\n<p>Leveringsh\u00f8jde inkl. potte: 35-40 cm<\/p>\n<p>Pottest\u00f8rrelse: 12 cm potte<\/p>\n<\/div>\n<\/div>\n<\/div>\n<div class=\"elementor-element elementor-element-e241044 elementor-widget elementor-widget-woocommerce-product-price\" data-id=\"e241044\" data-element_type=\"widget\" data-widget_type=\"woocommerce-product-price.default\">\n<div class=\"elementor-widget-container\"><\/div>\n<\/div>","protected":false},"featured_media":42653,"template":"","meta":{"_joinchat":[]},"product_brand":[],"product_cat":[303,300,867,1012,229,305],"product_tag":[603,1369,2076,1497,2072,499,2073,2074,2075,2071,930,1541,1275,1518,610,351],"class_list":{"0":"post-42649","1":"product","2":"type-product","3":"status-publish","4":"has-post-thumbnail","6":"product_cat-groenblijvende-heesters","7":"product_cat-heesters","8":"product_cat-pakket-deals","9":"product_cat-overige-deals","10":"product_cat-sierheesters","11":"product_cat-planten-heesters","12":"product_tag-bessen","13":"product_tag-borderplant","14":"product_tag-decoratieve-plant","15":"product_tag-droogtetolerant","16":"product_tag-firepower","17":"product_tag-groenblijvend","18":"product_tag-hemelse-bamboe","19":"product_tag-kleurrijk-blad","20":"product_tag-laag-onderhoud","21":"product_tag-nandina-domestica","22":"product_tag-sierstruik","23":"product_tag-terrasplant","24":"product_tag-tuinieren","25":"product_tag-tuinontwerp","26":"product_tag-tuinplant","27":"product_tag-winterhard","28":"pa_ewd_uwcf_colors-groen-2","29":"pa_groeihoogte-50-100-cm","30":"pa_pot-1-5-liter-pot","32":"first","33":"outofstock","34":"taxable","35":"shipping-taxable","36":"purchasable","37":"product-type-simple"},"yoast_head":"<!-- This site is optimized with the Yoast SEO plugin v24.2 - https:\/\/yoast.com\/wordpress\/plugins\/seo\/ -->\n<title>Set van 2 hemelse bamboe - Nandina domestica &#039;Firepower&#039; - Hoogte 35cm - 12cm pot kopen | Planten eenvoudig online bestellen | Schramas.com<\/title>\n<meta name=\"robots\" content=\"index, follow, max-snippet:-1, max-image-preview:large, max-video-preview:-1\" \/>\n<link rel=\"canonical\" href=\"https:\/\/www.schramas.com\/dk\/butik\/saet-med-2-himmelske-bambus-nandina-domestica-firepower-hojde-35cm-12cm-gryde\/\" \/>\n<meta property=\"og:locale\" content=\"da_DK\" \/>\n<meta property=\"og:type\" content=\"article\" \/>\n<meta property=\"og:title\" content=\"Set van 2 hemelse bamboe - Nandina domestica &#039;Firepower&#039; - Hoogte 35cm - 12cm pot kopen | Planten eenvoudig online bestellen | Schramas.com\" \/>\n<meta property=\"og:description\" content=\"Nandina domestica &#039;Firepower&#039;  Schijnbamboe, hemelse bamboe  Bloeiwijze: rood gekleurd blad  Max. hoogte 50-60 cm  Groen blijvend.  Winterhard  Leverhoogte incl. pot: 35-40 cm  Potmaat: 12cm pot\" \/>\n<meta property=\"og:url\" content=\"https:\/\/www.schramas.com\/dk\/butik\/saet-med-2-himmelske-bambus-nandina-domestica-firepower-hojde-35cm-12cm-gryde\/\" \/>\n<meta property=\"og:site_name\" content=\"Planten eenvoudig online bestellen | Schramas.com\" \/>\n<meta property=\"article:publisher\" content=\"https:\/\/www.facebook.com\/Schramascom-106872874153195\/\" \/>\n<meta property=\"article:modified_time\" content=\"2026-04-15T06:06:14+00:00\" \/>\n<meta property=\"og:image\" content=\"http:\/\/www.schramas.com\/wp-content\/uploads\/2024\/07\/Nandina-domestica-Firepower-sfeer.jpg\" \/>\n\t<meta property=\"og:image:width\" content=\"1200\" \/>\n\t<meta property=\"og:image:height\" content=\"1200\" \/>\n\t<meta property=\"og:image:type\" content=\"image\/jpeg\" \/>\n<meta name=\"twitter:card\" content=\"summary_large_image\" \/>\n<meta name=\"twitter:label1\" content=\"Estimeret l\u00e6setid\" \/>\n\t<meta name=\"twitter:data1\" content=\"1 minut\" \/>\n<script type=\"application\/ld+json\" class=\"yoast-schema-graph\">{\"@context\":\"https:\/\/schema.org\",\"@graph\":[{\"@type\":[\"WebPage\",\"ItemPage\"],\"@id\":\"https:\/\/www.schramas.com\/winkel\/set-van-2-hemelse-bamboe-nandina-domestica-firepower-hoogte-35cm-12cm-pot\/\",\"url\":\"https:\/\/www.schramas.com\/winkel\/set-van-2-hemelse-bamboe-nandina-domestica-firepower-hoogte-35cm-12cm-pot\/\",\"name\":\"Set van 2 hemelse bamboe - Nandina domestica 'Firepower' - Hoogte 35cm - 12cm pot kopen | Planten eenvoudig online bestellen | Schramas.com\",\"isPartOf\":{\"@id\":\"https:\/\/www.schramas.com\/#website\"},\"primaryImageOfPage\":{\"@id\":\"https:\/\/www.schramas.com\/winkel\/set-van-2-hemelse-bamboe-nandina-domestica-firepower-hoogte-35cm-12cm-pot\/#primaryimage\"},\"image\":{\"@id\":\"https:\/\/www.schramas.com\/winkel\/set-van-2-hemelse-bamboe-nandina-domestica-firepower-hoogte-35cm-12cm-pot\/#primaryimage\"},\"thumbnailUrl\":\"https:\/\/www.schramas.com\/wp-content\/uploads\/2024\/07\/Nandina-domestica-Firepower-sfeer.jpg\",\"datePublished\":\"2024-07-25T08:47:20+00:00\",\"dateModified\":\"2026-04-15T06:06:14+00:00\",\"breadcrumb\":{\"@id\":\"https:\/\/www.schramas.com\/winkel\/set-van-2-hemelse-bamboe-nandina-domestica-firepower-hoogte-35cm-12cm-pot\/#breadcrumb\"},\"inLanguage\":\"da-DK\",\"potentialAction\":[{\"@type\":\"ReadAction\",\"target\":[\"https:\/\/www.schramas.com\/winkel\/set-van-2-hemelse-bamboe-nandina-domestica-firepower-hoogte-35cm-12cm-pot\/\"]}]},{\"@type\":\"ImageObject\",\"inLanguage\":\"da-DK\",\"@id\":\"https:\/\/www.schramas.com\/winkel\/set-van-2-hemelse-bamboe-nandina-domestica-firepower-hoogte-35cm-12cm-pot\/#primaryimage\",\"url\":\"https:\/\/www.schramas.com\/wp-content\/uploads\/2024\/07\/Nandina-domestica-Firepower-sfeer.jpg\",\"contentUrl\":\"https:\/\/www.schramas.com\/wp-content\/uploads\/2024\/07\/Nandina-domestica-Firepower-sfeer.jpg\",\"width\":1200,\"height\":1200},{\"@type\":\"BreadcrumbList\",\"@id\":\"https:\/\/www.schramas.com\/winkel\/set-van-2-hemelse-bamboe-nandina-domestica-firepower-hoogte-35cm-12cm-pot\/#breadcrumb\",\"itemListElement\":[{\"@type\":\"ListItem\",\"position\":1,\"name\":\"Product\",\"item\":\"https:\/\/www.schramas.com\/assortiment\/\"},{\"@type\":\"ListItem\",\"position\":2,\"name\":\"Pakketdeals\",\"item\":\"https:\/\/www.schramas.com\/product-category\/pakket-deals\/\"},{\"@type\":\"ListItem\",\"position\":3,\"name\":\"Set van 2 hemelse bamboe &#8211; Nandina domestica &#8216;Firepower&#8217; &#8211; Hoogte 35cm &#8211; 12cm pot\"}]},{\"@type\":\"WebSite\",\"@id\":\"https:\/\/www.schramas.com\/#website\",\"url\":\"https:\/\/www.schramas.com\/\",\"name\":\"Schramas.com | Tuinplanten eenvoudig online bestellen | Direct van onze Kwekerij\",\"description\":\"\",\"alternateName\":\"Schramas.com - Alle planten direct van de kweker\",\"potentialAction\":[{\"@type\":\"SearchAction\",\"target\":{\"@type\":\"EntryPoint\",\"urlTemplate\":\"https:\/\/www.schramas.com\/?s={search_term_string}\"},\"query-input\":{\"@type\":\"PropertyValueSpecification\",\"valueRequired\":true,\"valueName\":\"search_term_string\"}}],\"inLanguage\":\"da-DK\"}]}<\/script>\n<!-- \/ Yoast SEO plugin. -->","yoast_head_json":{"title":"S\u00e6t med 2 himmelske bambus - Nandina domestica &#039;Firepower&#039; - H\u00f8jde 35cm - k\u00f8b 12cm gryde | Bestil nemt planter online | Schramas.com","robots":{"index":"index","follow":"follow","max-snippet":"max-snippet:-1","max-image-preview":"max-image-preview:large","max-video-preview":"max-video-preview:-1"},"canonical":"https:\/\/www.schramas.com\/dk\/butik\/saet-med-2-himmelske-bambus-nandina-domestica-firepower-hojde-35cm-12cm-gryde\/","og_locale":"da_DK","og_type":"article","og_title":"Set van 2 hemelse bamboe - Nandina domestica 'Firepower' - Hoogte 35cm - 12cm pot kopen | Planten eenvoudig online bestellen | Schramas.com","og_description":"Nandina domestica 'Firepower'  Schijnbamboe, hemelse bamboe  Bloeiwijze: rood gekleurd blad  Max. hoogte 50-60 cm  Groen blijvend.  Winterhard  Leverhoogte incl. pot: 35-40 cm  Potmaat: 12cm pot","og_url":"https:\/\/www.schramas.com\/dk\/butik\/saet-med-2-himmelske-bambus-nandina-domestica-firepower-hojde-35cm-12cm-gryde\/","og_site_name":"Planten eenvoudig online bestellen | Schramas.com","article_publisher":"https:\/\/www.facebook.com\/Schramascom-106872874153195\/","article_modified_time":"2026-04-15T06:06:14+00:00","og_image":[{"width":1200,"height":1200,"url":"http:\/\/www.schramas.com\/wp-content\/uploads\/2024\/07\/Nandina-domestica-Firepower-sfeer.jpg","type":"image\/jpeg"}],"twitter_card":"summary_large_image","twitter_misc":{"Estimeret l\u00e6setid":"1 minut"},"schema":{"@context":"https:\/\/schema.org","@graph":[{"@type":["WebPage","ItemPage"],"@id":"https:\/\/www.schramas.com\/winkel\/set-van-2-hemelse-bamboe-nandina-domestica-firepower-hoogte-35cm-12cm-pot\/","url":"https:\/\/www.schramas.com\/winkel\/set-van-2-hemelse-bamboe-nandina-domestica-firepower-hoogte-35cm-12cm-pot\/","name":"S\u00e6t med 2 himmelske bambus - Nandina domestica &#039;Firepower&#039; - H\u00f8jde 35cm - k\u00f8b 12cm gryde | Bestil nemt planter online | Schramas.com","isPartOf":{"@id":"https:\/\/www.schramas.com\/#website"},"primaryImageOfPage":{"@id":"https:\/\/www.schramas.com\/winkel\/set-van-2-hemelse-bamboe-nandina-domestica-firepower-hoogte-35cm-12cm-pot\/#primaryimage"},"image":{"@id":"https:\/\/www.schramas.com\/winkel\/set-van-2-hemelse-bamboe-nandina-domestica-firepower-hoogte-35cm-12cm-pot\/#primaryimage"},"thumbnailUrl":"https:\/\/www.schramas.com\/wp-content\/uploads\/2024\/07\/Nandina-domestica-Firepower-sfeer.jpg","datePublished":"2024-07-25T08:47:20+00:00","dateModified":"2026-04-15T06:06:14+00:00","breadcrumb":{"@id":"https:\/\/www.schramas.com\/winkel\/set-van-2-hemelse-bamboe-nandina-domestica-firepower-hoogte-35cm-12cm-pot\/#breadcrumb"},"inLanguage":"da-DK","potentialAction":[{"@type":"ReadAction","target":["https:\/\/www.schramas.com\/winkel\/set-van-2-hemelse-bamboe-nandina-domestica-firepower-hoogte-35cm-12cm-pot\/"]}]},{"@type":"ImageObject","inLanguage":"da-DK","@id":"https:\/\/www.schramas.com\/winkel\/set-van-2-hemelse-bamboe-nandina-domestica-firepower-hoogte-35cm-12cm-pot\/#primaryimage","url":"https:\/\/www.schramas.com\/wp-content\/uploads\/2024\/07\/Nandina-domestica-Firepower-sfeer.jpg","contentUrl":"https:\/\/www.schramas.com\/wp-content\/uploads\/2024\/07\/Nandina-domestica-Firepower-sfeer.jpg","width":1200,"height":1200},{"@type":"BreadcrumbList","@id":"https:\/\/www.schramas.com\/winkel\/set-van-2-hemelse-bamboe-nandina-domestica-firepower-hoogte-35cm-12cm-pot\/#breadcrumb","itemListElement":[{"@type":"ListItem","position":1,"name":"Product","item":"https:\/\/www.schramas.com\/assortiment\/"},{"@type":"ListItem","position":2,"name":"Pakketdeals","item":"https:\/\/www.schramas.com\/product-category\/pakket-deals\/"},{"@type":"ListItem","position":3,"name":"Set van 2 hemelse bamboe &#8211; Nandina domestica &#8216;Firepower&#8217; &#8211; Hoogte 35cm &#8211; 12cm pot"}]},{"@type":"WebSite","@id":"https:\/\/www.schramas.com\/#website","url":"https:\/\/www.schramas.com\/","name":"Schramas.com | Haveplanter bestilles nemt online | Direkte fra vores gartneri","description":"","alternateName":"Schramas.com - Alle planten direct van de kweker","potentialAction":[{"@type":"SearchAction","target":{"@type":"EntryPoint","urlTemplate":"https:\/\/www.schramas.com\/?s={search_term_string}"},"query-input":{"@type":"PropertyValueSpecification","valueRequired":true,"valueName":"search_term_string"}}],"inLanguage":"da-DK"}]}},"_links":{"self":[{"href":"https:\/\/www.schramas.com\/dk\/wp-json\/wp\/v2\/product\/42649","targetHints":{"allow":["GET"]}}],"collection":[{"href":"https:\/\/www.schramas.com\/dk\/wp-json\/wp\/v2\/product"}],"about":[{"href":"https:\/\/www.schramas.com\/dk\/wp-json\/wp\/v2\/types\/product"}],"version-history":[{"count":4,"href":"https:\/\/www.schramas.com\/dk\/wp-json\/wp\/v2\/product\/42649\/revisions"}],"predecessor-version":[{"id":42660,"href":"https:\/\/www.schramas.com\/dk\/wp-json\/wp\/v2\/product\/42649\/revisions\/42660"}],"wp:featuredmedia":[{"embeddable":true,"href":"https:\/\/www.schramas.com\/dk\/wp-json\/wp\/v2\/media\/42653"}],"wp:attachment":[{"href":"https:\/\/www.schramas.com\/dk\/wp-json\/wp\/v2\/media?parent=42649"}],"wp:term":[{"taxonomy":"product_brand","embeddable":true,"href":"https:\/\/www.schramas.com\/dk\/wp-json\/wp\/v2\/product_brand?post=42649"},{"taxonomy":"product_cat","embeddable":true,"href":"https:\/\/www.schramas.com\/dk\/wp-json\/wp\/v2\/product_cat?post=42649"},{"taxonomy":"product_tag","embeddable":true,"href":"https:\/\/www.schramas.com\/dk\/wp-json\/wp\/v2\/product_tag?post=42649"}],"curies":[{"name":"wp","href":"https:\/\/api.w.org\/{rel}","templated":true}]}}