{"id":43329,"date":"2024-08-27T12:03:57","date_gmt":"2024-08-27T10:03:57","guid":{"rendered":"https:\/\/www.schramas.com\/?post_type=product&#038;p=43329"},"modified":"2026-03-26T16:36:52","modified_gmt":"2026-03-26T15:36:52","slug":"sono-professionel-slibemaskine-wolfram-stal-laengde-160mm-slibefil","status":"publish","type":"product","link":"https:\/\/www.schramas.com\/dk\/butik\/sono-professionel-slibemaskine-wolfram-stal-laengde-160mm-slibefil\/","title":{"rendered":"SONO\u00ae- Professionel kv\u00e6rn - Wolframst\u00e5l - L\u00e6ngde: 160 mm - slibefil"},"content":{"rendered":"<p>SONO\u00ae Professional Sharpener, model J30, er et uundv\u00e6rligt v\u00e6rkt\u00f8j til at holde dine knive, sakse og haveredskaber skarpe. Med en kompakt st\u00f8rrelse p\u00e5 160 mm og et blad lavet af slidst\u00e6rkt wolframst\u00e5l tilbyder denne slibemaskine den perfekte l\u00f8sning til at f\u00e5 dit v\u00e6rkt\u00f8j tilbage i top stand hurtigt og effektivt.<\/p>\n<p>Det ergonomiske plasth\u00e5ndtag giver et fast og behageligt greb, s\u00e5 du kan sk\u00e6rpe med pr\u00e6cision. Sliberen er ideel til at vedligeholde besk\u00e6ringssakse, sakse, blomstersakse og besk\u00e6reknive, og den er nem at bruge. Hold v\u00e6rkt\u00f8jet i en vinkel p\u00e5 15-30 grader og k\u00f8r bladet let hen over sliberen 3-4 gange. Olie er ikke n\u00f8dvendig; lidt vand er nok, hvis du \u00f8nsker det.<\/p>\n<p>Med SONO\u00ae Professional Sharpener holder du altid dine v\u00e6rkt\u00f8jer skarpe og klar til brug uden besv\u00e6r.<\/p>\n<p><strong>Specifikationer:<\/strong><\/p>\n<ul>\n<li><strong>Model:<\/strong> J30 professionel sliber<\/li>\n<li><strong>L\u00e6ngde:<\/strong> 160 mm<\/li>\n<li><strong>Slibeblad:<\/strong> Wolfram st\u00e5l<\/li>\n<li><strong>H\u00e5ndtag:<\/strong> Ergonomisk plasth\u00e5ndtag<\/li>\n<li><strong>Velegnet til:<\/strong> Sekat\u00f8rer, sakse, blomstersakse, besk\u00e6reknive mv.<\/li>\n<\/ul>","protected":false},"excerpt":{"rendered":"<p>Model: J53<\/p>\n<p>L\u00e6ngde: 185 mm<\/p>\n<p>Topklinge: SK5-st\u00e5l med h\u00f8jt kulstofindhold, h\u00e5rd forkromning<\/p>\n<p>Bundblad: SK5-st\u00e5l med h\u00f8jt kulstofindhold, h\u00e5rd forkromning<\/p>\n<p>H\u00e5ndtag: Metalh\u00e5ndtag med sort finish og PVC-greb<\/p>\n<p>Ekstra: Krog til fastg\u00f8relse af fjeder<\/p>","protected":false},"featured_media":43335,"template":"","meta":{"_joinchat":[]},"product_brand":[],"product_cat":[137,142],"product_tag":[2147,2146,2134,2142,2148,2140,2145,2144,2143,2141],"class_list":{"0":"post-43329","1":"product","2":"type-product","3":"status-publish","4":"has-post-thumbnail","6":"product_cat-accessoires","7":"product_cat-gereedschap","8":"product_tag-compact-slijpgereedschap","9":"product_tag-duurzame-slijper","10":"product_tag-ergonomisch-handvat","11":"product_tag-messen-slijpen","12":"product_tag-onderhoud-gereedschap","13":"product_tag-professionele-slijper","14":"product_tag-scharenslijper","15":"product_tag-snoeischaar-slijpen","16":"product_tag-tuingereedschap-onderhoud","17":"product_tag-tungsten-staal","19":"first","20":"instock","21":"taxable","22":"shipping-taxable","23":"purchasable","24":"product-type-simple"},"yoast_head":"<!-- This site is optimized with the Yoast SEO plugin v24.2 - https:\/\/yoast.com\/wordpress\/plugins\/seo\/ -->\n<title>SONO\u00ae- Professionele Slijper - Tungsten Staal - Lengte: 160mm - slijpvijl kopen | Planten eenvoudig online bestellen | Schramas.com<\/title>\n<meta name=\"robots\" content=\"index, follow, max-snippet:-1, max-image-preview:large, max-video-preview:-1\" \/>\n<link rel=\"canonical\" href=\"https:\/\/www.schramas.com\/dk\/butik\/sono-professionel-slibemaskine-wolfram-stal-laengde-160mm-slibefil\/\" \/>\n<meta property=\"og:locale\" content=\"da_DK\" \/>\n<meta property=\"og:type\" content=\"article\" \/>\n<meta property=\"og:title\" content=\"SONO\u00ae- Professionele Slijper - Tungsten Staal - Lengte: 160mm - slijpvijl kopen | Planten eenvoudig online bestellen | Schramas.com\" \/>\n<meta property=\"og:description\" content=\"Model: J53  Lengte: 185mm  Bovenblad: Hoog carbon SK5 staal, harde chrome plating  Onderblad: Hoog carbon SK5 staal, harde chrome plating  Handvat: Metalen handvatten met zwarte afwerking en PVC-grepen  Extra: Haak voor veerbevestiging\" \/>\n<meta property=\"og:url\" content=\"https:\/\/www.schramas.com\/dk\/butik\/sono-professionel-slibemaskine-wolfram-stal-laengde-160mm-slibefil\/\" \/>\n<meta property=\"og:site_name\" content=\"Planten eenvoudig online bestellen | Schramas.com\" \/>\n<meta property=\"article:publisher\" content=\"https:\/\/www.facebook.com\/Schramascom-106872874153195\/\" \/>\n<meta property=\"article:modified_time\" content=\"2026-03-26T15:36:52+00:00\" \/>\n<meta property=\"og:image\" content=\"https:\/\/www.schramas.com\/wp-content\/uploads\/2024\/08\/J31-1.jpg\" \/>\n\t<meta property=\"og:image:width\" content=\"1200\" \/>\n\t<meta property=\"og:image:height\" content=\"1200\" \/>\n\t<meta property=\"og:image:type\" content=\"image\/jpeg\" \/>\n<meta name=\"twitter:card\" content=\"summary_large_image\" \/>\n<meta name=\"twitter:label1\" content=\"Estimeret l\u00e6setid\" \/>\n\t<meta name=\"twitter:data1\" content=\"1 minut\" \/>\n<script type=\"application\/ld+json\" class=\"yoast-schema-graph\">{\"@context\":\"https:\/\/schema.org\",\"@graph\":[{\"@type\":[\"WebPage\",\"ItemPage\"],\"@id\":\"https:\/\/www.schramas.com\/winkel\/sono-professionele-slijper-tungsten-staal-lengte-160mm-slijpvijl\/\",\"url\":\"https:\/\/www.schramas.com\/winkel\/sono-professionele-slijper-tungsten-staal-lengte-160mm-slijpvijl\/\",\"name\":\"SONO\u00ae- Professionele Slijper - Tungsten Staal - Lengte: 160mm - slijpvijl kopen | Planten eenvoudig online bestellen | Schramas.com\",\"isPartOf\":{\"@id\":\"https:\/\/www.schramas.com\/#website\"},\"primaryImageOfPage\":{\"@id\":\"https:\/\/www.schramas.com\/winkel\/sono-professionele-slijper-tungsten-staal-lengte-160mm-slijpvijl\/#primaryimage\"},\"image\":{\"@id\":\"https:\/\/www.schramas.com\/winkel\/sono-professionele-slijper-tungsten-staal-lengte-160mm-slijpvijl\/#primaryimage\"},\"thumbnailUrl\":\"https:\/\/www.schramas.com\/wp-content\/uploads\/2024\/08\/J31-1.jpg\",\"datePublished\":\"2024-08-27T10:03:57+00:00\",\"dateModified\":\"2026-03-26T15:36:52+00:00\",\"breadcrumb\":{\"@id\":\"https:\/\/www.schramas.com\/winkel\/sono-professionele-slijper-tungsten-staal-lengte-160mm-slijpvijl\/#breadcrumb\"},\"inLanguage\":\"da-DK\",\"potentialAction\":[{\"@type\":\"ReadAction\",\"target\":[\"https:\/\/www.schramas.com\/winkel\/sono-professionele-slijper-tungsten-staal-lengte-160mm-slijpvijl\/\"]}]},{\"@type\":\"ImageObject\",\"inLanguage\":\"da-DK\",\"@id\":\"https:\/\/www.schramas.com\/winkel\/sono-professionele-slijper-tungsten-staal-lengte-160mm-slijpvijl\/#primaryimage\",\"url\":\"https:\/\/www.schramas.com\/wp-content\/uploads\/2024\/08\/J31-1.jpg\",\"contentUrl\":\"https:\/\/www.schramas.com\/wp-content\/uploads\/2024\/08\/J31-1.jpg\",\"width\":1200,\"height\":1200},{\"@type\":\"BreadcrumbList\",\"@id\":\"https:\/\/www.schramas.com\/winkel\/sono-professionele-slijper-tungsten-staal-lengte-160mm-slijpvijl\/#breadcrumb\",\"itemListElement\":[{\"@type\":\"ListItem\",\"position\":1,\"name\":\"Product\",\"item\":\"https:\/\/www.schramas.com\/assortiment\/\"},{\"@type\":\"ListItem\",\"position\":2,\"name\":\"Accessoires\",\"item\":\"https:\/\/www.schramas.com\/product-category\/accessoires\/\"},{\"@type\":\"ListItem\",\"position\":3,\"name\":\"Tuingereedschap\",\"item\":\"https:\/\/www.schramas.com\/product-category\/accessoires\/gereedschap\/\"},{\"@type\":\"ListItem\",\"position\":4,\"name\":\"SONO\u00ae- Professionele Slijper &#8211; Tungsten Staal &#8211; Lengte: 160mm &#8211; slijpvijl\"}]},{\"@type\":\"WebSite\",\"@id\":\"https:\/\/www.schramas.com\/#website\",\"url\":\"https:\/\/www.schramas.com\/\",\"name\":\"Schramas.com | Tuinplanten eenvoudig online bestellen | Direct van onze Kwekerij\",\"description\":\"\",\"alternateName\":\"Schramas.com - Alle planten direct van de kweker\",\"potentialAction\":[{\"@type\":\"SearchAction\",\"target\":{\"@type\":\"EntryPoint\",\"urlTemplate\":\"https:\/\/www.schramas.com\/?s={search_term_string}\"},\"query-input\":{\"@type\":\"PropertyValueSpecification\",\"valueRequired\":true,\"valueName\":\"search_term_string\"}}],\"inLanguage\":\"da-DK\"}]}<\/script>\n<!-- \/ Yoast SEO plugin. -->","yoast_head_json":{"title":"SONO\u00ae- Professional Sharpener - Tungsten Steel - L\u00e6ngde: 160mm - k\u00f8b en slibefil | Bestil nemt planter online | Schramas.com","robots":{"index":"index","follow":"follow","max-snippet":"max-snippet:-1","max-image-preview":"max-image-preview:large","max-video-preview":"max-video-preview:-1"},"canonical":"https:\/\/www.schramas.com\/dk\/butik\/sono-professionel-slibemaskine-wolfram-stal-laengde-160mm-slibefil\/","og_locale":"da_DK","og_type":"article","og_title":"SONO\u00ae- Professionele Slijper - Tungsten Staal - Lengte: 160mm - slijpvijl kopen | Planten eenvoudig online bestellen | Schramas.com","og_description":"Model: J53  Lengte: 185mm  Bovenblad: Hoog carbon SK5 staal, harde chrome plating  Onderblad: Hoog carbon SK5 staal, harde chrome plating  Handvat: Metalen handvatten met zwarte afwerking en PVC-grepen  Extra: Haak voor veerbevestiging","og_url":"https:\/\/www.schramas.com\/dk\/butik\/sono-professionel-slibemaskine-wolfram-stal-laengde-160mm-slibefil\/","og_site_name":"Planten eenvoudig online bestellen | Schramas.com","article_publisher":"https:\/\/www.facebook.com\/Schramascom-106872874153195\/","article_modified_time":"2026-03-26T15:36:52+00:00","og_image":[{"width":1200,"height":1200,"url":"https:\/\/www.schramas.com\/wp-content\/uploads\/2024\/08\/J31-1.jpg","type":"image\/jpeg"}],"twitter_card":"summary_large_image","twitter_misc":{"Estimeret l\u00e6setid":"1 minut"},"schema":{"@context":"https:\/\/schema.org","@graph":[{"@type":["WebPage","ItemPage"],"@id":"https:\/\/www.schramas.com\/winkel\/sono-professionele-slijper-tungsten-staal-lengte-160mm-slijpvijl\/","url":"https:\/\/www.schramas.com\/winkel\/sono-professionele-slijper-tungsten-staal-lengte-160mm-slijpvijl\/","name":"SONO\u00ae- Professional Sharpener - Tungsten Steel - L\u00e6ngde: 160mm - k\u00f8b en slibefil | Bestil nemt planter online | Schramas.com","isPartOf":{"@id":"https:\/\/www.schramas.com\/#website"},"primaryImageOfPage":{"@id":"https:\/\/www.schramas.com\/winkel\/sono-professionele-slijper-tungsten-staal-lengte-160mm-slijpvijl\/#primaryimage"},"image":{"@id":"https:\/\/www.schramas.com\/winkel\/sono-professionele-slijper-tungsten-staal-lengte-160mm-slijpvijl\/#primaryimage"},"thumbnailUrl":"https:\/\/www.schramas.com\/wp-content\/uploads\/2024\/08\/J31-1.jpg","datePublished":"2024-08-27T10:03:57+00:00","dateModified":"2026-03-26T15:36:52+00:00","breadcrumb":{"@id":"https:\/\/www.schramas.com\/winkel\/sono-professionele-slijper-tungsten-staal-lengte-160mm-slijpvijl\/#breadcrumb"},"inLanguage":"da-DK","potentialAction":[{"@type":"ReadAction","target":["https:\/\/www.schramas.com\/winkel\/sono-professionele-slijper-tungsten-staal-lengte-160mm-slijpvijl\/"]}]},{"@type":"ImageObject","inLanguage":"da-DK","@id":"https:\/\/www.schramas.com\/winkel\/sono-professionele-slijper-tungsten-staal-lengte-160mm-slijpvijl\/#primaryimage","url":"https:\/\/www.schramas.com\/wp-content\/uploads\/2024\/08\/J31-1.jpg","contentUrl":"https:\/\/www.schramas.com\/wp-content\/uploads\/2024\/08\/J31-1.jpg","width":1200,"height":1200},{"@type":"BreadcrumbList","@id":"https:\/\/www.schramas.com\/winkel\/sono-professionele-slijper-tungsten-staal-lengte-160mm-slijpvijl\/#breadcrumb","itemListElement":[{"@type":"ListItem","position":1,"name":"Product","item":"https:\/\/www.schramas.com\/assortiment\/"},{"@type":"ListItem","position":2,"name":"Accessoires","item":"https:\/\/www.schramas.com\/product-category\/accessoires\/"},{"@type":"ListItem","position":3,"name":"Tuingereedschap","item":"https:\/\/www.schramas.com\/product-category\/accessoires\/gereedschap\/"},{"@type":"ListItem","position":4,"name":"SONO\u00ae- Professionele Slijper &#8211; Tungsten Staal &#8211; Lengte: 160mm &#8211; slijpvijl"}]},{"@type":"WebSite","@id":"https:\/\/www.schramas.com\/#website","url":"https:\/\/www.schramas.com\/","name":"Schramas.com | Haveplanter bestilles nemt online | Direkte fra vores gartneri","description":"","alternateName":"Schramas.com - Alle planten direct van de kweker","potentialAction":[{"@type":"SearchAction","target":{"@type":"EntryPoint","urlTemplate":"https:\/\/www.schramas.com\/?s={search_term_string}"},"query-input":{"@type":"PropertyValueSpecification","valueRequired":true,"valueName":"search_term_string"}}],"inLanguage":"da-DK"}]}},"_links":{"self":[{"href":"https:\/\/www.schramas.com\/dk\/wp-json\/wp\/v2\/product\/43329","targetHints":{"allow":["GET"]}}],"collection":[{"href":"https:\/\/www.schramas.com\/dk\/wp-json\/wp\/v2\/product"}],"about":[{"href":"https:\/\/www.schramas.com\/dk\/wp-json\/wp\/v2\/types\/product"}],"version-history":[{"count":2,"href":"https:\/\/www.schramas.com\/dk\/wp-json\/wp\/v2\/product\/43329\/revisions"}],"predecessor-version":[{"id":43342,"href":"https:\/\/www.schramas.com\/dk\/wp-json\/wp\/v2\/product\/43329\/revisions\/43342"}],"wp:featuredmedia":[{"embeddable":true,"href":"https:\/\/www.schramas.com\/dk\/wp-json\/wp\/v2\/media\/43335"}],"wp:attachment":[{"href":"https:\/\/www.schramas.com\/dk\/wp-json\/wp\/v2\/media?parent=43329"}],"wp:term":[{"taxonomy":"product_brand","embeddable":true,"href":"https:\/\/www.schramas.com\/dk\/wp-json\/wp\/v2\/product_brand?post=43329"},{"taxonomy":"product_cat","embeddable":true,"href":"https:\/\/www.schramas.com\/dk\/wp-json\/wp\/v2\/product_cat?post=43329"},{"taxonomy":"product_tag","embeddable":true,"href":"https:\/\/www.schramas.com\/dk\/wp-json\/wp\/v2\/product_tag?post=43329"}],"curies":[{"name":"wp","href":"https:\/\/api.w.org\/{rel}","templated":true}]}}