{"id":47827,"date":"2025-03-06T09:32:30","date_gmt":"2025-03-06T08:32:30","guid":{"rendered":"https:\/\/www.schramas.com\/?post_type=product&#038;p=47827"},"modified":"2026-03-26T16:37:07","modified_gmt":"2026-03-26T15:37:07","slug":"brunnera-macrophylla-havhjerte-kaukasisk-glem-mig-ikke-rod-5-stk","status":"publish","type":"product","link":"https:\/\/www.schramas.com\/dk\/butik\/brunnera-macrophylla-havhjerte-kaukasisk-glem-mig-ikke-rod-5-stk\/","title":{"rendered":"Brunnera macrophylla 'Sea Heart' - Kaukasisk forglemmigej - R\u00f8dder - 5 stk."},"content":{"rendered":"<div>\n<p class=\"break-words\">Brunnera macrophylla 'Sea Heart', ogs\u00e5 kaldet kaukasisk forglemmigej, er en robust plante med smukke s\u00f8lvgr\u00e5 blade, der skiller sig ud i haven. I april og maj blomstrer den med sm\u00e5, lysebl\u00e5 blomster, der ligner almindelig forglemmigej. Den bliver ca. 40 cm h\u00f8j og trives godt i halvskygge, men kan ogs\u00e5 st\u00e5 i solen. Bladene er tykkere og kraftigere end hos 'Jack Frost' og t\u00e5ler mere sollys.<\/p>\n<p class=\"break-words\">Denne plante spreder sig n\u00e6sten ikke og passer godt i en kant med andre planter. Placer den i n\u00e6ringsrig, k\u00f8lig jord, der er godt vandet, men ikke for v\u00e5d. Den kr\u00e6ver ikke megen pleje: Hvis bladene bliver grimme, skal du klippe dem v\u00e6k, og s\u00e5 vokser den frisk ud igen. Et nemt og smukt valg!<\/p>\n<\/div>","protected":false},"excerpt":{"rendered":"<p>5x Brunnera macrophylla 'Sea Heart'<\/p>\n<p>Kaukasisk forglemmigej<\/p>\n<p>H\u00f8jde: 40 cm<\/p>\n<p>Leveringsmetode: R\u00f8dder<\/p>\n<p>&nbsp;<\/p>","protected":false},"featured_media":47833,"template":"","meta":{"_joinchat":[]},"product_brand":[],"product_cat":[305,306],"product_tag":[2477,2470,766,1369,2467,1351,2468,2469,2462,2476,2479,784,1352,2478,1476],"class_list":{"0":"post-47827","1":"product","2":"type-product","3":"status-publish","4":"has-post-thumbnail","6":"product_cat-planten-heesters","7":"product_cat-vaste-planten","8":"product_tag-40-cm-hoog","9":"product_tag-april-mei","10":"product_tag-bladverliezend","11":"product_tag-borderplant","12":"product_tag-brunnera-macrophylla","13":"product_tag-halfschaduw","14":"product_tag-kaukasisch-vergeet-mij-nietje","15":"product_tag-lichtblauwe-bloemen","16":"product_tag-makkelijke-plant","17":"product_tag-sea-heart","18":"product_tag-stevige-plant","19":"product_tag-vaste-plant","20":"product_tag-voedzame-grond","21":"product_tag-zilvergrijs-blad","22":"product_tag-zon","23":"pa_pot-naaktwortelig","25":"first","26":"instock","27":"taxable","28":"shipping-taxable","29":"purchasable","30":"product-type-simple"},"yoast_head":"<!-- This site is optimized with the Yoast SEO plugin v24.2 - https:\/\/yoast.com\/wordpress\/plugins\/seo\/ -->\n<title>Brunnera macrophylla &#039;Sea Heart&#039; - Kaukasisch vergeet-mij-nietje - Wortelgoed - 5 stuks kopen | Planten eenvoudig online bestellen | Schramas.com<\/title>\n<meta name=\"robots\" content=\"index, follow, max-snippet:-1, max-image-preview:large, max-video-preview:-1\" \/>\n<link rel=\"canonical\" href=\"https:\/\/www.schramas.com\/dk\/butik\/brunnera-macrophylla-havhjerte-kaukasisk-glem-mig-ikke-rod-5-stk\/\" \/>\n<meta property=\"og:locale\" content=\"da_DK\" \/>\n<meta property=\"og:type\" content=\"article\" \/>\n<meta property=\"og:title\" content=\"Brunnera macrophylla &#039;Sea Heart&#039; - Kaukasisch vergeet-mij-nietje - Wortelgoed - 5 stuks kopen | Planten eenvoudig online bestellen | Schramas.com\" \/>\n<meta property=\"og:description\" content=\"5x Brunnera macrophylla &#039;Sea Heart&#039;  Kaukasisch vergeet-mij-nietje  Hoogte: 40cm  Leverwijze: Wortelgoed  &nbsp;\" \/>\n<meta property=\"og:url\" content=\"https:\/\/www.schramas.com\/dk\/butik\/brunnera-macrophylla-havhjerte-kaukasisk-glem-mig-ikke-rod-5-stk\/\" \/>\n<meta property=\"og:site_name\" content=\"Planten eenvoudig online bestellen | Schramas.com\" \/>\n<meta property=\"article:publisher\" content=\"https:\/\/www.facebook.com\/Schramascom-106872874153195\/\" \/>\n<meta property=\"article:modified_time\" content=\"2026-03-26T15:37:07+00:00\" \/>\n<meta property=\"og:image\" content=\"https:\/\/www.schramas.com\/wp-content\/uploads\/2025\/03\/Sea-heart.webp\" \/>\n\t<meta property=\"og:image:width\" content=\"500\" \/>\n\t<meta property=\"og:image:height\" content=\"500\" \/>\n\t<meta property=\"og:image:type\" content=\"image\/webp\" \/>\n<meta name=\"twitter:card\" content=\"summary_large_image\" \/>\n<meta name=\"twitter:label1\" content=\"Estimeret l\u00e6setid\" \/>\n\t<meta name=\"twitter:data1\" content=\"1 minut\" \/>\n<script type=\"application\/ld+json\" class=\"yoast-schema-graph\">{\"@context\":\"https:\/\/schema.org\",\"@graph\":[{\"@type\":[\"WebPage\",\"ItemPage\"],\"@id\":\"https:\/\/www.schramas.com\/winkel\/brunnera-macrophylla-sea-heart-kaukasisch-vergeet-mij-nietje-wortelgoed-5-stuks\/\",\"url\":\"https:\/\/www.schramas.com\/winkel\/brunnera-macrophylla-sea-heart-kaukasisch-vergeet-mij-nietje-wortelgoed-5-stuks\/\",\"name\":\"Brunnera macrophylla 'Sea Heart' - Kaukasisch vergeet-mij-nietje - Wortelgoed - 5 stuks kopen | Planten eenvoudig online bestellen | Schramas.com\",\"isPartOf\":{\"@id\":\"https:\/\/www.schramas.com\/#website\"},\"primaryImageOfPage\":{\"@id\":\"https:\/\/www.schramas.com\/winkel\/brunnera-macrophylla-sea-heart-kaukasisch-vergeet-mij-nietje-wortelgoed-5-stuks\/#primaryimage\"},\"image\":{\"@id\":\"https:\/\/www.schramas.com\/winkel\/brunnera-macrophylla-sea-heart-kaukasisch-vergeet-mij-nietje-wortelgoed-5-stuks\/#primaryimage\"},\"thumbnailUrl\":\"https:\/\/www.schramas.com\/wp-content\/uploads\/2025\/03\/Sea-heart.webp\",\"datePublished\":\"2025-03-06T08:32:30+00:00\",\"dateModified\":\"2026-03-26T15:37:07+00:00\",\"breadcrumb\":{\"@id\":\"https:\/\/www.schramas.com\/winkel\/brunnera-macrophylla-sea-heart-kaukasisch-vergeet-mij-nietje-wortelgoed-5-stuks\/#breadcrumb\"},\"inLanguage\":\"da-DK\",\"potentialAction\":[{\"@type\":\"ReadAction\",\"target\":[\"https:\/\/www.schramas.com\/winkel\/brunnera-macrophylla-sea-heart-kaukasisch-vergeet-mij-nietje-wortelgoed-5-stuks\/\"]}]},{\"@type\":\"ImageObject\",\"inLanguage\":\"da-DK\",\"@id\":\"https:\/\/www.schramas.com\/winkel\/brunnera-macrophylla-sea-heart-kaukasisch-vergeet-mij-nietje-wortelgoed-5-stuks\/#primaryimage\",\"url\":\"https:\/\/www.schramas.com\/wp-content\/uploads\/2025\/03\/Sea-heart.webp\",\"contentUrl\":\"https:\/\/www.schramas.com\/wp-content\/uploads\/2025\/03\/Sea-heart.webp\",\"width\":500,\"height\":500},{\"@type\":\"BreadcrumbList\",\"@id\":\"https:\/\/www.schramas.com\/winkel\/brunnera-macrophylla-sea-heart-kaukasisch-vergeet-mij-nietje-wortelgoed-5-stuks\/#breadcrumb\",\"itemListElement\":[{\"@type\":\"ListItem\",\"position\":1,\"name\":\"Product\",\"item\":\"https:\/\/www.schramas.com\/assortiment\/\"},{\"@type\":\"ListItem\",\"position\":2,\"name\":\"Tuinplanten\",\"item\":\"https:\/\/www.schramas.com\/product-category\/planten-heesters\/\"},{\"@type\":\"ListItem\",\"position\":3,\"name\":\"Brunnera macrophylla &#8216;Sea Heart&#8217; &#8211; Kaukasisch vergeet-mij-nietje &#8211; Wortelgoed &#8211; 5 stuks\"}]},{\"@type\":\"WebSite\",\"@id\":\"https:\/\/www.schramas.com\/#website\",\"url\":\"https:\/\/www.schramas.com\/\",\"name\":\"Schramas.com | Tuinplanten eenvoudig online bestellen | Direct van onze Kwekerij\",\"description\":\"\",\"alternateName\":\"Schramas.com - Alle planten direct van de kweker\",\"potentialAction\":[{\"@type\":\"SearchAction\",\"target\":{\"@type\":\"EntryPoint\",\"urlTemplate\":\"https:\/\/www.schramas.com\/?s={search_term_string}\"},\"query-input\":{\"@type\":\"PropertyValueSpecification\",\"valueRequired\":true,\"valueName\":\"search_term_string\"}}],\"inLanguage\":\"da-DK\"}]}<\/script>\n<!-- \/ Yoast SEO plugin. -->","yoast_head_json":{"title":"Brunnera macrophylla 'Sea Heart' - Kaukasisk forglemmigej - Rodskud - k\u00f8b 5 planter | Planter nem online bestilling | Schramas.com","robots":{"index":"index","follow":"follow","max-snippet":"max-snippet:-1","max-image-preview":"max-image-preview:large","max-video-preview":"max-video-preview:-1"},"canonical":"https:\/\/www.schramas.com\/dk\/butik\/brunnera-macrophylla-havhjerte-kaukasisk-glem-mig-ikke-rod-5-stk\/","og_locale":"da_DK","og_type":"article","og_title":"Brunnera macrophylla 'Sea Heart' - Kaukasisch vergeet-mij-nietje - Wortelgoed - 5 stuks kopen | Planten eenvoudig online bestellen | Schramas.com","og_description":"5x Brunnera macrophylla 'Sea Heart'  Kaukasisch vergeet-mij-nietje  Hoogte: 40cm  Leverwijze: Wortelgoed  &nbsp;","og_url":"https:\/\/www.schramas.com\/dk\/butik\/brunnera-macrophylla-havhjerte-kaukasisk-glem-mig-ikke-rod-5-stk\/","og_site_name":"Planten eenvoudig online bestellen | Schramas.com","article_publisher":"https:\/\/www.facebook.com\/Schramascom-106872874153195\/","article_modified_time":"2026-03-26T15:37:07+00:00","og_image":[{"width":500,"height":500,"url":"https:\/\/www.schramas.com\/wp-content\/uploads\/2025\/03\/Sea-heart.webp","type":"image\/webp"}],"twitter_card":"summary_large_image","twitter_misc":{"Estimeret l\u00e6setid":"1 minut"},"schema":{"@context":"https:\/\/schema.org","@graph":[{"@type":["WebPage","ItemPage"],"@id":"https:\/\/www.schramas.com\/winkel\/brunnera-macrophylla-sea-heart-kaukasisch-vergeet-mij-nietje-wortelgoed-5-stuks\/","url":"https:\/\/www.schramas.com\/winkel\/brunnera-macrophylla-sea-heart-kaukasisch-vergeet-mij-nietje-wortelgoed-5-stuks\/","name":"Brunnera macrophylla 'Sea Heart' - Kaukasisk forglemmigej - Rodskud - k\u00f8b 5 planter | Planter nem online bestilling | Schramas.com","isPartOf":{"@id":"https:\/\/www.schramas.com\/#website"},"primaryImageOfPage":{"@id":"https:\/\/www.schramas.com\/winkel\/brunnera-macrophylla-sea-heart-kaukasisch-vergeet-mij-nietje-wortelgoed-5-stuks\/#primaryimage"},"image":{"@id":"https:\/\/www.schramas.com\/winkel\/brunnera-macrophylla-sea-heart-kaukasisch-vergeet-mij-nietje-wortelgoed-5-stuks\/#primaryimage"},"thumbnailUrl":"https:\/\/www.schramas.com\/wp-content\/uploads\/2025\/03\/Sea-heart.webp","datePublished":"2025-03-06T08:32:30+00:00","dateModified":"2026-03-26T15:37:07+00:00","breadcrumb":{"@id":"https:\/\/www.schramas.com\/winkel\/brunnera-macrophylla-sea-heart-kaukasisch-vergeet-mij-nietje-wortelgoed-5-stuks\/#breadcrumb"},"inLanguage":"da-DK","potentialAction":[{"@type":"ReadAction","target":["https:\/\/www.schramas.com\/winkel\/brunnera-macrophylla-sea-heart-kaukasisch-vergeet-mij-nietje-wortelgoed-5-stuks\/"]}]},{"@type":"ImageObject","inLanguage":"da-DK","@id":"https:\/\/www.schramas.com\/winkel\/brunnera-macrophylla-sea-heart-kaukasisch-vergeet-mij-nietje-wortelgoed-5-stuks\/#primaryimage","url":"https:\/\/www.schramas.com\/wp-content\/uploads\/2025\/03\/Sea-heart.webp","contentUrl":"https:\/\/www.schramas.com\/wp-content\/uploads\/2025\/03\/Sea-heart.webp","width":500,"height":500},{"@type":"BreadcrumbList","@id":"https:\/\/www.schramas.com\/winkel\/brunnera-macrophylla-sea-heart-kaukasisch-vergeet-mij-nietje-wortelgoed-5-stuks\/#breadcrumb","itemListElement":[{"@type":"ListItem","position":1,"name":"Product","item":"https:\/\/www.schramas.com\/assortiment\/"},{"@type":"ListItem","position":2,"name":"Tuinplanten","item":"https:\/\/www.schramas.com\/product-category\/planten-heesters\/"},{"@type":"ListItem","position":3,"name":"Brunnera macrophylla &#8216;Sea Heart&#8217; &#8211; Kaukasisch vergeet-mij-nietje &#8211; Wortelgoed &#8211; 5 stuks"}]},{"@type":"WebSite","@id":"https:\/\/www.schramas.com\/#website","url":"https:\/\/www.schramas.com\/","name":"Schramas.com | Haveplanter bestilles nemt online | Direkte fra vores gartneri","description":"","alternateName":"Schramas.com - Alle planten direct van de kweker","potentialAction":[{"@type":"SearchAction","target":{"@type":"EntryPoint","urlTemplate":"https:\/\/www.schramas.com\/?s={search_term_string}"},"query-input":{"@type":"PropertyValueSpecification","valueRequired":true,"valueName":"search_term_string"}}],"inLanguage":"da-DK"}]}},"_links":{"self":[{"href":"https:\/\/www.schramas.com\/dk\/wp-json\/wp\/v2\/product\/47827","targetHints":{"allow":["GET"]}}],"collection":[{"href":"https:\/\/www.schramas.com\/dk\/wp-json\/wp\/v2\/product"}],"about":[{"href":"https:\/\/www.schramas.com\/dk\/wp-json\/wp\/v2\/types\/product"}],"version-history":[{"count":1,"href":"https:\/\/www.schramas.com\/dk\/wp-json\/wp\/v2\/product\/47827\/revisions"}],"predecessor-version":[{"id":47834,"href":"https:\/\/www.schramas.com\/dk\/wp-json\/wp\/v2\/product\/47827\/revisions\/47834"}],"wp:featuredmedia":[{"embeddable":true,"href":"https:\/\/www.schramas.com\/dk\/wp-json\/wp\/v2\/media\/47833"}],"wp:attachment":[{"href":"https:\/\/www.schramas.com\/dk\/wp-json\/wp\/v2\/media?parent=47827"}],"wp:term":[{"taxonomy":"product_brand","embeddable":true,"href":"https:\/\/www.schramas.com\/dk\/wp-json\/wp\/v2\/product_brand?post=47827"},{"taxonomy":"product_cat","embeddable":true,"href":"https:\/\/www.schramas.com\/dk\/wp-json\/wp\/v2\/product_cat?post=47827"},{"taxonomy":"product_tag","embeddable":true,"href":"https:\/\/www.schramas.com\/dk\/wp-json\/wp\/v2\/product_tag?post=47827"}],"curies":[{"name":"wp","href":"https:\/\/api.w.org\/{rel}","templated":true}]}}