{"id":48471,"date":"2025-03-18T13:34:03","date_gmt":"2025-03-18T12:34:03","guid":{"rendered":"https:\/\/www.schramas.com\/?post_type=product&#038;p=48471"},"modified":"2026-03-26T16:37:10","modified_gmt":"2026-03-26T15:37:10","slug":"geranium-endressii-wargrave-pink-storkeblomst-rodfaestet-5-stk","status":"publish","type":"product","link":"https:\/\/www.schramas.com\/dk\/butik\/geranium-endressii-wargrave-pink-storkeblomst-rodfaestet-5-stk\/","title":{"rendered":"Geranium Endressii 'Wargrave Pink' - Storkeb\u00f8nne - Grundstammer - 5 planter"},"content":{"rendered":"<div>\n<p class=\"break-words\">Geranium Endressii 'Wargrave Pink', ogs\u00e5 kendt som Pink Stork Beak, er en st\u00e6rk og nem plante, der vokser buskagtigt til ca. 35-40 cm h\u00f8jde. Den blomstrer fra juni til august med smukke, sartrosa blomster i klaser. Klip den tilbage kort efter blomstringen for at f\u00e5 en ekstra omgang blomster. De gr\u00f8nne blade er runde og dybt indsk\u00e5rne og holder sig friske.<\/p>\n<p class=\"break-words\">Denne plante klarer sig godt i sol eller halvskygge og passer til n\u00e6sten enhver jord, s\u00e5 l\u00e6nge den ikke er for t\u00f8r. Den er perfekt som bundd\u00e6kke eller til at fylde tomme rum i rabatten uden at brede sig for meget. Den er meget h\u00e5rdf\u00f8r og en favorit til en munter, enkel have!<\/p>\n<\/div>","protected":false},"excerpt":{"rendered":"<p>5x Geranium Endressii 'Wargrave Pink'<\/p>\n<p>Lyser\u00f8d storkeb\u00f8nne<\/p>\n<p>H\u00f8jde: 40 cm<\/p>\n<p>Leveringsmetode: R\u00f8dder<\/p>\n<p>&nbsp;<\/p>","protected":false},"featured_media":48474,"template":"","meta":{"_joinchat":[]},"product_brand":[],"product_cat":[305,306],"product_tag":[2517,659,1369,2513,1754,1484,1351,2503,2462,2515,784,2514,351,2516,1476],"class_list":{"0":"post-48471","1":"product","2":"type-product","3":"status-publish","4":"has-post-thumbnail","6":"product_cat-planten-heesters","7":"product_cat-vaste-planten","8":"product_tag-35-40-cm-hoog","9":"product_tag-bodembedekker","10":"product_tag-borderplant","11":"product_tag-geranium-endressii","12":"product_tag-goede-tuingrond","13":"product_tag-groen-blad","14":"product_tag-halfschaduw","15":"product_tag-juni-augustus","16":"product_tag-makkelijke-plant","17":"product_tag-ooievaarsbek","18":"product_tag-vaste-plant","19":"product_tag-wargrave-pink","20":"product_tag-winterhard","21":"product_tag-zachtroze-bloemen","22":"product_tag-zon","23":"pa_pot-naaktwortelig","25":"first","26":"instock","27":"taxable","28":"shipping-taxable","29":"purchasable","30":"product-type-simple"},"yoast_head":"<!-- This site is optimized with the Yoast SEO plugin v24.2 - https:\/\/yoast.com\/wordpress\/plugins\/seo\/ -->\n<title>Geranium Endressii &#039;Wargrave Pink&#039; - Ooievaarsbek - Wortelgoed - 5 stuks kopen | Planten eenvoudig online bestellen | Schramas.com<\/title>\n<meta name=\"robots\" content=\"index, follow, max-snippet:-1, max-image-preview:large, max-video-preview:-1\" \/>\n<link rel=\"canonical\" href=\"https:\/\/www.schramas.com\/dk\/butik\/geranium-endressii-wargrave-pink-storkeblomst-rodfaestet-5-stk\/\" \/>\n<meta property=\"og:locale\" content=\"da_DK\" \/>\n<meta property=\"og:type\" content=\"article\" \/>\n<meta property=\"og:title\" content=\"Geranium Endressii &#039;Wargrave Pink&#039; - Ooievaarsbek - Wortelgoed - 5 stuks kopen | Planten eenvoudig online bestellen | Schramas.com\" \/>\n<meta property=\"og:description\" content=\"5x Geranium Endressii &#039;Wargrave Pink&#039;  Roze Ooievaarsbek  Hoogte: 40cm  Leverwijze: Wortelgoed  &nbsp;\" \/>\n<meta property=\"og:url\" content=\"https:\/\/www.schramas.com\/dk\/butik\/geranium-endressii-wargrave-pink-storkeblomst-rodfaestet-5-stk\/\" \/>\n<meta property=\"og:site_name\" content=\"Planten eenvoudig online bestellen | Schramas.com\" \/>\n<meta property=\"article:publisher\" content=\"https:\/\/www.facebook.com\/Schramascom-106872874153195\/\" \/>\n<meta property=\"article:modified_time\" content=\"2026-03-26T15:37:10+00:00\" \/>\n<meta property=\"og:image\" content=\"https:\/\/www.schramas.com\/wp-content\/uploads\/2025\/03\/Geranium-Endressii-Wargrave-Pink.webp\" \/>\n\t<meta property=\"og:image:width\" content=\"500\" \/>\n\t<meta property=\"og:image:height\" content=\"500\" \/>\n\t<meta property=\"og:image:type\" content=\"image\/webp\" \/>\n<meta name=\"twitter:card\" content=\"summary_large_image\" \/>\n<meta name=\"twitter:label1\" content=\"Estimeret l\u00e6setid\" \/>\n\t<meta name=\"twitter:data1\" content=\"1 minut\" \/>\n<script type=\"application\/ld+json\" class=\"yoast-schema-graph\">{\"@context\":\"https:\/\/schema.org\",\"@graph\":[{\"@type\":[\"WebPage\",\"ItemPage\"],\"@id\":\"https:\/\/www.schramas.com\/winkel\/geranium-endressii-wargrave-pink-ooievaarsbek-wortelgoed-5-stuks\/\",\"url\":\"https:\/\/www.schramas.com\/winkel\/geranium-endressii-wargrave-pink-ooievaarsbek-wortelgoed-5-stuks\/\",\"name\":\"Geranium Endressii 'Wargrave Pink' - Ooievaarsbek - Wortelgoed - 5 stuks kopen | Planten eenvoudig online bestellen | Schramas.com\",\"isPartOf\":{\"@id\":\"https:\/\/www.schramas.com\/#website\"},\"primaryImageOfPage\":{\"@id\":\"https:\/\/www.schramas.com\/winkel\/geranium-endressii-wargrave-pink-ooievaarsbek-wortelgoed-5-stuks\/#primaryimage\"},\"image\":{\"@id\":\"https:\/\/www.schramas.com\/winkel\/geranium-endressii-wargrave-pink-ooievaarsbek-wortelgoed-5-stuks\/#primaryimage\"},\"thumbnailUrl\":\"https:\/\/www.schramas.com\/wp-content\/uploads\/2025\/03\/Geranium-Endressii-Wargrave-Pink.webp\",\"datePublished\":\"2025-03-18T12:34:03+00:00\",\"dateModified\":\"2026-03-26T15:37:10+00:00\",\"breadcrumb\":{\"@id\":\"https:\/\/www.schramas.com\/winkel\/geranium-endressii-wargrave-pink-ooievaarsbek-wortelgoed-5-stuks\/#breadcrumb\"},\"inLanguage\":\"da-DK\",\"potentialAction\":[{\"@type\":\"ReadAction\",\"target\":[\"https:\/\/www.schramas.com\/winkel\/geranium-endressii-wargrave-pink-ooievaarsbek-wortelgoed-5-stuks\/\"]}]},{\"@type\":\"ImageObject\",\"inLanguage\":\"da-DK\",\"@id\":\"https:\/\/www.schramas.com\/winkel\/geranium-endressii-wargrave-pink-ooievaarsbek-wortelgoed-5-stuks\/#primaryimage\",\"url\":\"https:\/\/www.schramas.com\/wp-content\/uploads\/2025\/03\/Geranium-Endressii-Wargrave-Pink.webp\",\"contentUrl\":\"https:\/\/www.schramas.com\/wp-content\/uploads\/2025\/03\/Geranium-Endressii-Wargrave-Pink.webp\",\"width\":500,\"height\":500},{\"@type\":\"BreadcrumbList\",\"@id\":\"https:\/\/www.schramas.com\/winkel\/geranium-endressii-wargrave-pink-ooievaarsbek-wortelgoed-5-stuks\/#breadcrumb\",\"itemListElement\":[{\"@type\":\"ListItem\",\"position\":1,\"name\":\"Product\",\"item\":\"https:\/\/www.schramas.com\/assortiment\/\"},{\"@type\":\"ListItem\",\"position\":2,\"name\":\"Tuinplanten\",\"item\":\"https:\/\/www.schramas.com\/product-category\/planten-heesters\/\"},{\"@type\":\"ListItem\",\"position\":3,\"name\":\"Geranium Endressii &#8216;Wargrave Pink&#8217; &#8211; Ooievaarsbek &#8211; Wortelgoed &#8211; 5 stuks\"}]},{\"@type\":\"WebSite\",\"@id\":\"https:\/\/www.schramas.com\/#website\",\"url\":\"https:\/\/www.schramas.com\/\",\"name\":\"Schramas.com | Tuinplanten eenvoudig online bestellen | Direct van onze Kwekerij\",\"description\":\"\",\"alternateName\":\"Schramas.com - Alle planten direct van de kweker\",\"potentialAction\":[{\"@type\":\"SearchAction\",\"target\":{\"@type\":\"EntryPoint\",\"urlTemplate\":\"https:\/\/www.schramas.com\/?s={search_term_string}\"},\"query-input\":{\"@type\":\"PropertyValueSpecification\",\"valueRequired\":true,\"valueName\":\"search_term_string\"}}],\"inLanguage\":\"da-DK\"}]}<\/script>\n<!-- \/ Yoast SEO plugin. -->","yoast_head_json":{"title":"Geranium Endressii 'Wargrave Pink' - Storken\u00e6b - R\u00f8dder - k\u00f8b 5 planter | Planter nem online bestilling | Schramas.com","robots":{"index":"index","follow":"follow","max-snippet":"max-snippet:-1","max-image-preview":"max-image-preview:large","max-video-preview":"max-video-preview:-1"},"canonical":"https:\/\/www.schramas.com\/dk\/butik\/geranium-endressii-wargrave-pink-storkeblomst-rodfaestet-5-stk\/","og_locale":"da_DK","og_type":"article","og_title":"Geranium Endressii 'Wargrave Pink' - Ooievaarsbek - Wortelgoed - 5 stuks kopen | Planten eenvoudig online bestellen | Schramas.com","og_description":"5x Geranium Endressii 'Wargrave Pink'  Roze Ooievaarsbek  Hoogte: 40cm  Leverwijze: Wortelgoed  &nbsp;","og_url":"https:\/\/www.schramas.com\/dk\/butik\/geranium-endressii-wargrave-pink-storkeblomst-rodfaestet-5-stk\/","og_site_name":"Planten eenvoudig online bestellen | Schramas.com","article_publisher":"https:\/\/www.facebook.com\/Schramascom-106872874153195\/","article_modified_time":"2026-03-26T15:37:10+00:00","og_image":[{"width":500,"height":500,"url":"https:\/\/www.schramas.com\/wp-content\/uploads\/2025\/03\/Geranium-Endressii-Wargrave-Pink.webp","type":"image\/webp"}],"twitter_card":"summary_large_image","twitter_misc":{"Estimeret l\u00e6setid":"1 minut"},"schema":{"@context":"https:\/\/schema.org","@graph":[{"@type":["WebPage","ItemPage"],"@id":"https:\/\/www.schramas.com\/winkel\/geranium-endressii-wargrave-pink-ooievaarsbek-wortelgoed-5-stuks\/","url":"https:\/\/www.schramas.com\/winkel\/geranium-endressii-wargrave-pink-ooievaarsbek-wortelgoed-5-stuks\/","name":"Geranium Endressii 'Wargrave Pink' - Storken\u00e6b - R\u00f8dder - k\u00f8b 5 planter | Planter nem online bestilling | Schramas.com","isPartOf":{"@id":"https:\/\/www.schramas.com\/#website"},"primaryImageOfPage":{"@id":"https:\/\/www.schramas.com\/winkel\/geranium-endressii-wargrave-pink-ooievaarsbek-wortelgoed-5-stuks\/#primaryimage"},"image":{"@id":"https:\/\/www.schramas.com\/winkel\/geranium-endressii-wargrave-pink-ooievaarsbek-wortelgoed-5-stuks\/#primaryimage"},"thumbnailUrl":"https:\/\/www.schramas.com\/wp-content\/uploads\/2025\/03\/Geranium-Endressii-Wargrave-Pink.webp","datePublished":"2025-03-18T12:34:03+00:00","dateModified":"2026-03-26T15:37:10+00:00","breadcrumb":{"@id":"https:\/\/www.schramas.com\/winkel\/geranium-endressii-wargrave-pink-ooievaarsbek-wortelgoed-5-stuks\/#breadcrumb"},"inLanguage":"da-DK","potentialAction":[{"@type":"ReadAction","target":["https:\/\/www.schramas.com\/winkel\/geranium-endressii-wargrave-pink-ooievaarsbek-wortelgoed-5-stuks\/"]}]},{"@type":"ImageObject","inLanguage":"da-DK","@id":"https:\/\/www.schramas.com\/winkel\/geranium-endressii-wargrave-pink-ooievaarsbek-wortelgoed-5-stuks\/#primaryimage","url":"https:\/\/www.schramas.com\/wp-content\/uploads\/2025\/03\/Geranium-Endressii-Wargrave-Pink.webp","contentUrl":"https:\/\/www.schramas.com\/wp-content\/uploads\/2025\/03\/Geranium-Endressii-Wargrave-Pink.webp","width":500,"height":500},{"@type":"BreadcrumbList","@id":"https:\/\/www.schramas.com\/winkel\/geranium-endressii-wargrave-pink-ooievaarsbek-wortelgoed-5-stuks\/#breadcrumb","itemListElement":[{"@type":"ListItem","position":1,"name":"Product","item":"https:\/\/www.schramas.com\/assortiment\/"},{"@type":"ListItem","position":2,"name":"Tuinplanten","item":"https:\/\/www.schramas.com\/product-category\/planten-heesters\/"},{"@type":"ListItem","position":3,"name":"Geranium Endressii &#8216;Wargrave Pink&#8217; &#8211; Ooievaarsbek &#8211; Wortelgoed &#8211; 5 stuks"}]},{"@type":"WebSite","@id":"https:\/\/www.schramas.com\/#website","url":"https:\/\/www.schramas.com\/","name":"Schramas.com | Haveplanter bestilles nemt online | Direkte fra vores gartneri","description":"","alternateName":"Schramas.com - Alle planten direct van de kweker","potentialAction":[{"@type":"SearchAction","target":{"@type":"EntryPoint","urlTemplate":"https:\/\/www.schramas.com\/?s={search_term_string}"},"query-input":{"@type":"PropertyValueSpecification","valueRequired":true,"valueName":"search_term_string"}}],"inLanguage":"da-DK"}]}},"_links":{"self":[{"href":"https:\/\/www.schramas.com\/dk\/wp-json\/wp\/v2\/product\/48471","targetHints":{"allow":["GET"]}}],"collection":[{"href":"https:\/\/www.schramas.com\/dk\/wp-json\/wp\/v2\/product"}],"about":[{"href":"https:\/\/www.schramas.com\/dk\/wp-json\/wp\/v2\/types\/product"}],"version-history":[{"count":1,"href":"https:\/\/www.schramas.com\/dk\/wp-json\/wp\/v2\/product\/48471\/revisions"}],"predecessor-version":[{"id":48475,"href":"https:\/\/www.schramas.com\/dk\/wp-json\/wp\/v2\/product\/48471\/revisions\/48475"}],"wp:featuredmedia":[{"embeddable":true,"href":"https:\/\/www.schramas.com\/dk\/wp-json\/wp\/v2\/media\/48474"}],"wp:attachment":[{"href":"https:\/\/www.schramas.com\/dk\/wp-json\/wp\/v2\/media?parent=48471"}],"wp:term":[{"taxonomy":"product_brand","embeddable":true,"href":"https:\/\/www.schramas.com\/dk\/wp-json\/wp\/v2\/product_brand?post=48471"},{"taxonomy":"product_cat","embeddable":true,"href":"https:\/\/www.schramas.com\/dk\/wp-json\/wp\/v2\/product_cat?post=48471"},{"taxonomy":"product_tag","embeddable":true,"href":"https:\/\/www.schramas.com\/dk\/wp-json\/wp\/v2\/product_tag?post=48471"}],"curies":[{"name":"wp","href":"https:\/\/api.w.org\/{rel}","templated":true}]}}