{"id":48476,"date":"2025-03-18T14:38:07","date_gmt":"2025-03-18T13:38:07","guid":{"rendered":"https:\/\/www.schramas.com\/?post_type=product&#038;p=48476"},"modified":"2026-03-26T16:37:10","modified_gmt":"2026-03-26T15:37:10","slug":"geranium-pratense-splish-splash-pedunculate-5-stk","status":"publish","type":"product","link":"https:\/\/www.schramas.com\/dk\/butik\/geranium-pratense-splish-splash-pedunculate-5-stk\/","title":{"rendered":"Geranium Pratense 'Splish Splash' - Storkeb\u00f8nne - Grundstammer - 5 planter"},"content":{"rendered":"<div>\n<p class=\"break-words\">Geranium Pratense 'Splish Splash', ogs\u00e5 kendt som Storken\u00e6b, er en nem og st\u00e6rk plante med fine blomster. De er hvide med bl\u00e5 og lilla pletter, hvilket g\u00f8r dem lidt specielle. Den blomstrer fra slutningen af maj til juli og bliver ca. 50-60 cm h\u00f8j. Perfekt til rabatten eller en krukke, og den tiltr\u00e6kker bier og sommerfugle.<\/p>\n<p class=\"break-words\">Denne plante kan lide at st\u00e5 i sol eller halvskygge og klarer sig godt i almindelig havejord. Den s\u00e5r lidt, men ikke for meget. Bladene forbliver smukke efter blomstringen. Et muntert og enkelt valg til din have!<\/p>\n<\/div>","protected":false},"excerpt":{"rendered":"<p>5x Geranium Pratense 'Splish Splash'<\/p>\n<p>Hvid med lilla storken\u00e6b<\/p>\n<p>H\u00f8jde: 60 cm<\/p>\n<p>Leveringsmetode: R\u00f8dder<\/p>\n<p>&nbsp;<\/p>","protected":false},"featured_media":48477,"template":"","meta":{"_joinchat":[]},"product_brand":[],"product_cat":[305,306],"product_tag":[2522,503,1369,2518,2523,1351,2462,2521,2515,1200,2519,784,504,2520,1476],"class_list":{"0":"post-48476","1":"product","2":"type-product","3":"status-publish","4":"has-post-thumbnail","6":"product_cat-planten-heesters","7":"product_cat-vaste-planten","8":"product_tag-50-60-cm-hoog","9":"product_tag-bijenplant","10":"product_tag-borderplant","11":"product_tag-geranium-pratense","12":"product_tag-gespikkelde-bloemen","13":"product_tag-halfschaduw","14":"product_tag-makkelijke-plant","15":"product_tag-mei-juli","16":"product_tag-ooievaarsbek","17":"product_tag-potplant","18":"product_tag-splish-splash","19":"product_tag-vaste-plant","20":"product_tag-vlinderplant","21":"product_tag-wit-paarse-bloemen","22":"product_tag-zon","23":"pa_pot-naaktwortelig","25":"first","26":"instock","27":"taxable","28":"shipping-taxable","29":"purchasable","30":"product-type-simple"},"yoast_head":"<!-- This site is optimized with the Yoast SEO plugin v24.2 - https:\/\/yoast.com\/wordpress\/plugins\/seo\/ -->\n<title>Geranium Pratense &#039;Splish Splash&#039; - Ooievaarsbek - Wortelgoed - 5 stuks kopen | Planten eenvoudig online bestellen | Schramas.com<\/title>\n<meta name=\"robots\" content=\"index, follow, max-snippet:-1, max-image-preview:large, max-video-preview:-1\" \/>\n<link rel=\"canonical\" href=\"https:\/\/www.schramas.com\/dk\/butik\/geranium-pratense-splish-splash-pedunculate-5-stk\/\" \/>\n<meta property=\"og:locale\" content=\"da_DK\" \/>\n<meta property=\"og:type\" content=\"article\" \/>\n<meta property=\"og:title\" content=\"Geranium Pratense &#039;Splish Splash&#039; - Ooievaarsbek - Wortelgoed - 5 stuks kopen | Planten eenvoudig online bestellen | Schramas.com\" \/>\n<meta property=\"og:description\" content=\"5x Geranium Pratense &#039;Splish Splash&#039;  Wit met paarskleurige Ooievaarsbek  Hoogte: 60cm  Leverwijze: Wortelgoed  &nbsp;\" \/>\n<meta property=\"og:url\" content=\"https:\/\/www.schramas.com\/dk\/butik\/geranium-pratense-splish-splash-pedunculate-5-stk\/\" \/>\n<meta property=\"og:site_name\" content=\"Planten eenvoudig online bestellen | Schramas.com\" \/>\n<meta property=\"article:publisher\" content=\"https:\/\/www.facebook.com\/Schramascom-106872874153195\/\" \/>\n<meta property=\"article:modified_time\" content=\"2026-03-26T15:37:10+00:00\" \/>\n<meta property=\"og:image\" content=\"https:\/\/www.schramas.com\/wp-content\/uploads\/2025\/03\/Geranium-Pratense-Splish-Splash.webp\" \/>\n\t<meta property=\"og:image:width\" content=\"500\" \/>\n\t<meta property=\"og:image:height\" content=\"500\" \/>\n\t<meta property=\"og:image:type\" content=\"image\/webp\" \/>\n<meta name=\"twitter:card\" content=\"summary_large_image\" \/>\n<meta name=\"twitter:label1\" content=\"Estimeret l\u00e6setid\" \/>\n\t<meta name=\"twitter:data1\" content=\"1 minut\" \/>\n<script type=\"application\/ld+json\" class=\"yoast-schema-graph\">{\"@context\":\"https:\/\/schema.org\",\"@graph\":[{\"@type\":[\"WebPage\",\"ItemPage\"],\"@id\":\"https:\/\/www.schramas.com\/winkel\/geranium-pratense-splish-splash-ooievaarsbek-wortelgoed-5-stuks\/\",\"url\":\"https:\/\/www.schramas.com\/winkel\/geranium-pratense-splish-splash-ooievaarsbek-wortelgoed-5-stuks\/\",\"name\":\"Geranium Pratense 'Splish Splash' - Ooievaarsbek - Wortelgoed - 5 stuks kopen | Planten eenvoudig online bestellen | Schramas.com\",\"isPartOf\":{\"@id\":\"https:\/\/www.schramas.com\/#website\"},\"primaryImageOfPage\":{\"@id\":\"https:\/\/www.schramas.com\/winkel\/geranium-pratense-splish-splash-ooievaarsbek-wortelgoed-5-stuks\/#primaryimage\"},\"image\":{\"@id\":\"https:\/\/www.schramas.com\/winkel\/geranium-pratense-splish-splash-ooievaarsbek-wortelgoed-5-stuks\/#primaryimage\"},\"thumbnailUrl\":\"https:\/\/www.schramas.com\/wp-content\/uploads\/2025\/03\/Geranium-Pratense-Splish-Splash.webp\",\"datePublished\":\"2025-03-18T13:38:07+00:00\",\"dateModified\":\"2026-03-26T15:37:10+00:00\",\"breadcrumb\":{\"@id\":\"https:\/\/www.schramas.com\/winkel\/geranium-pratense-splish-splash-ooievaarsbek-wortelgoed-5-stuks\/#breadcrumb\"},\"inLanguage\":\"da-DK\",\"potentialAction\":[{\"@type\":\"ReadAction\",\"target\":[\"https:\/\/www.schramas.com\/winkel\/geranium-pratense-splish-splash-ooievaarsbek-wortelgoed-5-stuks\/\"]}]},{\"@type\":\"ImageObject\",\"inLanguage\":\"da-DK\",\"@id\":\"https:\/\/www.schramas.com\/winkel\/geranium-pratense-splish-splash-ooievaarsbek-wortelgoed-5-stuks\/#primaryimage\",\"url\":\"https:\/\/www.schramas.com\/wp-content\/uploads\/2025\/03\/Geranium-Pratense-Splish-Splash.webp\",\"contentUrl\":\"https:\/\/www.schramas.com\/wp-content\/uploads\/2025\/03\/Geranium-Pratense-Splish-Splash.webp\",\"width\":500,\"height\":500},{\"@type\":\"BreadcrumbList\",\"@id\":\"https:\/\/www.schramas.com\/winkel\/geranium-pratense-splish-splash-ooievaarsbek-wortelgoed-5-stuks\/#breadcrumb\",\"itemListElement\":[{\"@type\":\"ListItem\",\"position\":1,\"name\":\"Product\",\"item\":\"https:\/\/www.schramas.com\/assortiment\/\"},{\"@type\":\"ListItem\",\"position\":2,\"name\":\"Tuinplanten\",\"item\":\"https:\/\/www.schramas.com\/product-category\/planten-heesters\/\"},{\"@type\":\"ListItem\",\"position\":3,\"name\":\"Geranium Pratense &#8216;Splish Splash&#8217; &#8211; Ooievaarsbek &#8211; Wortelgoed &#8211; 5 stuks\"}]},{\"@type\":\"WebSite\",\"@id\":\"https:\/\/www.schramas.com\/#website\",\"url\":\"https:\/\/www.schramas.com\/\",\"name\":\"Schramas.com | Tuinplanten eenvoudig online bestellen | Direct van onze Kwekerij\",\"description\":\"\",\"alternateName\":\"Schramas.com - Alle planten direct van de kweker\",\"potentialAction\":[{\"@type\":\"SearchAction\",\"target\":{\"@type\":\"EntryPoint\",\"urlTemplate\":\"https:\/\/www.schramas.com\/?s={search_term_string}\"},\"query-input\":{\"@type\":\"PropertyValueSpecification\",\"valueRequired\":true,\"valueName\":\"search_term_string\"}}],\"inLanguage\":\"da-DK\"}]}<\/script>\n<!-- \/ Yoast SEO plugin. -->","yoast_head_json":{"title":"Geranium Pratense 'Splish Splash' - Storkeb\u00f8nne - Rooting - k\u00f8b 5 planter | Planter nem online bestilling | Schramas.com","robots":{"index":"index","follow":"follow","max-snippet":"max-snippet:-1","max-image-preview":"max-image-preview:large","max-video-preview":"max-video-preview:-1"},"canonical":"https:\/\/www.schramas.com\/dk\/butik\/geranium-pratense-splish-splash-pedunculate-5-stk\/","og_locale":"da_DK","og_type":"article","og_title":"Geranium Pratense 'Splish Splash' - Ooievaarsbek - Wortelgoed - 5 stuks kopen | Planten eenvoudig online bestellen | Schramas.com","og_description":"5x Geranium Pratense 'Splish Splash'  Wit met paarskleurige Ooievaarsbek  Hoogte: 60cm  Leverwijze: Wortelgoed  &nbsp;","og_url":"https:\/\/www.schramas.com\/dk\/butik\/geranium-pratense-splish-splash-pedunculate-5-stk\/","og_site_name":"Planten eenvoudig online bestellen | Schramas.com","article_publisher":"https:\/\/www.facebook.com\/Schramascom-106872874153195\/","article_modified_time":"2026-03-26T15:37:10+00:00","og_image":[{"width":500,"height":500,"url":"https:\/\/www.schramas.com\/wp-content\/uploads\/2025\/03\/Geranium-Pratense-Splish-Splash.webp","type":"image\/webp"}],"twitter_card":"summary_large_image","twitter_misc":{"Estimeret l\u00e6setid":"1 minut"},"schema":{"@context":"https:\/\/schema.org","@graph":[{"@type":["WebPage","ItemPage"],"@id":"https:\/\/www.schramas.com\/winkel\/geranium-pratense-splish-splash-ooievaarsbek-wortelgoed-5-stuks\/","url":"https:\/\/www.schramas.com\/winkel\/geranium-pratense-splish-splash-ooievaarsbek-wortelgoed-5-stuks\/","name":"Geranium Pratense 'Splish Splash' - Storkeb\u00f8nne - Rooting - k\u00f8b 5 planter | Planter nem online bestilling | Schramas.com","isPartOf":{"@id":"https:\/\/www.schramas.com\/#website"},"primaryImageOfPage":{"@id":"https:\/\/www.schramas.com\/winkel\/geranium-pratense-splish-splash-ooievaarsbek-wortelgoed-5-stuks\/#primaryimage"},"image":{"@id":"https:\/\/www.schramas.com\/winkel\/geranium-pratense-splish-splash-ooievaarsbek-wortelgoed-5-stuks\/#primaryimage"},"thumbnailUrl":"https:\/\/www.schramas.com\/wp-content\/uploads\/2025\/03\/Geranium-Pratense-Splish-Splash.webp","datePublished":"2025-03-18T13:38:07+00:00","dateModified":"2026-03-26T15:37:10+00:00","breadcrumb":{"@id":"https:\/\/www.schramas.com\/winkel\/geranium-pratense-splish-splash-ooievaarsbek-wortelgoed-5-stuks\/#breadcrumb"},"inLanguage":"da-DK","potentialAction":[{"@type":"ReadAction","target":["https:\/\/www.schramas.com\/winkel\/geranium-pratense-splish-splash-ooievaarsbek-wortelgoed-5-stuks\/"]}]},{"@type":"ImageObject","inLanguage":"da-DK","@id":"https:\/\/www.schramas.com\/winkel\/geranium-pratense-splish-splash-ooievaarsbek-wortelgoed-5-stuks\/#primaryimage","url":"https:\/\/www.schramas.com\/wp-content\/uploads\/2025\/03\/Geranium-Pratense-Splish-Splash.webp","contentUrl":"https:\/\/www.schramas.com\/wp-content\/uploads\/2025\/03\/Geranium-Pratense-Splish-Splash.webp","width":500,"height":500},{"@type":"BreadcrumbList","@id":"https:\/\/www.schramas.com\/winkel\/geranium-pratense-splish-splash-ooievaarsbek-wortelgoed-5-stuks\/#breadcrumb","itemListElement":[{"@type":"ListItem","position":1,"name":"Product","item":"https:\/\/www.schramas.com\/assortiment\/"},{"@type":"ListItem","position":2,"name":"Tuinplanten","item":"https:\/\/www.schramas.com\/product-category\/planten-heesters\/"},{"@type":"ListItem","position":3,"name":"Geranium Pratense &#8216;Splish Splash&#8217; &#8211; Ooievaarsbek &#8211; Wortelgoed &#8211; 5 stuks"}]},{"@type":"WebSite","@id":"https:\/\/www.schramas.com\/#website","url":"https:\/\/www.schramas.com\/","name":"Schramas.com | Haveplanter bestilles nemt online | Direkte fra vores gartneri","description":"","alternateName":"Schramas.com - Alle planten direct van de kweker","potentialAction":[{"@type":"SearchAction","target":{"@type":"EntryPoint","urlTemplate":"https:\/\/www.schramas.com\/?s={search_term_string}"},"query-input":{"@type":"PropertyValueSpecification","valueRequired":true,"valueName":"search_term_string"}}],"inLanguage":"da-DK"}]}},"_links":{"self":[{"href":"https:\/\/www.schramas.com\/dk\/wp-json\/wp\/v2\/product\/48476","targetHints":{"allow":["GET"]}}],"collection":[{"href":"https:\/\/www.schramas.com\/dk\/wp-json\/wp\/v2\/product"}],"about":[{"href":"https:\/\/www.schramas.com\/dk\/wp-json\/wp\/v2\/types\/product"}],"version-history":[{"count":1,"href":"https:\/\/www.schramas.com\/dk\/wp-json\/wp\/v2\/product\/48476\/revisions"}],"predecessor-version":[{"id":48478,"href":"https:\/\/www.schramas.com\/dk\/wp-json\/wp\/v2\/product\/48476\/revisions\/48478"}],"wp:featuredmedia":[{"embeddable":true,"href":"https:\/\/www.schramas.com\/dk\/wp-json\/wp\/v2\/media\/48477"}],"wp:attachment":[{"href":"https:\/\/www.schramas.com\/dk\/wp-json\/wp\/v2\/media?parent=48476"}],"wp:term":[{"taxonomy":"product_brand","embeddable":true,"href":"https:\/\/www.schramas.com\/dk\/wp-json\/wp\/v2\/product_brand?post=48476"},{"taxonomy":"product_cat","embeddable":true,"href":"https:\/\/www.schramas.com\/dk\/wp-json\/wp\/v2\/product_cat?post=48476"},{"taxonomy":"product_tag","embeddable":true,"href":"https:\/\/www.schramas.com\/dk\/wp-json\/wp\/v2\/product_tag?post=48476"}],"curies":[{"name":"wp","href":"https:\/\/api.w.org\/{rel}","templated":true}]}}