{"id":52477,"date":"2025-05-22T15:56:39","date_gmt":"2025-05-22T13:56:39","guid":{"rendered":"https:\/\/www.schramas.com\/?post_type=product&#038;p=52477"},"modified":"2026-03-26T16:37:32","modified_gmt":"2026-03-26T15:37:32","slug":"saet-med-4-loganbaer-rubus-fruticosus-loganbaer-hojde-25cm-9cm-potte","status":"publish","type":"product","link":"https:\/\/www.schramas.com\/dk\/butik\/saet-med-4-loganbaer-rubus-fruticosus-loganbaer-hojde-25cm-9cm-potte\/","title":{"rendered":"S\u00e6t med 4 loganb\u00e6r - Rubus fruticosus 'Loganberry' - H\u00f8jde 25 cm - 9 cm potte"},"content":{"rendered":"<p data-start=\"113\" data-end=\"441\">Den <strong data-start=\"116\" data-end=\"128\">Loganbes<\/strong> (<em data-start=\"130\" data-end=\"148\">Rubus fruticosus<\/em> \u2018Loganberry\u2019) er en s\u00e6rlig krydsning mellem bromb\u00e6r og hindb\u00e6r, og det kan smages! De store, dybr\u00f8de frugter kombinerer det bedste fra begge verdener: hindb\u00e6rrets friskhed og bromb\u00e6rrets fulde aroma. Disse smagfulde b\u00e6r er ideelle til frisk konsum, marmelade, juice eller desserter.<\/p>\n<p data-start=\"443\" data-end=\"779\">Den vokser som en robust, l\u00f8vf\u00e6ldende busk og blomstrer i forsommeren med klynger af hvide blomster. Fra juli til september f\u00f8lger en rig h\u00f8st af blanke, saftige b\u00e6r. I mods\u00e6tning til mange bromb\u00e6r har Loganberry kun fine pigge, ligesom hindb\u00e6r, hvilket g\u00f8r det meget mere behageligt at h\u00f8ste.<\/p>\n<p data-start=\"781\" data-end=\"1032\">Dette bromb\u00e6r trives bedst p\u00e5 en solrig plads med veldr\u00e6net, frugtbar jord. Loganberry er meget h\u00e5rdf\u00f8r og er en fremragende tilf\u00f8jelse til enhver frugthave, pergola eller b\u00e6rh\u00e6k. Bier og sommerfugle elsker ogs\u00e5 denne frugtplante.<\/p>\n<p data-start=\"1039\" data-end=\"1054\"><strong data-start=\"1039\" data-end=\"1054\">Pluspunkter:<\/strong><\/p>\n<ul data-start=\"1055\" data-end=\"1277\">\n<li data-start=\"1055\" data-end=\"1114\">\n<p data-start=\"1057\" data-end=\"1114\">Stor, saftig frugt med unik hindb\u00e6rsmag<\/p>\n<\/li>\n<li data-start=\"1115\" data-end=\"1154\">\n<p data-start=\"1117\" data-end=\"1154\">Lang h\u00f8stperiode (juli-september)<\/p>\n<\/li>\n<li data-start=\"1155\" data-end=\"1200\">\n<p data-start=\"1157\" data-end=\"1200\">F\u00e5 pigge, s\u00e5 let at h\u00e5ndtere<\/p>\n<\/li>\n<li data-start=\"1201\" data-end=\"1247\">\n<p data-start=\"1203\" data-end=\"1247\">Ideel til forarbejdning og frisk forbrug<\/p>\n<\/li>\n<li data-start=\"1248\" data-end=\"1277\">\n<p data-start=\"1250\" data-end=\"1277\">St\u00e6rk, h\u00e5rdf\u00f8r plante<\/p>\n<\/li>\n<\/ul>","protected":false},"excerpt":{"rendered":"<p>Rubus fruticosus 'Loganb\u00e6r'<\/p>\n<p>Loganbes<\/p>\n<p>Kryds bromb\u00e6r\/hindb\u00e6r<\/p>\n<p>Frugtfarve: Lilla<\/p>\n<p>Leveringsh\u00f8jde inkl. potte: 25 cm<\/p>\n<p>Pottest\u00f8rrelse: 9 cm potte<\/p>","protected":false},"featured_media":52478,"template":"","meta":{"_joinchat":[]},"product_brand":[],"product_cat":[262,44,42,1011,234,867,294],"product_tag":[2856,2842,2902,936,2903,2894,2893,1809,2901,1282,2891,2890,2898,2892,2642,1880,1390,2899,2896,2897,2900,2895],"class_list":{"0":"post-52477","1":"product","2":"type-product","3":"status-publish","4":"has-post-thumbnail","6":"product_cat-bomen-struiken","7":"product_cat-bramen","8":"product_cat-frambozen","9":"product_cat-fruit-deals","10":"product_cat-fruitstruiken","11":"product_cat-pakket-deals","12":"product_cat-specials","13":"product_tag-25cm-hoog","14":"product_tag-9cm-pot","15":"product_tag-bessenhaag","16":"product_tag-bessenstruik","17":"product_tag-bessenstruiken-kopen","18":"product_tag-braam-framboos-kruising","19":"product_tag-braamboos","20":"product_tag-eetbare-tuin","21":"product_tag-frambozen-braam-kruising","22":"product_tag-fruitplant","23":"product_tag-loganberry","24":"product_tag-loganbes","25":"product_tag-rubus-fruticosus","26":"product_tag-rubus-loganberry","27":"product_tag-set-van-4","28":"product_tag-tuinfruit","29":"product_tag-volle-zon","30":"product_tag-vruchtdragende-struik","31":"product_tag-zachtfruit","32":"product_tag-zelf-oogsten","33":"product_tag-zoete-bessen","34":"product_tag-zomerfruit","35":"pa_ewd_uwcf_colors-groen-2","36":"pa_groeihoogte-300-cm","37":"pa_pot-9-cm-pot","39":"first","40":"outofstock","41":"taxable","42":"shipping-taxable","43":"purchasable","44":"product-type-simple"},"yoast_head":"<!-- This site is optimized with the Yoast SEO plugin v24.2 - https:\/\/yoast.com\/wordpress\/plugins\/seo\/ -->\n<title>Set van 4 Loganbes - Rubus fruticosus &#039;Loganberry&#039; - Hoogte 25cm - 9cm pot kopen | Planten eenvoudig online bestellen | Schramas.com<\/title>\n<meta name=\"robots\" content=\"index, follow, max-snippet:-1, max-image-preview:large, max-video-preview:-1\" \/>\n<link rel=\"canonical\" href=\"https:\/\/www.schramas.com\/dk\/butik\/saet-med-4-loganbaer-rubus-fruticosus-loganbaer-hojde-25cm-9cm-potte\/\" \/>\n<meta property=\"og:locale\" content=\"da_DK\" \/>\n<meta property=\"og:type\" content=\"article\" \/>\n<meta property=\"og:title\" content=\"Set van 4 Loganbes - Rubus fruticosus &#039;Loganberry&#039; - Hoogte 25cm - 9cm pot kopen | Planten eenvoudig online bestellen | Schramas.com\" \/>\n<meta property=\"og:description\" content=\"Rubus fruticosus &#039;Loganberry&#039;  Loganbes  Kruising braam\/framboos  Kleur vrucht: Paars  Leverhoogte incl. pot: 25 cm  Pot maat: 9cm pot\" \/>\n<meta property=\"og:url\" content=\"https:\/\/www.schramas.com\/dk\/butik\/saet-med-4-loganbaer-rubus-fruticosus-loganbaer-hojde-25cm-9cm-potte\/\" \/>\n<meta property=\"og:site_name\" content=\"Planten eenvoudig online bestellen | Schramas.com\" \/>\n<meta property=\"article:publisher\" content=\"https:\/\/www.facebook.com\/Schramascom-106872874153195\/\" \/>\n<meta property=\"article:modified_time\" content=\"2026-03-26T15:37:32+00:00\" \/>\n<meta property=\"og:image\" content=\"http:\/\/www.schramas.com\/wp-content\/uploads\/2025\/05\/Rubus-loganberry-sfeer.webp\" \/>\n\t<meta property=\"og:image:width\" content=\"800\" \/>\n\t<meta property=\"og:image:height\" content=\"800\" \/>\n\t<meta property=\"og:image:type\" content=\"image\/webp\" \/>\n<meta name=\"twitter:card\" content=\"summary_large_image\" \/>\n<meta name=\"twitter:label1\" content=\"Estimeret l\u00e6setid\" \/>\n\t<meta name=\"twitter:data1\" content=\"1 minut\" \/>\n<script type=\"application\/ld+json\" class=\"yoast-schema-graph\">{\"@context\":\"https:\/\/schema.org\",\"@graph\":[{\"@type\":[\"WebPage\",\"ItemPage\"],\"@id\":\"https:\/\/www.schramas.com\/winkel\/set-van-4-loganbes-rubus-fruticosus-loganberry-hoogte-25cm-9cm-pot\/\",\"url\":\"https:\/\/www.schramas.com\/winkel\/set-van-4-loganbes-rubus-fruticosus-loganberry-hoogte-25cm-9cm-pot\/\",\"name\":\"Set van 4 Loganbes - Rubus fruticosus 'Loganberry' - Hoogte 25cm - 9cm pot kopen | Planten eenvoudig online bestellen | Schramas.com\",\"isPartOf\":{\"@id\":\"https:\/\/www.schramas.com\/#website\"},\"primaryImageOfPage\":{\"@id\":\"https:\/\/www.schramas.com\/winkel\/set-van-4-loganbes-rubus-fruticosus-loganberry-hoogte-25cm-9cm-pot\/#primaryimage\"},\"image\":{\"@id\":\"https:\/\/www.schramas.com\/winkel\/set-van-4-loganbes-rubus-fruticosus-loganberry-hoogte-25cm-9cm-pot\/#primaryimage\"},\"thumbnailUrl\":\"https:\/\/www.schramas.com\/wp-content\/uploads\/2025\/05\/Rubus-loganberry-sfeer.webp\",\"datePublished\":\"2025-05-22T13:56:39+00:00\",\"dateModified\":\"2026-03-26T15:37:32+00:00\",\"breadcrumb\":{\"@id\":\"https:\/\/www.schramas.com\/winkel\/set-van-4-loganbes-rubus-fruticosus-loganberry-hoogte-25cm-9cm-pot\/#breadcrumb\"},\"inLanguage\":\"da-DK\",\"potentialAction\":[{\"@type\":\"ReadAction\",\"target\":[\"https:\/\/www.schramas.com\/winkel\/set-van-4-loganbes-rubus-fruticosus-loganberry-hoogte-25cm-9cm-pot\/\"]}]},{\"@type\":\"ImageObject\",\"inLanguage\":\"da-DK\",\"@id\":\"https:\/\/www.schramas.com\/winkel\/set-van-4-loganbes-rubus-fruticosus-loganberry-hoogte-25cm-9cm-pot\/#primaryimage\",\"url\":\"https:\/\/www.schramas.com\/wp-content\/uploads\/2025\/05\/Rubus-loganberry-sfeer.webp\",\"contentUrl\":\"https:\/\/www.schramas.com\/wp-content\/uploads\/2025\/05\/Rubus-loganberry-sfeer.webp\",\"width\":800,\"height\":800},{\"@type\":\"BreadcrumbList\",\"@id\":\"https:\/\/www.schramas.com\/winkel\/set-van-4-loganbes-rubus-fruticosus-loganberry-hoogte-25cm-9cm-pot\/#breadcrumb\",\"itemListElement\":[{\"@type\":\"ListItem\",\"position\":1,\"name\":\"Product\",\"item\":\"https:\/\/www.schramas.com\/assortiment\/\"},{\"@type\":\"ListItem\",\"position\":2,\"name\":\"Pakketdeals\",\"item\":\"https:\/\/www.schramas.com\/product-category\/pakket-deals\/\"},{\"@type\":\"ListItem\",\"position\":3,\"name\":\"Set van 4 Loganbes &#8211; Rubus fruticosus &#8216;Loganberry&#8217; &#8211; Hoogte 25cm &#8211; 9cm pot\"}]},{\"@type\":\"WebSite\",\"@id\":\"https:\/\/www.schramas.com\/#website\",\"url\":\"https:\/\/www.schramas.com\/\",\"name\":\"Schramas.com | Tuinplanten eenvoudig online bestellen | Direct van onze Kwekerij\",\"description\":\"\",\"alternateName\":\"Schramas.com - Alle planten direct van de kweker\",\"potentialAction\":[{\"@type\":\"SearchAction\",\"target\":{\"@type\":\"EntryPoint\",\"urlTemplate\":\"https:\/\/www.schramas.com\/?s={search_term_string}\"},\"query-input\":{\"@type\":\"PropertyValueSpecification\",\"valueRequired\":true,\"valueName\":\"search_term_string\"}}],\"inLanguage\":\"da-DK\"}]}<\/script>\n<!-- \/ Yoast SEO plugin. -->","yoast_head_json":{"title":"S\u00e6t med 4 loganb\u00e6r - Rubus fruticosus 'Loganberry' - H\u00f8jde 25 cm - k\u00f8b 9 cm potte | K\u00f8b planter nemt online | Schramas.com","robots":{"index":"index","follow":"follow","max-snippet":"max-snippet:-1","max-image-preview":"max-image-preview:large","max-video-preview":"max-video-preview:-1"},"canonical":"https:\/\/www.schramas.com\/dk\/butik\/saet-med-4-loganbaer-rubus-fruticosus-loganbaer-hojde-25cm-9cm-potte\/","og_locale":"da_DK","og_type":"article","og_title":"Set van 4 Loganbes - Rubus fruticosus 'Loganberry' - Hoogte 25cm - 9cm pot kopen | Planten eenvoudig online bestellen | Schramas.com","og_description":"Rubus fruticosus 'Loganberry'  Loganbes  Kruising braam\/framboos  Kleur vrucht: Paars  Leverhoogte incl. pot: 25 cm  Pot maat: 9cm pot","og_url":"https:\/\/www.schramas.com\/dk\/butik\/saet-med-4-loganbaer-rubus-fruticosus-loganbaer-hojde-25cm-9cm-potte\/","og_site_name":"Planten eenvoudig online bestellen | Schramas.com","article_publisher":"https:\/\/www.facebook.com\/Schramascom-106872874153195\/","article_modified_time":"2026-03-26T15:37:32+00:00","og_image":[{"width":800,"height":800,"url":"http:\/\/www.schramas.com\/wp-content\/uploads\/2025\/05\/Rubus-loganberry-sfeer.webp","type":"image\/webp"}],"twitter_card":"summary_large_image","twitter_misc":{"Estimeret l\u00e6setid":"1 minut"},"schema":{"@context":"https:\/\/schema.org","@graph":[{"@type":["WebPage","ItemPage"],"@id":"https:\/\/www.schramas.com\/winkel\/set-van-4-loganbes-rubus-fruticosus-loganberry-hoogte-25cm-9cm-pot\/","url":"https:\/\/www.schramas.com\/winkel\/set-van-4-loganbes-rubus-fruticosus-loganberry-hoogte-25cm-9cm-pot\/","name":"S\u00e6t med 4 loganb\u00e6r - Rubus fruticosus 'Loganberry' - H\u00f8jde 25 cm - k\u00f8b 9 cm potte | K\u00f8b planter nemt online | Schramas.com","isPartOf":{"@id":"https:\/\/www.schramas.com\/#website"},"primaryImageOfPage":{"@id":"https:\/\/www.schramas.com\/winkel\/set-van-4-loganbes-rubus-fruticosus-loganberry-hoogte-25cm-9cm-pot\/#primaryimage"},"image":{"@id":"https:\/\/www.schramas.com\/winkel\/set-van-4-loganbes-rubus-fruticosus-loganberry-hoogte-25cm-9cm-pot\/#primaryimage"},"thumbnailUrl":"https:\/\/www.schramas.com\/wp-content\/uploads\/2025\/05\/Rubus-loganberry-sfeer.webp","datePublished":"2025-05-22T13:56:39+00:00","dateModified":"2026-03-26T15:37:32+00:00","breadcrumb":{"@id":"https:\/\/www.schramas.com\/winkel\/set-van-4-loganbes-rubus-fruticosus-loganberry-hoogte-25cm-9cm-pot\/#breadcrumb"},"inLanguage":"da-DK","potentialAction":[{"@type":"ReadAction","target":["https:\/\/www.schramas.com\/winkel\/set-van-4-loganbes-rubus-fruticosus-loganberry-hoogte-25cm-9cm-pot\/"]}]},{"@type":"ImageObject","inLanguage":"da-DK","@id":"https:\/\/www.schramas.com\/winkel\/set-van-4-loganbes-rubus-fruticosus-loganberry-hoogte-25cm-9cm-pot\/#primaryimage","url":"https:\/\/www.schramas.com\/wp-content\/uploads\/2025\/05\/Rubus-loganberry-sfeer.webp","contentUrl":"https:\/\/www.schramas.com\/wp-content\/uploads\/2025\/05\/Rubus-loganberry-sfeer.webp","width":800,"height":800},{"@type":"BreadcrumbList","@id":"https:\/\/www.schramas.com\/winkel\/set-van-4-loganbes-rubus-fruticosus-loganberry-hoogte-25cm-9cm-pot\/#breadcrumb","itemListElement":[{"@type":"ListItem","position":1,"name":"Product","item":"https:\/\/www.schramas.com\/assortiment\/"},{"@type":"ListItem","position":2,"name":"Pakketdeals","item":"https:\/\/www.schramas.com\/product-category\/pakket-deals\/"},{"@type":"ListItem","position":3,"name":"Set van 4 Loganbes &#8211; Rubus fruticosus &#8216;Loganberry&#8217; &#8211; Hoogte 25cm &#8211; 9cm pot"}]},{"@type":"WebSite","@id":"https:\/\/www.schramas.com\/#website","url":"https:\/\/www.schramas.com\/","name":"Schramas.com | Haveplanter bestilles nemt online | Direkte fra vores gartneri","description":"","alternateName":"Schramas.com - Alle planten direct van de kweker","potentialAction":[{"@type":"SearchAction","target":{"@type":"EntryPoint","urlTemplate":"https:\/\/www.schramas.com\/?s={search_term_string}"},"query-input":{"@type":"PropertyValueSpecification","valueRequired":true,"valueName":"search_term_string"}}],"inLanguage":"da-DK"}]}},"_links":{"self":[{"href":"https:\/\/www.schramas.com\/dk\/wp-json\/wp\/v2\/product\/52477","targetHints":{"allow":["GET"]}}],"collection":[{"href":"https:\/\/www.schramas.com\/dk\/wp-json\/wp\/v2\/product"}],"about":[{"href":"https:\/\/www.schramas.com\/dk\/wp-json\/wp\/v2\/types\/product"}],"version-history":[{"count":2,"href":"https:\/\/www.schramas.com\/dk\/wp-json\/wp\/v2\/product\/52477\/revisions"}],"predecessor-version":[{"id":52483,"href":"https:\/\/www.schramas.com\/dk\/wp-json\/wp\/v2\/product\/52477\/revisions\/52483"}],"wp:featuredmedia":[{"embeddable":true,"href":"https:\/\/www.schramas.com\/dk\/wp-json\/wp\/v2\/media\/52478"}],"wp:attachment":[{"href":"https:\/\/www.schramas.com\/dk\/wp-json\/wp\/v2\/media?parent=52477"}],"wp:term":[{"taxonomy":"product_brand","embeddable":true,"href":"https:\/\/www.schramas.com\/dk\/wp-json\/wp\/v2\/product_brand?post=52477"},{"taxonomy":"product_cat","embeddable":true,"href":"https:\/\/www.schramas.com\/dk\/wp-json\/wp\/v2\/product_cat?post=52477"},{"taxonomy":"product_tag","embeddable":true,"href":"https:\/\/www.schramas.com\/dk\/wp-json\/wp\/v2\/product_tag?post=52477"}],"curies":[{"name":"wp","href":"https:\/\/api.w.org\/{rel}","templated":true}]}}