{"id":53151,"date":"2025-06-05T13:58:21","date_gmt":"2025-06-05T11:58:21","guid":{"rendered":"https:\/\/www.schramas.com\/?post_type=product&#038;p=53151"},"modified":"2026-04-30T22:37:02","modified_gmt":"2026-04-30T20:37:02","slug":"prunus-avium-rainier-yellow-cherry-tree-hojde-100-cm-5-liter-potte","status":"publish","type":"product","link":"https:\/\/www.schramas.com\/dk\/butik\/prunus-avium-rainier-yellow-cherry-tree-hojde-100-cm-5-liter-potte\/","title":{"rendered":"Prunus avium 'Rainier', gult kirseb\u00e6rtr\u00e6, h\u00f8jde 100 cm, 5-liters potte"},"content":{"rendered":"<p data-start=\"102\" data-end=\"513\">Den <em data-start=\"105\" data-end=\"129\">Prunus avium 'Rainier'<\/em> er et smukt, produktivt kirseb\u00e6rtr\u00e6, der er kendt for sine unikke, lysegule frugter med en diskret r\u00f8d farve. Denne sort er elsket for den s\u00f8de, saftige smag af kirseb\u00e6rrene og for sit markante udseende i haven. Tr\u00e6et stammer fra USA, hvor det blev udviklet af Harold Fogle i 1952 og opkaldt efter Mount Rainier i Washington.<\/p>\n<p data-start=\"515\" data-end=\"940\"><strong data-start=\"518\" data-end=\"554\">Yndefuld blomstring og sund v\u00e6kst<\/strong><br data-start=\"554\" data-end=\"557\" \/>Om for\u00e5ret er <em data-start=\"582\" data-end=\"591\">Rainier<\/em> selv med mange hvide blomster, der spreder en let duft og tiltr\u00e6kker masser af bier og sommerfugle. Efter blomstringen udvikles de store, gulr\u00f8de kirseb\u00e6r i forsommeren. De er s\u00e6rligt s\u00f8de og har et fast, hvidt k\u00f8d, som er meget saftigt. De <em data-start=\"854\" data-end=\"863\">Rainier<\/em> Den bliver efterh\u00e5nden 3 til 4 meter h\u00f8j og har en luftig, opretst\u00e5ende krone.<\/p>\n<p data-start=\"942\" data-end=\"1285\"><strong data-start=\"945\" data-end=\"966\">Frugt og smag<\/strong><br data-start=\"966\" data-end=\"969\" \/>Kirseb\u00e6rrene fra <em data-start=\"986\" data-end=\"1010\">Prunus avium 'Rainier'<\/em> er store, skinnende gule med en diskret r\u00f8d farve p\u00e5 solsiden. De er meget saftige, bl\u00f8de og ekstremt s\u00f8de - en sand delikatesse! Kirseb\u00e6rrene er ikke kun l\u00e6kre at spise direkte fra tr\u00e6et, men ogs\u00e5 perfekte til at lave marmelade, saft eller til t\u00e6rter.<\/p>\n<p data-start=\"1287\" data-end=\"1671\"><strong data-start=\"1290\" data-end=\"1319\">Pleje og placering<\/strong><br data-start=\"1319\" data-end=\"1322\" \/>Den <em data-start=\"1325\" data-end=\"1334\">Rainier<\/em> Kirseb\u00e6rtr\u00e6et foretr\u00e6kker fuld sol p\u00e5 en beskyttet plads. Tr\u00e6et har kun f\u00e5 krav til jorden, s\u00e5 l\u00e6nge den er veldr\u00e6net og frugtbar. Regelm\u00e6ssig vanding i t\u00f8rre perioder og \u00e5rlig besk\u00e6ring af d\u00f8de eller krydsende grene er med til at holde tr\u00e6et i god stand og sikre en rig h\u00f8st.<\/p>\n<p data-start=\"1673\" data-end=\"1939\"><strong data-start=\"1676\" data-end=\"1690\">Best\u00f8vning<\/strong><br data-start=\"1690\" data-end=\"1693\" \/>Selvom <em data-start=\"1703\" data-end=\"1712\">Rainier<\/em> er et selvbest\u00f8vende tr\u00e6, men det giver et h\u00f8jere udbytte, hvis det plantes sammen med et andet s\u00f8dkirseb\u00e6rtr\u00e6 som f.eks. <em data-start=\"1839\" data-end=\"1862\">Prunus avium 'Stella'<\/em> eller <em data-start=\"1866\" data-end=\"1897\">Prunus avium 'Compact Stella'<\/em>. P\u00e5 den m\u00e5de f\u00e5r du en rigelig h\u00f8st.<\/p>\n<p data-start=\"1941\" data-end=\"2176\"><strong data-start=\"1944\" data-end=\"1966\">S\u00e6sonbestemt sk\u00f8nhed<\/strong><br data-start=\"1966\" data-end=\"1969\" \/>Om efter\u00e5ret er bladene p\u00e5 <em data-start=\"2012\" data-end=\"2021\">Rainier<\/em> i smukke orange og r\u00f8de nuancer, som giver din have en dekorativ v\u00e6rdi. S\u00e5 selv uden frugt eller blomst er dette tr\u00e6 en fryd for \u00f8jet.<\/p>\n<p data-start=\"2178\" data-end=\"2500\"><strong data-start=\"2180\" data-end=\"2206\">Pluspoint i tr\u00e6k:<\/strong><br data-start=\"2206\" data-end=\"2209\" \/>Store, gule kirseb\u00e6r med r\u00f8d farve - s\u00e6rligt s\u00f8de og saftige<br data-start=\"2270\" data-end=\"2273\" \/>Rigt blomstrende med hvide blomster om for\u00e5ret<br data-start=\"2321\" data-end=\"2324\" \/>Velegnet til frisk forbrug og forarbejdning<br data-start=\"2370\" data-end=\"2373\" \/>Ogs\u00e5 et smukt prydtr\u00e6 med str\u00e5lende efter\u00e5rsfarver<br data-start=\"2428\" data-end=\"2431\" \/>Perfekt kombination med andre kirseb\u00e6rsorter for h\u00f8jere udbytte<\/p>","protected":false},"excerpt":{"rendered":"<p>Prunus avium 'Rainier'<\/p>\n<p>Kirseb\u00e6rtr\u00e6 med s\u00f8de gule kirseb\u00e6r<\/p>\n<p>Maks. h\u00f8jde: ca. 3 - 4,5 m i \u00e5bent terr\u00e6n<\/p>\n<p>Leveringsh\u00f8jde inkl. potte: ca. 100 cm<\/p>\n<p>Pottest\u00f8rrelse: 5 liter<\/p>","protected":false},"featured_media":53154,"template":"","meta":{"_joinchat":[]},"product_brand":[],"product_cat":[262,233,22,294],"product_tag":[3067,503,2219,1369,1809,3061,3063,1836,3064,3065,3060,3068,804,2984,610,1390,2360,3066,316,3062],"class_list":{"0":"post-53151","1":"product","2":"type-product","3":"status-publish","4":"has-post-thumbnail","6":"product_cat-bomen-struiken","7":"product_cat-fruitbomen","8":"product_cat-kersen","9":"product_cat-specials","10":"product_tag-3067","11":"product_tag-bijenplant","12":"product_tag-bloesemboom","13":"product_tag-borderplant","14":"product_tag-eetbare-tuin","15":"product_tag-gele-kersenboom","16":"product_tag-grote-kersen","17":"product_tag-herfstkleur","18":"product_tag-kersen-voor-jam","19":"product_tag-mount-rainier","20":"product_tag-prunus-avium-rainier","21":"product_tag-sappige-kersen","22":"product_tag-snoeien","23":"product_tag-terrasboom","24":"product_tag-tuinplant","25":"product_tag-volle-zon","26":"product_tag-vruchtboom","27":"product_tag-washington-state","28":"product_tag-zelfbestuivend","29":"product_tag-zoete-kersen","30":"pa_ewd_uwcf_colors-groen-2","31":"pa_groeihoogte-300-cm","32":"pa_pot-5-liter-pot","34":"first","35":"instock","36":"taxable","37":"shipping-taxable","38":"purchasable","39":"product-type-simple"},"yoast_head":"<!-- This site is optimized with the Yoast SEO plugin v24.2 - https:\/\/yoast.com\/wordpress\/plugins\/seo\/ -->\n<title>Prunus avium &#039;Rainier&#039;, Gele kersenboom, Hoogte 100cm, 5 liter pot kopen | Planten eenvoudig online bestellen | Schramas.com<\/title>\n<meta name=\"robots\" content=\"index, follow, max-snippet:-1, max-image-preview:large, max-video-preview:-1\" \/>\n<link rel=\"canonical\" href=\"https:\/\/www.schramas.com\/dk\/butik\/prunus-avium-rainier-yellow-cherry-tree-hojde-100-cm-5-liter-potte\/\" \/>\n<meta property=\"og:locale\" content=\"da_DK\" \/>\n<meta property=\"og:type\" content=\"article\" \/>\n<meta property=\"og:title\" content=\"Prunus avium &#039;Rainier&#039;, Gele kersenboom, Hoogte 100cm, 5 liter pot kopen | Planten eenvoudig online bestellen | Schramas.com\" \/>\n<meta property=\"og:description\" content=\"Prunus avium &#039;Rainier&#039;  Kersenboom met Zoete Gele kersen  Hoogte max: circa 3 \u2013 4,5 meter in de volle grond  Leverhoogte incl. pot: circa 100 cm  Potmaat: 5 liter\" \/>\n<meta property=\"og:url\" content=\"https:\/\/www.schramas.com\/dk\/butik\/prunus-avium-rainier-yellow-cherry-tree-hojde-100-cm-5-liter-potte\/\" \/>\n<meta property=\"og:site_name\" content=\"Planten eenvoudig online bestellen | Schramas.com\" \/>\n<meta property=\"article:publisher\" content=\"https:\/\/www.facebook.com\/Schramascom-106872874153195\/\" \/>\n<meta property=\"article:modified_time\" content=\"2026-04-30T20:37:02+00:00\" \/>\n<meta property=\"og:image\" content=\"http:\/\/www.schramas.com\/wp-content\/uploads\/2025\/06\/rainier-cherry-sfeer.webp\" \/>\n\t<meta property=\"og:image:width\" content=\"800\" \/>\n\t<meta property=\"og:image:height\" content=\"800\" \/>\n\t<meta property=\"og:image:type\" content=\"image\/webp\" \/>\n<meta name=\"twitter:card\" content=\"summary_large_image\" \/>\n<meta name=\"twitter:label1\" content=\"Estimeret l\u00e6setid\" \/>\n\t<meta name=\"twitter:data1\" content=\"1 minut\" \/>\n<script type=\"application\/ld+json\" class=\"yoast-schema-graph\">{\"@context\":\"https:\/\/schema.org\",\"@graph\":[{\"@type\":[\"WebPage\",\"ItemPage\"],\"@id\":\"https:\/\/www.schramas.com\/winkel\/prunus-avium-rainier-gele-kersenboom-hoogte-100cm-5-liter-pot\/\",\"url\":\"https:\/\/www.schramas.com\/winkel\/prunus-avium-rainier-gele-kersenboom-hoogte-100cm-5-liter-pot\/\",\"name\":\"Prunus avium 'Rainier', Gele kersenboom, Hoogte 100cm, 5 liter pot kopen | Planten eenvoudig online bestellen | Schramas.com\",\"isPartOf\":{\"@id\":\"https:\/\/www.schramas.com\/#website\"},\"primaryImageOfPage\":{\"@id\":\"https:\/\/www.schramas.com\/winkel\/prunus-avium-rainier-gele-kersenboom-hoogte-100cm-5-liter-pot\/#primaryimage\"},\"image\":{\"@id\":\"https:\/\/www.schramas.com\/winkel\/prunus-avium-rainier-gele-kersenboom-hoogte-100cm-5-liter-pot\/#primaryimage\"},\"thumbnailUrl\":\"https:\/\/www.schramas.com\/wp-content\/uploads\/2025\/06\/rainier-cherry-sfeer.webp\",\"datePublished\":\"2025-06-05T11:58:21+00:00\",\"dateModified\":\"2026-04-30T20:37:02+00:00\",\"breadcrumb\":{\"@id\":\"https:\/\/www.schramas.com\/winkel\/prunus-avium-rainier-gele-kersenboom-hoogte-100cm-5-liter-pot\/#breadcrumb\"},\"inLanguage\":\"da-DK\",\"potentialAction\":[{\"@type\":\"ReadAction\",\"target\":[\"https:\/\/www.schramas.com\/winkel\/prunus-avium-rainier-gele-kersenboom-hoogte-100cm-5-liter-pot\/\"]}]},{\"@type\":\"ImageObject\",\"inLanguage\":\"da-DK\",\"@id\":\"https:\/\/www.schramas.com\/winkel\/prunus-avium-rainier-gele-kersenboom-hoogte-100cm-5-liter-pot\/#primaryimage\",\"url\":\"https:\/\/www.schramas.com\/wp-content\/uploads\/2025\/06\/rainier-cherry-sfeer.webp\",\"contentUrl\":\"https:\/\/www.schramas.com\/wp-content\/uploads\/2025\/06\/rainier-cherry-sfeer.webp\",\"width\":800,\"height\":800},{\"@type\":\"BreadcrumbList\",\"@id\":\"https:\/\/www.schramas.com\/winkel\/prunus-avium-rainier-gele-kersenboom-hoogte-100cm-5-liter-pot\/#breadcrumb\",\"itemListElement\":[{\"@type\":\"ListItem\",\"position\":1,\"name\":\"Product\",\"item\":\"https:\/\/www.schramas.com\/assortiment\/\"},{\"@type\":\"ListItem\",\"position\":2,\"name\":\"Bomen &amp; Struiken\",\"item\":\"https:\/\/www.schramas.com\/product-category\/bomen-struiken\/\"},{\"@type\":\"ListItem\",\"position\":3,\"name\":\"Prunus avium &#8216;Rainier&#8217;, Gele kersenboom, Hoogte 100cm, 5 liter pot\"}]},{\"@type\":\"WebSite\",\"@id\":\"https:\/\/www.schramas.com\/#website\",\"url\":\"https:\/\/www.schramas.com\/\",\"name\":\"Schramas.com | Tuinplanten eenvoudig online bestellen | Direct van onze Kwekerij\",\"description\":\"\",\"alternateName\":\"Schramas.com - Alle planten direct van de kweker\",\"potentialAction\":[{\"@type\":\"SearchAction\",\"target\":{\"@type\":\"EntryPoint\",\"urlTemplate\":\"https:\/\/www.schramas.com\/?s={search_term_string}\"},\"query-input\":{\"@type\":\"PropertyValueSpecification\",\"valueRequired\":true,\"valueName\":\"search_term_string\"}}],\"inLanguage\":\"da-DK\"}]}<\/script>\n<!-- \/ Yoast SEO plugin. -->","yoast_head_json":{"title":"K\u00f8b Prunus avium 'Rainier', Gult kirseb\u00e6rtr\u00e6, H\u00f8jde 100 cm, 5 liter potte | K\u00f8b planter nemt online | Schramas.com","robots":{"index":"index","follow":"follow","max-snippet":"max-snippet:-1","max-image-preview":"max-image-preview:large","max-video-preview":"max-video-preview:-1"},"canonical":"https:\/\/www.schramas.com\/dk\/butik\/prunus-avium-rainier-yellow-cherry-tree-hojde-100-cm-5-liter-potte\/","og_locale":"da_DK","og_type":"article","og_title":"Prunus avium 'Rainier', Gele kersenboom, Hoogte 100cm, 5 liter pot kopen | Planten eenvoudig online bestellen | Schramas.com","og_description":"Prunus avium 'Rainier'  Kersenboom met Zoete Gele kersen  Hoogte max: circa 3 \u2013 4,5 meter in de volle grond  Leverhoogte incl. pot: circa 100 cm  Potmaat: 5 liter","og_url":"https:\/\/www.schramas.com\/dk\/butik\/prunus-avium-rainier-yellow-cherry-tree-hojde-100-cm-5-liter-potte\/","og_site_name":"Planten eenvoudig online bestellen | Schramas.com","article_publisher":"https:\/\/www.facebook.com\/Schramascom-106872874153195\/","article_modified_time":"2026-04-30T20:37:02+00:00","og_image":[{"width":800,"height":800,"url":"http:\/\/www.schramas.com\/wp-content\/uploads\/2025\/06\/rainier-cherry-sfeer.webp","type":"image\/webp"}],"twitter_card":"summary_large_image","twitter_misc":{"Estimeret l\u00e6setid":"1 minut"},"schema":{"@context":"https:\/\/schema.org","@graph":[{"@type":["WebPage","ItemPage"],"@id":"https:\/\/www.schramas.com\/winkel\/prunus-avium-rainier-gele-kersenboom-hoogte-100cm-5-liter-pot\/","url":"https:\/\/www.schramas.com\/winkel\/prunus-avium-rainier-gele-kersenboom-hoogte-100cm-5-liter-pot\/","name":"K\u00f8b Prunus avium 'Rainier', Gult kirseb\u00e6rtr\u00e6, H\u00f8jde 100 cm, 5 liter potte | K\u00f8b planter nemt online | Schramas.com","isPartOf":{"@id":"https:\/\/www.schramas.com\/#website"},"primaryImageOfPage":{"@id":"https:\/\/www.schramas.com\/winkel\/prunus-avium-rainier-gele-kersenboom-hoogte-100cm-5-liter-pot\/#primaryimage"},"image":{"@id":"https:\/\/www.schramas.com\/winkel\/prunus-avium-rainier-gele-kersenboom-hoogte-100cm-5-liter-pot\/#primaryimage"},"thumbnailUrl":"https:\/\/www.schramas.com\/wp-content\/uploads\/2025\/06\/rainier-cherry-sfeer.webp","datePublished":"2025-06-05T11:58:21+00:00","dateModified":"2026-04-30T20:37:02+00:00","breadcrumb":{"@id":"https:\/\/www.schramas.com\/winkel\/prunus-avium-rainier-gele-kersenboom-hoogte-100cm-5-liter-pot\/#breadcrumb"},"inLanguage":"da-DK","potentialAction":[{"@type":"ReadAction","target":["https:\/\/www.schramas.com\/winkel\/prunus-avium-rainier-gele-kersenboom-hoogte-100cm-5-liter-pot\/"]}]},{"@type":"ImageObject","inLanguage":"da-DK","@id":"https:\/\/www.schramas.com\/winkel\/prunus-avium-rainier-gele-kersenboom-hoogte-100cm-5-liter-pot\/#primaryimage","url":"https:\/\/www.schramas.com\/wp-content\/uploads\/2025\/06\/rainier-cherry-sfeer.webp","contentUrl":"https:\/\/www.schramas.com\/wp-content\/uploads\/2025\/06\/rainier-cherry-sfeer.webp","width":800,"height":800},{"@type":"BreadcrumbList","@id":"https:\/\/www.schramas.com\/winkel\/prunus-avium-rainier-gele-kersenboom-hoogte-100cm-5-liter-pot\/#breadcrumb","itemListElement":[{"@type":"ListItem","position":1,"name":"Product","item":"https:\/\/www.schramas.com\/assortiment\/"},{"@type":"ListItem","position":2,"name":"Bomen &amp; Struiken","item":"https:\/\/www.schramas.com\/product-category\/bomen-struiken\/"},{"@type":"ListItem","position":3,"name":"Prunus avium &#8216;Rainier&#8217;, Gele kersenboom, Hoogte 100cm, 5 liter pot"}]},{"@type":"WebSite","@id":"https:\/\/www.schramas.com\/#website","url":"https:\/\/www.schramas.com\/","name":"Schramas.com | Haveplanter bestilles nemt online | Direkte fra vores gartneri","description":"","alternateName":"Schramas.com - Alle planten direct van de kweker","potentialAction":[{"@type":"SearchAction","target":{"@type":"EntryPoint","urlTemplate":"https:\/\/www.schramas.com\/?s={search_term_string}"},"query-input":{"@type":"PropertyValueSpecification","valueRequired":true,"valueName":"search_term_string"}}],"inLanguage":"da-DK"}]}},"_links":{"self":[{"href":"https:\/\/www.schramas.com\/dk\/wp-json\/wp\/v2\/product\/53151","targetHints":{"allow":["GET"]}}],"collection":[{"href":"https:\/\/www.schramas.com\/dk\/wp-json\/wp\/v2\/product"}],"about":[{"href":"https:\/\/www.schramas.com\/dk\/wp-json\/wp\/v2\/types\/product"}],"version-history":[{"count":1,"href":"https:\/\/www.schramas.com\/dk\/wp-json\/wp\/v2\/product\/53151\/revisions"}],"predecessor-version":[{"id":53159,"href":"https:\/\/www.schramas.com\/dk\/wp-json\/wp\/v2\/product\/53151\/revisions\/53159"}],"wp:featuredmedia":[{"embeddable":true,"href":"https:\/\/www.schramas.com\/dk\/wp-json\/wp\/v2\/media\/53154"}],"wp:attachment":[{"href":"https:\/\/www.schramas.com\/dk\/wp-json\/wp\/v2\/media?parent=53151"}],"wp:term":[{"taxonomy":"product_brand","embeddable":true,"href":"https:\/\/www.schramas.com\/dk\/wp-json\/wp\/v2\/product_brand?post=53151"},{"taxonomy":"product_cat","embeddable":true,"href":"https:\/\/www.schramas.com\/dk\/wp-json\/wp\/v2\/product_cat?post=53151"},{"taxonomy":"product_tag","embeddable":true,"href":"https:\/\/www.schramas.com\/dk\/wp-json\/wp\/v2\/product_tag?post=53151"}],"curies":[{"name":"wp","href":"https:\/\/api.w.org\/{rel}","templated":true}]}}