{"id":5919,"date":"2019-10-03T14:38:41","date_gmt":"2019-10-03T12:38:41","guid":{"rendered":"http:\/\/www.schramas.com\/?post_type=product&#038;p=5919"},"modified":"2026-03-26T16:33:26","modified_gmt":"2026-03-26T15:33:26","slug":"hvide-ribsribs-rubrum-hvid-hollander","status":"publish","type":"product","link":"https:\/\/www.schramas.com\/dk\/butik\/hvide-ribsribs-rubrum-hvid-hollander\/","title":{"rendered":"Ribes rubrum 'White Dutchman' hvide ribs, 9 cm potte"},"content":{"rendered":"<p>Denne sort er en af de \u00e6ldste solb\u00e6rsorter. Den vokser hurtigt og har de mest velsmagende b\u00e6r og et h\u00f8jt udbytte. B\u00e6rrene modner tidligt (ofte allerede i juli) og er s\u00f8dere end r\u00f8de ribs. Jo mere sol, jo s\u00f8dere b\u00e6r.<\/p>","protected":false},"excerpt":{"rendered":"<p>Ribes rubrum &#039;Hvid holl\u00e6nder&#039;<\/p>\n<p>Hvide ribs.<\/p>\n<p>Smag frisk s\u00f8d<\/p>\n<p>Frugtfarve gul hvid (mere gul afh\u00e6ngig af antallet af solskinstimer)<\/p>\n<p>H\u00f8jde max: 1,75 meter<\/p>\n<p>Velegnet til b\u00e5de terrasse og \u00e5bent terr\u00e6n.<\/p>\n<p>Selvbest\u00f8vende.<\/p>\n<p>Hardy<\/p>\n<p>Leveringsh\u00f8jde inkl. potte: +\/_30 cm<\/p>\n<p>Pottest\u00f8rrelse: 9 cm.<\/p>","protected":false},"featured_media":12660,"template":"","meta":{"_joinchat":[]},"product_brand":[],"product_cat":[41,262,234],"product_tag":[646,603,598,351,649,648,316],"class_list":{"0":"post-5919","1":"product","2":"type-product","3":"status-publish","4":"has-post-thumbnail","6":"product_cat-aalbessen","7":"product_cat-bomen-struiken","8":"product_cat-fruitstruiken","9":"product_tag-aalbes","10":"product_tag-bessen","11":"product_tag-ribes","12":"product_tag-winterhard","13":"product_tag-witte-bes","14":"product_tag-witte-hollander","15":"product_tag-zelfbestuivend","16":"pa_bloeimaanden-mei","17":"pa_bloeimaanden-juni","18":"pa_ewd_uwcf_colors-wit","19":"pa_groeihoogte-150-200-cm","20":"pa_pot-9-cm-pot","22":"first","23":"instock","24":"taxable","25":"shipping-taxable","26":"purchasable","27":"product-type-simple"},"yoast_head":"<!-- This site is optimized with the Yoast SEO plugin v24.2 - https:\/\/yoast.com\/wordpress\/plugins\/seo\/ -->\n<title>Ribes rubrum &#039;Witte Hollander&#039; witte aalbes, 9 cm pot kopen | Planten eenvoudig online bestellen | Schramas.com<\/title>\n<meta name=\"robots\" content=\"index, follow, max-snippet:-1, max-image-preview:large, max-video-preview:-1\" \/>\n<link rel=\"canonical\" href=\"https:\/\/www.schramas.com\/dk\/butik\/hvide-ribsribs-rubrum-hvid-hollander\/\" \/>\n<meta property=\"og:locale\" content=\"da_DK\" \/>\n<meta property=\"og:type\" content=\"article\" \/>\n<meta property=\"og:title\" content=\"Ribes rubrum &#039;Witte Hollander&#039; witte aalbes, 9 cm pot kopen | Planten eenvoudig online bestellen | Schramas.com\" \/>\n<meta property=\"og:description\" content=\"Ribes rubrum &#039;Witte Hollander&#039;  Witte aalbes.  Smaak fris zoet  Kleur vrucht geel wit ( geler naar gelang het aantal zonuren)  Hoogte max: 1,75 meter  Geschikt voor zowel patio als volle grond.  Zelf bestuivend.  Winterhard  Leverhoogte incl. pot: +\/_30 cm  Pot maat: 9 cm.\" \/>\n<meta property=\"og:url\" content=\"https:\/\/www.schramas.com\/dk\/butik\/hvide-ribsribs-rubrum-hvid-hollander\/\" \/>\n<meta property=\"og:site_name\" content=\"Planten eenvoudig online bestellen | Schramas.com\" \/>\n<meta property=\"article:publisher\" content=\"https:\/\/www.facebook.com\/Schramascom-106872874153195\/\" \/>\n<meta property=\"article:modified_time\" content=\"2026-03-26T15:33:26+00:00\" \/>\n<meta property=\"og:image\" content=\"https:\/\/www.schramas.com\/wp-content\/uploads\/2020\/10\/Ribes-rubrum-Witte-Hollander-Schramas-met-cirkel-v2.png\" \/>\n\t<meta property=\"og:image:width\" content=\"500\" \/>\n\t<meta property=\"og:image:height\" content=\"500\" \/>\n\t<meta property=\"og:image:type\" content=\"image\/png\" \/>\n<meta name=\"twitter:card\" content=\"summary_large_image\" \/>\n<script type=\"application\/ld+json\" class=\"yoast-schema-graph\">{\"@context\":\"https:\/\/schema.org\",\"@graph\":[{\"@type\":[\"WebPage\",\"ItemPage\"],\"@id\":\"https:\/\/www.schramas.com\/winkel\/witte-bes-ribes-rubrum-witte-hollander\/\",\"url\":\"https:\/\/www.schramas.com\/winkel\/witte-bes-ribes-rubrum-witte-hollander\/\",\"name\":\"Ribes rubrum 'Witte Hollander' witte aalbes, 9 cm pot kopen | Planten eenvoudig online bestellen | Schramas.com\",\"isPartOf\":{\"@id\":\"https:\/\/www.schramas.com\/#website\"},\"primaryImageOfPage\":{\"@id\":\"https:\/\/www.schramas.com\/winkel\/witte-bes-ribes-rubrum-witte-hollander\/#primaryimage\"},\"image\":{\"@id\":\"https:\/\/www.schramas.com\/winkel\/witte-bes-ribes-rubrum-witte-hollander\/#primaryimage\"},\"thumbnailUrl\":\"https:\/\/www.schramas.com\/wp-content\/uploads\/2020\/10\/Ribes-rubrum-Witte-Hollander-Schramas-met-cirkel-v2.png\",\"datePublished\":\"2019-10-03T12:38:41+00:00\",\"dateModified\":\"2026-03-26T15:33:26+00:00\",\"breadcrumb\":{\"@id\":\"https:\/\/www.schramas.com\/winkel\/witte-bes-ribes-rubrum-witte-hollander\/#breadcrumb\"},\"inLanguage\":\"da-DK\",\"potentialAction\":[{\"@type\":\"ReadAction\",\"target\":[\"https:\/\/www.schramas.com\/winkel\/witte-bes-ribes-rubrum-witte-hollander\/\"]}]},{\"@type\":\"ImageObject\",\"inLanguage\":\"da-DK\",\"@id\":\"https:\/\/www.schramas.com\/winkel\/witte-bes-ribes-rubrum-witte-hollander\/#primaryimage\",\"url\":\"https:\/\/www.schramas.com\/wp-content\/uploads\/2020\/10\/Ribes-rubrum-Witte-Hollander-Schramas-met-cirkel-v2.png\",\"contentUrl\":\"https:\/\/www.schramas.com\/wp-content\/uploads\/2020\/10\/Ribes-rubrum-Witte-Hollander-Schramas-met-cirkel-v2.png\",\"width\":500,\"height\":500},{\"@type\":\"BreadcrumbList\",\"@id\":\"https:\/\/www.schramas.com\/winkel\/witte-bes-ribes-rubrum-witte-hollander\/#breadcrumb\",\"itemListElement\":[{\"@type\":\"ListItem\",\"position\":1,\"name\":\"Product\",\"item\":\"https:\/\/www.schramas.com\/assortiment\/\"},{\"@type\":\"ListItem\",\"position\":2,\"name\":\"Bomen &amp; Struiken\",\"item\":\"https:\/\/www.schramas.com\/product-category\/bomen-struiken\/\"},{\"@type\":\"ListItem\",\"position\":3,\"name\":\"Fruitstruiken\",\"item\":\"https:\/\/www.schramas.com\/de\/produktkategorie\/baume-und-straucher\/obststraucher\/\"},{\"@type\":\"ListItem\",\"position\":4,\"name\":\"Aalbessen\",\"item\":\"https:\/\/www.schramas.com\/product-category\/bomen-struiken\/fruitstruiken\/aalbessen\/\"},{\"@type\":\"ListItem\",\"position\":5,\"name\":\"Ribes rubrum &#8216;Witte Hollander&#8217; witte aalbes, 9 cm pot\"}]},{\"@type\":\"WebSite\",\"@id\":\"https:\/\/www.schramas.com\/#website\",\"url\":\"https:\/\/www.schramas.com\/\",\"name\":\"Schramas.com | Tuinplanten eenvoudig online bestellen | Direct van onze Kwekerij\",\"description\":\"\",\"alternateName\":\"Schramas.com - Alle planten direct van de kweker\",\"potentialAction\":[{\"@type\":\"SearchAction\",\"target\":{\"@type\":\"EntryPoint\",\"urlTemplate\":\"https:\/\/www.schramas.com\/?s={search_term_string}\"},\"query-input\":{\"@type\":\"PropertyValueSpecification\",\"valueRequired\":true,\"valueName\":\"search_term_string\"}}],\"inLanguage\":\"da-DK\"}]}<\/script>\n<!-- \/ Yoast SEO plugin. -->","yoast_head_json":{"title":"K\u00f8b Ribes rubrum &#039;White Dutchman&#039; hvid ribs, 9 cm potte | Bestil nemt planter online | Schramas.com","robots":{"index":"index","follow":"follow","max-snippet":"max-snippet:-1","max-image-preview":"max-image-preview:large","max-video-preview":"max-video-preview:-1"},"canonical":"https:\/\/www.schramas.com\/dk\/butik\/hvide-ribsribs-rubrum-hvid-hollander\/","og_locale":"da_DK","og_type":"article","og_title":"Ribes rubrum 'Witte Hollander' witte aalbes, 9 cm pot kopen | Planten eenvoudig online bestellen | Schramas.com","og_description":"Ribes rubrum 'Witte Hollander'  Witte aalbes.  Smaak fris zoet  Kleur vrucht geel wit ( geler naar gelang het aantal zonuren)  Hoogte max: 1,75 meter  Geschikt voor zowel patio als volle grond.  Zelf bestuivend.  Winterhard  Leverhoogte incl. pot: +\/_30 cm  Pot maat: 9 cm.","og_url":"https:\/\/www.schramas.com\/dk\/butik\/hvide-ribsribs-rubrum-hvid-hollander\/","og_site_name":"Planten eenvoudig online bestellen | Schramas.com","article_publisher":"https:\/\/www.facebook.com\/Schramascom-106872874153195\/","article_modified_time":"2026-03-26T15:33:26+00:00","og_image":[{"width":500,"height":500,"url":"https:\/\/www.schramas.com\/wp-content\/uploads\/2020\/10\/Ribes-rubrum-Witte-Hollander-Schramas-met-cirkel-v2.png","type":"image\/png"}],"twitter_card":"summary_large_image","schema":{"@context":"https:\/\/schema.org","@graph":[{"@type":["WebPage","ItemPage"],"@id":"https:\/\/www.schramas.com\/winkel\/witte-bes-ribes-rubrum-witte-hollander\/","url":"https:\/\/www.schramas.com\/winkel\/witte-bes-ribes-rubrum-witte-hollander\/","name":"K\u00f8b Ribes rubrum &#039;White Dutchman&#039; hvid ribs, 9 cm potte | Bestil nemt planter online | Schramas.com","isPartOf":{"@id":"https:\/\/www.schramas.com\/#website"},"primaryImageOfPage":{"@id":"https:\/\/www.schramas.com\/winkel\/witte-bes-ribes-rubrum-witte-hollander\/#primaryimage"},"image":{"@id":"https:\/\/www.schramas.com\/winkel\/witte-bes-ribes-rubrum-witte-hollander\/#primaryimage"},"thumbnailUrl":"https:\/\/www.schramas.com\/wp-content\/uploads\/2020\/10\/Ribes-rubrum-Witte-Hollander-Schramas-met-cirkel-v2.png","datePublished":"2019-10-03T12:38:41+00:00","dateModified":"2026-03-26T15:33:26+00:00","breadcrumb":{"@id":"https:\/\/www.schramas.com\/winkel\/witte-bes-ribes-rubrum-witte-hollander\/#breadcrumb"},"inLanguage":"da-DK","potentialAction":[{"@type":"ReadAction","target":["https:\/\/www.schramas.com\/winkel\/witte-bes-ribes-rubrum-witte-hollander\/"]}]},{"@type":"ImageObject","inLanguage":"da-DK","@id":"https:\/\/www.schramas.com\/winkel\/witte-bes-ribes-rubrum-witte-hollander\/#primaryimage","url":"https:\/\/www.schramas.com\/wp-content\/uploads\/2020\/10\/Ribes-rubrum-Witte-Hollander-Schramas-met-cirkel-v2.png","contentUrl":"https:\/\/www.schramas.com\/wp-content\/uploads\/2020\/10\/Ribes-rubrum-Witte-Hollander-Schramas-met-cirkel-v2.png","width":500,"height":500},{"@type":"BreadcrumbList","@id":"https:\/\/www.schramas.com\/winkel\/witte-bes-ribes-rubrum-witte-hollander\/#breadcrumb","itemListElement":[{"@type":"ListItem","position":1,"name":"Product","item":"https:\/\/www.schramas.com\/assortiment\/"},{"@type":"ListItem","position":2,"name":"Bomen &amp; Struiken","item":"https:\/\/www.schramas.com\/product-category\/bomen-struiken\/"},{"@type":"ListItem","position":3,"name":"Fruitstruiken","item":"https:\/\/www.schramas.com\/de\/produktkategorie\/baume-und-straucher\/obststraucher\/"},{"@type":"ListItem","position":4,"name":"Aalbessen","item":"https:\/\/www.schramas.com\/product-category\/bomen-struiken\/fruitstruiken\/aalbessen\/"},{"@type":"ListItem","position":5,"name":"Ribes rubrum &#8216;Witte Hollander&#8217; witte aalbes, 9 cm pot"}]},{"@type":"WebSite","@id":"https:\/\/www.schramas.com\/#website","url":"https:\/\/www.schramas.com\/","name":"Schramas.com | Haveplanter bestilles nemt online | Direkte fra vores gartneri","description":"","alternateName":"Schramas.com - Alle planten direct van de kweker","potentialAction":[{"@type":"SearchAction","target":{"@type":"EntryPoint","urlTemplate":"https:\/\/www.schramas.com\/?s={search_term_string}"},"query-input":{"@type":"PropertyValueSpecification","valueRequired":true,"valueName":"search_term_string"}}],"inLanguage":"da-DK"}]}},"_links":{"self":[{"href":"https:\/\/www.schramas.com\/dk\/wp-json\/wp\/v2\/product\/5919","targetHints":{"allow":["GET"]}}],"collection":[{"href":"https:\/\/www.schramas.com\/dk\/wp-json\/wp\/v2\/product"}],"about":[{"href":"https:\/\/www.schramas.com\/dk\/wp-json\/wp\/v2\/types\/product"}],"version-history":[{"count":2,"href":"https:\/\/www.schramas.com\/dk\/wp-json\/wp\/v2\/product\/5919\/revisions"}],"predecessor-version":[{"id":49045,"href":"https:\/\/www.schramas.com\/dk\/wp-json\/wp\/v2\/product\/5919\/revisions\/49045"}],"wp:featuredmedia":[{"embeddable":true,"href":"https:\/\/www.schramas.com\/dk\/wp-json\/wp\/v2\/media\/12660"}],"wp:attachment":[{"href":"https:\/\/www.schramas.com\/dk\/wp-json\/wp\/v2\/media?parent=5919"}],"wp:term":[{"taxonomy":"product_brand","embeddable":true,"href":"https:\/\/www.schramas.com\/dk\/wp-json\/wp\/v2\/product_brand?post=5919"},{"taxonomy":"product_cat","embeddable":true,"href":"https:\/\/www.schramas.com\/dk\/wp-json\/wp\/v2\/product_cat?post=5919"},{"taxonomy":"product_tag","embeddable":true,"href":"https:\/\/www.schramas.com\/dk\/wp-json\/wp\/v2\/product_tag?post=5919"}],"curies":[{"name":"wp","href":"https:\/\/api.w.org\/{rel}","templated":true}]}}