{"id":63954,"date":"2025-12-09T15:34:29","date_gmt":"2025-12-09T14:34:29","guid":{"rendered":"https:\/\/www.schramas.com\/?post_type=product&#038;p=63954"},"modified":"2026-03-26T16:38:42","modified_gmt":"2026-03-26T15:38:42","slug":"prunus-avium-gammelt-kirsebaertrae-regina-grundstamme-colt-45l-potte-ca-2m","status":"publish","type":"product","link":"https:\/\/www.schramas.com\/dk\/butik\/prunus-avium-gammelt-kirsebaertrae-regina-grundstamme-colt-45l-potte-ca-2m\/","title":{"rendered":"Prunus avium - Gammelt kirseb\u00e6rtr\u00e6 \u2018Regina\u2019 - Colt-grundstamme - 45L potte - ca. 2m"},"content":{"rendered":"<p data-start=\"131\" data-end=\"293\">Disse \u2018gamle\u2019 kirseb\u00e6rtr\u00e6er giver \u00f8jeblikkelig moden struktur, karakter og udbytte i haven; fuldvoksne eksemplarer i rummelige potter, klar til \u00f8jeblikkelig udplantning.<\/p>\n<p data-start=\"295\" data-end=\"887\">Den <strong data-start=\"298\" data-end=\"323\">Prunus avium \u2018Regina\u2019<\/strong> er et moderne premium s\u00f8dkirseb\u00e6r, der er kendt for sin <strong data-start=\"383\" data-end=\"427\">meget store, m\u00f8rker\u00f8de, faste frugter<\/strong> med en fyldig, s\u00f8dlig smag. Denne sort er is\u00e6r elsket for sin <strong data-start=\"498\" data-end=\"532\">Fremragende brudstyrke<\/strong>, Selv i v\u00e5de somre. Kirseb\u00e6rrene er faste, saftige og perfekte til frisk brug, desserter og forarbejdning. Dette gamle kirseb\u00e6rtr\u00e6 har en h\u00f8jde p\u00e5 ca. <strong data-start=\"706\" data-end=\"717\">2 meter<\/strong>, opvokset i en <strong data-start=\"737\" data-end=\"753\">45 liters gryde<\/strong> p\u00e5 <strong data-start=\"757\" data-end=\"775\">Colt-grundstamme<\/strong>. Denne grundstamme giver en <strong data-start=\"802\" data-end=\"824\">Medium v\u00e6kst<\/strong>, sund kroneopbygning og p\u00e5lideligt udbytte.<\/p>\n<p data-start=\"889\" data-end=\"1223\">Regina blomstrer rigt om for\u00e5ret med hvide blomster, der tiltr\u00e6kker mange bier. H\u00f8sten falder i <strong data-start=\"993\" data-end=\"1007\">sensommer<\/strong>, Kirseb\u00e6rret kommer normalt lige efter sorten \u2018Kordia\u2019 og er kendt for sin h\u00f8je frugtkvalitet og ensartede produktion. Dette kirseb\u00e6r er <strong data-start=\"1122\" data-end=\"1145\">ikke selvbest\u00f8vende<\/strong> og har brug for en passende best\u00f8ver, f.eks. \u2018Kordia\u2019, \u2018Karina\u2019 eller \u2018Lapins\u2019.<\/p>\n<p data-start=\"1225\" data-end=\"1610\">Dette kirseb\u00e6rtr\u00e6 er <strong data-start=\"1244\" data-end=\"1258\">h\u00e5rdf\u00f8r<\/strong>, er modstandsdygtig over for det hollandske klima og vokser bedst p\u00e5 en <strong data-start=\"1330\" data-end=\"1377\">Solrig, frugtbar og veldr\u00e6net jord<\/strong>. Takket v\u00e6re Colt-grundstammen er v\u00e6ksten kontrollerbar, hvilket g\u00f8r den velegnet til b\u00e5de privat brug og i frugtplantager. P\u00e5 grund af sin modne alder giver den \u00f8jeblikkeligt udbytte og tilf\u00f8jer straks krop og karakter til haven.<\/p>\n<p data-start=\"1612\" data-end=\"1686\">For sikker transport er disse tunge tr\u00e6er <strong data-start=\"1658\" data-end=\"1685\">sendes p\u00e5 en palle<\/strong>.<\/p>\n<p data-start=\"1688\" data-end=\"1989\"><strong data-start=\"1688\" data-end=\"1702\">Fordele:<\/strong><br data-start=\"1702\" data-end=\"1705\" \/>Stort, modent kirseb\u00e6rtr\u00e6 (ca. 2 m h\u00f8jt)<br data-start=\"1748\" data-end=\"1751\" \/>Colt-grundstamme: middelst\u00e6rk v\u00e6kst, p\u00e5lidelig og sund<br data-start=\"1810\" data-end=\"1813\" \/>Meget store, faste, m\u00f8rker\u00f8de kirseb\u00e6r i topkvalitet<br data-start=\"1867\" data-end=\"1870\" \/>Revneresistent sort, perfekt til regnfulde somre<br data-start=\"1920\" data-end=\"1923\" \/>H\u00e5rdf\u00f8r og let at vedligeholde<br data-start=\"1958\" data-end=\"1961\" \/>Leveres sikkert p\u00e5 palle<\/p>\n<p data-start=\"1991\" data-end=\"2260\"><strong data-start=\"1991\" data-end=\"2034\">Hvorfor v\u00e6lge dette gamle frugttr\u00e6?<\/strong><br data-start=\"2034\" data-end=\"2037\" \/>\u2714 Topsort med enest\u00e5ende smag og frugtkvalitet<br data-start=\"2089\" data-end=\"2092\" \/>\u2714 P\u00e5lidelig v\u00e6kst og h\u00e5ndterbar krone p\u00e5 grund af Colt-grundstammen<br data-start=\"2152\" data-end=\"2155\" \/>\u2714 Umiddelbart modent tr\u00e6 med hurtigt udbytte<br data-start=\"2199\" data-end=\"2202\" \/>\u2714 H\u00e5rdf\u00f8r og velegnet til en r\u00e6kke forskellige jordtyper<\/p>\n<p data-start=\"2262\" data-end=\"2379\"><strong data-start=\"2262\" data-end=\"2283\">Blomster og frugter:<\/strong><br data-start=\"2283\" data-end=\"2286\" \/>Blomstring i april; h\u00f8st i <strong data-start=\"2311\" data-end=\"2328\">Juli-august<\/strong>. Kirseb\u00e6rrene er store, faste, s\u00f8de og aromatiske.<\/p>\n<p data-start=\"2381\" data-end=\"2631\"><strong data-start=\"2381\" data-end=\"2410\">Placering og pleje:<\/strong><br data-start=\"2410\" data-end=\"2413\" \/>Solrig placering; n\u00e6ringsrig, veldr\u00e6net jord. Vand regelm\u00e6ssigt efter plantning. Besk\u00e6r kun kirseb\u00e6r <strong data-start=\"2529\" data-end=\"2551\">umiddelbart efter h\u00f8st<\/strong> for at forhindre infektioner. Best\u00f8vning er n\u00f8dvendig for et godt udbytte.<\/p>\n<p data-start=\"2633\" data-end=\"2867\"><strong data-start=\"2633\" data-end=\"2667\">Et overblik over specifikationerne<\/strong><br data-start=\"2667\" data-end=\"2670\" \/>- H\u00f8jde ved levering: ca. 2 m<br data-start=\"2700\" data-end=\"2703\" \/>- Gryde st\u00f8rrelse: 45 L<br data-start=\"2718\" data-end=\"2721\" \/>- Grundstamme: Colt<br data-start=\"2738\" data-end=\"2741\" \/>- Blomstring: April<br data-start=\"2755\" data-end=\"2758\" \/>- H\u00f8st: juli-august<br data-start=\"2780\" data-end=\"2783\" \/>- Port de la plante: middelst\u00e6rk, godt forgrenet<br data-start=\"2825\" data-end=\"2828\" \/>- Velegnet til: have, g\u00e5rdsplads, frugtplantage<\/p>\n<p data-start=\"2869\" data-end=\"3034\">Vores Regina on Colt er et kraftigt og produktivt kirseb\u00e6rtr\u00e6 af h\u00f8j kvalitet, som tilf\u00f8rer haven \u00f8jeblikkelig v\u00e6rdi. (Det leverede tr\u00e6 kan afvige en smule fra billedet).<\/p>","protected":false},"excerpt":{"rendered":"<p>- 1 x Prunus avium \u2018Regina\u2019 - Colt-grundstamme - store, faste, m\u00f8rker\u00f8de kvalitetskirseb\u00e6r<br data-start=\"3203\" data-end=\"3206\" \/>- Leveringsh\u00f8jde ca. 2 m - pottest\u00f8rrelse 45 liter<br data-start=\"3246\" data-end=\"3249\" \/>- Best\u00f8vning n\u00f8dvendig, gode kombinationer: \u2018Kordia\u2019, \u2018Karina\u2019,<br \/>\n- H\u00f8st i juli-august<br data-start=\"3343\" data-end=\"3346\" \/>- Placering: sol - frugtbar, veldr\u00e6net jord<br data-start=\"3399\" data-end=\"3402\" \/>- H\u00e5rdf\u00f8r, middelst\u00e6rk v\u00e6kst p\u00e5 grund af Colt-grundstammen<br data-start=\"3454\" data-end=\"3457\" \/>- Forsendelse: p\u00e5 palle for sikker transport<\/p>","protected":false},"featured_media":63955,"template":"","meta":{"_joinchat":[]},"product_brand":[],"product_cat":[233,3716],"product_tag":[3747,4179,3735,3742,3755,3753,3746,3751,3748,3754,3744,3745,3750,3749,3752,3062],"class_list":{"0":"post-63954","1":"product","2":"type-product","3":"status-publish","4":"has-post-thumbnail","6":"product_cat-fruitbomen","7":"product_cat-oude-en-grote-fruitbomen","8":"product_tag-chateau-morell-kersenboom","9":"product_tag-colt","10":"product_tag-fruitboom-45-l","11":"product_tag-fruitboom-groot-formaat","12":"product_tag-fruitboom-ophalen","13":"product_tag-kersenbomen-kopen","14":"product_tag-kersenboom-diverse-rassen","15":"product_tag-kersenboom-kwekerij","16":"product_tag-kordia-kersenboom","17":"product_tag-oude-fruitbomen","18":"product_tag-oude-kersenboom","19":"product_tag-prunus-avium","20":"product_tag-regina-kersenboom","21":"product_tag-sylvia-kersenboom","22":"product_tag-volwassen-kersenboom","23":"product_tag-zoete-kersen","24":"product_shipping_class-grote-fruitbomen","25":"pa_ewd_uwcf_colors-groen-2","26":"pa_groeihoogte-300-cm","27":"pa_pot-45-liter-pot","29":"first","30":"instock","31":"taxable","32":"shipping-taxable","33":"purchasable","34":"product-type-simple"},"yoast_head":"<!-- This site is optimized with the Yoast SEO plugin v24.2 - https:\/\/yoast.com\/wordpress\/plugins\/seo\/ -->\n<title>Prunus avium - Oude Kersenboom &#039;Regina&#039; - Onderstam Colt - 45L pot - ca. 2m kopen | Planten eenvoudig online bestellen | Schramas.com<\/title>\n<meta name=\"robots\" content=\"index, follow, max-snippet:-1, max-image-preview:large, max-video-preview:-1\" \/>\n<link rel=\"canonical\" href=\"https:\/\/www.schramas.com\/dk\/butik\/prunus-avium-gammelt-kirsebaertrae-regina-grundstamme-colt-45l-potte-ca-2m\/\" \/>\n<meta property=\"og:locale\" content=\"da_DK\" \/>\n<meta property=\"og:type\" content=\"article\" \/>\n<meta property=\"og:title\" content=\"Prunus avium - Oude Kersenboom &#039;Regina&#039; - Onderstam Colt - 45L pot - ca. 2m kopen | Planten eenvoudig online bestellen | Schramas.com\" \/>\n<meta property=\"og:description\" content=\"\u2022 1 x Prunus avium \u2018Regina\u2019 \u2013 onderstam Colt \u2013 grote, stevige, donkerrode kwaliteitskersen\u2022 Leverhoogte ca. 2 m \u2013 potmaat 45 liter\u2022 Bestuiving nodig, goede combinaties: \u2018Kordia\u2019, \u2018Karina\u2019, \u2022 Oogst in juli\u2013augustus\u2022 Standplaats: zon \u2013 voedzame, goed doorlatende grond\u2022 Winterhard, middelsterke groei door Colt-onderstam\u2022 Verzending: op pallet voor veilig transport\" \/>\n<meta property=\"og:url\" content=\"https:\/\/www.schramas.com\/dk\/butik\/prunus-avium-gammelt-kirsebaertrae-regina-grundstamme-colt-45l-potte-ca-2m\/\" \/>\n<meta property=\"og:site_name\" content=\"Planten eenvoudig online bestellen | Schramas.com\" \/>\n<meta property=\"article:publisher\" content=\"https:\/\/www.facebook.com\/Schramascom-106872874153195\/\" \/>\n<meta property=\"article:modified_time\" content=\"2026-03-26T15:38:42+00:00\" \/>\n<meta property=\"og:image\" content=\"http:\/\/www.schramas.com\/wp-content\/uploads\/2025\/12\/IMG20250822135935-scaled.jpg\" \/>\n\t<meta property=\"og:image:width\" content=\"1920\" \/>\n\t<meta property=\"og:image:height\" content=\"2560\" \/>\n\t<meta property=\"og:image:type\" content=\"image\/jpeg\" \/>\n<meta name=\"twitter:card\" content=\"summary_large_image\" \/>\n<meta name=\"twitter:label1\" content=\"Estimeret l\u00e6setid\" \/>\n\t<meta name=\"twitter:data1\" content=\"1 minut\" \/>\n<script type=\"application\/ld+json\" class=\"yoast-schema-graph\">{\"@context\":\"https:\/\/schema.org\",\"@graph\":[{\"@type\":[\"WebPage\",\"ItemPage\"],\"@id\":\"https:\/\/www.schramas.com\/winkel\/prunus-avium-oude-kersenboom-regina-onderstam-colt-45l-pot-ca-2m\/\",\"url\":\"https:\/\/www.schramas.com\/winkel\/prunus-avium-oude-kersenboom-regina-onderstam-colt-45l-pot-ca-2m\/\",\"name\":\"Prunus avium - Oude Kersenboom 'Regina' - Onderstam Colt - 45L pot - ca. 2m kopen | Planten eenvoudig online bestellen | Schramas.com\",\"isPartOf\":{\"@id\":\"https:\/\/www.schramas.com\/#website\"},\"primaryImageOfPage\":{\"@id\":\"https:\/\/www.schramas.com\/winkel\/prunus-avium-oude-kersenboom-regina-onderstam-colt-45l-pot-ca-2m\/#primaryimage\"},\"image\":{\"@id\":\"https:\/\/www.schramas.com\/winkel\/prunus-avium-oude-kersenboom-regina-onderstam-colt-45l-pot-ca-2m\/#primaryimage\"},\"thumbnailUrl\":\"https:\/\/www.schramas.com\/wp-content\/uploads\/2025\/12\/IMG20250822135935-scaled.jpg\",\"datePublished\":\"2025-12-09T14:34:29+00:00\",\"dateModified\":\"2026-03-26T15:38:42+00:00\",\"breadcrumb\":{\"@id\":\"https:\/\/www.schramas.com\/winkel\/prunus-avium-oude-kersenboom-regina-onderstam-colt-45l-pot-ca-2m\/#breadcrumb\"},\"inLanguage\":\"da-DK\",\"potentialAction\":[{\"@type\":\"ReadAction\",\"target\":[\"https:\/\/www.schramas.com\/winkel\/prunus-avium-oude-kersenboom-regina-onderstam-colt-45l-pot-ca-2m\/\"]}]},{\"@type\":\"ImageObject\",\"inLanguage\":\"da-DK\",\"@id\":\"https:\/\/www.schramas.com\/winkel\/prunus-avium-oude-kersenboom-regina-onderstam-colt-45l-pot-ca-2m\/#primaryimage\",\"url\":\"https:\/\/www.schramas.com\/wp-content\/uploads\/2025\/12\/IMG20250822135935-scaled.jpg\",\"contentUrl\":\"https:\/\/www.schramas.com\/wp-content\/uploads\/2025\/12\/IMG20250822135935-scaled.jpg\",\"width\":1920,\"height\":2560,\"caption\":\"oplus_3211314\"},{\"@type\":\"BreadcrumbList\",\"@id\":\"https:\/\/www.schramas.com\/winkel\/prunus-avium-oude-kersenboom-regina-onderstam-colt-45l-pot-ca-2m\/#breadcrumb\",\"itemListElement\":[{\"@type\":\"ListItem\",\"position\":1,\"name\":\"Product\",\"item\":\"https:\/\/www.schramas.com\/assortiment\/\"},{\"@type\":\"ListItem\",\"position\":2,\"name\":\"Bomen &amp; Struiken\",\"item\":\"https:\/\/www.schramas.com\/product-category\/bomen-struiken\/\"},{\"@type\":\"ListItem\",\"position\":3,\"name\":\"Fruitbomen\",\"item\":\"https:\/\/www.schramas.com\/product-category\/bomen-struiken\/fruitbomen\/\"},{\"@type\":\"ListItem\",\"position\":4,\"name\":\"Oude\/grote fruitbomen\",\"item\":\"https:\/\/www.schramas.com\/product-category\/bomen-struiken\/fruitbomen\/oude-en-grote-fruitbomen\/\"},{\"@type\":\"ListItem\",\"position\":5,\"name\":\"Prunus avium &#8211; Oude Kersenboom &#8216;Regina&#8217; &#8211; Onderstam Colt &#8211; 45L pot &#8211; ca. 2m\"}]},{\"@type\":\"WebSite\",\"@id\":\"https:\/\/www.schramas.com\/#website\",\"url\":\"https:\/\/www.schramas.com\/\",\"name\":\"Schramas.com | Tuinplanten eenvoudig online bestellen | Direct van onze Kwekerij\",\"description\":\"\",\"alternateName\":\"Schramas.com - Alle planten direct van de kweker\",\"potentialAction\":[{\"@type\":\"SearchAction\",\"target\":{\"@type\":\"EntryPoint\",\"urlTemplate\":\"https:\/\/www.schramas.com\/?s={search_term_string}\"},\"query-input\":{\"@type\":\"PropertyValueSpecification\",\"valueRequired\":true,\"valueName\":\"search_term_string\"}}],\"inLanguage\":\"da-DK\"}]}<\/script>\n<!-- \/ Yoast SEO plugin. -->","yoast_head_json":{"title":"K\u00f8b Prunus avium - Gammelt kirseb\u00e6rtr\u00e6 'Regina' - Colt grundstamme - 45L potte - ca. 2m | Planter nemt online | Schramas.com","robots":{"index":"index","follow":"follow","max-snippet":"max-snippet:-1","max-image-preview":"max-image-preview:large","max-video-preview":"max-video-preview:-1"},"canonical":"https:\/\/www.schramas.com\/dk\/butik\/prunus-avium-gammelt-kirsebaertrae-regina-grundstamme-colt-45l-potte-ca-2m\/","og_locale":"da_DK","og_type":"article","og_title":"Prunus avium - Oude Kersenboom 'Regina' - Onderstam Colt - 45L pot - ca. 2m kopen | Planten eenvoudig online bestellen | Schramas.com","og_description":"\u2022 1 x Prunus avium \u2018Regina\u2019 \u2013 onderstam Colt \u2013 grote, stevige, donkerrode kwaliteitskersen\u2022 Leverhoogte ca. 2 m \u2013 potmaat 45 liter\u2022 Bestuiving nodig, goede combinaties: \u2018Kordia\u2019, \u2018Karina\u2019, \u2022 Oogst in juli\u2013augustus\u2022 Standplaats: zon \u2013 voedzame, goed doorlatende grond\u2022 Winterhard, middelsterke groei door Colt-onderstam\u2022 Verzending: op pallet voor veilig transport","og_url":"https:\/\/www.schramas.com\/dk\/butik\/prunus-avium-gammelt-kirsebaertrae-regina-grundstamme-colt-45l-potte-ca-2m\/","og_site_name":"Planten eenvoudig online bestellen | Schramas.com","article_publisher":"https:\/\/www.facebook.com\/Schramascom-106872874153195\/","article_modified_time":"2026-03-26T15:38:42+00:00","og_image":[{"width":1920,"height":2560,"url":"http:\/\/www.schramas.com\/wp-content\/uploads\/2025\/12\/IMG20250822135935-scaled.jpg","type":"image\/jpeg"}],"twitter_card":"summary_large_image","twitter_misc":{"Estimeret l\u00e6setid":"1 minut"},"schema":{"@context":"https:\/\/schema.org","@graph":[{"@type":["WebPage","ItemPage"],"@id":"https:\/\/www.schramas.com\/winkel\/prunus-avium-oude-kersenboom-regina-onderstam-colt-45l-pot-ca-2m\/","url":"https:\/\/www.schramas.com\/winkel\/prunus-avium-oude-kersenboom-regina-onderstam-colt-45l-pot-ca-2m\/","name":"K\u00f8b Prunus avium - Gammelt kirseb\u00e6rtr\u00e6 'Regina' - Colt grundstamme - 45L potte - ca. 2m | Planter nemt online | Schramas.com","isPartOf":{"@id":"https:\/\/www.schramas.com\/#website"},"primaryImageOfPage":{"@id":"https:\/\/www.schramas.com\/winkel\/prunus-avium-oude-kersenboom-regina-onderstam-colt-45l-pot-ca-2m\/#primaryimage"},"image":{"@id":"https:\/\/www.schramas.com\/winkel\/prunus-avium-oude-kersenboom-regina-onderstam-colt-45l-pot-ca-2m\/#primaryimage"},"thumbnailUrl":"https:\/\/www.schramas.com\/wp-content\/uploads\/2025\/12\/IMG20250822135935-scaled.jpg","datePublished":"2025-12-09T14:34:29+00:00","dateModified":"2026-03-26T15:38:42+00:00","breadcrumb":{"@id":"https:\/\/www.schramas.com\/winkel\/prunus-avium-oude-kersenboom-regina-onderstam-colt-45l-pot-ca-2m\/#breadcrumb"},"inLanguage":"da-DK","potentialAction":[{"@type":"ReadAction","target":["https:\/\/www.schramas.com\/winkel\/prunus-avium-oude-kersenboom-regina-onderstam-colt-45l-pot-ca-2m\/"]}]},{"@type":"ImageObject","inLanguage":"da-DK","@id":"https:\/\/www.schramas.com\/winkel\/prunus-avium-oude-kersenboom-regina-onderstam-colt-45l-pot-ca-2m\/#primaryimage","url":"https:\/\/www.schramas.com\/wp-content\/uploads\/2025\/12\/IMG20250822135935-scaled.jpg","contentUrl":"https:\/\/www.schramas.com\/wp-content\/uploads\/2025\/12\/IMG20250822135935-scaled.jpg","width":1920,"height":2560,"caption":"oplus_3211314"},{"@type":"BreadcrumbList","@id":"https:\/\/www.schramas.com\/winkel\/prunus-avium-oude-kersenboom-regina-onderstam-colt-45l-pot-ca-2m\/#breadcrumb","itemListElement":[{"@type":"ListItem","position":1,"name":"Product","item":"https:\/\/www.schramas.com\/assortiment\/"},{"@type":"ListItem","position":2,"name":"Bomen &amp; Struiken","item":"https:\/\/www.schramas.com\/product-category\/bomen-struiken\/"},{"@type":"ListItem","position":3,"name":"Fruitbomen","item":"https:\/\/www.schramas.com\/product-category\/bomen-struiken\/fruitbomen\/"},{"@type":"ListItem","position":4,"name":"Oude\/grote fruitbomen","item":"https:\/\/www.schramas.com\/product-category\/bomen-struiken\/fruitbomen\/oude-en-grote-fruitbomen\/"},{"@type":"ListItem","position":5,"name":"Prunus avium &#8211; Oude Kersenboom &#8216;Regina&#8217; &#8211; Onderstam Colt &#8211; 45L pot &#8211; ca. 2m"}]},{"@type":"WebSite","@id":"https:\/\/www.schramas.com\/#website","url":"https:\/\/www.schramas.com\/","name":"Schramas.com | Haveplanter bestilles nemt online | Direkte fra vores gartneri","description":"","alternateName":"Schramas.com - Alle planten direct van de kweker","potentialAction":[{"@type":"SearchAction","target":{"@type":"EntryPoint","urlTemplate":"https:\/\/www.schramas.com\/?s={search_term_string}"},"query-input":{"@type":"PropertyValueSpecification","valueRequired":true,"valueName":"search_term_string"}}],"inLanguage":"da-DK"}]}},"_links":{"self":[{"href":"https:\/\/www.schramas.com\/dk\/wp-json\/wp\/v2\/product\/63954","targetHints":{"allow":["GET"]}}],"collection":[{"href":"https:\/\/www.schramas.com\/dk\/wp-json\/wp\/v2\/product"}],"about":[{"href":"https:\/\/www.schramas.com\/dk\/wp-json\/wp\/v2\/types\/product"}],"version-history":[{"count":1,"href":"https:\/\/www.schramas.com\/dk\/wp-json\/wp\/v2\/product\/63954\/revisions"}],"predecessor-version":[{"id":63959,"href":"https:\/\/www.schramas.com\/dk\/wp-json\/wp\/v2\/product\/63954\/revisions\/63959"}],"wp:featuredmedia":[{"embeddable":true,"href":"https:\/\/www.schramas.com\/dk\/wp-json\/wp\/v2\/media\/63955"}],"wp:attachment":[{"href":"https:\/\/www.schramas.com\/dk\/wp-json\/wp\/v2\/media?parent=63954"}],"wp:term":[{"taxonomy":"product_brand","embeddable":true,"href":"https:\/\/www.schramas.com\/dk\/wp-json\/wp\/v2\/product_brand?post=63954"},{"taxonomy":"product_cat","embeddable":true,"href":"https:\/\/www.schramas.com\/dk\/wp-json\/wp\/v2\/product_cat?post=63954"},{"taxonomy":"product_tag","embeddable":true,"href":"https:\/\/www.schramas.com\/dk\/wp-json\/wp\/v2\/product_tag?post=63954"}],"curies":[{"name":"wp","href":"https:\/\/api.w.org\/{rel}","templated":true}]}}