{"id":63965,"date":"2025-12-09T15:47:00","date_gmt":"2025-12-09T14:47:00","guid":{"rendered":"https:\/\/www.schramas.com\/?post_type=product&#038;p=63965"},"modified":"2026-03-26T16:38:43","modified_gmt":"2026-03-26T15:38:43","slug":"pyrus-communis-oude-perenboom-bonne-louis-onderstam-ba29-45l-pot-ca-2m-kopie","status":"publish","type":"product","link":"https:\/\/www.schramas.com\/dk\/butik\/pyrus-communis-oude-perenboom-bonne-louis-onderstam-ba29-45l-pot-ca-2m-kopie\/","title":{"rendered":"Pyrus communis - Gammelt p\u00e6retr\u00e6 \u2018Bonne Louis\u2019 - Grundstamme BA29 - 45L potte - ca. 2m"},"content":{"rendered":"<p data-start=\"138\" data-end=\"299\">Disse \u2018gamle\u2019 p\u00e6retr\u00e6er giver \u00f8jeblikkelig moden struktur, karakter og udbytte i haven; fuldvoksne eksemplarer i rummelige potter, klar til \u00f8jeblikkelig udplantning.<\/p>\n<p data-start=\"301\" data-end=\"850\">Den <strong data-start=\"304\" data-end=\"336\">Pyrus communis \u2018Bonne Louis\u2019<\/strong> (ook bekend als <em data-start=\"353\" data-end=\"379\">Bonne Louise d&#039;Avranches<\/em>) is een klassiek, hoogwaardig handperenras dat bekendstaat om zijn <strong data-start=\"447\" data-end=\"488\">zoete, zachte en aromatische vruchten<\/strong>. De peren hebben een fijne structuur, lichtroze blos en een kenmerkende volle smaak. Deze oude perenboom wordt geleverd op een hoogte van circa <strong data-start=\"633\" data-end=\"644\">2 meter<\/strong>, opvokset i en <strong data-start=\"664\" data-end=\"680\">45 liters gryde<\/strong> p\u00e5 <strong data-start=\"684\" data-end=\"702\">onderstam BA29<\/strong>. Denne grundstamme giver en <strong data-start=\"734\" data-end=\"756\">Medium v\u00e6kst<\/strong>, goede vruchtdracht en een boom die stevig staat en uitstekend presteert in de meeste tuinen.<\/p>\n<p data-start=\"852\" data-end=\"1284\">De Bonne Louis bloeit in het voorjaar met zuiverwitte bloesems die veel bijen aantrekken. De oogst volgt in de <strong data-start=\"963\" data-end=\"992\">sensommer til tidligt efter\u00e5r<\/strong>, waarbij de boom middelgrote, elegante peren produceert die perfect zijn voor vers gebruik, maar ook geschikt zijn voor desserts, stoven en inmaken. Het ras is <strong data-start=\"1153\" data-end=\"1176\">ikke selvbest\u00f8vende<\/strong>, waardoor een geschikte bestuiver aanbevolen is, zoals \u2018Conference\u2019, \u2018Beurr\u00e9 Hardy\u2019 of \u2018Doyenn\u00e9 du Comice\u2019.<\/p>\n<p data-start=\"1286\" data-end=\"1676\">Dette p\u00e6retr\u00e6 er <strong data-start=\"1304\" data-end=\"1318\">h\u00e5rdf\u00f8r<\/strong>, er modstandsdygtig over for det hollandske klima og vokser bedst p\u00e5 en <strong data-start=\"1390\" data-end=\"1437\">Solrig, frugtbar og veldr\u00e6net jord<\/strong>. Dankzij de BA29-onderstam ontstaat een boom die goed in vorm te snoeien is, betrouwbaar draagt en een uitstekende balans heeft tussen groei en productie. Door de volwassen leeftijd heeft de boom direct impact en levert hij snel vruchten.<\/p>\n<p data-start=\"1678\" data-end=\"1752\">For sikker transport er disse tunge tr\u00e6er <strong data-start=\"1724\" data-end=\"1751\">sendes p\u00e5 en palle<\/strong>.<\/p>\n<p data-start=\"1754\" data-end=\"2036\"><strong data-start=\"1754\" data-end=\"1768\">Fordele:<\/strong><br data-start=\"1768\" data-end=\"1771\" \/>Stort, modent p\u00e6retr\u00e6 (ca. 2 m h\u00f8jt)<br data-start=\"1813\" data-end=\"1816\" \/>Onderstam BA29: middelsterk groeiend, productief en betrouwbaar<br data-start=\"1879\" data-end=\"1882\" \/>Zoete, aromatische peren met fijne structuur<br data-start=\"1926\" data-end=\"1929\" \/>Rige for\u00e5rsblomster, bivenlige<br data-start=\"1967\" data-end=\"1970\" \/>H\u00e5rdf\u00f8r og let at vedligeholde<br data-start=\"2005\" data-end=\"2008\" \/>Leveres sikkert p\u00e5 palle<\/p>\n<p data-start=\"2038\" data-end=\"2296\"><strong data-start=\"2038\" data-end=\"2081\">Hvorfor v\u00e6lge dette gamle frugttr\u00e6?<\/strong><br data-start=\"2081\" data-end=\"2084\" \/>\u2714 Klassiek handperenras met uitstekende smaak<br data-start=\"2129\" data-end=\"2132\" \/>\u2714 Betrouwbare groei en vruchtzetting door onderstam BA29<br data-start=\"2188\" data-end=\"2191\" \/>\u2714 Umiddelbart modent tr\u00e6 med hurtigt udbytte<br data-start=\"2235\" data-end=\"2238\" \/>\u2714 H\u00e5rdf\u00f8r og velegnet til en r\u00e6kke forskellige jordtyper<\/p>\n<p data-start=\"2298\" data-end=\"2443\"><strong data-start=\"2298\" data-end=\"2319\">Blomster og frugter:<\/strong><br data-start=\"2319\" data-end=\"2322\" \/>Blomstring i april; h\u00f8st i <strong data-start=\"2347\" data-end=\"2368\">September-oktober<\/strong>. De peren zijn zoet, aromatisch en ideaal voor vers gebruik of verwerking.<\/p>\n<p data-start=\"2445\" data-end=\"2670\"><strong data-start=\"2445\" data-end=\"2474\">Placering og pleje:<\/strong><br data-start=\"2474\" data-end=\"2477\" \/>Zonnige standplaats; voedzame, goed doorlatende bodem. Regelmatig water geven na aanplant. Jaarlijkse wintersnoei bevordert een open kroon en verhoogt de vruchtopbrengst. Bestuivers aanbevolen.<\/p>\n<p data-start=\"2672\" data-end=\"2913\"><strong data-start=\"2672\" data-end=\"2706\">Et overblik over specifikationerne<\/strong><br data-start=\"2706\" data-end=\"2709\" \/>- H\u00f8jde ved levering: ca. 2 m<br data-start=\"2739\" data-end=\"2742\" \/>- Gryde st\u00f8rrelse: 45 L<br data-start=\"2757\" data-end=\"2760\" \/>\u2022 Onderstam: BA29<br data-start=\"2777\" data-end=\"2780\" \/>- Blomstring: April<br data-start=\"2794\" data-end=\"2797\" \/>- H\u00f8st: september-oktober<br data-start=\"2823\" data-end=\"2826\" \/>- Port de la plante: middelst\u00e6rk, gammel tr\u00e6struktur<br data-start=\"2871\" data-end=\"2874\" \/>- Velegnet til: have, g\u00e5rdsplads, frugtplantage<\/p>\n<p data-start=\"2915\" data-end=\"3081\">Onze Bonne Louis op BA29 is een elegante, productieve en smaakvolle perenboom die direct waarde toevoegt aan de tuin. (Geleverde boom kan licht afwijken van de foto.)<\/p>","protected":false},"excerpt":{"rendered":"<p>\u2022 1 x Pyrus communis \u2018Bonne Louis\u2019 \u2013 onderstam BA29 \u2013 zoete, aromatische handperen<br data-start=\"3246\" data-end=\"3249\" \/>- Leveringsh\u00f8jde ca. 2 m - pottest\u00f8rrelse 45 liter<br data-start=\"3289\" data-end=\"3292\" \/>\u2022 Bestuiving aanbevolen: \u2018Conference\u2019, \u2018Beurr\u00e9 Hardy\u2019, \u2018Doyenn\u00e9 du Comice\u2019<br data-start=\"3366\" data-end=\"3369\" \/>- H\u00f8st i september-oktober<br data-start=\"3397\" data-end=\"3400\" \/>- Placering: sol - frugtbar, veldr\u00e6net jord<br data-start=\"3453\" data-end=\"3456\" \/>\u2022 Winterhard, middelsterke groei door BA29-onderstam<br data-start=\"3508\" data-end=\"3511\" \/>- Forsendelse: p\u00e5 palle for sikker transport<\/p>","protected":false},"featured_media":64021,"template":"","meta":{"_joinchat":[]},"product_brand":[],"product_cat":[233,3716],"product_tag":[4196,4202,4191,4190,4194,4192,4208,4193,4209,4207,3844,4203,4204,4189,4205,4198,4210,4199,4197,4195,4200,4206,4201,3312],"class_list":{"0":"post-63965","1":"product","2":"type-product","3":"status-publish","4":"has-post-thumbnail","6":"product_cat-fruitbomen","7":"product_cat-oude-en-grote-fruitbomen","8":"product_tag-handperen-kopen","9":"product_tag-oude-perenbomen-kwekerij","10":"product_tag-oude-perenboom-kopen","11":"product_tag-perenbomen-kopen","12":"product_tag-perenbomen-online-bestellen","13":"product_tag-perenboom-45-liter-pot","14":"product_tag-perenboom-45l-pot","15":"product_tag-perenboom-ba29","16":"product_tag-perenboom-ba29-onderstam","17":"product_tag-perenboom-boomgaard","18":"product_tag-perenboom-direct-van-de-kweker","19":"product_tag-perenboom-directe-levering","20":"product_tag-perenboom-hoge-opbrengst","21":"product_tag-perenboom-kopen","22":"product_tag-perenboom-met-zoete-peren","23":"product_tag-perenboom-planten","24":"product_tag-perenboom-rijkdragend","25":"product_tag-perenboom-snoeien","26":"product_tag-perenboom-voor-kleine-tuin","27":"product_tag-pyrus-communis-kopen","28":"product_tag-sterke-perenboom-kopen","29":"product_tag-volwassen-perenboom-in-pot","30":"product_tag-winterharde-perenboom","31":"product_tag-zelfbestuivende-perenboom","32":"product_shipping_class-grote-fruitbomen","33":"pa_ewd_uwcf_colors-groen-2","34":"pa_groeihoogte-300-cm","35":"pa_pot-45-liter-pot","37":"first","38":"instock","39":"taxable","40":"shipping-taxable","41":"purchasable","42":"product-type-simple"},"yoast_head":"<!-- This site is optimized with the Yoast SEO plugin v24.2 - https:\/\/yoast.com\/wordpress\/plugins\/seo\/ -->\n<title>Pyrus communis - Oude Perenboom &#039;Bonne Louis&#039; - Onderstam BA29 - 45L pot - ca. 2m kopen | Planten eenvoudig online bestellen | Schramas.com<\/title>\n<meta name=\"robots\" content=\"index, follow, max-snippet:-1, max-image-preview:large, max-video-preview:-1\" \/>\n<link rel=\"canonical\" href=\"https:\/\/www.schramas.com\/dk\/butik\/pyrus-communis-oude-perenboom-bonne-louis-onderstam-ba29-45l-pot-ca-2m-kopie\/\" \/>\n<meta property=\"og:locale\" content=\"da_DK\" \/>\n<meta property=\"og:type\" content=\"article\" \/>\n<meta property=\"og:title\" content=\"Pyrus communis - Oude Perenboom &#039;Bonne Louis&#039; - Onderstam BA29 - 45L pot - ca. 2m kopen | Planten eenvoudig online bestellen | Schramas.com\" \/>\n<meta property=\"og:description\" content=\"\u2022 1 x Pyrus communis \u2018Bonne Louis\u2019 \u2013 onderstam BA29 \u2013 zoete, aromatische handperen\u2022 Leverhoogte ca. 2 m \u2013 potmaat 45 liter\u2022 Bestuiving aanbevolen: \u2018Conference\u2019, \u2018Beurr\u00e9 Hardy\u2019, \u2018Doyenn\u00e9 du Comice\u2019\u2022 Oogst in september\u2013oktober\u2022 Standplaats: zon \u2013 voedzame, goed doorlatende grond\u2022 Winterhard, middelsterke groei door BA29-onderstam\u2022 Verzending: op pallet voor veilig transport\" \/>\n<meta property=\"og:url\" content=\"https:\/\/www.schramas.com\/dk\/butik\/pyrus-communis-oude-perenboom-bonne-louis-onderstam-ba29-45l-pot-ca-2m-kopie\/\" \/>\n<meta property=\"og:site_name\" content=\"Planten eenvoudig online bestellen | Schramas.com\" \/>\n<meta property=\"article:publisher\" content=\"https:\/\/www.facebook.com\/Schramascom-106872874153195\/\" \/>\n<meta property=\"article:modified_time\" content=\"2026-03-26T15:38:43+00:00\" \/>\n<meta property=\"og:image\" content=\"http:\/\/www.schramas.com\/wp-content\/uploads\/2025\/12\/IMG20250822133839-scaled.jpg\" \/>\n\t<meta property=\"og:image:width\" content=\"1920\" \/>\n\t<meta property=\"og:image:height\" content=\"2560\" \/>\n\t<meta property=\"og:image:type\" content=\"image\/jpeg\" \/>\n<meta name=\"twitter:card\" content=\"summary_large_image\" \/>\n<meta name=\"twitter:label1\" content=\"Estimeret l\u00e6setid\" \/>\n\t<meta name=\"twitter:data1\" content=\"1 minut\" \/>\n<script type=\"application\/ld+json\" class=\"yoast-schema-graph\">{\"@context\":\"https:\/\/schema.org\",\"@graph\":[{\"@type\":[\"WebPage\",\"ItemPage\"],\"@id\":\"https:\/\/www.schramas.com\/winkel\/pyrus-communis-oude-perenboom-bonne-louis-onderstam-ba29-45l-pot-ca-2m-kopie\/\",\"url\":\"https:\/\/www.schramas.com\/winkel\/pyrus-communis-oude-perenboom-bonne-louis-onderstam-ba29-45l-pot-ca-2m-kopie\/\",\"name\":\"Pyrus communis - Oude Perenboom 'Bonne Louis' - Onderstam BA29 - 45L pot - ca. 2m kopen | Planten eenvoudig online bestellen | Schramas.com\",\"isPartOf\":{\"@id\":\"https:\/\/www.schramas.com\/#website\"},\"primaryImageOfPage\":{\"@id\":\"https:\/\/www.schramas.com\/winkel\/pyrus-communis-oude-perenboom-bonne-louis-onderstam-ba29-45l-pot-ca-2m-kopie\/#primaryimage\"},\"image\":{\"@id\":\"https:\/\/www.schramas.com\/winkel\/pyrus-communis-oude-perenboom-bonne-louis-onderstam-ba29-45l-pot-ca-2m-kopie\/#primaryimage\"},\"thumbnailUrl\":\"https:\/\/www.schramas.com\/wp-content\/uploads\/2025\/12\/IMG20250822133839-scaled.jpg\",\"datePublished\":\"2025-12-09T14:47:00+00:00\",\"dateModified\":\"2026-03-26T15:38:43+00:00\",\"breadcrumb\":{\"@id\":\"https:\/\/www.schramas.com\/winkel\/pyrus-communis-oude-perenboom-bonne-louis-onderstam-ba29-45l-pot-ca-2m-kopie\/#breadcrumb\"},\"inLanguage\":\"da-DK\",\"potentialAction\":[{\"@type\":\"ReadAction\",\"target\":[\"https:\/\/www.schramas.com\/winkel\/pyrus-communis-oude-perenboom-bonne-louis-onderstam-ba29-45l-pot-ca-2m-kopie\/\"]}]},{\"@type\":\"ImageObject\",\"inLanguage\":\"da-DK\",\"@id\":\"https:\/\/www.schramas.com\/winkel\/pyrus-communis-oude-perenboom-bonne-louis-onderstam-ba29-45l-pot-ca-2m-kopie\/#primaryimage\",\"url\":\"https:\/\/www.schramas.com\/wp-content\/uploads\/2025\/12\/IMG20250822133839-scaled.jpg\",\"contentUrl\":\"https:\/\/www.schramas.com\/wp-content\/uploads\/2025\/12\/IMG20250822133839-scaled.jpg\",\"width\":1920,\"height\":2560,\"caption\":\"oplus_3211314\"},{\"@type\":\"BreadcrumbList\",\"@id\":\"https:\/\/www.schramas.com\/winkel\/pyrus-communis-oude-perenboom-bonne-louis-onderstam-ba29-45l-pot-ca-2m-kopie\/#breadcrumb\",\"itemListElement\":[{\"@type\":\"ListItem\",\"position\":1,\"name\":\"Product\",\"item\":\"https:\/\/www.schramas.com\/assortiment\/\"},{\"@type\":\"ListItem\",\"position\":2,\"name\":\"Bomen &amp; Struiken\",\"item\":\"https:\/\/www.schramas.com\/product-category\/bomen-struiken\/\"},{\"@type\":\"ListItem\",\"position\":3,\"name\":\"Fruitbomen\",\"item\":\"https:\/\/www.schramas.com\/product-category\/bomen-struiken\/fruitbomen\/\"},{\"@type\":\"ListItem\",\"position\":4,\"name\":\"Oude\/grote fruitbomen\",\"item\":\"https:\/\/www.schramas.com\/product-category\/bomen-struiken\/fruitbomen\/oude-en-grote-fruitbomen\/\"},{\"@type\":\"ListItem\",\"position\":5,\"name\":\"Pyrus communis &#8211; Oude Perenboom &#8216;Bonne Louis&#8217; &#8211; Onderstam BA29 &#8211; 45L pot &#8211; ca. 2m\"}]},{\"@type\":\"WebSite\",\"@id\":\"https:\/\/www.schramas.com\/#website\",\"url\":\"https:\/\/www.schramas.com\/\",\"name\":\"Schramas.com | Tuinplanten eenvoudig online bestellen | Direct van onze Kwekerij\",\"description\":\"\",\"alternateName\":\"Schramas.com - Alle planten direct van de kweker\",\"potentialAction\":[{\"@type\":\"SearchAction\",\"target\":{\"@type\":\"EntryPoint\",\"urlTemplate\":\"https:\/\/www.schramas.com\/?s={search_term_string}\"},\"query-input\":{\"@type\":\"PropertyValueSpecification\",\"valueRequired\":true,\"valueName\":\"search_term_string\"}}],\"inLanguage\":\"da-DK\"}]}<\/script>\n<!-- \/ Yoast SEO plugin. -->","yoast_head_json":{"title":"Pyrus communis - Oude Perenboom 'Bonne Louis' - Onderstam BA29 - 45L pot - ca. 2m kopen | Planten eenvoudig online bestellen | Schramas.com","robots":{"index":"index","follow":"follow","max-snippet":"max-snippet:-1","max-image-preview":"max-image-preview:large","max-video-preview":"max-video-preview:-1"},"canonical":"https:\/\/www.schramas.com\/dk\/butik\/pyrus-communis-oude-perenboom-bonne-louis-onderstam-ba29-45l-pot-ca-2m-kopie\/","og_locale":"da_DK","og_type":"article","og_title":"Pyrus communis - Oude Perenboom 'Bonne Louis' - Onderstam BA29 - 45L pot - ca. 2m kopen | Planten eenvoudig online bestellen | Schramas.com","og_description":"\u2022 1 x Pyrus communis \u2018Bonne Louis\u2019 \u2013 onderstam BA29 \u2013 zoete, aromatische handperen\u2022 Leverhoogte ca. 2 m \u2013 potmaat 45 liter\u2022 Bestuiving aanbevolen: \u2018Conference\u2019, \u2018Beurr\u00e9 Hardy\u2019, \u2018Doyenn\u00e9 du Comice\u2019\u2022 Oogst in september\u2013oktober\u2022 Standplaats: zon \u2013 voedzame, goed doorlatende grond\u2022 Winterhard, middelsterke groei door BA29-onderstam\u2022 Verzending: op pallet voor veilig transport","og_url":"https:\/\/www.schramas.com\/dk\/butik\/pyrus-communis-oude-perenboom-bonne-louis-onderstam-ba29-45l-pot-ca-2m-kopie\/","og_site_name":"Planten eenvoudig online bestellen | Schramas.com","article_publisher":"https:\/\/www.facebook.com\/Schramascom-106872874153195\/","article_modified_time":"2026-03-26T15:38:43+00:00","og_image":[{"width":1920,"height":2560,"url":"http:\/\/www.schramas.com\/wp-content\/uploads\/2025\/12\/IMG20250822133839-scaled.jpg","type":"image\/jpeg"}],"twitter_card":"summary_large_image","twitter_misc":{"Estimeret l\u00e6setid":"1 minut"},"schema":{"@context":"https:\/\/schema.org","@graph":[{"@type":["WebPage","ItemPage"],"@id":"https:\/\/www.schramas.com\/winkel\/pyrus-communis-oude-perenboom-bonne-louis-onderstam-ba29-45l-pot-ca-2m-kopie\/","url":"https:\/\/www.schramas.com\/winkel\/pyrus-communis-oude-perenboom-bonne-louis-onderstam-ba29-45l-pot-ca-2m-kopie\/","name":"Pyrus communis - Oude Perenboom 'Bonne Louis' - Onderstam BA29 - 45L pot - ca. 2m kopen | Planten eenvoudig online bestellen | Schramas.com","isPartOf":{"@id":"https:\/\/www.schramas.com\/#website"},"primaryImageOfPage":{"@id":"https:\/\/www.schramas.com\/winkel\/pyrus-communis-oude-perenboom-bonne-louis-onderstam-ba29-45l-pot-ca-2m-kopie\/#primaryimage"},"image":{"@id":"https:\/\/www.schramas.com\/winkel\/pyrus-communis-oude-perenboom-bonne-louis-onderstam-ba29-45l-pot-ca-2m-kopie\/#primaryimage"},"thumbnailUrl":"https:\/\/www.schramas.com\/wp-content\/uploads\/2025\/12\/IMG20250822133839-scaled.jpg","datePublished":"2025-12-09T14:47:00+00:00","dateModified":"2026-03-26T15:38:43+00:00","breadcrumb":{"@id":"https:\/\/www.schramas.com\/winkel\/pyrus-communis-oude-perenboom-bonne-louis-onderstam-ba29-45l-pot-ca-2m-kopie\/#breadcrumb"},"inLanguage":"da-DK","potentialAction":[{"@type":"ReadAction","target":["https:\/\/www.schramas.com\/winkel\/pyrus-communis-oude-perenboom-bonne-louis-onderstam-ba29-45l-pot-ca-2m-kopie\/"]}]},{"@type":"ImageObject","inLanguage":"da-DK","@id":"https:\/\/www.schramas.com\/winkel\/pyrus-communis-oude-perenboom-bonne-louis-onderstam-ba29-45l-pot-ca-2m-kopie\/#primaryimage","url":"https:\/\/www.schramas.com\/wp-content\/uploads\/2025\/12\/IMG20250822133839-scaled.jpg","contentUrl":"https:\/\/www.schramas.com\/wp-content\/uploads\/2025\/12\/IMG20250822133839-scaled.jpg","width":1920,"height":2560,"caption":"oplus_3211314"},{"@type":"BreadcrumbList","@id":"https:\/\/www.schramas.com\/winkel\/pyrus-communis-oude-perenboom-bonne-louis-onderstam-ba29-45l-pot-ca-2m-kopie\/#breadcrumb","itemListElement":[{"@type":"ListItem","position":1,"name":"Product","item":"https:\/\/www.schramas.com\/assortiment\/"},{"@type":"ListItem","position":2,"name":"Bomen &amp; Struiken","item":"https:\/\/www.schramas.com\/product-category\/bomen-struiken\/"},{"@type":"ListItem","position":3,"name":"Fruitbomen","item":"https:\/\/www.schramas.com\/product-category\/bomen-struiken\/fruitbomen\/"},{"@type":"ListItem","position":4,"name":"Oude\/grote fruitbomen","item":"https:\/\/www.schramas.com\/product-category\/bomen-struiken\/fruitbomen\/oude-en-grote-fruitbomen\/"},{"@type":"ListItem","position":5,"name":"Pyrus communis &#8211; Oude Perenboom &#8216;Bonne Louis&#8217; &#8211; Onderstam BA29 &#8211; 45L pot &#8211; ca. 2m"}]},{"@type":"WebSite","@id":"https:\/\/www.schramas.com\/#website","url":"https:\/\/www.schramas.com\/","name":"Schramas.com | Haveplanter bestilles nemt online | Direkte fra vores gartneri","description":"","alternateName":"Schramas.com - Alle planten direct van de kweker","potentialAction":[{"@type":"SearchAction","target":{"@type":"EntryPoint","urlTemplate":"https:\/\/www.schramas.com\/?s={search_term_string}"},"query-input":{"@type":"PropertyValueSpecification","valueRequired":true,"valueName":"search_term_string"}}],"inLanguage":"da-DK"}]}},"_links":{"self":[{"href":"https:\/\/www.schramas.com\/dk\/wp-json\/wp\/v2\/product\/63965","targetHints":{"allow":["GET"]}}],"collection":[{"href":"https:\/\/www.schramas.com\/dk\/wp-json\/wp\/v2\/product"}],"about":[{"href":"https:\/\/www.schramas.com\/dk\/wp-json\/wp\/v2\/types\/product"}],"version-history":[{"count":2,"href":"https:\/\/www.schramas.com\/dk\/wp-json\/wp\/v2\/product\/63965\/revisions"}],"predecessor-version":[{"id":64026,"href":"https:\/\/www.schramas.com\/dk\/wp-json\/wp\/v2\/product\/63965\/revisions\/64026"}],"wp:featuredmedia":[{"embeddable":true,"href":"https:\/\/www.schramas.com\/dk\/wp-json\/wp\/v2\/media\/64021"}],"wp:attachment":[{"href":"https:\/\/www.schramas.com\/dk\/wp-json\/wp\/v2\/media?parent=63965"}],"wp:term":[{"taxonomy":"product_brand","embeddable":true,"href":"https:\/\/www.schramas.com\/dk\/wp-json\/wp\/v2\/product_brand?post=63965"},{"taxonomy":"product_cat","embeddable":true,"href":"https:\/\/www.schramas.com\/dk\/wp-json\/wp\/v2\/product_cat?post=63965"},{"taxonomy":"product_tag","embeddable":true,"href":"https:\/\/www.schramas.com\/dk\/wp-json\/wp\/v2\/product_tag?post=63965"}],"curies":[{"name":"wp","href":"https:\/\/api.w.org\/{rel}","templated":true}]}}