{"id":64062,"date":"2025-12-11T07:41:52","date_gmt":"2025-12-11T06:41:52","guid":{"rendered":"https:\/\/www.schramas.com\/?post_type=product&#038;p=64062"},"modified":"2026-03-26T16:38:43","modified_gmt":"2026-03-26T15:38:43","slug":"pyrus-communis-gammelt-paeretrae-konference-grundstamme-kvaede-adams-45l-potte-ca-2m","status":"publish","type":"product","link":"https:\/\/www.schramas.com\/dk\/butik\/pyrus-communis-gammelt-paeretrae-konference-grundstamme-kvaede-adams-45l-potte-ca-2m\/","title":{"rendered":"Pyrus communis - Gammelt p\u00e6retr\u00e6 \u2018Conference\u2019 - Grundstamme Kwee Adams - 45L potte - ca. 2m"},"content":{"rendered":"<p data-start=\"148\" data-end=\"309\">Disse \u2018gamle\u2019 p\u00e6retr\u00e6er giver \u00f8jeblikkelig moden struktur, karakter og udbytte i haven; fuldvoksne eksemplarer i rummelige potter, klar til \u00f8jeblikkelig udplantning.<\/p>\n<p data-start=\"311\" data-end=\"860\">Den <strong data-start=\"314\" data-end=\"345\">Pyrus communis 'Konference'<\/strong> er Europas mest popul\u00e6re h\u00e5ndp\u00e6resort og er kendt for sin <strong data-start=\"417\" data-end=\"443\">lange, slanke frugter<\/strong> med en s\u00f8d, mild og aromatisk smag. P\u00e6rerne er saftige, p\u00e5lidelige i kvaliteten og s\u00e6rligt velegnede til frisk brug, men ogs\u00e5 alsidige i madlavningen. Dette gamle p\u00e6retr\u00e6 har en h\u00f8jde p\u00e5 ca. <strong data-start=\"670\" data-end=\"681\">2 meter<\/strong>, opvokset i en <strong data-start=\"701\" data-end=\"717\">45 liters gryde<\/strong> p\u00e5 <strong data-start=\"721\" data-end=\"745\">grundstamme Kwee Adams<\/strong>. Denne grundstamme giver en <strong data-start=\"777\" data-end=\"799\">Medium v\u00e6kst<\/strong>, god formbarhed og p\u00e5lideligt \u00e5rligt udbytte.<\/p>\n<p data-start=\"862\" data-end=\"1222\">Conference blomstrer om for\u00e5ret med rene hvide blomster, der tiltr\u00e6kker mange bier. H\u00f8sten falder i efter\u00e5ret <strong data-start=\"971\" data-end=\"1000\">sensommer til tidligt efter\u00e5r<\/strong>, Tr\u00e6et b\u00e6rer et stort antal slanke, gulgr\u00f8nne p\u00e6rer, der er kendt for deres fremragende smag og opbevaringskvalitet. Sorten er <strong data-start=\"1138\" data-end=\"1156\">selvbest\u00f8vende<\/strong>, hvilket g\u00f8r den ideel til mindre haver eller solit\u00e6re beplantninger.<\/p>\n<p data-start=\"1224\" data-end=\"1610\">Dette p\u00e6retr\u00e6 er <strong data-start=\"1242\" data-end=\"1256\">h\u00e5rdf\u00f8r<\/strong>, er fremragende til det hollandske klima og trives bedst p\u00e5 en <strong data-start=\"1334\" data-end=\"1381\">Solrig, frugtbar og veldr\u00e6net jord<\/strong>. Takket v\u00e6re Kwee Adams-grundstammen udvikler tr\u00e6et en afbalanceret krone og en god balance mellem v\u00e6kst og produktion. Dets modne alder sikrer, at det producerer frugt med det samme og tilf\u00f8jer \u00f8jeblikkelig karakter til haven.<\/p>\n<p data-start=\"1612\" data-end=\"1686\">For sikker transport er disse tunge tr\u00e6er <strong data-start=\"1658\" data-end=\"1685\">sendes p\u00e5 en palle<\/strong>.<\/p>\n<p data-start=\"1688\" data-end=\"1991\"><strong data-start=\"1688\" data-end=\"1702\">Fordele:<\/strong><br data-start=\"1702\" data-end=\"1705\" \/>Stort, modent p\u00e6retr\u00e6 (ca. 2 m h\u00f8jt)<br data-start=\"1747\" data-end=\"1750\" \/>Grundstamme Kwee Adams: middelst\u00e6rk v\u00e6kst, p\u00e5lidelig og produktiv<br data-start=\"1817\" data-end=\"1820\" \/>S\u00f8de, aromatiske konferencep\u00e6rer med god opbevaringskvalitet<br data-start=\"1881\" data-end=\"1884\" \/>Rige for\u00e5rsblomster, bivenlige<br data-start=\"1922\" data-end=\"1925\" \/>H\u00e5rdf\u00f8r og let at vedligeholde<br data-start=\"1960\" data-end=\"1963\" \/>Leveres sikkert p\u00e5 palle<\/p>\n<p data-start=\"1993\" data-end=\"2256\"><strong data-start=\"1993\" data-end=\"2036\">Hvorfor v\u00e6lge dette gamle frugttr\u00e6?<\/strong><br data-start=\"2036\" data-end=\"2039\" \/>\u2714 Europ\u00e6isk top- og yndlingssort med p\u00e5lideligt udbytte<br data-start=\"2097\" data-end=\"2100\" \/>\u2714 Selvbest\u00f8vende sort: ideel til enhver have<br data-start=\"2143\" data-end=\"2146\" \/>\u2714 Afbalanceret v\u00e6kst og god produktion p\u00e5 grund af Kwee Adams-grundstammen<br data-start=\"2211\" data-end=\"2214\" \/>\u2714 Umiddelbart modent tr\u00e6 med hurtig h\u00f8st<\/p>\n<p data-start=\"2258\" data-end=\"2392\"><strong data-start=\"2258\" data-end=\"2279\">Blomster og frugter:<\/strong><br data-start=\"2279\" data-end=\"2282\" \/>Blomstring i april; h\u00f8st i <strong data-start=\"2307\" data-end=\"2328\">September-oktober<\/strong>. P\u00e6rerne er lange, slanke, mildt s\u00f8de og holder sig rigtig godt.<\/p>\n<p data-start=\"2394\" data-end=\"2652\"><strong data-start=\"2394\" data-end=\"2423\">Placering og pleje:<\/strong><br data-start=\"2423\" data-end=\"2426\" \/>Solrig placering; n\u00e6ringsrig, veldr\u00e6net jord. Vand regelm\u00e6ssigt efter plantning. \u00c5rlig vinterbesk\u00e6ring fremmer form og h\u00f8jere produktion. Best\u00f8vere kan \u00f8ge udbyttet yderligere, men er ikke n\u00f8dvendige.<\/p>\n<p data-start=\"2654\" data-end=\"2901\"><strong data-start=\"2654\" data-end=\"2688\">Et overblik over specifikationerne<\/strong><br data-start=\"2688\" data-end=\"2691\" \/>- H\u00f8jde ved levering: ca. 2 m<br data-start=\"2721\" data-end=\"2724\" \/>- Gryde st\u00f8rrelse: 45 L<br data-start=\"2739\" data-end=\"2742\" \/>- Grundstamme: Kwee Adams<br data-start=\"2765\" data-end=\"2768\" \/>- Blomstring: April<br data-start=\"2782\" data-end=\"2785\" \/>- H\u00f8st: september-oktober<br data-start=\"2811\" data-end=\"2814\" \/>- Port de la plante: middelst\u00e6rk, gammel tr\u00e6struktur<br data-start=\"2859\" data-end=\"2862\" \/>- Velegnet til: have, g\u00e5rdsplads, frugtplantage<\/p>\n<p data-start=\"2903\" data-end=\"3070\">Vores Conference on Kwee Adams er et st\u00e6rkt, produktivt og vellidt p\u00e6retr\u00e6, der tilf\u00f8rer haven \u00f8jeblikkelig v\u00e6rdi. (Det leverede tr\u00e6 kan afvige en smule fra billedet).<\/p>","protected":false},"excerpt":{"rendered":"<p>- 1 x Pyrus communis \u2018Conference\u2019 - Kwee Adams grundstamme - s\u00f8de, aromatiske h\u00e5ndp\u00e6rer<br data-start=\"3245\" data-end=\"3248\" \/>- Leveringsh\u00f8jde ca. 2 m - pottest\u00f8rrelse 45 liter<br data-start=\"3288\" data-end=\"3291\" \/>- Selvbest\u00f8vende, h\u00f8jere udbytte med \u2018Beurr\u00e9 Hardy\u2019 eller \u2018Doyenn\u00e9 du Comice\u2019<br data-start=\"3367\" data-end=\"3370\" \/>- H\u00f8st i september-oktober<br data-start=\"3398\" data-end=\"3401\" \/>- Placering: sol - frugtbar, veldr\u00e6net jord<br data-start=\"3454\" data-end=\"3457\" \/>- H\u00e5rdf\u00f8r, middelst\u00e6rk v\u00e6kst p\u00e5 grund af Kwee Adams-grundstammen<br data-start=\"3515\" data-end=\"3518\" \/>- Forsendelse: p\u00e5 palle for sikker transport<\/p>","protected":false},"featured_media":64064,"template":"","meta":{"_joinchat":[]},"product_brand":[],"product_cat":[233,3716],"product_tag":[4213,3846,4196,4202,4191,4190,4194,4192,4208,4193,4209,4207,3844,4203,4204,4189,4205,4198,4210,4199,4197,4195,4200,4206,4201,4211,4212,3312],"class_list":{"0":"post-64062","1":"product","2":"type-product","3":"status-publish","4":"has-post-thumbnail","6":"product_cat-fruitbomen","7":"product_cat-oude-en-grote-fruitbomen","8":"product_tag-conference-kopen","9":"product_tag-conference-perenboom-kopen","10":"product_tag-handperen-kopen","11":"product_tag-oude-perenbomen-kwekerij","12":"product_tag-oude-perenboom-kopen","13":"product_tag-perenbomen-kopen","14":"product_tag-perenbomen-online-bestellen","15":"product_tag-perenboom-45-liter-pot","16":"product_tag-perenboom-45l-pot","17":"product_tag-perenboom-ba29","18":"product_tag-perenboom-ba29-onderstam","19":"product_tag-perenboom-boomgaard","20":"product_tag-perenboom-direct-van-de-kweker","21":"product_tag-perenboom-directe-levering","22":"product_tag-perenboom-hoge-opbrengst","23":"product_tag-perenboom-kopen","24":"product_tag-perenboom-met-zoete-peren","25":"product_tag-perenboom-planten","26":"product_tag-perenboom-rijkdragend","27":"product_tag-perenboom-snoeien","28":"product_tag-perenboom-voor-kleine-tuin","29":"product_tag-pyrus-communis-kopen","30":"product_tag-sterke-perenboom-kopen","31":"product_tag-volwassen-perenboom-in-pot","32":"product_tag-winterharde-perenboom","33":"product_tag-winterjan","34":"product_tag-winterriet-peer-bestellen","35":"product_tag-zelfbestuivende-perenboom","36":"product_shipping_class-grote-fruitbomen","37":"pa_ewd_uwcf_colors-groen-2","38":"pa_groeihoogte-300-cm","39":"pa_pot-45-liter-pot","41":"first","42":"instock","43":"taxable","44":"shipping-taxable","45":"purchasable","46":"product-type-simple"},"yoast_head":"<!-- This site is optimized with the Yoast SEO plugin v24.2 - https:\/\/yoast.com\/wordpress\/plugins\/seo\/ -->\n<title>Pyrus communis - Oude Perenboom &#039;Conference&#039; - Onderstam Kwee Adams - 45L pot - ca. 2m kopen | Planten eenvoudig online bestellen | Schramas.com<\/title>\n<meta name=\"robots\" content=\"index, follow, max-snippet:-1, max-image-preview:large, max-video-preview:-1\" \/>\n<link rel=\"canonical\" href=\"https:\/\/www.schramas.com\/dk\/butik\/pyrus-communis-gammelt-paeretrae-konference-grundstamme-kvaede-adams-45l-potte-ca-2m\/\" \/>\n<meta property=\"og:locale\" content=\"da_DK\" \/>\n<meta property=\"og:type\" content=\"article\" \/>\n<meta property=\"og:title\" content=\"Pyrus communis - Oude Perenboom &#039;Conference&#039; - Onderstam Kwee Adams - 45L pot - ca. 2m kopen | Planten eenvoudig online bestellen | Schramas.com\" \/>\n<meta property=\"og:description\" content=\"\u2022 1 x Pyrus communis \u2018Conference\u2019 \u2013 onderstam Kwee Adams \u2013 zoete, aromatische handperen\u2022 Leverhoogte ca. 2 m \u2013 potmaat 45 liter\u2022 Zelfbestuivend, hogere opbrengst met \u2018Beurr\u00e9 Hardy\u2019 of \u2018Doyenn\u00e9 du Comice\u2019\u2022 Oogst in september\u2013oktober\u2022 Standplaats: zon \u2013 voedzame, goed doorlatende grond\u2022 Winterhard, middelsterke groei door Kwee Adams-onderstam\u2022 Verzending: op pallet voor veilig transport\" \/>\n<meta property=\"og:url\" content=\"https:\/\/www.schramas.com\/dk\/butik\/pyrus-communis-gammelt-paeretrae-konference-grundstamme-kvaede-adams-45l-potte-ca-2m\/\" \/>\n<meta property=\"og:site_name\" content=\"Planten eenvoudig online bestellen | Schramas.com\" \/>\n<meta property=\"article:publisher\" content=\"https:\/\/www.facebook.com\/Schramascom-106872874153195\/\" \/>\n<meta property=\"article:modified_time\" content=\"2026-03-26T15:38:43+00:00\" \/>\n<meta property=\"og:image\" content=\"http:\/\/www.schramas.com\/wp-content\/uploads\/2025\/12\/IMG20250822141920-scaled.jpg\" \/>\n\t<meta property=\"og:image:width\" content=\"1920\" \/>\n\t<meta property=\"og:image:height\" content=\"2560\" \/>\n\t<meta property=\"og:image:type\" content=\"image\/jpeg\" \/>\n<meta name=\"twitter:card\" content=\"summary_large_image\" \/>\n<meta name=\"twitter:label1\" content=\"Estimeret l\u00e6setid\" \/>\n\t<meta name=\"twitter:data1\" content=\"1 minut\" \/>\n<script type=\"application\/ld+json\" class=\"yoast-schema-graph\">{\"@context\":\"https:\/\/schema.org\",\"@graph\":[{\"@type\":[\"WebPage\",\"ItemPage\"],\"@id\":\"https:\/\/www.schramas.com\/winkel\/pyrus-communis-oude-perenboom-conference-onderstam-kwee-adams-45l-pot-ca-2m\/\",\"url\":\"https:\/\/www.schramas.com\/winkel\/pyrus-communis-oude-perenboom-conference-onderstam-kwee-adams-45l-pot-ca-2m\/\",\"name\":\"Pyrus communis - Oude Perenboom 'Conference' - Onderstam Kwee Adams - 45L pot - ca. 2m kopen | Planten eenvoudig online bestellen | Schramas.com\",\"isPartOf\":{\"@id\":\"https:\/\/www.schramas.com\/#website\"},\"primaryImageOfPage\":{\"@id\":\"https:\/\/www.schramas.com\/winkel\/pyrus-communis-oude-perenboom-conference-onderstam-kwee-adams-45l-pot-ca-2m\/#primaryimage\"},\"image\":{\"@id\":\"https:\/\/www.schramas.com\/winkel\/pyrus-communis-oude-perenboom-conference-onderstam-kwee-adams-45l-pot-ca-2m\/#primaryimage\"},\"thumbnailUrl\":\"https:\/\/www.schramas.com\/wp-content\/uploads\/2025\/12\/IMG20250822141920-scaled.jpg\",\"datePublished\":\"2025-12-11T06:41:52+00:00\",\"dateModified\":\"2026-03-26T15:38:43+00:00\",\"breadcrumb\":{\"@id\":\"https:\/\/www.schramas.com\/winkel\/pyrus-communis-oude-perenboom-conference-onderstam-kwee-adams-45l-pot-ca-2m\/#breadcrumb\"},\"inLanguage\":\"da-DK\",\"potentialAction\":[{\"@type\":\"ReadAction\",\"target\":[\"https:\/\/www.schramas.com\/winkel\/pyrus-communis-oude-perenboom-conference-onderstam-kwee-adams-45l-pot-ca-2m\/\"]}]},{\"@type\":\"ImageObject\",\"inLanguage\":\"da-DK\",\"@id\":\"https:\/\/www.schramas.com\/winkel\/pyrus-communis-oude-perenboom-conference-onderstam-kwee-adams-45l-pot-ca-2m\/#primaryimage\",\"url\":\"https:\/\/www.schramas.com\/wp-content\/uploads\/2025\/12\/IMG20250822141920-scaled.jpg\",\"contentUrl\":\"https:\/\/www.schramas.com\/wp-content\/uploads\/2025\/12\/IMG20250822141920-scaled.jpg\",\"width\":1920,\"height\":2560,\"caption\":\"oplus_3211314\"},{\"@type\":\"BreadcrumbList\",\"@id\":\"https:\/\/www.schramas.com\/winkel\/pyrus-communis-oude-perenboom-conference-onderstam-kwee-adams-45l-pot-ca-2m\/#breadcrumb\",\"itemListElement\":[{\"@type\":\"ListItem\",\"position\":1,\"name\":\"Product\",\"item\":\"https:\/\/www.schramas.com\/assortiment\/\"},{\"@type\":\"ListItem\",\"position\":2,\"name\":\"Bomen &amp; Struiken\",\"item\":\"https:\/\/www.schramas.com\/product-category\/bomen-struiken\/\"},{\"@type\":\"ListItem\",\"position\":3,\"name\":\"Fruitbomen\",\"item\":\"https:\/\/www.schramas.com\/product-category\/bomen-struiken\/fruitbomen\/\"},{\"@type\":\"ListItem\",\"position\":4,\"name\":\"Oude\/grote fruitbomen\",\"item\":\"https:\/\/www.schramas.com\/product-category\/bomen-struiken\/fruitbomen\/oude-en-grote-fruitbomen\/\"},{\"@type\":\"ListItem\",\"position\":5,\"name\":\"Pyrus communis &#8211; Oude Perenboom &#8216;Conference&#8217; &#8211; Onderstam Kwee Adams &#8211; 45L pot &#8211; ca. 2m\"}]},{\"@type\":\"WebSite\",\"@id\":\"https:\/\/www.schramas.com\/#website\",\"url\":\"https:\/\/www.schramas.com\/\",\"name\":\"Schramas.com | Tuinplanten eenvoudig online bestellen | Direct van onze Kwekerij\",\"description\":\"\",\"alternateName\":\"Schramas.com - Alle planten direct van de kweker\",\"potentialAction\":[{\"@type\":\"SearchAction\",\"target\":{\"@type\":\"EntryPoint\",\"urlTemplate\":\"https:\/\/www.schramas.com\/?s={search_term_string}\"},\"query-input\":{\"@type\":\"PropertyValueSpecification\",\"valueRequired\":true,\"valueName\":\"search_term_string\"}}],\"inLanguage\":\"da-DK\"}]}<\/script>\n<!-- \/ Yoast SEO plugin. -->","yoast_head_json":{"title":"K\u00f8b Pyrus communis - Gammelt p\u00e6retr\u00e6 'Conference' - Grundstamme Kwee Adams - 45L potte - ca. 2m | Planter nemt online | Schramas.com","robots":{"index":"index","follow":"follow","max-snippet":"max-snippet:-1","max-image-preview":"max-image-preview:large","max-video-preview":"max-video-preview:-1"},"canonical":"https:\/\/www.schramas.com\/dk\/butik\/pyrus-communis-gammelt-paeretrae-konference-grundstamme-kvaede-adams-45l-potte-ca-2m\/","og_locale":"da_DK","og_type":"article","og_title":"Pyrus communis - Oude Perenboom 'Conference' - Onderstam Kwee Adams - 45L pot - ca. 2m kopen | Planten eenvoudig online bestellen | Schramas.com","og_description":"\u2022 1 x Pyrus communis \u2018Conference\u2019 \u2013 onderstam Kwee Adams \u2013 zoete, aromatische handperen\u2022 Leverhoogte ca. 2 m \u2013 potmaat 45 liter\u2022 Zelfbestuivend, hogere opbrengst met \u2018Beurr\u00e9 Hardy\u2019 of \u2018Doyenn\u00e9 du Comice\u2019\u2022 Oogst in september\u2013oktober\u2022 Standplaats: zon \u2013 voedzame, goed doorlatende grond\u2022 Winterhard, middelsterke groei door Kwee Adams-onderstam\u2022 Verzending: op pallet voor veilig transport","og_url":"https:\/\/www.schramas.com\/dk\/butik\/pyrus-communis-gammelt-paeretrae-konference-grundstamme-kvaede-adams-45l-potte-ca-2m\/","og_site_name":"Planten eenvoudig online bestellen | Schramas.com","article_publisher":"https:\/\/www.facebook.com\/Schramascom-106872874153195\/","article_modified_time":"2026-03-26T15:38:43+00:00","og_image":[{"width":1920,"height":2560,"url":"http:\/\/www.schramas.com\/wp-content\/uploads\/2025\/12\/IMG20250822141920-scaled.jpg","type":"image\/jpeg"}],"twitter_card":"summary_large_image","twitter_misc":{"Estimeret l\u00e6setid":"1 minut"},"schema":{"@context":"https:\/\/schema.org","@graph":[{"@type":["WebPage","ItemPage"],"@id":"https:\/\/www.schramas.com\/winkel\/pyrus-communis-oude-perenboom-conference-onderstam-kwee-adams-45l-pot-ca-2m\/","url":"https:\/\/www.schramas.com\/winkel\/pyrus-communis-oude-perenboom-conference-onderstam-kwee-adams-45l-pot-ca-2m\/","name":"K\u00f8b Pyrus communis - Gammelt p\u00e6retr\u00e6 'Conference' - Grundstamme Kwee Adams - 45L potte - ca. 2m | Planter nemt online | Schramas.com","isPartOf":{"@id":"https:\/\/www.schramas.com\/#website"},"primaryImageOfPage":{"@id":"https:\/\/www.schramas.com\/winkel\/pyrus-communis-oude-perenboom-conference-onderstam-kwee-adams-45l-pot-ca-2m\/#primaryimage"},"image":{"@id":"https:\/\/www.schramas.com\/winkel\/pyrus-communis-oude-perenboom-conference-onderstam-kwee-adams-45l-pot-ca-2m\/#primaryimage"},"thumbnailUrl":"https:\/\/www.schramas.com\/wp-content\/uploads\/2025\/12\/IMG20250822141920-scaled.jpg","datePublished":"2025-12-11T06:41:52+00:00","dateModified":"2026-03-26T15:38:43+00:00","breadcrumb":{"@id":"https:\/\/www.schramas.com\/winkel\/pyrus-communis-oude-perenboom-conference-onderstam-kwee-adams-45l-pot-ca-2m\/#breadcrumb"},"inLanguage":"da-DK","potentialAction":[{"@type":"ReadAction","target":["https:\/\/www.schramas.com\/winkel\/pyrus-communis-oude-perenboom-conference-onderstam-kwee-adams-45l-pot-ca-2m\/"]}]},{"@type":"ImageObject","inLanguage":"da-DK","@id":"https:\/\/www.schramas.com\/winkel\/pyrus-communis-oude-perenboom-conference-onderstam-kwee-adams-45l-pot-ca-2m\/#primaryimage","url":"https:\/\/www.schramas.com\/wp-content\/uploads\/2025\/12\/IMG20250822141920-scaled.jpg","contentUrl":"https:\/\/www.schramas.com\/wp-content\/uploads\/2025\/12\/IMG20250822141920-scaled.jpg","width":1920,"height":2560,"caption":"oplus_3211314"},{"@type":"BreadcrumbList","@id":"https:\/\/www.schramas.com\/winkel\/pyrus-communis-oude-perenboom-conference-onderstam-kwee-adams-45l-pot-ca-2m\/#breadcrumb","itemListElement":[{"@type":"ListItem","position":1,"name":"Product","item":"https:\/\/www.schramas.com\/assortiment\/"},{"@type":"ListItem","position":2,"name":"Bomen &amp; Struiken","item":"https:\/\/www.schramas.com\/product-category\/bomen-struiken\/"},{"@type":"ListItem","position":3,"name":"Fruitbomen","item":"https:\/\/www.schramas.com\/product-category\/bomen-struiken\/fruitbomen\/"},{"@type":"ListItem","position":4,"name":"Oude\/grote fruitbomen","item":"https:\/\/www.schramas.com\/product-category\/bomen-struiken\/fruitbomen\/oude-en-grote-fruitbomen\/"},{"@type":"ListItem","position":5,"name":"Pyrus communis &#8211; Oude Perenboom &#8216;Conference&#8217; &#8211; Onderstam Kwee Adams &#8211; 45L pot &#8211; ca. 2m"}]},{"@type":"WebSite","@id":"https:\/\/www.schramas.com\/#website","url":"https:\/\/www.schramas.com\/","name":"Schramas.com | Haveplanter bestilles nemt online | Direkte fra vores gartneri","description":"","alternateName":"Schramas.com - Alle planten direct van de kweker","potentialAction":[{"@type":"SearchAction","target":{"@type":"EntryPoint","urlTemplate":"https:\/\/www.schramas.com\/?s={search_term_string}"},"query-input":{"@type":"PropertyValueSpecification","valueRequired":true,"valueName":"search_term_string"}}],"inLanguage":"da-DK"}]}},"_links":{"self":[{"href":"https:\/\/www.schramas.com\/dk\/wp-json\/wp\/v2\/product\/64062","targetHints":{"allow":["GET"]}}],"collection":[{"href":"https:\/\/www.schramas.com\/dk\/wp-json\/wp\/v2\/product"}],"about":[{"href":"https:\/\/www.schramas.com\/dk\/wp-json\/wp\/v2\/types\/product"}],"version-history":[{"count":1,"href":"https:\/\/www.schramas.com\/dk\/wp-json\/wp\/v2\/product\/64062\/revisions"}],"predecessor-version":[{"id":64068,"href":"https:\/\/www.schramas.com\/dk\/wp-json\/wp\/v2\/product\/64062\/revisions\/64068"}],"wp:featuredmedia":[{"embeddable":true,"href":"https:\/\/www.schramas.com\/dk\/wp-json\/wp\/v2\/media\/64064"}],"wp:attachment":[{"href":"https:\/\/www.schramas.com\/dk\/wp-json\/wp\/v2\/media?parent=64062"}],"wp:term":[{"taxonomy":"product_brand","embeddable":true,"href":"https:\/\/www.schramas.com\/dk\/wp-json\/wp\/v2\/product_brand?post=64062"},{"taxonomy":"product_cat","embeddable":true,"href":"https:\/\/www.schramas.com\/dk\/wp-json\/wp\/v2\/product_cat?post=64062"},{"taxonomy":"product_tag","embeddable":true,"href":"https:\/\/www.schramas.com\/dk\/wp-json\/wp\/v2\/product_tag?post=64062"}],"curies":[{"name":"wp","href":"https:\/\/api.w.org\/{rel}","templated":true}]}}