{"id":65384,"date":"2026-01-15T14:34:42","date_gmt":"2026-01-15T13:34:42","guid":{"rendered":"https:\/\/www.schramas.com\/?post_type=product&#038;p=65384"},"modified":"2026-04-23T18:12:26","modified_gmt":"2026-04-23T16:12:26","slug":"acer-palmatum-shishigashira-japanse-esdoorn-hoogte-30-40cm-2-liter-pot","status":"publish","type":"product","link":"https:\/\/www.schramas.com\/dk\/butik\/acer-palmatum-shishigashira-japanse-esdoorn-hoogte-30-40cm-2-liter-pot\/","title":{"rendered":"Acer palmatum \u2018Shishigashira\u2019, japansk ahorn p\u00e5 stamme, h\u00f8jde 60 cm, 2-liters potte"},"content":{"rendered":"<p data-start=\"420\" data-end=\"745\">Acer palmatum \u2018Shishigashira\u2019 is een karaktervolle Japanse esdoorn met een unieke bladstructuur en compacte groei. De naam \u2018Shishigashira\u2019 betekent letterlijk leeuwenkop in het Japans en verwijst naar het opvallend gekrulde, stevig aanvoelende blad. In Nederland staat deze esdoorn daarom ook bekend als de Leeuwenkopesdoorn.<\/p>\n<p data-start=\"747\" data-end=\"1009\">De groei is langzaam en compact, waardoor deze cultivar zeer geschikt is voor kleinere tuinen, potten en beschutte plekken. Door zijn bijzondere blad en rustige vorm is \u2018Shishigashira\u2019 het hele seizoen aantrekkelijk, met een extra sterke sierwaarde in de herfst.<\/p>\n<p data-start=\"1011\" data-end=\"1068\"><strong>Over de Acer palmatum \u2018Shishigashira\u2019 (Leeuwenkopesdoorn)<\/strong><\/p>\n<p data-start=\"1070\" data-end=\"1361\">Het blad van \u2018Shishigashira\u2019 is klein, stevig en licht gekruld, wat de plant een compacte en bijna bolvormige uitstraling geeft. In het groeiseizoen is het blad frisgroen. In de herfst behoort deze esdoorn tot de sterkst verkleurende rassen, met tinten die vari\u00ebren van oranje tot diep rood.<\/p>\n<p data-start=\"1363\" data-end=\"1584\">Dankzij de langzame groei en fijne vertakking is deze Japanse esdoorn ook zeer geschikt om als bonsai te ontwikkelen. De plant reageert goed op vormsnoei en laat zich geleidelijk opbouwen tot een karaktervolle bonsaivorm. In de tuin vergt deze soort weinig tot geen snoei, door de compacte trage groei ontwikkeld deze bijzondere esdoorn zich langzaamaan tot een gedrongen boom van mag 5 meter hoog, hier doet hij erg lang over.<\/p>\n<p data-start=\"1586\" data-end=\"1822\">In de winter verliest de boom zijn blad en is hij in rust. In het voorjaar loopt hij weer fris uit. Acer palmatum \u2018Shishigashira\u2019 voelt zich het best thuis op een beschutte plek in halfschaduw, in een goed doorlatende, humusrijke bodem.<\/p>\n<p data-start=\"1824\" data-end=\"1839\">Specifikationer<\/p>\n<p data-start=\"1841\" data-end=\"2241\">- Gryde st\u00f8rrelse: 2 liter<br data-start=\"1859\" data-end=\"1862\" \/>\u2022 Hoogte bij levering: ca. 60cm op stam<br data-start=\"1897\" data-end=\"1900\" \/>\u2022 Volwassen hoogte: ca. 2 tot 5 meter<br data-start=\"1937\" data-end=\"1940\" \/>\u2022 Groeiwijze: compact, langzaam groeiend<br data-start=\"1980\" data-end=\"1983\" \/>- Placering: halvskygge<br data-start=\"2009\" data-end=\"2012\" \/>- Jordtype: humusrig, let sur og veldr\u00e6net<br data-start=\"2066\" data-end=\"2069\" \/>\u2022 Blad: groen, gekruld<br data-start=\"2091\" data-end=\"2094\" \/>\u2022 Herfstkleur: oranje tot dieprood<br data-start=\"2128\" data-end=\"2131\" \/>- Vinterudseende: l\u00f8vf\u00e6ldende<br data-start=\"2160\" data-end=\"2163\" \/>- H\u00e5rdf\u00f8rhed: god vinterh\u00e5rdf\u00f8rhed<br data-start=\"2196\" data-end=\"2199\" \/>\u2022 Extra toepassing: geschikt voor bonsai<\/p>\n<p data-start=\"2243\" data-end=\"2507\">Met Acer palmatum \u2018Shishigashira\u2019 haal je een bijzondere Japanse esdoorn in huis die opvalt door bladstructuur en herfstkleur. Door de compacte groei en bonsai-geschiktheid is deze Leeuwenkopesdoorn breed inzetbaar voor zowel tuinliefhebbers als bonsailiefhebbers.<\/p>","protected":false},"excerpt":{"rendered":"<p>\u2022 Acer palmatum \u2018Shishigashira\u2019 op stam<br data-start=\"79\" data-end=\"82\" \/>\u2022 Nederlandse naam: Japanse esdoorn (Leeuwenkopesdoorn)<br data-start=\"137\" data-end=\"140\" \/>\u2022 Bijzonder door compact, gekruld blad en sterke herfstverkleuring<br data-start=\"206\" data-end=\"209\" \/>\u2022 Volwassen hoogte ca. 200\u2013500 cm<br data-start=\"242\" data-end=\"245\" \/>- Placering: halvskygge<br data-start=\"271\" data-end=\"274\" \/>- H\u00e5rdf\u00f8rhed: God vinterh\u00e5rdf\u00f8rhed<\/p>","protected":false},"featured_media":66982,"template":"","meta":{"_joinchat":[]},"product_brand":[],"product_cat":[302,262,300,3193,229,305,230],"product_tag":[4680,4673,4670,4675,4678,1899,4679,4681,4682,4306,4672,4676,4677,4300,4674,4671],"class_list":{"0":"post-65384","1":"product","2":"type-product","3":"status-publish","4":"has-post-thumbnail","6":"product_cat-bladverliezende-heesters","7":"product_cat-bomen-struiken","8":"product_cat-heesters","9":"product_cat-sierbomen","10":"product_cat-sierheesters","11":"product_cat-planten-heesters","12":"product_cat-vlinderstruik","13":"product_tag-acer-bonsai-kopen","14":"product_tag-acer-palmatum-bijzonder-blad","15":"product_tag-acer-palmatum-shishigashira","16":"product_tag-acer-shishigashira-kopen","17":"product_tag-bijzondere-acer","18":"product_tag-bonsai","19":"product_tag-bonsai-acer","20":"product_tag-bonsai-kopen","21":"product_tag-bonsai-voor-beginner-kopen","22":"product_tag-compacte-japanse-esdoorn","23":"product_tag-esdoorn-met-herfstkleur","24":"product_tag-esdoorn-pot","25":"product_tag-japanse-esdoorn-halfschaduw","26":"product_tag-japanse-esdoorn-kopen","27":"product_tag-japanse-esdoorn-tuin","28":"product_tag-leeuwenkopesdoorn","29":"pa_bloeimaanden-april","30":"pa_bloeimaanden-mei","31":"pa_ewd_uwcf_colors-groen-2","32":"pa_ewd_uwcf_colors-mixed","33":"pa_groeihoogte-300-cm","34":"pa_pot-zonder-pot","36":"first","37":"instock","38":"taxable","39":"shipping-taxable","40":"purchasable","41":"product-type-simple"},"yoast_head":"<!-- This site is optimized with the Yoast SEO plugin v24.2 - https:\/\/yoast.com\/wordpress\/plugins\/seo\/ -->\n<title>Acer palmatum &#039;Shishigashira&#039;, Japanse Esdoorn op stam, Hoogte 60cm, 2 liter pot kopen | Planten eenvoudig online bestellen | Schramas.com<\/title>\n<meta name=\"robots\" content=\"index, follow, max-snippet:-1, max-image-preview:large, max-video-preview:-1\" \/>\n<link rel=\"canonical\" href=\"https:\/\/www.schramas.com\/dk\/butik\/acer-palmatum-shishigashira-japanse-esdoorn-hoogte-30-40cm-2-liter-pot\/\" \/>\n<meta property=\"og:locale\" content=\"da_DK\" \/>\n<meta property=\"og:type\" content=\"article\" \/>\n<meta property=\"og:title\" content=\"Acer palmatum &#039;Shishigashira&#039;, Japanse Esdoorn op stam, Hoogte 60cm, 2 liter pot kopen | Planten eenvoudig online bestellen | Schramas.com\" \/>\n<meta property=\"og:description\" content=\"\u2022 Acer palmatum \u2018Shishigashira\u2019 op stam\u2022 Nederlandse naam: Japanse esdoorn (Leeuwenkopesdoorn)\u2022 Bijzonder door compact, gekruld blad en sterke herfstverkleuring\u2022 Volwassen hoogte ca. 200\u2013500 cm\u2022 Standplaats: halfschaduw\u2022 Winterhardheid: Goed winterhard\" \/>\n<meta property=\"og:url\" content=\"https:\/\/www.schramas.com\/dk\/butik\/acer-palmatum-shishigashira-japanse-esdoorn-hoogte-30-40cm-2-liter-pot\/\" \/>\n<meta property=\"og:site_name\" content=\"Planten eenvoudig online bestellen | Schramas.com\" \/>\n<meta property=\"article:publisher\" content=\"https:\/\/www.facebook.com\/Schramascom-106872874153195\/\" \/>\n<meta property=\"article:modified_time\" content=\"2026-04-23T16:12:26+00:00\" \/>\n<meta property=\"og:image\" content=\"http:\/\/www.schramas.com\/wp-content\/uploads\/2026\/01\/Acer-palmatum-Shishigashira-edit.webp\" \/>\n\t<meta property=\"og:image:width\" content=\"1024\" \/>\n\t<meta property=\"og:image:height\" content=\"1024\" \/>\n\t<meta property=\"og:image:type\" content=\"image\/webp\" \/>\n<meta name=\"twitter:card\" content=\"summary_large_image\" \/>\n<meta name=\"twitter:label1\" content=\"Estimeret l\u00e6setid\" \/>\n\t<meta name=\"twitter:data1\" content=\"1 minut\" \/>\n<script type=\"application\/ld+json\" class=\"yoast-schema-graph\">{\"@context\":\"https:\/\/schema.org\",\"@graph\":[{\"@type\":[\"WebPage\",\"ItemPage\"],\"@id\":\"https:\/\/www.schramas.com\/winkel\/acer-palmatum-shishigashira-japanse-esdoorn-hoogte-30-40cm-2-liter-pot\/\",\"url\":\"https:\/\/www.schramas.com\/winkel\/acer-palmatum-shishigashira-japanse-esdoorn-hoogte-30-40cm-2-liter-pot\/\",\"name\":\"Acer palmatum 'Shishigashira', Japanse Esdoorn op stam, Hoogte 60cm, 2 liter pot kopen | Planten eenvoudig online bestellen | Schramas.com\",\"isPartOf\":{\"@id\":\"https:\/\/www.schramas.com\/#website\"},\"primaryImageOfPage\":{\"@id\":\"https:\/\/www.schramas.com\/winkel\/acer-palmatum-shishigashira-japanse-esdoorn-hoogte-30-40cm-2-liter-pot\/#primaryimage\"},\"image\":{\"@id\":\"https:\/\/www.schramas.com\/winkel\/acer-palmatum-shishigashira-japanse-esdoorn-hoogte-30-40cm-2-liter-pot\/#primaryimage\"},\"thumbnailUrl\":\"https:\/\/www.schramas.com\/wp-content\/uploads\/2026\/01\/Acer-palmatum-Shishigashira-edit.webp\",\"datePublished\":\"2026-01-15T13:34:42+00:00\",\"dateModified\":\"2026-04-23T16:12:26+00:00\",\"breadcrumb\":{\"@id\":\"https:\/\/www.schramas.com\/winkel\/acer-palmatum-shishigashira-japanse-esdoorn-hoogte-30-40cm-2-liter-pot\/#breadcrumb\"},\"inLanguage\":\"da-DK\",\"potentialAction\":[{\"@type\":\"ReadAction\",\"target\":[\"https:\/\/www.schramas.com\/winkel\/acer-palmatum-shishigashira-japanse-esdoorn-hoogte-30-40cm-2-liter-pot\/\"]}]},{\"@type\":\"ImageObject\",\"inLanguage\":\"da-DK\",\"@id\":\"https:\/\/www.schramas.com\/winkel\/acer-palmatum-shishigashira-japanse-esdoorn-hoogte-30-40cm-2-liter-pot\/#primaryimage\",\"url\":\"https:\/\/www.schramas.com\/wp-content\/uploads\/2026\/01\/Acer-palmatum-Shishigashira-edit.webp\",\"contentUrl\":\"https:\/\/www.schramas.com\/wp-content\/uploads\/2026\/01\/Acer-palmatum-Shishigashira-edit.webp\",\"width\":1024,\"height\":1024},{\"@type\":\"BreadcrumbList\",\"@id\":\"https:\/\/www.schramas.com\/winkel\/acer-palmatum-shishigashira-japanse-esdoorn-hoogte-30-40cm-2-liter-pot\/#breadcrumb\",\"itemListElement\":[{\"@type\":\"ListItem\",\"position\":1,\"name\":\"Product\",\"item\":\"https:\/\/www.schramas.com\/assortiment\/\"},{\"@type\":\"ListItem\",\"position\":2,\"name\":\"Bomen &amp; Struiken\",\"item\":\"https:\/\/www.schramas.com\/product-category\/bomen-struiken\/\"},{\"@type\":\"ListItem\",\"position\":3,\"name\":\"Sierbomen\",\"item\":\"https:\/\/www.schramas.com\/product-category\/bomen-struiken\/sierbomen\/\"},{\"@type\":\"ListItem\",\"position\":4,\"name\":\"Acer palmatum &#8216;Shishigashira&#8217;, Japanse Esdoorn op stam, Hoogte 60cm, 2 liter pot\"}]},{\"@type\":\"WebSite\",\"@id\":\"https:\/\/www.schramas.com\/#website\",\"url\":\"https:\/\/www.schramas.com\/\",\"name\":\"Schramas.com | Tuinplanten eenvoudig online bestellen | Direct van onze Kwekerij\",\"description\":\"\",\"alternateName\":\"Schramas.com - Alle planten direct van de kweker\",\"potentialAction\":[{\"@type\":\"SearchAction\",\"target\":{\"@type\":\"EntryPoint\",\"urlTemplate\":\"https:\/\/www.schramas.com\/?s={search_term_string}\"},\"query-input\":{\"@type\":\"PropertyValueSpecification\",\"valueRequired\":true,\"valueName\":\"search_term_string\"}}],\"inLanguage\":\"da-DK\"}]}<\/script>\n<!-- \/ Yoast SEO plugin. -->","yoast_head_json":{"title":"Acer palmatum 'Shishigashira', Japanse Esdoorn op stam, Hoogte 60cm, 2 liter pot kopen | Planten eenvoudig online bestellen | Schramas.com","robots":{"index":"index","follow":"follow","max-snippet":"max-snippet:-1","max-image-preview":"max-image-preview:large","max-video-preview":"max-video-preview:-1"},"canonical":"https:\/\/www.schramas.com\/dk\/butik\/acer-palmatum-shishigashira-japanse-esdoorn-hoogte-30-40cm-2-liter-pot\/","og_locale":"da_DK","og_type":"article","og_title":"Acer palmatum 'Shishigashira', Japanse Esdoorn op stam, Hoogte 60cm, 2 liter pot kopen | Planten eenvoudig online bestellen | Schramas.com","og_description":"\u2022 Acer palmatum \u2018Shishigashira\u2019 op stam\u2022 Nederlandse naam: Japanse esdoorn (Leeuwenkopesdoorn)\u2022 Bijzonder door compact, gekruld blad en sterke herfstverkleuring\u2022 Volwassen hoogte ca. 200\u2013500 cm\u2022 Standplaats: halfschaduw\u2022 Winterhardheid: Goed winterhard","og_url":"https:\/\/www.schramas.com\/dk\/butik\/acer-palmatum-shishigashira-japanse-esdoorn-hoogte-30-40cm-2-liter-pot\/","og_site_name":"Planten eenvoudig online bestellen | Schramas.com","article_publisher":"https:\/\/www.facebook.com\/Schramascom-106872874153195\/","article_modified_time":"2026-04-23T16:12:26+00:00","og_image":[{"width":1024,"height":1024,"url":"http:\/\/www.schramas.com\/wp-content\/uploads\/2026\/01\/Acer-palmatum-Shishigashira-edit.webp","type":"image\/webp"}],"twitter_card":"summary_large_image","twitter_misc":{"Estimeret l\u00e6setid":"1 minut"},"schema":{"@context":"https:\/\/schema.org","@graph":[{"@type":["WebPage","ItemPage"],"@id":"https:\/\/www.schramas.com\/winkel\/acer-palmatum-shishigashira-japanse-esdoorn-hoogte-30-40cm-2-liter-pot\/","url":"https:\/\/www.schramas.com\/winkel\/acer-palmatum-shishigashira-japanse-esdoorn-hoogte-30-40cm-2-liter-pot\/","name":"Acer palmatum 'Shishigashira', Japanse Esdoorn op stam, Hoogte 60cm, 2 liter pot kopen | Planten eenvoudig online bestellen | Schramas.com","isPartOf":{"@id":"https:\/\/www.schramas.com\/#website"},"primaryImageOfPage":{"@id":"https:\/\/www.schramas.com\/winkel\/acer-palmatum-shishigashira-japanse-esdoorn-hoogte-30-40cm-2-liter-pot\/#primaryimage"},"image":{"@id":"https:\/\/www.schramas.com\/winkel\/acer-palmatum-shishigashira-japanse-esdoorn-hoogte-30-40cm-2-liter-pot\/#primaryimage"},"thumbnailUrl":"https:\/\/www.schramas.com\/wp-content\/uploads\/2026\/01\/Acer-palmatum-Shishigashira-edit.webp","datePublished":"2026-01-15T13:34:42+00:00","dateModified":"2026-04-23T16:12:26+00:00","breadcrumb":{"@id":"https:\/\/www.schramas.com\/winkel\/acer-palmatum-shishigashira-japanse-esdoorn-hoogte-30-40cm-2-liter-pot\/#breadcrumb"},"inLanguage":"da-DK","potentialAction":[{"@type":"ReadAction","target":["https:\/\/www.schramas.com\/winkel\/acer-palmatum-shishigashira-japanse-esdoorn-hoogte-30-40cm-2-liter-pot\/"]}]},{"@type":"ImageObject","inLanguage":"da-DK","@id":"https:\/\/www.schramas.com\/winkel\/acer-palmatum-shishigashira-japanse-esdoorn-hoogte-30-40cm-2-liter-pot\/#primaryimage","url":"https:\/\/www.schramas.com\/wp-content\/uploads\/2026\/01\/Acer-palmatum-Shishigashira-edit.webp","contentUrl":"https:\/\/www.schramas.com\/wp-content\/uploads\/2026\/01\/Acer-palmatum-Shishigashira-edit.webp","width":1024,"height":1024},{"@type":"BreadcrumbList","@id":"https:\/\/www.schramas.com\/winkel\/acer-palmatum-shishigashira-japanse-esdoorn-hoogte-30-40cm-2-liter-pot\/#breadcrumb","itemListElement":[{"@type":"ListItem","position":1,"name":"Product","item":"https:\/\/www.schramas.com\/assortiment\/"},{"@type":"ListItem","position":2,"name":"Bomen &amp; Struiken","item":"https:\/\/www.schramas.com\/product-category\/bomen-struiken\/"},{"@type":"ListItem","position":3,"name":"Sierbomen","item":"https:\/\/www.schramas.com\/product-category\/bomen-struiken\/sierbomen\/"},{"@type":"ListItem","position":4,"name":"Acer palmatum &#8216;Shishigashira&#8217;, Japanse Esdoorn op stam, Hoogte 60cm, 2 liter pot"}]},{"@type":"WebSite","@id":"https:\/\/www.schramas.com\/#website","url":"https:\/\/www.schramas.com\/","name":"Schramas.com | Haveplanter bestilles nemt online | Direkte fra vores gartneri","description":"","alternateName":"Schramas.com - Alle planten direct van de kweker","potentialAction":[{"@type":"SearchAction","target":{"@type":"EntryPoint","urlTemplate":"https:\/\/www.schramas.com\/?s={search_term_string}"},"query-input":{"@type":"PropertyValueSpecification","valueRequired":true,"valueName":"search_term_string"}}],"inLanguage":"da-DK"}]}},"_links":{"self":[{"href":"https:\/\/www.schramas.com\/dk\/wp-json\/wp\/v2\/product\/65384","targetHints":{"allow":["GET"]}}],"collection":[{"href":"https:\/\/www.schramas.com\/dk\/wp-json\/wp\/v2\/product"}],"about":[{"href":"https:\/\/www.schramas.com\/dk\/wp-json\/wp\/v2\/types\/product"}],"version-history":[{"count":4,"href":"https:\/\/www.schramas.com\/dk\/wp-json\/wp\/v2\/product\/65384\/revisions"}],"predecessor-version":[{"id":66983,"href":"https:\/\/www.schramas.com\/dk\/wp-json\/wp\/v2\/product\/65384\/revisions\/66983"}],"wp:featuredmedia":[{"embeddable":true,"href":"https:\/\/www.schramas.com\/dk\/wp-json\/wp\/v2\/media\/66982"}],"wp:attachment":[{"href":"https:\/\/www.schramas.com\/dk\/wp-json\/wp\/v2\/media?parent=65384"}],"wp:term":[{"taxonomy":"product_brand","embeddable":true,"href":"https:\/\/www.schramas.com\/dk\/wp-json\/wp\/v2\/product_brand?post=65384"},{"taxonomy":"product_cat","embeddable":true,"href":"https:\/\/www.schramas.com\/dk\/wp-json\/wp\/v2\/product_cat?post=65384"},{"taxonomy":"product_tag","embeddable":true,"href":"https:\/\/www.schramas.com\/dk\/wp-json\/wp\/v2\/product_tag?post=65384"}],"curies":[{"name":"wp","href":"https:\/\/api.w.org\/{rel}","templated":true}]}}