{"id":8151,"date":"2019-11-18T14:00:28","date_gmt":"2019-11-18T13:00:28","guid":{"rendered":"https:\/\/www.schramas.com\/?post_type=product&#038;p=8151"},"modified":"2026-04-01T17:51:11","modified_gmt":"2026-04-01T15:51:11","slug":"prunus-avium-froplante","status":"publish","type":"product","link":"https:\/\/www.schramas.com\/dk\/butik\/prunus-avium-froplante\/","title":{"rendered":"Prunus avium fr\u00f8plante <8mm plantgoed"},"content":{"rendered":"<p>Prunus avium fr\u00f8planten er en meget vital grundstamme, der er ideel til dyrkning af store, produktive kirseb\u00e6rtr\u00e6er. Denne fr\u00f8plante er den traditionelle grundstamme til s\u00f8de kirseb\u00e6r og producerer tr\u00e6er, der n\u00e5r store h\u00f8jder (op til 6 meter eller mere) og giver fremragende udbytter. P\u00e5 grund af sin kraftigt voksende karakter er Prunus avium-kimplanten mindre velegnet til intensive frugtplantager, men fremragende til urbane applikationer s\u00e5som espalier langs gader, offentlige bygninger og i parker.<\/p>\n<p>Vigtige funktioner:<br \/>\nV\u00e6kst og produktivitet: Prunus avium fr\u00f8planten fremmer kraftig v\u00e6kst, hvilket resulterer i store tr\u00e6er med en imponerende h\u00f8jde p\u00e5 over 6 meter ved modenhed. Dette g\u00f8r det til det ideelle valg til standard kirseb\u00e6rtr\u00e6er i kommerciel dyrkning og til dekorative applikationer.<br \/>\nKompatibilitet: Denne grundstamme er kompatibel med stort set alle s\u00f8de kirseb\u00e6rsorter, hvilket g\u00f8r den alsidig i en r\u00e6kke forskellige v\u00e6kstbetingelser og anvendelser. Det er et glimrende valg til b\u00e5de selvbest\u00f8vende og krydsbest\u00f8vende kirseb\u00e6rsorter.<br \/>\nAnvendelse: Prunus avium fr\u00f8plante er meget brugt til espalier og all\u00e9plantning langs veje, parker og offentlige bygninger. Det er et traditionelt og gennempr\u00f8vet valg til kommerciel kirseb\u00e6rproduktion og dekorative form\u00e5l.<br \/>\nKuldebestandighed: Fr\u00f8planten er ret kuldebestandig, selvom den ikke er s\u00e5 kuldebestandig som de alvorlige Gisela-grundstammer. Dette g\u00f8r den velegnet til moderate klimaer og is\u00e6r til omr\u00e5der med milde vintre.<br \/>\nLang levetid: Tr\u00e6ernes langlivede natur g\u00f8r denne grundstamme ideel til langsigtede plantager, der \u00f8nsker at dyrke produktive og robuste kirseb\u00e6rtr\u00e6er i mange \u00e5r fremover.<br \/>\nAnvendelse og egnethed:<br \/>\nPrunus avium fr\u00f8plante er det perfekte valg til dyrkning af store kirseb\u00e6rtr\u00e6er i kommercielle frugtplantager, bymilj\u00f8er og til plantning i parker og langs offentlige veje. Kraftig v\u00e6kst og evne til at producere store tr\u00e6er g\u00f8r denne fr\u00f8plante ideel til applikationer, der kr\u00e6ver lang levetid og h\u00f8j produktivitet.<\/p>","protected":false},"excerpt":{"rendered":"<p>St\u00e6rktvoksende, h\u00e5rdf\u00f8r grundstamme velegnet til kirseb\u00e6r.<\/p>","protected":false},"featured_media":8090,"template":"","meta":{"_joinchat":[]},"product_brand":[],"product_cat":[264],"product_tag":[575,568,1015,570],"class_list":{"0":"post-8151","1":"product","2":"type-product","3":"status-publish","4":"has-post-thumbnail","6":"product_cat-prunus","7":"product_tag-kers","8":"product_tag-onderstam","9":"product_tag-rootstock","10":"product_tag-sterk-groeiend","12":"first","13":"outofstock","14":"taxable","15":"shipping-taxable","16":"purchasable","17":"product-type-simple"},"yoast_head":"<!-- This site is optimized with the Yoast SEO plugin v24.2 - https:\/\/yoast.com\/wordpress\/plugins\/seo\/ -->\n<title>Prunus avium zaailing<\/title>\n<meta name=\"robots\" content=\"index, follow, max-snippet:-1, max-image-preview:large, max-video-preview:-1\" \/>\n<link rel=\"canonical\" href=\"https:\/\/www.schramas.com\/dk\/butik\/prunus-avium-froplante\/\" \/>\n<meta property=\"og:locale\" content=\"da_DK\" \/>\n<meta property=\"og:type\" content=\"article\" \/>\n<meta property=\"og:title\" content=\"Prunus avium zaailing\" \/>\n<meta property=\"og:description\" content=\"Sterkgroeiende winterharde onderstam geschikt voor kersen.\" \/>\n<meta property=\"og:url\" content=\"https:\/\/www.schramas.com\/dk\/butik\/prunus-avium-froplante\/\" \/>\n<meta property=\"og:site_name\" content=\"Planten eenvoudig online bestellen | Schramas.com\" \/>\n<meta property=\"article:publisher\" content=\"https:\/\/www.facebook.com\/Schramascom-106872874153195\/\" \/>\n<meta property=\"article:modified_time\" content=\"2026-04-01T15:51:11+00:00\" \/>\n<meta property=\"og:image\" content=\"http:\/\/www.schramas.com\/wp-content\/uploads\/2019\/11\/weigi-1-scaled.jpg\" \/>\n\t<meta property=\"og:image:width\" content=\"1920\" \/>\n\t<meta property=\"og:image:height\" content=\"2560\" \/>\n\t<meta property=\"og:image:type\" content=\"image\/jpeg\" \/>\n<meta name=\"twitter:card\" content=\"summary_large_image\" \/>\n<meta name=\"twitter:label1\" content=\"Estimeret l\u00e6setid\" \/>\n\t<meta name=\"twitter:data1\" content=\"1 minut\" \/>\n<script type=\"application\/ld+json\" class=\"yoast-schema-graph\">{\"@context\":\"https:\/\/schema.org\",\"@graph\":[{\"@type\":[\"WebPage\",\"ItemPage\"],\"@id\":\"https:\/\/www.schramas.com\/winkel\/prunus-avium-zaailing\/\",\"url\":\"https:\/\/www.schramas.com\/winkel\/prunus-avium-zaailing\/\",\"name\":\"Prunus avium zaailing\",\"isPartOf\":{\"@id\":\"https:\/\/www.schramas.com\/#website\"},\"primaryImageOfPage\":{\"@id\":\"https:\/\/www.schramas.com\/winkel\/prunus-avium-zaailing\/#primaryimage\"},\"image\":{\"@id\":\"https:\/\/www.schramas.com\/winkel\/prunus-avium-zaailing\/#primaryimage\"},\"thumbnailUrl\":\"https:\/\/www.schramas.com\/wp-content\/uploads\/2019\/11\/weigi-1-scaled.jpg\",\"datePublished\":\"2019-11-18T13:00:28+00:00\",\"dateModified\":\"2026-04-01T15:51:11+00:00\",\"breadcrumb\":{\"@id\":\"https:\/\/www.schramas.com\/winkel\/prunus-avium-zaailing\/#breadcrumb\"},\"inLanguage\":\"da-DK\",\"potentialAction\":[{\"@type\":\"ReadAction\",\"target\":[\"https:\/\/www.schramas.com\/winkel\/prunus-avium-zaailing\/\"]}]},{\"@type\":\"ImageObject\",\"inLanguage\":\"da-DK\",\"@id\":\"https:\/\/www.schramas.com\/winkel\/prunus-avium-zaailing\/#primaryimage\",\"url\":\"https:\/\/www.schramas.com\/wp-content\/uploads\/2019\/11\/weigi-1-scaled.jpg\",\"contentUrl\":\"https:\/\/www.schramas.com\/wp-content\/uploads\/2019\/11\/weigi-1-scaled.jpg\",\"width\":1920,\"height\":2560},{\"@type\":\"BreadcrumbList\",\"@id\":\"https:\/\/www.schramas.com\/winkel\/prunus-avium-zaailing\/#breadcrumb\",\"itemListElement\":[{\"@type\":\"ListItem\",\"position\":1,\"name\":\"Product\",\"item\":\"https:\/\/www.schramas.com\/assortiment\/\"},{\"@type\":\"ListItem\",\"position\":2,\"name\":\"Zelf kweken \/ Onderstammen\",\"item\":\"https:\/\/www.schramas.com\/product-category\/zelf-kweken\/\"},{\"@type\":\"ListItem\",\"position\":3,\"name\":\"Onderstammen voor pruimen, kersen, abrikozen, nectarines en perziken\",\"item\":\"https:\/\/www.schramas.com\/product-category\/zelf-kweken\/prunus\/\"},{\"@type\":\"ListItem\",\"position\":4,\"name\":\"Prunus avium zaailing\"}]},{\"@type\":\"WebSite\",\"@id\":\"https:\/\/www.schramas.com\/#website\",\"url\":\"https:\/\/www.schramas.com\/\",\"name\":\"Schramas.com | Tuinplanten eenvoudig online bestellen | Direct van onze Kwekerij\",\"description\":\"\",\"alternateName\":\"Schramas.com - Alle planten direct van de kweker\",\"potentialAction\":[{\"@type\":\"SearchAction\",\"target\":{\"@type\":\"EntryPoint\",\"urlTemplate\":\"https:\/\/www.schramas.com\/?s={search_term_string}\"},\"query-input\":{\"@type\":\"PropertyValueSpecification\",\"valueRequired\":true,\"valueName\":\"search_term_string\"}}],\"inLanguage\":\"da-DK\"}]}<\/script>\n<!-- \/ Yoast SEO plugin. -->","yoast_head_json":{"title":"Prunus avium fr\u00f8plante","robots":{"index":"index","follow":"follow","max-snippet":"max-snippet:-1","max-image-preview":"max-image-preview:large","max-video-preview":"max-video-preview:-1"},"canonical":"https:\/\/www.schramas.com\/dk\/butik\/prunus-avium-froplante\/","og_locale":"da_DK","og_type":"article","og_title":"Prunus avium zaailing","og_description":"Sterkgroeiende winterharde onderstam geschikt voor kersen.","og_url":"https:\/\/www.schramas.com\/dk\/butik\/prunus-avium-froplante\/","og_site_name":"Planten eenvoudig online bestellen | Schramas.com","article_publisher":"https:\/\/www.facebook.com\/Schramascom-106872874153195\/","article_modified_time":"2026-04-01T15:51:11+00:00","og_image":[{"width":1920,"height":2560,"url":"http:\/\/www.schramas.com\/wp-content\/uploads\/2019\/11\/weigi-1-scaled.jpg","type":"image\/jpeg"}],"twitter_card":"summary_large_image","twitter_misc":{"Estimeret l\u00e6setid":"1 minut"},"schema":{"@context":"https:\/\/schema.org","@graph":[{"@type":["WebPage","ItemPage"],"@id":"https:\/\/www.schramas.com\/winkel\/prunus-avium-zaailing\/","url":"https:\/\/www.schramas.com\/winkel\/prunus-avium-zaailing\/","name":"Prunus avium fr\u00f8plante","isPartOf":{"@id":"https:\/\/www.schramas.com\/#website"},"primaryImageOfPage":{"@id":"https:\/\/www.schramas.com\/winkel\/prunus-avium-zaailing\/#primaryimage"},"image":{"@id":"https:\/\/www.schramas.com\/winkel\/prunus-avium-zaailing\/#primaryimage"},"thumbnailUrl":"https:\/\/www.schramas.com\/wp-content\/uploads\/2019\/11\/weigi-1-scaled.jpg","datePublished":"2019-11-18T13:00:28+00:00","dateModified":"2026-04-01T15:51:11+00:00","breadcrumb":{"@id":"https:\/\/www.schramas.com\/winkel\/prunus-avium-zaailing\/#breadcrumb"},"inLanguage":"da-DK","potentialAction":[{"@type":"ReadAction","target":["https:\/\/www.schramas.com\/winkel\/prunus-avium-zaailing\/"]}]},{"@type":"ImageObject","inLanguage":"da-DK","@id":"https:\/\/www.schramas.com\/winkel\/prunus-avium-zaailing\/#primaryimage","url":"https:\/\/www.schramas.com\/wp-content\/uploads\/2019\/11\/weigi-1-scaled.jpg","contentUrl":"https:\/\/www.schramas.com\/wp-content\/uploads\/2019\/11\/weigi-1-scaled.jpg","width":1920,"height":2560},{"@type":"BreadcrumbList","@id":"https:\/\/www.schramas.com\/winkel\/prunus-avium-zaailing\/#breadcrumb","itemListElement":[{"@type":"ListItem","position":1,"name":"Product","item":"https:\/\/www.schramas.com\/assortiment\/"},{"@type":"ListItem","position":2,"name":"Zelf kweken \/ Onderstammen","item":"https:\/\/www.schramas.com\/product-category\/zelf-kweken\/"},{"@type":"ListItem","position":3,"name":"Onderstammen voor pruimen, kersen, abrikozen, nectarines en perziken","item":"https:\/\/www.schramas.com\/product-category\/zelf-kweken\/prunus\/"},{"@type":"ListItem","position":4,"name":"Prunus avium zaailing"}]},{"@type":"WebSite","@id":"https:\/\/www.schramas.com\/#website","url":"https:\/\/www.schramas.com\/","name":"Schramas.com | Haveplanter bestilles nemt online | Direkte fra vores gartneri","description":"","alternateName":"Schramas.com - Alle planten direct van de kweker","potentialAction":[{"@type":"SearchAction","target":{"@type":"EntryPoint","urlTemplate":"https:\/\/www.schramas.com\/?s={search_term_string}"},"query-input":{"@type":"PropertyValueSpecification","valueRequired":true,"valueName":"search_term_string"}}],"inLanguage":"da-DK"}]}},"_links":{"self":[{"href":"https:\/\/www.schramas.com\/dk\/wp-json\/wp\/v2\/product\/8151","targetHints":{"allow":["GET"]}}],"collection":[{"href":"https:\/\/www.schramas.com\/dk\/wp-json\/wp\/v2\/product"}],"about":[{"href":"https:\/\/www.schramas.com\/dk\/wp-json\/wp\/v2\/types\/product"}],"version-history":[{"count":1,"href":"https:\/\/www.schramas.com\/dk\/wp-json\/wp\/v2\/product\/8151\/revisions"}],"predecessor-version":[{"id":45145,"href":"https:\/\/www.schramas.com\/dk\/wp-json\/wp\/v2\/product\/8151\/revisions\/45145"}],"wp:featuredmedia":[{"embeddable":true,"href":"https:\/\/www.schramas.com\/dk\/wp-json\/wp\/v2\/media\/8090"}],"wp:attachment":[{"href":"https:\/\/www.schramas.com\/dk\/wp-json\/wp\/v2\/media?parent=8151"}],"wp:term":[{"taxonomy":"product_brand","embeddable":true,"href":"https:\/\/www.schramas.com\/dk\/wp-json\/wp\/v2\/product_brand?post=8151"},{"taxonomy":"product_cat","embeddable":true,"href":"https:\/\/www.schramas.com\/dk\/wp-json\/wp\/v2\/product_cat?post=8151"},{"taxonomy":"product_tag","embeddable":true,"href":"https:\/\/www.schramas.com\/dk\/wp-json\/wp\/v2\/product_tag?post=8151"}],"curies":[{"name":"wp","href":"https:\/\/api.w.org\/{rel}","templated":true}]}}