{"id":8179,"date":"2019-11-18T15:52:45","date_gmt":"2019-11-18T14:52:45","guid":{"rendered":"https:\/\/www.schramas.com\/?post_type=product&#038;p=8179"},"modified":"2026-03-25T10:35:13","modified_gmt":"2026-03-25T09:35:13","slug":"cydonia-oblonga-kvaede-mc","status":"publish","type":"product","link":"https:\/\/www.schramas.com\/dk\/butik\/cydonia-oblonga-kvaede-mc\/","title":{"rendered":"Cydonia oblonga Kwee Mc  <8mm plantgoed"},"content":{"rendered":"<p>Cydonia oblonga 'Kwee MC' er den mest kompakt voksende grundstamme til p\u00e6retr\u00e6er og et fremragende valg til intensive frugtplantager. Denne halvdv\u00e6rggrundstamme er en af de mest udbredte i Holland og Belgien og er elsket for sin produktivitet og effektivitet under kompakte v\u00e6kstforhold.<\/p>\n<p>Vigtige funktioner:<br \/>\nV\u00e6kst: Halvdv\u00e6rg (35-50% fra en fr\u00f8plante). Ideel til t\u00e6tbeplantede frugthaver.<br \/>\nKompatibilitet: Velegnet til europ\u00e6iske p\u00e6rer og kv\u00e6der.<br \/>\nFrugts\u00e6tning: Meget usikker, for hurtig og effektiv produktion.<br \/>\nSt\u00f8tte: Permanent st\u00f8tte, der er n\u00f8dvendig for optimal v\u00e6kst og stabilitet.<br \/>\nFordele:<br \/>\nKompakt st\u00f8rrelse: Fremmer intensiv dyrkning og nem vedligeholdelse.<br \/>\nKuldebestandighed: velegnet til tempererede klimaer og koldere omr\u00e5der.<br \/>\nAlsidig: Underst\u00f8tter h\u00f8j produktivitet med de rette dyrkningsf\u00e6rdigheder og jordbundsforhold.<br \/>\nModstandsdygtighed over for sygdomme:<br \/>\nModstandsdygtighed: Rimelig modstandsdygtighed over for rods\u00e5rsnematoder, kronr\u00e5d og uldlus.<br \/>\nModtagelighed: Nogen modtagelighed for ildsot.<br \/>\nInstruktioner for dyrkning:<br \/>\nKrav til jordbunden: Veldr\u00e6net og frugtbar jord er afg\u00f8rende for optimal ydeevne.<br \/>\nPlanteafstand: Kompakt dyrkning kr\u00e6ver pr\u00e6cise planteafstande for at opn\u00e5 optimal lysindtr\u00e6ngning og luftcirkulation.<br \/>\nSt\u00f8tte: S\u00f8rg for en permanent st\u00f8ttestruktur for at sikre stabilitet.<br \/>\nHistorie og oprindelse:<br \/>\nDenne grundstamme er udviklet p\u00e5 den ber\u00f8mte East Malling Research Station i Storbritannien og har v\u00e6ret kendt som standarden i sin klasse siden begyndelsen af det 20. \u00e5rhundrede.<\/p>\n<p>Konklusion:<br \/>\nCydonia oblonga 'Kwee MC' er det ideelle valg for avlere, der \u00f8nsker et h\u00f8jt udbytte i et kompakt dyrkningsmilj\u00f8. Med den rette pleje og jordbehandling er denne grundstamme en effektiv og b\u00e6redygtig l\u00f8sning til intensiv p\u00e6redyrkning.<\/p>","protected":false},"excerpt":{"rendered":"<p>Svagtvoksende h\u00e5rdf\u00f8r grundstamme velegnet til lav stamme.<\/p>","protected":false},"featured_media":8080,"template":"","meta":{"_joinchat":[]},"product_brand":[],"product_cat":[266],"product_tag":[568,572,1015,571],"class_list":{"0":"post-8179","1":"product","2":"type-product","3":"status-publish","4":"has-post-thumbnail","6":"product_cat-pyrus","7":"product_tag-onderstam","8":"product_tag-peer","9":"product_tag-rootstock","10":"product_tag-zwak-groeiend","12":"first","13":"outofstock","14":"taxable","15":"shipping-taxable","16":"purchasable","17":"product-type-simple"},"yoast_head":"<!-- This site is optimized with the Yoast SEO plugin v24.2 - https:\/\/yoast.com\/wordpress\/plugins\/seo\/ -->\n<title>Cydonia oblonga Kwee Mc<\/title>\n<meta name=\"robots\" content=\"index, follow, max-snippet:-1, max-image-preview:large, max-video-preview:-1\" \/>\n<link rel=\"canonical\" href=\"https:\/\/www.schramas.com\/dk\/butik\/cydonia-oblonga-kvaede-mc\/\" \/>\n<meta property=\"og:locale\" content=\"da_DK\" \/>\n<meta property=\"og:type\" content=\"article\" \/>\n<meta property=\"og:title\" content=\"Cydonia oblonga Kwee Mc\" \/>\n<meta property=\"og:description\" content=\"Zwakgroeiende winterharde onderstam geschikt voor laagstam.\" \/>\n<meta property=\"og:url\" content=\"https:\/\/www.schramas.com\/dk\/butik\/cydonia-oblonga-kvaede-mc\/\" \/>\n<meta property=\"og:site_name\" content=\"Planten eenvoudig online bestellen | Schramas.com\" \/>\n<meta property=\"article:publisher\" content=\"https:\/\/www.facebook.com\/Schramascom-106872874153195\/\" \/>\n<meta property=\"article:modified_time\" content=\"2026-03-25T09:35:13+00:00\" \/>\n<meta property=\"og:image\" content=\"http:\/\/www.schramas.com\/wp-content\/uploads\/2019\/11\/Quince-Mcp2-scaled.jpg\" \/>\n\t<meta property=\"og:image:width\" content=\"2560\" \/>\n\t<meta property=\"og:image:height\" content=\"1920\" \/>\n\t<meta property=\"og:image:type\" content=\"image\/jpeg\" \/>\n<meta name=\"twitter:card\" content=\"summary_large_image\" \/>\n<meta name=\"twitter:label1\" content=\"Estimeret l\u00e6setid\" \/>\n\t<meta name=\"twitter:data1\" content=\"1 minut\" \/>\n<script type=\"application\/ld+json\" class=\"yoast-schema-graph\">{\"@context\":\"https:\/\/schema.org\",\"@graph\":[{\"@type\":[\"WebPage\",\"ItemPage\"],\"@id\":\"https:\/\/www.schramas.com\/winkel\/cydonia-oblonga-kwee-mc\/\",\"url\":\"https:\/\/www.schramas.com\/winkel\/cydonia-oblonga-kwee-mc\/\",\"name\":\"Cydonia oblonga Kwee Mc\",\"isPartOf\":{\"@id\":\"https:\/\/www.schramas.com\/#website\"},\"primaryImageOfPage\":{\"@id\":\"https:\/\/www.schramas.com\/winkel\/cydonia-oblonga-kwee-mc\/#primaryimage\"},\"image\":{\"@id\":\"https:\/\/www.schramas.com\/winkel\/cydonia-oblonga-kwee-mc\/#primaryimage\"},\"thumbnailUrl\":\"https:\/\/www.schramas.com\/wp-content\/uploads\/2019\/11\/Quince-Mcp2-scaled.jpg\",\"datePublished\":\"2019-11-18T14:52:45+00:00\",\"dateModified\":\"2026-03-25T09:35:13+00:00\",\"breadcrumb\":{\"@id\":\"https:\/\/www.schramas.com\/winkel\/cydonia-oblonga-kwee-mc\/#breadcrumb\"},\"inLanguage\":\"da-DK\",\"potentialAction\":[{\"@type\":\"ReadAction\",\"target\":[\"https:\/\/www.schramas.com\/winkel\/cydonia-oblonga-kwee-mc\/\"]}]},{\"@type\":\"ImageObject\",\"inLanguage\":\"da-DK\",\"@id\":\"https:\/\/www.schramas.com\/winkel\/cydonia-oblonga-kwee-mc\/#primaryimage\",\"url\":\"https:\/\/www.schramas.com\/wp-content\/uploads\/2019\/11\/Quince-Mcp2-scaled.jpg\",\"contentUrl\":\"https:\/\/www.schramas.com\/wp-content\/uploads\/2019\/11\/Quince-Mcp2-scaled.jpg\",\"width\":2560,\"height\":1920},{\"@type\":\"BreadcrumbList\",\"@id\":\"https:\/\/www.schramas.com\/winkel\/cydonia-oblonga-kwee-mc\/#breadcrumb\",\"itemListElement\":[{\"@type\":\"ListItem\",\"position\":1,\"name\":\"Product\",\"item\":\"https:\/\/www.schramas.com\/assortiment\/\"},{\"@type\":\"ListItem\",\"position\":2,\"name\":\"Zelf kweken \/ Onderstammen\",\"item\":\"https:\/\/www.schramas.com\/product-category\/zelf-kweken\/\"},{\"@type\":\"ListItem\",\"position\":3,\"name\":\"Onderstammen voor Peren\",\"item\":\"https:\/\/www.schramas.com\/product-category\/zelf-kweken\/pyrus\/\"},{\"@type\":\"ListItem\",\"position\":4,\"name\":\"Cydonia oblonga Kwee Mc\"}]},{\"@type\":\"WebSite\",\"@id\":\"https:\/\/www.schramas.com\/#website\",\"url\":\"https:\/\/www.schramas.com\/\",\"name\":\"Schramas.com | Tuinplanten eenvoudig online bestellen | Direct van onze Kwekerij\",\"description\":\"\",\"alternateName\":\"Schramas.com - Alle planten direct van de kweker\",\"potentialAction\":[{\"@type\":\"SearchAction\",\"target\":{\"@type\":\"EntryPoint\",\"urlTemplate\":\"https:\/\/www.schramas.com\/?s={search_term_string}\"},\"query-input\":{\"@type\":\"PropertyValueSpecification\",\"valueRequired\":true,\"valueName\":\"search_term_string\"}}],\"inLanguage\":\"da-DK\"}]}<\/script>\n<!-- \/ Yoast SEO plugin. -->","yoast_head_json":{"title":"Cydonia oblonga Kwee Mc","robots":{"index":"index","follow":"follow","max-snippet":"max-snippet:-1","max-image-preview":"max-image-preview:large","max-video-preview":"max-video-preview:-1"},"canonical":"https:\/\/www.schramas.com\/dk\/butik\/cydonia-oblonga-kvaede-mc\/","og_locale":"da_DK","og_type":"article","og_title":"Cydonia oblonga Kwee Mc","og_description":"Zwakgroeiende winterharde onderstam geschikt voor laagstam.","og_url":"https:\/\/www.schramas.com\/dk\/butik\/cydonia-oblonga-kvaede-mc\/","og_site_name":"Planten eenvoudig online bestellen | Schramas.com","article_publisher":"https:\/\/www.facebook.com\/Schramascom-106872874153195\/","article_modified_time":"2026-03-25T09:35:13+00:00","og_image":[{"width":2560,"height":1920,"url":"http:\/\/www.schramas.com\/wp-content\/uploads\/2019\/11\/Quince-Mcp2-scaled.jpg","type":"image\/jpeg"}],"twitter_card":"summary_large_image","twitter_misc":{"Estimeret l\u00e6setid":"1 minut"},"schema":{"@context":"https:\/\/schema.org","@graph":[{"@type":["WebPage","ItemPage"],"@id":"https:\/\/www.schramas.com\/winkel\/cydonia-oblonga-kwee-mc\/","url":"https:\/\/www.schramas.com\/winkel\/cydonia-oblonga-kwee-mc\/","name":"Cydonia oblonga Kwee Mc","isPartOf":{"@id":"https:\/\/www.schramas.com\/#website"},"primaryImageOfPage":{"@id":"https:\/\/www.schramas.com\/winkel\/cydonia-oblonga-kwee-mc\/#primaryimage"},"image":{"@id":"https:\/\/www.schramas.com\/winkel\/cydonia-oblonga-kwee-mc\/#primaryimage"},"thumbnailUrl":"https:\/\/www.schramas.com\/wp-content\/uploads\/2019\/11\/Quince-Mcp2-scaled.jpg","datePublished":"2019-11-18T14:52:45+00:00","dateModified":"2026-03-25T09:35:13+00:00","breadcrumb":{"@id":"https:\/\/www.schramas.com\/winkel\/cydonia-oblonga-kwee-mc\/#breadcrumb"},"inLanguage":"da-DK","potentialAction":[{"@type":"ReadAction","target":["https:\/\/www.schramas.com\/winkel\/cydonia-oblonga-kwee-mc\/"]}]},{"@type":"ImageObject","inLanguage":"da-DK","@id":"https:\/\/www.schramas.com\/winkel\/cydonia-oblonga-kwee-mc\/#primaryimage","url":"https:\/\/www.schramas.com\/wp-content\/uploads\/2019\/11\/Quince-Mcp2-scaled.jpg","contentUrl":"https:\/\/www.schramas.com\/wp-content\/uploads\/2019\/11\/Quince-Mcp2-scaled.jpg","width":2560,"height":1920},{"@type":"BreadcrumbList","@id":"https:\/\/www.schramas.com\/winkel\/cydonia-oblonga-kwee-mc\/#breadcrumb","itemListElement":[{"@type":"ListItem","position":1,"name":"Product","item":"https:\/\/www.schramas.com\/assortiment\/"},{"@type":"ListItem","position":2,"name":"Zelf kweken \/ Onderstammen","item":"https:\/\/www.schramas.com\/product-category\/zelf-kweken\/"},{"@type":"ListItem","position":3,"name":"Onderstammen voor Peren","item":"https:\/\/www.schramas.com\/product-category\/zelf-kweken\/pyrus\/"},{"@type":"ListItem","position":4,"name":"Cydonia oblonga Kwee Mc"}]},{"@type":"WebSite","@id":"https:\/\/www.schramas.com\/#website","url":"https:\/\/www.schramas.com\/","name":"Schramas.com | Haveplanter bestilles nemt online | Direkte fra vores gartneri","description":"","alternateName":"Schramas.com - Alle planten direct van de kweker","potentialAction":[{"@type":"SearchAction","target":{"@type":"EntryPoint","urlTemplate":"https:\/\/www.schramas.com\/?s={search_term_string}"},"query-input":{"@type":"PropertyValueSpecification","valueRequired":true,"valueName":"search_term_string"}}],"inLanguage":"da-DK"}]}},"_links":{"self":[{"href":"https:\/\/www.schramas.com\/dk\/wp-json\/wp\/v2\/product\/8179","targetHints":{"allow":["GET"]}}],"collection":[{"href":"https:\/\/www.schramas.com\/dk\/wp-json\/wp\/v2\/product"}],"about":[{"href":"https:\/\/www.schramas.com\/dk\/wp-json\/wp\/v2\/types\/product"}],"version-history":[{"count":1,"href":"https:\/\/www.schramas.com\/dk\/wp-json\/wp\/v2\/product\/8179\/revisions"}],"predecessor-version":[{"id":45159,"href":"https:\/\/www.schramas.com\/dk\/wp-json\/wp\/v2\/product\/8179\/revisions\/45159"}],"wp:featuredmedia":[{"embeddable":true,"href":"https:\/\/www.schramas.com\/dk\/wp-json\/wp\/v2\/media\/8080"}],"wp:attachment":[{"href":"https:\/\/www.schramas.com\/dk\/wp-json\/wp\/v2\/media?parent=8179"}],"wp:term":[{"taxonomy":"product_brand","embeddable":true,"href":"https:\/\/www.schramas.com\/dk\/wp-json\/wp\/v2\/product_brand?post=8179"},{"taxonomy":"product_cat","embeddable":true,"href":"https:\/\/www.schramas.com\/dk\/wp-json\/wp\/v2\/product_cat?post=8179"},{"taxonomy":"product_tag","embeddable":true,"href":"https:\/\/www.schramas.com\/dk\/wp-json\/wp\/v2\/product_tag?post=8179"}],"curies":[{"name":"wp","href":"https:\/\/api.w.org\/{rel}","templated":true}]}}