{"id":8183,"date":"2019-11-18T16:10:48","date_gmt":"2019-11-18T15:10:48","guid":{"rendered":"https:\/\/www.schramas.com\/?post_type=product&#038;p=8183"},"modified":"2026-04-01T17:50:57","modified_gmt":"2026-04-01T15:50:57","slug":"malus-domestica-m27","status":"publish","type":"product","link":"https:\/\/www.schramas.com\/dk\/butik\/malus-domestica-m27\/","title":{"rendered":"Malus domestica M27  <8mm plantgoed"},"content":{"rendered":"<p>Malus domestica M27 er en meget kompakt grundstamme, ideel til \u00e6bletr\u00e6er, der fylder lidt. Denne super dv\u00e6rg grundstamme er perfekt til sm\u00e5 haver, byplantager eller endda som et pottetr\u00e6 p\u00e5 en terrasse. Takket v\u00e6re dets begr\u00e6nsede kraft forbliver tr\u00e6et lavt og n\u00e5r kun 1,8-2,5 meter i h\u00f8jden, hvilket g\u00f8r det let tilg\u00e6ngeligt for vedligeholdelse og h\u00f8st.<\/p>\n<p>Vigtige funktioner:<br \/>\nVigor: Producerer tr\u00e6er, der kun n\u00e5r 30-50% p\u00e5 st\u00f8rrelse med tr\u00e6er p\u00e5 M.9 grundstammer.<br \/>\nFrugt: Meget tidligt og produktivt, med h\u00f8j udbytteeffektivitet.<br \/>\nSt\u00f8tte: Permanent st\u00f8tte kr\u00e6ves, b\u00e5de i jorden og i potter.<br \/>\nIdeelle anvendelser:<br \/>\nSm\u00e5 haver: Perfekt til hobbygartnere med begr\u00e6nset plads.<br \/>\nBeholderdyrkning: Et glimrende valg til pottetr\u00e6er p\u00e5 altaner eller terrasser.<br \/>\nLodrette dyrkningssystemer: Velegnet til intensive dyrkningssystemer s\u00e5som en lodret akse.<br \/>\nV\u00e6kstbetingelser:<br \/>\nJordkrav: Ikke egnet til d\u00e5rlig, t\u00f8r eller vandm\u00e6ttet jord. Regelm\u00e6ssig vanding og g\u00f8dning er afg\u00f8rende.<br \/>\nModstandsdygtighed: Rimelig modstandsdygtighed over for krongalde og rodr\u00e5d, men f\u00f8lsom over for ildsvamp.<br \/>\nKlima: Velegnet til tempererede klimaer.<br \/>\nInstruktioner for dyrkning:<br \/>\nAfstand: Ideel til t\u00e6t beplantede frugtplantager, med en planteafstand p\u00e5 1-1,5 meter.<br \/>\nStrejke: Permanent strejke er n\u00f8dvendigt for at forhindre sammenbrud.<br \/>\nPleje: Regelm\u00e6ssig besk\u00e6ring er n\u00f8dvendig for at holde tr\u00e6et i form og forbedre frugtkvaliteten.<br \/>\nYderligere information:<br \/>\nM27 blev udviklet i 1934 af East Malling Research Station i England og kombinerer genetikken fra M.13 og M.9. P\u00e5 trods af sin lille st\u00f8rrelse tilbyder denne grundstamme imponerende produktivitet, hvilket g\u00f8r den ideel til b\u00e5de sm\u00e5 frugtplantager og dekorative applikationer.<\/p>\n<p>Konklusion:<br \/>\nMalus domestica M27 er et fremragende valg for haveentusiaster, der leder efter kompakte \u00e6bletr\u00e6er, der er nemme at administrere. Med sin tidlige frugts\u00e6tning og h\u00f8je effektivitet er denne grundstamme perfekt til moderne haver og sm\u00e5skala frugtproduktion.<\/p>","protected":false},"excerpt":{"rendered":"<p>Svagtvoksende h\u00e5rdf\u00f8r grundstamme velegnet til lav stamme.<\/p>","protected":false},"featured_media":8095,"template":"","meta":{"_joinchat":[]},"product_brand":[],"product_cat":[263],"product_tag":[569,568,1015,571],"class_list":{"0":"post-8183","1":"product","2":"type-product","3":"status-publish","4":"has-post-thumbnail","6":"product_cat-malus","7":"product_tag-appel","8":"product_tag-onderstam","9":"product_tag-rootstock","10":"product_tag-zwak-groeiend","12":"first","13":"outofstock","14":"taxable","15":"shipping-taxable","16":"purchasable","17":"product-type-simple"},"yoast_head":"<!-- This site is optimized with the Yoast SEO plugin v24.2 - https:\/\/yoast.com\/wordpress\/plugins\/seo\/ -->\n<title>Malus domestica M27<\/title>\n<meta name=\"robots\" content=\"index, follow, max-snippet:-1, max-image-preview:large, max-video-preview:-1\" \/>\n<link rel=\"canonical\" href=\"https:\/\/www.schramas.com\/dk\/butik\/malus-domestica-m27\/\" \/>\n<meta property=\"og:locale\" content=\"da_DK\" \/>\n<meta property=\"og:type\" content=\"article\" \/>\n<meta property=\"og:title\" content=\"Malus domestica M27\" \/>\n<meta property=\"og:description\" content=\"Zwakgroeiende winterharde onderstam geschikt voor laagstam.\" \/>\n<meta property=\"og:url\" content=\"https:\/\/www.schramas.com\/dk\/butik\/malus-domestica-m27\/\" \/>\n<meta property=\"og:site_name\" content=\"Planten eenvoudig online bestellen | Schramas.com\" \/>\n<meta property=\"article:publisher\" content=\"https:\/\/www.facebook.com\/Schramascom-106872874153195\/\" \/>\n<meta property=\"article:modified_time\" content=\"2026-04-01T15:50:57+00:00\" \/>\n<meta property=\"og:image\" content=\"http:\/\/www.schramas.com\/wp-content\/uploads\/2019\/11\/IMG-20181029-WA0017.jpg\" \/>\n\t<meta property=\"og:image:width\" content=\"1600\" \/>\n\t<meta property=\"og:image:height\" content=\"900\" \/>\n\t<meta property=\"og:image:type\" content=\"image\/jpeg\" \/>\n<meta name=\"twitter:card\" content=\"summary_large_image\" \/>\n<meta name=\"twitter:label1\" content=\"Estimeret l\u00e6setid\" \/>\n\t<meta name=\"twitter:data1\" content=\"1 minut\" \/>\n<script type=\"application\/ld+json\" class=\"yoast-schema-graph\">{\"@context\":\"https:\/\/schema.org\",\"@graph\":[{\"@type\":[\"WebPage\",\"ItemPage\"],\"@id\":\"https:\/\/www.schramas.com\/winkel\/malus-domestica-m27\/\",\"url\":\"https:\/\/www.schramas.com\/winkel\/malus-domestica-m27\/\",\"name\":\"Malus domestica M27\",\"isPartOf\":{\"@id\":\"https:\/\/www.schramas.com\/#website\"},\"primaryImageOfPage\":{\"@id\":\"https:\/\/www.schramas.com\/winkel\/malus-domestica-m27\/#primaryimage\"},\"image\":{\"@id\":\"https:\/\/www.schramas.com\/winkel\/malus-domestica-m27\/#primaryimage\"},\"thumbnailUrl\":\"https:\/\/www.schramas.com\/wp-content\/uploads\/2019\/11\/IMG-20181029-WA0017.jpg\",\"datePublished\":\"2019-11-18T15:10:48+00:00\",\"dateModified\":\"2026-04-01T15:50:57+00:00\",\"breadcrumb\":{\"@id\":\"https:\/\/www.schramas.com\/winkel\/malus-domestica-m27\/#breadcrumb\"},\"inLanguage\":\"da-DK\",\"potentialAction\":[{\"@type\":\"ReadAction\",\"target\":[\"https:\/\/www.schramas.com\/winkel\/malus-domestica-m27\/\"]}]},{\"@type\":\"ImageObject\",\"inLanguage\":\"da-DK\",\"@id\":\"https:\/\/www.schramas.com\/winkel\/malus-domestica-m27\/#primaryimage\",\"url\":\"https:\/\/www.schramas.com\/wp-content\/uploads\/2019\/11\/IMG-20181029-WA0017.jpg\",\"contentUrl\":\"https:\/\/www.schramas.com\/wp-content\/uploads\/2019\/11\/IMG-20181029-WA0017.jpg\",\"width\":1600,\"height\":900},{\"@type\":\"BreadcrumbList\",\"@id\":\"https:\/\/www.schramas.com\/winkel\/malus-domestica-m27\/#breadcrumb\",\"itemListElement\":[{\"@type\":\"ListItem\",\"position\":1,\"name\":\"Product\",\"item\":\"https:\/\/www.schramas.com\/assortiment\/\"},{\"@type\":\"ListItem\",\"position\":2,\"name\":\"Zelf kweken \/ Onderstammen\",\"item\":\"https:\/\/www.schramas.com\/product-category\/zelf-kweken\/\"},{\"@type\":\"ListItem\",\"position\":3,\"name\":\"Onderstammen voor Appels\",\"item\":\"https:\/\/www.schramas.com\/product-category\/zelf-kweken\/malus\/\"},{\"@type\":\"ListItem\",\"position\":4,\"name\":\"Malus domestica M27\"}]},{\"@type\":\"WebSite\",\"@id\":\"https:\/\/www.schramas.com\/#website\",\"url\":\"https:\/\/www.schramas.com\/\",\"name\":\"Schramas.com | Tuinplanten eenvoudig online bestellen | Direct van onze Kwekerij\",\"description\":\"\",\"alternateName\":\"Schramas.com - Alle planten direct van de kweker\",\"potentialAction\":[{\"@type\":\"SearchAction\",\"target\":{\"@type\":\"EntryPoint\",\"urlTemplate\":\"https:\/\/www.schramas.com\/?s={search_term_string}\"},\"query-input\":{\"@type\":\"PropertyValueSpecification\",\"valueRequired\":true,\"valueName\":\"search_term_string\"}}],\"inLanguage\":\"da-DK\"}]}<\/script>\n<!-- \/ Yoast SEO plugin. -->","yoast_head_json":{"title":"Malus domestica M27","robots":{"index":"index","follow":"follow","max-snippet":"max-snippet:-1","max-image-preview":"max-image-preview:large","max-video-preview":"max-video-preview:-1"},"canonical":"https:\/\/www.schramas.com\/dk\/butik\/malus-domestica-m27\/","og_locale":"da_DK","og_type":"article","og_title":"Malus domestica M27","og_description":"Zwakgroeiende winterharde onderstam geschikt voor laagstam.","og_url":"https:\/\/www.schramas.com\/dk\/butik\/malus-domestica-m27\/","og_site_name":"Planten eenvoudig online bestellen | Schramas.com","article_publisher":"https:\/\/www.facebook.com\/Schramascom-106872874153195\/","article_modified_time":"2026-04-01T15:50:57+00:00","og_image":[{"width":1600,"height":900,"url":"http:\/\/www.schramas.com\/wp-content\/uploads\/2019\/11\/IMG-20181029-WA0017.jpg","type":"image\/jpeg"}],"twitter_card":"summary_large_image","twitter_misc":{"Estimeret l\u00e6setid":"1 minut"},"schema":{"@context":"https:\/\/schema.org","@graph":[{"@type":["WebPage","ItemPage"],"@id":"https:\/\/www.schramas.com\/winkel\/malus-domestica-m27\/","url":"https:\/\/www.schramas.com\/winkel\/malus-domestica-m27\/","name":"Malus domestica M27","isPartOf":{"@id":"https:\/\/www.schramas.com\/#website"},"primaryImageOfPage":{"@id":"https:\/\/www.schramas.com\/winkel\/malus-domestica-m27\/#primaryimage"},"image":{"@id":"https:\/\/www.schramas.com\/winkel\/malus-domestica-m27\/#primaryimage"},"thumbnailUrl":"https:\/\/www.schramas.com\/wp-content\/uploads\/2019\/11\/IMG-20181029-WA0017.jpg","datePublished":"2019-11-18T15:10:48+00:00","dateModified":"2026-04-01T15:50:57+00:00","breadcrumb":{"@id":"https:\/\/www.schramas.com\/winkel\/malus-domestica-m27\/#breadcrumb"},"inLanguage":"da-DK","potentialAction":[{"@type":"ReadAction","target":["https:\/\/www.schramas.com\/winkel\/malus-domestica-m27\/"]}]},{"@type":"ImageObject","inLanguage":"da-DK","@id":"https:\/\/www.schramas.com\/winkel\/malus-domestica-m27\/#primaryimage","url":"https:\/\/www.schramas.com\/wp-content\/uploads\/2019\/11\/IMG-20181029-WA0017.jpg","contentUrl":"https:\/\/www.schramas.com\/wp-content\/uploads\/2019\/11\/IMG-20181029-WA0017.jpg","width":1600,"height":900},{"@type":"BreadcrumbList","@id":"https:\/\/www.schramas.com\/winkel\/malus-domestica-m27\/#breadcrumb","itemListElement":[{"@type":"ListItem","position":1,"name":"Product","item":"https:\/\/www.schramas.com\/assortiment\/"},{"@type":"ListItem","position":2,"name":"Zelf kweken \/ Onderstammen","item":"https:\/\/www.schramas.com\/product-category\/zelf-kweken\/"},{"@type":"ListItem","position":3,"name":"Onderstammen voor Appels","item":"https:\/\/www.schramas.com\/product-category\/zelf-kweken\/malus\/"},{"@type":"ListItem","position":4,"name":"Malus domestica M27"}]},{"@type":"WebSite","@id":"https:\/\/www.schramas.com\/#website","url":"https:\/\/www.schramas.com\/","name":"Schramas.com | Haveplanter bestilles nemt online | Direkte fra vores gartneri","description":"","alternateName":"Schramas.com - Alle planten direct van de kweker","potentialAction":[{"@type":"SearchAction","target":{"@type":"EntryPoint","urlTemplate":"https:\/\/www.schramas.com\/?s={search_term_string}"},"query-input":{"@type":"PropertyValueSpecification","valueRequired":true,"valueName":"search_term_string"}}],"inLanguage":"da-DK"}]}},"_links":{"self":[{"href":"https:\/\/www.schramas.com\/dk\/wp-json\/wp\/v2\/product\/8183","targetHints":{"allow":["GET"]}}],"collection":[{"href":"https:\/\/www.schramas.com\/dk\/wp-json\/wp\/v2\/product"}],"about":[{"href":"https:\/\/www.schramas.com\/dk\/wp-json\/wp\/v2\/types\/product"}],"version-history":[{"count":1,"href":"https:\/\/www.schramas.com\/dk\/wp-json\/wp\/v2\/product\/8183\/revisions"}],"predecessor-version":[{"id":45160,"href":"https:\/\/www.schramas.com\/dk\/wp-json\/wp\/v2\/product\/8183\/revisions\/45160"}],"wp:featuredmedia":[{"embeddable":true,"href":"https:\/\/www.schramas.com\/dk\/wp-json\/wp\/v2\/media\/8095"}],"wp:attachment":[{"href":"https:\/\/www.schramas.com\/dk\/wp-json\/wp\/v2\/media?parent=8183"}],"wp:term":[{"taxonomy":"product_brand","embeddable":true,"href":"https:\/\/www.schramas.com\/dk\/wp-json\/wp\/v2\/product_brand?post=8183"},{"taxonomy":"product_cat","embeddable":true,"href":"https:\/\/www.schramas.com\/dk\/wp-json\/wp\/v2\/product_cat?post=8183"},{"taxonomy":"product_tag","embeddable":true,"href":"https:\/\/www.schramas.com\/dk\/wp-json\/wp\/v2\/product_tag?post=8183"}],"curies":[{"name":"wp","href":"https:\/\/api.w.org\/{rel}","templated":true}]}}