{"id":8217,"date":"2019-11-18T18:01:33","date_gmt":"2019-11-18T17:01:33","guid":{"rendered":"https:\/\/www.schramas.com\/?post_type=product&#038;p=8217"},"modified":"2026-03-30T13:17:11","modified_gmt":"2026-03-30T11:17:11","slug":"max-tape-til-bindetang-16mx11mm","status":"publish","type":"product","link":"https:\/\/www.schramas.com\/dk\/butik\/max-tape-til-bindetang-16mx11mm\/","title":{"rendered":"Max tape til bindetang 16mx11mm kraftigste kvalitet"},"content":{"rendered":"<p>Handy tape til at fastg\u00f8re skud eller tr\u00e6er, du skal bruge ca. 7 cm til 1 binding Der er 16 meter l\u00e6ngde p\u00e5 en rulle og b\u00e5ndet er 11 mm bredt og passer i max bindetangen.<\/p>\n<p>Til tunge grene\/skud, der er meget f\u00f8lsomme over for vind eller som er udsat for store sp\u00e6ndinger.<\/p>\n<p>Den h\u00e5rdeste kvalitet.<\/p>","protected":false},"excerpt":{"rendered":"<p>Handy tape til at fastg\u00f8re skud eller tr\u00e6er, du skal bruge ca. 7 cm til 1 binding Der er 16 meter l\u00e6ngde p\u00e5 en rulle og b\u00e5ndet er 11 mm bredt og passer i max bindetangen. Til tunge grene\/skud, der er meget f\u00f8lsomme over for vind eller som er udsat for store sp\u00e6ndinger. Den h\u00e5rdeste kvalitet.<\/p>","protected":false},"featured_media":8212,"template":"","meta":{"_joinchat":[]},"product_brand":[],"product_cat":[137,144],"product_tag":[564,565,566],"class_list":{"0":"post-8217","1":"product","2":"type-product","3":"status-publish","4":"has-post-thumbnail","6":"product_cat-accessoires","7":"product_cat-bindmateriaal","8":"product_tag-bindtang","9":"product_tag-maxtang","10":"product_tag-tape","12":"first","13":"instock","14":"taxable","15":"shipping-taxable","16":"purchasable","17":"product-type-simple"},"yoast_head":"<!-- This site is optimized with the Yoast SEO plugin v24.2 - https:\/\/yoast.com\/wordpress\/plugins\/seo\/ -->\n<title>Max tape voor bindtang 16mx11mm zwaarste kwaliteit kopen | Planten eenvoudig online bestellen | Schramas.com<\/title>\n<meta name=\"robots\" content=\"index, follow, max-snippet:-1, max-image-preview:large, max-video-preview:-1\" \/>\n<link rel=\"canonical\" href=\"https:\/\/www.schramas.com\/dk\/butik\/max-tape-til-bindetang-16mx11mm\/\" \/>\n<meta property=\"og:locale\" content=\"da_DK\" \/>\n<meta property=\"og:type\" content=\"article\" \/>\n<meta property=\"og:title\" content=\"Max tape voor bindtang 16mx11mm zwaarste kwaliteit kopen | Planten eenvoudig online bestellen | Schramas.com\" \/>\n<meta property=\"og:description\" content=\"Handige tape om scheuten of bomen vast te zetten,u heeft ongeveer 7 cm nodig voor 1 binding.Er zit 16 meter lengte op een rol en de tape is 11mm breed en past in de max bindtang. Voor zware takken\/scheuten die erg windgevoelig zijn of waar veel spanning op staat. De zwaarste kwaliteit.\" \/>\n<meta property=\"og:url\" content=\"https:\/\/www.schramas.com\/dk\/butik\/max-tape-til-bindetang-16mx11mm\/\" \/>\n<meta property=\"og:site_name\" content=\"Planten eenvoudig online bestellen | Schramas.com\" \/>\n<meta property=\"article:publisher\" content=\"https:\/\/www.facebook.com\/Schramascom-106872874153195\/\" \/>\n<meta property=\"article:modified_time\" content=\"2026-03-30T11:17:11+00:00\" \/>\n<meta property=\"og:image\" content=\"https:\/\/www.schramas.com\/wp-content\/uploads\/2019\/11\/20191118_170216-e1574095764850-scaled.jpg\" \/>\n\t<meta property=\"og:image:width\" content=\"1920\" \/>\n\t<meta property=\"og:image:height\" content=\"2560\" \/>\n\t<meta property=\"og:image:type\" content=\"image\/jpeg\" \/>\n<meta name=\"twitter:card\" content=\"summary_large_image\" \/>\n<script type=\"application\/ld+json\" class=\"yoast-schema-graph\">{\"@context\":\"https:\/\/schema.org\",\"@graph\":[{\"@type\":[\"WebPage\",\"ItemPage\"],\"@id\":\"https:\/\/www.schramas.com\/winkel\/max-tape-voor-bindtang-16mx11mm\/\",\"url\":\"https:\/\/www.schramas.com\/winkel\/max-tape-voor-bindtang-16mx11mm\/\",\"name\":\"Max tape voor bindtang 16mx11mm zwaarste kwaliteit kopen | Planten eenvoudig online bestellen | Schramas.com\",\"isPartOf\":{\"@id\":\"https:\/\/www.schramas.com\/#website\"},\"primaryImageOfPage\":{\"@id\":\"https:\/\/www.schramas.com\/winkel\/max-tape-voor-bindtang-16mx11mm\/#primaryimage\"},\"image\":{\"@id\":\"https:\/\/www.schramas.com\/winkel\/max-tape-voor-bindtang-16mx11mm\/#primaryimage\"},\"thumbnailUrl\":\"https:\/\/www.schramas.com\/wp-content\/uploads\/2019\/11\/20191118_170216-e1574095764850-scaled.jpg\",\"datePublished\":\"2019-11-18T17:01:33+00:00\",\"dateModified\":\"2026-03-30T11:17:11+00:00\",\"breadcrumb\":{\"@id\":\"https:\/\/www.schramas.com\/winkel\/max-tape-voor-bindtang-16mx11mm\/#breadcrumb\"},\"inLanguage\":\"da-DK\",\"potentialAction\":[{\"@type\":\"ReadAction\",\"target\":[\"https:\/\/www.schramas.com\/winkel\/max-tape-voor-bindtang-16mx11mm\/\"]}]},{\"@type\":\"ImageObject\",\"inLanguage\":\"da-DK\",\"@id\":\"https:\/\/www.schramas.com\/winkel\/max-tape-voor-bindtang-16mx11mm\/#primaryimage\",\"url\":\"https:\/\/www.schramas.com\/wp-content\/uploads\/2019\/11\/20191118_170216-e1574095764850-scaled.jpg\",\"contentUrl\":\"https:\/\/www.schramas.com\/wp-content\/uploads\/2019\/11\/20191118_170216-e1574095764850-scaled.jpg\",\"width\":1920,\"height\":2560},{\"@type\":\"BreadcrumbList\",\"@id\":\"https:\/\/www.schramas.com\/winkel\/max-tape-voor-bindtang-16mx11mm\/#breadcrumb\",\"itemListElement\":[{\"@type\":\"ListItem\",\"position\":1,\"name\":\"Product\",\"item\":\"https:\/\/www.schramas.com\/assortiment\/\"},{\"@type\":\"ListItem\",\"position\":2,\"name\":\"Accessoires\",\"item\":\"https:\/\/www.schramas.com\/product-category\/accessoires\/\"},{\"@type\":\"ListItem\",\"position\":3,\"name\":\"Bindmateriaal\",\"item\":\"https:\/\/www.schramas.com\/product-category\/accessoires\/bindmateriaal\/\"},{\"@type\":\"ListItem\",\"position\":4,\"name\":\"Max tape voor bindtang 16mx11mm zwaarste kwaliteit\"}]},{\"@type\":\"WebSite\",\"@id\":\"https:\/\/www.schramas.com\/#website\",\"url\":\"https:\/\/www.schramas.com\/\",\"name\":\"Schramas.com | Tuinplanten eenvoudig online bestellen | Direct van onze Kwekerij\",\"description\":\"\",\"alternateName\":\"Schramas.com - Alle planten direct van de kweker\",\"potentialAction\":[{\"@type\":\"SearchAction\",\"target\":{\"@type\":\"EntryPoint\",\"urlTemplate\":\"https:\/\/www.schramas.com\/?s={search_term_string}\"},\"query-input\":{\"@type\":\"PropertyValueSpecification\",\"valueRequired\":true,\"valueName\":\"search_term_string\"}}],\"inLanguage\":\"da-DK\"}]}<\/script>\n<!-- \/ Yoast SEO plugin. -->","yoast_head_json":{"title":"K\u00f8b Max tape til bindetang 16mx11mm kraftigste kvalitet | Bestil nemt planter online | Schramas.com","robots":{"index":"index","follow":"follow","max-snippet":"max-snippet:-1","max-image-preview":"max-image-preview:large","max-video-preview":"max-video-preview:-1"},"canonical":"https:\/\/www.schramas.com\/dk\/butik\/max-tape-til-bindetang-16mx11mm\/","og_locale":"da_DK","og_type":"article","og_title":"Max tape voor bindtang 16mx11mm zwaarste kwaliteit kopen | Planten eenvoudig online bestellen | Schramas.com","og_description":"Handige tape om scheuten of bomen vast te zetten,u heeft ongeveer 7 cm nodig voor 1 binding.Er zit 16 meter lengte op een rol en de tape is 11mm breed en past in de max bindtang. Voor zware takken\/scheuten die erg windgevoelig zijn of waar veel spanning op staat. De zwaarste kwaliteit.","og_url":"https:\/\/www.schramas.com\/dk\/butik\/max-tape-til-bindetang-16mx11mm\/","og_site_name":"Planten eenvoudig online bestellen | Schramas.com","article_publisher":"https:\/\/www.facebook.com\/Schramascom-106872874153195\/","article_modified_time":"2026-03-30T11:17:11+00:00","og_image":[{"width":1920,"height":2560,"url":"https:\/\/www.schramas.com\/wp-content\/uploads\/2019\/11\/20191118_170216-e1574095764850-scaled.jpg","type":"image\/jpeg"}],"twitter_card":"summary_large_image","schema":{"@context":"https:\/\/schema.org","@graph":[{"@type":["WebPage","ItemPage"],"@id":"https:\/\/www.schramas.com\/winkel\/max-tape-voor-bindtang-16mx11mm\/","url":"https:\/\/www.schramas.com\/winkel\/max-tape-voor-bindtang-16mx11mm\/","name":"K\u00f8b Max tape til bindetang 16mx11mm kraftigste kvalitet | Bestil nemt planter online | Schramas.com","isPartOf":{"@id":"https:\/\/www.schramas.com\/#website"},"primaryImageOfPage":{"@id":"https:\/\/www.schramas.com\/winkel\/max-tape-voor-bindtang-16mx11mm\/#primaryimage"},"image":{"@id":"https:\/\/www.schramas.com\/winkel\/max-tape-voor-bindtang-16mx11mm\/#primaryimage"},"thumbnailUrl":"https:\/\/www.schramas.com\/wp-content\/uploads\/2019\/11\/20191118_170216-e1574095764850-scaled.jpg","datePublished":"2019-11-18T17:01:33+00:00","dateModified":"2026-03-30T11:17:11+00:00","breadcrumb":{"@id":"https:\/\/www.schramas.com\/winkel\/max-tape-voor-bindtang-16mx11mm\/#breadcrumb"},"inLanguage":"da-DK","potentialAction":[{"@type":"ReadAction","target":["https:\/\/www.schramas.com\/winkel\/max-tape-voor-bindtang-16mx11mm\/"]}]},{"@type":"ImageObject","inLanguage":"da-DK","@id":"https:\/\/www.schramas.com\/winkel\/max-tape-voor-bindtang-16mx11mm\/#primaryimage","url":"https:\/\/www.schramas.com\/wp-content\/uploads\/2019\/11\/20191118_170216-e1574095764850-scaled.jpg","contentUrl":"https:\/\/www.schramas.com\/wp-content\/uploads\/2019\/11\/20191118_170216-e1574095764850-scaled.jpg","width":1920,"height":2560},{"@type":"BreadcrumbList","@id":"https:\/\/www.schramas.com\/winkel\/max-tape-voor-bindtang-16mx11mm\/#breadcrumb","itemListElement":[{"@type":"ListItem","position":1,"name":"Product","item":"https:\/\/www.schramas.com\/assortiment\/"},{"@type":"ListItem","position":2,"name":"Accessoires","item":"https:\/\/www.schramas.com\/product-category\/accessoires\/"},{"@type":"ListItem","position":3,"name":"Bindmateriaal","item":"https:\/\/www.schramas.com\/product-category\/accessoires\/bindmateriaal\/"},{"@type":"ListItem","position":4,"name":"Max tape voor bindtang 16mx11mm zwaarste kwaliteit"}]},{"@type":"WebSite","@id":"https:\/\/www.schramas.com\/#website","url":"https:\/\/www.schramas.com\/","name":"Schramas.com | Haveplanter bestilles nemt online | Direkte fra vores gartneri","description":"","alternateName":"Schramas.com - Alle planten direct van de kweker","potentialAction":[{"@type":"SearchAction","target":{"@type":"EntryPoint","urlTemplate":"https:\/\/www.schramas.com\/?s={search_term_string}"},"query-input":{"@type":"PropertyValueSpecification","valueRequired":true,"valueName":"search_term_string"}}],"inLanguage":"da-DK"}]}},"_links":{"self":[{"href":"https:\/\/www.schramas.com\/dk\/wp-json\/wp\/v2\/product\/8217","targetHints":{"allow":["GET"]}}],"collection":[{"href":"https:\/\/www.schramas.com\/dk\/wp-json\/wp\/v2\/product"}],"about":[{"href":"https:\/\/www.schramas.com\/dk\/wp-json\/wp\/v2\/types\/product"}],"version-history":[{"count":1,"href":"https:\/\/www.schramas.com\/dk\/wp-json\/wp\/v2\/product\/8217\/revisions"}],"predecessor-version":[{"id":44603,"href":"https:\/\/www.schramas.com\/dk\/wp-json\/wp\/v2\/product\/8217\/revisions\/44603"}],"wp:featuredmedia":[{"embeddable":true,"href":"https:\/\/www.schramas.com\/dk\/wp-json\/wp\/v2\/media\/8212"}],"wp:attachment":[{"href":"https:\/\/www.schramas.com\/dk\/wp-json\/wp\/v2\/media?parent=8217"}],"wp:term":[{"taxonomy":"product_brand","embeddable":true,"href":"https:\/\/www.schramas.com\/dk\/wp-json\/wp\/v2\/product_brand?post=8217"},{"taxonomy":"product_cat","embeddable":true,"href":"https:\/\/www.schramas.com\/dk\/wp-json\/wp\/v2\/product_cat?post=8217"},{"taxonomy":"product_tag","embeddable":true,"href":"https:\/\/www.schramas.com\/dk\/wp-json\/wp\/v2\/product_tag?post=8217"}],"curies":[{"name":"wp","href":"https:\/\/api.w.org\/{rel}","templated":true}]}}