{"id":8378,"date":"2019-11-28T16:45:40","date_gmt":"2019-11-28T15:45:40","guid":{"rendered":"https:\/\/www.schramas.com\/?post_type=product&#038;p=8378"},"modified":"2026-04-27T16:42:40","modified_gmt":"2026-04-27T14:42:40","slug":"hortensia-anomala-petiolaris-solvforing-pbr-2-liters-gryde","status":"publish","type":"product","link":"https:\/\/www.schramas.com\/dk\/butik\/hortensia-anomala-petiolaris-solvforing-pbr-2-liters-gryde\/","title":{"rendered":"Hydrangea anomala petiolaris 'Silver Lining' klatrehortensia, 2-liters potte"},"content":{"rendered":"<p>Denne klatrehortensia er en juvel p\u00e5 din v\u00e6g! ikke kun p\u00e5 grund af de smukke knaldhvide blomstersk\u00e6rme, men ogs\u00e5 p\u00e5 grund af de dekorative brogede blade i den hvid\/gr\u00f8nne farve. Bare anderledes end andre klatrehortensiaer<\/p>","protected":false},"excerpt":{"rendered":"<p>Hydrangea anomala petiolaris S\u00f8lvfor.<\/p>\n<p>Broget klatrehortensia<\/p>\n<p>Blomsterstand: Lyse hvide sk\u00e6rme, juni\/juli.<\/p>\n<p>Maks. h\u00f8jde 2,5 - 5 meter<\/p>\n<p>Klatreplante til v\u00e6gpergola eller baldakin<\/p>\n<p>Hardy<\/p>\n<p>Leveringsh\u00f8jde inkl. potte: 40-50 cm<\/p>\n<p>Pottest\u00f8rrelse: 2 liter potte<\/p>","protected":false},"featured_media":16215,"template":"","meta":{"_joinchat":[]},"product_brand":[],"product_cat":[302,300,304,229,305],"product_tag":[533,530,529,495,537,351,520],"class_list":{"0":"post-8378","1":"product","2":"type-product","3":"status-publish","4":"has-post-thumbnail","6":"product_cat-bladverliezende-heesters","7":"product_cat-heesters","8":"product_cat-klimplanten","9":"product_cat-sierheesters","10":"product_cat-planten-heesters","11":"product_tag-hydrangea","12":"product_tag-klimhortensia","13":"product_tag-klimplant","14":"product_tag-sierheester","15":"product_tag-silver-lining","16":"product_tag-winterhard","17":"product_tag-wit","18":"pa_bloeimaanden-juni","19":"pa_bloeimaanden-juli","20":"pa_ewd_uwcf_colors-wit","21":"pa_groeihoogte-300-cm","22":"pa_pot-zonder-pot","24":"first","25":"instock","26":"taxable","27":"shipping-taxable","28":"purchasable","29":"product-type-simple"},"yoast_head":"<!-- This site is optimized with the Yoast SEO plugin v24.2 - https:\/\/yoast.com\/wordpress\/plugins\/seo\/ -->\n<title>Hydrangea anomala petiolaris &#039;Silver Lining&#039; klimhortensia, 2 liter pot kopen | Planten eenvoudig online bestellen | Schramas.com<\/title>\n<meta name=\"robots\" content=\"index, follow, max-snippet:-1, max-image-preview:large, max-video-preview:-1\" \/>\n<link rel=\"canonical\" href=\"https:\/\/www.schramas.com\/dk\/butik\/hortensia-anomala-petiolaris-solvforing-pbr-2-liters-gryde\/\" \/>\n<meta property=\"og:locale\" content=\"da_DK\" \/>\n<meta property=\"og:type\" content=\"article\" \/>\n<meta property=\"og:title\" content=\"Hydrangea anomala petiolaris &#039;Silver Lining&#039; klimhortensia, 2 liter pot kopen | Planten eenvoudig online bestellen | Schramas.com\" \/>\n<meta property=\"og:description\" content=\"Hydrangea anomala petiolaris Silver Lining.  Bont bladige klim hortensia  Bloeiwijze: Helder witte schermen, Juni\/ Juli.  Max. hoogte 2,5 - 5 meter  Klimplant voor muur pergola of overkapping  Winterhard  Leverhoogte incl. pot: 40- 50 cm  Potmaat: 2 liter pot\" \/>\n<meta property=\"og:url\" content=\"https:\/\/www.schramas.com\/dk\/butik\/hortensia-anomala-petiolaris-solvforing-pbr-2-liters-gryde\/\" \/>\n<meta property=\"og:site_name\" content=\"Planten eenvoudig online bestellen | Schramas.com\" \/>\n<meta property=\"article:publisher\" content=\"https:\/\/www.facebook.com\/Schramascom-106872874153195\/\" \/>\n<meta property=\"article:modified_time\" content=\"2026-04-27T14:42:40+00:00\" \/>\n<meta property=\"og:image\" content=\"http:\/\/www.schramas.com\/wp-content\/uploads\/2021\/06\/210617_9503859777594_Hydrangea-anomala-petiolaris-Silver-Lining-bewerkt-vooraanzicht.png\" \/>\n\t<meta property=\"og:image:width\" content=\"1200\" \/>\n\t<meta property=\"og:image:height\" content=\"1200\" \/>\n\t<meta property=\"og:image:type\" content=\"image\/png\" \/>\n<meta name=\"twitter:card\" content=\"summary_large_image\" \/>\n<script type=\"application\/ld+json\" class=\"yoast-schema-graph\">{\"@context\":\"https:\/\/schema.org\",\"@graph\":[{\"@type\":[\"WebPage\",\"ItemPage\"],\"@id\":\"https:\/\/www.schramas.com\/winkel\/hydrangea-anomala-petiolaris-silver-lining-pbr-2-liter-pot\/\",\"url\":\"https:\/\/www.schramas.com\/winkel\/hydrangea-anomala-petiolaris-silver-lining-pbr-2-liter-pot\/\",\"name\":\"Hydrangea anomala petiolaris 'Silver Lining' klimhortensia, 2 liter pot kopen | Planten eenvoudig online bestellen | Schramas.com\",\"isPartOf\":{\"@id\":\"https:\/\/www.schramas.com\/#website\"},\"primaryImageOfPage\":{\"@id\":\"https:\/\/www.schramas.com\/winkel\/hydrangea-anomala-petiolaris-silver-lining-pbr-2-liter-pot\/#primaryimage\"},\"image\":{\"@id\":\"https:\/\/www.schramas.com\/winkel\/hydrangea-anomala-petiolaris-silver-lining-pbr-2-liter-pot\/#primaryimage\"},\"thumbnailUrl\":\"https:\/\/www.schramas.com\/wp-content\/uploads\/2021\/06\/210617_9503859777594_Hydrangea-anomala-petiolaris-Silver-Lining-bewerkt-vooraanzicht.png\",\"datePublished\":\"2019-11-28T15:45:40+00:00\",\"dateModified\":\"2026-04-27T14:42:40+00:00\",\"breadcrumb\":{\"@id\":\"https:\/\/www.schramas.com\/winkel\/hydrangea-anomala-petiolaris-silver-lining-pbr-2-liter-pot\/#breadcrumb\"},\"inLanguage\":\"da-DK\",\"potentialAction\":[{\"@type\":\"ReadAction\",\"target\":[\"https:\/\/www.schramas.com\/winkel\/hydrangea-anomala-petiolaris-silver-lining-pbr-2-liter-pot\/\"]}]},{\"@type\":\"ImageObject\",\"inLanguage\":\"da-DK\",\"@id\":\"https:\/\/www.schramas.com\/winkel\/hydrangea-anomala-petiolaris-silver-lining-pbr-2-liter-pot\/#primaryimage\",\"url\":\"https:\/\/www.schramas.com\/wp-content\/uploads\/2021\/06\/210617_9503859777594_Hydrangea-anomala-petiolaris-Silver-Lining-bewerkt-vooraanzicht.png\",\"contentUrl\":\"https:\/\/www.schramas.com\/wp-content\/uploads\/2021\/06\/210617_9503859777594_Hydrangea-anomala-petiolaris-Silver-Lining-bewerkt-vooraanzicht.png\",\"width\":1200,\"height\":1200},{\"@type\":\"BreadcrumbList\",\"@id\":\"https:\/\/www.schramas.com\/winkel\/hydrangea-anomala-petiolaris-silver-lining-pbr-2-liter-pot\/#breadcrumb\",\"itemListElement\":[{\"@type\":\"ListItem\",\"position\":1,\"name\":\"Product\",\"item\":\"https:\/\/www.schramas.com\/assortiment\/\"},{\"@type\":\"ListItem\",\"position\":2,\"name\":\"Tuinplanten\",\"item\":\"https:\/\/www.schramas.com\/product-category\/planten-heesters\/\"},{\"@type\":\"ListItem\",\"position\":3,\"name\":\"Heesters\",\"item\":\"https:\/\/www.schramas.com\/product-category\/planten-heesters\/heesters\/\"},{\"@type\":\"ListItem\",\"position\":4,\"name\":\"Sierheesters\",\"item\":\"https:\/\/www.schramas.com\/product-category\/planten-heesters\/heesters\/sierheesters\/\"},{\"@type\":\"ListItem\",\"position\":5,\"name\":\"Hydrangea anomala petiolaris &#8216;Silver Lining&#8217; klimhortensia, 2 liter pot\"}]},{\"@type\":\"WebSite\",\"@id\":\"https:\/\/www.schramas.com\/#website\",\"url\":\"https:\/\/www.schramas.com\/\",\"name\":\"Schramas.com | Tuinplanten eenvoudig online bestellen | Direct van onze Kwekerij\",\"description\":\"\",\"alternateName\":\"Schramas.com - Alle planten direct van de kweker\",\"potentialAction\":[{\"@type\":\"SearchAction\",\"target\":{\"@type\":\"EntryPoint\",\"urlTemplate\":\"https:\/\/www.schramas.com\/?s={search_term_string}\"},\"query-input\":{\"@type\":\"PropertyValueSpecification\",\"valueRequired\":true,\"valueName\":\"search_term_string\"}}],\"inLanguage\":\"da-DK\"}]}<\/script>\n<!-- \/ Yoast SEO plugin. -->","yoast_head_json":{"title":"K\u00f8b Hydrangea anomala petiolaris &#039;Silver Lining&#039; klatrehortensia, 2 liters potte | Bestil nemt planter online | Schramas.com","robots":{"index":"index","follow":"follow","max-snippet":"max-snippet:-1","max-image-preview":"max-image-preview:large","max-video-preview":"max-video-preview:-1"},"canonical":"https:\/\/www.schramas.com\/dk\/butik\/hortensia-anomala-petiolaris-solvforing-pbr-2-liters-gryde\/","og_locale":"da_DK","og_type":"article","og_title":"Hydrangea anomala petiolaris 'Silver Lining' klimhortensia, 2 liter pot kopen | Planten eenvoudig online bestellen | Schramas.com","og_description":"Hydrangea anomala petiolaris Silver Lining.  Bont bladige klim hortensia  Bloeiwijze: Helder witte schermen, Juni\/ Juli.  Max. hoogte 2,5 - 5 meter  Klimplant voor muur pergola of overkapping  Winterhard  Leverhoogte incl. pot: 40- 50 cm  Potmaat: 2 liter pot","og_url":"https:\/\/www.schramas.com\/dk\/butik\/hortensia-anomala-petiolaris-solvforing-pbr-2-liters-gryde\/","og_site_name":"Planten eenvoudig online bestellen | Schramas.com","article_publisher":"https:\/\/www.facebook.com\/Schramascom-106872874153195\/","article_modified_time":"2026-04-27T14:42:40+00:00","og_image":[{"width":1200,"height":1200,"url":"http:\/\/www.schramas.com\/wp-content\/uploads\/2021\/06\/210617_9503859777594_Hydrangea-anomala-petiolaris-Silver-Lining-bewerkt-vooraanzicht.png","type":"image\/png"}],"twitter_card":"summary_large_image","schema":{"@context":"https:\/\/schema.org","@graph":[{"@type":["WebPage","ItemPage"],"@id":"https:\/\/www.schramas.com\/winkel\/hydrangea-anomala-petiolaris-silver-lining-pbr-2-liter-pot\/","url":"https:\/\/www.schramas.com\/winkel\/hydrangea-anomala-petiolaris-silver-lining-pbr-2-liter-pot\/","name":"K\u00f8b Hydrangea anomala petiolaris &#039;Silver Lining&#039; klatrehortensia, 2 liters potte | Bestil nemt planter online | Schramas.com","isPartOf":{"@id":"https:\/\/www.schramas.com\/#website"},"primaryImageOfPage":{"@id":"https:\/\/www.schramas.com\/winkel\/hydrangea-anomala-petiolaris-silver-lining-pbr-2-liter-pot\/#primaryimage"},"image":{"@id":"https:\/\/www.schramas.com\/winkel\/hydrangea-anomala-petiolaris-silver-lining-pbr-2-liter-pot\/#primaryimage"},"thumbnailUrl":"https:\/\/www.schramas.com\/wp-content\/uploads\/2021\/06\/210617_9503859777594_Hydrangea-anomala-petiolaris-Silver-Lining-bewerkt-vooraanzicht.png","datePublished":"2019-11-28T15:45:40+00:00","dateModified":"2026-04-27T14:42:40+00:00","breadcrumb":{"@id":"https:\/\/www.schramas.com\/winkel\/hydrangea-anomala-petiolaris-silver-lining-pbr-2-liter-pot\/#breadcrumb"},"inLanguage":"da-DK","potentialAction":[{"@type":"ReadAction","target":["https:\/\/www.schramas.com\/winkel\/hydrangea-anomala-petiolaris-silver-lining-pbr-2-liter-pot\/"]}]},{"@type":"ImageObject","inLanguage":"da-DK","@id":"https:\/\/www.schramas.com\/winkel\/hydrangea-anomala-petiolaris-silver-lining-pbr-2-liter-pot\/#primaryimage","url":"https:\/\/www.schramas.com\/wp-content\/uploads\/2021\/06\/210617_9503859777594_Hydrangea-anomala-petiolaris-Silver-Lining-bewerkt-vooraanzicht.png","contentUrl":"https:\/\/www.schramas.com\/wp-content\/uploads\/2021\/06\/210617_9503859777594_Hydrangea-anomala-petiolaris-Silver-Lining-bewerkt-vooraanzicht.png","width":1200,"height":1200},{"@type":"BreadcrumbList","@id":"https:\/\/www.schramas.com\/winkel\/hydrangea-anomala-petiolaris-silver-lining-pbr-2-liter-pot\/#breadcrumb","itemListElement":[{"@type":"ListItem","position":1,"name":"Product","item":"https:\/\/www.schramas.com\/assortiment\/"},{"@type":"ListItem","position":2,"name":"Tuinplanten","item":"https:\/\/www.schramas.com\/product-category\/planten-heesters\/"},{"@type":"ListItem","position":3,"name":"Heesters","item":"https:\/\/www.schramas.com\/product-category\/planten-heesters\/heesters\/"},{"@type":"ListItem","position":4,"name":"Sierheesters","item":"https:\/\/www.schramas.com\/product-category\/planten-heesters\/heesters\/sierheesters\/"},{"@type":"ListItem","position":5,"name":"Hydrangea anomala petiolaris &#8216;Silver Lining&#8217; klimhortensia, 2 liter pot"}]},{"@type":"WebSite","@id":"https:\/\/www.schramas.com\/#website","url":"https:\/\/www.schramas.com\/","name":"Schramas.com | Haveplanter bestilles nemt online | Direkte fra vores gartneri","description":"","alternateName":"Schramas.com - Alle planten direct van de kweker","potentialAction":[{"@type":"SearchAction","target":{"@type":"EntryPoint","urlTemplate":"https:\/\/www.schramas.com\/?s={search_term_string}"},"query-input":{"@type":"PropertyValueSpecification","valueRequired":true,"valueName":"search_term_string"}}],"inLanguage":"da-DK"}]}},"_links":{"self":[{"href":"https:\/\/www.schramas.com\/dk\/wp-json\/wp\/v2\/product\/8378","targetHints":{"allow":["GET"]}}],"collection":[{"href":"https:\/\/www.schramas.com\/dk\/wp-json\/wp\/v2\/product"}],"about":[{"href":"https:\/\/www.schramas.com\/dk\/wp-json\/wp\/v2\/types\/product"}],"version-history":[{"count":1,"href":"https:\/\/www.schramas.com\/dk\/wp-json\/wp\/v2\/product\/8378\/revisions"}],"predecessor-version":[{"id":70650,"href":"https:\/\/www.schramas.com\/dk\/wp-json\/wp\/v2\/product\/8378\/revisions\/70650"}],"wp:featuredmedia":[{"embeddable":true,"href":"https:\/\/www.schramas.com\/dk\/wp-json\/wp\/v2\/media\/16215"}],"wp:attachment":[{"href":"https:\/\/www.schramas.com\/dk\/wp-json\/wp\/v2\/media?parent=8378"}],"wp:term":[{"taxonomy":"product_brand","embeddable":true,"href":"https:\/\/www.schramas.com\/dk\/wp-json\/wp\/v2\/product_brand?post=8378"},{"taxonomy":"product_cat","embeddable":true,"href":"https:\/\/www.schramas.com\/dk\/wp-json\/wp\/v2\/product_cat?post=8378"},{"taxonomy":"product_tag","embeddable":true,"href":"https:\/\/www.schramas.com\/dk\/wp-json\/wp\/v2\/product_tag?post=8378"}],"curies":[{"name":"wp","href":"https:\/\/api.w.org\/{rel}","templated":true}]}}