{"id":8393,"date":"2019-11-29T11:33:40","date_gmt":"2019-11-29T10:33:40","guid":{"rendered":"https:\/\/www.schramas.com\/?post_type=product&#038;p=8393"},"modified":"2026-03-26T16:33:39","modified_gmt":"2026-03-26T15:33:39","slug":"pileostegia-viburnoides-2-liters-gryde","status":"publish","type":"product","link":"https:\/\/www.schramas.com\/dk\/butik\/pileostegia-viburnoides-2-liters-gryde\/","title":{"rendered":"Pileostegia viburnoides, klatrehortensia, 2-liters potte"},"content":{"rendered":"<p>Denne plante tilh\u00f8rer ogs\u00e5 klatrehortensiafamilien. Den er lidt mindre vinterh\u00e5rdf\u00f8r og kr\u00e6ver derfor en lidt lun plads. Det er en langsom v\u00e6kst, men din t\u00e5lmodighed vil i sidste ende blive bel\u00f8nnet med et hav af blomster p\u00e5 v\u00e6ggen i flere m\u00e5neder. En juvel p\u00e5 en pergola eller baldakinv\u00e6g.<\/p>","protected":false},"excerpt":{"rendered":"<p>Pileostegia viburnoides.<\/p>\n<p>Klatrehortensia med hvid blomst.<\/p>\n<p>Blomsterstand: sm\u00e5 cremehvide stjerneformede blomster i hvide sk\u00e6rme, juni\/juli.<\/p>\n<p>Maks. h\u00f8jde 2,5 - 5 meter<\/p>\n<p>Klatreplante til v\u00e6gpergola eller baldakin<\/p>\n<p>Begr\u00e6nset h\u00e5rdf\u00f8rhed<\/p>\n<p>Leveringsh\u00f8jde inkl. potte: 40-50 cm<\/p>\n<p>Pottest\u00f8rrelse: 2 liter potte<\/p>","protected":false},"featured_media":12995,"template":"","meta":{"_joinchat":[]},"product_brand":[],"product_cat":[303,304,229,805],"product_tag":[500,499,530,529,528,495,520],"class_list":{"0":"post-8393","1":"product","2":"type-product","3":"status-publish","4":"has-post-thumbnail","6":"product_cat-groenblijvende-heesters","7":"product_cat-klimplanten","8":"product_cat-sierheesters","9":"product_cat-winter","10":"product_tag-beperkt-winterhard","11":"product_tag-groenblijvend","12":"product_tag-klimhortensia","13":"product_tag-klimplant","14":"product_tag-pileostegia","15":"product_tag-sierheester","16":"product_tag-wit","17":"pa_bloeimaanden-juli","18":"pa_bloeimaanden-augustus","19":"pa_bloeimaanden-september","20":"pa_ewd_uwcf_colors-wit","21":"pa_groeihoogte-300-cm","22":"pa_pot-zonder-pot","24":"first","25":"outofstock","26":"taxable","27":"shipping-taxable","28":"purchasable","29":"product-type-simple"},"yoast_head":"<!-- This site is optimized with the Yoast SEO plugin v24.2 - https:\/\/yoast.com\/wordpress\/plugins\/seo\/ -->\n<title>Pileostegia viburnoides, klimhortensia, 2 liter pot kopen | Planten eenvoudig online bestellen | Schramas.com<\/title>\n<meta name=\"robots\" content=\"index, follow, max-snippet:-1, max-image-preview:large, max-video-preview:-1\" \/>\n<link rel=\"canonical\" href=\"https:\/\/www.schramas.com\/dk\/butik\/pileostegia-viburnoides-2-liters-gryde\/\" \/>\n<meta property=\"og:locale\" content=\"da_DK\" \/>\n<meta property=\"og:type\" content=\"article\" \/>\n<meta property=\"og:title\" content=\"Pileostegia viburnoides, klimhortensia, 2 liter pot kopen | Planten eenvoudig online bestellen | Schramas.com\" \/>\n<meta property=\"og:description\" content=\"Pileostegia viburnoides.  Klim hortensia met witte bloem.  Bloeiwijze: kleine room wiite stervormige bloemen in witte schermen, Juni\/ Juli.  Max. hoogte 2,5 - 5 meter  Klimplant voor muur pergola of overkapping  Beperkt winterhard  Leverhoogte incl. pot: 40- 50 cm  Potmaat: 2 liter pot\" \/>\n<meta property=\"og:url\" content=\"https:\/\/www.schramas.com\/dk\/butik\/pileostegia-viburnoides-2-liters-gryde\/\" \/>\n<meta property=\"og:site_name\" content=\"Planten eenvoudig online bestellen | Schramas.com\" \/>\n<meta property=\"article:publisher\" content=\"https:\/\/www.facebook.com\/Schramascom-106872874153195\/\" \/>\n<meta property=\"article:modified_time\" content=\"2026-03-26T15:33:39+00:00\" \/>\n<meta property=\"og:image\" content=\"https:\/\/www.schramas.com\/wp-content\/uploads\/2020\/11\/Pileostegia-viburnoides-Schramas-met-cirkel.png\" \/>\n\t<meta property=\"og:image:width\" content=\"500\" \/>\n\t<meta property=\"og:image:height\" content=\"500\" \/>\n\t<meta property=\"og:image:type\" content=\"image\/png\" \/>\n<meta name=\"twitter:card\" content=\"summary_large_image\" \/>\n<script type=\"application\/ld+json\" class=\"yoast-schema-graph\">{\"@context\":\"https:\/\/schema.org\",\"@graph\":[{\"@type\":[\"WebPage\",\"ItemPage\"],\"@id\":\"https:\/\/www.schramas.com\/winkel\/pileostegia-viburnoides-2-liter-pot\/\",\"url\":\"https:\/\/www.schramas.com\/winkel\/pileostegia-viburnoides-2-liter-pot\/\",\"name\":\"Pileostegia viburnoides, klimhortensia, 2 liter pot kopen | Planten eenvoudig online bestellen | Schramas.com\",\"isPartOf\":{\"@id\":\"https:\/\/www.schramas.com\/#website\"},\"primaryImageOfPage\":{\"@id\":\"https:\/\/www.schramas.com\/winkel\/pileostegia-viburnoides-2-liter-pot\/#primaryimage\"},\"image\":{\"@id\":\"https:\/\/www.schramas.com\/winkel\/pileostegia-viburnoides-2-liter-pot\/#primaryimage\"},\"thumbnailUrl\":\"https:\/\/www.schramas.com\/wp-content\/uploads\/2020\/11\/Pileostegia-viburnoides-Schramas-met-cirkel.png\",\"datePublished\":\"2019-11-29T10:33:40+00:00\",\"dateModified\":\"2026-03-26T15:33:39+00:00\",\"breadcrumb\":{\"@id\":\"https:\/\/www.schramas.com\/winkel\/pileostegia-viburnoides-2-liter-pot\/#breadcrumb\"},\"inLanguage\":\"da-DK\",\"potentialAction\":[{\"@type\":\"ReadAction\",\"target\":[\"https:\/\/www.schramas.com\/winkel\/pileostegia-viburnoides-2-liter-pot\/\"]}]},{\"@type\":\"ImageObject\",\"inLanguage\":\"da-DK\",\"@id\":\"https:\/\/www.schramas.com\/winkel\/pileostegia-viburnoides-2-liter-pot\/#primaryimage\",\"url\":\"https:\/\/www.schramas.com\/wp-content\/uploads\/2020\/11\/Pileostegia-viburnoides-Schramas-met-cirkel.png\",\"contentUrl\":\"https:\/\/www.schramas.com\/wp-content\/uploads\/2020\/11\/Pileostegia-viburnoides-Schramas-met-cirkel.png\",\"width\":500,\"height\":500},{\"@type\":\"BreadcrumbList\",\"@id\":\"https:\/\/www.schramas.com\/winkel\/pileostegia-viburnoides-2-liter-pot\/#breadcrumb\",\"itemListElement\":[{\"@type\":\"ListItem\",\"position\":1,\"name\":\"Product\",\"item\":\"https:\/\/www.schramas.com\/assortiment\/\"},{\"@type\":\"ListItem\",\"position\":2,\"name\":\"Tuinplanten\",\"item\":\"https:\/\/www.schramas.com\/product-category\/planten-heesters\/\"},{\"@type\":\"ListItem\",\"position\":3,\"name\":\"Heesters\",\"item\":\"https:\/\/www.schramas.com\/product-category\/planten-heesters\/heesters\/\"},{\"@type\":\"ListItem\",\"position\":4,\"name\":\"Sierheesters\",\"item\":\"https:\/\/www.schramas.com\/product-category\/planten-heesters\/heesters\/sierheesters\/\"},{\"@type\":\"ListItem\",\"position\":5,\"name\":\"Pileostegia viburnoides, klimhortensia, 2 liter pot\"}]},{\"@type\":\"WebSite\",\"@id\":\"https:\/\/www.schramas.com\/#website\",\"url\":\"https:\/\/www.schramas.com\/\",\"name\":\"Schramas.com | Tuinplanten eenvoudig online bestellen | Direct van onze Kwekerij\",\"description\":\"\",\"alternateName\":\"Schramas.com - Alle planten direct van de kweker\",\"potentialAction\":[{\"@type\":\"SearchAction\",\"target\":{\"@type\":\"EntryPoint\",\"urlTemplate\":\"https:\/\/www.schramas.com\/?s={search_term_string}\"},\"query-input\":{\"@type\":\"PropertyValueSpecification\",\"valueRequired\":true,\"valueName\":\"search_term_string\"}}],\"inLanguage\":\"da-DK\"}]}<\/script>\n<!-- \/ Yoast SEO plugin. -->","yoast_head_json":{"title":"K\u00f8b Pileostegia viburnoides, klatrehortensia, 2 liters gryde | Bestil nemt planter online | Schramas.com","robots":{"index":"index","follow":"follow","max-snippet":"max-snippet:-1","max-image-preview":"max-image-preview:large","max-video-preview":"max-video-preview:-1"},"canonical":"https:\/\/www.schramas.com\/dk\/butik\/pileostegia-viburnoides-2-liters-gryde\/","og_locale":"da_DK","og_type":"article","og_title":"Pileostegia viburnoides, klimhortensia, 2 liter pot kopen | Planten eenvoudig online bestellen | Schramas.com","og_description":"Pileostegia viburnoides.  Klim hortensia met witte bloem.  Bloeiwijze: kleine room wiite stervormige bloemen in witte schermen, Juni\/ Juli.  Max. hoogte 2,5 - 5 meter  Klimplant voor muur pergola of overkapping  Beperkt winterhard  Leverhoogte incl. pot: 40- 50 cm  Potmaat: 2 liter pot","og_url":"https:\/\/www.schramas.com\/dk\/butik\/pileostegia-viburnoides-2-liters-gryde\/","og_site_name":"Planten eenvoudig online bestellen | Schramas.com","article_publisher":"https:\/\/www.facebook.com\/Schramascom-106872874153195\/","article_modified_time":"2026-03-26T15:33:39+00:00","og_image":[{"width":500,"height":500,"url":"https:\/\/www.schramas.com\/wp-content\/uploads\/2020\/11\/Pileostegia-viburnoides-Schramas-met-cirkel.png","type":"image\/png"}],"twitter_card":"summary_large_image","schema":{"@context":"https:\/\/schema.org","@graph":[{"@type":["WebPage","ItemPage"],"@id":"https:\/\/www.schramas.com\/winkel\/pileostegia-viburnoides-2-liter-pot\/","url":"https:\/\/www.schramas.com\/winkel\/pileostegia-viburnoides-2-liter-pot\/","name":"K\u00f8b Pileostegia viburnoides, klatrehortensia, 2 liters gryde | Bestil nemt planter online | Schramas.com","isPartOf":{"@id":"https:\/\/www.schramas.com\/#website"},"primaryImageOfPage":{"@id":"https:\/\/www.schramas.com\/winkel\/pileostegia-viburnoides-2-liter-pot\/#primaryimage"},"image":{"@id":"https:\/\/www.schramas.com\/winkel\/pileostegia-viburnoides-2-liter-pot\/#primaryimage"},"thumbnailUrl":"https:\/\/www.schramas.com\/wp-content\/uploads\/2020\/11\/Pileostegia-viburnoides-Schramas-met-cirkel.png","datePublished":"2019-11-29T10:33:40+00:00","dateModified":"2026-03-26T15:33:39+00:00","breadcrumb":{"@id":"https:\/\/www.schramas.com\/winkel\/pileostegia-viburnoides-2-liter-pot\/#breadcrumb"},"inLanguage":"da-DK","potentialAction":[{"@type":"ReadAction","target":["https:\/\/www.schramas.com\/winkel\/pileostegia-viburnoides-2-liter-pot\/"]}]},{"@type":"ImageObject","inLanguage":"da-DK","@id":"https:\/\/www.schramas.com\/winkel\/pileostegia-viburnoides-2-liter-pot\/#primaryimage","url":"https:\/\/www.schramas.com\/wp-content\/uploads\/2020\/11\/Pileostegia-viburnoides-Schramas-met-cirkel.png","contentUrl":"https:\/\/www.schramas.com\/wp-content\/uploads\/2020\/11\/Pileostegia-viburnoides-Schramas-met-cirkel.png","width":500,"height":500},{"@type":"BreadcrumbList","@id":"https:\/\/www.schramas.com\/winkel\/pileostegia-viburnoides-2-liter-pot\/#breadcrumb","itemListElement":[{"@type":"ListItem","position":1,"name":"Product","item":"https:\/\/www.schramas.com\/assortiment\/"},{"@type":"ListItem","position":2,"name":"Tuinplanten","item":"https:\/\/www.schramas.com\/product-category\/planten-heesters\/"},{"@type":"ListItem","position":3,"name":"Heesters","item":"https:\/\/www.schramas.com\/product-category\/planten-heesters\/heesters\/"},{"@type":"ListItem","position":4,"name":"Sierheesters","item":"https:\/\/www.schramas.com\/product-category\/planten-heesters\/heesters\/sierheesters\/"},{"@type":"ListItem","position":5,"name":"Pileostegia viburnoides, klimhortensia, 2 liter pot"}]},{"@type":"WebSite","@id":"https:\/\/www.schramas.com\/#website","url":"https:\/\/www.schramas.com\/","name":"Schramas.com | Haveplanter bestilles nemt online | Direkte fra vores gartneri","description":"","alternateName":"Schramas.com - Alle planten direct van de kweker","potentialAction":[{"@type":"SearchAction","target":{"@type":"EntryPoint","urlTemplate":"https:\/\/www.schramas.com\/?s={search_term_string}"},"query-input":{"@type":"PropertyValueSpecification","valueRequired":true,"valueName":"search_term_string"}}],"inLanguage":"da-DK"}]}},"_links":{"self":[{"href":"https:\/\/www.schramas.com\/dk\/wp-json\/wp\/v2\/product\/8393","targetHints":{"allow":["GET"]}}],"collection":[{"href":"https:\/\/www.schramas.com\/dk\/wp-json\/wp\/v2\/product"}],"about":[{"href":"https:\/\/www.schramas.com\/dk\/wp-json\/wp\/v2\/types\/product"}],"version-history":[{"count":0,"href":"https:\/\/www.schramas.com\/dk\/wp-json\/wp\/v2\/product\/8393\/revisions"}],"wp:featuredmedia":[{"embeddable":true,"href":"https:\/\/www.schramas.com\/dk\/wp-json\/wp\/v2\/media\/12995"}],"wp:attachment":[{"href":"https:\/\/www.schramas.com\/dk\/wp-json\/wp\/v2\/media?parent=8393"}],"wp:term":[{"taxonomy":"product_brand","embeddable":true,"href":"https:\/\/www.schramas.com\/dk\/wp-json\/wp\/v2\/product_brand?post=8393"},{"taxonomy":"product_cat","embeddable":true,"href":"https:\/\/www.schramas.com\/dk\/wp-json\/wp\/v2\/product_cat?post=8393"},{"taxonomy":"product_tag","embeddable":true,"href":"https:\/\/www.schramas.com\/dk\/wp-json\/wp\/v2\/product_tag?post=8393"}],"curies":[{"name":"wp","href":"https:\/\/api.w.org\/{rel}","templated":true}]}}