{"id":8403,"date":"2019-11-29T13:38:53","date_gmt":"2019-11-29T12:38:53","guid":{"rendered":"https:\/\/www.schramas.com\/?post_type=product&#038;p=8403"},"modified":"2026-03-26T16:33:43","modified_gmt":"2026-03-26T15:33:43","slug":"clerodendrum-trichotomum-purple-blaze-2-liter-potte","status":"publish","type":"product","link":"https:\/\/www.schramas.com\/dk\/butik\/clerodendrum-trichotomum-purple-blaze-2-liter-potte\/","title":{"rendered":"Clerodendrum trichotomum 'Purple Blaze', pr\u00e6dikestolstr\u00e6, jordn\u00f8ddetr\u00e6, 2-liters potte"},"content":{"rendered":"<p>Clerodendrum kaldes ogs\u00e5 lejlighedstr\u00e6 eller jordn\u00f8ddetr\u00e6. Det er p\u00e5 grund af den lugt, der frigives, n\u00e5r man knuser et blad. Planten kan fryse, s\u00e5 nogle kviste d\u00f8r. V\u00e6r ikke bekymret, besk\u00e6r bare tilbage, planten blomstrer for enden af de nydannede kviste i v\u00e6kst\u00e5ret. Smukke hvid-pink\/lilla blomster med en svag duft, som ivrigt bes\u00f8ges af bier og sommerfugle.<\/p>","protected":false},"excerpt":{"rendered":"<p>Clerodendrum trichtomum 'Purple Blaze'<\/p>\n<p>Mulighedstr\u00e6, jordn\u00f8ddetr\u00e6.<\/p>\n<p>Blomsterstand: Hvid med rosa\/lilla blomst. Let duftende, aug\/sept.<\/p>\n<p>Maks. h\u00f8jde 2,5 - 5 meter<\/p>\n<p>Dr\u00e6gtighedsplante for bier og sommerfugle.<\/p>\n<p>Hardy<\/p>\n<p>Leveringsh\u00f8jde inkl. potte: 40-50 cm<\/p>\n<p>Pottest\u00f8rrelse: 2 liter potte<\/p>","protected":false},"featured_media":39761,"template":"","meta":{"_joinchat":[]},"product_brand":[],"product_cat":[302,300,3193,229,305],"product_tag":[519,513,517,515,516,514,495,518,351,521],"class_list":{"0":"post-8403","1":"product","2":"type-product","3":"status-publish","4":"has-post-thumbnail","6":"product_cat-bladverliezende-heesters","7":"product_cat-heesters","8":"product_cat-sierbomen","9":"product_cat-sierheesters","10":"product_cat-planten-heesters","11":"product_tag-bijen","12":"product_tag-clerodendrum","13":"product_tag-drachtplant","14":"product_tag-kanselboom","15":"product_tag-pindakaasboom","16":"product_tag-shiro","17":"product_tag-sierheester","18":"product_tag-vlinders","19":"product_tag-winterhard","20":"product_tag-wit-rose-paars","21":"pa_bloeimaanden-juni","22":"pa_bloeimaanden-juli","23":"pa_ewd_uwcf_colors-wit","24":"pa_groeihoogte-200-300-cm","25":"pa_pot-zonder-pot","27":"first","28":"outofstock","29":"taxable","30":"shipping-taxable","31":"purchasable","32":"product-type-simple"},"yoast_head":"<!-- This site is optimized with the Yoast SEO plugin v24.2 - https:\/\/yoast.com\/wordpress\/plugins\/seo\/ -->\n<title>Clerodendrum trichotomum &#039;Purple Blaze&#039;, kanselboom, pindakaasboom, 2 liter pot kopen | Planten eenvoudig online bestellen | Schramas.com<\/title>\n<meta name=\"robots\" content=\"index, follow, max-snippet:-1, max-image-preview:large, max-video-preview:-1\" \/>\n<link rel=\"canonical\" href=\"https:\/\/www.schramas.com\/dk\/butik\/clerodendrum-trichotomum-purple-blaze-2-liter-potte\/\" \/>\n<meta property=\"og:locale\" content=\"da_DK\" \/>\n<meta property=\"og:type\" content=\"article\" \/>\n<meta property=\"og:title\" content=\"Clerodendrum trichotomum &#039;Purple Blaze&#039;, kanselboom, pindakaasboom, 2 liter pot kopen | Planten eenvoudig online bestellen | Schramas.com\" \/>\n<meta property=\"og:description\" content=\"Clerodendrum trichtomum &#039;Purple Blaze&#039;  Kansenboom, pindakaasboom.  Bloeiwijze: Witt met roze\/paarse bloem. Licht geurend, Aug\/ Sept.  Max. hoogte 2,5 - 5 meter  Drachtplant voor bijen en vlinders.  Winterhard  Leverhoogte incl. pot: 40- 50 cm  Potmaat: 2 liter pot\" \/>\n<meta property=\"og:url\" content=\"https:\/\/www.schramas.com\/dk\/butik\/clerodendrum-trichotomum-purple-blaze-2-liter-potte\/\" \/>\n<meta property=\"og:site_name\" content=\"Planten eenvoudig online bestellen | Schramas.com\" \/>\n<meta property=\"article:publisher\" content=\"https:\/\/www.facebook.com\/Schramascom-106872874153195\/\" \/>\n<meta property=\"article:modified_time\" content=\"2026-03-26T15:33:43+00:00\" \/>\n<meta property=\"og:image\" content=\"http:\/\/www.schramas.com\/wp-content\/uploads\/2019\/11\/Clerodendrum-Purple-blaze-sfeer.jpg\" \/>\n\t<meta property=\"og:image:width\" content=\"1200\" \/>\n\t<meta property=\"og:image:height\" content=\"1200\" \/>\n\t<meta property=\"og:image:type\" content=\"image\/jpeg\" \/>\n<meta name=\"twitter:card\" content=\"summary_large_image\" \/>\n<script type=\"application\/ld+json\" class=\"yoast-schema-graph\">{\"@context\":\"https:\/\/schema.org\",\"@graph\":[{\"@type\":[\"WebPage\",\"ItemPage\"],\"@id\":\"https:\/\/www.schramas.com\/winkel\/clerodendrum-trichotomum-purple-blaze-2-liter-pot\/\",\"url\":\"https:\/\/www.schramas.com\/winkel\/clerodendrum-trichotomum-purple-blaze-2-liter-pot\/\",\"name\":\"Clerodendrum trichotomum 'Purple Blaze', kanselboom, pindakaasboom, 2 liter pot kopen | Planten eenvoudig online bestellen | Schramas.com\",\"isPartOf\":{\"@id\":\"https:\/\/www.schramas.com\/#website\"},\"primaryImageOfPage\":{\"@id\":\"https:\/\/www.schramas.com\/winkel\/clerodendrum-trichotomum-purple-blaze-2-liter-pot\/#primaryimage\"},\"image\":{\"@id\":\"https:\/\/www.schramas.com\/winkel\/clerodendrum-trichotomum-purple-blaze-2-liter-pot\/#primaryimage\"},\"thumbnailUrl\":\"https:\/\/www.schramas.com\/wp-content\/uploads\/2019\/11\/Clerodendrum-Purple-blaze-sfeer.jpg\",\"datePublished\":\"2019-11-29T12:38:53+00:00\",\"dateModified\":\"2026-03-26T15:33:43+00:00\",\"breadcrumb\":{\"@id\":\"https:\/\/www.schramas.com\/winkel\/clerodendrum-trichotomum-purple-blaze-2-liter-pot\/#breadcrumb\"},\"inLanguage\":\"da-DK\",\"potentialAction\":[{\"@type\":\"ReadAction\",\"target\":[\"https:\/\/www.schramas.com\/winkel\/clerodendrum-trichotomum-purple-blaze-2-liter-pot\/\"]}]},{\"@type\":\"ImageObject\",\"inLanguage\":\"da-DK\",\"@id\":\"https:\/\/www.schramas.com\/winkel\/clerodendrum-trichotomum-purple-blaze-2-liter-pot\/#primaryimage\",\"url\":\"https:\/\/www.schramas.com\/wp-content\/uploads\/2019\/11\/Clerodendrum-Purple-blaze-sfeer.jpg\",\"contentUrl\":\"https:\/\/www.schramas.com\/wp-content\/uploads\/2019\/11\/Clerodendrum-Purple-blaze-sfeer.jpg\",\"width\":1200,\"height\":1200},{\"@type\":\"BreadcrumbList\",\"@id\":\"https:\/\/www.schramas.com\/winkel\/clerodendrum-trichotomum-purple-blaze-2-liter-pot\/#breadcrumb\",\"itemListElement\":[{\"@type\":\"ListItem\",\"position\":1,\"name\":\"Product\",\"item\":\"https:\/\/www.schramas.com\/assortiment\/\"},{\"@type\":\"ListItem\",\"position\":2,\"name\":\"Tuinplanten\",\"item\":\"https:\/\/www.schramas.com\/product-category\/planten-heesters\/\"},{\"@type\":\"ListItem\",\"position\":3,\"name\":\"Heesters\",\"item\":\"https:\/\/www.schramas.com\/product-category\/planten-heesters\/heesters\/\"},{\"@type\":\"ListItem\",\"position\":4,\"name\":\"Sierheesters\",\"item\":\"https:\/\/www.schramas.com\/product-category\/planten-heesters\/heesters\/sierheesters\/\"},{\"@type\":\"ListItem\",\"position\":5,\"name\":\"Clerodendrum trichotomum &#8216;Purple Blaze&#8217;, kanselboom, pindakaasboom, 2 liter pot\"}]},{\"@type\":\"WebSite\",\"@id\":\"https:\/\/www.schramas.com\/#website\",\"url\":\"https:\/\/www.schramas.com\/\",\"name\":\"Schramas.com | Tuinplanten eenvoudig online bestellen | Direct van onze Kwekerij\",\"description\":\"\",\"alternateName\":\"Schramas.com - Alle planten direct van de kweker\",\"potentialAction\":[{\"@type\":\"SearchAction\",\"target\":{\"@type\":\"EntryPoint\",\"urlTemplate\":\"https:\/\/www.schramas.com\/?s={search_term_string}\"},\"query-input\":{\"@type\":\"PropertyValueSpecification\",\"valueRequired\":true,\"valueName\":\"search_term_string\"}}],\"inLanguage\":\"da-DK\"}]}<\/script>\n<!-- \/ Yoast SEO plugin. -->","yoast_head_json":{"title":"Clerodendrum trichotomum 'Purple Blaze', pr\u00e6dikestolstr\u00e6, jordn\u00f8ddetr\u00e6, k\u00f8b 2 liter potte | K\u00f8b planter nemt online | Schramas.com","robots":{"index":"index","follow":"follow","max-snippet":"max-snippet:-1","max-image-preview":"max-image-preview:large","max-video-preview":"max-video-preview:-1"},"canonical":"https:\/\/www.schramas.com\/dk\/butik\/clerodendrum-trichotomum-purple-blaze-2-liter-potte\/","og_locale":"da_DK","og_type":"article","og_title":"Clerodendrum trichotomum 'Purple Blaze', kanselboom, pindakaasboom, 2 liter pot kopen | Planten eenvoudig online bestellen | Schramas.com","og_description":"Clerodendrum trichtomum 'Purple Blaze'  Kansenboom, pindakaasboom.  Bloeiwijze: Witt met roze\/paarse bloem. Licht geurend, Aug\/ Sept.  Max. hoogte 2,5 - 5 meter  Drachtplant voor bijen en vlinders.  Winterhard  Leverhoogte incl. pot: 40- 50 cm  Potmaat: 2 liter pot","og_url":"https:\/\/www.schramas.com\/dk\/butik\/clerodendrum-trichotomum-purple-blaze-2-liter-potte\/","og_site_name":"Planten eenvoudig online bestellen | Schramas.com","article_publisher":"https:\/\/www.facebook.com\/Schramascom-106872874153195\/","article_modified_time":"2026-03-26T15:33:43+00:00","og_image":[{"width":1200,"height":1200,"url":"http:\/\/www.schramas.com\/wp-content\/uploads\/2019\/11\/Clerodendrum-Purple-blaze-sfeer.jpg","type":"image\/jpeg"}],"twitter_card":"summary_large_image","schema":{"@context":"https:\/\/schema.org","@graph":[{"@type":["WebPage","ItemPage"],"@id":"https:\/\/www.schramas.com\/winkel\/clerodendrum-trichotomum-purple-blaze-2-liter-pot\/","url":"https:\/\/www.schramas.com\/winkel\/clerodendrum-trichotomum-purple-blaze-2-liter-pot\/","name":"Clerodendrum trichotomum 'Purple Blaze', pr\u00e6dikestolstr\u00e6, jordn\u00f8ddetr\u00e6, k\u00f8b 2 liter potte | K\u00f8b planter nemt online | Schramas.com","isPartOf":{"@id":"https:\/\/www.schramas.com\/#website"},"primaryImageOfPage":{"@id":"https:\/\/www.schramas.com\/winkel\/clerodendrum-trichotomum-purple-blaze-2-liter-pot\/#primaryimage"},"image":{"@id":"https:\/\/www.schramas.com\/winkel\/clerodendrum-trichotomum-purple-blaze-2-liter-pot\/#primaryimage"},"thumbnailUrl":"https:\/\/www.schramas.com\/wp-content\/uploads\/2019\/11\/Clerodendrum-Purple-blaze-sfeer.jpg","datePublished":"2019-11-29T12:38:53+00:00","dateModified":"2026-03-26T15:33:43+00:00","breadcrumb":{"@id":"https:\/\/www.schramas.com\/winkel\/clerodendrum-trichotomum-purple-blaze-2-liter-pot\/#breadcrumb"},"inLanguage":"da-DK","potentialAction":[{"@type":"ReadAction","target":["https:\/\/www.schramas.com\/winkel\/clerodendrum-trichotomum-purple-blaze-2-liter-pot\/"]}]},{"@type":"ImageObject","inLanguage":"da-DK","@id":"https:\/\/www.schramas.com\/winkel\/clerodendrum-trichotomum-purple-blaze-2-liter-pot\/#primaryimage","url":"https:\/\/www.schramas.com\/wp-content\/uploads\/2019\/11\/Clerodendrum-Purple-blaze-sfeer.jpg","contentUrl":"https:\/\/www.schramas.com\/wp-content\/uploads\/2019\/11\/Clerodendrum-Purple-blaze-sfeer.jpg","width":1200,"height":1200},{"@type":"BreadcrumbList","@id":"https:\/\/www.schramas.com\/winkel\/clerodendrum-trichotomum-purple-blaze-2-liter-pot\/#breadcrumb","itemListElement":[{"@type":"ListItem","position":1,"name":"Product","item":"https:\/\/www.schramas.com\/assortiment\/"},{"@type":"ListItem","position":2,"name":"Tuinplanten","item":"https:\/\/www.schramas.com\/product-category\/planten-heesters\/"},{"@type":"ListItem","position":3,"name":"Heesters","item":"https:\/\/www.schramas.com\/product-category\/planten-heesters\/heesters\/"},{"@type":"ListItem","position":4,"name":"Sierheesters","item":"https:\/\/www.schramas.com\/product-category\/planten-heesters\/heesters\/sierheesters\/"},{"@type":"ListItem","position":5,"name":"Clerodendrum trichotomum &#8216;Purple Blaze&#8217;, kanselboom, pindakaasboom, 2 liter pot"}]},{"@type":"WebSite","@id":"https:\/\/www.schramas.com\/#website","url":"https:\/\/www.schramas.com\/","name":"Schramas.com | Haveplanter bestilles nemt online | Direkte fra vores gartneri","description":"","alternateName":"Schramas.com - Alle planten direct van de kweker","potentialAction":[{"@type":"SearchAction","target":{"@type":"EntryPoint","urlTemplate":"https:\/\/www.schramas.com\/?s={search_term_string}"},"query-input":{"@type":"PropertyValueSpecification","valueRequired":true,"valueName":"search_term_string"}}],"inLanguage":"da-DK"}]}},"_links":{"self":[{"href":"https:\/\/www.schramas.com\/dk\/wp-json\/wp\/v2\/product\/8403","targetHints":{"allow":["GET"]}}],"collection":[{"href":"https:\/\/www.schramas.com\/dk\/wp-json\/wp\/v2\/product"}],"about":[{"href":"https:\/\/www.schramas.com\/dk\/wp-json\/wp\/v2\/types\/product"}],"version-history":[{"count":1,"href":"https:\/\/www.schramas.com\/dk\/wp-json\/wp\/v2\/product\/8403\/revisions"}],"predecessor-version":[{"id":54325,"href":"https:\/\/www.schramas.com\/dk\/wp-json\/wp\/v2\/product\/8403\/revisions\/54325"}],"wp:featuredmedia":[{"embeddable":true,"href":"https:\/\/www.schramas.com\/dk\/wp-json\/wp\/v2\/media\/39761"}],"wp:attachment":[{"href":"https:\/\/www.schramas.com\/dk\/wp-json\/wp\/v2\/media?parent=8403"}],"wp:term":[{"taxonomy":"product_brand","embeddable":true,"href":"https:\/\/www.schramas.com\/dk\/wp-json\/wp\/v2\/product_brand?post=8403"},{"taxonomy":"product_cat","embeddable":true,"href":"https:\/\/www.schramas.com\/dk\/wp-json\/wp\/v2\/product_cat?post=8403"},{"taxonomy":"product_tag","embeddable":true,"href":"https:\/\/www.schramas.com\/dk\/wp-json\/wp\/v2\/product_tag?post=8403"}],"curies":[{"name":"wp","href":"https:\/\/api.w.org\/{rel}","templated":true}]}}