{"id":9176,"date":"2020-03-02T12:23:28","date_gmt":"2020-03-02T11:23:28","guid":{"rendered":"https:\/\/www.schramas.com\/?post_type=product&#038;p=9176"},"modified":"2026-03-26T16:33:46","modified_gmt":"2026-03-26T15:33:46","slug":"rubus-boysenbaer-2-liter-krukke","status":"publish","type":"product","link":"https:\/\/www.schramas.com\/dk\/butik\/rubus-boysenbaer-2-liter-krukke\/","title":{"rendered":"Rubus Boysenberry, hybrid hindb\u00e6r &amp; bromb\u00e6r, 2 liter potte"},"content":{"rendered":"<p>Rubus Boysenberry er en us\u00e6dvanlig plante: en krydsning mellem et bromb\u00e6r og et hindb\u00e6r! Kald den, hvad du vil, hindb\u00e6r eller bromb\u00e6r. Frugterne har samme farve som bromb\u00e6r, men er s\u00f8dere og st\u00f8rre end bromb\u00e6r. Planten kan lide et solrigt sted og producerer frugt fra august til frost.<\/p>","protected":false},"excerpt":{"rendered":"<p>Rubus Boysenb\u00e6r<\/p>\n<p>Bromb\u00e6r-hindb\u00e6r: Boysonberry<\/p>\n<p>Farve: sort<\/p>\n<p>Udbytte: store, s\u00f8de frugter<\/p>\n<p>Hardy<\/p>\n<p>Maks. h\u00f8jde ca. 150-200 cm<\/p>\n<p>Tornl\u00f8s busk<\/p>\n<p>Planten kommer i en 2-liters potte<\/p>","protected":false},"featured_media":9177,"template":"","meta":{"_joinchat":[]},"product_brand":[],"product_cat":[234,294],"product_tag":[728,729,727,730,595],"class_list":{"0":"post-9176","1":"product","2":"type-product","3":"status-publish","4":"has-post-thumbnail","6":"product_cat-fruitstruiken","7":"product_cat-specials","8":"product_tag-boysonberry","9":"product_tag-boysonbes","10":"product_tag-braam-framboos","11":"product_tag-doornloos","12":"product_tag-zacht-fruit","14":"first","15":"outofstock","16":"taxable","17":"shipping-taxable","18":"purchasable","19":"product-type-simple"},"yoast_head":"<!-- This site is optimized with the Yoast SEO plugin v24.2 - https:\/\/yoast.com\/wordpress\/plugins\/seo\/ -->\n<title>Rubus Boysenberry, kruising framboos &amp; braam, 2 liter pot kopen | Planten eenvoudig online bestellen | Schramas.com<\/title>\n<meta name=\"robots\" content=\"index, follow, max-snippet:-1, max-image-preview:large, max-video-preview:-1\" \/>\n<link rel=\"canonical\" href=\"https:\/\/www.schramas.com\/dk\/butik\/rubus-boysenbaer-2-liter-krukke\/\" \/>\n<meta property=\"og:locale\" content=\"da_DK\" \/>\n<meta property=\"og:type\" content=\"article\" \/>\n<meta property=\"og:title\" content=\"Rubus Boysenberry, kruising framboos &amp; braam, 2 liter pot kopen | Planten eenvoudig online bestellen | Schramas.com\" \/>\n<meta property=\"og:description\" content=\"Rubus Boysenberry  Braam-framboos: Boysonbes  Kleur: zwart  Opbrengst: groot, zoet fruit  Winterhard  Max. hoogte circa 150-200 cm  Doornloze struik  Plant wordt geleverd in 2 liter pot\" \/>\n<meta property=\"og:url\" content=\"https:\/\/www.schramas.com\/dk\/butik\/rubus-boysenbaer-2-liter-krukke\/\" \/>\n<meta property=\"og:site_name\" content=\"Planten eenvoudig online bestellen | Schramas.com\" \/>\n<meta property=\"article:publisher\" content=\"https:\/\/www.facebook.com\/Schramascom-106872874153195\/\" \/>\n<meta property=\"article:modified_time\" content=\"2026-03-26T15:33:46+00:00\" \/>\n<meta property=\"og:image\" content=\"https:\/\/www.schramas.com\/wp-content\/uploads\/2020\/03\/boysenberry.jpg\" \/>\n\t<meta property=\"og:image:width\" content=\"275\" \/>\n\t<meta property=\"og:image:height\" content=\"183\" \/>\n\t<meta property=\"og:image:type\" content=\"image\/jpeg\" \/>\n<meta name=\"twitter:card\" content=\"summary_large_image\" \/>\n<script type=\"application\/ld+json\" class=\"yoast-schema-graph\">{\"@context\":\"https:\/\/schema.org\",\"@graph\":[{\"@type\":[\"WebPage\",\"ItemPage\"],\"@id\":\"https:\/\/www.schramas.com\/winkel\/rubus-boysenberry-2-liter-pot\/\",\"url\":\"https:\/\/www.schramas.com\/winkel\/rubus-boysenberry-2-liter-pot\/\",\"name\":\"Rubus Boysenberry, kruising framboos & braam, 2 liter pot kopen | Planten eenvoudig online bestellen | Schramas.com\",\"isPartOf\":{\"@id\":\"https:\/\/www.schramas.com\/#website\"},\"primaryImageOfPage\":{\"@id\":\"https:\/\/www.schramas.com\/winkel\/rubus-boysenberry-2-liter-pot\/#primaryimage\"},\"image\":{\"@id\":\"https:\/\/www.schramas.com\/winkel\/rubus-boysenberry-2-liter-pot\/#primaryimage\"},\"thumbnailUrl\":\"https:\/\/www.schramas.com\/wp-content\/uploads\/2020\/03\/boysenberry.jpg\",\"datePublished\":\"2020-03-02T11:23:28+00:00\",\"dateModified\":\"2026-03-26T15:33:46+00:00\",\"breadcrumb\":{\"@id\":\"https:\/\/www.schramas.com\/winkel\/rubus-boysenberry-2-liter-pot\/#breadcrumb\"},\"inLanguage\":\"da-DK\",\"potentialAction\":[{\"@type\":\"ReadAction\",\"target\":[\"https:\/\/www.schramas.com\/winkel\/rubus-boysenberry-2-liter-pot\/\"]}]},{\"@type\":\"ImageObject\",\"inLanguage\":\"da-DK\",\"@id\":\"https:\/\/www.schramas.com\/winkel\/rubus-boysenberry-2-liter-pot\/#primaryimage\",\"url\":\"https:\/\/www.schramas.com\/wp-content\/uploads\/2020\/03\/boysenberry.jpg\",\"contentUrl\":\"https:\/\/www.schramas.com\/wp-content\/uploads\/2020\/03\/boysenberry.jpg\",\"width\":275,\"height\":183},{\"@type\":\"BreadcrumbList\",\"@id\":\"https:\/\/www.schramas.com\/winkel\/rubus-boysenberry-2-liter-pot\/#breadcrumb\",\"itemListElement\":[{\"@type\":\"ListItem\",\"position\":1,\"name\":\"Product\",\"item\":\"https:\/\/www.schramas.com\/assortiment\/\"},{\"@type\":\"ListItem\",\"position\":2,\"name\":\"Bomen &amp; Struiken\",\"item\":\"https:\/\/www.schramas.com\/product-category\/bomen-struiken\/\"},{\"@type\":\"ListItem\",\"position\":3,\"name\":\"Specials\",\"item\":\"https:\/\/www.schramas.com\/product-category\/bomen-struiken\/specials\/\"},{\"@type\":\"ListItem\",\"position\":4,\"name\":\"Rubus Boysenberry, kruising framboos &#038; braam, 2 liter pot\"}]},{\"@type\":\"WebSite\",\"@id\":\"https:\/\/www.schramas.com\/#website\",\"url\":\"https:\/\/www.schramas.com\/\",\"name\":\"Schramas.com | Tuinplanten eenvoudig online bestellen | Direct van onze Kwekerij\",\"description\":\"\",\"alternateName\":\"Schramas.com - Alle planten direct van de kweker\",\"potentialAction\":[{\"@type\":\"SearchAction\",\"target\":{\"@type\":\"EntryPoint\",\"urlTemplate\":\"https:\/\/www.schramas.com\/?s={search_term_string}\"},\"query-input\":{\"@type\":\"PropertyValueSpecification\",\"valueRequired\":true,\"valueName\":\"search_term_string\"}}],\"inLanguage\":\"da-DK\"}]}<\/script>\n<!-- \/ Yoast SEO plugin. -->","yoast_head_json":{"title":"Rubus Boysenberry, hybrid hindb\u00e6r &amp; bromb\u00e6r, k\u00f8b 2 liter potte | Planter nem online bestilling | Schramas.com","robots":{"index":"index","follow":"follow","max-snippet":"max-snippet:-1","max-image-preview":"max-image-preview:large","max-video-preview":"max-video-preview:-1"},"canonical":"https:\/\/www.schramas.com\/dk\/butik\/rubus-boysenbaer-2-liter-krukke\/","og_locale":"da_DK","og_type":"article","og_title":"Rubus Boysenberry, kruising framboos & braam, 2 liter pot kopen | Planten eenvoudig online bestellen | Schramas.com","og_description":"Rubus Boysenberry  Braam-framboos: Boysonbes  Kleur: zwart  Opbrengst: groot, zoet fruit  Winterhard  Max. hoogte circa 150-200 cm  Doornloze struik  Plant wordt geleverd in 2 liter pot","og_url":"https:\/\/www.schramas.com\/dk\/butik\/rubus-boysenbaer-2-liter-krukke\/","og_site_name":"Planten eenvoudig online bestellen | Schramas.com","article_publisher":"https:\/\/www.facebook.com\/Schramascom-106872874153195\/","article_modified_time":"2026-03-26T15:33:46+00:00","og_image":[{"width":275,"height":183,"url":"https:\/\/www.schramas.com\/wp-content\/uploads\/2020\/03\/boysenberry.jpg","type":"image\/jpeg"}],"twitter_card":"summary_large_image","schema":{"@context":"https:\/\/schema.org","@graph":[{"@type":["WebPage","ItemPage"],"@id":"https:\/\/www.schramas.com\/winkel\/rubus-boysenberry-2-liter-pot\/","url":"https:\/\/www.schramas.com\/winkel\/rubus-boysenberry-2-liter-pot\/","name":"Rubus Boysenberry, hybrid hindb\u00e6r &amp; bromb\u00e6r, k\u00f8b 2 liter potte | Planter nem online bestilling | Schramas.com","isPartOf":{"@id":"https:\/\/www.schramas.com\/#website"},"primaryImageOfPage":{"@id":"https:\/\/www.schramas.com\/winkel\/rubus-boysenberry-2-liter-pot\/#primaryimage"},"image":{"@id":"https:\/\/www.schramas.com\/winkel\/rubus-boysenberry-2-liter-pot\/#primaryimage"},"thumbnailUrl":"https:\/\/www.schramas.com\/wp-content\/uploads\/2020\/03\/boysenberry.jpg","datePublished":"2020-03-02T11:23:28+00:00","dateModified":"2026-03-26T15:33:46+00:00","breadcrumb":{"@id":"https:\/\/www.schramas.com\/winkel\/rubus-boysenberry-2-liter-pot\/#breadcrumb"},"inLanguage":"da-DK","potentialAction":[{"@type":"ReadAction","target":["https:\/\/www.schramas.com\/winkel\/rubus-boysenberry-2-liter-pot\/"]}]},{"@type":"ImageObject","inLanguage":"da-DK","@id":"https:\/\/www.schramas.com\/winkel\/rubus-boysenberry-2-liter-pot\/#primaryimage","url":"https:\/\/www.schramas.com\/wp-content\/uploads\/2020\/03\/boysenberry.jpg","contentUrl":"https:\/\/www.schramas.com\/wp-content\/uploads\/2020\/03\/boysenberry.jpg","width":275,"height":183},{"@type":"BreadcrumbList","@id":"https:\/\/www.schramas.com\/winkel\/rubus-boysenberry-2-liter-pot\/#breadcrumb","itemListElement":[{"@type":"ListItem","position":1,"name":"Product","item":"https:\/\/www.schramas.com\/assortiment\/"},{"@type":"ListItem","position":2,"name":"Bomen &amp; Struiken","item":"https:\/\/www.schramas.com\/product-category\/bomen-struiken\/"},{"@type":"ListItem","position":3,"name":"Specials","item":"https:\/\/www.schramas.com\/product-category\/bomen-struiken\/specials\/"},{"@type":"ListItem","position":4,"name":"Rubus Boysenberry, kruising framboos &#038; braam, 2 liter pot"}]},{"@type":"WebSite","@id":"https:\/\/www.schramas.com\/#website","url":"https:\/\/www.schramas.com\/","name":"Schramas.com | Haveplanter bestilles nemt online | Direkte fra vores gartneri","description":"","alternateName":"Schramas.com - Alle planten direct van de kweker","potentialAction":[{"@type":"SearchAction","target":{"@type":"EntryPoint","urlTemplate":"https:\/\/www.schramas.com\/?s={search_term_string}"},"query-input":{"@type":"PropertyValueSpecification","valueRequired":true,"valueName":"search_term_string"}}],"inLanguage":"da-DK"}]}},"_links":{"self":[{"href":"https:\/\/www.schramas.com\/dk\/wp-json\/wp\/v2\/product\/9176","targetHints":{"allow":["GET"]}}],"collection":[{"href":"https:\/\/www.schramas.com\/dk\/wp-json\/wp\/v2\/product"}],"about":[{"href":"https:\/\/www.schramas.com\/dk\/wp-json\/wp\/v2\/types\/product"}],"version-history":[{"count":0,"href":"https:\/\/www.schramas.com\/dk\/wp-json\/wp\/v2\/product\/9176\/revisions"}],"wp:featuredmedia":[{"embeddable":true,"href":"https:\/\/www.schramas.com\/dk\/wp-json\/wp\/v2\/media\/9177"}],"wp:attachment":[{"href":"https:\/\/www.schramas.com\/dk\/wp-json\/wp\/v2\/media?parent=9176"}],"wp:term":[{"taxonomy":"product_brand","embeddable":true,"href":"https:\/\/www.schramas.com\/dk\/wp-json\/wp\/v2\/product_brand?post=9176"},{"taxonomy":"product_cat","embeddable":true,"href":"https:\/\/www.schramas.com\/dk\/wp-json\/wp\/v2\/product_cat?post=9176"},{"taxonomy":"product_tag","embeddable":true,"href":"https:\/\/www.schramas.com\/dk\/wp-json\/wp\/v2\/product_tag?post=9176"}],"curies":[{"name":"wp","href":"https:\/\/api.w.org\/{rel}","templated":true}]}}