{"id":9348,"date":"2020-03-25T16:29:56","date_gmt":"2020-03-25T15:29:56","guid":{"rendered":"https:\/\/www.schramas.com\/?post_type=product&#038;p=9348"},"modified":"2026-03-26T16:33:56","modified_gmt":"2026-03-26T15:33:56","slug":"ribes-uva-crispa-hinnonmaki-stang-2-liters-krukke","status":"publish","type":"product","link":"https:\/\/www.schramas.com\/dk\/butik\/ribes-uva-crispa-hinnonmaki-stang-2-liters-krukke\/","title":{"rendered":"Ribes uva-crispa 'Hinnonmaki Rod' r\u00f8dt stikkelsb\u00e6r, 2-liters potte"},"content":{"rendered":"<p>Denne stikkende ven producerer l\u00e6kre saftige r\u00f8de s\u00f8de stikkelsb\u00e6r. Stikkelsb\u00e6ret kan lide en solrig position. Stikkelsb\u00e6rene vokser p\u00e5 tr\u00e6, der er mindst et \u00e5r gammelt. Sk\u00e6rer du det gamle og d\u00f8de tr\u00e6 v\u00e6k om efter\u00e5ret, vil du kunne nyde denne sunde delikatesse \u00e5r efter \u00e5r!<\/p>","protected":false},"excerpt":{"rendered":"<p>Ribes uva-crispa 'Hinnonmaki Rod'<\/p>\n<p>Stikkelsb\u00e6rr\u00f8d eller stikkelsb\u00e6rr\u00f8d<\/p>\n<p>Smag: s\u00f8d<\/p>\n<p>Frugtfarve: r\u00f8d<\/p>\n<p>H\u00f8jde max: 70 - 90 cm<\/p>\n<p>Leveringsh\u00f8jde inkl. potte: +\/_60 cm<\/p>\n<p>Grydest\u00f8rrelse: 2 liter.<\/p>\n<p>velegnet til b\u00e5de terrasse og \u00e5bent land, men pas p\u00e5 pigge!<\/p>\n<p>Selvbest\u00f8vende<\/p>","protected":false},"featured_media":16279,"template":"","meta":{"_joinchat":[]},"product_brand":[],"product_cat":[16,262,480,234,43],"product_tag":[603,602,604,601,600,598,587,351],"class_list":{"0":"post-9348","1":"product","2":"type-product","3":"status-publish","4":"has-post-thumbnail","6":"product_cat-diversen","7":"product_cat-bomen-struiken","8":"product_cat-diversen-struiken","9":"product_cat-fruitstruiken","10":"product_cat-kruisbessen","11":"product_tag-bessen","12":"product_tag-heester","13":"product_tag-hinnonmaki-rod","14":"product_tag-klapbes","15":"product_tag-kruisbes","16":"product_tag-ribes","17":"product_tag-rood","18":"product_tag-winterhard","19":"pa_bloeimaanden-april","20":"pa_bloeimaanden-mei","21":"pa_ewd_uwcf_colors-rood-2","22":"pa_groeihoogte-60-150-cm","23":"pa_pot-met-pot","25":"first","26":"outofstock","27":"taxable","28":"shipping-taxable","29":"purchasable","30":"product-type-simple"},"yoast_head":"<!-- This site is optimized with the Yoast SEO plugin v24.2 - https:\/\/yoast.com\/wordpress\/plugins\/seo\/ -->\n<title>Ribes uva-crispa &#039;Hinnonmaki Rod&#039; rode kruisbes, 2 liter pot kopen | Planten eenvoudig online bestellen | Schramas.com<\/title>\n<meta name=\"robots\" content=\"index, follow, max-snippet:-1, max-image-preview:large, max-video-preview:-1\" \/>\n<link rel=\"canonical\" href=\"https:\/\/www.schramas.com\/dk\/butik\/ribes-uva-crispa-hinnonmaki-stang-2-liters-krukke\/\" \/>\n<meta property=\"og:locale\" content=\"da_DK\" \/>\n<meta property=\"og:type\" content=\"article\" \/>\n<meta property=\"og:title\" content=\"Ribes uva-crispa &#039;Hinnonmaki Rod&#039; rode kruisbes, 2 liter pot kopen | Planten eenvoudig online bestellen | Schramas.com\" \/>\n<meta property=\"og:description\" content=\"Ribes uva-crispa &#039;Hinnonmaki Rod&#039;  Kruisbes rood of klapbes rood  Smaak: zoet  Kleur vrucht: rood  hoogte max: 70 - 90 cm  Leverhoogte incl. pot: +\/_60 cm  Pot maat: 2 liter.  geschikt voor zowel patio als volle grond maar let op voor de stekels !  Zelf bestuivend\" \/>\n<meta property=\"og:url\" content=\"https:\/\/www.schramas.com\/dk\/butik\/ribes-uva-crispa-hinnonmaki-stang-2-liters-krukke\/\" \/>\n<meta property=\"og:site_name\" content=\"Planten eenvoudig online bestellen | Schramas.com\" \/>\n<meta property=\"article:publisher\" content=\"https:\/\/www.facebook.com\/Schramascom-106872874153195\/\" \/>\n<meta property=\"article:modified_time\" content=\"2026-03-26T15:33:56+00:00\" \/>\n<meta property=\"og:image\" content=\"http:\/\/www.schramas.com\/wp-content\/uploads\/2021\/06\/210617_9508891114390_Ribes-uva-crispa-Hinnomaki-Rod-bewerkt-vooraanzicht.png\" \/>\n\t<meta property=\"og:image:width\" content=\"1200\" \/>\n\t<meta property=\"og:image:height\" content=\"1200\" \/>\n\t<meta property=\"og:image:type\" content=\"image\/png\" \/>\n<meta name=\"twitter:card\" content=\"summary_large_image\" \/>\n<script type=\"application\/ld+json\" class=\"yoast-schema-graph\">{\"@context\":\"https:\/\/schema.org\",\"@graph\":[{\"@type\":[\"WebPage\",\"ItemPage\"],\"@id\":\"https:\/\/www.schramas.com\/winkel\/ribes-uva-crispa-hinnonmaki-rod-2-liter-pot\/\",\"url\":\"https:\/\/www.schramas.com\/winkel\/ribes-uva-crispa-hinnonmaki-rod-2-liter-pot\/\",\"name\":\"Ribes uva-crispa 'Hinnonmaki Rod' rode kruisbes, 2 liter pot kopen | Planten eenvoudig online bestellen | Schramas.com\",\"isPartOf\":{\"@id\":\"https:\/\/www.schramas.com\/#website\"},\"primaryImageOfPage\":{\"@id\":\"https:\/\/www.schramas.com\/winkel\/ribes-uva-crispa-hinnonmaki-rod-2-liter-pot\/#primaryimage\"},\"image\":{\"@id\":\"https:\/\/www.schramas.com\/winkel\/ribes-uva-crispa-hinnonmaki-rod-2-liter-pot\/#primaryimage\"},\"thumbnailUrl\":\"https:\/\/www.schramas.com\/wp-content\/uploads\/2021\/06\/210617_9508891114390_Ribes-uva-crispa-Hinnomaki-Rod-bewerkt-vooraanzicht.png\",\"datePublished\":\"2020-03-25T15:29:56+00:00\",\"dateModified\":\"2026-03-26T15:33:56+00:00\",\"breadcrumb\":{\"@id\":\"https:\/\/www.schramas.com\/winkel\/ribes-uva-crispa-hinnonmaki-rod-2-liter-pot\/#breadcrumb\"},\"inLanguage\":\"da-DK\",\"potentialAction\":[{\"@type\":\"ReadAction\",\"target\":[\"https:\/\/www.schramas.com\/winkel\/ribes-uva-crispa-hinnonmaki-rod-2-liter-pot\/\"]}]},{\"@type\":\"ImageObject\",\"inLanguage\":\"da-DK\",\"@id\":\"https:\/\/www.schramas.com\/winkel\/ribes-uva-crispa-hinnonmaki-rod-2-liter-pot\/#primaryimage\",\"url\":\"https:\/\/www.schramas.com\/wp-content\/uploads\/2021\/06\/210617_9508891114390_Ribes-uva-crispa-Hinnomaki-Rod-bewerkt-vooraanzicht.png\",\"contentUrl\":\"https:\/\/www.schramas.com\/wp-content\/uploads\/2021\/06\/210617_9508891114390_Ribes-uva-crispa-Hinnomaki-Rod-bewerkt-vooraanzicht.png\",\"width\":1200,\"height\":1200},{\"@type\":\"BreadcrumbList\",\"@id\":\"https:\/\/www.schramas.com\/winkel\/ribes-uva-crispa-hinnonmaki-rod-2-liter-pot\/#breadcrumb\",\"itemListElement\":[{\"@type\":\"ListItem\",\"position\":1,\"name\":\"Product\",\"item\":\"https:\/\/www.schramas.com\/assortiment\/\"},{\"@type\":\"ListItem\",\"position\":2,\"name\":\"Bomen &amp; Struiken\",\"item\":\"https:\/\/www.schramas.com\/product-category\/bomen-struiken\/\"},{\"@type\":\"ListItem\",\"position\":3,\"name\":\"Fruitstruiken\",\"item\":\"https:\/\/www.schramas.com\/de\/produktkategorie\/baume-und-straucher\/obststraucher\/\"},{\"@type\":\"ListItem\",\"position\":4,\"name\":\"Kruisbessen\",\"item\":\"https:\/\/www.schramas.com\/de\/produktkategorie\/baume-und-straucher\/obststraucher\/stachelbeeren\/\"},{\"@type\":\"ListItem\",\"position\":5,\"name\":\"Ribes uva-crispa &#8216;Hinnonmaki Rod&#8217; rode kruisbes, 2 liter pot\"}]},{\"@type\":\"WebSite\",\"@id\":\"https:\/\/www.schramas.com\/#website\",\"url\":\"https:\/\/www.schramas.com\/\",\"name\":\"Schramas.com | Tuinplanten eenvoudig online bestellen | Direct van onze Kwekerij\",\"description\":\"\",\"alternateName\":\"Schramas.com - Alle planten direct van de kweker\",\"potentialAction\":[{\"@type\":\"SearchAction\",\"target\":{\"@type\":\"EntryPoint\",\"urlTemplate\":\"https:\/\/www.schramas.com\/?s={search_term_string}\"},\"query-input\":{\"@type\":\"PropertyValueSpecification\",\"valueRequired\":true,\"valueName\":\"search_term_string\"}}],\"inLanguage\":\"da-DK\"}]}<\/script>\n<!-- \/ Yoast SEO plugin. -->","yoast_head_json":{"title":"K\u00f8b Ribes uva-crispa &#039;Hinnonmaki Rod&#039; r\u00f8d stikkelsb\u00e6r, 2 liter gryde | Bestil nemt planter online | Schramas.com","robots":{"index":"index","follow":"follow","max-snippet":"max-snippet:-1","max-image-preview":"max-image-preview:large","max-video-preview":"max-video-preview:-1"},"canonical":"https:\/\/www.schramas.com\/dk\/butik\/ribes-uva-crispa-hinnonmaki-stang-2-liters-krukke\/","og_locale":"da_DK","og_type":"article","og_title":"Ribes uva-crispa 'Hinnonmaki Rod' rode kruisbes, 2 liter pot kopen | Planten eenvoudig online bestellen | Schramas.com","og_description":"Ribes uva-crispa 'Hinnonmaki Rod'  Kruisbes rood of klapbes rood  Smaak: zoet  Kleur vrucht: rood  hoogte max: 70 - 90 cm  Leverhoogte incl. pot: +\/_60 cm  Pot maat: 2 liter.  geschikt voor zowel patio als volle grond maar let op voor de stekels !  Zelf bestuivend","og_url":"https:\/\/www.schramas.com\/dk\/butik\/ribes-uva-crispa-hinnonmaki-stang-2-liters-krukke\/","og_site_name":"Planten eenvoudig online bestellen | Schramas.com","article_publisher":"https:\/\/www.facebook.com\/Schramascom-106872874153195\/","article_modified_time":"2026-03-26T15:33:56+00:00","og_image":[{"width":1200,"height":1200,"url":"http:\/\/www.schramas.com\/wp-content\/uploads\/2021\/06\/210617_9508891114390_Ribes-uva-crispa-Hinnomaki-Rod-bewerkt-vooraanzicht.png","type":"image\/png"}],"twitter_card":"summary_large_image","schema":{"@context":"https:\/\/schema.org","@graph":[{"@type":["WebPage","ItemPage"],"@id":"https:\/\/www.schramas.com\/winkel\/ribes-uva-crispa-hinnonmaki-rod-2-liter-pot\/","url":"https:\/\/www.schramas.com\/winkel\/ribes-uva-crispa-hinnonmaki-rod-2-liter-pot\/","name":"K\u00f8b Ribes uva-crispa &#039;Hinnonmaki Rod&#039; r\u00f8d stikkelsb\u00e6r, 2 liter gryde | Bestil nemt planter online | Schramas.com","isPartOf":{"@id":"https:\/\/www.schramas.com\/#website"},"primaryImageOfPage":{"@id":"https:\/\/www.schramas.com\/winkel\/ribes-uva-crispa-hinnonmaki-rod-2-liter-pot\/#primaryimage"},"image":{"@id":"https:\/\/www.schramas.com\/winkel\/ribes-uva-crispa-hinnonmaki-rod-2-liter-pot\/#primaryimage"},"thumbnailUrl":"https:\/\/www.schramas.com\/wp-content\/uploads\/2021\/06\/210617_9508891114390_Ribes-uva-crispa-Hinnomaki-Rod-bewerkt-vooraanzicht.png","datePublished":"2020-03-25T15:29:56+00:00","dateModified":"2026-03-26T15:33:56+00:00","breadcrumb":{"@id":"https:\/\/www.schramas.com\/winkel\/ribes-uva-crispa-hinnonmaki-rod-2-liter-pot\/#breadcrumb"},"inLanguage":"da-DK","potentialAction":[{"@type":"ReadAction","target":["https:\/\/www.schramas.com\/winkel\/ribes-uva-crispa-hinnonmaki-rod-2-liter-pot\/"]}]},{"@type":"ImageObject","inLanguage":"da-DK","@id":"https:\/\/www.schramas.com\/winkel\/ribes-uva-crispa-hinnonmaki-rod-2-liter-pot\/#primaryimage","url":"https:\/\/www.schramas.com\/wp-content\/uploads\/2021\/06\/210617_9508891114390_Ribes-uva-crispa-Hinnomaki-Rod-bewerkt-vooraanzicht.png","contentUrl":"https:\/\/www.schramas.com\/wp-content\/uploads\/2021\/06\/210617_9508891114390_Ribes-uva-crispa-Hinnomaki-Rod-bewerkt-vooraanzicht.png","width":1200,"height":1200},{"@type":"BreadcrumbList","@id":"https:\/\/www.schramas.com\/winkel\/ribes-uva-crispa-hinnonmaki-rod-2-liter-pot\/#breadcrumb","itemListElement":[{"@type":"ListItem","position":1,"name":"Product","item":"https:\/\/www.schramas.com\/assortiment\/"},{"@type":"ListItem","position":2,"name":"Bomen &amp; Struiken","item":"https:\/\/www.schramas.com\/product-category\/bomen-struiken\/"},{"@type":"ListItem","position":3,"name":"Fruitstruiken","item":"https:\/\/www.schramas.com\/de\/produktkategorie\/baume-und-straucher\/obststraucher\/"},{"@type":"ListItem","position":4,"name":"Kruisbessen","item":"https:\/\/www.schramas.com\/de\/produktkategorie\/baume-und-straucher\/obststraucher\/stachelbeeren\/"},{"@type":"ListItem","position":5,"name":"Ribes uva-crispa &#8216;Hinnonmaki Rod&#8217; rode kruisbes, 2 liter pot"}]},{"@type":"WebSite","@id":"https:\/\/www.schramas.com\/#website","url":"https:\/\/www.schramas.com\/","name":"Schramas.com | Haveplanter bestilles nemt online | Direkte fra vores gartneri","description":"","alternateName":"Schramas.com - Alle planten direct van de kweker","potentialAction":[{"@type":"SearchAction","target":{"@type":"EntryPoint","urlTemplate":"https:\/\/www.schramas.com\/?s={search_term_string}"},"query-input":{"@type":"PropertyValueSpecification","valueRequired":true,"valueName":"search_term_string"}}],"inLanguage":"da-DK"}]}},"_links":{"self":[{"href":"https:\/\/www.schramas.com\/dk\/wp-json\/wp\/v2\/product\/9348","targetHints":{"allow":["GET"]}}],"collection":[{"href":"https:\/\/www.schramas.com\/dk\/wp-json\/wp\/v2\/product"}],"about":[{"href":"https:\/\/www.schramas.com\/dk\/wp-json\/wp\/v2\/types\/product"}],"version-history":[{"count":1,"href":"https:\/\/www.schramas.com\/dk\/wp-json\/wp\/v2\/product\/9348\/revisions"}],"predecessor-version":[{"id":58960,"href":"https:\/\/www.schramas.com\/dk\/wp-json\/wp\/v2\/product\/9348\/revisions\/58960"}],"wp:featuredmedia":[{"embeddable":true,"href":"https:\/\/www.schramas.com\/dk\/wp-json\/wp\/v2\/media\/16279"}],"wp:attachment":[{"href":"https:\/\/www.schramas.com\/dk\/wp-json\/wp\/v2\/media?parent=9348"}],"wp:term":[{"taxonomy":"product_brand","embeddable":true,"href":"https:\/\/www.schramas.com\/dk\/wp-json\/wp\/v2\/product_brand?post=9348"},{"taxonomy":"product_cat","embeddable":true,"href":"https:\/\/www.schramas.com\/dk\/wp-json\/wp\/v2\/product_cat?post=9348"},{"taxonomy":"product_tag","embeddable":true,"href":"https:\/\/www.schramas.com\/dk\/wp-json\/wp\/v2\/product_tag?post=9348"}],"curies":[{"name":"wp","href":"https:\/\/api.w.org\/{rel}","templated":true}]}}