{"id":23184,"date":"2023-03-07T15:58:52","date_gmt":"2023-03-07T14:58:52","guid":{"rendered":"https:\/\/www.schramas.com\/?post_type=product&#038;p=23184"},"modified":"2026-04-28T13:18:40","modified_gmt":"2026-04-28T11:18:40","slug":"set-of-4-fruit-plants-1-goji-berry-1-blackberry-1-chokeberry-1-cranberry-height-15-30cm-9cm-pot-mix-b","status":"publish","type":"product","link":"https:\/\/www.schramas.com\/en\/shop\/set-of-4-fruit-plants-1-goji-berry-1-blackberry-1-chokeberry-1-cranberry-height-15-30cm-9cm-pot-mix-b\/","title":{"rendered":"Set of 4 Fruit Plants - 1 Goji Berry, 1 Blackberry, 1 Apple Berry, 1 Cranberry - Height 15\/30cm - 9cm pot - Mix B"},"content":{"rendered":"<p><b>Gojiberry variety: Lycium barbarum, goji berry<\/b><\/p>\n<p>The Lycium Barbarum, better known as the Goji berry or Boksdoorn, is a hardy shrub that originates from China and Tibet. This fast-growing plant thrives on poor soil and can tolerate sea wind. In the spring, the elongated leaves grow and during flowering, purple flowers appear on the one-year-old wood. After flowering, oval fruits form that are initially green and turn orange-red when ripe. The berries are very medicinal and contain vitamins, carotene and amino acids, among other things. They help against various complaints such as premature aging and respiratory diseases. The Goji berry can be processed into jam, juice, jelly, dried into currants or even used to make tea. Please note that the shrub has sharp thorns and is suitable for forming an impenetrable hedge of up to 150-200 cm.<\/p>\n<p><strong>Product specifications<\/strong><\/p>\n<ul>\n<li>Lycium barbarum, Goji berry<\/li>\n<li>Flavour: fresh currant flavour.<\/li>\n<li>Fruit colour: orange red<\/li>\n<li>Height max: 2 metres<\/li>\n<li>Thorny shrub suitable as a separation hedge<\/li>\n<li>Self-pollinating<\/li>\n<li>Suitable for both patio and open ground.<\/li>\n<li>Delivery height incl. pot: 25 to 30 cm<\/li>\n<\/ul>\n<p>&nbsp;<\/p>\n<p><b>Blackberry variety: Rubus fruticosus &#039;Loch Ness&#039;\u00a0<\/b><\/p>\n<p>Meet Rubus fruticosus &#039;Loch Ness&#039;, a strong blackberry plant that produces early and continues to produce for a long time (from August to October). The large, sweet and aromatic fruits are elliptical in shape and easy to pick. This disease-resistant plant was bred in 1983 by crossing various species in Scotland and has a high yield. It is well resistant to downy mildew but winter protection below -15c degrees is recommended. The climbing variety has no thorns and can develop shoots up to 3 meters long. It is one of the better thornless blackberries and can be picked weekly. Ideal for freezing.<\/p>\n<p><strong>Product specifications<\/strong><\/p>\n<ul>\n<li>Rubus fruticosus &#039;Loch Ness&#039;<\/li>\n<li>Yield: sweet elongated blackberries<\/li>\n<li>Color: Black fruit<\/li>\n<li>Hardy<\/li>\n<li>Self-pollinating<\/li>\n<li>Max. height: approx. 250 cm in open ground<\/li>\n<\/ul>\n<p>&nbsp;<\/p>\n<p><b>Chokeberry variety: Aronia prunifolia &#039;Viking&#039;\u00a0<\/b><\/p>\n<p>Aronia prunifolia &#039;Viking&#039; is an excellent choice for a sunny or semi-shaded garden. The plant blooms in May with white-pink, fragrant flowers that develop into aubergine-black berries with lots of nutrients. The berries have a tart taste, but are appreciated by birds and can be processed into juice, jelly or jam. The leaves change colour in autumn to a beautiful colour combination of yellow, red and purple. Aronia prunifolia &#039;Viking&#039; is self-pollinating, winter hardy and deciduous.<\/p>\n<p><strong>Product specifications<\/strong><\/p>\n<ul>\n<li>Aronia prunifolia 'Viking'<\/li>\n<li>Appleberry<\/li>\n<li>Flavour: fresh tart flavour.<\/li>\n<li>Fruit colour: black<\/li>\n<li>Height max: 2 metres<\/li>\n<li>Shrub suitable as a separating hedge or solitary.<\/li>\n<li>Self-pollinating<\/li>\n<li>Suitable for both patio and open ground.<\/li>\n<li>Delivery height incl. pot: +\/_30 cm<\/li>\n<\/ul>\n<p>&nbsp;<\/p>\n<p><b>Cranberry variety: Vaccinium Macrocarpon &#039;Howes&#039;\u00a0<\/b><\/p>\n<p>Vaccinium Macrocarpon &#039;Howes&#039; is a beautiful evergreen fruit shrub known for its juicy and tasty cranberries. This low growing shrub grows to a height of 30-50cm and has a spread of 0.5-1m, making it an excellent choice for growing in cooler climates.<\/p>\n<p>In late spring or early summer, Vaccinium Macrocarpon &#039;Howes&#039; blooms with pink flowers, which then give way to a bountiful harvest of fiery red cranberries in mid-autumn. The plant&#039;s dark green leaves turn a beautiful bronze or red color in winter, making it a stunning addition to any garden or landscape.<\/p>\n<p><strong>Product specifications<\/strong><\/p>\n<ul>\n<li>Vaccinium Macrocarpon &#039;Howes&#039;<\/li>\n<li>Cranberry<\/li>\n<li>Taste: fresh and sour<\/li>\n<li>Fruit colour: red<\/li>\n<li>Max. height: approx. 0.5 metres<\/li>\n<li>Ground cover<\/li>\n<li>Self-pollinating<\/li>\n<li>Delivery height incl. pot: approx. 15 cm<\/li>\n<li>Suitable for both patio and open ground.<\/li>\n<\/ul>","protected":false},"excerpt":{"rendered":"<p>Gojiberry variety: Lycium barbarum, goji berry<\/p>\n<p>Blackberry variety: Rubus fruticosus &#039;Loch Ness&#039;<\/p>\n<p>Chokeberry variety: Aronia prunifolia &#039;Viking&#039;<\/p>\n<p>Cranberry variety: Vaccinium Macrocarpon &#039;Howes&#039;<\/p>\n<p>Delivery height incl. pot: approx. 15\/30cm<\/p>\n<p>Pot size: 9cm pot<\/p>\n<p>Suitable for both patio and open ground<\/p>","protected":false},"featured_media":23185,"template":"","meta":{"_joinchat":[]},"product_brand":[],"product_cat":[48,262,44,1011,234,46,867],"product_tag":[550,807,1048,1047,1050,654,653,1049],"class_list":{"0":"post-23184","1":"product","2":"type-product","3":"status-publish","4":"has-post-thumbnail","6":"product_cat-appelbes","7":"product_cat-bomen-struiken","8":"product_cat-bramen","9":"product_cat-fruit-deals","10":"product_cat-fruitstruiken","11":"product_cat-lonicera","12":"product_cat-pakket-deals","13":"product_tag-appelbes","14":"product_tag-bramen","15":"product_tag-cranberry","16":"product_tag-fruitplanten-set","17":"product_tag-gojiberry","18":"product_tag-gojibes","19":"product_tag-lycium","20":"product_tag-veenbes","22":"first","23":"instock","24":"taxable","25":"shipping-taxable","26":"purchasable","27":"product-type-simple"},"yoast_head":"<!-- This site is optimized with the Yoast SEO plugin v24.2 - https:\/\/yoast.com\/wordpress\/plugins\/seo\/ -->\n<title>Set van 4 Fruitplanten - 1 Gojibes, 1 Braam, 1 Appelbes, 1 Cranberry - Hoogte 15\/30cm - 9cm pot - Mix B kopen | Planten eenvoudig online bestellen | Schramas.com<\/title>\n<meta name=\"robots\" content=\"index, follow, max-snippet:-1, max-image-preview:large, max-video-preview:-1\" \/>\n<link rel=\"canonical\" href=\"https:\/\/www.schramas.com\/en\/shop\/set-of-4-fruit-plants-1-goji-berry-1-blackberry-1-chokeberry-1-cranberry-height-15-30cm-9cm-pot-mix-b\/\" \/>\n<meta property=\"og:locale\" content=\"en_GB\" \/>\n<meta property=\"og:type\" content=\"article\" \/>\n<meta property=\"og:title\" content=\"Set van 4 Fruitplanten - 1 Gojibes, 1 Braam, 1 Appelbes, 1 Cranberry - Hoogte 15\/30cm - 9cm pot - Mix B kopen | Planten eenvoudig online bestellen | Schramas.com\" \/>\n<meta property=\"og:description\" content=\"Gojiberry vari\u00ebteit: Lycium barbarum, goji bes  Braam vari\u00ebteit: Rubus fruticosus &#039;Loch Ness&#039;  Appelbes vari\u00ebteit: Aronia prunifolia &#039;Viking&#039;  Cranberry vari\u00ebteit: Vaccinium Macrocarpon &#039;Howes&#039;  Leverhoogte incl. pot: ca. 15\/30cm  Potmaat: 9cm pot  Geschikt voor zowel patio als volle grond\" \/>\n<meta property=\"og:url\" content=\"https:\/\/www.schramas.com\/en\/shop\/set-of-4-fruit-plants-1-goji-berry-1-blackberry-1-chokeberry-1-cranberry-height-15-30cm-9cm-pot-mix-b\/\" \/>\n<meta property=\"og:site_name\" content=\"Planten eenvoudig online bestellen | Schramas.com\" \/>\n<meta property=\"article:publisher\" content=\"https:\/\/www.facebook.com\/Schramascom-106872874153195\/\" \/>\n<meta property=\"article:modified_time\" content=\"2026-04-28T11:18:40+00:00\" \/>\n<meta property=\"og:image\" content=\"http:\/\/www.schramas.com\/wp-content\/uploads\/2023\/03\/Set-van-4-fruitplanten-Mix-B.png\" \/>\n\t<meta property=\"og:image:width\" content=\"701\" \/>\n\t<meta property=\"og:image:height\" content=\"701\" \/>\n\t<meta property=\"og:image:type\" content=\"image\/png\" \/>\n<meta name=\"twitter:card\" content=\"summary_large_image\" \/>\n<meta name=\"twitter:label1\" content=\"Estimated reading time\" \/>\n\t<meta name=\"twitter:data1\" content=\"3 minutes\" \/>\n<script type=\"application\/ld+json\" class=\"yoast-schema-graph\">{\"@context\":\"https:\/\/schema.org\",\"@graph\":[{\"@type\":[\"WebPage\",\"ItemPage\"],\"@id\":\"https:\/\/www.schramas.com\/winkel\/set-van-4-fruitplanten-1-gojibes-1-braam-1-appelbes-1-cranberry-hoogte-15-30cm-9cm-pot-mix-b\/\",\"url\":\"https:\/\/www.schramas.com\/winkel\/set-van-4-fruitplanten-1-gojibes-1-braam-1-appelbes-1-cranberry-hoogte-15-30cm-9cm-pot-mix-b\/\",\"name\":\"Set van 4 Fruitplanten - 1 Gojibes, 1 Braam, 1 Appelbes, 1 Cranberry - Hoogte 15\/30cm - 9cm pot - Mix B kopen | Planten eenvoudig online bestellen | Schramas.com\",\"isPartOf\":{\"@id\":\"https:\/\/www.schramas.com\/#website\"},\"primaryImageOfPage\":{\"@id\":\"https:\/\/www.schramas.com\/winkel\/set-van-4-fruitplanten-1-gojibes-1-braam-1-appelbes-1-cranberry-hoogte-15-30cm-9cm-pot-mix-b\/#primaryimage\"},\"image\":{\"@id\":\"https:\/\/www.schramas.com\/winkel\/set-van-4-fruitplanten-1-gojibes-1-braam-1-appelbes-1-cranberry-hoogte-15-30cm-9cm-pot-mix-b\/#primaryimage\"},\"thumbnailUrl\":\"https:\/\/www.schramas.com\/wp-content\/uploads\/2023\/03\/Set-van-4-fruitplanten-Mix-B.png\",\"datePublished\":\"2023-03-07T14:58:52+00:00\",\"dateModified\":\"2026-04-28T11:18:40+00:00\",\"breadcrumb\":{\"@id\":\"https:\/\/www.schramas.com\/winkel\/set-van-4-fruitplanten-1-gojibes-1-braam-1-appelbes-1-cranberry-hoogte-15-30cm-9cm-pot-mix-b\/#breadcrumb\"},\"inLanguage\":\"en-GB\",\"potentialAction\":[{\"@type\":\"ReadAction\",\"target\":[\"https:\/\/www.schramas.com\/winkel\/set-van-4-fruitplanten-1-gojibes-1-braam-1-appelbes-1-cranberry-hoogte-15-30cm-9cm-pot-mix-b\/\"]}]},{\"@type\":\"ImageObject\",\"inLanguage\":\"en-GB\",\"@id\":\"https:\/\/www.schramas.com\/winkel\/set-van-4-fruitplanten-1-gojibes-1-braam-1-appelbes-1-cranberry-hoogte-15-30cm-9cm-pot-mix-b\/#primaryimage\",\"url\":\"https:\/\/www.schramas.com\/wp-content\/uploads\/2023\/03\/Set-van-4-fruitplanten-Mix-B.png\",\"contentUrl\":\"https:\/\/www.schramas.com\/wp-content\/uploads\/2023\/03\/Set-van-4-fruitplanten-Mix-B.png\",\"width\":701,\"height\":701},{\"@type\":\"BreadcrumbList\",\"@id\":\"https:\/\/www.schramas.com\/winkel\/set-van-4-fruitplanten-1-gojibes-1-braam-1-appelbes-1-cranberry-hoogte-15-30cm-9cm-pot-mix-b\/#breadcrumb\",\"itemListElement\":[{\"@type\":\"ListItem\",\"position\":1,\"name\":\"Product\",\"item\":\"https:\/\/www.schramas.com\/assortiment\/\"},{\"@type\":\"ListItem\",\"position\":2,\"name\":\"Bomen &amp; Struiken\",\"item\":\"https:\/\/www.schramas.com\/product-category\/bomen-struiken\/\"},{\"@type\":\"ListItem\",\"position\":3,\"name\":\"Fruitstruiken\",\"item\":\"https:\/\/www.schramas.com\/de\/produktkategorie\/baume-und-straucher\/obststraucher\/\"},{\"@type\":\"ListItem\",\"position\":4,\"name\":\"Appelbes\",\"item\":\"https:\/\/www.schramas.com\/product-category\/bomen-struiken\/fruitstruiken\/appelbes\/\"},{\"@type\":\"ListItem\",\"position\":5,\"name\":\"Set van 4 Fruitplanten &#8211; 1 Gojibes, 1 Braam, 1 Appelbes, 1 Cranberry &#8211; Hoogte 15\/30cm &#8211; 9cm pot &#8211; Mix B\"}]},{\"@type\":\"WebSite\",\"@id\":\"https:\/\/www.schramas.com\/#website\",\"url\":\"https:\/\/www.schramas.com\/\",\"name\":\"Schramas.com | Tuinplanten eenvoudig online bestellen | Direct van onze Kwekerij\",\"description\":\"\",\"alternateName\":\"Schramas.com - Alle planten direct van de kweker\",\"potentialAction\":[{\"@type\":\"SearchAction\",\"target\":{\"@type\":\"EntryPoint\",\"urlTemplate\":\"https:\/\/www.schramas.com\/?s={search_term_string}\"},\"query-input\":{\"@type\":\"PropertyValueSpecification\",\"valueRequired\":true,\"valueName\":\"search_term_string\"}}],\"inLanguage\":\"en-GB\"}]}<\/script>\n<!-- \/ Yoast SEO plugin. -->","yoast_head_json":{"title":"Buy Set of 4 Fruit Plants - 1 Goji Berry, 1 Blackberry, 1 Chokeberry, 1 Cranberry - Height 15\/30cm - 9cm pot - Mix B | Order plants easily online | Schramas.com","robots":{"index":"index","follow":"follow","max-snippet":"max-snippet:-1","max-image-preview":"max-image-preview:large","max-video-preview":"max-video-preview:-1"},"canonical":"https:\/\/www.schramas.com\/en\/shop\/set-of-4-fruit-plants-1-goji-berry-1-blackberry-1-chokeberry-1-cranberry-height-15-30cm-9cm-pot-mix-b\/","og_locale":"en_GB","og_type":"article","og_title":"Set van 4 Fruitplanten - 1 Gojibes, 1 Braam, 1 Appelbes, 1 Cranberry - Hoogte 15\/30cm - 9cm pot - Mix B kopen | Planten eenvoudig online bestellen | Schramas.com","og_description":"Gojiberry vari\u00ebteit: Lycium barbarum, goji bes  Braam vari\u00ebteit: Rubus fruticosus 'Loch Ness'  Appelbes vari\u00ebteit: Aronia prunifolia 'Viking'  Cranberry vari\u00ebteit: Vaccinium Macrocarpon 'Howes'  Leverhoogte incl. pot: ca. 15\/30cm  Potmaat: 9cm pot  Geschikt voor zowel patio als volle grond","og_url":"https:\/\/www.schramas.com\/en\/shop\/set-of-4-fruit-plants-1-goji-berry-1-blackberry-1-chokeberry-1-cranberry-height-15-30cm-9cm-pot-mix-b\/","og_site_name":"Planten eenvoudig online bestellen | Schramas.com","article_publisher":"https:\/\/www.facebook.com\/Schramascom-106872874153195\/","article_modified_time":"2026-04-28T11:18:40+00:00","og_image":[{"width":701,"height":701,"url":"http:\/\/www.schramas.com\/wp-content\/uploads\/2023\/03\/Set-van-4-fruitplanten-Mix-B.png","type":"image\/png"}],"twitter_card":"summary_large_image","twitter_misc":{"Estimated reading time":"3 minutes"},"schema":{"@context":"https:\/\/schema.org","@graph":[{"@type":["WebPage","ItemPage"],"@id":"https:\/\/www.schramas.com\/winkel\/set-van-4-fruitplanten-1-gojibes-1-braam-1-appelbes-1-cranberry-hoogte-15-30cm-9cm-pot-mix-b\/","url":"https:\/\/www.schramas.com\/winkel\/set-van-4-fruitplanten-1-gojibes-1-braam-1-appelbes-1-cranberry-hoogte-15-30cm-9cm-pot-mix-b\/","name":"Buy Set of 4 Fruit Plants - 1 Goji Berry, 1 Blackberry, 1 Chokeberry, 1 Cranberry - Height 15\/30cm - 9cm pot - Mix B | Order plants easily online | Schramas.com","isPartOf":{"@id":"https:\/\/www.schramas.com\/#website"},"primaryImageOfPage":{"@id":"https:\/\/www.schramas.com\/winkel\/set-van-4-fruitplanten-1-gojibes-1-braam-1-appelbes-1-cranberry-hoogte-15-30cm-9cm-pot-mix-b\/#primaryimage"},"image":{"@id":"https:\/\/www.schramas.com\/winkel\/set-van-4-fruitplanten-1-gojibes-1-braam-1-appelbes-1-cranberry-hoogte-15-30cm-9cm-pot-mix-b\/#primaryimage"},"thumbnailUrl":"https:\/\/www.schramas.com\/wp-content\/uploads\/2023\/03\/Set-van-4-fruitplanten-Mix-B.png","datePublished":"2023-03-07T14:58:52+00:00","dateModified":"2026-04-28T11:18:40+00:00","breadcrumb":{"@id":"https:\/\/www.schramas.com\/winkel\/set-van-4-fruitplanten-1-gojibes-1-braam-1-appelbes-1-cranberry-hoogte-15-30cm-9cm-pot-mix-b\/#breadcrumb"},"inLanguage":"en-GB","potentialAction":[{"@type":"ReadAction","target":["https:\/\/www.schramas.com\/winkel\/set-van-4-fruitplanten-1-gojibes-1-braam-1-appelbes-1-cranberry-hoogte-15-30cm-9cm-pot-mix-b\/"]}]},{"@type":"ImageObject","inLanguage":"en-GB","@id":"https:\/\/www.schramas.com\/winkel\/set-van-4-fruitplanten-1-gojibes-1-braam-1-appelbes-1-cranberry-hoogte-15-30cm-9cm-pot-mix-b\/#primaryimage","url":"https:\/\/www.schramas.com\/wp-content\/uploads\/2023\/03\/Set-van-4-fruitplanten-Mix-B.png","contentUrl":"https:\/\/www.schramas.com\/wp-content\/uploads\/2023\/03\/Set-van-4-fruitplanten-Mix-B.png","width":701,"height":701},{"@type":"BreadcrumbList","@id":"https:\/\/www.schramas.com\/winkel\/set-van-4-fruitplanten-1-gojibes-1-braam-1-appelbes-1-cranberry-hoogte-15-30cm-9cm-pot-mix-b\/#breadcrumb","itemListElement":[{"@type":"ListItem","position":1,"name":"Product","item":"https:\/\/www.schramas.com\/assortiment\/"},{"@type":"ListItem","position":2,"name":"Bomen &amp; Struiken","item":"https:\/\/www.schramas.com\/product-category\/bomen-struiken\/"},{"@type":"ListItem","position":3,"name":"Fruitstruiken","item":"https:\/\/www.schramas.com\/de\/produktkategorie\/baume-und-straucher\/obststraucher\/"},{"@type":"ListItem","position":4,"name":"Appelbes","item":"https:\/\/www.schramas.com\/product-category\/bomen-struiken\/fruitstruiken\/appelbes\/"},{"@type":"ListItem","position":5,"name":"Set van 4 Fruitplanten &#8211; 1 Gojibes, 1 Braam, 1 Appelbes, 1 Cranberry &#8211; Hoogte 15\/30cm &#8211; 9cm pot &#8211; Mix B"}]},{"@type":"WebSite","@id":"https:\/\/www.schramas.com\/#website","url":"https:\/\/www.schramas.com\/","name":"Schramas.com | Garden plants easily ordered online | Direct from our nursery","description":"","alternateName":"Schramas.com - Alle planten direct van de kweker","potentialAction":[{"@type":"SearchAction","target":{"@type":"EntryPoint","urlTemplate":"https:\/\/www.schramas.com\/?s={search_term_string}"},"query-input":{"@type":"PropertyValueSpecification","valueRequired":true,"valueName":"search_term_string"}}],"inLanguage":"en-GB"}]}},"_links":{"self":[{"href":"https:\/\/www.schramas.com\/en\/wp-json\/wp\/v2\/product\/23184","targetHints":{"allow":["GET"]}}],"collection":[{"href":"https:\/\/www.schramas.com\/en\/wp-json\/wp\/v2\/product"}],"about":[{"href":"https:\/\/www.schramas.com\/en\/wp-json\/wp\/v2\/types\/product"}],"version-history":[{"count":1,"href":"https:\/\/www.schramas.com\/en\/wp-json\/wp\/v2\/product\/23184\/revisions"}],"predecessor-version":[{"id":48581,"href":"https:\/\/www.schramas.com\/en\/wp-json\/wp\/v2\/product\/23184\/revisions\/48581"}],"wp:featuredmedia":[{"embeddable":true,"href":"https:\/\/www.schramas.com\/en\/wp-json\/wp\/v2\/media\/23185"}],"wp:attachment":[{"href":"https:\/\/www.schramas.com\/en\/wp-json\/wp\/v2\/media?parent=23184"}],"wp:term":[{"taxonomy":"product_brand","embeddable":true,"href":"https:\/\/www.schramas.com\/en\/wp-json\/wp\/v2\/product_brand?post=23184"},{"taxonomy":"product_cat","embeddable":true,"href":"https:\/\/www.schramas.com\/en\/wp-json\/wp\/v2\/product_cat?post=23184"},{"taxonomy":"product_tag","embeddable":true,"href":"https:\/\/www.schramas.com\/en\/wp-json\/wp\/v2\/product_tag?post=23184"}],"curies":[{"name":"wp","href":"https:\/\/api.w.org\/{rel}","templated":true}]}}