{"id":10003,"date":"2020-04-11T12:07:20","date_gmt":"2020-04-11T10:07:20","guid":{"rendered":"https:\/\/www.schramas.com\/?post_type=product&#038;p=10003"},"modified":"2026-03-26T16:34:07","modified_gmt":"2026-03-26T15:34:07","slug":"weigela-middendorffiana-en-pot-jaune-tendre-a-riche-floraison-cultivee-en-pot-de-9-cm-pour-jardin-terrasse-ou-balcon","status":"publish","type":"product","link":"https:\/\/www.schramas.com\/fr\/boutique\/weigela-middendorffiana-en-pot-jaune-tendre-a-riche-floraison-cultivee-en-pot-de-9-cm-pour-jardin-terrasse-ou-balcon\/","title":{"rendered":"Weigela middendorffiana, 3 pi\u00e8ces en pots de 9 cm"},"content":{"rendered":"<p>Weigela Middendorffiana est un arbuste richement fleuri avec des fleurs jaune tendre en forme de cloche avec des taches orange au c\u0153ur. La hauteur maximale de l&#039;arbuste est de 150 cm. La plante fleurit au d\u00e9but de l&#039;\u00e9t\u00e9, en mai et juin.<\/p>\n<p>Schramas.com fournit ces plantes en pots de 9 cm.<\/p>","protected":false},"excerpt":{"rendered":"<p>Weigela Middendorffiana<\/p>\n<p>Weig\u00e9lia<\/p>\n<p>Inflorescence : Fleurs jaunes en forme de cloche avec des taches orange \u00e0 l&#039;int\u00e9rieur.<\/p>\n<p>Max. hauteur 150 cm<\/p>\n<p>\u00c0 feuilles caduques.<\/p>\n<p>Hardy<\/p>\n<p>Hauteur de livraison, pot compris : 30 cm<\/p>\n<p>Taille du pot : pot de 9 cm<\/p>","protected":false},"featured_media":10009,"template":"","meta":{"_joinchat":[]},"product_brand":[],"product_cat":[302,300,290,229,305],"product_tag":[],"class_list":{"0":"post-10003","1":"product","2":"type-product","3":"status-publish","4":"has-post-thumbnail","6":"product_cat-bladverliezende-heesters","7":"product_cat-heesters","8":"product_cat-sierheester","9":"product_cat-sierheesters","10":"product_cat-planten-heesters","11":"pa_bloeimaanden-juni","12":"pa_bloeimaanden-augustus","13":"pa_groeihoogte-150-200-cm","14":"pa_pot-zonder-pot","16":"first","17":"outofstock","18":"taxable","19":"shipping-taxable","20":"purchasable","21":"product-type-simple"},"yoast_head":"<!-- This site is optimized with the Yoast SEO plugin v24.2 - https:\/\/yoast.com\/wordpress\/plugins\/seo\/ -->\n<title>Weigela middendorffiana, 3 stuks in 9 cm potjes kopen | Planten eenvoudig online bestellen | Schramas.com<\/title>\n<meta name=\"robots\" content=\"index, follow, max-snippet:-1, max-image-preview:large, max-video-preview:-1\" \/>\n<link rel=\"canonical\" href=\"https:\/\/www.schramas.com\/fr\/boutique\/weigela-middendorffiana-en-pot-jaune-tendre-a-riche-floraison-cultivee-en-pot-de-9-cm-pour-jardin-terrasse-ou-balcon\/\" \/>\n<meta property=\"og:locale\" content=\"fr_FR\" \/>\n<meta property=\"og:type\" content=\"article\" \/>\n<meta property=\"og:title\" content=\"Weigela middendorffiana, 3 stuks in 9 cm potjes kopen | Planten eenvoudig online bestellen | Schramas.com\" \/>\n<meta property=\"og:description\" content=\"Weigela middendorffiana  Weigelia  Bloeiwijze:Gele klokvormige bloemen met oranje vlekjes aan de binnenzijde.  Max. hoogte 150 cm  Bladverliezend.  Winterhard  Leverhoogte incl. pot: 30 cm  Potmaat: 9 cm pot\" \/>\n<meta property=\"og:url\" content=\"https:\/\/www.schramas.com\/fr\/boutique\/weigela-middendorffiana-en-pot-jaune-tendre-a-riche-floraison-cultivee-en-pot-de-9-cm-pour-jardin-terrasse-ou-balcon\/\" \/>\n<meta property=\"og:site_name\" content=\"Planten eenvoudig online bestellen | Schramas.com\" \/>\n<meta property=\"article:publisher\" content=\"https:\/\/www.facebook.com\/Schramascom-106872874153195\/\" \/>\n<meta property=\"article:modified_time\" content=\"2026-03-26T15:34:07+00:00\" \/>\n<meta property=\"og:image\" content=\"https:\/\/www.schramas.com\/wp-content\/uploads\/2020\/04\/weigelia-geel-schramas.png\" \/>\n\t<meta property=\"og:image:width\" content=\"278\" \/>\n\t<meta property=\"og:image:height\" content=\"370\" \/>\n\t<meta property=\"og:image:type\" content=\"image\/png\" \/>\n<meta name=\"twitter:card\" content=\"summary_large_image\" \/>\n<script type=\"application\/ld+json\" class=\"yoast-schema-graph\">{\"@context\":\"https:\/\/schema.org\",\"@graph\":[{\"@type\":[\"WebPage\",\"ItemPage\"],\"@id\":\"https:\/\/www.schramas.com\/winkel\/weigela-middendorffiana-rijkbloeiend-zacht-geel-pot-gekweekt-in-een-9-cm-pot-voor-tuin-terras-of-balkon\/\",\"url\":\"https:\/\/www.schramas.com\/winkel\/weigela-middendorffiana-rijkbloeiend-zacht-geel-pot-gekweekt-in-een-9-cm-pot-voor-tuin-terras-of-balkon\/\",\"name\":\"Weigela middendorffiana, 3 stuks in 9 cm potjes kopen | Planten eenvoudig online bestellen | Schramas.com\",\"isPartOf\":{\"@id\":\"https:\/\/www.schramas.com\/#website\"},\"primaryImageOfPage\":{\"@id\":\"https:\/\/www.schramas.com\/winkel\/weigela-middendorffiana-rijkbloeiend-zacht-geel-pot-gekweekt-in-een-9-cm-pot-voor-tuin-terras-of-balkon\/#primaryimage\"},\"image\":{\"@id\":\"https:\/\/www.schramas.com\/winkel\/weigela-middendorffiana-rijkbloeiend-zacht-geel-pot-gekweekt-in-een-9-cm-pot-voor-tuin-terras-of-balkon\/#primaryimage\"},\"thumbnailUrl\":\"https:\/\/www.schramas.com\/wp-content\/uploads\/2020\/04\/weigelia-geel-schramas.png\",\"datePublished\":\"2020-04-11T10:07:20+00:00\",\"dateModified\":\"2026-03-26T15:34:07+00:00\",\"breadcrumb\":{\"@id\":\"https:\/\/www.schramas.com\/winkel\/weigela-middendorffiana-rijkbloeiend-zacht-geel-pot-gekweekt-in-een-9-cm-pot-voor-tuin-terras-of-balkon\/#breadcrumb\"},\"inLanguage\":\"fr-FR\",\"potentialAction\":[{\"@type\":\"ReadAction\",\"target\":[\"https:\/\/www.schramas.com\/winkel\/weigela-middendorffiana-rijkbloeiend-zacht-geel-pot-gekweekt-in-een-9-cm-pot-voor-tuin-terras-of-balkon\/\"]}]},{\"@type\":\"ImageObject\",\"inLanguage\":\"fr-FR\",\"@id\":\"https:\/\/www.schramas.com\/winkel\/weigela-middendorffiana-rijkbloeiend-zacht-geel-pot-gekweekt-in-een-9-cm-pot-voor-tuin-terras-of-balkon\/#primaryimage\",\"url\":\"https:\/\/www.schramas.com\/wp-content\/uploads\/2020\/04\/weigelia-geel-schramas.png\",\"contentUrl\":\"https:\/\/www.schramas.com\/wp-content\/uploads\/2020\/04\/weigelia-geel-schramas.png\",\"width\":278,\"height\":370},{\"@type\":\"BreadcrumbList\",\"@id\":\"https:\/\/www.schramas.com\/winkel\/weigela-middendorffiana-rijkbloeiend-zacht-geel-pot-gekweekt-in-een-9-cm-pot-voor-tuin-terras-of-balkon\/#breadcrumb\",\"itemListElement\":[{\"@type\":\"ListItem\",\"position\":1,\"name\":\"Product\",\"item\":\"https:\/\/www.schramas.com\/assortiment\/\"},{\"@type\":\"ListItem\",\"position\":2,\"name\":\"Tuinplanten\",\"item\":\"https:\/\/www.schramas.com\/product-category\/planten-heesters\/\"},{\"@type\":\"ListItem\",\"position\":3,\"name\":\"Heesters\",\"item\":\"https:\/\/www.schramas.com\/product-category\/planten-heesters\/heesters\/\"},{\"@type\":\"ListItem\",\"position\":4,\"name\":\"Sierheesters\",\"item\":\"https:\/\/www.schramas.com\/product-category\/planten-heesters\/heesters\/sierheesters\/\"},{\"@type\":\"ListItem\",\"position\":5,\"name\":\"Weigela middendorffiana, 3 stuks in 9 cm potjes\"}]},{\"@type\":\"WebSite\",\"@id\":\"https:\/\/www.schramas.com\/#website\",\"url\":\"https:\/\/www.schramas.com\/\",\"name\":\"Schramas.com | Tuinplanten eenvoudig online bestellen | Direct van onze Kwekerij\",\"description\":\"\",\"alternateName\":\"Schramas.com - Alle planten direct van de kweker\",\"potentialAction\":[{\"@type\":\"SearchAction\",\"target\":{\"@type\":\"EntryPoint\",\"urlTemplate\":\"https:\/\/www.schramas.com\/?s={search_term_string}\"},\"query-input\":{\"@type\":\"PropertyValueSpecification\",\"valueRequired\":true,\"valueName\":\"search_term_string\"}}],\"inLanguage\":\"fr-FR\"}]}<\/script>\n<!-- \/ Yoast SEO plugin. -->","yoast_head_json":{"title":"Achetez Weigela Middendorffiana, 3 pi\u00e8ces en pots de 9 cm | Commandez facilement des plantes en ligne | Schramas.com","robots":{"index":"index","follow":"follow","max-snippet":"max-snippet:-1","max-image-preview":"max-image-preview:large","max-video-preview":"max-video-preview:-1"},"canonical":"https:\/\/www.schramas.com\/fr\/boutique\/weigela-middendorffiana-en-pot-jaune-tendre-a-riche-floraison-cultivee-en-pot-de-9-cm-pour-jardin-terrasse-ou-balcon\/","og_locale":"fr_FR","og_type":"article","og_title":"Weigela middendorffiana, 3 stuks in 9 cm potjes kopen | Planten eenvoudig online bestellen | Schramas.com","og_description":"Weigela middendorffiana  Weigelia  Bloeiwijze:Gele klokvormige bloemen met oranje vlekjes aan de binnenzijde.  Max. hoogte 150 cm  Bladverliezend.  Winterhard  Leverhoogte incl. pot: 30 cm  Potmaat: 9 cm pot","og_url":"https:\/\/www.schramas.com\/fr\/boutique\/weigela-middendorffiana-en-pot-jaune-tendre-a-riche-floraison-cultivee-en-pot-de-9-cm-pour-jardin-terrasse-ou-balcon\/","og_site_name":"Planten eenvoudig online bestellen | Schramas.com","article_publisher":"https:\/\/www.facebook.com\/Schramascom-106872874153195\/","article_modified_time":"2026-03-26T15:34:07+00:00","og_image":[{"width":278,"height":370,"url":"https:\/\/www.schramas.com\/wp-content\/uploads\/2020\/04\/weigelia-geel-schramas.png","type":"image\/png"}],"twitter_card":"summary_large_image","schema":{"@context":"https:\/\/schema.org","@graph":[{"@type":["WebPage","ItemPage"],"@id":"https:\/\/www.schramas.com\/winkel\/weigela-middendorffiana-rijkbloeiend-zacht-geel-pot-gekweekt-in-een-9-cm-pot-voor-tuin-terras-of-balkon\/","url":"https:\/\/www.schramas.com\/winkel\/weigela-middendorffiana-rijkbloeiend-zacht-geel-pot-gekweekt-in-een-9-cm-pot-voor-tuin-terras-of-balkon\/","name":"Achetez Weigela Middendorffiana, 3 pi\u00e8ces en pots de 9 cm | Commandez facilement des plantes en ligne | Schramas.com","isPartOf":{"@id":"https:\/\/www.schramas.com\/#website"},"primaryImageOfPage":{"@id":"https:\/\/www.schramas.com\/winkel\/weigela-middendorffiana-rijkbloeiend-zacht-geel-pot-gekweekt-in-een-9-cm-pot-voor-tuin-terras-of-balkon\/#primaryimage"},"image":{"@id":"https:\/\/www.schramas.com\/winkel\/weigela-middendorffiana-rijkbloeiend-zacht-geel-pot-gekweekt-in-een-9-cm-pot-voor-tuin-terras-of-balkon\/#primaryimage"},"thumbnailUrl":"https:\/\/www.schramas.com\/wp-content\/uploads\/2020\/04\/weigelia-geel-schramas.png","datePublished":"2020-04-11T10:07:20+00:00","dateModified":"2026-03-26T15:34:07+00:00","breadcrumb":{"@id":"https:\/\/www.schramas.com\/winkel\/weigela-middendorffiana-rijkbloeiend-zacht-geel-pot-gekweekt-in-een-9-cm-pot-voor-tuin-terras-of-balkon\/#breadcrumb"},"inLanguage":"fr-FR","potentialAction":[{"@type":"ReadAction","target":["https:\/\/www.schramas.com\/winkel\/weigela-middendorffiana-rijkbloeiend-zacht-geel-pot-gekweekt-in-een-9-cm-pot-voor-tuin-terras-of-balkon\/"]}]},{"@type":"ImageObject","inLanguage":"fr-FR","@id":"https:\/\/www.schramas.com\/winkel\/weigela-middendorffiana-rijkbloeiend-zacht-geel-pot-gekweekt-in-een-9-cm-pot-voor-tuin-terras-of-balkon\/#primaryimage","url":"https:\/\/www.schramas.com\/wp-content\/uploads\/2020\/04\/weigelia-geel-schramas.png","contentUrl":"https:\/\/www.schramas.com\/wp-content\/uploads\/2020\/04\/weigelia-geel-schramas.png","width":278,"height":370},{"@type":"BreadcrumbList","@id":"https:\/\/www.schramas.com\/winkel\/weigela-middendorffiana-rijkbloeiend-zacht-geel-pot-gekweekt-in-een-9-cm-pot-voor-tuin-terras-of-balkon\/#breadcrumb","itemListElement":[{"@type":"ListItem","position":1,"name":"Product","item":"https:\/\/www.schramas.com\/assortiment\/"},{"@type":"ListItem","position":2,"name":"Tuinplanten","item":"https:\/\/www.schramas.com\/product-category\/planten-heesters\/"},{"@type":"ListItem","position":3,"name":"Heesters","item":"https:\/\/www.schramas.com\/product-category\/planten-heesters\/heesters\/"},{"@type":"ListItem","position":4,"name":"Sierheesters","item":"https:\/\/www.schramas.com\/product-category\/planten-heesters\/heesters\/sierheesters\/"},{"@type":"ListItem","position":5,"name":"Weigela middendorffiana, 3 stuks in 9 cm potjes"}]},{"@type":"WebSite","@id":"https:\/\/www.schramas.com\/#website","url":"https:\/\/www.schramas.com\/","name":"Schramas.com | Plantes de jardin faciles \u00e0 commander en ligne | En direct de notre p\u00e9pini\u00e8re","description":"","alternateName":"Schramas.com - Alle planten direct van de kweker","potentialAction":[{"@type":"SearchAction","target":{"@type":"EntryPoint","urlTemplate":"https:\/\/www.schramas.com\/?s={search_term_string}"},"query-input":{"@type":"PropertyValueSpecification","valueRequired":true,"valueName":"search_term_string"}}],"inLanguage":"fr-FR"}]}},"_links":{"self":[{"href":"https:\/\/www.schramas.com\/fr\/wp-json\/wp\/v2\/product\/10003","targetHints":{"allow":["GET"]}}],"collection":[{"href":"https:\/\/www.schramas.com\/fr\/wp-json\/wp\/v2\/product"}],"about":[{"href":"https:\/\/www.schramas.com\/fr\/wp-json\/wp\/v2\/types\/product"}],"version-history":[{"count":1,"href":"https:\/\/www.schramas.com\/fr\/wp-json\/wp\/v2\/product\/10003\/revisions"}],"predecessor-version":[{"id":46628,"href":"https:\/\/www.schramas.com\/fr\/wp-json\/wp\/v2\/product\/10003\/revisions\/46628"}],"wp:featuredmedia":[{"embeddable":true,"href":"https:\/\/www.schramas.com\/fr\/wp-json\/wp\/v2\/media\/10009"}],"wp:attachment":[{"href":"https:\/\/www.schramas.com\/fr\/wp-json\/wp\/v2\/media?parent=10003"}],"wp:term":[{"taxonomy":"product_brand","embeddable":true,"href":"https:\/\/www.schramas.com\/fr\/wp-json\/wp\/v2\/product_brand?post=10003"},{"taxonomy":"product_cat","embeddable":true,"href":"https:\/\/www.schramas.com\/fr\/wp-json\/wp\/v2\/product_cat?post=10003"},{"taxonomy":"product_tag","embeddable":true,"href":"https:\/\/www.schramas.com\/fr\/wp-json\/wp\/v2\/product_tag?post=10003"}],"curies":[{"name":"wp","href":"https:\/\/api.w.org\/{rel}","templated":true}]}}