{"id":10022,"date":"2020-04-11T12:31:50","date_gmt":"2020-04-11T10:31:50","guid":{"rendered":"https:\/\/www.schramas.com\/?post_type=product&#038;p=10022"},"modified":"2026-03-26T16:34:08","modified_gmt":"2026-03-26T15:34:08","slug":"weigela-praecox-bouquet-rosier-richement-fleuri-rose-tendre-en-pot-de-9-cm-pour-jardin-terrasse-ou-balcon","status":"publish","type":"product","link":"https:\/\/www.schramas.com\/fr\/boutique\/weigela-praecox-bouquet-rosier-richement-fleuri-rose-tendre-en-pot-de-9-cm-pour-jardin-terrasse-ou-balcon\/","title":{"rendered":"Weigela praecox 'Bouquet Rose', pot de 2 litres"},"content":{"rendered":"<p>Weigela Middendorffiana &#039;Bouquet Rose&#039; est un arbuste richement fleuri avec des fleurs rose tendre en forme de cloche. La hauteur maximale de l&#039;arbuste est de 150 cm. La plante fleurit au d\u00e9but de l&#039;\u00e9t\u00e9, en mai et juin.<\/p>\n<p>Schramas.com les fournit dans des pots de 2 litres.<\/p>","protected":false},"excerpt":{"rendered":"<p>Weigela praecox &#039;Bouquet Rose&#039;<\/p>\n<p>Weigelia rose<\/p>\n<p>Inflorescence : Fleurs roses en forme de cloche.<\/p>\n<p>Max. hauteur 150 cm<\/p>\n<p>\u00c0 feuilles caduques.<\/p>\n<p>Hardy<\/p>\n<p>Hauteur de livraison, pot compris : 40 cm<\/p>\n<p>Taille du pot : pot de 2 litres<\/p>","protected":false},"featured_media":10023,"template":"","meta":{"_joinchat":[]},"product_brand":[],"product_cat":[302,300,290,229,305],"product_tag":[495,504,351],"class_list":{"0":"post-10022","1":"product","2":"type-product","3":"status-publish","4":"has-post-thumbnail","6":"product_cat-bladverliezende-heesters","7":"product_cat-heesters","8":"product_cat-sierheester","9":"product_cat-sierheesters","10":"product_cat-planten-heesters","11":"product_tag-sierheester","12":"product_tag-vlinderplant","13":"product_tag-winterhard","14":"pa_bloeimaanden-juni","15":"pa_bloeimaanden-augustus","16":"pa_groeihoogte-150-200-cm","17":"pa_pot-zonder-pot","19":"first","20":"outofstock","21":"taxable","22":"shipping-taxable","23":"purchasable","24":"product-type-simple"},"yoast_head":"<!-- This site is optimized with the Yoast SEO plugin v24.2 - https:\/\/yoast.com\/wordpress\/plugins\/seo\/ -->\n<title>Weigela praecox &#039;Bouquet Rose&#039;, 2 liter pot kopen | Planten eenvoudig online bestellen | Schramas.com<\/title>\n<meta name=\"robots\" content=\"index, follow, max-snippet:-1, max-image-preview:large, max-video-preview:-1\" \/>\n<link rel=\"canonical\" href=\"https:\/\/www.schramas.com\/fr\/boutique\/weigela-praecox-bouquet-rosier-richement-fleuri-rose-tendre-en-pot-de-9-cm-pour-jardin-terrasse-ou-balcon\/\" \/>\n<meta property=\"og:locale\" content=\"fr_FR\" \/>\n<meta property=\"og:type\" content=\"article\" \/>\n<meta property=\"og:title\" content=\"Weigela praecox &#039;Bouquet Rose&#039;, 2 liter pot kopen | Planten eenvoudig online bestellen | Schramas.com\" \/>\n<meta property=\"og:description\" content=\"Weigela praecox &#039;Bouquet Rose&#039;  Weigelia roze  Bloeiwijze: Roze klokvormige bloemen.  Max. hoogte 150 cm  Bladverliezend.  Winterhard  Leverhoogte incl. pot: 40 cm  Potmaat: 2 liter pot\" \/>\n<meta property=\"og:url\" content=\"https:\/\/www.schramas.com\/fr\/boutique\/weigela-praecox-bouquet-rosier-richement-fleuri-rose-tendre-en-pot-de-9-cm-pour-jardin-terrasse-ou-balcon\/\" \/>\n<meta property=\"og:site_name\" content=\"Planten eenvoudig online bestellen | Schramas.com\" \/>\n<meta property=\"article:publisher\" content=\"https:\/\/www.facebook.com\/Schramascom-106872874153195\/\" \/>\n<meta property=\"article:modified_time\" content=\"2026-03-26T15:34:08+00:00\" \/>\n<meta property=\"og:image\" content=\"https:\/\/www.schramas.com\/wp-content\/uploads\/2020\/04\/weigelia-roze-schramas.jpg\" \/>\n\t<meta property=\"og:image:width\" content=\"271\" \/>\n\t<meta property=\"og:image:height\" content=\"186\" \/>\n\t<meta property=\"og:image:type\" content=\"image\/jpeg\" \/>\n<meta name=\"twitter:card\" content=\"summary_large_image\" \/>\n<meta name=\"twitter:label1\" content=\"Dur\u00e9e de lecture estim\u00e9e\" \/>\n\t<meta name=\"twitter:data1\" content=\"1 minute\" \/>\n<script type=\"application\/ld+json\" class=\"yoast-schema-graph\">{\"@context\":\"https:\/\/schema.org\",\"@graph\":[{\"@type\":[\"WebPage\",\"ItemPage\"],\"@id\":\"https:\/\/www.schramas.com\/winkel\/weigela-praecox-bouquet-rose-rijkbloeiend-zacht-roze-pot-gekweekt-in-een-9-cm-pot-voor-tuin-terras-of-balkon\/\",\"url\":\"https:\/\/www.schramas.com\/winkel\/weigela-praecox-bouquet-rose-rijkbloeiend-zacht-roze-pot-gekweekt-in-een-9-cm-pot-voor-tuin-terras-of-balkon\/\",\"name\":\"Weigela praecox 'Bouquet Rose', 2 liter pot kopen | Planten eenvoudig online bestellen | Schramas.com\",\"isPartOf\":{\"@id\":\"https:\/\/www.schramas.com\/#website\"},\"primaryImageOfPage\":{\"@id\":\"https:\/\/www.schramas.com\/winkel\/weigela-praecox-bouquet-rose-rijkbloeiend-zacht-roze-pot-gekweekt-in-een-9-cm-pot-voor-tuin-terras-of-balkon\/#primaryimage\"},\"image\":{\"@id\":\"https:\/\/www.schramas.com\/winkel\/weigela-praecox-bouquet-rose-rijkbloeiend-zacht-roze-pot-gekweekt-in-een-9-cm-pot-voor-tuin-terras-of-balkon\/#primaryimage\"},\"thumbnailUrl\":\"https:\/\/www.schramas.com\/wp-content\/uploads\/2020\/04\/weigelia-roze-schramas.jpg\",\"datePublished\":\"2020-04-11T10:31:50+00:00\",\"dateModified\":\"2026-03-26T15:34:08+00:00\",\"breadcrumb\":{\"@id\":\"https:\/\/www.schramas.com\/winkel\/weigela-praecox-bouquet-rose-rijkbloeiend-zacht-roze-pot-gekweekt-in-een-9-cm-pot-voor-tuin-terras-of-balkon\/#breadcrumb\"},\"inLanguage\":\"fr-FR\",\"potentialAction\":[{\"@type\":\"ReadAction\",\"target\":[\"https:\/\/www.schramas.com\/winkel\/weigela-praecox-bouquet-rose-rijkbloeiend-zacht-roze-pot-gekweekt-in-een-9-cm-pot-voor-tuin-terras-of-balkon\/\"]}]},{\"@type\":\"ImageObject\",\"inLanguage\":\"fr-FR\",\"@id\":\"https:\/\/www.schramas.com\/winkel\/weigela-praecox-bouquet-rose-rijkbloeiend-zacht-roze-pot-gekweekt-in-een-9-cm-pot-voor-tuin-terras-of-balkon\/#primaryimage\",\"url\":\"https:\/\/www.schramas.com\/wp-content\/uploads\/2020\/04\/weigelia-roze-schramas.jpg\",\"contentUrl\":\"https:\/\/www.schramas.com\/wp-content\/uploads\/2020\/04\/weigelia-roze-schramas.jpg\",\"width\":271,\"height\":186},{\"@type\":\"BreadcrumbList\",\"@id\":\"https:\/\/www.schramas.com\/winkel\/weigela-praecox-bouquet-rose-rijkbloeiend-zacht-roze-pot-gekweekt-in-een-9-cm-pot-voor-tuin-terras-of-balkon\/#breadcrumb\",\"itemListElement\":[{\"@type\":\"ListItem\",\"position\":1,\"name\":\"Product\",\"item\":\"https:\/\/www.schramas.com\/assortiment\/\"},{\"@type\":\"ListItem\",\"position\":2,\"name\":\"Tuinplanten\",\"item\":\"https:\/\/www.schramas.com\/product-category\/planten-heesters\/\"},{\"@type\":\"ListItem\",\"position\":3,\"name\":\"Heesters\",\"item\":\"https:\/\/www.schramas.com\/product-category\/planten-heesters\/heesters\/\"},{\"@type\":\"ListItem\",\"position\":4,\"name\":\"Sierheesters\",\"item\":\"https:\/\/www.schramas.com\/product-category\/planten-heesters\/heesters\/sierheesters\/\"},{\"@type\":\"ListItem\",\"position\":5,\"name\":\"Weigela praecox &#8216;Bouquet Rose&#8217;, 2 liter pot\"}]},{\"@type\":\"WebSite\",\"@id\":\"https:\/\/www.schramas.com\/#website\",\"url\":\"https:\/\/www.schramas.com\/\",\"name\":\"Schramas.com | Tuinplanten eenvoudig online bestellen | Direct van onze Kwekerij\",\"description\":\"\",\"alternateName\":\"Schramas.com - Alle planten direct van de kweker\",\"potentialAction\":[{\"@type\":\"SearchAction\",\"target\":{\"@type\":\"EntryPoint\",\"urlTemplate\":\"https:\/\/www.schramas.com\/?s={search_term_string}\"},\"query-input\":{\"@type\":\"PropertyValueSpecification\",\"valueRequired\":true,\"valueName\":\"search_term_string\"}}],\"inLanguage\":\"fr-FR\"}]}<\/script>\n<!-- \/ Yoast SEO plugin. -->","yoast_head_json":{"title":"Achetez Weigela praecox &#039;Bouquet Rose&#039;, pot de 2 litres | Commandez facilement des plantes en ligne | Schramas.com","robots":{"index":"index","follow":"follow","max-snippet":"max-snippet:-1","max-image-preview":"max-image-preview:large","max-video-preview":"max-video-preview:-1"},"canonical":"https:\/\/www.schramas.com\/fr\/boutique\/weigela-praecox-bouquet-rosier-richement-fleuri-rose-tendre-en-pot-de-9-cm-pour-jardin-terrasse-ou-balcon\/","og_locale":"fr_FR","og_type":"article","og_title":"Weigela praecox 'Bouquet Rose', 2 liter pot kopen | Planten eenvoudig online bestellen | Schramas.com","og_description":"Weigela praecox 'Bouquet Rose'  Weigelia roze  Bloeiwijze: Roze klokvormige bloemen.  Max. hoogte 150 cm  Bladverliezend.  Winterhard  Leverhoogte incl. pot: 40 cm  Potmaat: 2 liter pot","og_url":"https:\/\/www.schramas.com\/fr\/boutique\/weigela-praecox-bouquet-rosier-richement-fleuri-rose-tendre-en-pot-de-9-cm-pour-jardin-terrasse-ou-balcon\/","og_site_name":"Planten eenvoudig online bestellen | Schramas.com","article_publisher":"https:\/\/www.facebook.com\/Schramascom-106872874153195\/","article_modified_time":"2026-03-26T15:34:08+00:00","og_image":[{"width":271,"height":186,"url":"https:\/\/www.schramas.com\/wp-content\/uploads\/2020\/04\/weigelia-roze-schramas.jpg","type":"image\/jpeg"}],"twitter_card":"summary_large_image","twitter_misc":{"Dur\u00e9e de lecture estim\u00e9e":"1 minute"},"schema":{"@context":"https:\/\/schema.org","@graph":[{"@type":["WebPage","ItemPage"],"@id":"https:\/\/www.schramas.com\/winkel\/weigela-praecox-bouquet-rose-rijkbloeiend-zacht-roze-pot-gekweekt-in-een-9-cm-pot-voor-tuin-terras-of-balkon\/","url":"https:\/\/www.schramas.com\/winkel\/weigela-praecox-bouquet-rose-rijkbloeiend-zacht-roze-pot-gekweekt-in-een-9-cm-pot-voor-tuin-terras-of-balkon\/","name":"Achetez Weigela praecox &#039;Bouquet Rose&#039;, pot de 2 litres | Commandez facilement des plantes en ligne | Schramas.com","isPartOf":{"@id":"https:\/\/www.schramas.com\/#website"},"primaryImageOfPage":{"@id":"https:\/\/www.schramas.com\/winkel\/weigela-praecox-bouquet-rose-rijkbloeiend-zacht-roze-pot-gekweekt-in-een-9-cm-pot-voor-tuin-terras-of-balkon\/#primaryimage"},"image":{"@id":"https:\/\/www.schramas.com\/winkel\/weigela-praecox-bouquet-rose-rijkbloeiend-zacht-roze-pot-gekweekt-in-een-9-cm-pot-voor-tuin-terras-of-balkon\/#primaryimage"},"thumbnailUrl":"https:\/\/www.schramas.com\/wp-content\/uploads\/2020\/04\/weigelia-roze-schramas.jpg","datePublished":"2020-04-11T10:31:50+00:00","dateModified":"2026-03-26T15:34:08+00:00","breadcrumb":{"@id":"https:\/\/www.schramas.com\/winkel\/weigela-praecox-bouquet-rose-rijkbloeiend-zacht-roze-pot-gekweekt-in-een-9-cm-pot-voor-tuin-terras-of-balkon\/#breadcrumb"},"inLanguage":"fr-FR","potentialAction":[{"@type":"ReadAction","target":["https:\/\/www.schramas.com\/winkel\/weigela-praecox-bouquet-rose-rijkbloeiend-zacht-roze-pot-gekweekt-in-een-9-cm-pot-voor-tuin-terras-of-balkon\/"]}]},{"@type":"ImageObject","inLanguage":"fr-FR","@id":"https:\/\/www.schramas.com\/winkel\/weigela-praecox-bouquet-rose-rijkbloeiend-zacht-roze-pot-gekweekt-in-een-9-cm-pot-voor-tuin-terras-of-balkon\/#primaryimage","url":"https:\/\/www.schramas.com\/wp-content\/uploads\/2020\/04\/weigelia-roze-schramas.jpg","contentUrl":"https:\/\/www.schramas.com\/wp-content\/uploads\/2020\/04\/weigelia-roze-schramas.jpg","width":271,"height":186},{"@type":"BreadcrumbList","@id":"https:\/\/www.schramas.com\/winkel\/weigela-praecox-bouquet-rose-rijkbloeiend-zacht-roze-pot-gekweekt-in-een-9-cm-pot-voor-tuin-terras-of-balkon\/#breadcrumb","itemListElement":[{"@type":"ListItem","position":1,"name":"Product","item":"https:\/\/www.schramas.com\/assortiment\/"},{"@type":"ListItem","position":2,"name":"Tuinplanten","item":"https:\/\/www.schramas.com\/product-category\/planten-heesters\/"},{"@type":"ListItem","position":3,"name":"Heesters","item":"https:\/\/www.schramas.com\/product-category\/planten-heesters\/heesters\/"},{"@type":"ListItem","position":4,"name":"Sierheesters","item":"https:\/\/www.schramas.com\/product-category\/planten-heesters\/heesters\/sierheesters\/"},{"@type":"ListItem","position":5,"name":"Weigela praecox &#8216;Bouquet Rose&#8217;, 2 liter pot"}]},{"@type":"WebSite","@id":"https:\/\/www.schramas.com\/#website","url":"https:\/\/www.schramas.com\/","name":"Schramas.com | Plantes de jardin faciles \u00e0 commander en ligne | En direct de notre p\u00e9pini\u00e8re","description":"","alternateName":"Schramas.com - Alle planten direct van de kweker","potentialAction":[{"@type":"SearchAction","target":{"@type":"EntryPoint","urlTemplate":"https:\/\/www.schramas.com\/?s={search_term_string}"},"query-input":{"@type":"PropertyValueSpecification","valueRequired":true,"valueName":"search_term_string"}}],"inLanguage":"fr-FR"}]}},"_links":{"self":[{"href":"https:\/\/www.schramas.com\/fr\/wp-json\/wp\/v2\/product\/10022","targetHints":{"allow":["GET"]}}],"collection":[{"href":"https:\/\/www.schramas.com\/fr\/wp-json\/wp\/v2\/product"}],"about":[{"href":"https:\/\/www.schramas.com\/fr\/wp-json\/wp\/v2\/types\/product"}],"version-history":[{"count":1,"href":"https:\/\/www.schramas.com\/fr\/wp-json\/wp\/v2\/product\/10022\/revisions"}],"predecessor-version":[{"id":46627,"href":"https:\/\/www.schramas.com\/fr\/wp-json\/wp\/v2\/product\/10022\/revisions\/46627"}],"wp:featuredmedia":[{"embeddable":true,"href":"https:\/\/www.schramas.com\/fr\/wp-json\/wp\/v2\/media\/10023"}],"wp:attachment":[{"href":"https:\/\/www.schramas.com\/fr\/wp-json\/wp\/v2\/media?parent=10022"}],"wp:term":[{"taxonomy":"product_brand","embeddable":true,"href":"https:\/\/www.schramas.com\/fr\/wp-json\/wp\/v2\/product_brand?post=10022"},{"taxonomy":"product_cat","embeddable":true,"href":"https:\/\/www.schramas.com\/fr\/wp-json\/wp\/v2\/product_cat?post=10022"},{"taxonomy":"product_tag","embeddable":true,"href":"https:\/\/www.schramas.com\/fr\/wp-json\/wp\/v2\/product_tag?post=10022"}],"curies":[{"name":"wp","href":"https:\/\/api.w.org\/{rel}","templated":true}]}}