{"id":10037,"date":"2020-04-11T16:23:55","date_gmt":"2020-04-11T14:23:55","guid":{"rendered":"https:\/\/www.schramas.com\/?post_type=product&#038;p=10037"},"modified":"2026-03-26T16:34:08","modified_gmt":"2026-03-26T15:34:08","slug":"fagus-sylvatica-haie-de-hetre-vert-feuillu-a-racines-nues-10-pcs-haie-de-hetre-vert-pour-jardin-ou-terrasse","status":"publish","type":"product","link":"https:\/\/www.schramas.com\/fr\/boutique\/fagus-sylvatica-haie-de-hetre-vert-feuillu-a-racines-nues-10-pcs-haie-de-hetre-vert-pour-jardin-ou-terrasse\/","title":{"rendered":"Fagus sylvatica, haie de h\u00eatres verts, porte-greffe, 10 plantes"},"content":{"rendered":"<p>Fagus sylvatica est la haie de charmes verts, l'une des haies les plus populaires aujourd'hui. Les feuilles des charmes brunissent en automne et en hiver, mais restent sur l'arbre. D\u00e8s que de nouvelles feuilles apparaissent au printemps, la haie de charmes laisse tomber les vieilles feuilles pour faire place aux nouvelles feuilles vertes.<\/p>\n<p>Saviez-vous que l'endroit o\u00f9 la plupart des moustiques se reproduisent est une haie de conif\u00e8res ? Avec une haie de h\u00eatres, vous n'aurez pas \u00e0 vous en pr\u00e9occuper !!!<\/p>\n<p>La taille de la plante est de 100 \u00e0 125 cm.<\/p>\n<p>Cette offre provient de la pleine terre et est donc un porte-greffe de r\u00e9frig\u00e9ration, laissez d'abord les arbres avec les racines dans l'eau pendant 24 heures avant de les planter.Pour des quantit\u00e9s sup\u00e9rieures \u00e0 50 pi\u00e8ces veuillez nous envoyer un email \u00e0 cs@schramas.com .<\/p>","protected":false},"excerpt":{"rendered":"<p>Fagus sylvatica Is de groene beuk haag, een van de meest populaire hagen van dit moment. Het blad van de haagbeuk verkleurt naar bruin in het najaar en winter maar blijft aan de boom. Zodra in het voorjaar zich nieuw blad ontwikkeld laat de beukenhaag het oude blad vallen om ruimte te maken voor het [&hellip;]<\/p>","protected":false},"featured_media":10047,"template":"","meta":{"_joinchat":[]},"product_brand":[],"product_cat":[762],"product_tag":[763,766,764,765,767,351],"class_list":{"0":"post-10037","1":"product","2":"type-product","3":"status-publish","4":"has-post-thumbnail","6":"product_cat-hagen","7":"product_tag-beukenhaag","8":"product_tag-bladverliezend","9":"product_tag-haagbeuk","10":"product_tag-hagen","11":"product_tag-rood-blad","12":"product_tag-winterhard","14":"first","15":"outofstock","16":"taxable","17":"shipping-taxable","18":"purchasable","19":"product-type-simple"},"yoast_head":"<!-- This site is optimized with the Yoast SEO plugin v24.2 - https:\/\/yoast.com\/wordpress\/plugins\/seo\/ -->\n<title>Fagus sylvatica, groene beukenhaag, wortelgoed, 10 stuks kopen | Planten eenvoudig online bestellen | Schramas.com<\/title>\n<meta name=\"robots\" content=\"index, follow, max-snippet:-1, max-image-preview:large, max-video-preview:-1\" \/>\n<link rel=\"canonical\" href=\"https:\/\/www.schramas.com\/fr\/boutique\/fagus-sylvatica-haie-de-hetre-vert-feuillu-a-racines-nues-10-pcs-haie-de-hetre-vert-pour-jardin-ou-terrasse\/\" \/>\n<meta property=\"og:locale\" content=\"fr_FR\" \/>\n<meta property=\"og:type\" content=\"article\" \/>\n<meta property=\"og:title\" content=\"Fagus sylvatica, groene beukenhaag, wortelgoed, 10 stuks kopen | Planten eenvoudig online bestellen | Schramas.com\" \/>\n<meta property=\"og:description\" content=\"Fagus sylvatica Is de groene beuk haag, een van de meest populaire hagen van dit moment. Het blad van de haagbeuk verkleurt naar bruin in het najaar en winter maar blijft aan de boom. Zodra in het voorjaar zich nieuw blad ontwikkeld laat de beukenhaag het oude blad vallen om ruimte te maken voor het [&hellip;]\" \/>\n<meta property=\"og:url\" content=\"https:\/\/www.schramas.com\/fr\/boutique\/fagus-sylvatica-haie-de-hetre-vert-feuillu-a-racines-nues-10-pcs-haie-de-hetre-vert-pour-jardin-ou-terrasse\/\" \/>\n<meta property=\"og:site_name\" content=\"Planten eenvoudig online bestellen | Schramas.com\" \/>\n<meta property=\"article:publisher\" content=\"https:\/\/www.facebook.com\/Schramascom-106872874153195\/\" \/>\n<meta property=\"article:modified_time\" content=\"2026-03-26T15:34:08+00:00\" \/>\n<meta property=\"og:image\" content=\"http:\/\/www.schramas.com\/wp-content\/uploads\/2020\/04\/beuk-groen-bol.png\" \/>\n\t<meta property=\"og:image:width\" content=\"696\" \/>\n\t<meta property=\"og:image:height\" content=\"564\" \/>\n\t<meta property=\"og:image:type\" content=\"image\/png\" \/>\n<meta name=\"twitter:card\" content=\"summary_large_image\" \/>\n<meta name=\"twitter:label1\" content=\"Dur\u00e9e de lecture estim\u00e9e\" \/>\n\t<meta name=\"twitter:data1\" content=\"1 minute\" \/>\n<script type=\"application\/ld+json\" class=\"yoast-schema-graph\">{\"@context\":\"https:\/\/schema.org\",\"@graph\":[{\"@type\":[\"WebPage\",\"ItemPage\"],\"@id\":\"https:\/\/www.schramas.com\/winkel\/fagus-sylvatica-beukhaag-groen-bladhoudend-wortelgoed-bare-rooted-10-stuks-groene-beukhaag-voor-tuin-of-terras\/\",\"url\":\"https:\/\/www.schramas.com\/winkel\/fagus-sylvatica-beukhaag-groen-bladhoudend-wortelgoed-bare-rooted-10-stuks-groene-beukhaag-voor-tuin-of-terras\/\",\"name\":\"Fagus sylvatica, groene beukenhaag, wortelgoed, 10 stuks kopen | Planten eenvoudig online bestellen | Schramas.com\",\"isPartOf\":{\"@id\":\"https:\/\/www.schramas.com\/#website\"},\"primaryImageOfPage\":{\"@id\":\"https:\/\/www.schramas.com\/winkel\/fagus-sylvatica-beukhaag-groen-bladhoudend-wortelgoed-bare-rooted-10-stuks-groene-beukhaag-voor-tuin-of-terras\/#primaryimage\"},\"image\":{\"@id\":\"https:\/\/www.schramas.com\/winkel\/fagus-sylvatica-beukhaag-groen-bladhoudend-wortelgoed-bare-rooted-10-stuks-groene-beukhaag-voor-tuin-of-terras\/#primaryimage\"},\"thumbnailUrl\":\"https:\/\/www.schramas.com\/wp-content\/uploads\/2020\/04\/beuk-groen-bol.png\",\"datePublished\":\"2020-04-11T14:23:55+00:00\",\"dateModified\":\"2026-03-26T15:34:08+00:00\",\"breadcrumb\":{\"@id\":\"https:\/\/www.schramas.com\/winkel\/fagus-sylvatica-beukhaag-groen-bladhoudend-wortelgoed-bare-rooted-10-stuks-groene-beukhaag-voor-tuin-of-terras\/#breadcrumb\"},\"inLanguage\":\"fr-FR\",\"potentialAction\":[{\"@type\":\"ReadAction\",\"target\":[\"https:\/\/www.schramas.com\/winkel\/fagus-sylvatica-beukhaag-groen-bladhoudend-wortelgoed-bare-rooted-10-stuks-groene-beukhaag-voor-tuin-of-terras\/\"]}]},{\"@type\":\"ImageObject\",\"inLanguage\":\"fr-FR\",\"@id\":\"https:\/\/www.schramas.com\/winkel\/fagus-sylvatica-beukhaag-groen-bladhoudend-wortelgoed-bare-rooted-10-stuks-groene-beukhaag-voor-tuin-of-terras\/#primaryimage\",\"url\":\"https:\/\/www.schramas.com\/wp-content\/uploads\/2020\/04\/beuk-groen-bol.png\",\"contentUrl\":\"https:\/\/www.schramas.com\/wp-content\/uploads\/2020\/04\/beuk-groen-bol.png\",\"width\":696,\"height\":564},{\"@type\":\"BreadcrumbList\",\"@id\":\"https:\/\/www.schramas.com\/winkel\/fagus-sylvatica-beukhaag-groen-bladhoudend-wortelgoed-bare-rooted-10-stuks-groene-beukhaag-voor-tuin-of-terras\/#breadcrumb\",\"itemListElement\":[{\"@type\":\"ListItem\",\"position\":1,\"name\":\"Product\",\"item\":\"https:\/\/www.schramas.com\/assortiment\/\"},{\"@type\":\"ListItem\",\"position\":2,\"name\":\"Tuinplanten\",\"item\":\"https:\/\/www.schramas.com\/product-category\/planten-heesters\/\"},{\"@type\":\"ListItem\",\"position\":3,\"name\":\"Hagen\",\"item\":\"https:\/\/www.schramas.com\/product-category\/planten-heesters\/hagen\/\"},{\"@type\":\"ListItem\",\"position\":4,\"name\":\"Fagus sylvatica, groene beukenhaag, wortelgoed, 10 stuks\"}]},{\"@type\":\"WebSite\",\"@id\":\"https:\/\/www.schramas.com\/#website\",\"url\":\"https:\/\/www.schramas.com\/\",\"name\":\"Schramas.com | Tuinplanten eenvoudig online bestellen | Direct van onze Kwekerij\",\"description\":\"\",\"alternateName\":\"Schramas.com - Alle planten direct van de kweker\",\"potentialAction\":[{\"@type\":\"SearchAction\",\"target\":{\"@type\":\"EntryPoint\",\"urlTemplate\":\"https:\/\/www.schramas.com\/?s={search_term_string}\"},\"query-input\":{\"@type\":\"PropertyValueSpecification\",\"valueRequired\":true,\"valueName\":\"search_term_string\"}}],\"inLanguage\":\"fr-FR\"}]}<\/script>\n<!-- \/ Yoast SEO plugin. -->","yoast_head_json":{"title":"Fagus sylvatica, haie de h\u00eatres verts, porte-greffe, 10 acheter | Plantes faciles en ligne | Schramas.com","robots":{"index":"index","follow":"follow","max-snippet":"max-snippet:-1","max-image-preview":"max-image-preview:large","max-video-preview":"max-video-preview:-1"},"canonical":"https:\/\/www.schramas.com\/fr\/boutique\/fagus-sylvatica-haie-de-hetre-vert-feuillu-a-racines-nues-10-pcs-haie-de-hetre-vert-pour-jardin-ou-terrasse\/","og_locale":"fr_FR","og_type":"article","og_title":"Fagus sylvatica, groene beukenhaag, wortelgoed, 10 stuks kopen | Planten eenvoudig online bestellen | Schramas.com","og_description":"Fagus sylvatica Is de groene beuk haag, een van de meest populaire hagen van dit moment. Het blad van de haagbeuk verkleurt naar bruin in het najaar en winter maar blijft aan de boom. Zodra in het voorjaar zich nieuw blad ontwikkeld laat de beukenhaag het oude blad vallen om ruimte te maken voor het [&hellip;]","og_url":"https:\/\/www.schramas.com\/fr\/boutique\/fagus-sylvatica-haie-de-hetre-vert-feuillu-a-racines-nues-10-pcs-haie-de-hetre-vert-pour-jardin-ou-terrasse\/","og_site_name":"Planten eenvoudig online bestellen | Schramas.com","article_publisher":"https:\/\/www.facebook.com\/Schramascom-106872874153195\/","article_modified_time":"2026-03-26T15:34:08+00:00","og_image":[{"width":696,"height":564,"url":"http:\/\/www.schramas.com\/wp-content\/uploads\/2020\/04\/beuk-groen-bol.png","type":"image\/png"}],"twitter_card":"summary_large_image","twitter_misc":{"Dur\u00e9e de lecture estim\u00e9e":"1 minute"},"schema":{"@context":"https:\/\/schema.org","@graph":[{"@type":["WebPage","ItemPage"],"@id":"https:\/\/www.schramas.com\/winkel\/fagus-sylvatica-beukhaag-groen-bladhoudend-wortelgoed-bare-rooted-10-stuks-groene-beukhaag-voor-tuin-of-terras\/","url":"https:\/\/www.schramas.com\/winkel\/fagus-sylvatica-beukhaag-groen-bladhoudend-wortelgoed-bare-rooted-10-stuks-groene-beukhaag-voor-tuin-of-terras\/","name":"Fagus sylvatica, haie de h\u00eatres verts, porte-greffe, 10 acheter | Plantes faciles en ligne | Schramas.com","isPartOf":{"@id":"https:\/\/www.schramas.com\/#website"},"primaryImageOfPage":{"@id":"https:\/\/www.schramas.com\/winkel\/fagus-sylvatica-beukhaag-groen-bladhoudend-wortelgoed-bare-rooted-10-stuks-groene-beukhaag-voor-tuin-of-terras\/#primaryimage"},"image":{"@id":"https:\/\/www.schramas.com\/winkel\/fagus-sylvatica-beukhaag-groen-bladhoudend-wortelgoed-bare-rooted-10-stuks-groene-beukhaag-voor-tuin-of-terras\/#primaryimage"},"thumbnailUrl":"https:\/\/www.schramas.com\/wp-content\/uploads\/2020\/04\/beuk-groen-bol.png","datePublished":"2020-04-11T14:23:55+00:00","dateModified":"2026-03-26T15:34:08+00:00","breadcrumb":{"@id":"https:\/\/www.schramas.com\/winkel\/fagus-sylvatica-beukhaag-groen-bladhoudend-wortelgoed-bare-rooted-10-stuks-groene-beukhaag-voor-tuin-of-terras\/#breadcrumb"},"inLanguage":"fr-FR","potentialAction":[{"@type":"ReadAction","target":["https:\/\/www.schramas.com\/winkel\/fagus-sylvatica-beukhaag-groen-bladhoudend-wortelgoed-bare-rooted-10-stuks-groene-beukhaag-voor-tuin-of-terras\/"]}]},{"@type":"ImageObject","inLanguage":"fr-FR","@id":"https:\/\/www.schramas.com\/winkel\/fagus-sylvatica-beukhaag-groen-bladhoudend-wortelgoed-bare-rooted-10-stuks-groene-beukhaag-voor-tuin-of-terras\/#primaryimage","url":"https:\/\/www.schramas.com\/wp-content\/uploads\/2020\/04\/beuk-groen-bol.png","contentUrl":"https:\/\/www.schramas.com\/wp-content\/uploads\/2020\/04\/beuk-groen-bol.png","width":696,"height":564},{"@type":"BreadcrumbList","@id":"https:\/\/www.schramas.com\/winkel\/fagus-sylvatica-beukhaag-groen-bladhoudend-wortelgoed-bare-rooted-10-stuks-groene-beukhaag-voor-tuin-of-terras\/#breadcrumb","itemListElement":[{"@type":"ListItem","position":1,"name":"Product","item":"https:\/\/www.schramas.com\/assortiment\/"},{"@type":"ListItem","position":2,"name":"Tuinplanten","item":"https:\/\/www.schramas.com\/product-category\/planten-heesters\/"},{"@type":"ListItem","position":3,"name":"Hagen","item":"https:\/\/www.schramas.com\/product-category\/planten-heesters\/hagen\/"},{"@type":"ListItem","position":4,"name":"Fagus sylvatica, groene beukenhaag, wortelgoed, 10 stuks"}]},{"@type":"WebSite","@id":"https:\/\/www.schramas.com\/#website","url":"https:\/\/www.schramas.com\/","name":"Schramas.com | Plantes de jardin faciles \u00e0 commander en ligne | En direct de notre p\u00e9pini\u00e8re","description":"","alternateName":"Schramas.com - Alle planten direct van de kweker","potentialAction":[{"@type":"SearchAction","target":{"@type":"EntryPoint","urlTemplate":"https:\/\/www.schramas.com\/?s={search_term_string}"},"query-input":{"@type":"PropertyValueSpecification","valueRequired":true,"valueName":"search_term_string"}}],"inLanguage":"fr-FR"}]}},"_links":{"self":[{"href":"https:\/\/www.schramas.com\/fr\/wp-json\/wp\/v2\/product\/10037","targetHints":{"allow":["GET"]}}],"collection":[{"href":"https:\/\/www.schramas.com\/fr\/wp-json\/wp\/v2\/product"}],"about":[{"href":"https:\/\/www.schramas.com\/fr\/wp-json\/wp\/v2\/types\/product"}],"version-history":[{"count":2,"href":"https:\/\/www.schramas.com\/fr\/wp-json\/wp\/v2\/product\/10037\/revisions"}],"predecessor-version":[{"id":63260,"href":"https:\/\/www.schramas.com\/fr\/wp-json\/wp\/v2\/product\/10037\/revisions\/63260"}],"wp:featuredmedia":[{"embeddable":true,"href":"https:\/\/www.schramas.com\/fr\/wp-json\/wp\/v2\/media\/10047"}],"wp:attachment":[{"href":"https:\/\/www.schramas.com\/fr\/wp-json\/wp\/v2\/media?parent=10037"}],"wp:term":[{"taxonomy":"product_brand","embeddable":true,"href":"https:\/\/www.schramas.com\/fr\/wp-json\/wp\/v2\/product_brand?post=10037"},{"taxonomy":"product_cat","embeddable":true,"href":"https:\/\/www.schramas.com\/fr\/wp-json\/wp\/v2\/product_cat?post=10037"},{"taxonomy":"product_tag","embeddable":true,"href":"https:\/\/www.schramas.com\/fr\/wp-json\/wp\/v2\/product_tag?post=10037"}],"curies":[{"name":"wp","href":"https:\/\/api.w.org\/{rel}","templated":true}]}}