{"id":10391,"date":"2020-04-16T09:24:18","date_gmt":"2020-04-16T07:24:18","guid":{"rendered":"https:\/\/www.schramas.com\/?post_type=product&#038;p=10391"},"modified":"2026-03-26T16:34:09","modified_gmt":"2026-03-26T15:34:09","slug":"salix-purpurea-nana-saule-amer-saule-nain-haie-de-saule-violet-pot-de-saule-en-pot-de-12-cm-pour-jardin-terrasse-et-balcon","status":"publish","type":"product","link":"https:\/\/www.schramas.com\/fr\/boutique\/salix-purpurea-nana-saule-amer-saule-nain-haie-de-saule-violet-pot-de-saule-en-pot-de-12-cm-pour-jardin-terrasse-et-balcon\/","title":{"rendered":"Salix purpurea 'Nana' saule nain amer, saule pourpre, pot de 12 cm"},"content":{"rendered":"<p>Salix purpurea &#039;Nana&#039;, \u00e9galement appel\u00e9 saule amer ou saule nain, est une esp\u00e8ce de saule qui reste de croissance tr\u00e8s faible. Il a des rameaux rouges tr\u00e8s fins et de petites feuilles \u00e9troites. Tr\u00e8s adapt\u00e9 pour cr\u00e9er des haies basses ou des barri\u00e8res.<\/p>","protected":false},"excerpt":{"rendered":"<p>Salix purpurea &#039;Nana&#039;<\/p>\n<p>Saule amer, saule nain, saule violet, saule des haies<\/p>\n<p>Max. hauteur environ 100 cm<\/p>\n<p>Feuilles caduques<\/p>\n<p>Hardy<\/p>\n<p>Hauteur de livraison, pot compris : environ 30 cm<\/p>\n<p>Taille du pot : pot de 12 cm<\/p>","protected":false},"featured_media":10395,"template":"","meta":{"_joinchat":[]},"product_brand":[],"product_cat":[302,262,300,3193,290,229],"product_tag":[502,503,505,501,499,495,504,351],"class_list":{"0":"post-10391","1":"product","2":"type-product","3":"status-publish","4":"has-post-thumbnail","6":"product_cat-bladverliezende-heesters","7":"product_cat-bomen-struiken","8":"product_cat-heesters","9":"product_cat-sierbomen","10":"product_cat-sierheester","11":"product_cat-sierheesters","12":"product_tag-amerikaanse-sering","13":"product_tag-bijenplant","14":"product_tag-blauw-paars","15":"product_tag-ceanothus","16":"product_tag-groenblijvend","17":"product_tag-sierheester","18":"product_tag-vlinderplant","19":"product_tag-winterhard","20":"pa_bloeimaanden-juni","21":"pa_bloeimaanden-augustus","22":"pa_groeihoogte-150-200-cm","23":"pa_pot-zonder-pot","25":"first","26":"outofstock","27":"taxable","28":"shipping-taxable","29":"purchasable","30":"product-type-simple"},"yoast_head":"<!-- This site is optimized with the Yoast SEO plugin v24.2 - https:\/\/yoast.com\/wordpress\/plugins\/seo\/ -->\n<title>Salix purpurea &#039;Nana&#039; bittere dwergwilg, purperwilg, 12 cm pot kopen | Planten eenvoudig online bestellen | Schramas.com<\/title>\n<meta name=\"robots\" content=\"index, follow, max-snippet:-1, max-image-preview:large, max-video-preview:-1\" \/>\n<link rel=\"canonical\" href=\"https:\/\/www.schramas.com\/fr\/boutique\/salix-purpurea-nana-saule-amer-saule-nain-haie-de-saule-violet-pot-de-saule-en-pot-de-12-cm-pour-jardin-terrasse-et-balcon\/\" \/>\n<meta property=\"og:locale\" content=\"fr_FR\" \/>\n<meta property=\"og:type\" content=\"article\" \/>\n<meta property=\"og:title\" content=\"Salix purpurea &#039;Nana&#039; bittere dwergwilg, purperwilg, 12 cm pot kopen | Planten eenvoudig online bestellen | Schramas.com\" \/>\n<meta property=\"og:description\" content=\"Salix purpurea &#039;Nana&#039;  Bittere wilg, dwergwilg, purperwilg, haagwilg  Max. hoogte circa 100 cm  Bladverliezend  Winterhard  Leverhoogte incl. pot: circa 30 cm  Potmaat: 12 cm pot\" \/>\n<meta property=\"og:url\" content=\"https:\/\/www.schramas.com\/fr\/boutique\/salix-purpurea-nana-saule-amer-saule-nain-haie-de-saule-violet-pot-de-saule-en-pot-de-12-cm-pour-jardin-terrasse-et-balcon\/\" \/>\n<meta property=\"og:site_name\" content=\"Planten eenvoudig online bestellen | Schramas.com\" \/>\n<meta property=\"article:publisher\" content=\"https:\/\/www.facebook.com\/Schramascom-106872874153195\/\" \/>\n<meta property=\"article:modified_time\" content=\"2026-03-26T15:34:09+00:00\" \/>\n<meta property=\"og:image\" content=\"http:\/\/www.schramas.com\/wp-content\/uploads\/2020\/04\/dwergwilg-schramas.png\" \/>\n\t<meta property=\"og:image:width\" content=\"498\" \/>\n\t<meta property=\"og:image:height\" content=\"415\" \/>\n\t<meta property=\"og:image:type\" content=\"image\/png\" \/>\n<meta name=\"twitter:card\" content=\"summary_large_image\" \/>\n<script type=\"application\/ld+json\" class=\"yoast-schema-graph\">{\"@context\":\"https:\/\/schema.org\",\"@graph\":[{\"@type\":[\"WebPage\",\"ItemPage\"],\"@id\":\"https:\/\/www.schramas.com\/winkel\/salix-purpurea-nana-bittere-wilg-dwergwilg-purperwilghaagwilgje-pot-gekweekt-in-een-12-cm-pot-voor-tuin-terras-en-balkon\/\",\"url\":\"https:\/\/www.schramas.com\/winkel\/salix-purpurea-nana-bittere-wilg-dwergwilg-purperwilghaagwilgje-pot-gekweekt-in-een-12-cm-pot-voor-tuin-terras-en-balkon\/\",\"name\":\"Salix purpurea 'Nana' bittere dwergwilg, purperwilg, 12 cm pot kopen | Planten eenvoudig online bestellen | Schramas.com\",\"isPartOf\":{\"@id\":\"https:\/\/www.schramas.com\/#website\"},\"primaryImageOfPage\":{\"@id\":\"https:\/\/www.schramas.com\/winkel\/salix-purpurea-nana-bittere-wilg-dwergwilg-purperwilghaagwilgje-pot-gekweekt-in-een-12-cm-pot-voor-tuin-terras-en-balkon\/#primaryimage\"},\"image\":{\"@id\":\"https:\/\/www.schramas.com\/winkel\/salix-purpurea-nana-bittere-wilg-dwergwilg-purperwilghaagwilgje-pot-gekweekt-in-een-12-cm-pot-voor-tuin-terras-en-balkon\/#primaryimage\"},\"thumbnailUrl\":\"https:\/\/www.schramas.com\/wp-content\/uploads\/2020\/04\/dwergwilg-schramas.png\",\"datePublished\":\"2020-04-16T07:24:18+00:00\",\"dateModified\":\"2026-03-26T15:34:09+00:00\",\"breadcrumb\":{\"@id\":\"https:\/\/www.schramas.com\/winkel\/salix-purpurea-nana-bittere-wilg-dwergwilg-purperwilghaagwilgje-pot-gekweekt-in-een-12-cm-pot-voor-tuin-terras-en-balkon\/#breadcrumb\"},\"inLanguage\":\"fr-FR\",\"potentialAction\":[{\"@type\":\"ReadAction\",\"target\":[\"https:\/\/www.schramas.com\/winkel\/salix-purpurea-nana-bittere-wilg-dwergwilg-purperwilghaagwilgje-pot-gekweekt-in-een-12-cm-pot-voor-tuin-terras-en-balkon\/\"]}]},{\"@type\":\"ImageObject\",\"inLanguage\":\"fr-FR\",\"@id\":\"https:\/\/www.schramas.com\/winkel\/salix-purpurea-nana-bittere-wilg-dwergwilg-purperwilghaagwilgje-pot-gekweekt-in-een-12-cm-pot-voor-tuin-terras-en-balkon\/#primaryimage\",\"url\":\"https:\/\/www.schramas.com\/wp-content\/uploads\/2020\/04\/dwergwilg-schramas.png\",\"contentUrl\":\"https:\/\/www.schramas.com\/wp-content\/uploads\/2020\/04\/dwergwilg-schramas.png\",\"width\":498,\"height\":415},{\"@type\":\"BreadcrumbList\",\"@id\":\"https:\/\/www.schramas.com\/winkel\/salix-purpurea-nana-bittere-wilg-dwergwilg-purperwilghaagwilgje-pot-gekweekt-in-een-12-cm-pot-voor-tuin-terras-en-balkon\/#breadcrumb\",\"itemListElement\":[{\"@type\":\"ListItem\",\"position\":1,\"name\":\"Product\",\"item\":\"https:\/\/www.schramas.com\/assortiment\/\"},{\"@type\":\"ListItem\",\"position\":2,\"name\":\"Tuinplanten\",\"item\":\"https:\/\/www.schramas.com\/product-category\/planten-heesters\/\"},{\"@type\":\"ListItem\",\"position\":3,\"name\":\"Heesters\",\"item\":\"https:\/\/www.schramas.com\/product-category\/planten-heesters\/heesters\/\"},{\"@type\":\"ListItem\",\"position\":4,\"name\":\"Sierheesters\",\"item\":\"https:\/\/www.schramas.com\/product-category\/planten-heesters\/heesters\/sierheesters\/\"},{\"@type\":\"ListItem\",\"position\":5,\"name\":\"Salix purpurea &#8216;Nana&#8217; bittere dwergwilg, purperwilg, 12 cm pot\"}]},{\"@type\":\"WebSite\",\"@id\":\"https:\/\/www.schramas.com\/#website\",\"url\":\"https:\/\/www.schramas.com\/\",\"name\":\"Schramas.com | Tuinplanten eenvoudig online bestellen | Direct van onze Kwekerij\",\"description\":\"\",\"alternateName\":\"Schramas.com - Alle planten direct van de kweker\",\"potentialAction\":[{\"@type\":\"SearchAction\",\"target\":{\"@type\":\"EntryPoint\",\"urlTemplate\":\"https:\/\/www.schramas.com\/?s={search_term_string}\"},\"query-input\":{\"@type\":\"PropertyValueSpecification\",\"valueRequired\":true,\"valueName\":\"search_term_string\"}}],\"inLanguage\":\"fr-FR\"}]}<\/script>\n<!-- \/ Yoast SEO plugin. -->","yoast_head_json":{"title":"Achetez Salix purpurea &#039;Nana&#039; saule nain amer, saule violet, pot de 12 cm | Commandez facilement des plantes en ligne | Schramas.com","robots":{"index":"index","follow":"follow","max-snippet":"max-snippet:-1","max-image-preview":"max-image-preview:large","max-video-preview":"max-video-preview:-1"},"canonical":"https:\/\/www.schramas.com\/fr\/boutique\/salix-purpurea-nana-saule-amer-saule-nain-haie-de-saule-violet-pot-de-saule-en-pot-de-12-cm-pour-jardin-terrasse-et-balcon\/","og_locale":"fr_FR","og_type":"article","og_title":"Salix purpurea 'Nana' bittere dwergwilg, purperwilg, 12 cm pot kopen | Planten eenvoudig online bestellen | Schramas.com","og_description":"Salix purpurea 'Nana'  Bittere wilg, dwergwilg, purperwilg, haagwilg  Max. hoogte circa 100 cm  Bladverliezend  Winterhard  Leverhoogte incl. pot: circa 30 cm  Potmaat: 12 cm pot","og_url":"https:\/\/www.schramas.com\/fr\/boutique\/salix-purpurea-nana-saule-amer-saule-nain-haie-de-saule-violet-pot-de-saule-en-pot-de-12-cm-pour-jardin-terrasse-et-balcon\/","og_site_name":"Planten eenvoudig online bestellen | Schramas.com","article_publisher":"https:\/\/www.facebook.com\/Schramascom-106872874153195\/","article_modified_time":"2026-03-26T15:34:09+00:00","og_image":[{"width":498,"height":415,"url":"http:\/\/www.schramas.com\/wp-content\/uploads\/2020\/04\/dwergwilg-schramas.png","type":"image\/png"}],"twitter_card":"summary_large_image","schema":{"@context":"https:\/\/schema.org","@graph":[{"@type":["WebPage","ItemPage"],"@id":"https:\/\/www.schramas.com\/winkel\/salix-purpurea-nana-bittere-wilg-dwergwilg-purperwilghaagwilgje-pot-gekweekt-in-een-12-cm-pot-voor-tuin-terras-en-balkon\/","url":"https:\/\/www.schramas.com\/winkel\/salix-purpurea-nana-bittere-wilg-dwergwilg-purperwilghaagwilgje-pot-gekweekt-in-een-12-cm-pot-voor-tuin-terras-en-balkon\/","name":"Achetez Salix purpurea &#039;Nana&#039; saule nain amer, saule violet, pot de 12 cm | Commandez facilement des plantes en ligne | Schramas.com","isPartOf":{"@id":"https:\/\/www.schramas.com\/#website"},"primaryImageOfPage":{"@id":"https:\/\/www.schramas.com\/winkel\/salix-purpurea-nana-bittere-wilg-dwergwilg-purperwilghaagwilgje-pot-gekweekt-in-een-12-cm-pot-voor-tuin-terras-en-balkon\/#primaryimage"},"image":{"@id":"https:\/\/www.schramas.com\/winkel\/salix-purpurea-nana-bittere-wilg-dwergwilg-purperwilghaagwilgje-pot-gekweekt-in-een-12-cm-pot-voor-tuin-terras-en-balkon\/#primaryimage"},"thumbnailUrl":"https:\/\/www.schramas.com\/wp-content\/uploads\/2020\/04\/dwergwilg-schramas.png","datePublished":"2020-04-16T07:24:18+00:00","dateModified":"2026-03-26T15:34:09+00:00","breadcrumb":{"@id":"https:\/\/www.schramas.com\/winkel\/salix-purpurea-nana-bittere-wilg-dwergwilg-purperwilghaagwilgje-pot-gekweekt-in-een-12-cm-pot-voor-tuin-terras-en-balkon\/#breadcrumb"},"inLanguage":"fr-FR","potentialAction":[{"@type":"ReadAction","target":["https:\/\/www.schramas.com\/winkel\/salix-purpurea-nana-bittere-wilg-dwergwilg-purperwilghaagwilgje-pot-gekweekt-in-een-12-cm-pot-voor-tuin-terras-en-balkon\/"]}]},{"@type":"ImageObject","inLanguage":"fr-FR","@id":"https:\/\/www.schramas.com\/winkel\/salix-purpurea-nana-bittere-wilg-dwergwilg-purperwilghaagwilgje-pot-gekweekt-in-een-12-cm-pot-voor-tuin-terras-en-balkon\/#primaryimage","url":"https:\/\/www.schramas.com\/wp-content\/uploads\/2020\/04\/dwergwilg-schramas.png","contentUrl":"https:\/\/www.schramas.com\/wp-content\/uploads\/2020\/04\/dwergwilg-schramas.png","width":498,"height":415},{"@type":"BreadcrumbList","@id":"https:\/\/www.schramas.com\/winkel\/salix-purpurea-nana-bittere-wilg-dwergwilg-purperwilghaagwilgje-pot-gekweekt-in-een-12-cm-pot-voor-tuin-terras-en-balkon\/#breadcrumb","itemListElement":[{"@type":"ListItem","position":1,"name":"Product","item":"https:\/\/www.schramas.com\/assortiment\/"},{"@type":"ListItem","position":2,"name":"Tuinplanten","item":"https:\/\/www.schramas.com\/product-category\/planten-heesters\/"},{"@type":"ListItem","position":3,"name":"Heesters","item":"https:\/\/www.schramas.com\/product-category\/planten-heesters\/heesters\/"},{"@type":"ListItem","position":4,"name":"Sierheesters","item":"https:\/\/www.schramas.com\/product-category\/planten-heesters\/heesters\/sierheesters\/"},{"@type":"ListItem","position":5,"name":"Salix purpurea &#8216;Nana&#8217; bittere dwergwilg, purperwilg, 12 cm pot"}]},{"@type":"WebSite","@id":"https:\/\/www.schramas.com\/#website","url":"https:\/\/www.schramas.com\/","name":"Schramas.com | Plantes de jardin faciles \u00e0 commander en ligne | En direct de notre p\u00e9pini\u00e8re","description":"","alternateName":"Schramas.com - Alle planten direct van de kweker","potentialAction":[{"@type":"SearchAction","target":{"@type":"EntryPoint","urlTemplate":"https:\/\/www.schramas.com\/?s={search_term_string}"},"query-input":{"@type":"PropertyValueSpecification","valueRequired":true,"valueName":"search_term_string"}}],"inLanguage":"fr-FR"}]}},"_links":{"self":[{"href":"https:\/\/www.schramas.com\/fr\/wp-json\/wp\/v2\/product\/10391","targetHints":{"allow":["GET"]}}],"collection":[{"href":"https:\/\/www.schramas.com\/fr\/wp-json\/wp\/v2\/product"}],"about":[{"href":"https:\/\/www.schramas.com\/fr\/wp-json\/wp\/v2\/types\/product"}],"version-history":[{"count":1,"href":"https:\/\/www.schramas.com\/fr\/wp-json\/wp\/v2\/product\/10391\/revisions"}],"predecessor-version":[{"id":46625,"href":"https:\/\/www.schramas.com\/fr\/wp-json\/wp\/v2\/product\/10391\/revisions\/46625"}],"wp:featuredmedia":[{"embeddable":true,"href":"https:\/\/www.schramas.com\/fr\/wp-json\/wp\/v2\/media\/10395"}],"wp:attachment":[{"href":"https:\/\/www.schramas.com\/fr\/wp-json\/wp\/v2\/media?parent=10391"}],"wp:term":[{"taxonomy":"product_brand","embeddable":true,"href":"https:\/\/www.schramas.com\/fr\/wp-json\/wp\/v2\/product_brand?post=10391"},{"taxonomy":"product_cat","embeddable":true,"href":"https:\/\/www.schramas.com\/fr\/wp-json\/wp\/v2\/product_cat?post=10391"},{"taxonomy":"product_tag","embeddable":true,"href":"https:\/\/www.schramas.com\/fr\/wp-json\/wp\/v2\/product_tag?post=10391"}],"curies":[{"name":"wp","href":"https:\/\/api.w.org\/{rel}","templated":true}]}}