{"id":10402,"date":"2020-04-16T11:47:20","date_gmt":"2020-04-16T09:47:20","guid":{"rendered":"https:\/\/www.schramas.com\/?post_type=product&#038;p=10402"},"modified":"2026-03-26T16:34:10","modified_gmt":"2026-03-26T15:34:10","slug":"pinus-mugo-mugo-conifere-nain-en-pot-cultive-en-pot-de-2-litres-de-14-cm-pour-jardin-terrasse-ou-balcon","status":"publish","type":"product","link":"https:\/\/www.schramas.com\/fr\/boutique\/pinus-mugo-mugo-conifere-nain-en-pot-cultive-en-pot-de-2-litres-de-14-cm-pour-jardin-terrasse-ou-balcon\/","title":{"rendered":"Pinus mugo mugo, 'Mountain pine', conif\u00e8re nain, pot de 2 litres"},"content":{"rendered":"<p>Pinus mugo mugo, \u00e9galement appel\u00e9 pin de montagne ou conif\u00e8re nain, est un conif\u00e8re nain \u00e0 croissance lente et pousse sous une forme sph\u00e9rique large. Ce conif\u00e8re nain est fourni par schramas.com dans un pot de 2 litres (14 cm).<\/p>","protected":false},"excerpt":{"rendered":"<p>Pinus mugo mugo<\/p>\n<p>Conif\u00e8re nain<\/p>\n<p>Inflorescence\u00a0: N\/A<\/p>\n<p>Max. hauteur 300 cm<\/p>\n<p>\u00c0 feuilles persistantes.<\/p>\n<p>Hardy<\/p>\n<p>Hauteur de livraison, pot compris : 25 cm<\/p>\n<p>Taille du pot : pot de 12 cm<\/p>","protected":false},"featured_media":10420,"template":"","meta":{"_joinchat":[]},"product_brand":[],"product_cat":[262,303,300,305],"product_tag":[777,776,778,775],"class_list":{"0":"post-10402","1":"product","2":"type-product","3":"status-publish","4":"has-post-thumbnail","6":"product_cat-bomen-struiken","7":"product_cat-groenblijvende-heesters","8":"product_cat-heesters","9":"product_cat-planten-heesters","10":"product_tag-bergden","11":"product_tag-dwergconifeer","12":"product_tag-groenblijvend-winterhard","13":"product_tag-pinus-mugo-mugo","14":"pa_bloeimaanden-juni","15":"pa_bloeimaanden-augustus","16":"pa_groeihoogte-150-200-cm","17":"pa_pot-zonder-pot","19":"first","20":"outofstock","21":"taxable","22":"shipping-taxable","23":"purchasable","24":"product-type-simple"},"yoast_head":"<!-- This site is optimized with the Yoast SEO plugin v24.2 - https:\/\/yoast.com\/wordpress\/plugins\/seo\/ -->\n<title>Pinus mugo mugo, &#039;Bergden&#039;, dwergconifeer, 2 liter pot kopen | Planten eenvoudig online bestellen | Schramas.com<\/title>\n<meta name=\"robots\" content=\"index, follow, max-snippet:-1, max-image-preview:large, max-video-preview:-1\" \/>\n<link rel=\"canonical\" href=\"https:\/\/www.schramas.com\/fr\/boutique\/pinus-mugo-mugo-conifere-nain-en-pot-cultive-en-pot-de-2-litres-de-14-cm-pour-jardin-terrasse-ou-balcon\/\" \/>\n<meta property=\"og:locale\" content=\"fr_FR\" \/>\n<meta property=\"og:type\" content=\"article\" \/>\n<meta property=\"og:title\" content=\"Pinus mugo mugo, &#039;Bergden&#039;, dwergconifeer, 2 liter pot kopen | Planten eenvoudig online bestellen | Schramas.com\" \/>\n<meta property=\"og:description\" content=\"Pinus mugo mugo  Dwergconifeer  Bloeiwijze: NVT  Max. hoogte 300 cm  Groenblijvend.  Winterhard  Leverhoogte incl. pot: 25 cm  Potmaat: 12 cm pot\" \/>\n<meta property=\"og:url\" content=\"https:\/\/www.schramas.com\/fr\/boutique\/pinus-mugo-mugo-conifere-nain-en-pot-cultive-en-pot-de-2-litres-de-14-cm-pour-jardin-terrasse-ou-balcon\/\" \/>\n<meta property=\"og:site_name\" content=\"Planten eenvoudig online bestellen | Schramas.com\" \/>\n<meta property=\"article:publisher\" content=\"https:\/\/www.facebook.com\/Schramascom-106872874153195\/\" \/>\n<meta property=\"article:modified_time\" content=\"2026-03-26T15:34:10+00:00\" \/>\n<meta property=\"og:image\" content=\"https:\/\/www.schramas.com\/wp-content\/uploads\/2020\/04\/mugo-mugo.png\" \/>\n\t<meta property=\"og:image:width\" content=\"259\" \/>\n\t<meta property=\"og:image:height\" content=\"194\" \/>\n\t<meta property=\"og:image:type\" content=\"image\/png\" \/>\n<meta name=\"twitter:card\" content=\"summary_large_image\" \/>\n<script type=\"application\/ld+json\" class=\"yoast-schema-graph\">{\"@context\":\"https:\/\/schema.org\",\"@graph\":[{\"@type\":[\"WebPage\",\"ItemPage\"],\"@id\":\"https:\/\/www.schramas.com\/winkel\/pinus-mugo-mugo-dwergconifeer-pot-gekweekt-in-een-2-liter-14-cm-pot-voor-tuin-terras-of-balkon\/\",\"url\":\"https:\/\/www.schramas.com\/winkel\/pinus-mugo-mugo-dwergconifeer-pot-gekweekt-in-een-2-liter-14-cm-pot-voor-tuin-terras-of-balkon\/\",\"name\":\"Pinus mugo mugo, 'Bergden', dwergconifeer, 2 liter pot kopen | Planten eenvoudig online bestellen | Schramas.com\",\"isPartOf\":{\"@id\":\"https:\/\/www.schramas.com\/#website\"},\"primaryImageOfPage\":{\"@id\":\"https:\/\/www.schramas.com\/winkel\/pinus-mugo-mugo-dwergconifeer-pot-gekweekt-in-een-2-liter-14-cm-pot-voor-tuin-terras-of-balkon\/#primaryimage\"},\"image\":{\"@id\":\"https:\/\/www.schramas.com\/winkel\/pinus-mugo-mugo-dwergconifeer-pot-gekweekt-in-een-2-liter-14-cm-pot-voor-tuin-terras-of-balkon\/#primaryimage\"},\"thumbnailUrl\":\"https:\/\/www.schramas.com\/wp-content\/uploads\/2020\/04\/mugo-mugo.png\",\"datePublished\":\"2020-04-16T09:47:20+00:00\",\"dateModified\":\"2026-03-26T15:34:10+00:00\",\"breadcrumb\":{\"@id\":\"https:\/\/www.schramas.com\/winkel\/pinus-mugo-mugo-dwergconifeer-pot-gekweekt-in-een-2-liter-14-cm-pot-voor-tuin-terras-of-balkon\/#breadcrumb\"},\"inLanguage\":\"fr-FR\",\"potentialAction\":[{\"@type\":\"ReadAction\",\"target\":[\"https:\/\/www.schramas.com\/winkel\/pinus-mugo-mugo-dwergconifeer-pot-gekweekt-in-een-2-liter-14-cm-pot-voor-tuin-terras-of-balkon\/\"]}]},{\"@type\":\"ImageObject\",\"inLanguage\":\"fr-FR\",\"@id\":\"https:\/\/www.schramas.com\/winkel\/pinus-mugo-mugo-dwergconifeer-pot-gekweekt-in-een-2-liter-14-cm-pot-voor-tuin-terras-of-balkon\/#primaryimage\",\"url\":\"https:\/\/www.schramas.com\/wp-content\/uploads\/2020\/04\/mugo-mugo.png\",\"contentUrl\":\"https:\/\/www.schramas.com\/wp-content\/uploads\/2020\/04\/mugo-mugo.png\",\"width\":259,\"height\":194},{\"@type\":\"BreadcrumbList\",\"@id\":\"https:\/\/www.schramas.com\/winkel\/pinus-mugo-mugo-dwergconifeer-pot-gekweekt-in-een-2-liter-14-cm-pot-voor-tuin-terras-of-balkon\/#breadcrumb\",\"itemListElement\":[{\"@type\":\"ListItem\",\"position\":1,\"name\":\"Product\",\"item\":\"https:\/\/www.schramas.com\/assortiment\/\"},{\"@type\":\"ListItem\",\"position\":2,\"name\":\"Bomen &amp; Struiken\",\"item\":\"https:\/\/www.schramas.com\/product-category\/bomen-struiken\/\"},{\"@type\":\"ListItem\",\"position\":3,\"name\":\"Pinus mugo mugo, &#8216;Bergden&#8217;, dwergconifeer, 2 liter pot\"}]},{\"@type\":\"WebSite\",\"@id\":\"https:\/\/www.schramas.com\/#website\",\"url\":\"https:\/\/www.schramas.com\/\",\"name\":\"Schramas.com | Tuinplanten eenvoudig online bestellen | Direct van onze Kwekerij\",\"description\":\"\",\"alternateName\":\"Schramas.com - Alle planten direct van de kweker\",\"potentialAction\":[{\"@type\":\"SearchAction\",\"target\":{\"@type\":\"EntryPoint\",\"urlTemplate\":\"https:\/\/www.schramas.com\/?s={search_term_string}\"},\"query-input\":{\"@type\":\"PropertyValueSpecification\",\"valueRequired\":true,\"valueName\":\"search_term_string\"}}],\"inLanguage\":\"fr-FR\"}]}<\/script>\n<!-- \/ Yoast SEO plugin. -->","yoast_head_json":{"title":"Achetez Pinus mugo mugo, &#039;Bergpine&#039;, conif\u00e8re nain, pot de 2 litres | Commandez facilement des plantes en ligne | Schramas.com","robots":{"index":"index","follow":"follow","max-snippet":"max-snippet:-1","max-image-preview":"max-image-preview:large","max-video-preview":"max-video-preview:-1"},"canonical":"https:\/\/www.schramas.com\/fr\/boutique\/pinus-mugo-mugo-conifere-nain-en-pot-cultive-en-pot-de-2-litres-de-14-cm-pour-jardin-terrasse-ou-balcon\/","og_locale":"fr_FR","og_type":"article","og_title":"Pinus mugo mugo, 'Bergden', dwergconifeer, 2 liter pot kopen | Planten eenvoudig online bestellen | Schramas.com","og_description":"Pinus mugo mugo  Dwergconifeer  Bloeiwijze: NVT  Max. hoogte 300 cm  Groenblijvend.  Winterhard  Leverhoogte incl. pot: 25 cm  Potmaat: 12 cm pot","og_url":"https:\/\/www.schramas.com\/fr\/boutique\/pinus-mugo-mugo-conifere-nain-en-pot-cultive-en-pot-de-2-litres-de-14-cm-pour-jardin-terrasse-ou-balcon\/","og_site_name":"Planten eenvoudig online bestellen | Schramas.com","article_publisher":"https:\/\/www.facebook.com\/Schramascom-106872874153195\/","article_modified_time":"2026-03-26T15:34:10+00:00","og_image":[{"width":259,"height":194,"url":"https:\/\/www.schramas.com\/wp-content\/uploads\/2020\/04\/mugo-mugo.png","type":"image\/png"}],"twitter_card":"summary_large_image","schema":{"@context":"https:\/\/schema.org","@graph":[{"@type":["WebPage","ItemPage"],"@id":"https:\/\/www.schramas.com\/winkel\/pinus-mugo-mugo-dwergconifeer-pot-gekweekt-in-een-2-liter-14-cm-pot-voor-tuin-terras-of-balkon\/","url":"https:\/\/www.schramas.com\/winkel\/pinus-mugo-mugo-dwergconifeer-pot-gekweekt-in-een-2-liter-14-cm-pot-voor-tuin-terras-of-balkon\/","name":"Achetez Pinus mugo mugo, &#039;Bergpine&#039;, conif\u00e8re nain, pot de 2 litres | Commandez facilement des plantes en ligne | Schramas.com","isPartOf":{"@id":"https:\/\/www.schramas.com\/#website"},"primaryImageOfPage":{"@id":"https:\/\/www.schramas.com\/winkel\/pinus-mugo-mugo-dwergconifeer-pot-gekweekt-in-een-2-liter-14-cm-pot-voor-tuin-terras-of-balkon\/#primaryimage"},"image":{"@id":"https:\/\/www.schramas.com\/winkel\/pinus-mugo-mugo-dwergconifeer-pot-gekweekt-in-een-2-liter-14-cm-pot-voor-tuin-terras-of-balkon\/#primaryimage"},"thumbnailUrl":"https:\/\/www.schramas.com\/wp-content\/uploads\/2020\/04\/mugo-mugo.png","datePublished":"2020-04-16T09:47:20+00:00","dateModified":"2026-03-26T15:34:10+00:00","breadcrumb":{"@id":"https:\/\/www.schramas.com\/winkel\/pinus-mugo-mugo-dwergconifeer-pot-gekweekt-in-een-2-liter-14-cm-pot-voor-tuin-terras-of-balkon\/#breadcrumb"},"inLanguage":"fr-FR","potentialAction":[{"@type":"ReadAction","target":["https:\/\/www.schramas.com\/winkel\/pinus-mugo-mugo-dwergconifeer-pot-gekweekt-in-een-2-liter-14-cm-pot-voor-tuin-terras-of-balkon\/"]}]},{"@type":"ImageObject","inLanguage":"fr-FR","@id":"https:\/\/www.schramas.com\/winkel\/pinus-mugo-mugo-dwergconifeer-pot-gekweekt-in-een-2-liter-14-cm-pot-voor-tuin-terras-of-balkon\/#primaryimage","url":"https:\/\/www.schramas.com\/wp-content\/uploads\/2020\/04\/mugo-mugo.png","contentUrl":"https:\/\/www.schramas.com\/wp-content\/uploads\/2020\/04\/mugo-mugo.png","width":259,"height":194},{"@type":"BreadcrumbList","@id":"https:\/\/www.schramas.com\/winkel\/pinus-mugo-mugo-dwergconifeer-pot-gekweekt-in-een-2-liter-14-cm-pot-voor-tuin-terras-of-balkon\/#breadcrumb","itemListElement":[{"@type":"ListItem","position":1,"name":"Product","item":"https:\/\/www.schramas.com\/assortiment\/"},{"@type":"ListItem","position":2,"name":"Bomen &amp; Struiken","item":"https:\/\/www.schramas.com\/product-category\/bomen-struiken\/"},{"@type":"ListItem","position":3,"name":"Pinus mugo mugo, &#8216;Bergden&#8217;, dwergconifeer, 2 liter pot"}]},{"@type":"WebSite","@id":"https:\/\/www.schramas.com\/#website","url":"https:\/\/www.schramas.com\/","name":"Schramas.com | Plantes de jardin faciles \u00e0 commander en ligne | En direct de notre p\u00e9pini\u00e8re","description":"","alternateName":"Schramas.com - Alle planten direct van de kweker","potentialAction":[{"@type":"SearchAction","target":{"@type":"EntryPoint","urlTemplate":"https:\/\/www.schramas.com\/?s={search_term_string}"},"query-input":{"@type":"PropertyValueSpecification","valueRequired":true,"valueName":"search_term_string"}}],"inLanguage":"fr-FR"}]}},"_links":{"self":[{"href":"https:\/\/www.schramas.com\/fr\/wp-json\/wp\/v2\/product\/10402","targetHints":{"allow":["GET"]}}],"collection":[{"href":"https:\/\/www.schramas.com\/fr\/wp-json\/wp\/v2\/product"}],"about":[{"href":"https:\/\/www.schramas.com\/fr\/wp-json\/wp\/v2\/types\/product"}],"version-history":[{"count":1,"href":"https:\/\/www.schramas.com\/fr\/wp-json\/wp\/v2\/product\/10402\/revisions"}],"predecessor-version":[{"id":46626,"href":"https:\/\/www.schramas.com\/fr\/wp-json\/wp\/v2\/product\/10402\/revisions\/46626"}],"wp:featuredmedia":[{"embeddable":true,"href":"https:\/\/www.schramas.com\/fr\/wp-json\/wp\/v2\/media\/10420"}],"wp:attachment":[{"href":"https:\/\/www.schramas.com\/fr\/wp-json\/wp\/v2\/media?parent=10402"}],"wp:term":[{"taxonomy":"product_brand","embeddable":true,"href":"https:\/\/www.schramas.com\/fr\/wp-json\/wp\/v2\/product_brand?post=10402"},{"taxonomy":"product_cat","embeddable":true,"href":"https:\/\/www.schramas.com\/fr\/wp-json\/wp\/v2\/product_cat?post=10402"},{"taxonomy":"product_tag","embeddable":true,"href":"https:\/\/www.schramas.com\/fr\/wp-json\/wp\/v2\/product_tag?post=10402"}],"curies":[{"name":"wp","href":"https:\/\/api.w.org\/{rel}","templated":true}]}}