{"id":10427,"date":"2020-04-16T15:30:57","date_gmt":"2020-04-16T13:30:57","guid":{"rendered":"https:\/\/www.schramas.com\/?post_type=product&#038;p=10427"},"modified":"2026-04-24T16:47:17","modified_gmt":"2026-04-24T14:47:17","slug":"citrus-auratifolia-lime-pot-de-2-litres-12-par-20-cm-citron-pot-de-60-cm-y-compris-pot-pour-jardin-terrasse-ou-balcon","status":"publish","type":"product","link":"https:\/\/www.schramas.com\/fr\/boutique\/citrus-auratifolia-lime-pot-de-2-litres-12-par-20-cm-citron-pot-de-60-cm-y-compris-pot-pour-jardin-terrasse-ou-balcon\/","title":{"rendered":"Citrus auratifolia 'Lime' , pot de 2 litres"},"content":{"rendered":"<p>Le Citrus auratifolia 'lime', \u00e9galement appel\u00e9 tilleul, d\u00e9gage un agr\u00e9able parfum sucr\u00e9 pendant la floraison sur le patio ou le balcon. C'est une plante facile \u00e0 cultiver et qui fructifie bien. Le tilleul doit \u00eatre trait\u00e9 comme une v\u00e9ritable plante en bac, c'est-\u00e0-dire qu'il doit \u00eatre rentr\u00e9 en hiver dans une serre ou dans une serre ext\u00e9rieure \u00e0 l'abri du gel. Dans une serre, cette plante fleurit presque toute l'ann\u00e9e. Elle peut \u00eatre taill\u00e9e en septembre, en laissant 1\/3 des pousses en place pour garder la plante pleine.<\/p>","protected":false},"excerpt":{"rendered":"<p>Citrus auratifolia \"Lime\" (citron vert)<\/p>\n<p>Tilleul.<\/p>\n<p>Couleur du fruit : vert<\/p>\n<p>Hauteur maximale +\/_ 200 cm<\/p>\n<p>Plante \u00e0 tubercules \u00e0 la fleur merveilleusement parfum\u00e9e<\/p>\n<p>Non rustique, sensible au gel.<\/p>\n<p>Hauteur de livraison avec pot : +\/_ 60 cm<\/p>\n<p>Taille du pot : 2 litres 12 x 20 cm.<\/p>","protected":false},"featured_media":27104,"template":"","meta":{"_joinchat":[]},"product_brand":[],"product_cat":[262,946,233,2391,294],"product_tag":[781,782,779,780,832,833,783,784],"class_list":{"0":"post-10427","1":"product","2":"type-product","3":"status-publish","4":"has-post-thumbnail","6":"product_cat-bomen-struiken","7":"product_cat-citrus","8":"product_cat-fruitbomen","9":"product_cat-mediterrane-en-exotische-fruitplanten","10":"product_cat-specials","11":"product_tag-citroenboom","12":"product_tag-citrus","13":"product_tag-citrus-limon-citroen","14":"product_tag-geurende-bloem","15":"product_tag-limoen","16":"product_tag-limoenboom","17":"product_tag-niet-winterhard","18":"product_tag-vaste-plant","19":"pa_groeihoogte-10-30-cm","20":"pa_pot-105-cm-pot","22":"first","23":"instock","24":"taxable","25":"shipping-taxable","26":"purchasable","27":"product-type-simple"},"yoast_head":"<!-- This site is optimized with the Yoast SEO plugin v24.2 - https:\/\/yoast.com\/wordpress\/plugins\/seo\/ -->\n<title>Citrus auratifolia &#039;Limoen&#039; , 2 liter pot kopen | Planten eenvoudig online bestellen | Schramas.com<\/title>\n<meta name=\"robots\" content=\"index, follow, max-snippet:-1, max-image-preview:large, max-video-preview:-1\" \/>\n<link rel=\"canonical\" href=\"https:\/\/www.schramas.com\/fr\/boutique\/citrus-auratifolia-lime-pot-de-2-litres-12-par-20-cm-citron-pot-de-60-cm-y-compris-pot-pour-jardin-terrasse-ou-balcon\/\" \/>\n<meta property=\"og:locale\" content=\"fr_FR\" \/>\n<meta property=\"og:type\" content=\"article\" \/>\n<meta property=\"og:title\" content=\"Citrus auratifolia &#039;Limoen&#039; , 2 liter pot kopen | Planten eenvoudig online bestellen | Schramas.com\" \/>\n<meta property=\"og:description\" content=\"Citrus auratifolia &#039;Limoen&#039;  Limoen boom.  Kleur vrucht: groen  Max. hoogte +\/_ 200 cm  Kuipplant heerlijk geurende bloem  Niet winterhard, vorst gevoelig.  Leverhoogte incl. pot: +\/_ 60 cm  Potmaat: 2 liter\u00a0 12 bij 20 cm.\" \/>\n<meta property=\"og:url\" content=\"https:\/\/www.schramas.com\/fr\/boutique\/citrus-auratifolia-lime-pot-de-2-litres-12-par-20-cm-citron-pot-de-60-cm-y-compris-pot-pour-jardin-terrasse-ou-balcon\/\" \/>\n<meta property=\"og:site_name\" content=\"Planten eenvoudig online bestellen | Schramas.com\" \/>\n<meta property=\"article:publisher\" content=\"https:\/\/www.facebook.com\/Schramascom-106872874153195\/\" \/>\n<meta property=\"article:modified_time\" content=\"2026-04-24T14:47:17+00:00\" \/>\n<meta property=\"og:image\" content=\"http:\/\/www.schramas.com\/wp-content\/uploads\/2020\/04\/Limoen-sfeer-1.jpg\" \/>\n\t<meta property=\"og:image:width\" content=\"1600\" \/>\n\t<meta property=\"og:image:height\" content=\"1600\" \/>\n\t<meta property=\"og:image:type\" content=\"image\/jpeg\" \/>\n<meta name=\"twitter:card\" content=\"summary_large_image\" \/>\n<script type=\"application\/ld+json\" class=\"yoast-schema-graph\">{\"@context\":\"https:\/\/schema.org\",\"@graph\":[{\"@type\":[\"WebPage\",\"ItemPage\"],\"@id\":\"https:\/\/www.schramas.com\/winkel\/citrus-auratifolia-limoen-2-liter-pot-12-bij-20-cm-citroen-potgedrukt-60-cm-inclusief-pot-voor-tuin-terras-of-balkon\/\",\"url\":\"https:\/\/www.schramas.com\/winkel\/citrus-auratifolia-limoen-2-liter-pot-12-bij-20-cm-citroen-potgedrukt-60-cm-inclusief-pot-voor-tuin-terras-of-balkon\/\",\"name\":\"Citrus auratifolia 'Limoen' , 2 liter pot kopen | Planten eenvoudig online bestellen | Schramas.com\",\"isPartOf\":{\"@id\":\"https:\/\/www.schramas.com\/#website\"},\"primaryImageOfPage\":{\"@id\":\"https:\/\/www.schramas.com\/winkel\/citrus-auratifolia-limoen-2-liter-pot-12-bij-20-cm-citroen-potgedrukt-60-cm-inclusief-pot-voor-tuin-terras-of-balkon\/#primaryimage\"},\"image\":{\"@id\":\"https:\/\/www.schramas.com\/winkel\/citrus-auratifolia-limoen-2-liter-pot-12-bij-20-cm-citroen-potgedrukt-60-cm-inclusief-pot-voor-tuin-terras-of-balkon\/#primaryimage\"},\"thumbnailUrl\":\"https:\/\/www.schramas.com\/wp-content\/uploads\/2020\/04\/Limoen-sfeer-1.jpg\",\"datePublished\":\"2020-04-16T13:30:57+00:00\",\"dateModified\":\"2026-04-24T14:47:17+00:00\",\"breadcrumb\":{\"@id\":\"https:\/\/www.schramas.com\/winkel\/citrus-auratifolia-limoen-2-liter-pot-12-bij-20-cm-citroen-potgedrukt-60-cm-inclusief-pot-voor-tuin-terras-of-balkon\/#breadcrumb\"},\"inLanguage\":\"fr-FR\",\"potentialAction\":[{\"@type\":\"ReadAction\",\"target\":[\"https:\/\/www.schramas.com\/winkel\/citrus-auratifolia-limoen-2-liter-pot-12-bij-20-cm-citroen-potgedrukt-60-cm-inclusief-pot-voor-tuin-terras-of-balkon\/\"]}]},{\"@type\":\"ImageObject\",\"inLanguage\":\"fr-FR\",\"@id\":\"https:\/\/www.schramas.com\/winkel\/citrus-auratifolia-limoen-2-liter-pot-12-bij-20-cm-citroen-potgedrukt-60-cm-inclusief-pot-voor-tuin-terras-of-balkon\/#primaryimage\",\"url\":\"https:\/\/www.schramas.com\/wp-content\/uploads\/2020\/04\/Limoen-sfeer-1.jpg\",\"contentUrl\":\"https:\/\/www.schramas.com\/wp-content\/uploads\/2020\/04\/Limoen-sfeer-1.jpg\",\"width\":1600,\"height\":1600},{\"@type\":\"BreadcrumbList\",\"@id\":\"https:\/\/www.schramas.com\/winkel\/citrus-auratifolia-limoen-2-liter-pot-12-bij-20-cm-citroen-potgedrukt-60-cm-inclusief-pot-voor-tuin-terras-of-balkon\/#breadcrumb\",\"itemListElement\":[{\"@type\":\"ListItem\",\"position\":1,\"name\":\"Product\",\"item\":\"https:\/\/www.schramas.com\/assortiment\/\"},{\"@type\":\"ListItem\",\"position\":2,\"name\":\"Bomen &amp; Struiken\",\"item\":\"https:\/\/www.schramas.com\/product-category\/bomen-struiken\/\"},{\"@type\":\"ListItem\",\"position\":3,\"name\":\"Fruitbomen\",\"item\":\"https:\/\/www.schramas.com\/product-category\/bomen-struiken\/fruitbomen\/\"},{\"@type\":\"ListItem\",\"position\":4,\"name\":\"Citrus\",\"item\":\"https:\/\/www.schramas.com\/product-category\/bomen-struiken\/fruitbomen\/citrus\/\"},{\"@type\":\"ListItem\",\"position\":5,\"name\":\"Citrus auratifolia &#8216;Limoen&#8217; , 2 liter pot\"}]},{\"@type\":\"WebSite\",\"@id\":\"https:\/\/www.schramas.com\/#website\",\"url\":\"https:\/\/www.schramas.com\/\",\"name\":\"Schramas.com | Tuinplanten eenvoudig online bestellen | Direct van onze Kwekerij\",\"description\":\"\",\"alternateName\":\"Schramas.com - Alle planten direct van de kweker\",\"potentialAction\":[{\"@type\":\"SearchAction\",\"target\":{\"@type\":\"EntryPoint\",\"urlTemplate\":\"https:\/\/www.schramas.com\/?s={search_term_string}\"},\"query-input\":{\"@type\":\"PropertyValueSpecification\",\"valueRequired\":true,\"valueName\":\"search_term_string\"}}],\"inLanguage\":\"fr-FR\"}]}<\/script>\n<!-- \/ Yoast SEO plugin. -->","yoast_head_json":{"title":"Citrus auratifolia 'Lime' , acheter Pot de 2 litres | Plantes commande en ligne facile | Schramas.com","robots":{"index":"index","follow":"follow","max-snippet":"max-snippet:-1","max-image-preview":"max-image-preview:large","max-video-preview":"max-video-preview:-1"},"canonical":"https:\/\/www.schramas.com\/fr\/boutique\/citrus-auratifolia-lime-pot-de-2-litres-12-par-20-cm-citron-pot-de-60-cm-y-compris-pot-pour-jardin-terrasse-ou-balcon\/","og_locale":"fr_FR","og_type":"article","og_title":"Citrus auratifolia 'Limoen' , 2 liter pot kopen | Planten eenvoudig online bestellen | Schramas.com","og_description":"Citrus auratifolia 'Limoen'  Limoen boom.  Kleur vrucht: groen  Max. hoogte +\/_ 200 cm  Kuipplant heerlijk geurende bloem  Niet winterhard, vorst gevoelig.  Leverhoogte incl. pot: +\/_ 60 cm  Potmaat: 2 liter\u00a0 12 bij 20 cm.","og_url":"https:\/\/www.schramas.com\/fr\/boutique\/citrus-auratifolia-lime-pot-de-2-litres-12-par-20-cm-citron-pot-de-60-cm-y-compris-pot-pour-jardin-terrasse-ou-balcon\/","og_site_name":"Planten eenvoudig online bestellen | Schramas.com","article_publisher":"https:\/\/www.facebook.com\/Schramascom-106872874153195\/","article_modified_time":"2026-04-24T14:47:17+00:00","og_image":[{"width":1600,"height":1600,"url":"http:\/\/www.schramas.com\/wp-content\/uploads\/2020\/04\/Limoen-sfeer-1.jpg","type":"image\/jpeg"}],"twitter_card":"summary_large_image","schema":{"@context":"https:\/\/schema.org","@graph":[{"@type":["WebPage","ItemPage"],"@id":"https:\/\/www.schramas.com\/winkel\/citrus-auratifolia-limoen-2-liter-pot-12-bij-20-cm-citroen-potgedrukt-60-cm-inclusief-pot-voor-tuin-terras-of-balkon\/","url":"https:\/\/www.schramas.com\/winkel\/citrus-auratifolia-limoen-2-liter-pot-12-bij-20-cm-citroen-potgedrukt-60-cm-inclusief-pot-voor-tuin-terras-of-balkon\/","name":"Citrus auratifolia 'Lime' , acheter Pot de 2 litres | Plantes commande en ligne facile | Schramas.com","isPartOf":{"@id":"https:\/\/www.schramas.com\/#website"},"primaryImageOfPage":{"@id":"https:\/\/www.schramas.com\/winkel\/citrus-auratifolia-limoen-2-liter-pot-12-bij-20-cm-citroen-potgedrukt-60-cm-inclusief-pot-voor-tuin-terras-of-balkon\/#primaryimage"},"image":{"@id":"https:\/\/www.schramas.com\/winkel\/citrus-auratifolia-limoen-2-liter-pot-12-bij-20-cm-citroen-potgedrukt-60-cm-inclusief-pot-voor-tuin-terras-of-balkon\/#primaryimage"},"thumbnailUrl":"https:\/\/www.schramas.com\/wp-content\/uploads\/2020\/04\/Limoen-sfeer-1.jpg","datePublished":"2020-04-16T13:30:57+00:00","dateModified":"2026-04-24T14:47:17+00:00","breadcrumb":{"@id":"https:\/\/www.schramas.com\/winkel\/citrus-auratifolia-limoen-2-liter-pot-12-bij-20-cm-citroen-potgedrukt-60-cm-inclusief-pot-voor-tuin-terras-of-balkon\/#breadcrumb"},"inLanguage":"fr-FR","potentialAction":[{"@type":"ReadAction","target":["https:\/\/www.schramas.com\/winkel\/citrus-auratifolia-limoen-2-liter-pot-12-bij-20-cm-citroen-potgedrukt-60-cm-inclusief-pot-voor-tuin-terras-of-balkon\/"]}]},{"@type":"ImageObject","inLanguage":"fr-FR","@id":"https:\/\/www.schramas.com\/winkel\/citrus-auratifolia-limoen-2-liter-pot-12-bij-20-cm-citroen-potgedrukt-60-cm-inclusief-pot-voor-tuin-terras-of-balkon\/#primaryimage","url":"https:\/\/www.schramas.com\/wp-content\/uploads\/2020\/04\/Limoen-sfeer-1.jpg","contentUrl":"https:\/\/www.schramas.com\/wp-content\/uploads\/2020\/04\/Limoen-sfeer-1.jpg","width":1600,"height":1600},{"@type":"BreadcrumbList","@id":"https:\/\/www.schramas.com\/winkel\/citrus-auratifolia-limoen-2-liter-pot-12-bij-20-cm-citroen-potgedrukt-60-cm-inclusief-pot-voor-tuin-terras-of-balkon\/#breadcrumb","itemListElement":[{"@type":"ListItem","position":1,"name":"Product","item":"https:\/\/www.schramas.com\/assortiment\/"},{"@type":"ListItem","position":2,"name":"Bomen &amp; Struiken","item":"https:\/\/www.schramas.com\/product-category\/bomen-struiken\/"},{"@type":"ListItem","position":3,"name":"Fruitbomen","item":"https:\/\/www.schramas.com\/product-category\/bomen-struiken\/fruitbomen\/"},{"@type":"ListItem","position":4,"name":"Citrus","item":"https:\/\/www.schramas.com\/product-category\/bomen-struiken\/fruitbomen\/citrus\/"},{"@type":"ListItem","position":5,"name":"Citrus auratifolia &#8216;Limoen&#8217; , 2 liter pot"}]},{"@type":"WebSite","@id":"https:\/\/www.schramas.com\/#website","url":"https:\/\/www.schramas.com\/","name":"Schramas.com | Plantes de jardin faciles \u00e0 commander en ligne | En direct de notre p\u00e9pini\u00e8re","description":"","alternateName":"Schramas.com - Alle planten direct van de kweker","potentialAction":[{"@type":"SearchAction","target":{"@type":"EntryPoint","urlTemplate":"https:\/\/www.schramas.com\/?s={search_term_string}"},"query-input":{"@type":"PropertyValueSpecification","valueRequired":true,"valueName":"search_term_string"}}],"inLanguage":"fr-FR"}]}},"_links":{"self":[{"href":"https:\/\/www.schramas.com\/fr\/wp-json\/wp\/v2\/product\/10427","targetHints":{"allow":["GET"]}}],"collection":[{"href":"https:\/\/www.schramas.com\/fr\/wp-json\/wp\/v2\/product"}],"about":[{"href":"https:\/\/www.schramas.com\/fr\/wp-json\/wp\/v2\/types\/product"}],"version-history":[{"count":1,"href":"https:\/\/www.schramas.com\/fr\/wp-json\/wp\/v2\/product\/10427\/revisions"}],"predecessor-version":[{"id":47787,"href":"https:\/\/www.schramas.com\/fr\/wp-json\/wp\/v2\/product\/10427\/revisions\/47787"}],"wp:featuredmedia":[{"embeddable":true,"href":"https:\/\/www.schramas.com\/fr\/wp-json\/wp\/v2\/media\/27104"}],"wp:attachment":[{"href":"https:\/\/www.schramas.com\/fr\/wp-json\/wp\/v2\/media?parent=10427"}],"wp:term":[{"taxonomy":"product_brand","embeddable":true,"href":"https:\/\/www.schramas.com\/fr\/wp-json\/wp\/v2\/product_brand?post=10427"},{"taxonomy":"product_cat","embeddable":true,"href":"https:\/\/www.schramas.com\/fr\/wp-json\/wp\/v2\/product_cat?post=10427"},{"taxonomy":"product_tag","embeddable":true,"href":"https:\/\/www.schramas.com\/fr\/wp-json\/wp\/v2\/product_tag?post=10427"}],"curies":[{"name":"wp","href":"https:\/\/api.w.org\/{rel}","templated":true}]}}