{"id":12923,"date":"2020-11-07T09:02:04","date_gmt":"2020-11-07T08:02:04","guid":{"rendered":"https:\/\/www.schramas.com\/?post_type=product&#038;p=12923"},"modified":"2026-04-24T13:21:17","modified_gmt":"2026-04-24T11:21:17","slug":"secateur-200mm","status":"publish","type":"product","link":"https:\/\/www.schramas.com\/fr\/boutique\/secateur-200mm\/","title":{"rendered":"SONO\u00ae S\u00e9cateur professionnel - Acier japonais SK5 - Longueur : 200mm - Blocage du pouce"},"content":{"rendered":"<p>Am\u00e9liorez l&#039;entretien de votre jardin avec le s\u00e9cateur professionnel SONO\u00ae, fabriqu\u00e9 en acier japonais SK5 de haute qualit\u00e9. Ces s\u00e9cateurs sont \u00e9galement utilis\u00e9s par les fruiticulteurs, gr\u00e2ce \u00e0 leur pr\u00e9cision et leur durabilit\u00e9 exceptionnelles. Les lames tranchantes en acier SK5 glissent sans effort les unes sur les autres pour une coupe nette et pr\u00e9cise, m\u00eame sur les branches les plus \u00e9paisses.<\/p>\n<p>Le s\u00e9cateur est dot\u00e9 d&#039;une poign\u00e9e ergonomique en aluminium recouverte de PVC pour une prise confortable et ferme m\u00eame en cas d&#039;utilisation prolong\u00e9e. La lame sup\u00e9rieure est dot\u00e9e d&#039;une couche antiadh\u00e9sive en t\u00e9flon, tandis que la lame inf\u00e9rieure est en acier au carbone 50c avec un placage chrom\u00e9, ce qui garantit des performances de coupe optimales et une longue dur\u00e9e de vie.<\/p>\n<p>Les s\u00e9cateurs sont \u00e9quip\u00e9s d&#039;un verrouillage au pouce pratique, qui vous permet de verrouiller le s\u00e9cateur en toute s\u00e9curit\u00e9 lorsqu&#039;il n&#039;est pas utilis\u00e9. Avec une longueur de 200 mm, ce s\u00e9cateur est le choix id\u00e9al aussi bien pour le jardinier professionnel que pour l&#039;amateur exigeant.<\/p>\n<p><strong>Sp\u00e9cifications :<\/strong><\/p>\n<ul>\n<li><strong>Longueur :<\/strong> 200 mm<\/li>\n<li><strong>Rayon sup\u00e9rieur :<\/strong> Acier japonais SK5 \u00e0 haute teneur en carbone, couche antiadh\u00e9sive en T\u00e9flon<\/li>\n<li><strong>Feuille de fond :<\/strong> Acier au carbone 50c, chromage<\/li>\n<li><strong>Poign\u00e9e :<\/strong> Aluminium avec poign\u00e9es en PVC<\/li>\n<li><strong>S\u00e9curit\u00e9:<\/strong> Verrouillage du pouce pour un stockage s\u00e9curis\u00e9<\/li>\n<\/ul>\n<p>Choisissez le s\u00e9cateur professionnel SONO\u00ae et d\u00e9couvrez par vous-m\u00eame la diff\u00e9rence de qualit\u00e9 et de confort.<\/p>","protected":false},"excerpt":{"rendered":"<p>S\u00e9cateur professionnel : 200mm<\/p>\n<p><span class=\"Y2IQFc\" lang=\"nl\">Lame sup\u00e9rieure : SK5 \u00e0 haute teneur en carbone, rev\u00eatement antiadh\u00e9sif en t\u00e9flon. <\/span><\/p>\n<p><span class=\"Y2IQFc\" lang=\"nl\">Lame inf\u00e9rieure : acier au carbone 50c, chrom\u00e9. <\/span><\/p>\n<p><span class=\"Y2IQFc\" lang=\"nl\">Manche : aluminium avec poign\u00e9es en PVC.<\/span><\/p>\n<p>Avec verrouillage de s\u00e9curit\u00e9<\/p>\n<p>&nbsp;<\/p>\n<p>&nbsp;<\/p>\n<p>&nbsp;<\/p>","protected":false},"featured_media":43208,"template":"","meta":{"_joinchat":[]},"product_brand":[],"product_cat":[137,142],"product_tag":[2108,2099,2111,2112,2101,2106,2110,2100,2109,2105,2098,2107,1532],"class_list":{"0":"post-12923","1":"product","2":"type-product","3":"status-publish","4":"has-post-thumbnail","6":"product_cat-accessoires","7":"product_cat-gereedschap","8":"product_tag-aluminium-handvat","9":"product_tag-chrome-plating","10":"product_tag-duimslot","11":"product_tag-fruitkwekers-gereedschap","12":"product_tag-hoogwaardige-snoeischaar","13":"product_tag-japans-sk5-staal","14":"product_tag-precisie-snoeiwerk","15":"product_tag-professionele-snoeischaar","16":"product_tag-pvc-grip","17":"product_tag-sono-snoeischaar","18":"product_tag-teflon-coating","19":"product_tag-tuingereedschap","20":"product_tag-tuinonderhoud","22":"first","23":"instock","24":"taxable","25":"shipping-taxable","26":"purchasable","27":"product-type-simple"},"yoast_head":"<!-- This site is optimized with the Yoast SEO plugin v24.2 - https:\/\/yoast.com\/wordpress\/plugins\/seo\/ -->\n<title>SONO\u00ae Professionele Snoeischaar - Japans SK5 staal - Lengte: 200mm - Duimslot kopen | Planten eenvoudig online bestellen | Schramas.com<\/title>\n<meta name=\"robots\" content=\"index, follow, max-snippet:-1, max-image-preview:large, max-video-preview:-1\" \/>\n<link rel=\"canonical\" href=\"https:\/\/www.schramas.com\/fr\/boutique\/secateur-200mm\/\" \/>\n<meta property=\"og:locale\" content=\"fr_FR\" \/>\n<meta property=\"og:type\" content=\"article\" \/>\n<meta property=\"og:title\" content=\"SONO\u00ae Professionele Snoeischaar - Japans SK5 staal - Lengte: 200mm - Duimslot kopen | Planten eenvoudig online bestellen | Schramas.com\" \/>\n<meta property=\"og:description\" content=\"Professionele Snoeischaar: 200mm  Bovenblad: SK5 met hoog carbongehalte, Teflon non-stick laag.   Onderblad: carbon 50c staal, chrome plating.   Handvat: aluminium met PVC-grepen.  Met veiligheid slot  &nbsp;  &nbsp;  &nbsp;\" \/>\n<meta property=\"og:url\" content=\"https:\/\/www.schramas.com\/fr\/boutique\/secateur-200mm\/\" \/>\n<meta property=\"og:site_name\" content=\"Planten eenvoudig online bestellen | Schramas.com\" \/>\n<meta property=\"article:publisher\" content=\"https:\/\/www.facebook.com\/Schramascom-106872874153195\/\" \/>\n<meta property=\"article:modified_time\" content=\"2026-04-24T11:21:17+00:00\" \/>\n<meta property=\"og:image\" content=\"https:\/\/www.schramas.com\/wp-content\/uploads\/2024\/08\/JV8-BY-PASS-1.jpg\" \/>\n\t<meta property=\"og:image:width\" content=\"1200\" \/>\n\t<meta property=\"og:image:height\" content=\"1200\" \/>\n\t<meta property=\"og:image:type\" content=\"image\/jpeg\" \/>\n<meta name=\"twitter:card\" content=\"summary_large_image\" \/>\n<meta name=\"twitter:label1\" content=\"Dur\u00e9e de lecture estim\u00e9e\" \/>\n\t<meta name=\"twitter:data1\" content=\"1 minute\" \/>\n<script type=\"application\/ld+json\" class=\"yoast-schema-graph\">{\"@context\":\"https:\/\/schema.org\",\"@graph\":[{\"@type\":[\"WebPage\",\"ItemPage\"],\"@id\":\"https:\/\/www.schramas.com\/winkel\/snoeischaar-200mm\/\",\"url\":\"https:\/\/www.schramas.com\/winkel\/snoeischaar-200mm\/\",\"name\":\"SONO\u00ae Professionele Snoeischaar - Japans SK5 staal - Lengte: 200mm - Duimslot kopen | Planten eenvoudig online bestellen | Schramas.com\",\"isPartOf\":{\"@id\":\"https:\/\/www.schramas.com\/#website\"},\"primaryImageOfPage\":{\"@id\":\"https:\/\/www.schramas.com\/winkel\/snoeischaar-200mm\/#primaryimage\"},\"image\":{\"@id\":\"https:\/\/www.schramas.com\/winkel\/snoeischaar-200mm\/#primaryimage\"},\"thumbnailUrl\":\"https:\/\/www.schramas.com\/wp-content\/uploads\/2024\/08\/JV8-BY-PASS-1.jpg\",\"datePublished\":\"2020-11-07T08:02:04+00:00\",\"dateModified\":\"2026-04-24T11:21:17+00:00\",\"breadcrumb\":{\"@id\":\"https:\/\/www.schramas.com\/winkel\/snoeischaar-200mm\/#breadcrumb\"},\"inLanguage\":\"fr-FR\",\"potentialAction\":[{\"@type\":\"ReadAction\",\"target\":[\"https:\/\/www.schramas.com\/winkel\/snoeischaar-200mm\/\"]}]},{\"@type\":\"ImageObject\",\"inLanguage\":\"fr-FR\",\"@id\":\"https:\/\/www.schramas.com\/winkel\/snoeischaar-200mm\/#primaryimage\",\"url\":\"https:\/\/www.schramas.com\/wp-content\/uploads\/2024\/08\/JV8-BY-PASS-1.jpg\",\"contentUrl\":\"https:\/\/www.schramas.com\/wp-content\/uploads\/2024\/08\/JV8-BY-PASS-1.jpg\",\"width\":1200,\"height\":1200},{\"@type\":\"BreadcrumbList\",\"@id\":\"https:\/\/www.schramas.com\/winkel\/snoeischaar-200mm\/#breadcrumb\",\"itemListElement\":[{\"@type\":\"ListItem\",\"position\":1,\"name\":\"Product\",\"item\":\"https:\/\/www.schramas.com\/assortiment\/\"},{\"@type\":\"ListItem\",\"position\":2,\"name\":\"Accessoires\",\"item\":\"https:\/\/www.schramas.com\/product-category\/accessoires\/\"},{\"@type\":\"ListItem\",\"position\":3,\"name\":\"Tuingereedschap\",\"item\":\"https:\/\/www.schramas.com\/product-category\/accessoires\/gereedschap\/\"},{\"@type\":\"ListItem\",\"position\":4,\"name\":\"SONO\u00ae Professionele Snoeischaar &#8211; Japans SK5 staal &#8211; Lengte: 200mm &#8211; Duimslot\"}]},{\"@type\":\"WebSite\",\"@id\":\"https:\/\/www.schramas.com\/#website\",\"url\":\"https:\/\/www.schramas.com\/\",\"name\":\"Schramas.com | Tuinplanten eenvoudig online bestellen | Direct van onze Kwekerij\",\"description\":\"\",\"alternateName\":\"Schramas.com - Alle planten direct van de kweker\",\"potentialAction\":[{\"@type\":\"SearchAction\",\"target\":{\"@type\":\"EntryPoint\",\"urlTemplate\":\"https:\/\/www.schramas.com\/?s={search_term_string}\"},\"query-input\":{\"@type\":\"PropertyValueSpecification\",\"valueRequired\":true,\"valueName\":\"search_term_string\"}}],\"inLanguage\":\"fr-FR\"}]}<\/script>\n<!-- \/ Yoast SEO plugin. -->","yoast_head_json":{"title":"S\u00e9cateur professionnel SONO\u00ae - Acier japonais SK5 - Longueur : 200 mm - Acheter blocage au pouce | Commandez facilement des plantes en ligne | Schramas.com","robots":{"index":"index","follow":"follow","max-snippet":"max-snippet:-1","max-image-preview":"max-image-preview:large","max-video-preview":"max-video-preview:-1"},"canonical":"https:\/\/www.schramas.com\/fr\/boutique\/secateur-200mm\/","og_locale":"fr_FR","og_type":"article","og_title":"SONO\u00ae Professionele Snoeischaar - Japans SK5 staal - Lengte: 200mm - Duimslot kopen | Planten eenvoudig online bestellen | Schramas.com","og_description":"Professionele Snoeischaar: 200mm  Bovenblad: SK5 met hoog carbongehalte, Teflon non-stick laag.   Onderblad: carbon 50c staal, chrome plating.   Handvat: aluminium met PVC-grepen.  Met veiligheid slot  &nbsp;  &nbsp;  &nbsp;","og_url":"https:\/\/www.schramas.com\/fr\/boutique\/secateur-200mm\/","og_site_name":"Planten eenvoudig online bestellen | Schramas.com","article_publisher":"https:\/\/www.facebook.com\/Schramascom-106872874153195\/","article_modified_time":"2026-04-24T11:21:17+00:00","og_image":[{"width":1200,"height":1200,"url":"https:\/\/www.schramas.com\/wp-content\/uploads\/2024\/08\/JV8-BY-PASS-1.jpg","type":"image\/jpeg"}],"twitter_card":"summary_large_image","twitter_misc":{"Dur\u00e9e de lecture estim\u00e9e":"1 minute"},"schema":{"@context":"https:\/\/schema.org","@graph":[{"@type":["WebPage","ItemPage"],"@id":"https:\/\/www.schramas.com\/winkel\/snoeischaar-200mm\/","url":"https:\/\/www.schramas.com\/winkel\/snoeischaar-200mm\/","name":"S\u00e9cateur professionnel SONO\u00ae - Acier japonais SK5 - Longueur : 200 mm - Acheter blocage au pouce | Commandez facilement des plantes en ligne | Schramas.com","isPartOf":{"@id":"https:\/\/www.schramas.com\/#website"},"primaryImageOfPage":{"@id":"https:\/\/www.schramas.com\/winkel\/snoeischaar-200mm\/#primaryimage"},"image":{"@id":"https:\/\/www.schramas.com\/winkel\/snoeischaar-200mm\/#primaryimage"},"thumbnailUrl":"https:\/\/www.schramas.com\/wp-content\/uploads\/2024\/08\/JV8-BY-PASS-1.jpg","datePublished":"2020-11-07T08:02:04+00:00","dateModified":"2026-04-24T11:21:17+00:00","breadcrumb":{"@id":"https:\/\/www.schramas.com\/winkel\/snoeischaar-200mm\/#breadcrumb"},"inLanguage":"fr-FR","potentialAction":[{"@type":"ReadAction","target":["https:\/\/www.schramas.com\/winkel\/snoeischaar-200mm\/"]}]},{"@type":"ImageObject","inLanguage":"fr-FR","@id":"https:\/\/www.schramas.com\/winkel\/snoeischaar-200mm\/#primaryimage","url":"https:\/\/www.schramas.com\/wp-content\/uploads\/2024\/08\/JV8-BY-PASS-1.jpg","contentUrl":"https:\/\/www.schramas.com\/wp-content\/uploads\/2024\/08\/JV8-BY-PASS-1.jpg","width":1200,"height":1200},{"@type":"BreadcrumbList","@id":"https:\/\/www.schramas.com\/winkel\/snoeischaar-200mm\/#breadcrumb","itemListElement":[{"@type":"ListItem","position":1,"name":"Product","item":"https:\/\/www.schramas.com\/assortiment\/"},{"@type":"ListItem","position":2,"name":"Accessoires","item":"https:\/\/www.schramas.com\/product-category\/accessoires\/"},{"@type":"ListItem","position":3,"name":"Tuingereedschap","item":"https:\/\/www.schramas.com\/product-category\/accessoires\/gereedschap\/"},{"@type":"ListItem","position":4,"name":"SONO\u00ae Professionele Snoeischaar &#8211; Japans SK5 staal &#8211; Lengte: 200mm &#8211; Duimslot"}]},{"@type":"WebSite","@id":"https:\/\/www.schramas.com\/#website","url":"https:\/\/www.schramas.com\/","name":"Schramas.com | Plantes de jardin faciles \u00e0 commander en ligne | En direct de notre p\u00e9pini\u00e8re","description":"","alternateName":"Schramas.com - Alle planten direct van de kweker","potentialAction":[{"@type":"SearchAction","target":{"@type":"EntryPoint","urlTemplate":"https:\/\/www.schramas.com\/?s={search_term_string}"},"query-input":{"@type":"PropertyValueSpecification","valueRequired":true,"valueName":"search_term_string"}}],"inLanguage":"fr-FR"}]}},"_links":{"self":[{"href":"https:\/\/www.schramas.com\/fr\/wp-json\/wp\/v2\/product\/12923","targetHints":{"allow":["GET"]}}],"collection":[{"href":"https:\/\/www.schramas.com\/fr\/wp-json\/wp\/v2\/product"}],"about":[{"href":"https:\/\/www.schramas.com\/fr\/wp-json\/wp\/v2\/types\/product"}],"version-history":[{"count":1,"href":"https:\/\/www.schramas.com\/fr\/wp-json\/wp\/v2\/product\/12923\/revisions"}],"predecessor-version":[{"id":43205,"href":"https:\/\/www.schramas.com\/fr\/wp-json\/wp\/v2\/product\/12923\/revisions\/43205"}],"wp:featuredmedia":[{"embeddable":true,"href":"https:\/\/www.schramas.com\/fr\/wp-json\/wp\/v2\/media\/43208"}],"wp:attachment":[{"href":"https:\/\/www.schramas.com\/fr\/wp-json\/wp\/v2\/media?parent=12923"}],"wp:term":[{"taxonomy":"product_brand","embeddable":true,"href":"https:\/\/www.schramas.com\/fr\/wp-json\/wp\/v2\/product_brand?post=12923"},{"taxonomy":"product_cat","embeddable":true,"href":"https:\/\/www.schramas.com\/fr\/wp-json\/wp\/v2\/product_cat?post=12923"},{"taxonomy":"product_tag","embeddable":true,"href":"https:\/\/www.schramas.com\/fr\/wp-json\/wp\/v2\/product_tag?post=12923"}],"curies":[{"name":"wp","href":"https:\/\/api.w.org\/{rel}","templated":true}]}}