{"id":13310,"date":"2020-12-05T11:03:18","date_gmt":"2020-12-05T10:03:18","guid":{"rendered":"https:\/\/www.schramas.com\/?post_type=product&#038;p=13310"},"modified":"2026-03-26T16:34:20","modified_gmt":"2026-03-26T15:34:20","slug":"corylus-avellana-cosford-porte-greffe-de-noisette","status":"publish","type":"product","link":"https:\/\/www.schramas.com\/fr\/boutique\/corylus-avellana-cosford-porte-greffe-de-noisette\/","title":{"rendered":"Morus bombycis 'Shin Tso', M\u00fbrier japonais, pot de 1,5L"},"content":{"rendered":"<p>Ce m\u00fbrier Morus bombycis &#039;Shin Tso&#039; a des feuilles de taille moyenne et apr\u00e8s la floraison, des baies de m\u00fbrier violet fonc\u00e9 tr\u00e8s aromatiques.<br \/>\nLe m\u00fbrier se pla\u00eet dans un endroit ensoleill\u00e9 et dans un sol bien drain\u00e9. Ce m\u00fbrier m\u00fbrit en juillet avec des fruits assez gros et super savoureux. Le rendement n&#039;est pas tr\u00e8s important, mais cela est compens\u00e9 par l&#039;excellent go\u00fbt !<\/p>","protected":false},"excerpt":{"rendered":"<p>Morus bombycis &#039;Shin Tso&#039;<\/p>\n<p>M\u00fbrier<\/p>\n<p>Max. hauteur environ 400 cm<\/p>\n<p>Feuilles caduques<\/p>\n<p>Hardy<\/p>\n<p>Livr\u00e9 dans un pot de 1,5L<\/p>","protected":false},"featured_media":21225,"template":"","meta":{"_joinchat":[]},"product_brand":[],"product_cat":[262,2391,999,805],"product_tag":[],"class_list":{"0":"post-13310","1":"product","2":"type-product","3":"status-publish","4":"has-post-thumbnail","6":"product_cat-bomen-struiken","7":"product_cat-mediterrane-en-exotische-fruitplanten","8":"product_cat-moerbeien","9":"product_cat-winter","10":"pa_bloeimaanden-februari","11":"pa_bloeimaanden-maart","12":"pa_groeihoogte-200-300-cm","14":"first","15":"outofstock","16":"taxable","17":"shipping-taxable","18":"purchasable","19":"product-type-simple"},"yoast_head":"<!-- This site is optimized with the Yoast SEO plugin v24.2 - https:\/\/yoast.com\/wordpress\/plugins\/seo\/ -->\n<title>Morus bombycis &#039;Shin Tso&#039;, Japanse Moerbei, 1,5L pot kopen | Planten eenvoudig online bestellen | Schramas.com<\/title>\n<meta name=\"robots\" content=\"index, follow, max-snippet:-1, max-image-preview:large, max-video-preview:-1\" \/>\n<link rel=\"canonical\" href=\"https:\/\/www.schramas.com\/fr\/boutique\/corylus-avellana-cosford-porte-greffe-de-noisette\/\" \/>\n<meta property=\"og:locale\" content=\"fr_FR\" \/>\n<meta property=\"og:type\" content=\"article\" \/>\n<meta property=\"og:title\" content=\"Morus bombycis &#039;Shin Tso&#039;, Japanse Moerbei, 1,5L pot kopen | Planten eenvoudig online bestellen | Schramas.com\" \/>\n<meta property=\"og:description\" content=\"Morus bombycis &#039;Shin Tso&#039;  Moerbei  Max. hoogte ca. 400 cm  Bladverliezend  Winterhard  Geleverd in een 1,5L pot\" \/>\n<meta property=\"og:url\" content=\"https:\/\/www.schramas.com\/fr\/boutique\/corylus-avellana-cosford-porte-greffe-de-noisette\/\" \/>\n<meta property=\"og:site_name\" content=\"Planten eenvoudig online bestellen | Schramas.com\" \/>\n<meta property=\"article:publisher\" content=\"https:\/\/www.facebook.com\/Schramascom-106872874153195\/\" \/>\n<meta property=\"article:modified_time\" content=\"2026-03-26T15:34:20+00:00\" \/>\n<meta property=\"og:image\" content=\"http:\/\/www.schramas.com\/wp-content\/uploads\/2020\/12\/Shin-tso-sfeer.jpg\" \/>\n\t<meta property=\"og:image:width\" content=\"1200\" \/>\n\t<meta property=\"og:image:height\" content=\"1200\" \/>\n\t<meta property=\"og:image:type\" content=\"image\/jpeg\" \/>\n<meta name=\"twitter:card\" content=\"summary_large_image\" \/>\n<meta name=\"twitter:label1\" content=\"Dur\u00e9e de lecture estim\u00e9e\" \/>\n\t<meta name=\"twitter:data1\" content=\"1 minute\" \/>\n<script type=\"application\/ld+json\" class=\"yoast-schema-graph\">{\"@context\":\"https:\/\/schema.org\",\"@graph\":[{\"@type\":[\"WebPage\",\"ItemPage\"],\"@id\":\"https:\/\/www.schramas.com\/winkel\/corylus-avellana-cosford-hazelnoot-wortelgoed\/\",\"url\":\"https:\/\/www.schramas.com\/winkel\/corylus-avellana-cosford-hazelnoot-wortelgoed\/\",\"name\":\"Morus bombycis 'Shin Tso', Japanse Moerbei, 1,5L pot kopen | Planten eenvoudig online bestellen | Schramas.com\",\"isPartOf\":{\"@id\":\"https:\/\/www.schramas.com\/#website\"},\"primaryImageOfPage\":{\"@id\":\"https:\/\/www.schramas.com\/winkel\/corylus-avellana-cosford-hazelnoot-wortelgoed\/#primaryimage\"},\"image\":{\"@id\":\"https:\/\/www.schramas.com\/winkel\/corylus-avellana-cosford-hazelnoot-wortelgoed\/#primaryimage\"},\"thumbnailUrl\":\"https:\/\/www.schramas.com\/wp-content\/uploads\/2020\/12\/Shin-tso-sfeer.jpg\",\"datePublished\":\"2020-12-05T10:03:18+00:00\",\"dateModified\":\"2026-03-26T15:34:20+00:00\",\"breadcrumb\":{\"@id\":\"https:\/\/www.schramas.com\/winkel\/corylus-avellana-cosford-hazelnoot-wortelgoed\/#breadcrumb\"},\"inLanguage\":\"fr-FR\",\"potentialAction\":[{\"@type\":\"ReadAction\",\"target\":[\"https:\/\/www.schramas.com\/winkel\/corylus-avellana-cosford-hazelnoot-wortelgoed\/\"]}]},{\"@type\":\"ImageObject\",\"inLanguage\":\"fr-FR\",\"@id\":\"https:\/\/www.schramas.com\/winkel\/corylus-avellana-cosford-hazelnoot-wortelgoed\/#primaryimage\",\"url\":\"https:\/\/www.schramas.com\/wp-content\/uploads\/2020\/12\/Shin-tso-sfeer.jpg\",\"contentUrl\":\"https:\/\/www.schramas.com\/wp-content\/uploads\/2020\/12\/Shin-tso-sfeer.jpg\",\"width\":1200,\"height\":1200},{\"@type\":\"BreadcrumbList\",\"@id\":\"https:\/\/www.schramas.com\/winkel\/corylus-avellana-cosford-hazelnoot-wortelgoed\/#breadcrumb\",\"itemListElement\":[{\"@type\":\"ListItem\",\"position\":1,\"name\":\"Product\",\"item\":\"https:\/\/www.schramas.com\/assortiment\/\"},{\"@type\":\"ListItem\",\"position\":2,\"name\":\"Bomen &amp; Struiken\",\"item\":\"https:\/\/www.schramas.com\/product-category\/bomen-struiken\/\"},{\"@type\":\"ListItem\",\"position\":3,\"name\":\"Morus bombycis &#8216;Shin Tso&#8217;, Japanse Moerbei, 1,5L pot\"}]},{\"@type\":\"WebSite\",\"@id\":\"https:\/\/www.schramas.com\/#website\",\"url\":\"https:\/\/www.schramas.com\/\",\"name\":\"Schramas.com | Tuinplanten eenvoudig online bestellen | Direct van onze Kwekerij\",\"description\":\"\",\"alternateName\":\"Schramas.com - Alle planten direct van de kweker\",\"potentialAction\":[{\"@type\":\"SearchAction\",\"target\":{\"@type\":\"EntryPoint\",\"urlTemplate\":\"https:\/\/www.schramas.com\/?s={search_term_string}\"},\"query-input\":{\"@type\":\"PropertyValueSpecification\",\"valueRequired\":true,\"valueName\":\"search_term_string\"}}],\"inLanguage\":\"fr-FR\"}]}<\/script>\n<!-- \/ Yoast SEO plugin. -->","yoast_head_json":{"title":"Achetez Morus bombycis &#039;Shin Tso&#039;, M\u00fbrier japonais, pot 1,5L | Commandez facilement des plantes en ligne | Schramas.com","robots":{"index":"index","follow":"follow","max-snippet":"max-snippet:-1","max-image-preview":"max-image-preview:large","max-video-preview":"max-video-preview:-1"},"canonical":"https:\/\/www.schramas.com\/fr\/boutique\/corylus-avellana-cosford-porte-greffe-de-noisette\/","og_locale":"fr_FR","og_type":"article","og_title":"Morus bombycis 'Shin Tso', Japanse Moerbei, 1,5L pot kopen | Planten eenvoudig online bestellen | Schramas.com","og_description":"Morus bombycis 'Shin Tso'  Moerbei  Max. hoogte ca. 400 cm  Bladverliezend  Winterhard  Geleverd in een 1,5L pot","og_url":"https:\/\/www.schramas.com\/fr\/boutique\/corylus-avellana-cosford-porte-greffe-de-noisette\/","og_site_name":"Planten eenvoudig online bestellen | Schramas.com","article_publisher":"https:\/\/www.facebook.com\/Schramascom-106872874153195\/","article_modified_time":"2026-03-26T15:34:20+00:00","og_image":[{"width":1200,"height":1200,"url":"http:\/\/www.schramas.com\/wp-content\/uploads\/2020\/12\/Shin-tso-sfeer.jpg","type":"image\/jpeg"}],"twitter_card":"summary_large_image","twitter_misc":{"Dur\u00e9e de lecture estim\u00e9e":"1 minute"},"schema":{"@context":"https:\/\/schema.org","@graph":[{"@type":["WebPage","ItemPage"],"@id":"https:\/\/www.schramas.com\/winkel\/corylus-avellana-cosford-hazelnoot-wortelgoed\/","url":"https:\/\/www.schramas.com\/winkel\/corylus-avellana-cosford-hazelnoot-wortelgoed\/","name":"Achetez Morus bombycis &#039;Shin Tso&#039;, M\u00fbrier japonais, pot 1,5L | Commandez facilement des plantes en ligne | Schramas.com","isPartOf":{"@id":"https:\/\/www.schramas.com\/#website"},"primaryImageOfPage":{"@id":"https:\/\/www.schramas.com\/winkel\/corylus-avellana-cosford-hazelnoot-wortelgoed\/#primaryimage"},"image":{"@id":"https:\/\/www.schramas.com\/winkel\/corylus-avellana-cosford-hazelnoot-wortelgoed\/#primaryimage"},"thumbnailUrl":"https:\/\/www.schramas.com\/wp-content\/uploads\/2020\/12\/Shin-tso-sfeer.jpg","datePublished":"2020-12-05T10:03:18+00:00","dateModified":"2026-03-26T15:34:20+00:00","breadcrumb":{"@id":"https:\/\/www.schramas.com\/winkel\/corylus-avellana-cosford-hazelnoot-wortelgoed\/#breadcrumb"},"inLanguage":"fr-FR","potentialAction":[{"@type":"ReadAction","target":["https:\/\/www.schramas.com\/winkel\/corylus-avellana-cosford-hazelnoot-wortelgoed\/"]}]},{"@type":"ImageObject","inLanguage":"fr-FR","@id":"https:\/\/www.schramas.com\/winkel\/corylus-avellana-cosford-hazelnoot-wortelgoed\/#primaryimage","url":"https:\/\/www.schramas.com\/wp-content\/uploads\/2020\/12\/Shin-tso-sfeer.jpg","contentUrl":"https:\/\/www.schramas.com\/wp-content\/uploads\/2020\/12\/Shin-tso-sfeer.jpg","width":1200,"height":1200},{"@type":"BreadcrumbList","@id":"https:\/\/www.schramas.com\/winkel\/corylus-avellana-cosford-hazelnoot-wortelgoed\/#breadcrumb","itemListElement":[{"@type":"ListItem","position":1,"name":"Product","item":"https:\/\/www.schramas.com\/assortiment\/"},{"@type":"ListItem","position":2,"name":"Bomen &amp; Struiken","item":"https:\/\/www.schramas.com\/product-category\/bomen-struiken\/"},{"@type":"ListItem","position":3,"name":"Morus bombycis &#8216;Shin Tso&#8217;, Japanse Moerbei, 1,5L pot"}]},{"@type":"WebSite","@id":"https:\/\/www.schramas.com\/#website","url":"https:\/\/www.schramas.com\/","name":"Schramas.com | Plantes de jardin faciles \u00e0 commander en ligne | En direct de notre p\u00e9pini\u00e8re","description":"","alternateName":"Schramas.com - Alle planten direct van de kweker","potentialAction":[{"@type":"SearchAction","target":{"@type":"EntryPoint","urlTemplate":"https:\/\/www.schramas.com\/?s={search_term_string}"},"query-input":{"@type":"PropertyValueSpecification","valueRequired":true,"valueName":"search_term_string"}}],"inLanguage":"fr-FR"}]}},"_links":{"self":[{"href":"https:\/\/www.schramas.com\/fr\/wp-json\/wp\/v2\/product\/13310","targetHints":{"allow":["GET"]}}],"collection":[{"href":"https:\/\/www.schramas.com\/fr\/wp-json\/wp\/v2\/product"}],"about":[{"href":"https:\/\/www.schramas.com\/fr\/wp-json\/wp\/v2\/types\/product"}],"version-history":[{"count":1,"href":"https:\/\/www.schramas.com\/fr\/wp-json\/wp\/v2\/product\/13310\/revisions"}],"predecessor-version":[{"id":46293,"href":"https:\/\/www.schramas.com\/fr\/wp-json\/wp\/v2\/product\/13310\/revisions\/46293"}],"wp:featuredmedia":[{"embeddable":true,"href":"https:\/\/www.schramas.com\/fr\/wp-json\/wp\/v2\/media\/21225"}],"wp:attachment":[{"href":"https:\/\/www.schramas.com\/fr\/wp-json\/wp\/v2\/media?parent=13310"}],"wp:term":[{"taxonomy":"product_brand","embeddable":true,"href":"https:\/\/www.schramas.com\/fr\/wp-json\/wp\/v2\/product_brand?post=13310"},{"taxonomy":"product_cat","embeddable":true,"href":"https:\/\/www.schramas.com\/fr\/wp-json\/wp\/v2\/product_cat?post=13310"},{"taxonomy":"product_tag","embeddable":true,"href":"https:\/\/www.schramas.com\/fr\/wp-json\/wp\/v2\/product_tag?post=13310"}],"curies":[{"name":"wp","href":"https:\/\/api.w.org\/{rel}","templated":true}]}}