{"id":13621,"date":"2021-01-30T10:02:13","date_gmt":"2021-01-30T09:02:13","guid":{"rendered":"https:\/\/www.schramas.com\/?post_type=product&#038;p=13621"},"modified":"2026-03-26T16:34:21","modified_gmt":"2026-03-26T15:34:21","slug":"acer-palatum-seiryu-erable-japonais-pot-3-litres-jaune-vert-feuille","status":"publish","type":"product","link":"https:\/\/www.schramas.com\/fr\/boutique\/acer-palatum-seiryu-erable-japonais-pot-3-litres-jaune-vert-feuille\/","title":{"rendered":"Acer palatum 'Seiryu' \u00c9rable japonais, pot de 3 litres"},"content":{"rendered":"<p>Cet \u00e9rable japonais est un arbre \u00e0 croissance lente et se pla\u00eet donc tr\u00e8s bien dans le jardin ou sur le patio et le balcon. Un arbre adulte ne d\u00e9passe pas 1,5 \u00e0 2,5 m\u00e8tres de haut. Placez cet arbre dans un endroit abrit\u00e9 et semi-ombrag\u00e9 pour que la couleur des feuilles reste la meilleure possible. En automne, les feuilles jaunissent. En r\u00e9sum\u00e9 : avec cet Acer palmatum Seiryu, le jardin ne s'ennuie jamais. Une offre color\u00e9e de schramas.com.<\/p>","protected":false},"excerpt":{"rendered":"<p>Acer palmatum 'Seiryu'<\/p>\n<p>\u00c9rable japonais<\/p>\n<p>Inflorescence : feuilles \u00e9tal\u00e9es qui deviennent jaunes en automne.<\/p>\n<p>Feuilles caduques<\/p>\n<p>Hardy<\/p>\n<p>Hauteur maximale d'environ 300 cm<\/p>\n<p>Hauteur de livraison, pot compris : environ 50 cm<\/p>\n<p>Taille du pot : 3 litres<\/p>","protected":false},"featured_media":16549,"template":"","meta":{"_joinchat":[]},"product_brand":[],"product_cat":[302,262,300,3193,290,229,305],"product_tag":[815,816,814,817],"class_list":{"0":"post-13621","1":"product","2":"type-product","3":"status-publish","4":"has-post-thumbnail","6":"product_cat-bladverliezende-heesters","7":"product_cat-bomen-struiken","8":"product_cat-heesters","9":"product_cat-sierbomen","10":"product_cat-sierheester","11":"product_cat-sierheesters","12":"product_cat-planten-heesters","13":"product_tag-esdoorn","14":"product_tag-geel-groen-blad","15":"product_tag-japanse","16":"product_tag-klein-blijvend","17":"pa_bloeimaanden-maart","18":"pa_bloeimaanden-april","19":"pa_bloeimaanden-mei","20":"pa_bloeimaanden-juni","21":"pa_bloeimaanden-juli","22":"pa_bloeimaanden-augustus","23":"pa_ewd_uwcf_colors-geel","24":"pa_ewd_uwcf_colors-groen-2","25":"pa_groeihoogte-200-300-cm","26":"pa_pot-met-pot","28":"first","29":"outofstock","30":"taxable","31":"shipping-taxable","32":"purchasable","33":"product-type-simple"},"yoast_head":"<!-- This site is optimized with the Yoast SEO plugin v24.2 - https:\/\/yoast.com\/wordpress\/plugins\/seo\/ -->\n<title>Acer palatum &#039;Seiryu&#039; Japanse esdoorn, 3 liter pot kopen | Planten eenvoudig online bestellen | Schramas.com<\/title>\n<meta name=\"robots\" content=\"index, follow, max-snippet:-1, max-image-preview:large, max-video-preview:-1\" \/>\n<link rel=\"canonical\" href=\"https:\/\/www.schramas.com\/fr\/boutique\/acer-palatum-seiryu-erable-japonais-pot-3-litres-jaune-vert-feuille\/\" \/>\n<meta property=\"og:locale\" content=\"fr_FR\" \/>\n<meta property=\"og:type\" content=\"article\" \/>\n<meta property=\"og:title\" content=\"Acer palatum &#039;Seiryu&#039; Japanse esdoorn, 3 liter pot kopen | Planten eenvoudig online bestellen | Schramas.com\" \/>\n<meta property=\"og:description\" content=\"Acer palmatum &#039;Seiryu&#039;  Japanse esdoorn  Bloeiwijze: uitlopend blad dat in het najaar verkleurt naar geel  Bladverliezend  Winterhard  Max. hoogte circa 300 cm  Leverhoogte incl. pot: ca. 50cm  Potmaat: 3 liter\" \/>\n<meta property=\"og:url\" content=\"https:\/\/www.schramas.com\/fr\/boutique\/acer-palatum-seiryu-erable-japonais-pot-3-litres-jaune-vert-feuille\/\" \/>\n<meta property=\"og:site_name\" content=\"Planten eenvoudig online bestellen | Schramas.com\" \/>\n<meta property=\"article:publisher\" content=\"https:\/\/www.facebook.com\/Schramascom-106872874153195\/\" \/>\n<meta property=\"article:modified_time\" content=\"2026-03-26T15:34:21+00:00\" \/>\n<meta property=\"og:image\" content=\"http:\/\/www.schramas.com\/wp-content\/uploads\/2021\/07\/210623_9504447249349_Acer-palmatum-Seiryu-bewerkt-vooraanzicht.png\" \/>\n\t<meta property=\"og:image:width\" content=\"1200\" \/>\n\t<meta property=\"og:image:height\" content=\"1200\" \/>\n\t<meta property=\"og:image:type\" content=\"image\/png\" \/>\n<meta name=\"twitter:card\" content=\"summary_large_image\" \/>\n<script type=\"application\/ld+json\" class=\"yoast-schema-graph\">{\"@context\":\"https:\/\/schema.org\",\"@graph\":[{\"@type\":[\"WebPage\",\"ItemPage\"],\"@id\":\"https:\/\/www.schramas.com\/winkel\/acer-palatum-seiryu-japanse-esdoorn-3-liter-pot-geel-groen-blad\/\",\"url\":\"https:\/\/www.schramas.com\/winkel\/acer-palatum-seiryu-japanse-esdoorn-3-liter-pot-geel-groen-blad\/\",\"name\":\"Acer palatum 'Seiryu' Japanse esdoorn, 3 liter pot kopen | Planten eenvoudig online bestellen | Schramas.com\",\"isPartOf\":{\"@id\":\"https:\/\/www.schramas.com\/#website\"},\"primaryImageOfPage\":{\"@id\":\"https:\/\/www.schramas.com\/winkel\/acer-palatum-seiryu-japanse-esdoorn-3-liter-pot-geel-groen-blad\/#primaryimage\"},\"image\":{\"@id\":\"https:\/\/www.schramas.com\/winkel\/acer-palatum-seiryu-japanse-esdoorn-3-liter-pot-geel-groen-blad\/#primaryimage\"},\"thumbnailUrl\":\"https:\/\/www.schramas.com\/wp-content\/uploads\/2021\/07\/210623_9504447249349_Acer-palmatum-Seiryu-bewerkt-vooraanzicht.png\",\"datePublished\":\"2021-01-30T09:02:13+00:00\",\"dateModified\":\"2026-03-26T15:34:21+00:00\",\"breadcrumb\":{\"@id\":\"https:\/\/www.schramas.com\/winkel\/acer-palatum-seiryu-japanse-esdoorn-3-liter-pot-geel-groen-blad\/#breadcrumb\"},\"inLanguage\":\"fr-FR\",\"potentialAction\":[{\"@type\":\"ReadAction\",\"target\":[\"https:\/\/www.schramas.com\/winkel\/acer-palatum-seiryu-japanse-esdoorn-3-liter-pot-geel-groen-blad\/\"]}]},{\"@type\":\"ImageObject\",\"inLanguage\":\"fr-FR\",\"@id\":\"https:\/\/www.schramas.com\/winkel\/acer-palatum-seiryu-japanse-esdoorn-3-liter-pot-geel-groen-blad\/#primaryimage\",\"url\":\"https:\/\/www.schramas.com\/wp-content\/uploads\/2021\/07\/210623_9504447249349_Acer-palmatum-Seiryu-bewerkt-vooraanzicht.png\",\"contentUrl\":\"https:\/\/www.schramas.com\/wp-content\/uploads\/2021\/07\/210623_9504447249349_Acer-palmatum-Seiryu-bewerkt-vooraanzicht.png\",\"width\":1200,\"height\":1200},{\"@type\":\"BreadcrumbList\",\"@id\":\"https:\/\/www.schramas.com\/winkel\/acer-palatum-seiryu-japanse-esdoorn-3-liter-pot-geel-groen-blad\/#breadcrumb\",\"itemListElement\":[{\"@type\":\"ListItem\",\"position\":1,\"name\":\"Product\",\"item\":\"https:\/\/www.schramas.com\/assortiment\/\"},{\"@type\":\"ListItem\",\"position\":2,\"name\":\"Tuinplanten\",\"item\":\"https:\/\/www.schramas.com\/product-category\/planten-heesters\/\"},{\"@type\":\"ListItem\",\"position\":3,\"name\":\"Heesters\",\"item\":\"https:\/\/www.schramas.com\/product-category\/planten-heesters\/heesters\/\"},{\"@type\":\"ListItem\",\"position\":4,\"name\":\"Bladverliezende heesters\",\"item\":\"https:\/\/www.schramas.com\/product-category\/planten-heesters\/heesters\/bladverliezende-heesters\/\"},{\"@type\":\"ListItem\",\"position\":5,\"name\":\"Acer palatum &#8216;Seiryu&#8217; Japanse esdoorn, 3 liter pot\"}]},{\"@type\":\"WebSite\",\"@id\":\"https:\/\/www.schramas.com\/#website\",\"url\":\"https:\/\/www.schramas.com\/\",\"name\":\"Schramas.com | Tuinplanten eenvoudig online bestellen | Direct van onze Kwekerij\",\"description\":\"\",\"alternateName\":\"Schramas.com - Alle planten direct van de kweker\",\"potentialAction\":[{\"@type\":\"SearchAction\",\"target\":{\"@type\":\"EntryPoint\",\"urlTemplate\":\"https:\/\/www.schramas.com\/?s={search_term_string}\"},\"query-input\":{\"@type\":\"PropertyValueSpecification\",\"valueRequired\":true,\"valueName\":\"search_term_string\"}}],\"inLanguage\":\"fr-FR\"}]}<\/script>\n<!-- \/ Yoast SEO plugin. -->","yoast_head_json":{"title":"Acer palatum 'Seiryu' Erable japonais, acheter pot 3 litres | Acheter des plantes en ligne | Schramas.com","robots":{"index":"index","follow":"follow","max-snippet":"max-snippet:-1","max-image-preview":"max-image-preview:large","max-video-preview":"max-video-preview:-1"},"canonical":"https:\/\/www.schramas.com\/fr\/boutique\/acer-palatum-seiryu-erable-japonais-pot-3-litres-jaune-vert-feuille\/","og_locale":"fr_FR","og_type":"article","og_title":"Acer palatum 'Seiryu' Japanse esdoorn, 3 liter pot kopen | Planten eenvoudig online bestellen | Schramas.com","og_description":"Acer palmatum 'Seiryu'  Japanse esdoorn  Bloeiwijze: uitlopend blad dat in het najaar verkleurt naar geel  Bladverliezend  Winterhard  Max. hoogte circa 300 cm  Leverhoogte incl. pot: ca. 50cm  Potmaat: 3 liter","og_url":"https:\/\/www.schramas.com\/fr\/boutique\/acer-palatum-seiryu-erable-japonais-pot-3-litres-jaune-vert-feuille\/","og_site_name":"Planten eenvoudig online bestellen | Schramas.com","article_publisher":"https:\/\/www.facebook.com\/Schramascom-106872874153195\/","article_modified_time":"2026-03-26T15:34:21+00:00","og_image":[{"width":1200,"height":1200,"url":"http:\/\/www.schramas.com\/wp-content\/uploads\/2021\/07\/210623_9504447249349_Acer-palmatum-Seiryu-bewerkt-vooraanzicht.png","type":"image\/png"}],"twitter_card":"summary_large_image","schema":{"@context":"https:\/\/schema.org","@graph":[{"@type":["WebPage","ItemPage"],"@id":"https:\/\/www.schramas.com\/winkel\/acer-palatum-seiryu-japanse-esdoorn-3-liter-pot-geel-groen-blad\/","url":"https:\/\/www.schramas.com\/winkel\/acer-palatum-seiryu-japanse-esdoorn-3-liter-pot-geel-groen-blad\/","name":"Acer palatum 'Seiryu' Erable japonais, acheter pot 3 litres | Acheter des plantes en ligne | Schramas.com","isPartOf":{"@id":"https:\/\/www.schramas.com\/#website"},"primaryImageOfPage":{"@id":"https:\/\/www.schramas.com\/winkel\/acer-palatum-seiryu-japanse-esdoorn-3-liter-pot-geel-groen-blad\/#primaryimage"},"image":{"@id":"https:\/\/www.schramas.com\/winkel\/acer-palatum-seiryu-japanse-esdoorn-3-liter-pot-geel-groen-blad\/#primaryimage"},"thumbnailUrl":"https:\/\/www.schramas.com\/wp-content\/uploads\/2021\/07\/210623_9504447249349_Acer-palmatum-Seiryu-bewerkt-vooraanzicht.png","datePublished":"2021-01-30T09:02:13+00:00","dateModified":"2026-03-26T15:34:21+00:00","breadcrumb":{"@id":"https:\/\/www.schramas.com\/winkel\/acer-palatum-seiryu-japanse-esdoorn-3-liter-pot-geel-groen-blad\/#breadcrumb"},"inLanguage":"fr-FR","potentialAction":[{"@type":"ReadAction","target":["https:\/\/www.schramas.com\/winkel\/acer-palatum-seiryu-japanse-esdoorn-3-liter-pot-geel-groen-blad\/"]}]},{"@type":"ImageObject","inLanguage":"fr-FR","@id":"https:\/\/www.schramas.com\/winkel\/acer-palatum-seiryu-japanse-esdoorn-3-liter-pot-geel-groen-blad\/#primaryimage","url":"https:\/\/www.schramas.com\/wp-content\/uploads\/2021\/07\/210623_9504447249349_Acer-palmatum-Seiryu-bewerkt-vooraanzicht.png","contentUrl":"https:\/\/www.schramas.com\/wp-content\/uploads\/2021\/07\/210623_9504447249349_Acer-palmatum-Seiryu-bewerkt-vooraanzicht.png","width":1200,"height":1200},{"@type":"BreadcrumbList","@id":"https:\/\/www.schramas.com\/winkel\/acer-palatum-seiryu-japanse-esdoorn-3-liter-pot-geel-groen-blad\/#breadcrumb","itemListElement":[{"@type":"ListItem","position":1,"name":"Product","item":"https:\/\/www.schramas.com\/assortiment\/"},{"@type":"ListItem","position":2,"name":"Tuinplanten","item":"https:\/\/www.schramas.com\/product-category\/planten-heesters\/"},{"@type":"ListItem","position":3,"name":"Heesters","item":"https:\/\/www.schramas.com\/product-category\/planten-heesters\/heesters\/"},{"@type":"ListItem","position":4,"name":"Bladverliezende heesters","item":"https:\/\/www.schramas.com\/product-category\/planten-heesters\/heesters\/bladverliezende-heesters\/"},{"@type":"ListItem","position":5,"name":"Acer palatum &#8216;Seiryu&#8217; Japanse esdoorn, 3 liter pot"}]},{"@type":"WebSite","@id":"https:\/\/www.schramas.com\/#website","url":"https:\/\/www.schramas.com\/","name":"Schramas.com | Plantes de jardin faciles \u00e0 commander en ligne | En direct de notre p\u00e9pini\u00e8re","description":"","alternateName":"Schramas.com - Alle planten direct van de kweker","potentialAction":[{"@type":"SearchAction","target":{"@type":"EntryPoint","urlTemplate":"https:\/\/www.schramas.com\/?s={search_term_string}"},"query-input":{"@type":"PropertyValueSpecification","valueRequired":true,"valueName":"search_term_string"}}],"inLanguage":"fr-FR"}]}},"_links":{"self":[{"href":"https:\/\/www.schramas.com\/fr\/wp-json\/wp\/v2\/product\/13621","targetHints":{"allow":["GET"]}}],"collection":[{"href":"https:\/\/www.schramas.com\/fr\/wp-json\/wp\/v2\/product"}],"about":[{"href":"https:\/\/www.schramas.com\/fr\/wp-json\/wp\/v2\/types\/product"}],"version-history":[{"count":1,"href":"https:\/\/www.schramas.com\/fr\/wp-json\/wp\/v2\/product\/13621\/revisions"}],"predecessor-version":[{"id":54293,"href":"https:\/\/www.schramas.com\/fr\/wp-json\/wp\/v2\/product\/13621\/revisions\/54293"}],"wp:featuredmedia":[{"embeddable":true,"href":"https:\/\/www.schramas.com\/fr\/wp-json\/wp\/v2\/media\/16549"}],"wp:attachment":[{"href":"https:\/\/www.schramas.com\/fr\/wp-json\/wp\/v2\/media?parent=13621"}],"wp:term":[{"taxonomy":"product_brand","embeddable":true,"href":"https:\/\/www.schramas.com\/fr\/wp-json\/wp\/v2\/product_brand?post=13621"},{"taxonomy":"product_cat","embeddable":true,"href":"https:\/\/www.schramas.com\/fr\/wp-json\/wp\/v2\/product_cat?post=13621"},{"taxonomy":"product_tag","embeddable":true,"href":"https:\/\/www.schramas.com\/fr\/wp-json\/wp\/v2\/product_tag?post=13621"}],"curies":[{"name":"wp","href":"https:\/\/api.w.org\/{rel}","templated":true}]}}