{"id":13626,"date":"2021-01-30T10:43:01","date_gmt":"2021-01-30T09:43:01","guid":{"rendered":"https:\/\/www.schramas.com\/?post_type=product&#038;p=13626"},"modified":"2026-03-26T16:34:22","modified_gmt":"2026-03-26T15:34:22","slug":"rubus-fruticosus-porte-greffe-waldo-murier-sans-epines","status":"publish","type":"product","link":"https:\/\/www.schramas.com\/fr\/boutique\/rubus-fruticosus-porte-greffe-waldo-murier-sans-epines\/","title":{"rendered":"Rubus fruticosus 'Waldo' m\u00fbrier sans \u00e9pines, porte-greffe"},"content":{"rendered":"<p>Waldo est une grande r\u00e9colte de fruits fermes et attrayants avec un aspect brillant. Les baies sont extr\u00eamement grosses et ont un go\u00fbt exceptionnel. Waldo est une vari\u00e9t\u00e9 sans \u00e9pines \u00e0 floraison pr\u00e9coce. Pour de meilleurs r\u00e9sultats, la plante a besoin d\u2019une ombre partielle ou du plein soleil. Ce produit est livr\u00e9 comme mat\u00e9riel de racine !<\/p>","protected":false},"excerpt":{"rendered":"<p>Rubus fruticosus Waldo<\/p>\n<p>Go\u00fbt : doux<\/p>\n<p>Hauteur maximale : 150-200 cm<\/p>\n<p>Prot\u00e9ger contre le gel pendant la premi\u00e8re ann\u00e9e<\/p>\n<p>Cet arbuste est livr\u00e9 en tant que porte-greffe, donc sans pot.<\/p>","protected":false},"featured_media":13627,"template":"","meta":{"_joinchat":[]},"product_brand":[],"product_cat":[262,44,234],"product_tag":[731,807,806,730],"class_list":{"0":"post-13626","1":"product","2":"type-product","3":"status-publish","4":"has-post-thumbnail","6":"product_cat-bomen-struiken","7":"product_cat-bramen","8":"product_cat-fruitstruiken","9":"product_tag-braam","10":"product_tag-bramen","11":"product_tag-bramenstruik","12":"product_tag-doornloos","13":"pa_groeihoogte-150-200-cm","14":"pa_pot-naaktwortelig","16":"first","17":"outofstock","18":"taxable","19":"shipping-taxable","20":"purchasable","21":"product-type-simple"},"yoast_head":"<!-- This site is optimized with the Yoast SEO plugin v24.2 - https:\/\/yoast.com\/wordpress\/plugins\/seo\/ -->\n<title>Rubus fruticosus &#039;Waldo&#039; doornloze bramenstruik, wortelgoed kopen | Planten eenvoudig online bestellen | Schramas.com<\/title>\n<meta name=\"robots\" content=\"index, follow, max-snippet:-1, max-image-preview:large, max-video-preview:-1\" \/>\n<link rel=\"canonical\" href=\"https:\/\/www.schramas.com\/fr\/boutique\/rubus-fruticosus-porte-greffe-waldo-murier-sans-epines\/\" \/>\n<meta property=\"og:locale\" content=\"fr_FR\" \/>\n<meta property=\"og:type\" content=\"article\" \/>\n<meta property=\"og:title\" content=\"Rubus fruticosus &#039;Waldo&#039; doornloze bramenstruik, wortelgoed kopen | Planten eenvoudig online bestellen | Schramas.com\" \/>\n<meta property=\"og:description\" content=\"Rubus fruticosus Waldo Smaak: zoet Max. hoogte: 150-200 cm Eerste jaar beschermen tegen vorst Deze struik wordt als wortelgoed geleverd dus zonder pot.\" \/>\n<meta property=\"og:url\" content=\"https:\/\/www.schramas.com\/fr\/boutique\/rubus-fruticosus-porte-greffe-waldo-murier-sans-epines\/\" \/>\n<meta property=\"og:site_name\" content=\"Planten eenvoudig online bestellen | Schramas.com\" \/>\n<meta property=\"article:publisher\" content=\"https:\/\/www.facebook.com\/Schramascom-106872874153195\/\" \/>\n<meta property=\"article:modified_time\" content=\"2026-03-26T15:34:22+00:00\" \/>\n<meta property=\"og:image\" content=\"https:\/\/www.schramas.com\/wp-content\/uploads\/2021\/01\/Rubus-fruticosus-Waldo-wortelgoed.png\" \/>\n\t<meta property=\"og:image:width\" content=\"500\" \/>\n\t<meta property=\"og:image:height\" content=\"500\" \/>\n\t<meta property=\"og:image:type\" content=\"image\/png\" \/>\n<meta name=\"twitter:card\" content=\"summary_large_image\" \/>\n<script type=\"application\/ld+json\" class=\"yoast-schema-graph\">{\"@context\":\"https:\/\/schema.org\",\"@graph\":[{\"@type\":[\"WebPage\",\"ItemPage\"],\"@id\":\"https:\/\/www.schramas.com\/en\/shop\/rubus-fruticosus-waldo-bare-root-stock-thornless-blackberry-bush\/\",\"url\":\"https:\/\/www.schramas.com\/en\/shop\/rubus-fruticosus-waldo-bare-root-stock-thornless-blackberry-bush\/\",\"name\":\"Rubus fruticosus 'Waldo' doornloze bramenstruik, wortelgoed kopen | Planten eenvoudig online bestellen | Schramas.com\",\"isPartOf\":{\"@id\":\"https:\/\/www.schramas.com\/#website\"},\"primaryImageOfPage\":{\"@id\":\"https:\/\/www.schramas.com\/en\/shop\/rubus-fruticosus-waldo-bare-root-stock-thornless-blackberry-bush\/#primaryimage\"},\"image\":{\"@id\":\"https:\/\/www.schramas.com\/en\/shop\/rubus-fruticosus-waldo-bare-root-stock-thornless-blackberry-bush\/#primaryimage\"},\"thumbnailUrl\":\"https:\/\/www.schramas.com\/wp-content\/uploads\/2021\/01\/Rubus-fruticosus-Waldo-wortelgoed.png\",\"datePublished\":\"2021-01-30T09:43:01+00:00\",\"dateModified\":\"2026-03-26T15:34:22+00:00\",\"breadcrumb\":{\"@id\":\"https:\/\/www.schramas.com\/en\/shop\/rubus-fruticosus-waldo-bare-root-stock-thornless-blackberry-bush\/#breadcrumb\"},\"inLanguage\":\"fr-FR\",\"potentialAction\":[{\"@type\":\"ReadAction\",\"target\":[\"https:\/\/www.schramas.com\/en\/shop\/rubus-fruticosus-waldo-bare-root-stock-thornless-blackberry-bush\/\"]}]},{\"@type\":\"ImageObject\",\"inLanguage\":\"fr-FR\",\"@id\":\"https:\/\/www.schramas.com\/en\/shop\/rubus-fruticosus-waldo-bare-root-stock-thornless-blackberry-bush\/#primaryimage\",\"url\":\"https:\/\/www.schramas.com\/wp-content\/uploads\/2021\/01\/Rubus-fruticosus-Waldo-wortelgoed.png\",\"contentUrl\":\"https:\/\/www.schramas.com\/wp-content\/uploads\/2021\/01\/Rubus-fruticosus-Waldo-wortelgoed.png\",\"width\":500,\"height\":500},{\"@type\":\"BreadcrumbList\",\"@id\":\"https:\/\/www.schramas.com\/en\/shop\/rubus-fruticosus-waldo-bare-root-stock-thornless-blackberry-bush\/#breadcrumb\",\"itemListElement\":[{\"@type\":\"ListItem\",\"position\":1,\"name\":\"Product\",\"item\":\"https:\/\/www.schramas.com\/assortiment\/\"},{\"@type\":\"ListItem\",\"position\":2,\"name\":\"Bomen &amp; Struiken\",\"item\":\"https:\/\/www.schramas.com\/product-category\/bomen-struiken\/\"},{\"@type\":\"ListItem\",\"position\":3,\"name\":\"Fruitstruiken\",\"item\":\"https:\/\/www.schramas.com\/de\/produktkategorie\/baume-und-straucher\/obststraucher\/\"},{\"@type\":\"ListItem\",\"position\":4,\"name\":\"Bramen\",\"item\":\"https:\/\/www.schramas.com\/product-category\/bomen-struiken\/fruitstruiken\/bramen\/\"},{\"@type\":\"ListItem\",\"position\":5,\"name\":\"Rubus fruticosus &#8216;Waldo&#8217; doornloze bramenstruik, wortelgoed\"}]},{\"@type\":\"WebSite\",\"@id\":\"https:\/\/www.schramas.com\/#website\",\"url\":\"https:\/\/www.schramas.com\/\",\"name\":\"Schramas.com | Tuinplanten eenvoudig online bestellen | Direct van onze Kwekerij\",\"description\":\"\",\"alternateName\":\"Schramas.com - Alle planten direct van de kweker\",\"potentialAction\":[{\"@type\":\"SearchAction\",\"target\":{\"@type\":\"EntryPoint\",\"urlTemplate\":\"https:\/\/www.schramas.com\/?s={search_term_string}\"},\"query-input\":{\"@type\":\"PropertyValueSpecification\",\"valueRequired\":true,\"valueName\":\"search_term_string\"}}],\"inLanguage\":\"fr-FR\"}]}<\/script>\n<!-- \/ Yoast SEO plugin. -->","yoast_head_json":{"title":"Acheter Rubus fruticosus &#039;Waldo&#039; m\u00fbrier sans \u00e9pines, porte-greffe | Commandez facilement des plantes en ligne | Schramas.com","robots":{"index":"index","follow":"follow","max-snippet":"max-snippet:-1","max-image-preview":"max-image-preview:large","max-video-preview":"max-video-preview:-1"},"canonical":"https:\/\/www.schramas.com\/fr\/boutique\/rubus-fruticosus-porte-greffe-waldo-murier-sans-epines\/","og_locale":"fr_FR","og_type":"article","og_title":"Rubus fruticosus 'Waldo' doornloze bramenstruik, wortelgoed kopen | Planten eenvoudig online bestellen | Schramas.com","og_description":"Rubus fruticosus Waldo Smaak: zoet Max. hoogte: 150-200 cm Eerste jaar beschermen tegen vorst Deze struik wordt als wortelgoed geleverd dus zonder pot.","og_url":"https:\/\/www.schramas.com\/fr\/boutique\/rubus-fruticosus-porte-greffe-waldo-murier-sans-epines\/","og_site_name":"Planten eenvoudig online bestellen | Schramas.com","article_publisher":"https:\/\/www.facebook.com\/Schramascom-106872874153195\/","article_modified_time":"2026-03-26T15:34:22+00:00","og_image":[{"width":500,"height":500,"url":"https:\/\/www.schramas.com\/wp-content\/uploads\/2021\/01\/Rubus-fruticosus-Waldo-wortelgoed.png","type":"image\/png"}],"twitter_card":"summary_large_image","schema":{"@context":"https:\/\/schema.org","@graph":[{"@type":["WebPage","ItemPage"],"@id":"https:\/\/www.schramas.com\/en\/shop\/rubus-fruticosus-waldo-bare-root-stock-thornless-blackberry-bush\/","url":"https:\/\/www.schramas.com\/en\/shop\/rubus-fruticosus-waldo-bare-root-stock-thornless-blackberry-bush\/","name":"Acheter Rubus fruticosus &#039;Waldo&#039; m\u00fbrier sans \u00e9pines, porte-greffe | Commandez facilement des plantes en ligne | Schramas.com","isPartOf":{"@id":"https:\/\/www.schramas.com\/#website"},"primaryImageOfPage":{"@id":"https:\/\/www.schramas.com\/en\/shop\/rubus-fruticosus-waldo-bare-root-stock-thornless-blackberry-bush\/#primaryimage"},"image":{"@id":"https:\/\/www.schramas.com\/en\/shop\/rubus-fruticosus-waldo-bare-root-stock-thornless-blackberry-bush\/#primaryimage"},"thumbnailUrl":"https:\/\/www.schramas.com\/wp-content\/uploads\/2021\/01\/Rubus-fruticosus-Waldo-wortelgoed.png","datePublished":"2021-01-30T09:43:01+00:00","dateModified":"2026-03-26T15:34:22+00:00","breadcrumb":{"@id":"https:\/\/www.schramas.com\/en\/shop\/rubus-fruticosus-waldo-bare-root-stock-thornless-blackberry-bush\/#breadcrumb"},"inLanguage":"fr-FR","potentialAction":[{"@type":"ReadAction","target":["https:\/\/www.schramas.com\/en\/shop\/rubus-fruticosus-waldo-bare-root-stock-thornless-blackberry-bush\/"]}]},{"@type":"ImageObject","inLanguage":"fr-FR","@id":"https:\/\/www.schramas.com\/en\/shop\/rubus-fruticosus-waldo-bare-root-stock-thornless-blackberry-bush\/#primaryimage","url":"https:\/\/www.schramas.com\/wp-content\/uploads\/2021\/01\/Rubus-fruticosus-Waldo-wortelgoed.png","contentUrl":"https:\/\/www.schramas.com\/wp-content\/uploads\/2021\/01\/Rubus-fruticosus-Waldo-wortelgoed.png","width":500,"height":500},{"@type":"BreadcrumbList","@id":"https:\/\/www.schramas.com\/en\/shop\/rubus-fruticosus-waldo-bare-root-stock-thornless-blackberry-bush\/#breadcrumb","itemListElement":[{"@type":"ListItem","position":1,"name":"Product","item":"https:\/\/www.schramas.com\/assortiment\/"},{"@type":"ListItem","position":2,"name":"Bomen &amp; Struiken","item":"https:\/\/www.schramas.com\/product-category\/bomen-struiken\/"},{"@type":"ListItem","position":3,"name":"Fruitstruiken","item":"https:\/\/www.schramas.com\/de\/produktkategorie\/baume-und-straucher\/obststraucher\/"},{"@type":"ListItem","position":4,"name":"Bramen","item":"https:\/\/www.schramas.com\/product-category\/bomen-struiken\/fruitstruiken\/bramen\/"},{"@type":"ListItem","position":5,"name":"Rubus fruticosus &#8216;Waldo&#8217; doornloze bramenstruik, wortelgoed"}]},{"@type":"WebSite","@id":"https:\/\/www.schramas.com\/#website","url":"https:\/\/www.schramas.com\/","name":"Schramas.com | Plantes de jardin faciles \u00e0 commander en ligne | En direct de notre p\u00e9pini\u00e8re","description":"","alternateName":"Schramas.com - Alle planten direct van de kweker","potentialAction":[{"@type":"SearchAction","target":{"@type":"EntryPoint","urlTemplate":"https:\/\/www.schramas.com\/?s={search_term_string}"},"query-input":{"@type":"PropertyValueSpecification","valueRequired":true,"valueName":"search_term_string"}}],"inLanguage":"fr-FR"}]}},"_links":{"self":[{"href":"https:\/\/www.schramas.com\/fr\/wp-json\/wp\/v2\/product\/13626","targetHints":{"allow":["GET"]}}],"collection":[{"href":"https:\/\/www.schramas.com\/fr\/wp-json\/wp\/v2\/product"}],"about":[{"href":"https:\/\/www.schramas.com\/fr\/wp-json\/wp\/v2\/types\/product"}],"version-history":[{"count":0,"href":"https:\/\/www.schramas.com\/fr\/wp-json\/wp\/v2\/product\/13626\/revisions"}],"wp:featuredmedia":[{"embeddable":true,"href":"https:\/\/www.schramas.com\/fr\/wp-json\/wp\/v2\/media\/13627"}],"wp:attachment":[{"href":"https:\/\/www.schramas.com\/fr\/wp-json\/wp\/v2\/media?parent=13626"}],"wp:term":[{"taxonomy":"product_brand","embeddable":true,"href":"https:\/\/www.schramas.com\/fr\/wp-json\/wp\/v2\/product_brand?post=13626"},{"taxonomy":"product_cat","embeddable":true,"href":"https:\/\/www.schramas.com\/fr\/wp-json\/wp\/v2\/product_cat?post=13626"},{"taxonomy":"product_tag","embeddable":true,"href":"https:\/\/www.schramas.com\/fr\/wp-json\/wp\/v2\/product_tag?post=13626"}],"curies":[{"name":"wp","href":"https:\/\/api.w.org\/{rel}","templated":true}]}}