{"id":16416,"date":"2021-07-01T14:25:05","date_gmt":"2021-07-01T12:25:05","guid":{"rendered":"https:\/\/www.schramas.com\/?post_type=product&#038;p=16416"},"modified":"2026-03-26T16:34:30","modified_gmt":"2026-03-26T15:34:30","slug":"alchemilla-mollis-ou-mante-de-la-belle-dame-pot-de-2-litres","status":"publish","type":"product","link":"https:\/\/www.schramas.com\/fr\/boutique\/alchemilla-mollis-ou-mante-de-la-belle-dame-pot-de-2-litres\/","title":{"rendered":"Alchemilla mollis, pot de 2 litres"},"content":{"rendered":"<p>Jolie alch\u00e9mille (Alchemilla mollis), \u00e9galement connue sous le nom d'alch\u00e9mille des dames.<\/p>\n<p>L'alch\u00e9mille fleurit de mai \u00e0 l'automne avec de grandes fleurs jaune-vert de 5 mm. Les feuilles dentel\u00e9es sont gracieuses et les gouttes d'eau restent sur les feuilles comme des perles. Convient comme couvre-sol vert.<\/p>\n<p>La plante pousse \u00e0 une hauteur de 30 \u00e0 100 cm et forme des rhizomes. Placez la plante au soleil ou \u00e0 la mi-ombre.<\/p>","protected":false},"excerpt":{"rendered":"<p>Alchemilla mollis<\/p>\n<p>Joli manteau de femme<\/p>\n<p>Couleur des fleurs : jaune vert<\/p>\n<p>Rustique, \u00e0 feuilles persistantes<\/p>\n<p>Hauteur : environ 20-30 cm, pot inclus<\/p>\n<p>Taille du pot : pot de 2 litres<\/p>","protected":false},"featured_media":16351,"template":"","meta":{"_joinchat":[]},"product_brand":[],"product_cat":[302,228,300,305],"product_tag":[826],"class_list":{"0":"post-16416","1":"product","2":"type-product","3":"status-publish","4":"has-post-thumbnail","6":"product_cat-bladverliezende-heesters","7":"product_cat-drachtplant","8":"product_cat-heesters","9":"product_cat-planten-heesters","10":"product_tag-camellia","11":"pa_bloeimaanden-maart","12":"pa_bloeimaanden-april","13":"pa_ewd_uwcf_colors-rood-2","14":"pa_ewd_uwcf_colors-roze","15":"pa_groeihoogte-150-200-cm","16":"pa_pot-zonder-pot","18":"first","19":"outofstock","20":"taxable","21":"shipping-taxable","22":"purchasable","23":"product-type-simple"},"yoast_head":"<!-- This site is optimized with the Yoast SEO plugin v24.2 - https:\/\/yoast.com\/wordpress\/plugins\/seo\/ -->\n<title>Alchemilla mollis of Fraaie Vrouwenmantel, 2 liter pot kopen | Planten eenvoudig online bestellen | Schramas.com<\/title>\n<meta name=\"robots\" content=\"index, follow, max-snippet:-1, max-image-preview:large, max-video-preview:-1\" \/>\n<link rel=\"canonical\" href=\"https:\/\/www.schramas.com\/fr\/boutique\/alchemilla-mollis-ou-mante-de-la-belle-dame-pot-de-2-litres\/\" \/>\n<meta property=\"og:locale\" content=\"fr_FR\" \/>\n<meta property=\"og:type\" content=\"article\" \/>\n<meta property=\"og:title\" content=\"Alchemilla mollis of Fraaie Vrouwenmantel, 2 liter pot kopen | Planten eenvoudig online bestellen | Schramas.com\" \/>\n<meta property=\"og:description\" content=\"Alchemilla mollis  Fraaie Vrouwenmantel  Kleur bloem: geel groen  Winterhard, groenblijvend  Hoogte: circa 20-30 cm incl pot  Potmaat: 2 liter pot\" \/>\n<meta property=\"og:url\" content=\"https:\/\/www.schramas.com\/fr\/boutique\/alchemilla-mollis-ou-mante-de-la-belle-dame-pot-de-2-litres\/\" \/>\n<meta property=\"og:site_name\" content=\"Planten eenvoudig online bestellen | Schramas.com\" \/>\n<meta property=\"article:publisher\" content=\"https:\/\/www.facebook.com\/Schramascom-106872874153195\/\" \/>\n<meta property=\"article:modified_time\" content=\"2026-03-26T15:34:30+00:00\" \/>\n<meta property=\"og:image\" content=\"https:\/\/www.schramas.com\/wp-content\/uploads\/2021\/06\/210617_9501856833251_Alchemilla-mollis-of-Vrouwenmantel-bewerkt-vooraanzicht-1.png\" \/>\n\t<meta property=\"og:image:width\" content=\"1200\" \/>\n\t<meta property=\"og:image:height\" content=\"1200\" \/>\n\t<meta property=\"og:image:type\" content=\"image\/png\" \/>\n<meta name=\"twitter:card\" content=\"summary_large_image\" \/>\n<script type=\"application\/ld+json\" class=\"yoast-schema-graph\">{\"@context\":\"https:\/\/schema.org\",\"@graph\":[{\"@type\":[\"WebPage\",\"ItemPage\"],\"@id\":\"https:\/\/www.schramas.com\/winkel\/alchemilla-mollis-of-fraaie-vrouwenmantel-2-liter-pot\/\",\"url\":\"https:\/\/www.schramas.com\/winkel\/alchemilla-mollis-of-fraaie-vrouwenmantel-2-liter-pot\/\",\"name\":\"Alchemilla mollis of Fraaie Vrouwenmantel, 2 liter pot kopen | Planten eenvoudig online bestellen | Schramas.com\",\"isPartOf\":{\"@id\":\"https:\/\/www.schramas.com\/#website\"},\"primaryImageOfPage\":{\"@id\":\"https:\/\/www.schramas.com\/winkel\/alchemilla-mollis-of-fraaie-vrouwenmantel-2-liter-pot\/#primaryimage\"},\"image\":{\"@id\":\"https:\/\/www.schramas.com\/winkel\/alchemilla-mollis-of-fraaie-vrouwenmantel-2-liter-pot\/#primaryimage\"},\"thumbnailUrl\":\"https:\/\/www.schramas.com\/wp-content\/uploads\/2021\/06\/210617_9501856833251_Alchemilla-mollis-of-Vrouwenmantel-bewerkt-vooraanzicht-1.png\",\"datePublished\":\"2021-07-01T12:25:05+00:00\",\"dateModified\":\"2026-03-26T15:34:30+00:00\",\"breadcrumb\":{\"@id\":\"https:\/\/www.schramas.com\/winkel\/alchemilla-mollis-of-fraaie-vrouwenmantel-2-liter-pot\/#breadcrumb\"},\"inLanguage\":\"fr-FR\",\"potentialAction\":[{\"@type\":\"ReadAction\",\"target\":[\"https:\/\/www.schramas.com\/winkel\/alchemilla-mollis-of-fraaie-vrouwenmantel-2-liter-pot\/\"]}]},{\"@type\":\"ImageObject\",\"inLanguage\":\"fr-FR\",\"@id\":\"https:\/\/www.schramas.com\/winkel\/alchemilla-mollis-of-fraaie-vrouwenmantel-2-liter-pot\/#primaryimage\",\"url\":\"https:\/\/www.schramas.com\/wp-content\/uploads\/2021\/06\/210617_9501856833251_Alchemilla-mollis-of-Vrouwenmantel-bewerkt-vooraanzicht-1.png\",\"contentUrl\":\"https:\/\/www.schramas.com\/wp-content\/uploads\/2021\/06\/210617_9501856833251_Alchemilla-mollis-of-Vrouwenmantel-bewerkt-vooraanzicht-1.png\",\"width\":1200,\"height\":1200},{\"@type\":\"BreadcrumbList\",\"@id\":\"https:\/\/www.schramas.com\/winkel\/alchemilla-mollis-of-fraaie-vrouwenmantel-2-liter-pot\/#breadcrumb\",\"itemListElement\":[{\"@type\":\"ListItem\",\"position\":1,\"name\":\"Product\",\"item\":\"https:\/\/www.schramas.com\/assortiment\/\"},{\"@type\":\"ListItem\",\"position\":2,\"name\":\"Tuinplanten\",\"item\":\"https:\/\/www.schramas.com\/product-category\/planten-heesters\/\"},{\"@type\":\"ListItem\",\"position\":3,\"name\":\"Heesters\",\"item\":\"https:\/\/www.schramas.com\/product-category\/planten-heesters\/heesters\/\"},{\"@type\":\"ListItem\",\"position\":4,\"name\":\"Bladverliezende heesters\",\"item\":\"https:\/\/www.schramas.com\/product-category\/planten-heesters\/heesters\/bladverliezende-heesters\/\"},{\"@type\":\"ListItem\",\"position\":5,\"name\":\"Alchemilla mollis of Fraaie Vrouwenmantel, 2 liter pot\"}]},{\"@type\":\"WebSite\",\"@id\":\"https:\/\/www.schramas.com\/#website\",\"url\":\"https:\/\/www.schramas.com\/\",\"name\":\"Schramas.com | Tuinplanten eenvoudig online bestellen | Direct van onze Kwekerij\",\"description\":\"\",\"alternateName\":\"Schramas.com - Alle planten direct van de kweker\",\"potentialAction\":[{\"@type\":\"SearchAction\",\"target\":{\"@type\":\"EntryPoint\",\"urlTemplate\":\"https:\/\/www.schramas.com\/?s={search_term_string}\"},\"query-input\":{\"@type\":\"PropertyValueSpecification\",\"valueRequired\":true,\"valueName\":\"search_term_string\"}}],\"inLanguage\":\"fr-FR\"}]}<\/script>\n<!-- \/ Yoast SEO plugin. -->","yoast_head_json":{"title":"Alchemilla mollis ou Frau Vrouwenmantel, acheter pot de 2 litres | Plantes commande en ligne facile | Schramas.com","robots":{"index":"index","follow":"follow","max-snippet":"max-snippet:-1","max-image-preview":"max-image-preview:large","max-video-preview":"max-video-preview:-1"},"canonical":"https:\/\/www.schramas.com\/fr\/boutique\/alchemilla-mollis-ou-mante-de-la-belle-dame-pot-de-2-litres\/","og_locale":"fr_FR","og_type":"article","og_title":"Alchemilla mollis of Fraaie Vrouwenmantel, 2 liter pot kopen | Planten eenvoudig online bestellen | Schramas.com","og_description":"Alchemilla mollis  Fraaie Vrouwenmantel  Kleur bloem: geel groen  Winterhard, groenblijvend  Hoogte: circa 20-30 cm incl pot  Potmaat: 2 liter pot","og_url":"https:\/\/www.schramas.com\/fr\/boutique\/alchemilla-mollis-ou-mante-de-la-belle-dame-pot-de-2-litres\/","og_site_name":"Planten eenvoudig online bestellen | Schramas.com","article_publisher":"https:\/\/www.facebook.com\/Schramascom-106872874153195\/","article_modified_time":"2026-03-26T15:34:30+00:00","og_image":[{"width":1200,"height":1200,"url":"https:\/\/www.schramas.com\/wp-content\/uploads\/2021\/06\/210617_9501856833251_Alchemilla-mollis-of-Vrouwenmantel-bewerkt-vooraanzicht-1.png","type":"image\/png"}],"twitter_card":"summary_large_image","schema":{"@context":"https:\/\/schema.org","@graph":[{"@type":["WebPage","ItemPage"],"@id":"https:\/\/www.schramas.com\/winkel\/alchemilla-mollis-of-fraaie-vrouwenmantel-2-liter-pot\/","url":"https:\/\/www.schramas.com\/winkel\/alchemilla-mollis-of-fraaie-vrouwenmantel-2-liter-pot\/","name":"Alchemilla mollis ou Frau Vrouwenmantel, acheter pot de 2 litres | Plantes commande en ligne facile | Schramas.com","isPartOf":{"@id":"https:\/\/www.schramas.com\/#website"},"primaryImageOfPage":{"@id":"https:\/\/www.schramas.com\/winkel\/alchemilla-mollis-of-fraaie-vrouwenmantel-2-liter-pot\/#primaryimage"},"image":{"@id":"https:\/\/www.schramas.com\/winkel\/alchemilla-mollis-of-fraaie-vrouwenmantel-2-liter-pot\/#primaryimage"},"thumbnailUrl":"https:\/\/www.schramas.com\/wp-content\/uploads\/2021\/06\/210617_9501856833251_Alchemilla-mollis-of-Vrouwenmantel-bewerkt-vooraanzicht-1.png","datePublished":"2021-07-01T12:25:05+00:00","dateModified":"2026-03-26T15:34:30+00:00","breadcrumb":{"@id":"https:\/\/www.schramas.com\/winkel\/alchemilla-mollis-of-fraaie-vrouwenmantel-2-liter-pot\/#breadcrumb"},"inLanguage":"fr-FR","potentialAction":[{"@type":"ReadAction","target":["https:\/\/www.schramas.com\/winkel\/alchemilla-mollis-of-fraaie-vrouwenmantel-2-liter-pot\/"]}]},{"@type":"ImageObject","inLanguage":"fr-FR","@id":"https:\/\/www.schramas.com\/winkel\/alchemilla-mollis-of-fraaie-vrouwenmantel-2-liter-pot\/#primaryimage","url":"https:\/\/www.schramas.com\/wp-content\/uploads\/2021\/06\/210617_9501856833251_Alchemilla-mollis-of-Vrouwenmantel-bewerkt-vooraanzicht-1.png","contentUrl":"https:\/\/www.schramas.com\/wp-content\/uploads\/2021\/06\/210617_9501856833251_Alchemilla-mollis-of-Vrouwenmantel-bewerkt-vooraanzicht-1.png","width":1200,"height":1200},{"@type":"BreadcrumbList","@id":"https:\/\/www.schramas.com\/winkel\/alchemilla-mollis-of-fraaie-vrouwenmantel-2-liter-pot\/#breadcrumb","itemListElement":[{"@type":"ListItem","position":1,"name":"Product","item":"https:\/\/www.schramas.com\/assortiment\/"},{"@type":"ListItem","position":2,"name":"Tuinplanten","item":"https:\/\/www.schramas.com\/product-category\/planten-heesters\/"},{"@type":"ListItem","position":3,"name":"Heesters","item":"https:\/\/www.schramas.com\/product-category\/planten-heesters\/heesters\/"},{"@type":"ListItem","position":4,"name":"Bladverliezende heesters","item":"https:\/\/www.schramas.com\/product-category\/planten-heesters\/heesters\/bladverliezende-heesters\/"},{"@type":"ListItem","position":5,"name":"Alchemilla mollis of Fraaie Vrouwenmantel, 2 liter pot"}]},{"@type":"WebSite","@id":"https:\/\/www.schramas.com\/#website","url":"https:\/\/www.schramas.com\/","name":"Schramas.com | Plantes de jardin faciles \u00e0 commander en ligne | En direct de notre p\u00e9pini\u00e8re","description":"","alternateName":"Schramas.com - Alle planten direct van de kweker","potentialAction":[{"@type":"SearchAction","target":{"@type":"EntryPoint","urlTemplate":"https:\/\/www.schramas.com\/?s={search_term_string}"},"query-input":{"@type":"PropertyValueSpecification","valueRequired":true,"valueName":"search_term_string"}}],"inLanguage":"fr-FR"}]}},"_links":{"self":[{"href":"https:\/\/www.schramas.com\/fr\/wp-json\/wp\/v2\/product\/16416","targetHints":{"allow":["GET"]}}],"collection":[{"href":"https:\/\/www.schramas.com\/fr\/wp-json\/wp\/v2\/product"}],"about":[{"href":"https:\/\/www.schramas.com\/fr\/wp-json\/wp\/v2\/types\/product"}],"version-history":[{"count":0,"href":"https:\/\/www.schramas.com\/fr\/wp-json\/wp\/v2\/product\/16416\/revisions"}],"wp:featuredmedia":[{"embeddable":true,"href":"https:\/\/www.schramas.com\/fr\/wp-json\/wp\/v2\/media\/16351"}],"wp:attachment":[{"href":"https:\/\/www.schramas.com\/fr\/wp-json\/wp\/v2\/media?parent=16416"}],"wp:term":[{"taxonomy":"product_brand","embeddable":true,"href":"https:\/\/www.schramas.com\/fr\/wp-json\/wp\/v2\/product_brand?post=16416"},{"taxonomy":"product_cat","embeddable":true,"href":"https:\/\/www.schramas.com\/fr\/wp-json\/wp\/v2\/product_cat?post=16416"},{"taxonomy":"product_tag","embeddable":true,"href":"https:\/\/www.schramas.com\/fr\/wp-json\/wp\/v2\/product_tag?post=16416"}],"curies":[{"name":"wp","href":"https:\/\/api.w.org\/{rel}","templated":true}]}}