{"id":16425,"date":"2021-07-01T16:11:06","date_gmt":"2021-07-01T14:11:06","guid":{"rendered":"https:\/\/www.schramas.com\/?post_type=product&#038;p=16425"},"modified":"2026-04-28T21:27:54","modified_gmt":"2026-04-28T19:27:54","slug":"prunus-nucipersica-mini-nectarine-pot-3l","status":"publish","type":"product","link":"https:\/\/www.schramas.com\/fr\/boutique\/prunus-nucipersica-mini-nectarine-pot-3l\/","title":{"rendered":"Prunus 'Nucipersica' mini nectarine, pot de 3 litres"},"content":{"rendered":"<p>Prunus nucipersica est une petite mini nectarine qui produit des nectarines normales et d\u00e9licieusement juteuses. La belle floraison rose au printemps est un r\u00e9gal pour les yeux, puis cette mini nectarine produit de d\u00e9licieux fruits et une belle coloration rouge des feuilles en automne. Cet arbre fleurit t\u00f4t au printemps, alors faites attention et prot\u00e9gez-le des gel\u00e9es tardives. Gr\u00e2ce \u00e0 sa petite taille, la mini nectarine est \u00e9galement id\u00e9ale pour la terrasse ou le balcon.<\/p>","protected":false},"excerpt":{"rendered":"<p>Prunus nucipersica<\/p>\n<p>Mini-nectarines<\/p>\n<p>Go\u00fbt : doux<\/p>\n<p>Couleur du fruit : rouge<\/p>\n<p>Hauteur maximale : environ 1,2-1,5 m en pleine terre, en fonction du porte-greffe et de la taille.<\/p>\n<p>Convient \u00e0 la fois aux terrasses et aux terrains d\u00e9couverts - \u00e0 l'abri et ensoleill\u00e9s<\/p>\n<p>Autopollinisation<\/p>\n<p>Hauteur de livraison : environ 70 cm<\/p>\n<p>&nbsp;<\/p>","protected":false},"featured_media":16262,"template":"","meta":{"_joinchat":[]},"product_brand":[],"product_cat":[262,1716,233,23],"product_tag":[],"class_list":{"0":"post-16425","1":"product","2":"type-product","3":"status-publish","4":"has-post-thumbnail","6":"product_cat-bomen-struiken","7":"product_cat-dwerg-fruit","8":"product_cat-fruitbomen","9":"product_cat-nectarines","11":"first","12":"instock","13":"taxable","14":"shipping-taxable","15":"purchasable","16":"product-type-simple"},"yoast_head":"<!-- This site is optimized with the Yoast SEO plugin v24.2 - https:\/\/yoast.com\/wordpress\/plugins\/seo\/ -->\n<title>Prunus &#039;Nucipersica&#039; mini nectarine, 3 liter pot kopen | Planten eenvoudig online bestellen | Schramas.com<\/title>\n<meta name=\"robots\" content=\"index, follow, max-snippet:-1, max-image-preview:large, max-video-preview:-1\" \/>\n<link rel=\"canonical\" href=\"https:\/\/www.schramas.com\/fr\/boutique\/prunus-nucipersica-mini-nectarine-pot-3l\/\" \/>\n<meta property=\"og:locale\" content=\"fr_FR\" \/>\n<meta property=\"og:type\" content=\"article\" \/>\n<meta property=\"og:title\" content=\"Prunus &#039;Nucipersica&#039; mini nectarine, 3 liter pot kopen | Planten eenvoudig online bestellen | Schramas.com\" \/>\n<meta property=\"og:description\" content=\"Prunus nucipersica  Mini nectarine  Smaak: zoet  Kleur vrucht: rood  Hoogte max: ca. 1.2-1.5 meter in volle grond, afhankelijk van onderstam en snoei  Geschikt voor zowel patio als volle grond - beschut en zonnig  Zelfbestuivend  Leverhoogte: ca. 70 cm  &nbsp;\" \/>\n<meta property=\"og:url\" content=\"https:\/\/www.schramas.com\/fr\/boutique\/prunus-nucipersica-mini-nectarine-pot-3l\/\" \/>\n<meta property=\"og:site_name\" content=\"Planten eenvoudig online bestellen | Schramas.com\" \/>\n<meta property=\"article:publisher\" content=\"https:\/\/www.facebook.com\/Schramascom-106872874153195\/\" \/>\n<meta property=\"article:modified_time\" content=\"2026-04-28T19:27:54+00:00\" \/>\n<meta property=\"og:image\" content=\"https:\/\/www.schramas.com\/wp-content\/uploads\/2021\/06\/210617_9507658278863_Prunus-nucipersica-mini-nectarine-bewerkt-vooraanzicht.png\" \/>\n\t<meta property=\"og:image:width\" content=\"1200\" \/>\n\t<meta property=\"og:image:height\" content=\"1200\" \/>\n\t<meta property=\"og:image:type\" content=\"image\/png\" \/>\n<meta name=\"twitter:card\" content=\"summary_large_image\" \/>\n<meta name=\"twitter:label1\" content=\"Dur\u00e9e de lecture estim\u00e9e\" \/>\n\t<meta name=\"twitter:data1\" content=\"1 minute\" \/>\n<script type=\"application\/ld+json\" class=\"yoast-schema-graph\">{\"@context\":\"https:\/\/schema.org\",\"@graph\":[{\"@type\":[\"WebPage\",\"ItemPage\"],\"@id\":\"https:\/\/www.schramas.com\/winkel\/prunus-nucipersica-mini-nectarine-3l-pot\/\",\"url\":\"https:\/\/www.schramas.com\/winkel\/prunus-nucipersica-mini-nectarine-3l-pot\/\",\"name\":\"Prunus 'Nucipersica' mini nectarine, 3 liter pot kopen | Planten eenvoudig online bestellen | Schramas.com\",\"isPartOf\":{\"@id\":\"https:\/\/www.schramas.com\/#website\"},\"primaryImageOfPage\":{\"@id\":\"https:\/\/www.schramas.com\/winkel\/prunus-nucipersica-mini-nectarine-3l-pot\/#primaryimage\"},\"image\":{\"@id\":\"https:\/\/www.schramas.com\/winkel\/prunus-nucipersica-mini-nectarine-3l-pot\/#primaryimage\"},\"thumbnailUrl\":\"https:\/\/www.schramas.com\/wp-content\/uploads\/2021\/06\/210617_9507658278863_Prunus-nucipersica-mini-nectarine-bewerkt-vooraanzicht.png\",\"datePublished\":\"2021-07-01T14:11:06+00:00\",\"dateModified\":\"2026-04-28T19:27:54+00:00\",\"breadcrumb\":{\"@id\":\"https:\/\/www.schramas.com\/winkel\/prunus-nucipersica-mini-nectarine-3l-pot\/#breadcrumb\"},\"inLanguage\":\"fr-FR\",\"potentialAction\":[{\"@type\":\"ReadAction\",\"target\":[\"https:\/\/www.schramas.com\/winkel\/prunus-nucipersica-mini-nectarine-3l-pot\/\"]}]},{\"@type\":\"ImageObject\",\"inLanguage\":\"fr-FR\",\"@id\":\"https:\/\/www.schramas.com\/winkel\/prunus-nucipersica-mini-nectarine-3l-pot\/#primaryimage\",\"url\":\"https:\/\/www.schramas.com\/wp-content\/uploads\/2021\/06\/210617_9507658278863_Prunus-nucipersica-mini-nectarine-bewerkt-vooraanzicht.png\",\"contentUrl\":\"https:\/\/www.schramas.com\/wp-content\/uploads\/2021\/06\/210617_9507658278863_Prunus-nucipersica-mini-nectarine-bewerkt-vooraanzicht.png\",\"width\":1200,\"height\":1200},{\"@type\":\"BreadcrumbList\",\"@id\":\"https:\/\/www.schramas.com\/winkel\/prunus-nucipersica-mini-nectarine-3l-pot\/#breadcrumb\",\"itemListElement\":[{\"@type\":\"ListItem\",\"position\":1,\"name\":\"Product\",\"item\":\"https:\/\/www.schramas.com\/assortiment\/\"},{\"@type\":\"ListItem\",\"position\":2,\"name\":\"Bomen &amp; Struiken\",\"item\":\"https:\/\/www.schramas.com\/product-category\/bomen-struiken\/\"},{\"@type\":\"ListItem\",\"position\":3,\"name\":\"Specials\",\"item\":\"https:\/\/www.schramas.com\/product-category\/bomen-struiken\/specials\/\"},{\"@type\":\"ListItem\",\"position\":4,\"name\":\"Dwerg fruit\",\"item\":\"https:\/\/www.schramas.com\/product-category\/bomen-struiken\/specials\/dwerg-fruit\/\"},{\"@type\":\"ListItem\",\"position\":5,\"name\":\"Prunus &#8216;Nucipersica&#8217; mini nectarine, 3 liter pot\"}]},{\"@type\":\"WebSite\",\"@id\":\"https:\/\/www.schramas.com\/#website\",\"url\":\"https:\/\/www.schramas.com\/\",\"name\":\"Schramas.com | Tuinplanten eenvoudig online bestellen | Direct van onze Kwekerij\",\"description\":\"\",\"alternateName\":\"Schramas.com - Alle planten direct van de kweker\",\"potentialAction\":[{\"@type\":\"SearchAction\",\"target\":{\"@type\":\"EntryPoint\",\"urlTemplate\":\"https:\/\/www.schramas.com\/?s={search_term_string}\"},\"query-input\":{\"@type\":\"PropertyValueSpecification\",\"valueRequired\":true,\"valueName\":\"search_term_string\"}}],\"inLanguage\":\"fr-FR\"}]}<\/script>\n<!-- \/ Yoast SEO plugin. -->","yoast_head_json":{"title":"Achetez Prunus &#039;Nucipersica&#039; mini nectarine, pot de 3 litres | Commandez facilement des plantes en ligne | Schramas.com","robots":{"index":"index","follow":"follow","max-snippet":"max-snippet:-1","max-image-preview":"max-image-preview:large","max-video-preview":"max-video-preview:-1"},"canonical":"https:\/\/www.schramas.com\/fr\/boutique\/prunus-nucipersica-mini-nectarine-pot-3l\/","og_locale":"fr_FR","og_type":"article","og_title":"Prunus 'Nucipersica' mini nectarine, 3 liter pot kopen | Planten eenvoudig online bestellen | Schramas.com","og_description":"Prunus nucipersica  Mini nectarine  Smaak: zoet  Kleur vrucht: rood  Hoogte max: ca. 1.2-1.5 meter in volle grond, afhankelijk van onderstam en snoei  Geschikt voor zowel patio als volle grond - beschut en zonnig  Zelfbestuivend  Leverhoogte: ca. 70 cm  &nbsp;","og_url":"https:\/\/www.schramas.com\/fr\/boutique\/prunus-nucipersica-mini-nectarine-pot-3l\/","og_site_name":"Planten eenvoudig online bestellen | Schramas.com","article_publisher":"https:\/\/www.facebook.com\/Schramascom-106872874153195\/","article_modified_time":"2026-04-28T19:27:54+00:00","og_image":[{"width":1200,"height":1200,"url":"https:\/\/www.schramas.com\/wp-content\/uploads\/2021\/06\/210617_9507658278863_Prunus-nucipersica-mini-nectarine-bewerkt-vooraanzicht.png","type":"image\/png"}],"twitter_card":"summary_large_image","twitter_misc":{"Dur\u00e9e de lecture estim\u00e9e":"1 minute"},"schema":{"@context":"https:\/\/schema.org","@graph":[{"@type":["WebPage","ItemPage"],"@id":"https:\/\/www.schramas.com\/winkel\/prunus-nucipersica-mini-nectarine-3l-pot\/","url":"https:\/\/www.schramas.com\/winkel\/prunus-nucipersica-mini-nectarine-3l-pot\/","name":"Achetez Prunus &#039;Nucipersica&#039; mini nectarine, pot de 3 litres | Commandez facilement des plantes en ligne | Schramas.com","isPartOf":{"@id":"https:\/\/www.schramas.com\/#website"},"primaryImageOfPage":{"@id":"https:\/\/www.schramas.com\/winkel\/prunus-nucipersica-mini-nectarine-3l-pot\/#primaryimage"},"image":{"@id":"https:\/\/www.schramas.com\/winkel\/prunus-nucipersica-mini-nectarine-3l-pot\/#primaryimage"},"thumbnailUrl":"https:\/\/www.schramas.com\/wp-content\/uploads\/2021\/06\/210617_9507658278863_Prunus-nucipersica-mini-nectarine-bewerkt-vooraanzicht.png","datePublished":"2021-07-01T14:11:06+00:00","dateModified":"2026-04-28T19:27:54+00:00","breadcrumb":{"@id":"https:\/\/www.schramas.com\/winkel\/prunus-nucipersica-mini-nectarine-3l-pot\/#breadcrumb"},"inLanguage":"fr-FR","potentialAction":[{"@type":"ReadAction","target":["https:\/\/www.schramas.com\/winkel\/prunus-nucipersica-mini-nectarine-3l-pot\/"]}]},{"@type":"ImageObject","inLanguage":"fr-FR","@id":"https:\/\/www.schramas.com\/winkel\/prunus-nucipersica-mini-nectarine-3l-pot\/#primaryimage","url":"https:\/\/www.schramas.com\/wp-content\/uploads\/2021\/06\/210617_9507658278863_Prunus-nucipersica-mini-nectarine-bewerkt-vooraanzicht.png","contentUrl":"https:\/\/www.schramas.com\/wp-content\/uploads\/2021\/06\/210617_9507658278863_Prunus-nucipersica-mini-nectarine-bewerkt-vooraanzicht.png","width":1200,"height":1200},{"@type":"BreadcrumbList","@id":"https:\/\/www.schramas.com\/winkel\/prunus-nucipersica-mini-nectarine-3l-pot\/#breadcrumb","itemListElement":[{"@type":"ListItem","position":1,"name":"Product","item":"https:\/\/www.schramas.com\/assortiment\/"},{"@type":"ListItem","position":2,"name":"Bomen &amp; Struiken","item":"https:\/\/www.schramas.com\/product-category\/bomen-struiken\/"},{"@type":"ListItem","position":3,"name":"Specials","item":"https:\/\/www.schramas.com\/product-category\/bomen-struiken\/specials\/"},{"@type":"ListItem","position":4,"name":"Dwerg fruit","item":"https:\/\/www.schramas.com\/product-category\/bomen-struiken\/specials\/dwerg-fruit\/"},{"@type":"ListItem","position":5,"name":"Prunus &#8216;Nucipersica&#8217; mini nectarine, 3 liter pot"}]},{"@type":"WebSite","@id":"https:\/\/www.schramas.com\/#website","url":"https:\/\/www.schramas.com\/","name":"Schramas.com | Plantes de jardin faciles \u00e0 commander en ligne | En direct de notre p\u00e9pini\u00e8re","description":"","alternateName":"Schramas.com - Alle planten direct van de kweker","potentialAction":[{"@type":"SearchAction","target":{"@type":"EntryPoint","urlTemplate":"https:\/\/www.schramas.com\/?s={search_term_string}"},"query-input":{"@type":"PropertyValueSpecification","valueRequired":true,"valueName":"search_term_string"}}],"inLanguage":"fr-FR"}]}},"_links":{"self":[{"href":"https:\/\/www.schramas.com\/fr\/wp-json\/wp\/v2\/product\/16425","targetHints":{"allow":["GET"]}}],"collection":[{"href":"https:\/\/www.schramas.com\/fr\/wp-json\/wp\/v2\/product"}],"about":[{"href":"https:\/\/www.schramas.com\/fr\/wp-json\/wp\/v2\/types\/product"}],"version-history":[{"count":0,"href":"https:\/\/www.schramas.com\/fr\/wp-json\/wp\/v2\/product\/16425\/revisions"}],"wp:featuredmedia":[{"embeddable":true,"href":"https:\/\/www.schramas.com\/fr\/wp-json\/wp\/v2\/media\/16262"}],"wp:attachment":[{"href":"https:\/\/www.schramas.com\/fr\/wp-json\/wp\/v2\/media?parent=16425"}],"wp:term":[{"taxonomy":"product_brand","embeddable":true,"href":"https:\/\/www.schramas.com\/fr\/wp-json\/wp\/v2\/product_brand?post=16425"},{"taxonomy":"product_cat","embeddable":true,"href":"https:\/\/www.schramas.com\/fr\/wp-json\/wp\/v2\/product_cat?post=16425"},{"taxonomy":"product_tag","embeddable":true,"href":"https:\/\/www.schramas.com\/fr\/wp-json\/wp\/v2\/product_tag?post=16425"}],"curies":[{"name":"wp","href":"https:\/\/api.w.org\/{rel}","templated":true}]}}