{"id":16430,"date":"2021-07-01T16:45:29","date_gmt":"2021-07-01T14:45:29","guid":{"rendered":"https:\/\/www.schramas.com\/?post_type=product&#038;p=16430"},"modified":"2026-03-26T16:34:31","modified_gmt":"2026-03-26T15:34:31","slug":"euonymus-fortunei-horts-blaze-gros-bec-couvre-sol-pot-de-2-litres","status":"publish","type":"product","link":"https:\/\/www.schramas.com\/fr\/boutique\/euonymus-fortunei-horts-blaze-gros-bec-couvre-sol-pot-de-2-litres\/","title":{"rendered":"Euonymus fortunei 'Hort's Blaze', chapeau de cardinal, pot de 2 litres"},"content":{"rendered":"<p>Euonymus fortunei &#039;Hort&#039;s Blaze&#039; est un arbuste couvre-sol \u00e0 feuilles persistantes.<br \/>\nFeuilles brun-rouge en automne\/hiver et vertes en \u00e9t\u00e9.<br \/>\nCe couvre-sol est tr\u00e8s rustique et tol\u00e8re bien la taille.<\/p>\n<p>Longueur de livraison 50 cm avec pot, voir photo.<br \/>\nVEUILLEZ NOTER\u00a0: La plante est fournie dans un pot de p\u00e9pini\u00e8re en plastique noir.<\/p>\n<p>&nbsp;<\/p>","protected":false},"excerpt":{"rendered":"<p>Euonymus fortunei &#039;Hort&#039;s Blaze&#039;<\/p>\n<p>Le chapeau du cardinal<\/p>\n<p>Max. hauteur : environ 100 cm<\/p>\n<p>Vert d'eau<\/p>\n<p>Hardy<\/p>\n<p>Hauteur de livraison avec pot : env. &gt;30 cm avec pot<\/p>\n<p>Taille du pot : 2 litres<\/p>","protected":false},"featured_media":21147,"template":"","meta":{"_joinchat":[]},"product_brand":[],"product_cat":[301,480,300,229,305],"product_tag":[494,496,495,351],"class_list":{"0":"post-16430","1":"product","2":"type-product","3":"status-publish","4":"has-post-thumbnail","6":"product_cat-bodembedekkers","7":"product_cat-diversen-struiken","8":"product_cat-heesters","9":"product_cat-sierheesters","10":"product_cat-planten-heesters","11":"product_tag-euonymus","12":"product_tag-groenblijvende-heester","13":"product_tag-sierheester","14":"product_tag-winterhard","15":"pa_bloeimaanden-mei","16":"pa_ewd_uwcf_colors-groen-2","17":"pa_ewd_uwcf_colors-wit","18":"pa_groeihoogte-30-60-cm","19":"pa_pot-zonder-pot","21":"first","22":"instock","23":"taxable","24":"shipping-taxable","25":"purchasable","26":"product-type-simple"},"yoast_head":"<!-- This site is optimized with the Yoast SEO plugin v24.2 - https:\/\/yoast.com\/wordpress\/plugins\/seo\/ -->\n<title>Euonymus fortunei &#039;Hort&#039;s Blaze&#039;, Kardinaalsmuts, 2 liter pot kopen | Planten eenvoudig online bestellen | Schramas.com<\/title>\n<meta name=\"robots\" content=\"index, follow, max-snippet:-1, max-image-preview:large, max-video-preview:-1\" \/>\n<link rel=\"canonical\" href=\"https:\/\/www.schramas.com\/fr\/boutique\/euonymus-fortunei-horts-blaze-gros-bec-couvre-sol-pot-de-2-litres\/\" \/>\n<meta property=\"og:locale\" content=\"fr_FR\" \/>\n<meta property=\"og:type\" content=\"article\" \/>\n<meta property=\"og:title\" content=\"Euonymus fortunei &#039;Hort&#039;s Blaze&#039;, Kardinaalsmuts, 2 liter pot kopen | Planten eenvoudig online bestellen | Schramas.com\" \/>\n<meta property=\"og:description\" content=\"Euonymus fortunei &#039;Hort&#039;s Blaze&#039;  Kardinaalsmuts  Max. hoogte: ca. 100 cm  Groenblijvend  Winterhard  Leverhoogte incl. pot: ca. &gt;30cm incl pot  Potmaat: 2 liter\" \/>\n<meta property=\"og:url\" content=\"https:\/\/www.schramas.com\/fr\/boutique\/euonymus-fortunei-horts-blaze-gros-bec-couvre-sol-pot-de-2-litres\/\" \/>\n<meta property=\"og:site_name\" content=\"Planten eenvoudig online bestellen | Schramas.com\" \/>\n<meta property=\"article:publisher\" content=\"https:\/\/www.facebook.com\/Schramascom-106872874153195\/\" \/>\n<meta property=\"article:modified_time\" content=\"2026-03-26T15:34:31+00:00\" \/>\n<meta property=\"og:image\" content=\"http:\/\/www.schramas.com\/wp-content\/uploads\/2021\/07\/Horts-blaze-sfeer-new.jpg\" \/>\n\t<meta property=\"og:image:width\" content=\"1200\" \/>\n\t<meta property=\"og:image:height\" content=\"1200\" \/>\n\t<meta property=\"og:image:type\" content=\"image\/jpeg\" \/>\n<meta name=\"twitter:card\" content=\"summary_large_image\" \/>\n<meta name=\"twitter:label1\" content=\"Dur\u00e9e de lecture estim\u00e9e\" \/>\n\t<meta name=\"twitter:data1\" content=\"1 minute\" \/>\n<script type=\"application\/ld+json\" class=\"yoast-schema-graph\">{\"@context\":\"https:\/\/schema.org\",\"@graph\":[{\"@type\":[\"WebPage\",\"ItemPage\"],\"@id\":\"https:\/\/www.schramas.com\/winkel\/euonymus-fortunei-horts-blaze-kardinaalsmuts-bodembedekker-2-liter-pot\/\",\"url\":\"https:\/\/www.schramas.com\/winkel\/euonymus-fortunei-horts-blaze-kardinaalsmuts-bodembedekker-2-liter-pot\/\",\"name\":\"Euonymus fortunei 'Hort's Blaze', Kardinaalsmuts, 2 liter pot kopen | Planten eenvoudig online bestellen | Schramas.com\",\"isPartOf\":{\"@id\":\"https:\/\/www.schramas.com\/#website\"},\"primaryImageOfPage\":{\"@id\":\"https:\/\/www.schramas.com\/winkel\/euonymus-fortunei-horts-blaze-kardinaalsmuts-bodembedekker-2-liter-pot\/#primaryimage\"},\"image\":{\"@id\":\"https:\/\/www.schramas.com\/winkel\/euonymus-fortunei-horts-blaze-kardinaalsmuts-bodembedekker-2-liter-pot\/#primaryimage\"},\"thumbnailUrl\":\"https:\/\/www.schramas.com\/wp-content\/uploads\/2021\/07\/Horts-blaze-sfeer-new.jpg\",\"datePublished\":\"2021-07-01T14:45:29+00:00\",\"dateModified\":\"2026-03-26T15:34:31+00:00\",\"breadcrumb\":{\"@id\":\"https:\/\/www.schramas.com\/winkel\/euonymus-fortunei-horts-blaze-kardinaalsmuts-bodembedekker-2-liter-pot\/#breadcrumb\"},\"inLanguage\":\"fr-FR\",\"potentialAction\":[{\"@type\":\"ReadAction\",\"target\":[\"https:\/\/www.schramas.com\/winkel\/euonymus-fortunei-horts-blaze-kardinaalsmuts-bodembedekker-2-liter-pot\/\"]}]},{\"@type\":\"ImageObject\",\"inLanguage\":\"fr-FR\",\"@id\":\"https:\/\/www.schramas.com\/winkel\/euonymus-fortunei-horts-blaze-kardinaalsmuts-bodembedekker-2-liter-pot\/#primaryimage\",\"url\":\"https:\/\/www.schramas.com\/wp-content\/uploads\/2021\/07\/Horts-blaze-sfeer-new.jpg\",\"contentUrl\":\"https:\/\/www.schramas.com\/wp-content\/uploads\/2021\/07\/Horts-blaze-sfeer-new.jpg\",\"width\":1200,\"height\":1200},{\"@type\":\"BreadcrumbList\",\"@id\":\"https:\/\/www.schramas.com\/winkel\/euonymus-fortunei-horts-blaze-kardinaalsmuts-bodembedekker-2-liter-pot\/#breadcrumb\",\"itemListElement\":[{\"@type\":\"ListItem\",\"position\":1,\"name\":\"Product\",\"item\":\"https:\/\/www.schramas.com\/assortiment\/\"},{\"@type\":\"ListItem\",\"position\":2,\"name\":\"Tuinplanten\",\"item\":\"https:\/\/www.schramas.com\/product-category\/planten-heesters\/\"},{\"@type\":\"ListItem\",\"position\":3,\"name\":\"Heesters\",\"item\":\"https:\/\/www.schramas.com\/product-category\/planten-heesters\/heesters\/\"},{\"@type\":\"ListItem\",\"position\":4,\"name\":\"Sierheesters\",\"item\":\"https:\/\/www.schramas.com\/product-category\/planten-heesters\/heesters\/sierheesters\/\"},{\"@type\":\"ListItem\",\"position\":5,\"name\":\"Euonymus fortunei &#8216;Hort&#8217;s Blaze&#8217;, Kardinaalsmuts, 2 liter pot\"}]},{\"@type\":\"WebSite\",\"@id\":\"https:\/\/www.schramas.com\/#website\",\"url\":\"https:\/\/www.schramas.com\/\",\"name\":\"Schramas.com | Tuinplanten eenvoudig online bestellen | Direct van onze Kwekerij\",\"description\":\"\",\"alternateName\":\"Schramas.com - Alle planten direct van de kweker\",\"potentialAction\":[{\"@type\":\"SearchAction\",\"target\":{\"@type\":\"EntryPoint\",\"urlTemplate\":\"https:\/\/www.schramas.com\/?s={search_term_string}\"},\"query-input\":{\"@type\":\"PropertyValueSpecification\",\"valueRequired\":true,\"valueName\":\"search_term_string\"}}],\"inLanguage\":\"fr-FR\"}]}<\/script>\n<!-- \/ Yoast SEO plugin. -->","yoast_head_json":{"title":"Achetez Euonymus fortunei &#039;Hort&#039;s Blaze&#039;, Cardinal&#039;s Hat, pot de 2 litres | Commandez facilement des plantes en ligne | Schramas.com","robots":{"index":"index","follow":"follow","max-snippet":"max-snippet:-1","max-image-preview":"max-image-preview:large","max-video-preview":"max-video-preview:-1"},"canonical":"https:\/\/www.schramas.com\/fr\/boutique\/euonymus-fortunei-horts-blaze-gros-bec-couvre-sol-pot-de-2-litres\/","og_locale":"fr_FR","og_type":"article","og_title":"Euonymus fortunei 'Hort's Blaze', Kardinaalsmuts, 2 liter pot kopen | Planten eenvoudig online bestellen | Schramas.com","og_description":"Euonymus fortunei 'Hort's Blaze'  Kardinaalsmuts  Max. hoogte: ca. 100 cm  Groenblijvend  Winterhard  Leverhoogte incl. pot: ca. &gt;30cm incl pot  Potmaat: 2 liter","og_url":"https:\/\/www.schramas.com\/fr\/boutique\/euonymus-fortunei-horts-blaze-gros-bec-couvre-sol-pot-de-2-litres\/","og_site_name":"Planten eenvoudig online bestellen | Schramas.com","article_publisher":"https:\/\/www.facebook.com\/Schramascom-106872874153195\/","article_modified_time":"2026-03-26T15:34:31+00:00","og_image":[{"width":1200,"height":1200,"url":"http:\/\/www.schramas.com\/wp-content\/uploads\/2021\/07\/Horts-blaze-sfeer-new.jpg","type":"image\/jpeg"}],"twitter_card":"summary_large_image","twitter_misc":{"Dur\u00e9e de lecture estim\u00e9e":"1 minute"},"schema":{"@context":"https:\/\/schema.org","@graph":[{"@type":["WebPage","ItemPage"],"@id":"https:\/\/www.schramas.com\/winkel\/euonymus-fortunei-horts-blaze-kardinaalsmuts-bodembedekker-2-liter-pot\/","url":"https:\/\/www.schramas.com\/winkel\/euonymus-fortunei-horts-blaze-kardinaalsmuts-bodembedekker-2-liter-pot\/","name":"Achetez Euonymus fortunei &#039;Hort&#039;s Blaze&#039;, Cardinal&#039;s Hat, pot de 2 litres | Commandez facilement des plantes en ligne | Schramas.com","isPartOf":{"@id":"https:\/\/www.schramas.com\/#website"},"primaryImageOfPage":{"@id":"https:\/\/www.schramas.com\/winkel\/euonymus-fortunei-horts-blaze-kardinaalsmuts-bodembedekker-2-liter-pot\/#primaryimage"},"image":{"@id":"https:\/\/www.schramas.com\/winkel\/euonymus-fortunei-horts-blaze-kardinaalsmuts-bodembedekker-2-liter-pot\/#primaryimage"},"thumbnailUrl":"https:\/\/www.schramas.com\/wp-content\/uploads\/2021\/07\/Horts-blaze-sfeer-new.jpg","datePublished":"2021-07-01T14:45:29+00:00","dateModified":"2026-03-26T15:34:31+00:00","breadcrumb":{"@id":"https:\/\/www.schramas.com\/winkel\/euonymus-fortunei-horts-blaze-kardinaalsmuts-bodembedekker-2-liter-pot\/#breadcrumb"},"inLanguage":"fr-FR","potentialAction":[{"@type":"ReadAction","target":["https:\/\/www.schramas.com\/winkel\/euonymus-fortunei-horts-blaze-kardinaalsmuts-bodembedekker-2-liter-pot\/"]}]},{"@type":"ImageObject","inLanguage":"fr-FR","@id":"https:\/\/www.schramas.com\/winkel\/euonymus-fortunei-horts-blaze-kardinaalsmuts-bodembedekker-2-liter-pot\/#primaryimage","url":"https:\/\/www.schramas.com\/wp-content\/uploads\/2021\/07\/Horts-blaze-sfeer-new.jpg","contentUrl":"https:\/\/www.schramas.com\/wp-content\/uploads\/2021\/07\/Horts-blaze-sfeer-new.jpg","width":1200,"height":1200},{"@type":"BreadcrumbList","@id":"https:\/\/www.schramas.com\/winkel\/euonymus-fortunei-horts-blaze-kardinaalsmuts-bodembedekker-2-liter-pot\/#breadcrumb","itemListElement":[{"@type":"ListItem","position":1,"name":"Product","item":"https:\/\/www.schramas.com\/assortiment\/"},{"@type":"ListItem","position":2,"name":"Tuinplanten","item":"https:\/\/www.schramas.com\/product-category\/planten-heesters\/"},{"@type":"ListItem","position":3,"name":"Heesters","item":"https:\/\/www.schramas.com\/product-category\/planten-heesters\/heesters\/"},{"@type":"ListItem","position":4,"name":"Sierheesters","item":"https:\/\/www.schramas.com\/product-category\/planten-heesters\/heesters\/sierheesters\/"},{"@type":"ListItem","position":5,"name":"Euonymus fortunei &#8216;Hort&#8217;s Blaze&#8217;, Kardinaalsmuts, 2 liter pot"}]},{"@type":"WebSite","@id":"https:\/\/www.schramas.com\/#website","url":"https:\/\/www.schramas.com\/","name":"Schramas.com | Plantes de jardin faciles \u00e0 commander en ligne | En direct de notre p\u00e9pini\u00e8re","description":"","alternateName":"Schramas.com - Alle planten direct van de kweker","potentialAction":[{"@type":"SearchAction","target":{"@type":"EntryPoint","urlTemplate":"https:\/\/www.schramas.com\/?s={search_term_string}"},"query-input":{"@type":"PropertyValueSpecification","valueRequired":true,"valueName":"search_term_string"}}],"inLanguage":"fr-FR"}]}},"_links":{"self":[{"href":"https:\/\/www.schramas.com\/fr\/wp-json\/wp\/v2\/product\/16430","targetHints":{"allow":["GET"]}}],"collection":[{"href":"https:\/\/www.schramas.com\/fr\/wp-json\/wp\/v2\/product"}],"about":[{"href":"https:\/\/www.schramas.com\/fr\/wp-json\/wp\/v2\/types\/product"}],"version-history":[{"count":1,"href":"https:\/\/www.schramas.com\/fr\/wp-json\/wp\/v2\/product\/16430\/revisions"}],"predecessor-version":[{"id":49688,"href":"https:\/\/www.schramas.com\/fr\/wp-json\/wp\/v2\/product\/16430\/revisions\/49688"}],"wp:featuredmedia":[{"embeddable":true,"href":"https:\/\/www.schramas.com\/fr\/wp-json\/wp\/v2\/media\/21147"}],"wp:attachment":[{"href":"https:\/\/www.schramas.com\/fr\/wp-json\/wp\/v2\/media?parent=16430"}],"wp:term":[{"taxonomy":"product_brand","embeddable":true,"href":"https:\/\/www.schramas.com\/fr\/wp-json\/wp\/v2\/product_brand?post=16430"},{"taxonomy":"product_cat","embeddable":true,"href":"https:\/\/www.schramas.com\/fr\/wp-json\/wp\/v2\/product_cat?post=16430"},{"taxonomy":"product_tag","embeddable":true,"href":"https:\/\/www.schramas.com\/fr\/wp-json\/wp\/v2\/product_tag?post=16430"}],"curies":[{"name":"wp","href":"https:\/\/api.w.org\/{rel}","templated":true}]}}