{"id":17023,"date":"2021-08-31T12:11:25","date_gmt":"2021-08-31T10:11:25","guid":{"rendered":"https:\/\/www.schramas.com\/?post_type=product&#038;p=17023"},"modified":"2026-03-26T16:34:34","modified_gmt":"2026-03-26T15:34:34","slug":"prunus-domestica-valor-prunier-pot-5l","status":"publish","type":"product","link":"https:\/\/www.schramas.com\/fr\/boutique\/prunus-domestica-valor-prunier-pot-5l\/","title":{"rendered":"Prunus domestica 'Valor' prunier, pot de 5 litres"},"content":{"rendered":"<p>Le <strong>Prunus domestica &#039;Valeur&#039;<\/strong> est un magnifique prunier fertile, appr\u00e9ci\u00e9 pour ses grosses prunes juteuses et savoureuses, \u00e0 la couleur bleu fonc\u00e9 intense et \u00e0 l&#039;ar\u00f4me merveilleusement sucr\u00e9. Cette vari\u00e9t\u00e9 relativement jeune, originaire du Canada, est id\u00e9ale pour les amateurs de prunes sucr\u00e9es fra\u00eechement cueillies \u00e0 la main et offre une r\u00e9colte abondante en fin de saison.<\/p>\n<h3>Caract\u00e9ristiques :<\/h3>\n<ul>\n<li><strong>Fruits<\/strong>: Les prunes &#039;Valor&#039; sont grosses et juteuses, avec une chair ferme, jaune orang\u00e9, particuli\u00e8rement savoureuse. Les riches heures d\u2019ensoleillement pendant la saison conf\u00e8rent \u00e0 ces prunes leur go\u00fbt sucr\u00e9 caract\u00e9ristique. Ils sont parfaits pour \u00eatre consomm\u00e9s frais de l&#039;arbre, mais conviennent \u00e9galement pour les confitures ou les p\u00e2tisseries.<\/li>\n<li><strong>P\u00e9riode de r\u00e9colte<\/strong>: Les prunes &#039;Valor&#039; peuvent \u00eatre cueillies dans la seconde quinzaine de septembre, lorsqu&#039;elles sont les plus sucr\u00e9es et les plus juteuses.<\/li>\n<li><strong>Pollinisation<\/strong>: Ce prunier n&#039;est pas autogame. Pour une bonne nouaison, une pollinisation crois\u00e9e avec un autre prunier dans un rayon de 10 m\u00e8tres est n\u00e9cessaire. Les bons pollinisateurs pour le &#039;Valor&#039; comprennent le Prunus &#039;Anna Spath&#039;, &#039;Early Prolific&#039;, &#039;Ontario&#039; et le &#039;Vroege Tolse&#039;.<\/li>\n<\/ul>\n<h3>Emplacement et entretien :<\/h3>\n<ul>\n<li><strong>Localisation<\/strong>: Le &#039;Valor&#039; pousse mieux dans un endroit ensoleill\u00e9 dans un sol bien drain\u00e9.<\/li>\n<li><strong>Soins<\/strong>: Il est conseill\u00e9 d&#039;arroser l&#039;arbre r\u00e9guli\u00e8rement, surtout en p\u00e9riode s\u00e8che, et de fertiliser l\u00e9g\u00e8rement le sol pour favoriser une croissance saine et un rendement fruitier optimal.<\/li>\n<li><strong>\u00c9lagage<\/strong>: La taille annuelle favorise une couronne ouverte et une meilleure luminosit\u00e9, ce qui am\u00e9liore la qualit\u00e9 des fruits.<\/li>\n<\/ul>","protected":false},"excerpt":{"rendered":"<p>Prunus domestica &#039;Valeur&#039;<\/p>\n<p>Go\u00fbt : doux<\/p>\n<p>Couleur du fruit : bleu<\/p>\n<p>Hauteur max : 4 \u00e0 6 m\u00e8tres en pleine terre et selon le type de porte-greffe<\/p>\n<p>Non autogame<\/p>\n<p>Hauteur de livraison : environ 90 cm<\/p>","protected":false},"featured_media":20377,"template":"","meta":{"_joinchat":[]},"product_brand":[],"product_cat":[262,233,33],"product_tag":[352,573,587,312,586,351,316,328],"class_list":{"0":"post-17023","1":"product","2":"type-product","3":"status-publish","4":"has-post-thumbnail","6":"product_cat-bomen-struiken","7":"product_cat-fruitbomen","8":"product_cat-pruimen","9":"product_tag-geent","10":"product_tag-pruim","11":"product_tag-rood","12":"product_tag-steenvrucht","13":"product_tag-victoria","14":"product_tag-winterhard","15":"product_tag-zelfbestuivend","16":"product_tag-zoet","17":"pa_bloeimaanden-april","18":"pa_bloeimaanden-mei","19":"pa_groeihoogte-300-cm","20":"pa_pot-naaktwortelig","22":"first","23":"outofstock","24":"taxable","25":"shipping-taxable","26":"purchasable","27":"product-type-simple"},"yoast_head":"<!-- This site is optimized with the Yoast SEO plugin v24.2 - https:\/\/yoast.com\/wordpress\/plugins\/seo\/ -->\n<title>Prunus domestica &#039;Valor&#039; pruimenboom, 5 liter pot kopen | Planten eenvoudig online bestellen | Schramas.com<\/title>\n<meta name=\"robots\" content=\"index, follow, max-snippet:-1, max-image-preview:large, max-video-preview:-1\" \/>\n<link rel=\"canonical\" href=\"https:\/\/www.schramas.com\/fr\/boutique\/prunus-domestica-valor-prunier-pot-5l\/\" \/>\n<meta property=\"og:locale\" content=\"fr_FR\" \/>\n<meta property=\"og:type\" content=\"article\" \/>\n<meta property=\"og:title\" content=\"Prunus domestica &#039;Valor&#039; pruimenboom, 5 liter pot kopen | Planten eenvoudig online bestellen | Schramas.com\" \/>\n<meta property=\"og:description\" content=\"Prunus domestica &#039;Valor&#039;  Smaak: zoet  Kleur vrucht: blauw  Hoogte max:4-6 meter in de volle grond en afhankelijk van het type onderstam  Niet zelfbestuivend  Leverhoogte : circa 90 cm\" \/>\n<meta property=\"og:url\" content=\"https:\/\/www.schramas.com\/fr\/boutique\/prunus-domestica-valor-prunier-pot-5l\/\" \/>\n<meta property=\"og:site_name\" content=\"Planten eenvoudig online bestellen | Schramas.com\" \/>\n<meta property=\"article:publisher\" content=\"https:\/\/www.facebook.com\/Schramascom-106872874153195\/\" \/>\n<meta property=\"article:modified_time\" content=\"2026-03-26T15:34:34+00:00\" \/>\n<meta property=\"og:image\" content=\"https:\/\/www.schramas.com\/wp-content\/uploads\/2021\/08\/Valor-sfeer.jpg\" \/>\n\t<meta property=\"og:image:width\" content=\"1200\" \/>\n\t<meta property=\"og:image:height\" content=\"1200\" \/>\n\t<meta property=\"og:image:type\" content=\"image\/jpeg\" \/>\n<meta name=\"twitter:card\" content=\"summary_large_image\" \/>\n<meta name=\"twitter:label1\" content=\"Dur\u00e9e de lecture estim\u00e9e\" \/>\n\t<meta name=\"twitter:data1\" content=\"1 minute\" \/>\n<script type=\"application\/ld+json\" class=\"yoast-schema-graph\">{\"@context\":\"https:\/\/schema.org\",\"@graph\":[{\"@type\":[\"WebPage\",\"ItemPage\"],\"@id\":\"https:\/\/www.schramas.com\/de\/shop\/prunus-domestica-valor-pflaumenbaum-5l-topf\/\",\"url\":\"https:\/\/www.schramas.com\/de\/shop\/prunus-domestica-valor-pflaumenbaum-5l-topf\/\",\"name\":\"Prunus domestica 'Valor' pruimenboom, 5 liter pot kopen | Planten eenvoudig online bestellen | Schramas.com\",\"isPartOf\":{\"@id\":\"https:\/\/www.schramas.com\/#website\"},\"primaryImageOfPage\":{\"@id\":\"https:\/\/www.schramas.com\/de\/shop\/prunus-domestica-valor-pflaumenbaum-5l-topf\/#primaryimage\"},\"image\":{\"@id\":\"https:\/\/www.schramas.com\/de\/shop\/prunus-domestica-valor-pflaumenbaum-5l-topf\/#primaryimage\"},\"thumbnailUrl\":\"https:\/\/www.schramas.com\/wp-content\/uploads\/2021\/08\/Valor-sfeer.jpg\",\"datePublished\":\"2021-08-31T10:11:25+00:00\",\"dateModified\":\"2026-03-26T15:34:34+00:00\",\"breadcrumb\":{\"@id\":\"https:\/\/www.schramas.com\/de\/shop\/prunus-domestica-valor-pflaumenbaum-5l-topf\/#breadcrumb\"},\"inLanguage\":\"fr-FR\",\"potentialAction\":[{\"@type\":\"ReadAction\",\"target\":[\"https:\/\/www.schramas.com\/de\/shop\/prunus-domestica-valor-pflaumenbaum-5l-topf\/\"]}]},{\"@type\":\"ImageObject\",\"inLanguage\":\"fr-FR\",\"@id\":\"https:\/\/www.schramas.com\/de\/shop\/prunus-domestica-valor-pflaumenbaum-5l-topf\/#primaryimage\",\"url\":\"https:\/\/www.schramas.com\/wp-content\/uploads\/2021\/08\/Valor-sfeer.jpg\",\"contentUrl\":\"https:\/\/www.schramas.com\/wp-content\/uploads\/2021\/08\/Valor-sfeer.jpg\",\"width\":1200,\"height\":1200},{\"@type\":\"BreadcrumbList\",\"@id\":\"https:\/\/www.schramas.com\/de\/shop\/prunus-domestica-valor-pflaumenbaum-5l-topf\/#breadcrumb\",\"itemListElement\":[{\"@type\":\"ListItem\",\"position\":1,\"name\":\"Product\",\"item\":\"https:\/\/www.schramas.com\/assortiment\/\"},{\"@type\":\"ListItem\",\"position\":2,\"name\":\"Bomen &amp; Struiken\",\"item\":\"https:\/\/www.schramas.com\/product-category\/bomen-struiken\/\"},{\"@type\":\"ListItem\",\"position\":3,\"name\":\"Fruitbomen\",\"item\":\"https:\/\/www.schramas.com\/product-category\/bomen-struiken\/fruitbomen\/\"},{\"@type\":\"ListItem\",\"position\":4,\"name\":\"Pruimen\",\"item\":\"https:\/\/www.schramas.com\/product-category\/bomen-struiken\/fruitbomen\/pruimen\/\"},{\"@type\":\"ListItem\",\"position\":5,\"name\":\"Prunus domestica &#8216;Valor&#8217; pruimenboom, 5 liter pot\"}]},{\"@type\":\"WebSite\",\"@id\":\"https:\/\/www.schramas.com\/#website\",\"url\":\"https:\/\/www.schramas.com\/\",\"name\":\"Schramas.com | Tuinplanten eenvoudig online bestellen | Direct van onze Kwekerij\",\"description\":\"\",\"alternateName\":\"Schramas.com - Alle planten direct van de kweker\",\"potentialAction\":[{\"@type\":\"SearchAction\",\"target\":{\"@type\":\"EntryPoint\",\"urlTemplate\":\"https:\/\/www.schramas.com\/?s={search_term_string}\"},\"query-input\":{\"@type\":\"PropertyValueSpecification\",\"valueRequired\":true,\"valueName\":\"search_term_string\"}}],\"inLanguage\":\"fr-FR\"}]}<\/script>\n<!-- \/ Yoast SEO plugin. -->","yoast_head_json":{"title":"Achetez Prunus domestica &#039;Valor&#039; prunier, pot de 5 litres | Commandez facilement des plantes en ligne | Schramas.com","robots":{"index":"index","follow":"follow","max-snippet":"max-snippet:-1","max-image-preview":"max-image-preview:large","max-video-preview":"max-video-preview:-1"},"canonical":"https:\/\/www.schramas.com\/fr\/boutique\/prunus-domestica-valor-prunier-pot-5l\/","og_locale":"fr_FR","og_type":"article","og_title":"Prunus domestica 'Valor' pruimenboom, 5 liter pot kopen | Planten eenvoudig online bestellen | Schramas.com","og_description":"Prunus domestica 'Valor'  Smaak: zoet  Kleur vrucht: blauw  Hoogte max:4-6 meter in de volle grond en afhankelijk van het type onderstam  Niet zelfbestuivend  Leverhoogte : circa 90 cm","og_url":"https:\/\/www.schramas.com\/fr\/boutique\/prunus-domestica-valor-prunier-pot-5l\/","og_site_name":"Planten eenvoudig online bestellen | Schramas.com","article_publisher":"https:\/\/www.facebook.com\/Schramascom-106872874153195\/","article_modified_time":"2026-03-26T15:34:34+00:00","og_image":[{"width":1200,"height":1200,"url":"https:\/\/www.schramas.com\/wp-content\/uploads\/2021\/08\/Valor-sfeer.jpg","type":"image\/jpeg"}],"twitter_card":"summary_large_image","twitter_misc":{"Dur\u00e9e de lecture estim\u00e9e":"1 minute"},"schema":{"@context":"https:\/\/schema.org","@graph":[{"@type":["WebPage","ItemPage"],"@id":"https:\/\/www.schramas.com\/de\/shop\/prunus-domestica-valor-pflaumenbaum-5l-topf\/","url":"https:\/\/www.schramas.com\/de\/shop\/prunus-domestica-valor-pflaumenbaum-5l-topf\/","name":"Achetez Prunus domestica &#039;Valor&#039; prunier, pot de 5 litres | Commandez facilement des plantes en ligne | Schramas.com","isPartOf":{"@id":"https:\/\/www.schramas.com\/#website"},"primaryImageOfPage":{"@id":"https:\/\/www.schramas.com\/de\/shop\/prunus-domestica-valor-pflaumenbaum-5l-topf\/#primaryimage"},"image":{"@id":"https:\/\/www.schramas.com\/de\/shop\/prunus-domestica-valor-pflaumenbaum-5l-topf\/#primaryimage"},"thumbnailUrl":"https:\/\/www.schramas.com\/wp-content\/uploads\/2021\/08\/Valor-sfeer.jpg","datePublished":"2021-08-31T10:11:25+00:00","dateModified":"2026-03-26T15:34:34+00:00","breadcrumb":{"@id":"https:\/\/www.schramas.com\/de\/shop\/prunus-domestica-valor-pflaumenbaum-5l-topf\/#breadcrumb"},"inLanguage":"fr-FR","potentialAction":[{"@type":"ReadAction","target":["https:\/\/www.schramas.com\/de\/shop\/prunus-domestica-valor-pflaumenbaum-5l-topf\/"]}]},{"@type":"ImageObject","inLanguage":"fr-FR","@id":"https:\/\/www.schramas.com\/de\/shop\/prunus-domestica-valor-pflaumenbaum-5l-topf\/#primaryimage","url":"https:\/\/www.schramas.com\/wp-content\/uploads\/2021\/08\/Valor-sfeer.jpg","contentUrl":"https:\/\/www.schramas.com\/wp-content\/uploads\/2021\/08\/Valor-sfeer.jpg","width":1200,"height":1200},{"@type":"BreadcrumbList","@id":"https:\/\/www.schramas.com\/de\/shop\/prunus-domestica-valor-pflaumenbaum-5l-topf\/#breadcrumb","itemListElement":[{"@type":"ListItem","position":1,"name":"Product","item":"https:\/\/www.schramas.com\/assortiment\/"},{"@type":"ListItem","position":2,"name":"Bomen &amp; Struiken","item":"https:\/\/www.schramas.com\/product-category\/bomen-struiken\/"},{"@type":"ListItem","position":3,"name":"Fruitbomen","item":"https:\/\/www.schramas.com\/product-category\/bomen-struiken\/fruitbomen\/"},{"@type":"ListItem","position":4,"name":"Pruimen","item":"https:\/\/www.schramas.com\/product-category\/bomen-struiken\/fruitbomen\/pruimen\/"},{"@type":"ListItem","position":5,"name":"Prunus domestica &#8216;Valor&#8217; pruimenboom, 5 liter pot"}]},{"@type":"WebSite","@id":"https:\/\/www.schramas.com\/#website","url":"https:\/\/www.schramas.com\/","name":"Schramas.com | Plantes de jardin faciles \u00e0 commander en ligne | En direct de notre p\u00e9pini\u00e8re","description":"","alternateName":"Schramas.com - Alle planten direct van de kweker","potentialAction":[{"@type":"SearchAction","target":{"@type":"EntryPoint","urlTemplate":"https:\/\/www.schramas.com\/?s={search_term_string}"},"query-input":{"@type":"PropertyValueSpecification","valueRequired":true,"valueName":"search_term_string"}}],"inLanguage":"fr-FR"}]}},"_links":{"self":[{"href":"https:\/\/www.schramas.com\/fr\/wp-json\/wp\/v2\/product\/17023","targetHints":{"allow":["GET"]}}],"collection":[{"href":"https:\/\/www.schramas.com\/fr\/wp-json\/wp\/v2\/product"}],"about":[{"href":"https:\/\/www.schramas.com\/fr\/wp-json\/wp\/v2\/types\/product"}],"version-history":[{"count":2,"href":"https:\/\/www.schramas.com\/fr\/wp-json\/wp\/v2\/product\/17023\/revisions"}],"predecessor-version":[{"id":44760,"href":"https:\/\/www.schramas.com\/fr\/wp-json\/wp\/v2\/product\/17023\/revisions\/44760"}],"wp:featuredmedia":[{"embeddable":true,"href":"https:\/\/www.schramas.com\/fr\/wp-json\/wp\/v2\/media\/20377"}],"wp:attachment":[{"href":"https:\/\/www.schramas.com\/fr\/wp-json\/wp\/v2\/media?parent=17023"}],"wp:term":[{"taxonomy":"product_brand","embeddable":true,"href":"https:\/\/www.schramas.com\/fr\/wp-json\/wp\/v2\/product_brand?post=17023"},{"taxonomy":"product_cat","embeddable":true,"href":"https:\/\/www.schramas.com\/fr\/wp-json\/wp\/v2\/product_cat?post=17023"},{"taxonomy":"product_tag","embeddable":true,"href":"https:\/\/www.schramas.com\/fr\/wp-json\/wp\/v2\/product_tag?post=17023"}],"curies":[{"name":"wp","href":"https:\/\/api.w.org\/{rel}","templated":true}]}}